{"id":110002,"date":"2024-10-09T09:04:16","date_gmt":"2024-10-09T09:04:16","guid":{"rendered":"https:\/\/madame-sensuelle.paris\/product\/robe-longue-luna-en-soie-a-fente-et-dos-nu\/"},"modified":"2026-04-18T09:12:30","modified_gmt":"2026-04-18T09:12:30","slug":"robe-longue-luna-en-soie-a-fente-et-dos-nu","status":"publish","type":"product","link":"https:\/\/madame-sensuelle.paris\/fr\/product\/robe-longue-luna-en-soie-a-fente-et-dos-nu\/","title":{"rendered":"Robe longue Luna en soie \u00e0 fente et dos nu"},"content":{"rendered":"<p data-start=\"157\" data-end=\"409\">\u00c9blouissante et d\u00e9licate, la <strong data-start=\"186\" data-end=\"206\">Robe longue Luna<\/strong> incarne l\u2019allure sophistiqu\u00e9e avec une touche de sensualit\u00e9. Confectionn\u00e9e en <strong data-start=\"285\" data-end=\"302\">soie luxueuse<\/strong>, elle glisse sur la peau avec une fluidit\u00e9 exquise, sublimant chaque mouvement d\u2019une \u00e9l\u00e9gance naturelle.<\/p>\n<p data-start=\"411\" data-end=\"666\">Son <strong data-start=\"415\" data-end=\"437\">dos nu vertigineux<\/strong> d\u00e9voile la silhouette avec audace et raffinement, apportant une touche envo\u00fbtante \u00e0 cette pi\u00e8ce d\u2019exception. La <strong data-start=\"550\" data-end=\"578\">fente subtilement plac\u00e9e<\/strong> allonge la jambe et conf\u00e8re \u00e0 la robe un \u00e9quilibre parfait entre sensualit\u00e9 et gr\u00e2ce.<\/p>\n<p data-start=\"668\" data-end=\"958\">Parfaite pour une <strong data-start=\"686\" data-end=\"753\">soir\u00e9e de gala, un d\u00eener romantique ou un \u00e9v\u00e9nement prestigieux<\/strong>, la <strong data-start=\"758\" data-end=\"771\">Robe Luna<\/strong> est un v\u00e9ritable hommage au glamour intemporel. Son design \u00e9pur\u00e9 et sa coupe fluide mettent en valeur toutes les morphologies, soulignant la silhouette avec l\u00e9g\u00e8ret\u00e9 et sophistication.<\/p>\n<p data-start=\"960\" data-end=\"1060\">Disponible en plusieurs tailles, cette robe est une invitation \u00e0 briller, \u00e0 s\u00e9duire et \u00e0 captiver.<\/p>\n<p data-start=\"1062\" data-end=\"1168\">Osez le charme absolu de la <strong data-start=\"1090\" data-end=\"1103\">Robe Luna<\/strong>, o\u00f9 chaque d\u00e9tail c\u00e9l\u00e8bre la f\u00e9minit\u00e9 dans toute sa splendeur.<\/p>\n","protected":false},"excerpt":{"rendered":"<p>\u00c9blouissante et d\u00e9licate, la Robe longue Luna incarne l\u2019allure sophistiqu\u00e9e avec une touche de sensualit\u00e9. Confectionn\u00e9e en soie luxueuse, elle glisse sur la peau avec une fluidit\u00e9 exquise, sublimant chaque mouvement d\u2019une \u00e9l\u00e9gance naturelle. Son dos nu vertigineux d\u00e9voile la silhouette avec audace et raffinement, apportant une touche envo\u00fbtante \u00e0 cette pi\u00e8ce d\u2019exception. La fente<\/p>\n","protected":false},"featured_media":109989,"template":"","meta":[],"pwb-brand":[],"product_brand":[],"product_cat":[1239,1235],"product_tag":[],"giftcard-category":[],"class_list":{"0":"post-110002","1":"product","2":"type-product","3":"status-publish","4":"has-post-thumbnail","6":"product_cat-longewear","7":"product_cat-robes-sexy","9":"first","10":"instock","11":"taxable","12":"shipping-taxable","13":"purchasable","14":"product-type-variable","15":"has-default-attributes"},"yoast_head":"<!-- This site is optimized with the Yoast SEO plugin v27.4 - https:\/\/yoast.com\/product\/yoast-seo-wordpress\/ -->\n<title>Robe longue Luna en soie \u00e0 fente et dos nu \u2013 - Madame Sensuelle<\/title>\n<meta name=\"description\" content=\"Le mod\u00e8le Robe longue Luna en soie \u00e0 fente et dos nu sign\u00e9 , \u00e0 d\u00e9couvrir chez Madame Sensuelle. Essayage VIP disponible.\" \/>\n<meta name=\"robots\" content=\"index, follow, max-snippet:-1, max-image-preview:large, max-video-preview:-1\" \/>\n<link rel=\"canonical\" href=\"https:\/\/madame-sensuelle.paris\/fr\/product\/robe-longue-luna-en-soie-a-fente-et-dos-nu\/\" \/>\n<meta property=\"og:locale\" content=\"fr_FR\" \/>\n<meta property=\"og:type\" content=\"article\" \/>\n<meta property=\"og:title\" content=\"Robe longue Luna en soie \u00e0 fente et dos nu \u2013 - Madame Sensuelle\" \/>\n<meta property=\"og:description\" content=\"Le mod\u00e8le Robe longue Luna en soie \u00e0 fente et dos nu sign\u00e9 , \u00e0 d\u00e9couvrir chez Madame Sensuelle. Essayage VIP disponible.\" \/>\n<meta property=\"og:url\" content=\"https:\/\/madame-sensuelle.paris\/fr\/product\/robe-longue-luna-en-soie-a-fente-et-dos-nu\/\" \/>\n<meta property=\"og:site_name\" content=\"Madame Sensuelle\" \/>\n<meta property=\"article:publisher\" content=\"https:\/\/www.facebook.com\/madamesensuelle\" \/>\n<meta property=\"article:modified_time\" content=\"2026-04-18T09:12:30+00:00\" \/>\n<meta property=\"og:image\" content=\"http:\/\/madame-sensuelle.paris\/wp-content\/uploads\/2024\/10\/XSHD1TJ6974.jpg\" \/>\n\t<meta property=\"og:image:width\" content=\"1200\" \/>\n\t<meta property=\"og:image:height\" content=\"1799\" \/>\n\t<meta property=\"og:image:type\" content=\"image\/jpeg\" \/>\n<meta name=\"twitter:card\" content=\"summary_large_image\" \/>\n<meta name=\"twitter:label1\" content=\"Dur\u00e9e de lecture estim\u00e9e\" \/>\n\t<meta name=\"twitter:data1\" content=\"2 minutes\" \/>\n<script type=\"application\/ld+json\" class=\"yoast-schema-graph\">{\"@context\":\"https:\\\/\\\/schema.org\",\"@graph\":[{\"@type\":\"WebPage\",\"@id\":\"https:\\\/\\\/madame-sensuelle.paris\\\/fr\\\/product\\\/robe-longue-luna-en-soie-a-fente-et-dos-nu\\\/\",\"url\":\"https:\\\/\\\/madame-sensuelle.paris\\\/fr\\\/product\\\/robe-longue-luna-en-soie-a-fente-et-dos-nu\\\/\",\"name\":\"Robe longue Luna en soie \u00e0 fente et dos nu \u2013 - Madame Sensuelle\",\"isPartOf\":{\"@id\":\"https:\\\/\\\/madame-sensuelle.paris\\\/fr\\\/#website\"},\"primaryImageOfPage\":{\"@id\":\"https:\\\/\\\/madame-sensuelle.paris\\\/fr\\\/product\\\/robe-longue-luna-en-soie-a-fente-et-dos-nu\\\/#primaryimage\"},\"image\":{\"@id\":\"https:\\\/\\\/madame-sensuelle.paris\\\/fr\\\/product\\\/robe-longue-luna-en-soie-a-fente-et-dos-nu\\\/#primaryimage\"},\"thumbnailUrl\":\"https:\\\/\\\/madame-sensuelle.paris\\\/wp-content\\\/uploads\\\/2024\\\/10\\\/XSHD1TJ6974.jpg\",\"datePublished\":\"2024-10-09T09:04:16+00:00\",\"dateModified\":\"2026-04-18T09:12:30+00:00\",\"description\":\"Le mod\u00e8le Robe longue Luna en soie \u00e0 fente et dos nu sign\u00e9 , \u00e0 d\u00e9couvrir chez Madame Sensuelle. Essayage VIP disponible.\",\"breadcrumb\":{\"@id\":\"https:\\\/\\\/madame-sensuelle.paris\\\/fr\\\/product\\\/robe-longue-luna-en-soie-a-fente-et-dos-nu\\\/#breadcrumb\"},\"inLanguage\":\"fr-FR\",\"potentialAction\":[{\"@type\":\"ReadAction\",\"target\":[\"https:\\\/\\\/madame-sensuelle.paris\\\/fr\\\/product\\\/robe-longue-luna-en-soie-a-fente-et-dos-nu\\\/\"]}]},{\"@type\":\"ImageObject\",\"inLanguage\":\"fr-FR\",\"@id\":\"https:\\\/\\\/madame-sensuelle.paris\\\/fr\\\/product\\\/robe-longue-luna-en-soie-a-fente-et-dos-nu\\\/#primaryimage\",\"url\":\"https:\\\/\\\/madame-sensuelle.paris\\\/wp-content\\\/uploads\\\/2024\\\/10\\\/XSHD1TJ6974.jpg\",\"contentUrl\":\"https:\\\/\\\/madame-sensuelle.paris\\\/wp-content\\\/uploads\\\/2024\\\/10\\\/XSHD1TJ6974.jpg\",\"width\":1200,\"height\":1799},{\"@type\":\"BreadcrumbList\",\"@id\":\"https:\\\/\\\/madame-sensuelle.paris\\\/fr\\\/product\\\/robe-longue-luna-en-soie-a-fente-et-dos-nu\\\/#breadcrumb\",\"itemListElement\":[{\"@type\":\"ListItem\",\"position\":1,\"name\":\"Acceuil\",\"item\":\"https:\\\/\\\/madame-sensuelle.paris\\\/fr\\\/\"},{\"@type\":\"ListItem\",\"position\":2,\"name\":\"Catalogue\",\"item\":\"https:\\\/\\\/madame-sensuelle.paris\\\/fr\\\/catalogue\\\/\"},{\"@type\":\"ListItem\",\"position\":3,\"name\":\"Robe longue Luna en soie \u00e0 fente et dos nu\"}]},{\"@type\":\"WebSite\",\"@id\":\"https:\\\/\\\/madame-sensuelle.paris\\\/fr\\\/#website\",\"url\":\"https:\\\/\\\/madame-sensuelle.paris\\\/fr\\\/\",\"name\":\"MADAME SENSUELLE\",\"description\":\"MADAME SENSUELLE: Found the biggest exciting brands of chic &amp; SEXY LINGERIE in Paris Boutique and on the WEB: Aubade, Dita Von Teese, Maison Close, Marjolaine, Bluebella, Atelier Amour, Luxxa, Catanzaro, Gracija Rim. You will found the big pleasure of sexy belt or bra make for you\",\"publisher\":{\"@id\":\"https:\\\/\\\/madame-sensuelle.paris\\\/fr\\\/#organization\"},\"potentialAction\":[{\"@type\":\"SearchAction\",\"target\":{\"@type\":\"EntryPoint\",\"urlTemplate\":\"https:\\\/\\\/madame-sensuelle.paris\\\/fr\\\/?s={search_term_string}\"},\"query-input\":{\"@type\":\"PropertyValueSpecification\",\"valueRequired\":true,\"valueName\":\"search_term_string\"}}],\"inLanguage\":\"fr-FR\"},{\"@type\":\"Organization\",\"@id\":\"https:\\\/\\\/madame-sensuelle.paris\\\/fr\\\/#organization\",\"name\":\"Madame Sensuelle\",\"url\":\"https:\\\/\\\/madame-sensuelle.paris\\\/fr\\\/\",\"logo\":{\"@type\":\"ImageObject\",\"inLanguage\":\"fr-FR\",\"@id\":\"https:\\\/\\\/madame-sensuelle.paris\\\/fr\\\/#\\\/schema\\\/logo\\\/image\\\/\",\"url\":\"https:\\\/\\\/madame-sensuelle.paris\\\/wp-content\\\/uploads\\\/2024\\\/12\\\/logo_a-1-1_696.webp\",\"contentUrl\":\"https:\\\/\\\/madame-sensuelle.paris\\\/wp-content\\\/uploads\\\/2024\\\/12\\\/logo_a-1-1_696.webp\",\"width\":696,\"height\":696,\"caption\":\"Madame Sensuelle\"},\"image\":{\"@id\":\"https:\\\/\\\/madame-sensuelle.paris\\\/fr\\\/#\\\/schema\\\/logo\\\/image\\\/\"},\"sameAs\":[\"https:\\\/\\\/www.facebook.com\\\/madamesensuelle\",\"https:\\\/\\\/www.instagram.com\\\/madame_sensuelle\\\/\"]}]}<\/script>\n<!-- \/ Yoast SEO plugin. -->","yoast_head_json":{"title":"Robe longue Luna en soie \u00e0 fente et dos nu \u2013 - Madame Sensuelle","description":"Le mod\u00e8le Robe longue Luna en soie \u00e0 fente et dos nu sign\u00e9 , \u00e0 d\u00e9couvrir chez Madame Sensuelle. Essayage VIP disponible.","robots":{"index":"index","follow":"follow","max-snippet":"max-snippet:-1","max-image-preview":"max-image-preview:large","max-video-preview":"max-video-preview:-1"},"canonical":"https:\/\/madame-sensuelle.paris\/fr\/product\/robe-longue-luna-en-soie-a-fente-et-dos-nu\/","og_locale":"fr_FR","og_type":"article","og_title":"Robe longue Luna en soie \u00e0 fente et dos nu \u2013 - Madame Sensuelle","og_description":"Le mod\u00e8le Robe longue Luna en soie \u00e0 fente et dos nu sign\u00e9 , \u00e0 d\u00e9couvrir chez Madame Sensuelle. Essayage VIP disponible.","og_url":"https:\/\/madame-sensuelle.paris\/fr\/product\/robe-longue-luna-en-soie-a-fente-et-dos-nu\/","og_site_name":"Madame Sensuelle","article_publisher":"https:\/\/www.facebook.com\/madamesensuelle","article_modified_time":"2026-04-18T09:12:30+00:00","og_image":[{"width":1200,"height":1799,"url":"http:\/\/madame-sensuelle.paris\/wp-content\/uploads\/2024\/10\/XSHD1TJ6974.jpg","type":"image\/jpeg"}],"twitter_card":"summary_large_image","twitter_misc":{"Dur\u00e9e de lecture estim\u00e9e":"2 minutes"},"schema":{"@context":"https:\/\/schema.org","@graph":[{"@type":"WebPage","@id":"https:\/\/madame-sensuelle.paris\/fr\/product\/robe-longue-luna-en-soie-a-fente-et-dos-nu\/","url":"https:\/\/madame-sensuelle.paris\/fr\/product\/robe-longue-luna-en-soie-a-fente-et-dos-nu\/","name":"Robe longue Luna en soie \u00e0 fente et dos nu \u2013 - Madame Sensuelle","isPartOf":{"@id":"https:\/\/madame-sensuelle.paris\/fr\/#website"},"primaryImageOfPage":{"@id":"https:\/\/madame-sensuelle.paris\/fr\/product\/robe-longue-luna-en-soie-a-fente-et-dos-nu\/#primaryimage"},"image":{"@id":"https:\/\/madame-sensuelle.paris\/fr\/product\/robe-longue-luna-en-soie-a-fente-et-dos-nu\/#primaryimage"},"thumbnailUrl":"https:\/\/madame-sensuelle.paris\/wp-content\/uploads\/2024\/10\/XSHD1TJ6974.jpg","datePublished":"2024-10-09T09:04:16+00:00","dateModified":"2026-04-18T09:12:30+00:00","description":"Le mod\u00e8le Robe longue Luna en soie \u00e0 fente et dos nu sign\u00e9 , \u00e0 d\u00e9couvrir chez Madame Sensuelle. Essayage VIP disponible.","breadcrumb":{"@id":"https:\/\/madame-sensuelle.paris\/fr\/product\/robe-longue-luna-en-soie-a-fente-et-dos-nu\/#breadcrumb"},"inLanguage":"fr-FR","potentialAction":[{"@type":"ReadAction","target":["https:\/\/madame-sensuelle.paris\/fr\/product\/robe-longue-luna-en-soie-a-fente-et-dos-nu\/"]}]},{"@type":"ImageObject","inLanguage":"fr-FR","@id":"https:\/\/madame-sensuelle.paris\/fr\/product\/robe-longue-luna-en-soie-a-fente-et-dos-nu\/#primaryimage","url":"https:\/\/madame-sensuelle.paris\/wp-content\/uploads\/2024\/10\/XSHD1TJ6974.jpg","contentUrl":"https:\/\/madame-sensuelle.paris\/wp-content\/uploads\/2024\/10\/XSHD1TJ6974.jpg","width":1200,"height":1799},{"@type":"BreadcrumbList","@id":"https:\/\/madame-sensuelle.paris\/fr\/product\/robe-longue-luna-en-soie-a-fente-et-dos-nu\/#breadcrumb","itemListElement":[{"@type":"ListItem","position":1,"name":"Acceuil","item":"https:\/\/madame-sensuelle.paris\/fr\/"},{"@type":"ListItem","position":2,"name":"Catalogue","item":"https:\/\/madame-sensuelle.paris\/fr\/catalogue\/"},{"@type":"ListItem","position":3,"name":"Robe longue Luna en soie \u00e0 fente et dos nu"}]},{"@type":"WebSite","@id":"https:\/\/madame-sensuelle.paris\/fr\/#website","url":"https:\/\/madame-sensuelle.paris\/fr\/","name":"MADAME SENSUELLE","description":"MADAME SENSUELLE: Found the biggest exciting brands of chic &amp; SEXY LINGERIE in Paris Boutique and on the WEB: Aubade, Dita Von Teese, Maison Close, Marjolaine, Bluebella, Atelier Amour, Luxxa, Catanzaro, Gracija Rim. You will found the big pleasure of sexy belt or bra make for you","publisher":{"@id":"https:\/\/madame-sensuelle.paris\/fr\/#organization"},"potentialAction":[{"@type":"SearchAction","target":{"@type":"EntryPoint","urlTemplate":"https:\/\/madame-sensuelle.paris\/fr\/?s={search_term_string}"},"query-input":{"@type":"PropertyValueSpecification","valueRequired":true,"valueName":"search_term_string"}}],"inLanguage":"fr-FR"},{"@type":"Organization","@id":"https:\/\/madame-sensuelle.paris\/fr\/#organization","name":"Madame Sensuelle","url":"https:\/\/madame-sensuelle.paris\/fr\/","logo":{"@type":"ImageObject","inLanguage":"fr-FR","@id":"https:\/\/madame-sensuelle.paris\/fr\/#\/schema\/logo\/image\/","url":"https:\/\/madame-sensuelle.paris\/wp-content\/uploads\/2024\/12\/logo_a-1-1_696.webp","contentUrl":"https:\/\/madame-sensuelle.paris\/wp-content\/uploads\/2024\/12\/logo_a-1-1_696.webp","width":696,"height":696,"caption":"Madame Sensuelle"},"image":{"@id":"https:\/\/madame-sensuelle.paris\/fr\/#\/schema\/logo\/image\/"},"sameAs":["https:\/\/www.facebook.com\/madamesensuelle","https:\/\/www.instagram.com\/madame_sensuelle\/"]}]}},"brands":[],"_links":{"self":[{"href":"https:\/\/madame-sensuelle.paris\/fr\/wp-json\/wp\/v2\/product\/110002","targetHints":{"allow":["GET"]}}],"collection":[{"href":"https:\/\/madame-sensuelle.paris\/fr\/wp-json\/wp\/v2\/product"}],"about":[{"href":"https:\/\/madame-sensuelle.paris\/fr\/wp-json\/wp\/v2\/types\/product"}],"version-history":[{"count":1,"href":"https:\/\/madame-sensuelle.paris\/fr\/wp-json\/wp\/v2\/product\/110002\/revisions"}],"predecessor-version":[{"id":116835,"href":"https:\/\/madame-sensuelle.paris\/fr\/wp-json\/wp\/v2\/product\/110002\/revisions\/116835"}],"wp:featuredmedia":[{"embeddable":true,"href":"https:\/\/madame-sensuelle.paris\/fr\/wp-json\/wp\/v2\/media\/109989"}],"wp:attachment":[{"href":"https:\/\/madame-sensuelle.paris\/fr\/wp-json\/wp\/v2\/media?parent=110002"}],"wp:term":[{"taxonomy":"pwb-brand","embeddable":true,"href":"https:\/\/madame-sensuelle.paris\/fr\/wp-json\/wp\/v2\/pwb-brand?post=110002"},{"taxonomy":"product_brand","embeddable":true,"href":"https:\/\/madame-sensuelle.paris\/fr\/wp-json\/wp\/v2\/product_brand?post=110002"},{"taxonomy":"product_cat","embeddable":true,"href":"https:\/\/madame-sensuelle.paris\/fr\/wp-json\/wp\/v2\/product_cat?post=110002"},{"taxonomy":"product_tag","embeddable":true,"href":"https:\/\/madame-sensuelle.paris\/fr\/wp-json\/wp\/v2\/product_tag?post=110002"},{"taxonomy":"giftcard-category","embeddable":true,"href":"https:\/\/madame-sensuelle.paris\/fr\/wp-json\/wp\/v2\/giftcard-category?post=110002"}],"curies":[{"name":"wp","href":"https:\/\/api.w.org\/{rel}","templated":true}]}}