{"id":110990,"date":"2024-10-25T11:47:22","date_gmt":"2024-10-25T11:47:22","guid":{"rendered":"https:\/\/madame-sensuelle.paris\/product\/robe-midi-flashback-en-dentelle-sans-manches\/"},"modified":"2026-03-29T14:03:46","modified_gmt":"2026-03-29T14:03:46","slug":"robe-midi-flashback-en-dentelle-sans-manches","status":"publish","type":"product","link":"https:\/\/madame-sensuelle.paris\/fr\/product\/robe-midi-flashback-en-dentelle-sans-manches\/","title":{"rendered":"Robe midi Flashback en dentelle sans manches"},"content":{"rendered":"<p>\u00c9l\u00e9gante et envo\u00fbtante, la robe midi Flashback sublime la silhouette avec sa dentelle d\u00e9licate et son design sans manches. Sa coupe raffin\u00e9e joue sur la transparence et les textures pour un \u00e9quilibre parfait entre sensualit\u00e9 et sophistication. Une pi\u00e8ce intemporelle qui allie charme et caract\u00e8re avec une allure irr\u00e9sistible.<\/p>\n","protected":false},"excerpt":{"rendered":"<p>Robe midi Flashback en dentelle sans manches<\/p>\n","protected":false},"featured_media":110980,"template":"","meta":[],"pwb-brand":[2776],"product_brand":[],"product_cat":[1239,1235,3367],"product_tag":[],"giftcard-category":[],"class_list":{"0":"post-110990","1":"product","2":"type-product","3":"status-publish","4":"has-post-thumbnail","6":"pwb-brand-maison-close","7":"product_cat-longewear","8":"product_cat-robes-sexy","9":"product_cat-show-main","10":"pa_collection-flashback","12":"first","13":"instock","14":"taxable","15":"shipping-taxable","16":"purchasable","17":"product-type-variable","18":"has-default-attributes"},"yoast_head":"<!-- This site is optimized with the Yoast SEO plugin v27.3 - https:\/\/yoast.com\/product\/yoast-seo-wordpress\/ -->\n<title>Robe midi Flashback en dentelle sans manches \u2013 MAISON CLOSE - Madame Sensuelle<\/title>\n<meta name=\"description\" content=\"cliquer pour visionner l&#039;article : Robe midi Flashback en dentelle sans manches \u00c9l\u00e9gante et envo\u00fbtante, la robe midi Flashback sublime la silhouette avec sa dentelle d\u00e9licate et son design sans manches. Sa coupe raffin\u00e9e joue sur la transparence et les textures pour un \u00e9quilibre parfait entre sensualit\u00e9 et sophistication. Une pi\u00e8ce intemporelle qui allie charme et caract\u00e8re avec une allure irr\u00e9sistible.\" \/>\n<meta name=\"robots\" content=\"index, follow, max-snippet:-1, max-image-preview:large, max-video-preview:-1\" \/>\n<link rel=\"canonical\" href=\"https:\/\/madame-sensuelle.paris\/fr\/product\/robe-midi-flashback-en-dentelle-sans-manches\/\" \/>\n<meta property=\"og:locale\" content=\"fr_FR\" \/>\n<meta property=\"og:type\" content=\"article\" \/>\n<meta property=\"og:title\" content=\"Robe midi Flashback en dentelle sans manches \u2013 MAISON CLOSE - Madame Sensuelle\" \/>\n<meta property=\"og:description\" content=\"cliquer pour visionner l&#039;article : Robe midi Flashback en dentelle sans manches \u00c9l\u00e9gante et envo\u00fbtante, la robe midi Flashback sublime la silhouette avec sa dentelle d\u00e9licate et son design sans manches. Sa coupe raffin\u00e9e joue sur la transparence et les textures pour un \u00e9quilibre parfait entre sensualit\u00e9 et sophistication. Une pi\u00e8ce intemporelle qui allie charme et caract\u00e8re avec une allure irr\u00e9sistible.\" \/>\n<meta property=\"og:url\" content=\"https:\/\/madame-sensuelle.paris\/fr\/product\/robe-midi-flashback-en-dentelle-sans-manches\/\" \/>\n<meta property=\"og:site_name\" content=\"Madame Sensuelle\" \/>\n<meta property=\"article:publisher\" content=\"https:\/\/www.facebook.com\/madamesensuelle\" \/>\n<meta property=\"article:modified_time\" content=\"2026-03-29T14:03:46+00:00\" \/>\n<meta property=\"og:image\" content=\"http:\/\/madame-sensuelle.paris\/wp-content\/uploads\/2024\/10\/XSHD1TJ61137.jpg\" \/>\n\t<meta property=\"og:image:width\" content=\"450\" \/>\n\t<meta property=\"og:image:height\" content=\"600\" \/>\n\t<meta property=\"og:image:type\" content=\"image\/jpeg\" \/>\n<meta name=\"twitter:card\" content=\"summary_large_image\" \/>\n<meta name=\"twitter:label1\" content=\"Dur\u00e9e de lecture estim\u00e9e\" \/>\n\t<meta name=\"twitter:data1\" content=\"2 minutes\" \/>\n<script type=\"application\/ld+json\" class=\"yoast-schema-graph\">{\"@context\":\"https:\\\/\\\/schema.org\",\"@graph\":[{\"@type\":\"WebPage\",\"@id\":\"https:\\\/\\\/madame-sensuelle.paris\\\/fr\\\/product\\\/robe-midi-flashback-en-dentelle-sans-manches\\\/\",\"url\":\"https:\\\/\\\/madame-sensuelle.paris\\\/fr\\\/product\\\/robe-midi-flashback-en-dentelle-sans-manches\\\/\",\"name\":\"Robe midi Flashback en dentelle sans manches \u2013 MAISON CLOSE - Madame Sensuelle\",\"isPartOf\":{\"@id\":\"https:\\\/\\\/madame-sensuelle.paris\\\/fr\\\/#website\"},\"primaryImageOfPage\":{\"@id\":\"https:\\\/\\\/madame-sensuelle.paris\\\/fr\\\/product\\\/robe-midi-flashback-en-dentelle-sans-manches\\\/#primaryimage\"},\"image\":{\"@id\":\"https:\\\/\\\/madame-sensuelle.paris\\\/fr\\\/product\\\/robe-midi-flashback-en-dentelle-sans-manches\\\/#primaryimage\"},\"thumbnailUrl\":\"https:\\\/\\\/madame-sensuelle.paris\\\/wp-content\\\/uploads\\\/2024\\\/10\\\/XSHD1TJ61137.jpg\",\"datePublished\":\"2024-10-25T11:47:22+00:00\",\"dateModified\":\"2026-03-29T14:03:46+00:00\",\"description\":\"cliquer pour visionner l'article : Robe midi Flashback en dentelle sans manches \u00c9l\u00e9gante et envo\u00fbtante, la robe midi Flashback sublime la silhouette avec sa dentelle d\u00e9licate et son design sans manches. Sa coupe raffin\u00e9e joue sur la transparence et les textures pour un \u00e9quilibre parfait entre sensualit\u00e9 et sophistication. Une pi\u00e8ce intemporelle qui allie charme et caract\u00e8re avec une allure irr\u00e9sistible.\",\"breadcrumb\":{\"@id\":\"https:\\\/\\\/madame-sensuelle.paris\\\/fr\\\/product\\\/robe-midi-flashback-en-dentelle-sans-manches\\\/#breadcrumb\"},\"inLanguage\":\"fr-FR\",\"potentialAction\":[{\"@type\":\"ReadAction\",\"target\":[\"https:\\\/\\\/madame-sensuelle.paris\\\/fr\\\/product\\\/robe-midi-flashback-en-dentelle-sans-manches\\\/\"]}]},{\"@type\":\"ImageObject\",\"inLanguage\":\"fr-FR\",\"@id\":\"https:\\\/\\\/madame-sensuelle.paris\\\/fr\\\/product\\\/robe-midi-flashback-en-dentelle-sans-manches\\\/#primaryimage\",\"url\":\"https:\\\/\\\/madame-sensuelle.paris\\\/wp-content\\\/uploads\\\/2024\\\/10\\\/XSHD1TJ61137.jpg\",\"contentUrl\":\"https:\\\/\\\/madame-sensuelle.paris\\\/wp-content\\\/uploads\\\/2024\\\/10\\\/XSHD1TJ61137.jpg\",\"width\":450,\"height\":600},{\"@type\":\"BreadcrumbList\",\"@id\":\"https:\\\/\\\/madame-sensuelle.paris\\\/fr\\\/product\\\/robe-midi-flashback-en-dentelle-sans-manches\\\/#breadcrumb\",\"itemListElement\":[{\"@type\":\"ListItem\",\"position\":1,\"name\":\"Acceuil\",\"item\":\"https:\\\/\\\/madame-sensuelle.paris\\\/fr\\\/\"},{\"@type\":\"ListItem\",\"position\":2,\"name\":\"Catalogue\",\"item\":\"https:\\\/\\\/madame-sensuelle.paris\\\/fr\\\/catalogue\\\/\"},{\"@type\":\"ListItem\",\"position\":3,\"name\":\"MAISON CLOSE\",\"item\":\"https:\\\/\\\/madame-sensuelle.paris\\\/fr\\\/brand\\\/maison-close\\\/\"},{\"@type\":\"ListItem\",\"position\":4,\"name\":\"Robe midi Flashback en dentelle sans manches\"}]},{\"@type\":\"WebSite\",\"@id\":\"https:\\\/\\\/madame-sensuelle.paris\\\/fr\\\/#website\",\"url\":\"https:\\\/\\\/madame-sensuelle.paris\\\/fr\\\/\",\"name\":\"MADAME SENSUELLE\",\"description\":\"MADAME SENSUELLE: Found the biggest exciting brands of chic &amp; SEXY LINGERIE in Paris Boutique and on the WEB: Aubade, Dita Von Teese, Maison Close, Marjolaine, Bluebella, Atelier Amour, Luxxa, Catanzaro, Gracija Rim. You will found the big pleasure of sexy belt or bra make for you\",\"publisher\":{\"@id\":\"https:\\\/\\\/madame-sensuelle.paris\\\/fr\\\/#organization\"},\"potentialAction\":[{\"@type\":\"SearchAction\",\"target\":{\"@type\":\"EntryPoint\",\"urlTemplate\":\"https:\\\/\\\/madame-sensuelle.paris\\\/fr\\\/?s={search_term_string}\"},\"query-input\":{\"@type\":\"PropertyValueSpecification\",\"valueRequired\":true,\"valueName\":\"search_term_string\"}}],\"inLanguage\":\"fr-FR\"},{\"@type\":\"Organization\",\"@id\":\"https:\\\/\\\/madame-sensuelle.paris\\\/fr\\\/#organization\",\"name\":\"Madame Sensuelle\",\"url\":\"https:\\\/\\\/madame-sensuelle.paris\\\/fr\\\/\",\"logo\":{\"@type\":\"ImageObject\",\"inLanguage\":\"fr-FR\",\"@id\":\"https:\\\/\\\/madame-sensuelle.paris\\\/fr\\\/#\\\/schema\\\/logo\\\/image\\\/\",\"url\":\"https:\\\/\\\/madame-sensuelle.paris\\\/wp-content\\\/uploads\\\/2024\\\/12\\\/logo_a-1-1_696.webp\",\"contentUrl\":\"https:\\\/\\\/madame-sensuelle.paris\\\/wp-content\\\/uploads\\\/2024\\\/12\\\/logo_a-1-1_696.webp\",\"width\":696,\"height\":696,\"caption\":\"Madame Sensuelle\"},\"image\":{\"@id\":\"https:\\\/\\\/madame-sensuelle.paris\\\/fr\\\/#\\\/schema\\\/logo\\\/image\\\/\"},\"sameAs\":[\"https:\\\/\\\/www.facebook.com\\\/madamesensuelle\",\"https:\\\/\\\/www.instagram.com\\\/madame_sensuelle\\\/\"]}]}<\/script>\n<!-- \/ Yoast SEO plugin. -->","yoast_head_json":{"title":"Robe midi Flashback en dentelle sans manches \u2013 MAISON CLOSE - Madame Sensuelle","description":"cliquer pour visionner l'article : Robe midi Flashback en dentelle sans manches \u00c9l\u00e9gante et envo\u00fbtante, la robe midi Flashback sublime la silhouette avec sa dentelle d\u00e9licate et son design sans manches. Sa coupe raffin\u00e9e joue sur la transparence et les textures pour un \u00e9quilibre parfait entre sensualit\u00e9 et sophistication. Une pi\u00e8ce intemporelle qui allie charme et caract\u00e8re avec une allure irr\u00e9sistible.","robots":{"index":"index","follow":"follow","max-snippet":"max-snippet:-1","max-image-preview":"max-image-preview:large","max-video-preview":"max-video-preview:-1"},"canonical":"https:\/\/madame-sensuelle.paris\/fr\/product\/robe-midi-flashback-en-dentelle-sans-manches\/","og_locale":"fr_FR","og_type":"article","og_title":"Robe midi Flashback en dentelle sans manches \u2013 MAISON CLOSE - Madame Sensuelle","og_description":"cliquer pour visionner l'article : Robe midi Flashback en dentelle sans manches \u00c9l\u00e9gante et envo\u00fbtante, la robe midi Flashback sublime la silhouette avec sa dentelle d\u00e9licate et son design sans manches. Sa coupe raffin\u00e9e joue sur la transparence et les textures pour un \u00e9quilibre parfait entre sensualit\u00e9 et sophistication. Une pi\u00e8ce intemporelle qui allie charme et caract\u00e8re avec une allure irr\u00e9sistible.","og_url":"https:\/\/madame-sensuelle.paris\/fr\/product\/robe-midi-flashback-en-dentelle-sans-manches\/","og_site_name":"Madame Sensuelle","article_publisher":"https:\/\/www.facebook.com\/madamesensuelle","article_modified_time":"2026-03-29T14:03:46+00:00","og_image":[{"width":450,"height":600,"url":"http:\/\/madame-sensuelle.paris\/wp-content\/uploads\/2024\/10\/XSHD1TJ61137.jpg","type":"image\/jpeg"}],"twitter_card":"summary_large_image","twitter_misc":{"Dur\u00e9e de lecture estim\u00e9e":"2 minutes"},"schema":{"@context":"https:\/\/schema.org","@graph":[{"@type":"WebPage","@id":"https:\/\/madame-sensuelle.paris\/fr\/product\/robe-midi-flashback-en-dentelle-sans-manches\/","url":"https:\/\/madame-sensuelle.paris\/fr\/product\/robe-midi-flashback-en-dentelle-sans-manches\/","name":"Robe midi Flashback en dentelle sans manches \u2013 MAISON CLOSE - Madame Sensuelle","isPartOf":{"@id":"https:\/\/madame-sensuelle.paris\/fr\/#website"},"primaryImageOfPage":{"@id":"https:\/\/madame-sensuelle.paris\/fr\/product\/robe-midi-flashback-en-dentelle-sans-manches\/#primaryimage"},"image":{"@id":"https:\/\/madame-sensuelle.paris\/fr\/product\/robe-midi-flashback-en-dentelle-sans-manches\/#primaryimage"},"thumbnailUrl":"https:\/\/madame-sensuelle.paris\/wp-content\/uploads\/2024\/10\/XSHD1TJ61137.jpg","datePublished":"2024-10-25T11:47:22+00:00","dateModified":"2026-03-29T14:03:46+00:00","description":"cliquer pour visionner l'article : Robe midi Flashback en dentelle sans manches \u00c9l\u00e9gante et envo\u00fbtante, la robe midi Flashback sublime la silhouette avec sa dentelle d\u00e9licate et son design sans manches. Sa coupe raffin\u00e9e joue sur la transparence et les textures pour un \u00e9quilibre parfait entre sensualit\u00e9 et sophistication. Une pi\u00e8ce intemporelle qui allie charme et caract\u00e8re avec une allure irr\u00e9sistible.","breadcrumb":{"@id":"https:\/\/madame-sensuelle.paris\/fr\/product\/robe-midi-flashback-en-dentelle-sans-manches\/#breadcrumb"},"inLanguage":"fr-FR","potentialAction":[{"@type":"ReadAction","target":["https:\/\/madame-sensuelle.paris\/fr\/product\/robe-midi-flashback-en-dentelle-sans-manches\/"]}]},{"@type":"ImageObject","inLanguage":"fr-FR","@id":"https:\/\/madame-sensuelle.paris\/fr\/product\/robe-midi-flashback-en-dentelle-sans-manches\/#primaryimage","url":"https:\/\/madame-sensuelle.paris\/wp-content\/uploads\/2024\/10\/XSHD1TJ61137.jpg","contentUrl":"https:\/\/madame-sensuelle.paris\/wp-content\/uploads\/2024\/10\/XSHD1TJ61137.jpg","width":450,"height":600},{"@type":"BreadcrumbList","@id":"https:\/\/madame-sensuelle.paris\/fr\/product\/robe-midi-flashback-en-dentelle-sans-manches\/#breadcrumb","itemListElement":[{"@type":"ListItem","position":1,"name":"Acceuil","item":"https:\/\/madame-sensuelle.paris\/fr\/"},{"@type":"ListItem","position":2,"name":"Catalogue","item":"https:\/\/madame-sensuelle.paris\/fr\/catalogue\/"},{"@type":"ListItem","position":3,"name":"MAISON CLOSE","item":"https:\/\/madame-sensuelle.paris\/fr\/brand\/maison-close\/"},{"@type":"ListItem","position":4,"name":"Robe midi Flashback en dentelle sans manches"}]},{"@type":"WebSite","@id":"https:\/\/madame-sensuelle.paris\/fr\/#website","url":"https:\/\/madame-sensuelle.paris\/fr\/","name":"MADAME SENSUELLE","description":"MADAME SENSUELLE: Found the biggest exciting brands of chic &amp; SEXY LINGERIE in Paris Boutique and on the WEB: Aubade, Dita Von Teese, Maison Close, Marjolaine, Bluebella, Atelier Amour, Luxxa, Catanzaro, Gracija Rim. You will found the big pleasure of sexy belt or bra make for you","publisher":{"@id":"https:\/\/madame-sensuelle.paris\/fr\/#organization"},"potentialAction":[{"@type":"SearchAction","target":{"@type":"EntryPoint","urlTemplate":"https:\/\/madame-sensuelle.paris\/fr\/?s={search_term_string}"},"query-input":{"@type":"PropertyValueSpecification","valueRequired":true,"valueName":"search_term_string"}}],"inLanguage":"fr-FR"},{"@type":"Organization","@id":"https:\/\/madame-sensuelle.paris\/fr\/#organization","name":"Madame Sensuelle","url":"https:\/\/madame-sensuelle.paris\/fr\/","logo":{"@type":"ImageObject","inLanguage":"fr-FR","@id":"https:\/\/madame-sensuelle.paris\/fr\/#\/schema\/logo\/image\/","url":"https:\/\/madame-sensuelle.paris\/wp-content\/uploads\/2024\/12\/logo_a-1-1_696.webp","contentUrl":"https:\/\/madame-sensuelle.paris\/wp-content\/uploads\/2024\/12\/logo_a-1-1_696.webp","width":696,"height":696,"caption":"Madame Sensuelle"},"image":{"@id":"https:\/\/madame-sensuelle.paris\/fr\/#\/schema\/logo\/image\/"},"sameAs":["https:\/\/www.facebook.com\/madamesensuelle","https:\/\/www.instagram.com\/madame_sensuelle\/"]}]}},"brands":[{"id":2776,"name":"MAISON CLOSE","slug":"maison-close"}],"_links":{"self":[{"href":"https:\/\/madame-sensuelle.paris\/fr\/wp-json\/wp\/v2\/product\/110990","targetHints":{"allow":["GET"]}}],"collection":[{"href":"https:\/\/madame-sensuelle.paris\/fr\/wp-json\/wp\/v2\/product"}],"about":[{"href":"https:\/\/madame-sensuelle.paris\/fr\/wp-json\/wp\/v2\/types\/product"}],"version-history":[{"count":1,"href":"https:\/\/madame-sensuelle.paris\/fr\/wp-json\/wp\/v2\/product\/110990\/revisions"}],"predecessor-version":[{"id":117196,"href":"https:\/\/madame-sensuelle.paris\/fr\/wp-json\/wp\/v2\/product\/110990\/revisions\/117196"}],"wp:featuredmedia":[{"embeddable":true,"href":"https:\/\/madame-sensuelle.paris\/fr\/wp-json\/wp\/v2\/media\/110980"}],"wp:attachment":[{"href":"https:\/\/madame-sensuelle.paris\/fr\/wp-json\/wp\/v2\/media?parent=110990"}],"wp:term":[{"taxonomy":"pwb-brand","embeddable":true,"href":"https:\/\/madame-sensuelle.paris\/fr\/wp-json\/wp\/v2\/pwb-brand?post=110990"},{"taxonomy":"product_brand","embeddable":true,"href":"https:\/\/madame-sensuelle.paris\/fr\/wp-json\/wp\/v2\/product_brand?post=110990"},{"taxonomy":"product_cat","embeddable":true,"href":"https:\/\/madame-sensuelle.paris\/fr\/wp-json\/wp\/v2\/product_cat?post=110990"},{"taxonomy":"product_tag","embeddable":true,"href":"https:\/\/madame-sensuelle.paris\/fr\/wp-json\/wp\/v2\/product_tag?post=110990"},{"taxonomy":"giftcard-category","embeddable":true,"href":"https:\/\/madame-sensuelle.paris\/fr\/wp-json\/wp\/v2\/giftcard-category?post=110990"}],"curies":[{"name":"wp","href":"https:\/\/api.w.org\/{rel}","templated":true}]}}