{"id":111064,"date":"2024-10-25T12:29:37","date_gmt":"2024-10-25T12:29:37","guid":{"rendered":"https:\/\/madame-sensuelle.paris\/product\/string-lavinia-en-tulle-avec-broderie-florale\/"},"modified":"2026-03-30T00:07:47","modified_gmt":"2026-03-30T00:07:47","slug":"string-lavinia-en-tulle-avec-broderie-florale","status":"publish","type":"product","link":"https:\/\/madame-sensuelle.paris\/fr\/product\/string-lavinia-en-tulle-avec-broderie-florale\/","title":{"rendered":"String Lavinia en tulle avec broderie florale"},"content":{"rendered":"<p>String Lavinia en tulle avec broderie florale<\/p>\n","protected":false},"excerpt":{"rendered":"<p>String Lavinia en tulle avec broderie florale<\/p>\n","protected":false},"featured_media":113843,"template":"","meta":[],"pwb-brand":[2765],"product_brand":[],"product_cat":[1270,1245,1231],"product_tag":[],"giftcard-category":[],"class_list":{"0":"post-111064","1":"product","2":"type-product","3":"status-publish","4":"has-post-thumbnail","6":"pwb-brand-dita-von-teese","7":"product_cat-culottes-sexy","8":"product_cat-lingerie-sexy-femme-erotique-et-glamour","9":"product_cat-string","10":"pa_collection-lavinia","12":"first","13":"instock","14":"taxable","15":"shipping-taxable","16":"purchasable","17":"product-type-variable","18":"has-default-attributes"},"yoast_head":"<!-- This site is optimized with the Yoast SEO plugin v27.4 - https:\/\/yoast.com\/product\/yoast-seo-wordpress\/ -->\n<title>String Lavinia en tulle avec broderie florale \u2013 DITA VON TEESE - Madame Sensuelle<\/title>\n<meta name=\"description\" content=\"String en tulle brod\u00e9 rouge, doux et extensible qui offre une coupe tr\u00e8s \u00e9chancr\u00e9e subliment vos courbes, tandis que son fond doubl\u00e9 en coton assure un confort pour toute votre journ\u00e9e.\" \/>\n<meta name=\"robots\" content=\"index, follow, max-snippet:-1, max-image-preview:large, max-video-preview:-1\" \/>\n<link rel=\"canonical\" href=\"https:\/\/madame-sensuelle.paris\/fr\/product\/string-lavinia-en-tulle-avec-broderie-florale\/\" \/>\n<meta property=\"og:locale\" content=\"fr_FR\" \/>\n<meta property=\"og:type\" content=\"article\" \/>\n<meta property=\"og:title\" content=\"String Lavinia en tulle avec broderie florale \u2013 DITA VON TEESE - Madame Sensuelle\" \/>\n<meta property=\"og:description\" content=\"String en tulle brod\u00e9 rouge, doux et extensible qui offre une coupe tr\u00e8s \u00e9chancr\u00e9e subliment vos courbes, tandis que son fond doubl\u00e9 en coton assure un confort pour toute votre journ\u00e9e.\" \/>\n<meta property=\"og:url\" content=\"https:\/\/madame-sensuelle.paris\/fr\/product\/string-lavinia-en-tulle-avec-broderie-florale\/\" \/>\n<meta property=\"og:site_name\" content=\"Madame Sensuelle\" \/>\n<meta property=\"article:publisher\" content=\"https:\/\/www.facebook.com\/madamesensuelle\" \/>\n<meta property=\"article:modified_time\" content=\"2026-03-30T00:07:47+00:00\" \/>\n<meta property=\"og:image\" content=\"https:\/\/madame-sensuelle.paris\/wp-content\/uploads\/2024\/10\/62361B04-35AB-42EE-992A-FBDA3A5623E5-scaled.jpeg\" \/>\n\t<meta property=\"og:image:width\" content=\"1905\" \/>\n\t<meta property=\"og:image:height\" content=\"2560\" \/>\n\t<meta property=\"og:image:type\" content=\"image\/jpeg\" \/>\n<meta name=\"twitter:card\" content=\"summary_large_image\" \/>\n<meta name=\"twitter:label1\" content=\"Dur\u00e9e de lecture estim\u00e9e\" \/>\n\t<meta name=\"twitter:data1\" content=\"1 minute\" \/>\n<script type=\"application\/ld+json\" class=\"yoast-schema-graph\">{\"@context\":\"https:\\\/\\\/schema.org\",\"@graph\":[{\"@type\":\"WebPage\",\"@id\":\"https:\\\/\\\/madame-sensuelle.paris\\\/fr\\\/product\\\/string-lavinia-en-tulle-avec-broderie-florale\\\/\",\"url\":\"https:\\\/\\\/madame-sensuelle.paris\\\/fr\\\/product\\\/string-lavinia-en-tulle-avec-broderie-florale\\\/\",\"name\":\"String Lavinia en tulle avec broderie florale \u2013 DITA VON TEESE - Madame Sensuelle\",\"isPartOf\":{\"@id\":\"https:\\\/\\\/madame-sensuelle.paris\\\/fr\\\/#website\"},\"primaryImageOfPage\":{\"@id\":\"https:\\\/\\\/madame-sensuelle.paris\\\/fr\\\/product\\\/string-lavinia-en-tulle-avec-broderie-florale\\\/#primaryimage\"},\"image\":{\"@id\":\"https:\\\/\\\/madame-sensuelle.paris\\\/fr\\\/product\\\/string-lavinia-en-tulle-avec-broderie-florale\\\/#primaryimage\"},\"thumbnailUrl\":\"https:\\\/\\\/madame-sensuelle.paris\\\/wp-content\\\/uploads\\\/2024\\\/10\\\/62361B04-35AB-42EE-992A-FBDA3A5623E5-scaled.jpeg\",\"datePublished\":\"2024-10-25T12:29:37+00:00\",\"dateModified\":\"2026-03-30T00:07:47+00:00\",\"description\":\"String en tulle brod\u00e9 rouge, doux et extensible qui offre une coupe tr\u00e8s \u00e9chancr\u00e9e subliment vos courbes, tandis que son fond doubl\u00e9 en coton assure un confort pour toute votre journ\u00e9e.\",\"breadcrumb\":{\"@id\":\"https:\\\/\\\/madame-sensuelle.paris\\\/fr\\\/product\\\/string-lavinia-en-tulle-avec-broderie-florale\\\/#breadcrumb\"},\"inLanguage\":\"fr-FR\",\"potentialAction\":[{\"@type\":\"ReadAction\",\"target\":[\"https:\\\/\\\/madame-sensuelle.paris\\\/fr\\\/product\\\/string-lavinia-en-tulle-avec-broderie-florale\\\/\"]}]},{\"@type\":\"ImageObject\",\"inLanguage\":\"fr-FR\",\"@id\":\"https:\\\/\\\/madame-sensuelle.paris\\\/fr\\\/product\\\/string-lavinia-en-tulle-avec-broderie-florale\\\/#primaryimage\",\"url\":\"https:\\\/\\\/madame-sensuelle.paris\\\/wp-content\\\/uploads\\\/2024\\\/10\\\/62361B04-35AB-42EE-992A-FBDA3A5623E5-scaled.jpeg\",\"contentUrl\":\"https:\\\/\\\/madame-sensuelle.paris\\\/wp-content\\\/uploads\\\/2024\\\/10\\\/62361B04-35AB-42EE-992A-FBDA3A5623E5-scaled.jpeg\",\"width\":1905,\"height\":2560},{\"@type\":\"BreadcrumbList\",\"@id\":\"https:\\\/\\\/madame-sensuelle.paris\\\/fr\\\/product\\\/string-lavinia-en-tulle-avec-broderie-florale\\\/#breadcrumb\",\"itemListElement\":[{\"@type\":\"ListItem\",\"position\":1,\"name\":\"Acceuil\",\"item\":\"https:\\\/\\\/madame-sensuelle.paris\\\/fr\\\/\"},{\"@type\":\"ListItem\",\"position\":2,\"name\":\"Catalogue\",\"item\":\"https:\\\/\\\/madame-sensuelle.paris\\\/fr\\\/catalogue\\\/\"},{\"@type\":\"ListItem\",\"position\":3,\"name\":\"DITA VON TEESE\",\"item\":\"https:\\\/\\\/madame-sensuelle.paris\\\/fr\\\/brand\\\/dita-von-teese\\\/\"},{\"@type\":\"ListItem\",\"position\":4,\"name\":\"String Lavinia en tulle avec broderie florale\"}]},{\"@type\":\"WebSite\",\"@id\":\"https:\\\/\\\/madame-sensuelle.paris\\\/fr\\\/#website\",\"url\":\"https:\\\/\\\/madame-sensuelle.paris\\\/fr\\\/\",\"name\":\"MADAME SENSUELLE\",\"description\":\"MADAME SENSUELLE: Found the biggest exciting brands of chic &amp; SEXY LINGERIE in Paris Boutique and on the WEB: Aubade, Dita Von Teese, Maison Close, Marjolaine, Bluebella, Atelier Amour, Luxxa, Catanzaro, Gracija Rim. You will found the big pleasure of sexy belt or bra make for you\",\"publisher\":{\"@id\":\"https:\\\/\\\/madame-sensuelle.paris\\\/fr\\\/#organization\"},\"potentialAction\":[{\"@type\":\"SearchAction\",\"target\":{\"@type\":\"EntryPoint\",\"urlTemplate\":\"https:\\\/\\\/madame-sensuelle.paris\\\/fr\\\/?s={search_term_string}\"},\"query-input\":{\"@type\":\"PropertyValueSpecification\",\"valueRequired\":true,\"valueName\":\"search_term_string\"}}],\"inLanguage\":\"fr-FR\"},{\"@type\":\"Organization\",\"@id\":\"https:\\\/\\\/madame-sensuelle.paris\\\/fr\\\/#organization\",\"name\":\"Madame Sensuelle\",\"url\":\"https:\\\/\\\/madame-sensuelle.paris\\\/fr\\\/\",\"logo\":{\"@type\":\"ImageObject\",\"inLanguage\":\"fr-FR\",\"@id\":\"https:\\\/\\\/madame-sensuelle.paris\\\/fr\\\/#\\\/schema\\\/logo\\\/image\\\/\",\"url\":\"https:\\\/\\\/madame-sensuelle.paris\\\/wp-content\\\/uploads\\\/2024\\\/12\\\/logo_a-1-1_696.webp\",\"contentUrl\":\"https:\\\/\\\/madame-sensuelle.paris\\\/wp-content\\\/uploads\\\/2024\\\/12\\\/logo_a-1-1_696.webp\",\"width\":696,\"height\":696,\"caption\":\"Madame Sensuelle\"},\"image\":{\"@id\":\"https:\\\/\\\/madame-sensuelle.paris\\\/fr\\\/#\\\/schema\\\/logo\\\/image\\\/\"},\"sameAs\":[\"https:\\\/\\\/www.facebook.com\\\/madamesensuelle\",\"https:\\\/\\\/www.instagram.com\\\/madame_sensuelle\\\/\"]}]}<\/script>\n<!-- \/ Yoast SEO plugin. -->","yoast_head_json":{"title":"String Lavinia en tulle avec broderie florale \u2013 DITA VON TEESE - Madame Sensuelle","description":"String en tulle brod\u00e9 rouge, doux et extensible qui offre une coupe tr\u00e8s \u00e9chancr\u00e9e subliment vos courbes, tandis que son fond doubl\u00e9 en coton assure un confort pour toute votre journ\u00e9e.","robots":{"index":"index","follow":"follow","max-snippet":"max-snippet:-1","max-image-preview":"max-image-preview:large","max-video-preview":"max-video-preview:-1"},"canonical":"https:\/\/madame-sensuelle.paris\/fr\/product\/string-lavinia-en-tulle-avec-broderie-florale\/","og_locale":"fr_FR","og_type":"article","og_title":"String Lavinia en tulle avec broderie florale \u2013 DITA VON TEESE - Madame Sensuelle","og_description":"String en tulle brod\u00e9 rouge, doux et extensible qui offre une coupe tr\u00e8s \u00e9chancr\u00e9e subliment vos courbes, tandis que son fond doubl\u00e9 en coton assure un confort pour toute votre journ\u00e9e.","og_url":"https:\/\/madame-sensuelle.paris\/fr\/product\/string-lavinia-en-tulle-avec-broderie-florale\/","og_site_name":"Madame Sensuelle","article_publisher":"https:\/\/www.facebook.com\/madamesensuelle","article_modified_time":"2026-03-30T00:07:47+00:00","og_image":[{"width":1905,"height":2560,"url":"https:\/\/madame-sensuelle.paris\/wp-content\/uploads\/2024\/10\/62361B04-35AB-42EE-992A-FBDA3A5623E5-scaled.jpeg","type":"image\/jpeg"}],"twitter_card":"summary_large_image","twitter_misc":{"Dur\u00e9e de lecture estim\u00e9e":"1 minute"},"schema":{"@context":"https:\/\/schema.org","@graph":[{"@type":"WebPage","@id":"https:\/\/madame-sensuelle.paris\/fr\/product\/string-lavinia-en-tulle-avec-broderie-florale\/","url":"https:\/\/madame-sensuelle.paris\/fr\/product\/string-lavinia-en-tulle-avec-broderie-florale\/","name":"String Lavinia en tulle avec broderie florale \u2013 DITA VON TEESE - Madame Sensuelle","isPartOf":{"@id":"https:\/\/madame-sensuelle.paris\/fr\/#website"},"primaryImageOfPage":{"@id":"https:\/\/madame-sensuelle.paris\/fr\/product\/string-lavinia-en-tulle-avec-broderie-florale\/#primaryimage"},"image":{"@id":"https:\/\/madame-sensuelle.paris\/fr\/product\/string-lavinia-en-tulle-avec-broderie-florale\/#primaryimage"},"thumbnailUrl":"https:\/\/madame-sensuelle.paris\/wp-content\/uploads\/2024\/10\/62361B04-35AB-42EE-992A-FBDA3A5623E5-scaled.jpeg","datePublished":"2024-10-25T12:29:37+00:00","dateModified":"2026-03-30T00:07:47+00:00","description":"String en tulle brod\u00e9 rouge, doux et extensible qui offre une coupe tr\u00e8s \u00e9chancr\u00e9e subliment vos courbes, tandis que son fond doubl\u00e9 en coton assure un confort pour toute votre journ\u00e9e.","breadcrumb":{"@id":"https:\/\/madame-sensuelle.paris\/fr\/product\/string-lavinia-en-tulle-avec-broderie-florale\/#breadcrumb"},"inLanguage":"fr-FR","potentialAction":[{"@type":"ReadAction","target":["https:\/\/madame-sensuelle.paris\/fr\/product\/string-lavinia-en-tulle-avec-broderie-florale\/"]}]},{"@type":"ImageObject","inLanguage":"fr-FR","@id":"https:\/\/madame-sensuelle.paris\/fr\/product\/string-lavinia-en-tulle-avec-broderie-florale\/#primaryimage","url":"https:\/\/madame-sensuelle.paris\/wp-content\/uploads\/2024\/10\/62361B04-35AB-42EE-992A-FBDA3A5623E5-scaled.jpeg","contentUrl":"https:\/\/madame-sensuelle.paris\/wp-content\/uploads\/2024\/10\/62361B04-35AB-42EE-992A-FBDA3A5623E5-scaled.jpeg","width":1905,"height":2560},{"@type":"BreadcrumbList","@id":"https:\/\/madame-sensuelle.paris\/fr\/product\/string-lavinia-en-tulle-avec-broderie-florale\/#breadcrumb","itemListElement":[{"@type":"ListItem","position":1,"name":"Acceuil","item":"https:\/\/madame-sensuelle.paris\/fr\/"},{"@type":"ListItem","position":2,"name":"Catalogue","item":"https:\/\/madame-sensuelle.paris\/fr\/catalogue\/"},{"@type":"ListItem","position":3,"name":"DITA VON TEESE","item":"https:\/\/madame-sensuelle.paris\/fr\/brand\/dita-von-teese\/"},{"@type":"ListItem","position":4,"name":"String Lavinia en tulle avec broderie florale"}]},{"@type":"WebSite","@id":"https:\/\/madame-sensuelle.paris\/fr\/#website","url":"https:\/\/madame-sensuelle.paris\/fr\/","name":"MADAME SENSUELLE","description":"MADAME SENSUELLE: Found the biggest exciting brands of chic &amp; SEXY LINGERIE in Paris Boutique and on the WEB: Aubade, Dita Von Teese, Maison Close, Marjolaine, Bluebella, Atelier Amour, Luxxa, Catanzaro, Gracija Rim. You will found the big pleasure of sexy belt or bra make for you","publisher":{"@id":"https:\/\/madame-sensuelle.paris\/fr\/#organization"},"potentialAction":[{"@type":"SearchAction","target":{"@type":"EntryPoint","urlTemplate":"https:\/\/madame-sensuelle.paris\/fr\/?s={search_term_string}"},"query-input":{"@type":"PropertyValueSpecification","valueRequired":true,"valueName":"search_term_string"}}],"inLanguage":"fr-FR"},{"@type":"Organization","@id":"https:\/\/madame-sensuelle.paris\/fr\/#organization","name":"Madame Sensuelle","url":"https:\/\/madame-sensuelle.paris\/fr\/","logo":{"@type":"ImageObject","inLanguage":"fr-FR","@id":"https:\/\/madame-sensuelle.paris\/fr\/#\/schema\/logo\/image\/","url":"https:\/\/madame-sensuelle.paris\/wp-content\/uploads\/2024\/12\/logo_a-1-1_696.webp","contentUrl":"https:\/\/madame-sensuelle.paris\/wp-content\/uploads\/2024\/12\/logo_a-1-1_696.webp","width":696,"height":696,"caption":"Madame Sensuelle"},"image":{"@id":"https:\/\/madame-sensuelle.paris\/fr\/#\/schema\/logo\/image\/"},"sameAs":["https:\/\/www.facebook.com\/madamesensuelle","https:\/\/www.instagram.com\/madame_sensuelle\/"]}]}},"brands":[{"id":2765,"name":"DITA VON TEESE","slug":"dita-von-teese"}],"_links":{"self":[{"href":"https:\/\/madame-sensuelle.paris\/fr\/wp-json\/wp\/v2\/product\/111064","targetHints":{"allow":["GET"]}}],"collection":[{"href":"https:\/\/madame-sensuelle.paris\/fr\/wp-json\/wp\/v2\/product"}],"about":[{"href":"https:\/\/madame-sensuelle.paris\/fr\/wp-json\/wp\/v2\/types\/product"}],"version-history":[{"count":1,"href":"https:\/\/madame-sensuelle.paris\/fr\/wp-json\/wp\/v2\/product\/111064\/revisions"}],"predecessor-version":[{"id":113845,"href":"https:\/\/madame-sensuelle.paris\/fr\/wp-json\/wp\/v2\/product\/111064\/revisions\/113845"}],"wp:featuredmedia":[{"embeddable":true,"href":"https:\/\/madame-sensuelle.paris\/fr\/wp-json\/wp\/v2\/media\/113843"}],"wp:attachment":[{"href":"https:\/\/madame-sensuelle.paris\/fr\/wp-json\/wp\/v2\/media?parent=111064"}],"wp:term":[{"taxonomy":"pwb-brand","embeddable":true,"href":"https:\/\/madame-sensuelle.paris\/fr\/wp-json\/wp\/v2\/pwb-brand?post=111064"},{"taxonomy":"product_brand","embeddable":true,"href":"https:\/\/madame-sensuelle.paris\/fr\/wp-json\/wp\/v2\/product_brand?post=111064"},{"taxonomy":"product_cat","embeddable":true,"href":"https:\/\/madame-sensuelle.paris\/fr\/wp-json\/wp\/v2\/product_cat?post=111064"},{"taxonomy":"product_tag","embeddable":true,"href":"https:\/\/madame-sensuelle.paris\/fr\/wp-json\/wp\/v2\/product_tag?post=111064"},{"taxonomy":"giftcard-category","embeddable":true,"href":"https:\/\/madame-sensuelle.paris\/fr\/wp-json\/wp\/v2\/giftcard-category?post=111064"}],"curies":[{"name":"wp","href":"https:\/\/api.w.org\/{rel}","templated":true}]}}