{"id":111086,"date":"2024-10-25T13:04:26","date_gmt":"2024-10-25T13:04:26","guid":{"rendered":"https:\/\/madame-sensuelle.paris\/product\/soutien-gorge-corbeille-glamcatcher-en-dentelle-et-satin\/"},"modified":"2026-03-27T03:28:30","modified_gmt":"2026-03-27T03:28:30","slug":"soutien-gorge-corbeille-glamcatcher-en-dentelle-et-satin","status":"publish","type":"product","link":"https:\/\/madame-sensuelle.paris\/fr\/product\/soutien-gorge-corbeille-glamcatcher-en-dentelle-et-satin\/","title":{"rendered":"Soutien-gorge corbeille Glamcatcher en dentelle et satin"},"content":{"rendered":"<p><span>Soutien-gorge corbeille Glamcatcher en dentelle et satin<\/span><\/p><\/p>\n","protected":false},"excerpt":{"rendered":"<p><\/p>\n","protected":false},"featured_media":0,"template":"","meta":[],"pwb-brand":[],"product_brand":[],"product_cat":[15],"product_tag":[],"giftcard-category":[],"class_list":{"0":"post-111086","1":"product","2":"type-product","3":"status-publish","5":"product_cat-uncategorized","7":"first","8":"instock","9":"taxable","10":"shipping-taxable","11":"purchasable","12":"product-type-variable","13":"has-default-attributes"},"yoast_head":"<!-- This site is optimized with the Yoast SEO plugin v27.3 - https:\/\/yoast.com\/product\/yoast-seo-wordpress\/ -->\n<title>Soutien-gorge corbeille Glamcatcher en dentelle et satin \u2013 - Madame Sensuelle<\/title>\n<meta name=\"description\" content=\"Soutien-gorge corbeille a armature. Fait en dentelle avec des empi\u00e8cements en satin, les bonnets sont doubler en tulle. Des demi coques sont int\u00e9grer ce qui permet un tr\u00e8s bon maintien. Pour ajouter un cot\u00e9s encore plus romantique il y&#039;a des petits n\u0153ud au d\u00e9but des bretelles et a l&#039;entre bonnet avec une petit bijoux. Les bretelles sont r\u00e9glables et extensible. Ce mod\u00e8le ferras ressortir votre sensualit\u00e9s.\u00a0\u00a0\" \/>\n<meta name=\"robots\" content=\"index, follow, max-snippet:-1, max-image-preview:large, max-video-preview:-1\" \/>\n<link rel=\"canonical\" href=\"https:\/\/madame-sensuelle.paris\/fr\/product\/soutien-gorge-corbeille-glamcatcher-en-dentelle-et-satin\/\" \/>\n<meta property=\"og:locale\" content=\"fr_FR\" \/>\n<meta property=\"og:type\" content=\"article\" \/>\n<meta property=\"og:title\" content=\"Soutien-gorge corbeille Glamcatcher en dentelle et satin \u2013 - Madame Sensuelle\" \/>\n<meta property=\"og:description\" content=\"Soutien-gorge corbeille a armature. Fait en dentelle avec des empi\u00e8cements en satin, les bonnets sont doubler en tulle. Des demi coques sont int\u00e9grer ce qui permet un tr\u00e8s bon maintien. Pour ajouter un cot\u00e9s encore plus romantique il y&#039;a des petits n\u0153ud au d\u00e9but des bretelles et a l&#039;entre bonnet avec une petit bijoux. Les bretelles sont r\u00e9glables et extensible. Ce mod\u00e8le ferras ressortir votre sensualit\u00e9s.\u00a0\u00a0\" \/>\n<meta property=\"og:url\" content=\"https:\/\/madame-sensuelle.paris\/fr\/product\/soutien-gorge-corbeille-glamcatcher-en-dentelle-et-satin\/\" \/>\n<meta property=\"og:site_name\" content=\"Madame Sensuelle\" \/>\n<meta property=\"article:publisher\" content=\"https:\/\/www.facebook.com\/madamesensuelle\" \/>\n<meta property=\"article:modified_time\" content=\"2026-03-27T03:28:30+00:00\" \/>\n<meta property=\"og:image\" content=\"https:\/\/madame-sensuelle.paris\/wp-content\/uploads\/2024\/10\/unnamed-30-1-scaled.jpg\" \/>\n\t<meta property=\"og:image:width\" content=\"1920\" \/>\n\t<meta property=\"og:image:height\" content=\"2560\" \/>\n\t<meta property=\"og:image:type\" content=\"image\/jpeg\" \/>\n<meta name=\"twitter:card\" content=\"summary_large_image\" \/>\n<meta name=\"twitter:label1\" content=\"Dur\u00e9e de lecture estim\u00e9e\" \/>\n\t<meta name=\"twitter:data1\" content=\"1 minute\" \/>\n<script type=\"application\/ld+json\" class=\"yoast-schema-graph\">{\"@context\":\"https:\\\/\\\/schema.org\",\"@graph\":[{\"@type\":\"WebPage\",\"@id\":\"https:\\\/\\\/madame-sensuelle.paris\\\/fr\\\/product\\\/soutien-gorge-corbeille-glamcatcher-en-dentelle-et-satin\\\/\",\"url\":\"https:\\\/\\\/madame-sensuelle.paris\\\/fr\\\/product\\\/soutien-gorge-corbeille-glamcatcher-en-dentelle-et-satin\\\/\",\"name\":\"Soutien-gorge corbeille Glamcatcher en dentelle et satin \u2013 - Madame Sensuelle\",\"isPartOf\":{\"@id\":\"https:\\\/\\\/madame-sensuelle.paris\\\/fr\\\/#website\"},\"datePublished\":\"2024-10-25T13:04:26+00:00\",\"dateModified\":\"2026-03-27T03:28:30+00:00\",\"description\":\"Soutien-gorge corbeille a armature. Fait en dentelle avec des empi\u00e8cements en satin, les bonnets sont doubler en tulle. Des demi coques sont int\u00e9grer ce qui permet un tr\u00e8s bon maintien. Pour ajouter un cot\u00e9s encore plus romantique il y'a des petits n\u0153ud au d\u00e9but des bretelles et a l'entre bonnet avec une petit bijoux. Les bretelles sont r\u00e9glables et extensible. Ce mod\u00e8le ferras ressortir votre sensualit\u00e9s.\u00a0\u00a0\",\"breadcrumb\":{\"@id\":\"https:\\\/\\\/madame-sensuelle.paris\\\/fr\\\/product\\\/soutien-gorge-corbeille-glamcatcher-en-dentelle-et-satin\\\/#breadcrumb\"},\"inLanguage\":\"fr-FR\",\"potentialAction\":[{\"@type\":\"ReadAction\",\"target\":[\"https:\\\/\\\/madame-sensuelle.paris\\\/fr\\\/product\\\/soutien-gorge-corbeille-glamcatcher-en-dentelle-et-satin\\\/\"]}]},{\"@type\":\"BreadcrumbList\",\"@id\":\"https:\\\/\\\/madame-sensuelle.paris\\\/fr\\\/product\\\/soutien-gorge-corbeille-glamcatcher-en-dentelle-et-satin\\\/#breadcrumb\",\"itemListElement\":[{\"@type\":\"ListItem\",\"position\":1,\"name\":\"Acceuil\",\"item\":\"https:\\\/\\\/madame-sensuelle.paris\\\/fr\\\/\"},{\"@type\":\"ListItem\",\"position\":2,\"name\":\"Catalogue\",\"item\":\"https:\\\/\\\/madame-sensuelle.paris\\\/fr\\\/catalogue\\\/\"},{\"@type\":\"ListItem\",\"position\":3,\"name\":\"DITA VON TEESE\",\"item\":\"https:\\\/\\\/madame-sensuelle.paris\\\/fr\\\/brand\\\/dita-von-teese\\\/\"},{\"@type\":\"ListItem\",\"position\":4,\"name\":\"Soutien-gorge corbeille Glamcatcher en dentelle et satin\"}]},{\"@type\":\"WebSite\",\"@id\":\"https:\\\/\\\/madame-sensuelle.paris\\\/fr\\\/#website\",\"url\":\"https:\\\/\\\/madame-sensuelle.paris\\\/fr\\\/\",\"name\":\"MADAME SENSUELLE\",\"description\":\"MADAME SENSUELLE: Found the biggest exciting brands of chic &amp; SEXY LINGERIE in Paris Boutique and on the WEB: Aubade, Dita Von Teese, Maison Close, Marjolaine, Bluebella, Atelier Amour, Luxxa, Catanzaro, Gracija Rim. You will found the big pleasure of sexy belt or bra make for you\",\"publisher\":{\"@id\":\"https:\\\/\\\/madame-sensuelle.paris\\\/fr\\\/#organization\"},\"potentialAction\":[{\"@type\":\"SearchAction\",\"target\":{\"@type\":\"EntryPoint\",\"urlTemplate\":\"https:\\\/\\\/madame-sensuelle.paris\\\/fr\\\/?s={search_term_string}\"},\"query-input\":{\"@type\":\"PropertyValueSpecification\",\"valueRequired\":true,\"valueName\":\"search_term_string\"}}],\"inLanguage\":\"fr-FR\"},{\"@type\":\"Organization\",\"@id\":\"https:\\\/\\\/madame-sensuelle.paris\\\/fr\\\/#organization\",\"name\":\"Madame Sensuelle\",\"url\":\"https:\\\/\\\/madame-sensuelle.paris\\\/fr\\\/\",\"logo\":{\"@type\":\"ImageObject\",\"inLanguage\":\"fr-FR\",\"@id\":\"https:\\\/\\\/madame-sensuelle.paris\\\/fr\\\/#\\\/schema\\\/logo\\\/image\\\/\",\"url\":\"https:\\\/\\\/madame-sensuelle.paris\\\/wp-content\\\/uploads\\\/2024\\\/12\\\/logo_a-1-1_696.webp\",\"contentUrl\":\"https:\\\/\\\/madame-sensuelle.paris\\\/wp-content\\\/uploads\\\/2024\\\/12\\\/logo_a-1-1_696.webp\",\"width\":696,\"height\":696,\"caption\":\"Madame Sensuelle\"},\"image\":{\"@id\":\"https:\\\/\\\/madame-sensuelle.paris\\\/fr\\\/#\\\/schema\\\/logo\\\/image\\\/\"},\"sameAs\":[\"https:\\\/\\\/www.facebook.com\\\/madamesensuelle\",\"https:\\\/\\\/www.instagram.com\\\/madame_sensuelle\\\/\"]}]}<\/script>\n<!-- \/ Yoast SEO plugin. -->","yoast_head_json":{"title":"Soutien-gorge corbeille Glamcatcher en dentelle et satin \u2013 - Madame Sensuelle","description":"Soutien-gorge corbeille a armature. Fait en dentelle avec des empi\u00e8cements en satin, les bonnets sont doubler en tulle. Des demi coques sont int\u00e9grer ce qui permet un tr\u00e8s bon maintien. Pour ajouter un cot\u00e9s encore plus romantique il y'a des petits n\u0153ud au d\u00e9but des bretelles et a l'entre bonnet avec une petit bijoux. Les bretelles sont r\u00e9glables et extensible. Ce mod\u00e8le ferras ressortir votre sensualit\u00e9s.\u00a0\u00a0","robots":{"index":"index","follow":"follow","max-snippet":"max-snippet:-1","max-image-preview":"max-image-preview:large","max-video-preview":"max-video-preview:-1"},"canonical":"https:\/\/madame-sensuelle.paris\/fr\/product\/soutien-gorge-corbeille-glamcatcher-en-dentelle-et-satin\/","og_locale":"fr_FR","og_type":"article","og_title":"Soutien-gorge corbeille Glamcatcher en dentelle et satin \u2013 - Madame Sensuelle","og_description":"Soutien-gorge corbeille a armature. Fait en dentelle avec des empi\u00e8cements en satin, les bonnets sont doubler en tulle. Des demi coques sont int\u00e9grer ce qui permet un tr\u00e8s bon maintien. Pour ajouter un cot\u00e9s encore plus romantique il y'a des petits n\u0153ud au d\u00e9but des bretelles et a l'entre bonnet avec une petit bijoux. Les bretelles sont r\u00e9glables et extensible. Ce mod\u00e8le ferras ressortir votre sensualit\u00e9s.\u00a0\u00a0","og_url":"https:\/\/madame-sensuelle.paris\/fr\/product\/soutien-gorge-corbeille-glamcatcher-en-dentelle-et-satin\/","og_site_name":"Madame Sensuelle","article_publisher":"https:\/\/www.facebook.com\/madamesensuelle","article_modified_time":"2026-03-27T03:28:30+00:00","og_image":[{"url":"https:\/\/madame-sensuelle.paris\/wp-content\/uploads\/2024\/10\/unnamed-30-1-scaled.jpg","width":1920,"height":2560,"type":"image\/jpeg"}],"twitter_card":"summary_large_image","twitter_misc":{"Dur\u00e9e de lecture estim\u00e9e":"1 minute"},"schema":{"@context":"https:\/\/schema.org","@graph":[{"@type":"WebPage","@id":"https:\/\/madame-sensuelle.paris\/fr\/product\/soutien-gorge-corbeille-glamcatcher-en-dentelle-et-satin\/","url":"https:\/\/madame-sensuelle.paris\/fr\/product\/soutien-gorge-corbeille-glamcatcher-en-dentelle-et-satin\/","name":"Soutien-gorge corbeille Glamcatcher en dentelle et satin \u2013 - Madame Sensuelle","isPartOf":{"@id":"https:\/\/madame-sensuelle.paris\/fr\/#website"},"datePublished":"2024-10-25T13:04:26+00:00","dateModified":"2026-03-27T03:28:30+00:00","description":"Soutien-gorge corbeille a armature. Fait en dentelle avec des empi\u00e8cements en satin, les bonnets sont doubler en tulle. Des demi coques sont int\u00e9grer ce qui permet un tr\u00e8s bon maintien. Pour ajouter un cot\u00e9s encore plus romantique il y'a des petits n\u0153ud au d\u00e9but des bretelles et a l'entre bonnet avec une petit bijoux. Les bretelles sont r\u00e9glables et extensible. Ce mod\u00e8le ferras ressortir votre sensualit\u00e9s.\u00a0\u00a0","breadcrumb":{"@id":"https:\/\/madame-sensuelle.paris\/fr\/product\/soutien-gorge-corbeille-glamcatcher-en-dentelle-et-satin\/#breadcrumb"},"inLanguage":"fr-FR","potentialAction":[{"@type":"ReadAction","target":["https:\/\/madame-sensuelle.paris\/fr\/product\/soutien-gorge-corbeille-glamcatcher-en-dentelle-et-satin\/"]}]},{"@type":"BreadcrumbList","@id":"https:\/\/madame-sensuelle.paris\/fr\/product\/soutien-gorge-corbeille-glamcatcher-en-dentelle-et-satin\/#breadcrumb","itemListElement":[{"@type":"ListItem","position":1,"name":"Acceuil","item":"https:\/\/madame-sensuelle.paris\/fr\/"},{"@type":"ListItem","position":2,"name":"Catalogue","item":"https:\/\/madame-sensuelle.paris\/fr\/catalogue\/"},{"@type":"ListItem","position":3,"name":"DITA VON TEESE","item":"https:\/\/madame-sensuelle.paris\/fr\/brand\/dita-von-teese\/"},{"@type":"ListItem","position":4,"name":"Soutien-gorge corbeille Glamcatcher en dentelle et satin"}]},{"@type":"WebSite","@id":"https:\/\/madame-sensuelle.paris\/fr\/#website","url":"https:\/\/madame-sensuelle.paris\/fr\/","name":"MADAME SENSUELLE","description":"MADAME SENSUELLE: Found the biggest exciting brands of chic &amp; SEXY LINGERIE in Paris Boutique and on the WEB: Aubade, Dita Von Teese, Maison Close, Marjolaine, Bluebella, Atelier Amour, Luxxa, Catanzaro, Gracija Rim. You will found the big pleasure of sexy belt or bra make for you","publisher":{"@id":"https:\/\/madame-sensuelle.paris\/fr\/#organization"},"potentialAction":[{"@type":"SearchAction","target":{"@type":"EntryPoint","urlTemplate":"https:\/\/madame-sensuelle.paris\/fr\/?s={search_term_string}"},"query-input":{"@type":"PropertyValueSpecification","valueRequired":true,"valueName":"search_term_string"}}],"inLanguage":"fr-FR"},{"@type":"Organization","@id":"https:\/\/madame-sensuelle.paris\/fr\/#organization","name":"Madame Sensuelle","url":"https:\/\/madame-sensuelle.paris\/fr\/","logo":{"@type":"ImageObject","inLanguage":"fr-FR","@id":"https:\/\/madame-sensuelle.paris\/fr\/#\/schema\/logo\/image\/","url":"https:\/\/madame-sensuelle.paris\/wp-content\/uploads\/2024\/12\/logo_a-1-1_696.webp","contentUrl":"https:\/\/madame-sensuelle.paris\/wp-content\/uploads\/2024\/12\/logo_a-1-1_696.webp","width":696,"height":696,"caption":"Madame Sensuelle"},"image":{"@id":"https:\/\/madame-sensuelle.paris\/fr\/#\/schema\/logo\/image\/"},"sameAs":["https:\/\/www.facebook.com\/madamesensuelle","https:\/\/www.instagram.com\/madame_sensuelle\/"]}]}},"brands":[],"_links":{"self":[{"href":"https:\/\/madame-sensuelle.paris\/fr\/wp-json\/wp\/v2\/product\/111086","targetHints":{"allow":["GET"]}}],"collection":[{"href":"https:\/\/madame-sensuelle.paris\/fr\/wp-json\/wp\/v2\/product"}],"about":[{"href":"https:\/\/madame-sensuelle.paris\/fr\/wp-json\/wp\/v2\/types\/product"}],"version-history":[{"count":1,"href":"https:\/\/madame-sensuelle.paris\/fr\/wp-json\/wp\/v2\/product\/111086\/revisions"}],"predecessor-version":[{"id":119887,"href":"https:\/\/madame-sensuelle.paris\/fr\/wp-json\/wp\/v2\/product\/111086\/revisions\/119887"}],"wp:attachment":[{"href":"https:\/\/madame-sensuelle.paris\/fr\/wp-json\/wp\/v2\/media?parent=111086"}],"wp:term":[{"taxonomy":"pwb-brand","embeddable":true,"href":"https:\/\/madame-sensuelle.paris\/fr\/wp-json\/wp\/v2\/pwb-brand?post=111086"},{"taxonomy":"product_brand","embeddable":true,"href":"https:\/\/madame-sensuelle.paris\/fr\/wp-json\/wp\/v2\/product_brand?post=111086"},{"taxonomy":"product_cat","embeddable":true,"href":"https:\/\/madame-sensuelle.paris\/fr\/wp-json\/wp\/v2\/product_cat?post=111086"},{"taxonomy":"product_tag","embeddable":true,"href":"https:\/\/madame-sensuelle.paris\/fr\/wp-json\/wp\/v2\/product_tag?post=111086"},{"taxonomy":"giftcard-category","embeddable":true,"href":"https:\/\/madame-sensuelle.paris\/fr\/wp-json\/wp\/v2\/giftcard-category?post=111086"}],"curies":[{"name":"wp","href":"https:\/\/api.w.org\/{rel}","templated":true}]}}