{"id":111723,"date":"2024-11-04T10:44:36","date_gmt":"2024-11-04T10:44:36","guid":{"rendered":"https:\/\/madame-sensuelle.paris\/product\/robe-jaguar-en-vinyle-a-decollete-en-tulle\/"},"modified":"2026-03-30T10:39:36","modified_gmt":"2026-03-30T10:39:36","slug":"robe-jaguar-en-vinyle-a-decollete-en-tulle","status":"publish","type":"product","link":"https:\/\/madame-sensuelle.paris\/fr\/product\/robe-jaguar-en-vinyle-a-decollete-en-tulle\/","title":{"rendered":"Robe Jaguar en vinyle \u00e0 d\u00e9collet\u00e9 en tulle"},"content":{"rendered":"<p>Laissez rugir votre sensualit\u00e9 avec la Robe Jaguar. Son vinyle ultra-glamour \u00e9pouse vos courbes avec audace, tandis que son d\u00e9collet\u00e9 en tulle transparent d\u00e9voile juste ce qu\u2019il faut pour un jeu de s\u00e9duction envo\u00fbtant. \u00c0 la fois f\u00e9line et raffin\u00e9e, cette robe est une arme fatale de charme et de puissance. Osez l\u2019attitude sauvage\u2026 et capturez tous les regards.<\/p>\n","protected":false},"excerpt":{"rendered":"<p>Laissez rugir votre sensualit\u00e9 avec la Robe Jaguar. Son vinyle ultra-glamour \u00e9pouse vos courbes avec audace, tandis que son d\u00e9collet\u00e9 en tulle transparent d\u00e9voile juste ce qu\u2019il faut pour un jeu de s\u00e9duction envo\u00fbtant. \u00c0 la fois f\u00e9line et raffin\u00e9e, cette robe est une arme fatale de charme et de puissance. Osez l\u2019attitude sauvage\u2026 et<\/p>\n","protected":false},"featured_media":111719,"template":"","meta":[],"pwb-brand":[2766],"product_brand":[],"product_cat":[1239,1235,1225],"product_tag":[],"giftcard-category":[],"class_list":{"0":"post-111723","1":"product","2":"type-product","3":"status-publish","4":"has-post-thumbnail","6":"pwb-brand-catanzaro","7":"product_cat-longewear","8":"product_cat-robes-sexy","9":"product_cat-vinyle","11":"first","12":"instock","13":"taxable","14":"shipping-taxable","15":"purchasable","16":"product-type-variable","17":"has-default-attributes"},"yoast_head":"<!-- This site is optimized with the Yoast SEO plugin v27.3 - https:\/\/yoast.com\/product\/yoast-seo-wordpress\/ -->\n<title>Robe Jaguar en vinyle \u00e0 d\u00e9collet\u00e9 en tulle Laissez rugir votre sensualit\u00e9 avec la Robe Jaguar. Son vinyle ultra-glamour \u00e9pouse vos courbes avec audace, tandis que son d\u00e9collet\u00e9 en tulle transparent d\u00e9voile juste ce qu\u2019il faut pour un jeu de s\u00e9duction envo\u00fbtant. \u00c0 la fois f\u00e9line et raffin\u00e9e, cette robe est une arme fatale de charme et de puissance. Osez l\u2019attitude sauvage\u2026 et capturez tous les regards.<\/title>\n<meta name=\"description\" content=\"Le mod\u00e8le Robe Jaguar en vinyle \u00e0 d\u00e9collet\u00e9 en tulle sign\u00e9 CATANZARO, \u00e0 d\u00e9couvrir chez Madame Sensuelle. Essayage VIP disponible.\" \/>\n<meta name=\"robots\" content=\"index, follow, max-snippet:-1, max-image-preview:large, max-video-preview:-1\" \/>\n<link rel=\"canonical\" href=\"https:\/\/madame-sensuelle.paris\/fr\/product\/robe-jaguar-en-vinyle-a-decollete-en-tulle\/\" \/>\n<meta property=\"og:locale\" content=\"fr_FR\" \/>\n<meta property=\"og:type\" content=\"article\" \/>\n<meta property=\"og:title\" content=\"Robe Jaguar en vinyle \u00e0 d\u00e9collet\u00e9 en tulle Laissez rugir votre sensualit\u00e9 avec la Robe Jaguar. Son vinyle ultra-glamour \u00e9pouse vos courbes avec audace, tandis que son d\u00e9collet\u00e9 en tulle transparent d\u00e9voile juste ce qu\u2019il faut pour un jeu de s\u00e9duction envo\u00fbtant. \u00c0 la fois f\u00e9line et raffin\u00e9e, cette robe est une arme fatale de charme et de puissance. Osez l\u2019attitude sauvage\u2026 et capturez tous les regards.\" \/>\n<meta property=\"og:description\" content=\"Le mod\u00e8le Robe Jaguar en vinyle \u00e0 d\u00e9collet\u00e9 en tulle sign\u00e9 CATANZARO, \u00e0 d\u00e9couvrir chez Madame Sensuelle. Essayage VIP disponible.\" \/>\n<meta property=\"og:url\" content=\"https:\/\/madame-sensuelle.paris\/fr\/product\/robe-jaguar-en-vinyle-a-decollete-en-tulle\/\" \/>\n<meta property=\"og:site_name\" content=\"Madame Sensuelle\" \/>\n<meta property=\"article:publisher\" content=\"https:\/\/www.facebook.com\/madamesensuelle\" \/>\n<meta property=\"article:modified_time\" content=\"2026-03-30T10:39:36+00:00\" \/>\n<meta property=\"og:image\" content=\"http:\/\/madame-sensuelle.paris\/wp-content\/uploads\/2024\/11\/XSHD1TJ61204.jpg\" \/>\n\t<meta property=\"og:image:width\" content=\"750\" \/>\n\t<meta property=\"og:image:height\" content=\"750\" \/>\n\t<meta property=\"og:image:type\" content=\"image\/jpeg\" \/>\n<meta name=\"twitter:card\" content=\"summary_large_image\" \/>\n<meta name=\"twitter:label1\" content=\"Dur\u00e9e de lecture estim\u00e9e\" \/>\n\t<meta name=\"twitter:data1\" content=\"1 minute\" \/>\n<script type=\"application\/ld+json\" class=\"yoast-schema-graph\">{\"@context\":\"https:\\\/\\\/schema.org\",\"@graph\":[{\"@type\":\"WebPage\",\"@id\":\"https:\\\/\\\/madame-sensuelle.paris\\\/fr\\\/product\\\/robe-jaguar-en-vinyle-a-decollete-en-tulle\\\/\",\"url\":\"https:\\\/\\\/madame-sensuelle.paris\\\/fr\\\/product\\\/robe-jaguar-en-vinyle-a-decollete-en-tulle\\\/\",\"name\":\"Robe Jaguar en vinyle \u00e0 d\u00e9collet\u00e9 en tulle Laissez rugir votre sensualit\u00e9 avec la Robe Jaguar. Son vinyle ultra-glamour \u00e9pouse vos courbes avec audace, tandis que son d\u00e9collet\u00e9 en tulle transparent d\u00e9voile juste ce qu\u2019il faut pour un jeu de s\u00e9duction envo\u00fbtant. \u00c0 la fois f\u00e9line et raffin\u00e9e, cette robe est une arme fatale de charme et de puissance. Osez l\u2019attitude sauvage\u2026 et capturez tous les regards.\",\"isPartOf\":{\"@id\":\"https:\\\/\\\/madame-sensuelle.paris\\\/fr\\\/#website\"},\"primaryImageOfPage\":{\"@id\":\"https:\\\/\\\/madame-sensuelle.paris\\\/fr\\\/product\\\/robe-jaguar-en-vinyle-a-decollete-en-tulle\\\/#primaryimage\"},\"image\":{\"@id\":\"https:\\\/\\\/madame-sensuelle.paris\\\/fr\\\/product\\\/robe-jaguar-en-vinyle-a-decollete-en-tulle\\\/#primaryimage\"},\"thumbnailUrl\":\"https:\\\/\\\/madame-sensuelle.paris\\\/wp-content\\\/uploads\\\/2024\\\/11\\\/XSHD1TJ61204.jpg\",\"datePublished\":\"2024-11-04T10:44:36+00:00\",\"dateModified\":\"2026-03-30T10:39:36+00:00\",\"description\":\"Le mod\u00e8le Robe Jaguar en vinyle \u00e0 d\u00e9collet\u00e9 en tulle sign\u00e9 CATANZARO, \u00e0 d\u00e9couvrir chez Madame Sensuelle. Essayage VIP disponible.\",\"breadcrumb\":{\"@id\":\"https:\\\/\\\/madame-sensuelle.paris\\\/fr\\\/product\\\/robe-jaguar-en-vinyle-a-decollete-en-tulle\\\/#breadcrumb\"},\"inLanguage\":\"fr-FR\",\"potentialAction\":[{\"@type\":\"ReadAction\",\"target\":[\"https:\\\/\\\/madame-sensuelle.paris\\\/fr\\\/product\\\/robe-jaguar-en-vinyle-a-decollete-en-tulle\\\/\"]}]},{\"@type\":\"ImageObject\",\"inLanguage\":\"fr-FR\",\"@id\":\"https:\\\/\\\/madame-sensuelle.paris\\\/fr\\\/product\\\/robe-jaguar-en-vinyle-a-decollete-en-tulle\\\/#primaryimage\",\"url\":\"https:\\\/\\\/madame-sensuelle.paris\\\/wp-content\\\/uploads\\\/2024\\\/11\\\/XSHD1TJ61204.jpg\",\"contentUrl\":\"https:\\\/\\\/madame-sensuelle.paris\\\/wp-content\\\/uploads\\\/2024\\\/11\\\/XSHD1TJ61204.jpg\",\"width\":750,\"height\":750},{\"@type\":\"BreadcrumbList\",\"@id\":\"https:\\\/\\\/madame-sensuelle.paris\\\/fr\\\/product\\\/robe-jaguar-en-vinyle-a-decollete-en-tulle\\\/#breadcrumb\",\"itemListElement\":[{\"@type\":\"ListItem\",\"position\":1,\"name\":\"Acceuil\",\"item\":\"https:\\\/\\\/madame-sensuelle.paris\\\/fr\\\/\"},{\"@type\":\"ListItem\",\"position\":2,\"name\":\"Catalogue\",\"item\":\"https:\\\/\\\/madame-sensuelle.paris\\\/fr\\\/catalogue\\\/\"},{\"@type\":\"ListItem\",\"position\":3,\"name\":\"CATANZARO\",\"item\":\"https:\\\/\\\/madame-sensuelle.paris\\\/fr\\\/brand\\\/catanzaro\\\/\"},{\"@type\":\"ListItem\",\"position\":4,\"name\":\"Robe Jaguar en vinyle \u00e0 d\u00e9collet\u00e9 en tulle\"}]},{\"@type\":\"WebSite\",\"@id\":\"https:\\\/\\\/madame-sensuelle.paris\\\/fr\\\/#website\",\"url\":\"https:\\\/\\\/madame-sensuelle.paris\\\/fr\\\/\",\"name\":\"MADAME SENSUELLE\",\"description\":\"MADAME SENSUELLE: Found the biggest exciting brands of chic &amp; SEXY LINGERIE in Paris Boutique and on the WEB: Aubade, Dita Von Teese, Maison Close, Marjolaine, Bluebella, Atelier Amour, Luxxa, Catanzaro, Gracija Rim. You will found the big pleasure of sexy belt or bra make for you\",\"publisher\":{\"@id\":\"https:\\\/\\\/madame-sensuelle.paris\\\/fr\\\/#organization\"},\"potentialAction\":[{\"@type\":\"SearchAction\",\"target\":{\"@type\":\"EntryPoint\",\"urlTemplate\":\"https:\\\/\\\/madame-sensuelle.paris\\\/fr\\\/?s={search_term_string}\"},\"query-input\":{\"@type\":\"PropertyValueSpecification\",\"valueRequired\":true,\"valueName\":\"search_term_string\"}}],\"inLanguage\":\"fr-FR\"},{\"@type\":\"Organization\",\"@id\":\"https:\\\/\\\/madame-sensuelle.paris\\\/fr\\\/#organization\",\"name\":\"Madame Sensuelle\",\"url\":\"https:\\\/\\\/madame-sensuelle.paris\\\/fr\\\/\",\"logo\":{\"@type\":\"ImageObject\",\"inLanguage\":\"fr-FR\",\"@id\":\"https:\\\/\\\/madame-sensuelle.paris\\\/fr\\\/#\\\/schema\\\/logo\\\/image\\\/\",\"url\":\"https:\\\/\\\/madame-sensuelle.paris\\\/wp-content\\\/uploads\\\/2024\\\/12\\\/logo_a-1-1_696.webp\",\"contentUrl\":\"https:\\\/\\\/madame-sensuelle.paris\\\/wp-content\\\/uploads\\\/2024\\\/12\\\/logo_a-1-1_696.webp\",\"width\":696,\"height\":696,\"caption\":\"Madame Sensuelle\"},\"image\":{\"@id\":\"https:\\\/\\\/madame-sensuelle.paris\\\/fr\\\/#\\\/schema\\\/logo\\\/image\\\/\"},\"sameAs\":[\"https:\\\/\\\/www.facebook.com\\\/madamesensuelle\",\"https:\\\/\\\/www.instagram.com\\\/madame_sensuelle\\\/\"]}]}<\/script>\n<!-- \/ Yoast SEO plugin. -->","yoast_head_json":{"title":"Robe Jaguar en vinyle \u00e0 d\u00e9collet\u00e9 en tulle Laissez rugir votre sensualit\u00e9 avec la Robe Jaguar. Son vinyle ultra-glamour \u00e9pouse vos courbes avec audace, tandis que son d\u00e9collet\u00e9 en tulle transparent d\u00e9voile juste ce qu\u2019il faut pour un jeu de s\u00e9duction envo\u00fbtant. \u00c0 la fois f\u00e9line et raffin\u00e9e, cette robe est une arme fatale de charme et de puissance. Osez l\u2019attitude sauvage\u2026 et capturez tous les regards.","description":"Le mod\u00e8le Robe Jaguar en vinyle \u00e0 d\u00e9collet\u00e9 en tulle sign\u00e9 CATANZARO, \u00e0 d\u00e9couvrir chez Madame Sensuelle. Essayage VIP disponible.","robots":{"index":"index","follow":"follow","max-snippet":"max-snippet:-1","max-image-preview":"max-image-preview:large","max-video-preview":"max-video-preview:-1"},"canonical":"https:\/\/madame-sensuelle.paris\/fr\/product\/robe-jaguar-en-vinyle-a-decollete-en-tulle\/","og_locale":"fr_FR","og_type":"article","og_title":"Robe Jaguar en vinyle \u00e0 d\u00e9collet\u00e9 en tulle Laissez rugir votre sensualit\u00e9 avec la Robe Jaguar. Son vinyle ultra-glamour \u00e9pouse vos courbes avec audace, tandis que son d\u00e9collet\u00e9 en tulle transparent d\u00e9voile juste ce qu\u2019il faut pour un jeu de s\u00e9duction envo\u00fbtant. \u00c0 la fois f\u00e9line et raffin\u00e9e, cette robe est une arme fatale de charme et de puissance. Osez l\u2019attitude sauvage\u2026 et capturez tous les regards.","og_description":"Le mod\u00e8le Robe Jaguar en vinyle \u00e0 d\u00e9collet\u00e9 en tulle sign\u00e9 CATANZARO, \u00e0 d\u00e9couvrir chez Madame Sensuelle. Essayage VIP disponible.","og_url":"https:\/\/madame-sensuelle.paris\/fr\/product\/robe-jaguar-en-vinyle-a-decollete-en-tulle\/","og_site_name":"Madame Sensuelle","article_publisher":"https:\/\/www.facebook.com\/madamesensuelle","article_modified_time":"2026-03-30T10:39:36+00:00","og_image":[{"width":750,"height":750,"url":"http:\/\/madame-sensuelle.paris\/wp-content\/uploads\/2024\/11\/XSHD1TJ61204.jpg","type":"image\/jpeg"}],"twitter_card":"summary_large_image","twitter_misc":{"Dur\u00e9e de lecture estim\u00e9e":"1 minute"},"schema":{"@context":"https:\/\/schema.org","@graph":[{"@type":"WebPage","@id":"https:\/\/madame-sensuelle.paris\/fr\/product\/robe-jaguar-en-vinyle-a-decollete-en-tulle\/","url":"https:\/\/madame-sensuelle.paris\/fr\/product\/robe-jaguar-en-vinyle-a-decollete-en-tulle\/","name":"Robe Jaguar en vinyle \u00e0 d\u00e9collet\u00e9 en tulle Laissez rugir votre sensualit\u00e9 avec la Robe Jaguar. Son vinyle ultra-glamour \u00e9pouse vos courbes avec audace, tandis que son d\u00e9collet\u00e9 en tulle transparent d\u00e9voile juste ce qu\u2019il faut pour un jeu de s\u00e9duction envo\u00fbtant. \u00c0 la fois f\u00e9line et raffin\u00e9e, cette robe est une arme fatale de charme et de puissance. Osez l\u2019attitude sauvage\u2026 et capturez tous les regards.","isPartOf":{"@id":"https:\/\/madame-sensuelle.paris\/fr\/#website"},"primaryImageOfPage":{"@id":"https:\/\/madame-sensuelle.paris\/fr\/product\/robe-jaguar-en-vinyle-a-decollete-en-tulle\/#primaryimage"},"image":{"@id":"https:\/\/madame-sensuelle.paris\/fr\/product\/robe-jaguar-en-vinyle-a-decollete-en-tulle\/#primaryimage"},"thumbnailUrl":"https:\/\/madame-sensuelle.paris\/wp-content\/uploads\/2024\/11\/XSHD1TJ61204.jpg","datePublished":"2024-11-04T10:44:36+00:00","dateModified":"2026-03-30T10:39:36+00:00","description":"Le mod\u00e8le Robe Jaguar en vinyle \u00e0 d\u00e9collet\u00e9 en tulle sign\u00e9 CATANZARO, \u00e0 d\u00e9couvrir chez Madame Sensuelle. Essayage VIP disponible.","breadcrumb":{"@id":"https:\/\/madame-sensuelle.paris\/fr\/product\/robe-jaguar-en-vinyle-a-decollete-en-tulle\/#breadcrumb"},"inLanguage":"fr-FR","potentialAction":[{"@type":"ReadAction","target":["https:\/\/madame-sensuelle.paris\/fr\/product\/robe-jaguar-en-vinyle-a-decollete-en-tulle\/"]}]},{"@type":"ImageObject","inLanguage":"fr-FR","@id":"https:\/\/madame-sensuelle.paris\/fr\/product\/robe-jaguar-en-vinyle-a-decollete-en-tulle\/#primaryimage","url":"https:\/\/madame-sensuelle.paris\/wp-content\/uploads\/2024\/11\/XSHD1TJ61204.jpg","contentUrl":"https:\/\/madame-sensuelle.paris\/wp-content\/uploads\/2024\/11\/XSHD1TJ61204.jpg","width":750,"height":750},{"@type":"BreadcrumbList","@id":"https:\/\/madame-sensuelle.paris\/fr\/product\/robe-jaguar-en-vinyle-a-decollete-en-tulle\/#breadcrumb","itemListElement":[{"@type":"ListItem","position":1,"name":"Acceuil","item":"https:\/\/madame-sensuelle.paris\/fr\/"},{"@type":"ListItem","position":2,"name":"Catalogue","item":"https:\/\/madame-sensuelle.paris\/fr\/catalogue\/"},{"@type":"ListItem","position":3,"name":"CATANZARO","item":"https:\/\/madame-sensuelle.paris\/fr\/brand\/catanzaro\/"},{"@type":"ListItem","position":4,"name":"Robe Jaguar en vinyle \u00e0 d\u00e9collet\u00e9 en tulle"}]},{"@type":"WebSite","@id":"https:\/\/madame-sensuelle.paris\/fr\/#website","url":"https:\/\/madame-sensuelle.paris\/fr\/","name":"MADAME SENSUELLE","description":"MADAME SENSUELLE: Found the biggest exciting brands of chic &amp; SEXY LINGERIE in Paris Boutique and on the WEB: Aubade, Dita Von Teese, Maison Close, Marjolaine, Bluebella, Atelier Amour, Luxxa, Catanzaro, Gracija Rim. You will found the big pleasure of sexy belt or bra make for you","publisher":{"@id":"https:\/\/madame-sensuelle.paris\/fr\/#organization"},"potentialAction":[{"@type":"SearchAction","target":{"@type":"EntryPoint","urlTemplate":"https:\/\/madame-sensuelle.paris\/fr\/?s={search_term_string}"},"query-input":{"@type":"PropertyValueSpecification","valueRequired":true,"valueName":"search_term_string"}}],"inLanguage":"fr-FR"},{"@type":"Organization","@id":"https:\/\/madame-sensuelle.paris\/fr\/#organization","name":"Madame Sensuelle","url":"https:\/\/madame-sensuelle.paris\/fr\/","logo":{"@type":"ImageObject","inLanguage":"fr-FR","@id":"https:\/\/madame-sensuelle.paris\/fr\/#\/schema\/logo\/image\/","url":"https:\/\/madame-sensuelle.paris\/wp-content\/uploads\/2024\/12\/logo_a-1-1_696.webp","contentUrl":"https:\/\/madame-sensuelle.paris\/wp-content\/uploads\/2024\/12\/logo_a-1-1_696.webp","width":696,"height":696,"caption":"Madame Sensuelle"},"image":{"@id":"https:\/\/madame-sensuelle.paris\/fr\/#\/schema\/logo\/image\/"},"sameAs":["https:\/\/www.facebook.com\/madamesensuelle","https:\/\/www.instagram.com\/madame_sensuelle\/"]}]}},"brands":[{"id":2766,"name":"CATANZARO","slug":"catanzaro"}],"_links":{"self":[{"href":"https:\/\/madame-sensuelle.paris\/fr\/wp-json\/wp\/v2\/product\/111723","targetHints":{"allow":["GET"]}}],"collection":[{"href":"https:\/\/madame-sensuelle.paris\/fr\/wp-json\/wp\/v2\/product"}],"about":[{"href":"https:\/\/madame-sensuelle.paris\/fr\/wp-json\/wp\/v2\/types\/product"}],"version-history":[{"count":1,"href":"https:\/\/madame-sensuelle.paris\/fr\/wp-json\/wp\/v2\/product\/111723\/revisions"}],"predecessor-version":[{"id":117422,"href":"https:\/\/madame-sensuelle.paris\/fr\/wp-json\/wp\/v2\/product\/111723\/revisions\/117422"}],"wp:featuredmedia":[{"embeddable":true,"href":"https:\/\/madame-sensuelle.paris\/fr\/wp-json\/wp\/v2\/media\/111719"}],"wp:attachment":[{"href":"https:\/\/madame-sensuelle.paris\/fr\/wp-json\/wp\/v2\/media?parent=111723"}],"wp:term":[{"taxonomy":"pwb-brand","embeddable":true,"href":"https:\/\/madame-sensuelle.paris\/fr\/wp-json\/wp\/v2\/pwb-brand?post=111723"},{"taxonomy":"product_brand","embeddable":true,"href":"https:\/\/madame-sensuelle.paris\/fr\/wp-json\/wp\/v2\/product_brand?post=111723"},{"taxonomy":"product_cat","embeddable":true,"href":"https:\/\/madame-sensuelle.paris\/fr\/wp-json\/wp\/v2\/product_cat?post=111723"},{"taxonomy":"product_tag","embeddable":true,"href":"https:\/\/madame-sensuelle.paris\/fr\/wp-json\/wp\/v2\/product_tag?post=111723"},{"taxonomy":"giftcard-category","embeddable":true,"href":"https:\/\/madame-sensuelle.paris\/fr\/wp-json\/wp\/v2\/giftcard-category?post=111723"}],"curies":[{"name":"wp","href":"https:\/\/api.w.org\/{rel}","templated":true}]}}