{"id":111732,"date":"2024-11-04T10:46:06","date_gmt":"2024-11-04T10:46:06","guid":{"rendered":"https:\/\/madame-sensuelle.paris\/product\/robe-en-tulle-azia-a-zip-sur-le-dos\/"},"modified":"2026-03-29T14:07:40","modified_gmt":"2026-03-29T14:07:40","slug":"robe-en-tulle-azia-a-zip-sur-le-dos","status":"publish","type":"product","link":"https:\/\/madame-sensuelle.paris\/fr\/product\/robe-en-tulle-azia-a-zip-sur-le-dos\/","title":{"rendered":"Robe en tulle Azia \u00e0 zip sur le dos"},"content":{"rendered":"<p>Plongez dans l\u2019\u00e9l\u00e9gance envo\u00fbtante de la Robe en tulle Azia. Avec sa coupe divine et son tulle vaporeux, cette robe rouge incarne la passion et le myst\u00e8re. Son dos zipp\u00e9 d\u00e9voile juste ce qu\u2019il faut de sensualit\u00e9, tandis que son tissu d\u00e9licat caresse la peau \u00e0 chaque mouvement. Audacieuse, envo\u00fbtante et r\u00e9solument glamour, elle est parfaite pour celles qui veulent captiver tous les regards. Laissez-vous s\u00e9duire\u2026 et faites sensation.<\/p>\n","protected":false},"excerpt":{"rendered":"<p>Plongez dans l\u2019\u00e9l\u00e9gance envo\u00fbtante de la Robe en tulle Azia. Avec sa coupe divine et son tulle vaporeux, cette robe rouge incarne la passion et le myst\u00e8re. Son dos zipp\u00e9 d\u00e9voile juste ce qu\u2019il faut de sensualit\u00e9, tandis que son tissu d\u00e9licat caresse la peau \u00e0 chaque mouvement. Audacieuse, envo\u00fbtante et r\u00e9solument glamour, elle est<\/p>\n","protected":false},"featured_media":111728,"template":"","meta":[],"pwb-brand":[2766],"product_brand":[],"product_cat":[1239,1235],"product_tag":[],"giftcard-category":[],"class_list":{"0":"post-111732","1":"product","2":"type-product","3":"status-publish","4":"has-post-thumbnail","6":"pwb-brand-catanzaro","7":"product_cat-longewear","8":"product_cat-robes-sexy","10":"first","11":"outofstock","12":"taxable","13":"shipping-taxable","14":"purchasable","15":"product-type-variable","16":"has-default-attributes"},"yoast_head":"<!-- This site is optimized with the Yoast SEO plugin v27.3 - https:\/\/yoast.com\/product\/yoast-seo-wordpress\/ -->\n<title>Robe en tulle Azia \u00e0 zip sur le dos Plongez dans l\u2019\u00e9l\u00e9gance envo\u00fbtante de la Robe en tulle Azia. Avec sa coupe divine et son tulle vaporeux, cette robe rouge incarne la passion et le myst\u00e8re. Son dos zipp\u00e9 d\u00e9voile juste ce qu\u2019il faut de sensualit\u00e9, tandis que son tissu d\u00e9licat caresse la peau \u00e0 chaque mouvement. Audacieuse, envo\u00fbtante et r\u00e9solument glamour, elle est parfaite pour celles qui veulent captiver tous les regards. Laissez-vous s\u00e9duire\u2026 et faites sensation.<\/title>\n<meta name=\"description\" content=\"Le mod\u00e8le Robe en tulle Azia \u00e0 zip sur le dos sign\u00e9 CATANZARO, \u00e0 d\u00e9couvrir chez Madame Sensuelle. Essayage VIP disponible.\" \/>\n<meta name=\"robots\" content=\"index, follow, max-snippet:-1, max-image-preview:large, max-video-preview:-1\" \/>\n<link rel=\"canonical\" href=\"https:\/\/madame-sensuelle.paris\/fr\/product\/robe-en-tulle-azia-a-zip-sur-le-dos\/\" \/>\n<meta property=\"og:locale\" content=\"fr_FR\" \/>\n<meta property=\"og:type\" content=\"article\" \/>\n<meta property=\"og:title\" content=\"Robe en tulle Azia \u00e0 zip sur le dos Plongez dans l\u2019\u00e9l\u00e9gance envo\u00fbtante de la Robe en tulle Azia. Avec sa coupe divine et son tulle vaporeux, cette robe rouge incarne la passion et le myst\u00e8re. Son dos zipp\u00e9 d\u00e9voile juste ce qu\u2019il faut de sensualit\u00e9, tandis que son tissu d\u00e9licat caresse la peau \u00e0 chaque mouvement. Audacieuse, envo\u00fbtante et r\u00e9solument glamour, elle est parfaite pour celles qui veulent captiver tous les regards. Laissez-vous s\u00e9duire\u2026 et faites sensation.\" \/>\n<meta property=\"og:description\" content=\"Le mod\u00e8le Robe en tulle Azia \u00e0 zip sur le dos sign\u00e9 CATANZARO, \u00e0 d\u00e9couvrir chez Madame Sensuelle. Essayage VIP disponible.\" \/>\n<meta property=\"og:url\" content=\"https:\/\/madame-sensuelle.paris\/fr\/product\/robe-en-tulle-azia-a-zip-sur-le-dos\/\" \/>\n<meta property=\"og:site_name\" content=\"Madame Sensuelle\" \/>\n<meta property=\"article:publisher\" content=\"https:\/\/www.facebook.com\/madamesensuelle\" \/>\n<meta property=\"article:modified_time\" content=\"2026-03-29T14:07:40+00:00\" \/>\n<meta property=\"og:image\" content=\"http:\/\/madame-sensuelle.paris\/wp-content\/uploads\/2024\/11\/XSHD1TJ61231.jpg\" \/>\n\t<meta property=\"og:image:width\" content=\"750\" \/>\n\t<meta property=\"og:image:height\" content=\"750\" \/>\n\t<meta property=\"og:image:type\" content=\"image\/jpeg\" \/>\n<meta name=\"twitter:card\" content=\"summary_large_image\" \/>\n<meta name=\"twitter:label1\" content=\"Dur\u00e9e de lecture estim\u00e9e\" \/>\n\t<meta name=\"twitter:data1\" content=\"1 minute\" \/>\n<script type=\"application\/ld+json\" class=\"yoast-schema-graph\">{\"@context\":\"https:\\\/\\\/schema.org\",\"@graph\":[{\"@type\":\"WebPage\",\"@id\":\"https:\\\/\\\/madame-sensuelle.paris\\\/fr\\\/product\\\/robe-en-tulle-azia-a-zip-sur-le-dos\\\/\",\"url\":\"https:\\\/\\\/madame-sensuelle.paris\\\/fr\\\/product\\\/robe-en-tulle-azia-a-zip-sur-le-dos\\\/\",\"name\":\"Robe en tulle Azia \u00e0 zip sur le dos Plongez dans l\u2019\u00e9l\u00e9gance envo\u00fbtante de la Robe en tulle Azia. Avec sa coupe divine et son tulle vaporeux, cette robe rouge incarne la passion et le myst\u00e8re. Son dos zipp\u00e9 d\u00e9voile juste ce qu\u2019il faut de sensualit\u00e9, tandis que son tissu d\u00e9licat caresse la peau \u00e0 chaque mouvement. Audacieuse, envo\u00fbtante et r\u00e9solument glamour, elle est parfaite pour celles qui veulent captiver tous les regards. Laissez-vous s\u00e9duire\u2026 et faites sensation.\",\"isPartOf\":{\"@id\":\"https:\\\/\\\/madame-sensuelle.paris\\\/fr\\\/#website\"},\"primaryImageOfPage\":{\"@id\":\"https:\\\/\\\/madame-sensuelle.paris\\\/fr\\\/product\\\/robe-en-tulle-azia-a-zip-sur-le-dos\\\/#primaryimage\"},\"image\":{\"@id\":\"https:\\\/\\\/madame-sensuelle.paris\\\/fr\\\/product\\\/robe-en-tulle-azia-a-zip-sur-le-dos\\\/#primaryimage\"},\"thumbnailUrl\":\"https:\\\/\\\/madame-sensuelle.paris\\\/wp-content\\\/uploads\\\/2024\\\/11\\\/XSHD1TJ61231.jpg\",\"datePublished\":\"2024-11-04T10:46:06+00:00\",\"dateModified\":\"2026-03-29T14:07:40+00:00\",\"description\":\"Le mod\u00e8le Robe en tulle Azia \u00e0 zip sur le dos sign\u00e9 CATANZARO, \u00e0 d\u00e9couvrir chez Madame Sensuelle. Essayage VIP disponible.\",\"breadcrumb\":{\"@id\":\"https:\\\/\\\/madame-sensuelle.paris\\\/fr\\\/product\\\/robe-en-tulle-azia-a-zip-sur-le-dos\\\/#breadcrumb\"},\"inLanguage\":\"fr-FR\",\"potentialAction\":[{\"@type\":\"ReadAction\",\"target\":[\"https:\\\/\\\/madame-sensuelle.paris\\\/fr\\\/product\\\/robe-en-tulle-azia-a-zip-sur-le-dos\\\/\"]}]},{\"@type\":\"ImageObject\",\"inLanguage\":\"fr-FR\",\"@id\":\"https:\\\/\\\/madame-sensuelle.paris\\\/fr\\\/product\\\/robe-en-tulle-azia-a-zip-sur-le-dos\\\/#primaryimage\",\"url\":\"https:\\\/\\\/madame-sensuelle.paris\\\/wp-content\\\/uploads\\\/2024\\\/11\\\/XSHD1TJ61231.jpg\",\"contentUrl\":\"https:\\\/\\\/madame-sensuelle.paris\\\/wp-content\\\/uploads\\\/2024\\\/11\\\/XSHD1TJ61231.jpg\",\"width\":750,\"height\":750},{\"@type\":\"BreadcrumbList\",\"@id\":\"https:\\\/\\\/madame-sensuelle.paris\\\/fr\\\/product\\\/robe-en-tulle-azia-a-zip-sur-le-dos\\\/#breadcrumb\",\"itemListElement\":[{\"@type\":\"ListItem\",\"position\":1,\"name\":\"Acceuil\",\"item\":\"https:\\\/\\\/madame-sensuelle.paris\\\/fr\\\/\"},{\"@type\":\"ListItem\",\"position\":2,\"name\":\"Catalogue\",\"item\":\"https:\\\/\\\/madame-sensuelle.paris\\\/fr\\\/catalogue\\\/\"},{\"@type\":\"ListItem\",\"position\":3,\"name\":\"CATANZARO\",\"item\":\"https:\\\/\\\/madame-sensuelle.paris\\\/fr\\\/brand\\\/catanzaro\\\/\"},{\"@type\":\"ListItem\",\"position\":4,\"name\":\"Robe en tulle Azia \u00e0 zip sur le dos\"}]},{\"@type\":\"WebSite\",\"@id\":\"https:\\\/\\\/madame-sensuelle.paris\\\/fr\\\/#website\",\"url\":\"https:\\\/\\\/madame-sensuelle.paris\\\/fr\\\/\",\"name\":\"MADAME SENSUELLE\",\"description\":\"MADAME SENSUELLE: Found the biggest exciting brands of chic &amp; SEXY LINGERIE in Paris Boutique and on the WEB: Aubade, Dita Von Teese, Maison Close, Marjolaine, Bluebella, Atelier Amour, Luxxa, Catanzaro, Gracija Rim. You will found the big pleasure of sexy belt or bra make for you\",\"publisher\":{\"@id\":\"https:\\\/\\\/madame-sensuelle.paris\\\/fr\\\/#organization\"},\"potentialAction\":[{\"@type\":\"SearchAction\",\"target\":{\"@type\":\"EntryPoint\",\"urlTemplate\":\"https:\\\/\\\/madame-sensuelle.paris\\\/fr\\\/?s={search_term_string}\"},\"query-input\":{\"@type\":\"PropertyValueSpecification\",\"valueRequired\":true,\"valueName\":\"search_term_string\"}}],\"inLanguage\":\"fr-FR\"},{\"@type\":\"Organization\",\"@id\":\"https:\\\/\\\/madame-sensuelle.paris\\\/fr\\\/#organization\",\"name\":\"Madame Sensuelle\",\"url\":\"https:\\\/\\\/madame-sensuelle.paris\\\/fr\\\/\",\"logo\":{\"@type\":\"ImageObject\",\"inLanguage\":\"fr-FR\",\"@id\":\"https:\\\/\\\/madame-sensuelle.paris\\\/fr\\\/#\\\/schema\\\/logo\\\/image\\\/\",\"url\":\"https:\\\/\\\/madame-sensuelle.paris\\\/wp-content\\\/uploads\\\/2024\\\/12\\\/logo_a-1-1_696.webp\",\"contentUrl\":\"https:\\\/\\\/madame-sensuelle.paris\\\/wp-content\\\/uploads\\\/2024\\\/12\\\/logo_a-1-1_696.webp\",\"width\":696,\"height\":696,\"caption\":\"Madame Sensuelle\"},\"image\":{\"@id\":\"https:\\\/\\\/madame-sensuelle.paris\\\/fr\\\/#\\\/schema\\\/logo\\\/image\\\/\"},\"sameAs\":[\"https:\\\/\\\/www.facebook.com\\\/madamesensuelle\",\"https:\\\/\\\/www.instagram.com\\\/madame_sensuelle\\\/\"]}]}<\/script>\n<!-- \/ Yoast SEO plugin. -->","yoast_head_json":{"title":"Robe en tulle Azia \u00e0 zip sur le dos Plongez dans l\u2019\u00e9l\u00e9gance envo\u00fbtante de la Robe en tulle Azia. Avec sa coupe divine et son tulle vaporeux, cette robe rouge incarne la passion et le myst\u00e8re. Son dos zipp\u00e9 d\u00e9voile juste ce qu\u2019il faut de sensualit\u00e9, tandis que son tissu d\u00e9licat caresse la peau \u00e0 chaque mouvement. Audacieuse, envo\u00fbtante et r\u00e9solument glamour, elle est parfaite pour celles qui veulent captiver tous les regards. Laissez-vous s\u00e9duire\u2026 et faites sensation.","description":"Le mod\u00e8le Robe en tulle Azia \u00e0 zip sur le dos sign\u00e9 CATANZARO, \u00e0 d\u00e9couvrir chez Madame Sensuelle. Essayage VIP disponible.","robots":{"index":"index","follow":"follow","max-snippet":"max-snippet:-1","max-image-preview":"max-image-preview:large","max-video-preview":"max-video-preview:-1"},"canonical":"https:\/\/madame-sensuelle.paris\/fr\/product\/robe-en-tulle-azia-a-zip-sur-le-dos\/","og_locale":"fr_FR","og_type":"article","og_title":"Robe en tulle Azia \u00e0 zip sur le dos Plongez dans l\u2019\u00e9l\u00e9gance envo\u00fbtante de la Robe en tulle Azia. Avec sa coupe divine et son tulle vaporeux, cette robe rouge incarne la passion et le myst\u00e8re. Son dos zipp\u00e9 d\u00e9voile juste ce qu\u2019il faut de sensualit\u00e9, tandis que son tissu d\u00e9licat caresse la peau \u00e0 chaque mouvement. Audacieuse, envo\u00fbtante et r\u00e9solument glamour, elle est parfaite pour celles qui veulent captiver tous les regards. Laissez-vous s\u00e9duire\u2026 et faites sensation.","og_description":"Le mod\u00e8le Robe en tulle Azia \u00e0 zip sur le dos sign\u00e9 CATANZARO, \u00e0 d\u00e9couvrir chez Madame Sensuelle. Essayage VIP disponible.","og_url":"https:\/\/madame-sensuelle.paris\/fr\/product\/robe-en-tulle-azia-a-zip-sur-le-dos\/","og_site_name":"Madame Sensuelle","article_publisher":"https:\/\/www.facebook.com\/madamesensuelle","article_modified_time":"2026-03-29T14:07:40+00:00","og_image":[{"width":750,"height":750,"url":"http:\/\/madame-sensuelle.paris\/wp-content\/uploads\/2024\/11\/XSHD1TJ61231.jpg","type":"image\/jpeg"}],"twitter_card":"summary_large_image","twitter_misc":{"Dur\u00e9e de lecture estim\u00e9e":"1 minute"},"schema":{"@context":"https:\/\/schema.org","@graph":[{"@type":"WebPage","@id":"https:\/\/madame-sensuelle.paris\/fr\/product\/robe-en-tulle-azia-a-zip-sur-le-dos\/","url":"https:\/\/madame-sensuelle.paris\/fr\/product\/robe-en-tulle-azia-a-zip-sur-le-dos\/","name":"Robe en tulle Azia \u00e0 zip sur le dos Plongez dans l\u2019\u00e9l\u00e9gance envo\u00fbtante de la Robe en tulle Azia. Avec sa coupe divine et son tulle vaporeux, cette robe rouge incarne la passion et le myst\u00e8re. Son dos zipp\u00e9 d\u00e9voile juste ce qu\u2019il faut de sensualit\u00e9, tandis que son tissu d\u00e9licat caresse la peau \u00e0 chaque mouvement. Audacieuse, envo\u00fbtante et r\u00e9solument glamour, elle est parfaite pour celles qui veulent captiver tous les regards. Laissez-vous s\u00e9duire\u2026 et faites sensation.","isPartOf":{"@id":"https:\/\/madame-sensuelle.paris\/fr\/#website"},"primaryImageOfPage":{"@id":"https:\/\/madame-sensuelle.paris\/fr\/product\/robe-en-tulle-azia-a-zip-sur-le-dos\/#primaryimage"},"image":{"@id":"https:\/\/madame-sensuelle.paris\/fr\/product\/robe-en-tulle-azia-a-zip-sur-le-dos\/#primaryimage"},"thumbnailUrl":"https:\/\/madame-sensuelle.paris\/wp-content\/uploads\/2024\/11\/XSHD1TJ61231.jpg","datePublished":"2024-11-04T10:46:06+00:00","dateModified":"2026-03-29T14:07:40+00:00","description":"Le mod\u00e8le Robe en tulle Azia \u00e0 zip sur le dos sign\u00e9 CATANZARO, \u00e0 d\u00e9couvrir chez Madame Sensuelle. Essayage VIP disponible.","breadcrumb":{"@id":"https:\/\/madame-sensuelle.paris\/fr\/product\/robe-en-tulle-azia-a-zip-sur-le-dos\/#breadcrumb"},"inLanguage":"fr-FR","potentialAction":[{"@type":"ReadAction","target":["https:\/\/madame-sensuelle.paris\/fr\/product\/robe-en-tulle-azia-a-zip-sur-le-dos\/"]}]},{"@type":"ImageObject","inLanguage":"fr-FR","@id":"https:\/\/madame-sensuelle.paris\/fr\/product\/robe-en-tulle-azia-a-zip-sur-le-dos\/#primaryimage","url":"https:\/\/madame-sensuelle.paris\/wp-content\/uploads\/2024\/11\/XSHD1TJ61231.jpg","contentUrl":"https:\/\/madame-sensuelle.paris\/wp-content\/uploads\/2024\/11\/XSHD1TJ61231.jpg","width":750,"height":750},{"@type":"BreadcrumbList","@id":"https:\/\/madame-sensuelle.paris\/fr\/product\/robe-en-tulle-azia-a-zip-sur-le-dos\/#breadcrumb","itemListElement":[{"@type":"ListItem","position":1,"name":"Acceuil","item":"https:\/\/madame-sensuelle.paris\/fr\/"},{"@type":"ListItem","position":2,"name":"Catalogue","item":"https:\/\/madame-sensuelle.paris\/fr\/catalogue\/"},{"@type":"ListItem","position":3,"name":"CATANZARO","item":"https:\/\/madame-sensuelle.paris\/fr\/brand\/catanzaro\/"},{"@type":"ListItem","position":4,"name":"Robe en tulle Azia \u00e0 zip sur le dos"}]},{"@type":"WebSite","@id":"https:\/\/madame-sensuelle.paris\/fr\/#website","url":"https:\/\/madame-sensuelle.paris\/fr\/","name":"MADAME SENSUELLE","description":"MADAME SENSUELLE: Found the biggest exciting brands of chic &amp; SEXY LINGERIE in Paris Boutique and on the WEB: Aubade, Dita Von Teese, Maison Close, Marjolaine, Bluebella, Atelier Amour, Luxxa, Catanzaro, Gracija Rim. You will found the big pleasure of sexy belt or bra make for you","publisher":{"@id":"https:\/\/madame-sensuelle.paris\/fr\/#organization"},"potentialAction":[{"@type":"SearchAction","target":{"@type":"EntryPoint","urlTemplate":"https:\/\/madame-sensuelle.paris\/fr\/?s={search_term_string}"},"query-input":{"@type":"PropertyValueSpecification","valueRequired":true,"valueName":"search_term_string"}}],"inLanguage":"fr-FR"},{"@type":"Organization","@id":"https:\/\/madame-sensuelle.paris\/fr\/#organization","name":"Madame Sensuelle","url":"https:\/\/madame-sensuelle.paris\/fr\/","logo":{"@type":"ImageObject","inLanguage":"fr-FR","@id":"https:\/\/madame-sensuelle.paris\/fr\/#\/schema\/logo\/image\/","url":"https:\/\/madame-sensuelle.paris\/wp-content\/uploads\/2024\/12\/logo_a-1-1_696.webp","contentUrl":"https:\/\/madame-sensuelle.paris\/wp-content\/uploads\/2024\/12\/logo_a-1-1_696.webp","width":696,"height":696,"caption":"Madame Sensuelle"},"image":{"@id":"https:\/\/madame-sensuelle.paris\/fr\/#\/schema\/logo\/image\/"},"sameAs":["https:\/\/www.facebook.com\/madamesensuelle","https:\/\/www.instagram.com\/madame_sensuelle\/"]}]}},"brands":[{"id":2766,"name":"CATANZARO","slug":"catanzaro"}],"_links":{"self":[{"href":"https:\/\/madame-sensuelle.paris\/fr\/wp-json\/wp\/v2\/product\/111732","targetHints":{"allow":["GET"]}}],"collection":[{"href":"https:\/\/madame-sensuelle.paris\/fr\/wp-json\/wp\/v2\/product"}],"about":[{"href":"https:\/\/madame-sensuelle.paris\/fr\/wp-json\/wp\/v2\/types\/product"}],"version-history":[{"count":1,"href":"https:\/\/madame-sensuelle.paris\/fr\/wp-json\/wp\/v2\/product\/111732\/revisions"}],"predecessor-version":[{"id":117414,"href":"https:\/\/madame-sensuelle.paris\/fr\/wp-json\/wp\/v2\/product\/111732\/revisions\/117414"}],"wp:featuredmedia":[{"embeddable":true,"href":"https:\/\/madame-sensuelle.paris\/fr\/wp-json\/wp\/v2\/media\/111728"}],"wp:attachment":[{"href":"https:\/\/madame-sensuelle.paris\/fr\/wp-json\/wp\/v2\/media?parent=111732"}],"wp:term":[{"taxonomy":"pwb-brand","embeddable":true,"href":"https:\/\/madame-sensuelle.paris\/fr\/wp-json\/wp\/v2\/pwb-brand?post=111732"},{"taxonomy":"product_brand","embeddable":true,"href":"https:\/\/madame-sensuelle.paris\/fr\/wp-json\/wp\/v2\/product_brand?post=111732"},{"taxonomy":"product_cat","embeddable":true,"href":"https:\/\/madame-sensuelle.paris\/fr\/wp-json\/wp\/v2\/product_cat?post=111732"},{"taxonomy":"product_tag","embeddable":true,"href":"https:\/\/madame-sensuelle.paris\/fr\/wp-json\/wp\/v2\/product_tag?post=111732"},{"taxonomy":"giftcard-category","embeddable":true,"href":"https:\/\/madame-sensuelle.paris\/fr\/wp-json\/wp\/v2\/giftcard-category?post=111732"}],"curies":[{"name":"wp","href":"https:\/\/api.w.org\/{rel}","templated":true}]}}