{"id":111822,"date":"2024-11-06T11:06:04","date_gmt":"2024-11-06T11:06:04","guid":{"rendered":"https:\/\/madame-sensuelle.paris\/product\/robe-longue-smoldering-en-tulle-avec-decollete-plongeant-et-decoupes-sur-les-manches\/"},"modified":"2026-03-30T06:32:02","modified_gmt":"2026-03-30T06:32:02","slug":"robe-longue-smoldering-en-tulle-avec-decollete-plongeant-et-decoupes-sur-les-manches","status":"publish","type":"product","link":"https:\/\/madame-sensuelle.paris\/fr\/product\/robe-longue-smoldering-en-tulle-avec-decollete-plongeant-et-decoupes-sur-les-manches\/","title":{"rendered":"Robe longue Smoldering en tulle avec d\u00e9collet\u00e9 plongeant et d\u00e9coupes sur les manches"},"content":{"rendered":"<h3 data-start=\"0\" data-end=\"70\"><strong data-start=\"4\" data-end=\"68\">Robe Longue Smoldering \u2013 \u00c9clat et Sensualit\u00e9 en Transparence<\/strong><\/h3>\n<p data-start=\"72\" data-end=\"417\">Laissez-vous envo\u00fbter par l\u2019\u00e9l\u00e9gance envo\u00fbtante de la <strong data-start=\"126\" data-end=\"145\">Robe Smoldering<\/strong>, une pi\u00e8ce o\u00f9 la <strong data-start=\"163\" data-end=\"188\">transparence du tulle<\/strong> rencontre une coupe audacieuse et raffin\u00e9e. Son <strong data-start=\"237\" data-end=\"260\">d\u00e9collet\u00e9 plongeant<\/strong> sublime le buste avec une sensualit\u00e9 assum\u00e9e, tandis que ses <strong data-start=\"322\" data-end=\"360\">d\u00e9coupes d\u00e9licates sur les manches<\/strong> ajoutent une touche de modernit\u00e9 et de sophistication.<\/p>\n<p data-start=\"419\" data-end=\"681\">Confectionn\u00e9e en <strong data-start=\"436\" data-end=\"454\">tulle vaporeux<\/strong>, cette robe joue sur un subtil <strong data-start=\"486\" data-end=\"509\">jeu de transparence<\/strong>, d\u00e9voilant la silhouette avec finesse tout en conservant une allure \u00e9l\u00e9gante. Son <strong data-start=\"592\" data-end=\"608\">tomb\u00e9 fluide<\/strong> accompagne chaque mouvement, cr\u00e9ant un effet hypnotisant \u00e0 chaque pas.<\/p>\n<p data-start=\"683\" data-end=\"953\">Id\u00e9ale pour une <strong data-start=\"699\" data-end=\"766\">soir\u00e9e chic, un \u00e9v\u00e9nement glamour ou une apparition inoubliable<\/strong>, la <strong data-start=\"771\" data-end=\"790\">Robe Smoldering<\/strong> est une pi\u00e8ce forte qui incarne la <strong data-start=\"826\" data-end=\"862\">f\u00e9minit\u00e9 et la confiance absolue<\/strong>. Disponible en plusieurs tailles, elle \u00e9pouse chaque morphologie avec gr\u00e2ce et l\u00e9g\u00e8ret\u00e9.<\/p>\n<p data-start=\"955\" data-end=\"1104\">Osez le myst\u00e8re et l\u2019\u00e9l\u00e9gance du <strong data-start=\"988\" data-end=\"1033\">tulle sublim\u00e9 par un design spectaculaire<\/strong> \u2013 la <strong data-start=\"1039\" data-end=\"1058\">Robe Smoldering<\/strong> est une promesse de charme et de s\u00e9duction.<\/p>\n<p data-start=\"386\" data-end=\"584\" data-is-last-node=\"\" data-is-only-node=\"\">\n","protected":false},"excerpt":{"rendered":"<p>Robe Longue Smoldering \u2013 \u00c9clat et Sensualit\u00e9 en Transparence Laissez-vous envo\u00fbter par l\u2019\u00e9l\u00e9gance envo\u00fbtante de la Robe Smoldering, une pi\u00e8ce o\u00f9 la transparence du tulle rencontre une coupe audacieuse et raffin\u00e9e. Son d\u00e9collet\u00e9 plongeant sublime le buste avec une sensualit\u00e9 assum\u00e9e, tandis que ses d\u00e9coupes d\u00e9licates sur les manches ajoutent une touche de modernit\u00e9 et<\/p>\n","protected":false},"featured_media":111818,"template":"","meta":[],"pwb-brand":[3498],"product_brand":[],"product_cat":[1244,1205,1239,1235],"product_tag":[],"giftcard-category":[],"class_list":{"0":"post-111822","1":"product","2":"type-product","3":"status-publish","4":"has-post-thumbnail","6":"pwb-brand-roma","7":"product_cat-kimono-femme-deshabille","8":"product_cat-nuit-et-homewear","9":"product_cat-longewear","10":"product_cat-robes-sexy","12":"first","13":"instock","14":"taxable","15":"shipping-taxable","16":"purchasable","17":"product-type-variable","18":"has-default-attributes"},"yoast_head":"<!-- This site is optimized with the Yoast SEO plugin v27.4 - https:\/\/yoast.com\/product\/yoast-seo-wordpress\/ -->\n<title>Robe longue Smoldering en tulle avec d\u00e9collet\u00e9 plongeant et d\u00e9coupes sur les manches \u2013 ROMA - Madame Sensuelle<\/title>\n<meta name=\"description\" content=\"Le mod\u00e8le Robe longue Smoldering en tulle avec d\u00e9collet\u00e9 plongeant et d\u00e9coupes sur les manches sign\u00e9 ROMA, \u00e0 d\u00e9couvrir chez Madame Sensuelle. Essayage VIP disponible.\" \/>\n<meta name=\"robots\" content=\"index, follow, max-snippet:-1, max-image-preview:large, max-video-preview:-1\" \/>\n<link rel=\"canonical\" href=\"https:\/\/madame-sensuelle.paris\/fr\/product\/robe-longue-smoldering-en-tulle-avec-decollete-plongeant-et-decoupes-sur-les-manches\/\" \/>\n<meta property=\"og:locale\" content=\"fr_FR\" \/>\n<meta property=\"og:type\" content=\"article\" \/>\n<meta property=\"og:title\" content=\"Robe longue Smoldering en tulle avec d\u00e9collet\u00e9 plongeant et d\u00e9coupes sur les manches \u2013 ROMA - Madame Sensuelle\" \/>\n<meta property=\"og:description\" content=\"Le mod\u00e8le Robe longue Smoldering en tulle avec d\u00e9collet\u00e9 plongeant et d\u00e9coupes sur les manches sign\u00e9 ROMA, \u00e0 d\u00e9couvrir chez Madame Sensuelle. Essayage VIP disponible.\" \/>\n<meta property=\"og:url\" content=\"https:\/\/madame-sensuelle.paris\/fr\/product\/robe-longue-smoldering-en-tulle-avec-decollete-plongeant-et-decoupes-sur-les-manches\/\" \/>\n<meta property=\"og:site_name\" content=\"Madame Sensuelle\" \/>\n<meta property=\"article:publisher\" content=\"https:\/\/www.facebook.com\/madamesensuelle\" \/>\n<meta property=\"article:modified_time\" content=\"2026-03-30T06:32:02+00:00\" \/>\n<meta property=\"og:image\" content=\"http:\/\/madame-sensuelle.paris\/wp-content\/uploads\/2024\/11\/XSHD1TJ61196.webp\" \/>\n\t<meta property=\"og:image:width\" content=\"1286\" \/>\n\t<meta property=\"og:image:height\" content=\"1800\" \/>\n\t<meta property=\"og:image:type\" content=\"image\/webp\" \/>\n<meta name=\"twitter:card\" content=\"summary_large_image\" \/>\n<meta name=\"twitter:label1\" content=\"Dur\u00e9e de lecture estim\u00e9e\" \/>\n\t<meta name=\"twitter:data1\" content=\"2 minutes\" \/>\n<script type=\"application\/ld+json\" class=\"yoast-schema-graph\">{\"@context\":\"https:\\\/\\\/schema.org\",\"@graph\":[{\"@type\":\"WebPage\",\"@id\":\"https:\\\/\\\/madame-sensuelle.paris\\\/fr\\\/product\\\/robe-longue-smoldering-en-tulle-avec-decollete-plongeant-et-decoupes-sur-les-manches\\\/\",\"url\":\"https:\\\/\\\/madame-sensuelle.paris\\\/fr\\\/product\\\/robe-longue-smoldering-en-tulle-avec-decollete-plongeant-et-decoupes-sur-les-manches\\\/\",\"name\":\"Robe longue Smoldering en tulle avec d\u00e9collet\u00e9 plongeant et d\u00e9coupes sur les manches \u2013 ROMA - Madame Sensuelle\",\"isPartOf\":{\"@id\":\"https:\\\/\\\/madame-sensuelle.paris\\\/fr\\\/#website\"},\"primaryImageOfPage\":{\"@id\":\"https:\\\/\\\/madame-sensuelle.paris\\\/fr\\\/product\\\/robe-longue-smoldering-en-tulle-avec-decollete-plongeant-et-decoupes-sur-les-manches\\\/#primaryimage\"},\"image\":{\"@id\":\"https:\\\/\\\/madame-sensuelle.paris\\\/fr\\\/product\\\/robe-longue-smoldering-en-tulle-avec-decollete-plongeant-et-decoupes-sur-les-manches\\\/#primaryimage\"},\"thumbnailUrl\":\"https:\\\/\\\/madame-sensuelle.paris\\\/wp-content\\\/uploads\\\/2024\\\/11\\\/XSHD1TJ61196.webp\",\"datePublished\":\"2024-11-06T11:06:04+00:00\",\"dateModified\":\"2026-03-30T06:32:02+00:00\",\"description\":\"Le mod\u00e8le Robe longue Smoldering en tulle avec d\u00e9collet\u00e9 plongeant et d\u00e9coupes sur les manches sign\u00e9 ROMA, \u00e0 d\u00e9couvrir chez Madame Sensuelle. Essayage VIP disponible.\",\"breadcrumb\":{\"@id\":\"https:\\\/\\\/madame-sensuelle.paris\\\/fr\\\/product\\\/robe-longue-smoldering-en-tulle-avec-decollete-plongeant-et-decoupes-sur-les-manches\\\/#breadcrumb\"},\"inLanguage\":\"fr-FR\",\"potentialAction\":[{\"@type\":\"ReadAction\",\"target\":[\"https:\\\/\\\/madame-sensuelle.paris\\\/fr\\\/product\\\/robe-longue-smoldering-en-tulle-avec-decollete-plongeant-et-decoupes-sur-les-manches\\\/\"]}]},{\"@type\":\"ImageObject\",\"inLanguage\":\"fr-FR\",\"@id\":\"https:\\\/\\\/madame-sensuelle.paris\\\/fr\\\/product\\\/robe-longue-smoldering-en-tulle-avec-decollete-plongeant-et-decoupes-sur-les-manches\\\/#primaryimage\",\"url\":\"https:\\\/\\\/madame-sensuelle.paris\\\/wp-content\\\/uploads\\\/2024\\\/11\\\/XSHD1TJ61196.webp\",\"contentUrl\":\"https:\\\/\\\/madame-sensuelle.paris\\\/wp-content\\\/uploads\\\/2024\\\/11\\\/XSHD1TJ61196.webp\",\"width\":1286,\"height\":1800},{\"@type\":\"BreadcrumbList\",\"@id\":\"https:\\\/\\\/madame-sensuelle.paris\\\/fr\\\/product\\\/robe-longue-smoldering-en-tulle-avec-decollete-plongeant-et-decoupes-sur-les-manches\\\/#breadcrumb\",\"itemListElement\":[{\"@type\":\"ListItem\",\"position\":1,\"name\":\"Acceuil\",\"item\":\"https:\\\/\\\/madame-sensuelle.paris\\\/fr\\\/\"},{\"@type\":\"ListItem\",\"position\":2,\"name\":\"Catalogue\",\"item\":\"https:\\\/\\\/madame-sensuelle.paris\\\/fr\\\/catalogue\\\/\"},{\"@type\":\"ListItem\",\"position\":3,\"name\":\"ROMA\",\"item\":\"https:\\\/\\\/madame-sensuelle.paris\\\/fr\\\/brand\\\/roma\\\/\"},{\"@type\":\"ListItem\",\"position\":4,\"name\":\"Robe longue Smoldering en tulle avec d\u00e9collet\u00e9 plongeant et d\u00e9coupes sur les manches\"}]},{\"@type\":\"WebSite\",\"@id\":\"https:\\\/\\\/madame-sensuelle.paris\\\/fr\\\/#website\",\"url\":\"https:\\\/\\\/madame-sensuelle.paris\\\/fr\\\/\",\"name\":\"MADAME SENSUELLE\",\"description\":\"MADAME SENSUELLE: Found the biggest exciting brands of chic &amp; SEXY LINGERIE in Paris Boutique and on the WEB: Aubade, Dita Von Teese, Maison Close, Marjolaine, Bluebella, Atelier Amour, Luxxa, Catanzaro, Gracija Rim. You will found the big pleasure of sexy belt or bra make for you\",\"publisher\":{\"@id\":\"https:\\\/\\\/madame-sensuelle.paris\\\/fr\\\/#organization\"},\"potentialAction\":[{\"@type\":\"SearchAction\",\"target\":{\"@type\":\"EntryPoint\",\"urlTemplate\":\"https:\\\/\\\/madame-sensuelle.paris\\\/fr\\\/?s={search_term_string}\"},\"query-input\":{\"@type\":\"PropertyValueSpecification\",\"valueRequired\":true,\"valueName\":\"search_term_string\"}}],\"inLanguage\":\"fr-FR\"},{\"@type\":\"Organization\",\"@id\":\"https:\\\/\\\/madame-sensuelle.paris\\\/fr\\\/#organization\",\"name\":\"Madame Sensuelle\",\"url\":\"https:\\\/\\\/madame-sensuelle.paris\\\/fr\\\/\",\"logo\":{\"@type\":\"ImageObject\",\"inLanguage\":\"fr-FR\",\"@id\":\"https:\\\/\\\/madame-sensuelle.paris\\\/fr\\\/#\\\/schema\\\/logo\\\/image\\\/\",\"url\":\"https:\\\/\\\/madame-sensuelle.paris\\\/wp-content\\\/uploads\\\/2024\\\/12\\\/logo_a-1-1_696.webp\",\"contentUrl\":\"https:\\\/\\\/madame-sensuelle.paris\\\/wp-content\\\/uploads\\\/2024\\\/12\\\/logo_a-1-1_696.webp\",\"width\":696,\"height\":696,\"caption\":\"Madame Sensuelle\"},\"image\":{\"@id\":\"https:\\\/\\\/madame-sensuelle.paris\\\/fr\\\/#\\\/schema\\\/logo\\\/image\\\/\"},\"sameAs\":[\"https:\\\/\\\/www.facebook.com\\\/madamesensuelle\",\"https:\\\/\\\/www.instagram.com\\\/madame_sensuelle\\\/\"]}]}<\/script>\n<!-- \/ Yoast SEO plugin. -->","yoast_head_json":{"title":"Robe longue Smoldering en tulle avec d\u00e9collet\u00e9 plongeant et d\u00e9coupes sur les manches \u2013 ROMA - Madame Sensuelle","description":"Le mod\u00e8le Robe longue Smoldering en tulle avec d\u00e9collet\u00e9 plongeant et d\u00e9coupes sur les manches sign\u00e9 ROMA, \u00e0 d\u00e9couvrir chez Madame Sensuelle. Essayage VIP disponible.","robots":{"index":"index","follow":"follow","max-snippet":"max-snippet:-1","max-image-preview":"max-image-preview:large","max-video-preview":"max-video-preview:-1"},"canonical":"https:\/\/madame-sensuelle.paris\/fr\/product\/robe-longue-smoldering-en-tulle-avec-decollete-plongeant-et-decoupes-sur-les-manches\/","og_locale":"fr_FR","og_type":"article","og_title":"Robe longue Smoldering en tulle avec d\u00e9collet\u00e9 plongeant et d\u00e9coupes sur les manches \u2013 ROMA - Madame Sensuelle","og_description":"Le mod\u00e8le Robe longue Smoldering en tulle avec d\u00e9collet\u00e9 plongeant et d\u00e9coupes sur les manches sign\u00e9 ROMA, \u00e0 d\u00e9couvrir chez Madame Sensuelle. Essayage VIP disponible.","og_url":"https:\/\/madame-sensuelle.paris\/fr\/product\/robe-longue-smoldering-en-tulle-avec-decollete-plongeant-et-decoupes-sur-les-manches\/","og_site_name":"Madame Sensuelle","article_publisher":"https:\/\/www.facebook.com\/madamesensuelle","article_modified_time":"2026-03-30T06:32:02+00:00","og_image":[{"width":1286,"height":1800,"url":"http:\/\/madame-sensuelle.paris\/wp-content\/uploads\/2024\/11\/XSHD1TJ61196.webp","type":"image\/webp"}],"twitter_card":"summary_large_image","twitter_misc":{"Dur\u00e9e de lecture estim\u00e9e":"2 minutes"},"schema":{"@context":"https:\/\/schema.org","@graph":[{"@type":"WebPage","@id":"https:\/\/madame-sensuelle.paris\/fr\/product\/robe-longue-smoldering-en-tulle-avec-decollete-plongeant-et-decoupes-sur-les-manches\/","url":"https:\/\/madame-sensuelle.paris\/fr\/product\/robe-longue-smoldering-en-tulle-avec-decollete-plongeant-et-decoupes-sur-les-manches\/","name":"Robe longue Smoldering en tulle avec d\u00e9collet\u00e9 plongeant et d\u00e9coupes sur les manches \u2013 ROMA - Madame Sensuelle","isPartOf":{"@id":"https:\/\/madame-sensuelle.paris\/fr\/#website"},"primaryImageOfPage":{"@id":"https:\/\/madame-sensuelle.paris\/fr\/product\/robe-longue-smoldering-en-tulle-avec-decollete-plongeant-et-decoupes-sur-les-manches\/#primaryimage"},"image":{"@id":"https:\/\/madame-sensuelle.paris\/fr\/product\/robe-longue-smoldering-en-tulle-avec-decollete-plongeant-et-decoupes-sur-les-manches\/#primaryimage"},"thumbnailUrl":"https:\/\/madame-sensuelle.paris\/wp-content\/uploads\/2024\/11\/XSHD1TJ61196.webp","datePublished":"2024-11-06T11:06:04+00:00","dateModified":"2026-03-30T06:32:02+00:00","description":"Le mod\u00e8le Robe longue Smoldering en tulle avec d\u00e9collet\u00e9 plongeant et d\u00e9coupes sur les manches sign\u00e9 ROMA, \u00e0 d\u00e9couvrir chez Madame Sensuelle. Essayage VIP disponible.","breadcrumb":{"@id":"https:\/\/madame-sensuelle.paris\/fr\/product\/robe-longue-smoldering-en-tulle-avec-decollete-plongeant-et-decoupes-sur-les-manches\/#breadcrumb"},"inLanguage":"fr-FR","potentialAction":[{"@type":"ReadAction","target":["https:\/\/madame-sensuelle.paris\/fr\/product\/robe-longue-smoldering-en-tulle-avec-decollete-plongeant-et-decoupes-sur-les-manches\/"]}]},{"@type":"ImageObject","inLanguage":"fr-FR","@id":"https:\/\/madame-sensuelle.paris\/fr\/product\/robe-longue-smoldering-en-tulle-avec-decollete-plongeant-et-decoupes-sur-les-manches\/#primaryimage","url":"https:\/\/madame-sensuelle.paris\/wp-content\/uploads\/2024\/11\/XSHD1TJ61196.webp","contentUrl":"https:\/\/madame-sensuelle.paris\/wp-content\/uploads\/2024\/11\/XSHD1TJ61196.webp","width":1286,"height":1800},{"@type":"BreadcrumbList","@id":"https:\/\/madame-sensuelle.paris\/fr\/product\/robe-longue-smoldering-en-tulle-avec-decollete-plongeant-et-decoupes-sur-les-manches\/#breadcrumb","itemListElement":[{"@type":"ListItem","position":1,"name":"Acceuil","item":"https:\/\/madame-sensuelle.paris\/fr\/"},{"@type":"ListItem","position":2,"name":"Catalogue","item":"https:\/\/madame-sensuelle.paris\/fr\/catalogue\/"},{"@type":"ListItem","position":3,"name":"ROMA","item":"https:\/\/madame-sensuelle.paris\/fr\/brand\/roma\/"},{"@type":"ListItem","position":4,"name":"Robe longue Smoldering en tulle avec d\u00e9collet\u00e9 plongeant et d\u00e9coupes sur les manches"}]},{"@type":"WebSite","@id":"https:\/\/madame-sensuelle.paris\/fr\/#website","url":"https:\/\/madame-sensuelle.paris\/fr\/","name":"MADAME SENSUELLE","description":"MADAME SENSUELLE: Found the biggest exciting brands of chic &amp; SEXY LINGERIE in Paris Boutique and on the WEB: Aubade, Dita Von Teese, Maison Close, Marjolaine, Bluebella, Atelier Amour, Luxxa, Catanzaro, Gracija Rim. You will found the big pleasure of sexy belt or bra make for you","publisher":{"@id":"https:\/\/madame-sensuelle.paris\/fr\/#organization"},"potentialAction":[{"@type":"SearchAction","target":{"@type":"EntryPoint","urlTemplate":"https:\/\/madame-sensuelle.paris\/fr\/?s={search_term_string}"},"query-input":{"@type":"PropertyValueSpecification","valueRequired":true,"valueName":"search_term_string"}}],"inLanguage":"fr-FR"},{"@type":"Organization","@id":"https:\/\/madame-sensuelle.paris\/fr\/#organization","name":"Madame Sensuelle","url":"https:\/\/madame-sensuelle.paris\/fr\/","logo":{"@type":"ImageObject","inLanguage":"fr-FR","@id":"https:\/\/madame-sensuelle.paris\/fr\/#\/schema\/logo\/image\/","url":"https:\/\/madame-sensuelle.paris\/wp-content\/uploads\/2024\/12\/logo_a-1-1_696.webp","contentUrl":"https:\/\/madame-sensuelle.paris\/wp-content\/uploads\/2024\/12\/logo_a-1-1_696.webp","width":696,"height":696,"caption":"Madame Sensuelle"},"image":{"@id":"https:\/\/madame-sensuelle.paris\/fr\/#\/schema\/logo\/image\/"},"sameAs":["https:\/\/www.facebook.com\/madamesensuelle","https:\/\/www.instagram.com\/madame_sensuelle\/"]}]}},"brands":[{"id":3498,"name":"ROMA","slug":"roma"}],"_links":{"self":[{"href":"https:\/\/madame-sensuelle.paris\/fr\/wp-json\/wp\/v2\/product\/111822","targetHints":{"allow":["GET"]}}],"collection":[{"href":"https:\/\/madame-sensuelle.paris\/fr\/wp-json\/wp\/v2\/product"}],"about":[{"href":"https:\/\/madame-sensuelle.paris\/fr\/wp-json\/wp\/v2\/types\/product"}],"version-history":[{"count":1,"href":"https:\/\/madame-sensuelle.paris\/fr\/wp-json\/wp\/v2\/product\/111822\/revisions"}],"predecessor-version":[{"id":116846,"href":"https:\/\/madame-sensuelle.paris\/fr\/wp-json\/wp\/v2\/product\/111822\/revisions\/116846"}],"wp:featuredmedia":[{"embeddable":true,"href":"https:\/\/madame-sensuelle.paris\/fr\/wp-json\/wp\/v2\/media\/111818"}],"wp:attachment":[{"href":"https:\/\/madame-sensuelle.paris\/fr\/wp-json\/wp\/v2\/media?parent=111822"}],"wp:term":[{"taxonomy":"pwb-brand","embeddable":true,"href":"https:\/\/madame-sensuelle.paris\/fr\/wp-json\/wp\/v2\/pwb-brand?post=111822"},{"taxonomy":"product_brand","embeddable":true,"href":"https:\/\/madame-sensuelle.paris\/fr\/wp-json\/wp\/v2\/product_brand?post=111822"},{"taxonomy":"product_cat","embeddable":true,"href":"https:\/\/madame-sensuelle.paris\/fr\/wp-json\/wp\/v2\/product_cat?post=111822"},{"taxonomy":"product_tag","embeddable":true,"href":"https:\/\/madame-sensuelle.paris\/fr\/wp-json\/wp\/v2\/product_tag?post=111822"},{"taxonomy":"giftcard-category","embeddable":true,"href":"https:\/\/madame-sensuelle.paris\/fr\/wp-json\/wp\/v2\/giftcard-category?post=111822"}],"curies":[{"name":"wp","href":"https:\/\/api.w.org\/{rel}","templated":true}]}}