{"id":113886,"date":"2025-01-09T12:18:19","date_gmt":"2025-01-09T12:18:19","guid":{"rendered":"https:\/\/madame-sensuelle.paris\/product\/robe-gracie-courte-style-corset-a-baleines\/"},"modified":"2026-03-30T06:37:35","modified_gmt":"2026-03-30T06:37:35","slug":"robe-gracie-courte-style-corset-a-baleines","status":"publish","type":"product","link":"https:\/\/madame-sensuelle.paris\/fr\/product\/robe-gracie-courte-style-corset-a-baleines\/","title":{"rendered":"Robe Gracie courte style corset \u00e0 baleines"},"content":{"rendered":"<p data-start=\"52\" data-end=\"298\">La robe Gracie incarne une f\u00e9minit\u00e9 audacieuse avec son style corset \u00e0 baleines qui galbe la silhouette et souligne la taille avec sensualit\u00e9. Sa coupe courte met en valeur les jambes, tandis que son d\u00e9collet\u00e9 structur\u00e9 attire tous les regards. \u00c9l\u00e9gante et envo\u00fbtante, elle \u00e9pouse chaque courbe avec pr\u00e9cision, offrant un \u00e9quilibre parfait entre raffinement et s\u00e9duction. Parfaite pour une soir\u00e9e o\u00f9 l&#8217;attitude se fait irr\u00e9sistible, la robe Gracie est une promesse de glamour et de confiance absolue.<\/p>\n","protected":false},"excerpt":{"rendered":"<p>La robe Gracie incarne une f\u00e9minit\u00e9 audacieuse avec son style corset \u00e0 baleines qui galbe la silhouette et souligne la taille avec sensualit\u00e9. Sa coupe courte met en valeur les jambes, tandis que son d\u00e9collet\u00e9 structur\u00e9 attire tous les regards. \u00c9l\u00e9gante et envo\u00fbtante, elle \u00e9pouse chaque courbe avec pr\u00e9cision, offrant un \u00e9quilibre parfait entre raffinement<\/p>\n","protected":false},"featured_media":115115,"template":"","meta":[],"pwb-brand":[3873],"product_brand":[],"product_cat":[1239,1235,3367],"product_tag":[],"giftcard-category":[],"class_list":{"0":"post-113886","1":"product","2":"type-product","3":"status-publish","4":"has-post-thumbnail","6":"pwb-brand-wolf-whistle","7":"product_cat-longewear","8":"product_cat-robes-sexy","9":"product_cat-show-main","11":"first","12":"instock","13":"taxable","14":"shipping-taxable","15":"purchasable","16":"product-type-variable","17":"has-default-attributes"},"yoast_head":"<!-- This site is optimized with the Yoast SEO plugin v27.3 - https:\/\/yoast.com\/product\/yoast-seo-wordpress\/ -->\n<title>Robe Gracie courte style corset \u00e0 baleines La robe Gracie incarne une f\u00e9minit\u00e9 audacieuse avec son style corset \u00e0 baleines qui galbe la silhouette et souligne la taille avec sensualit\u00e9. Sa coupe courte met en valeur les jambes, tandis que son d\u00e9collet\u00e9 structur\u00e9 attire tous les regards. \u00c9l\u00e9gante et envo\u00fbtante, elle \u00e9pouse chaque courbe avec pr\u00e9cision, offrant un \u00e9quilibre parfait entre raffinement et s\u00e9duction. Parfaite pour une soir\u00e9e o\u00f9 l&#039;attitude se fait irr\u00e9sistible, la robe Gracie est une promesse de glamour et de confiance absolue.<\/title>\n<meta name=\"description\" content=\"Le mod\u00e8le Robe Gracie courte style corset \u00e0 baleines sign\u00e9 Wolf &amp; Whistle, \u00e0 d\u00e9couvrir chez Madame Sensuelle. Essayage VIP disponible.\" \/>\n<meta name=\"robots\" content=\"index, follow, max-snippet:-1, max-image-preview:large, max-video-preview:-1\" \/>\n<link rel=\"canonical\" href=\"https:\/\/madame-sensuelle.paris\/fr\/product\/robe-gracie-courte-style-corset-a-baleines\/\" \/>\n<meta property=\"og:locale\" content=\"fr_FR\" \/>\n<meta property=\"og:type\" content=\"article\" \/>\n<meta property=\"og:title\" content=\"Robe Gracie courte style corset \u00e0 baleines La robe Gracie incarne une f\u00e9minit\u00e9 audacieuse avec son style corset \u00e0 baleines qui galbe la silhouette et souligne la taille avec sensualit\u00e9. Sa coupe courte met en valeur les jambes, tandis que son d\u00e9collet\u00e9 structur\u00e9 attire tous les regards. \u00c9l\u00e9gante et envo\u00fbtante, elle \u00e9pouse chaque courbe avec pr\u00e9cision, offrant un \u00e9quilibre parfait entre raffinement et s\u00e9duction. Parfaite pour une soir\u00e9e o\u00f9 l&#039;attitude se fait irr\u00e9sistible, la robe Gracie est une promesse de glamour et de confiance absolue.\" \/>\n<meta property=\"og:description\" content=\"Le mod\u00e8le Robe Gracie courte style corset \u00e0 baleines sign\u00e9 Wolf &amp; Whistle, \u00e0 d\u00e9couvrir chez Madame Sensuelle. Essayage VIP disponible.\" \/>\n<meta property=\"og:url\" content=\"https:\/\/madame-sensuelle.paris\/fr\/product\/robe-gracie-courte-style-corset-a-baleines\/\" \/>\n<meta property=\"og:site_name\" content=\"Madame Sensuelle\" \/>\n<meta property=\"article:publisher\" content=\"https:\/\/www.facebook.com\/madamesensuelle\" \/>\n<meta property=\"article:modified_time\" content=\"2026-03-30T06:37:35+00:00\" \/>\n<meta property=\"og:image\" content=\"http:\/\/madame-sensuelle.paris\/wp-content\/uploads\/2025\/02\/XSHD1TJ61481-1.jpg\" \/>\n\t<meta property=\"og:image:width\" content=\"1064\" \/>\n\t<meta property=\"og:image:height\" content=\"1600\" \/>\n\t<meta property=\"og:image:type\" content=\"image\/jpeg\" \/>\n<meta name=\"twitter:card\" content=\"summary_large_image\" \/>\n<meta name=\"twitter:label1\" content=\"Dur\u00e9e de lecture estim\u00e9e\" \/>\n\t<meta name=\"twitter:data1\" content=\"2 minutes\" \/>\n<script type=\"application\/ld+json\" class=\"yoast-schema-graph\">{\"@context\":\"https:\\\/\\\/schema.org\",\"@graph\":[{\"@type\":\"WebPage\",\"@id\":\"https:\\\/\\\/madame-sensuelle.paris\\\/fr\\\/product\\\/robe-gracie-courte-style-corset-a-baleines\\\/\",\"url\":\"https:\\\/\\\/madame-sensuelle.paris\\\/fr\\\/product\\\/robe-gracie-courte-style-corset-a-baleines\\\/\",\"name\":\"Robe Gracie courte style corset \u00e0 baleines La robe Gracie incarne une f\u00e9minit\u00e9 audacieuse avec son style corset \u00e0 baleines qui galbe la silhouette et souligne la taille avec sensualit\u00e9. Sa coupe courte met en valeur les jambes, tandis que son d\u00e9collet\u00e9 structur\u00e9 attire tous les regards. \u00c9l\u00e9gante et envo\u00fbtante, elle \u00e9pouse chaque courbe avec pr\u00e9cision, offrant un \u00e9quilibre parfait entre raffinement et s\u00e9duction. Parfaite pour une soir\u00e9e o\u00f9 l'attitude se fait irr\u00e9sistible, la robe Gracie est une promesse de glamour et de confiance absolue.\",\"isPartOf\":{\"@id\":\"https:\\\/\\\/madame-sensuelle.paris\\\/fr\\\/#website\"},\"primaryImageOfPage\":{\"@id\":\"https:\\\/\\\/madame-sensuelle.paris\\\/fr\\\/product\\\/robe-gracie-courte-style-corset-a-baleines\\\/#primaryimage\"},\"image\":{\"@id\":\"https:\\\/\\\/madame-sensuelle.paris\\\/fr\\\/product\\\/robe-gracie-courte-style-corset-a-baleines\\\/#primaryimage\"},\"thumbnailUrl\":\"https:\\\/\\\/madame-sensuelle.paris\\\/wp-content\\\/uploads\\\/2025\\\/02\\\/XSHD1TJ61481-1.jpg\",\"datePublished\":\"2025-01-09T12:18:19+00:00\",\"dateModified\":\"2026-03-30T06:37:35+00:00\",\"description\":\"Le mod\u00e8le Robe Gracie courte style corset \u00e0 baleines sign\u00e9 Wolf &amp; Whistle, \u00e0 d\u00e9couvrir chez Madame Sensuelle. Essayage VIP disponible.\",\"breadcrumb\":{\"@id\":\"https:\\\/\\\/madame-sensuelle.paris\\\/fr\\\/product\\\/robe-gracie-courte-style-corset-a-baleines\\\/#breadcrumb\"},\"inLanguage\":\"fr-FR\",\"potentialAction\":[{\"@type\":\"ReadAction\",\"target\":[\"https:\\\/\\\/madame-sensuelle.paris\\\/fr\\\/product\\\/robe-gracie-courte-style-corset-a-baleines\\\/\"]}]},{\"@type\":\"ImageObject\",\"inLanguage\":\"fr-FR\",\"@id\":\"https:\\\/\\\/madame-sensuelle.paris\\\/fr\\\/product\\\/robe-gracie-courte-style-corset-a-baleines\\\/#primaryimage\",\"url\":\"https:\\\/\\\/madame-sensuelle.paris\\\/wp-content\\\/uploads\\\/2025\\\/02\\\/XSHD1TJ61481-1.jpg\",\"contentUrl\":\"https:\\\/\\\/madame-sensuelle.paris\\\/wp-content\\\/uploads\\\/2025\\\/02\\\/XSHD1TJ61481-1.jpg\",\"width\":1064,\"height\":1600},{\"@type\":\"BreadcrumbList\",\"@id\":\"https:\\\/\\\/madame-sensuelle.paris\\\/fr\\\/product\\\/robe-gracie-courte-style-corset-a-baleines\\\/#breadcrumb\",\"itemListElement\":[{\"@type\":\"ListItem\",\"position\":1,\"name\":\"Acceuil\",\"item\":\"https:\\\/\\\/madame-sensuelle.paris\\\/fr\\\/\"},{\"@type\":\"ListItem\",\"position\":2,\"name\":\"Catalogue\",\"item\":\"https:\\\/\\\/madame-sensuelle.paris\\\/fr\\\/catalogue\\\/\"},{\"@type\":\"ListItem\",\"position\":3,\"name\":\"Wolf &amp; Whistle\",\"item\":\"https:\\\/\\\/madame-sensuelle.paris\\\/fr\\\/brand\\\/wolf-whistle\\\/\"},{\"@type\":\"ListItem\",\"position\":4,\"name\":\"Robe Gracie courte style corset \u00e0 baleines\"}]},{\"@type\":\"WebSite\",\"@id\":\"https:\\\/\\\/madame-sensuelle.paris\\\/fr\\\/#website\",\"url\":\"https:\\\/\\\/madame-sensuelle.paris\\\/fr\\\/\",\"name\":\"MADAME SENSUELLE\",\"description\":\"MADAME SENSUELLE: Found the biggest exciting brands of chic &amp; SEXY LINGERIE in Paris Boutique and on the WEB: Aubade, Dita Von Teese, Maison Close, Marjolaine, Bluebella, Atelier Amour, Luxxa, Catanzaro, Gracija Rim. You will found the big pleasure of sexy belt or bra make for you\",\"publisher\":{\"@id\":\"https:\\\/\\\/madame-sensuelle.paris\\\/fr\\\/#organization\"},\"potentialAction\":[{\"@type\":\"SearchAction\",\"target\":{\"@type\":\"EntryPoint\",\"urlTemplate\":\"https:\\\/\\\/madame-sensuelle.paris\\\/fr\\\/?s={search_term_string}\"},\"query-input\":{\"@type\":\"PropertyValueSpecification\",\"valueRequired\":true,\"valueName\":\"search_term_string\"}}],\"inLanguage\":\"fr-FR\"},{\"@type\":\"Organization\",\"@id\":\"https:\\\/\\\/madame-sensuelle.paris\\\/fr\\\/#organization\",\"name\":\"Madame Sensuelle\",\"url\":\"https:\\\/\\\/madame-sensuelle.paris\\\/fr\\\/\",\"logo\":{\"@type\":\"ImageObject\",\"inLanguage\":\"fr-FR\",\"@id\":\"https:\\\/\\\/madame-sensuelle.paris\\\/fr\\\/#\\\/schema\\\/logo\\\/image\\\/\",\"url\":\"https:\\\/\\\/madame-sensuelle.paris\\\/wp-content\\\/uploads\\\/2024\\\/12\\\/logo_a-1-1_696.webp\",\"contentUrl\":\"https:\\\/\\\/madame-sensuelle.paris\\\/wp-content\\\/uploads\\\/2024\\\/12\\\/logo_a-1-1_696.webp\",\"width\":696,\"height\":696,\"caption\":\"Madame Sensuelle\"},\"image\":{\"@id\":\"https:\\\/\\\/madame-sensuelle.paris\\\/fr\\\/#\\\/schema\\\/logo\\\/image\\\/\"},\"sameAs\":[\"https:\\\/\\\/www.facebook.com\\\/madamesensuelle\",\"https:\\\/\\\/www.instagram.com\\\/madame_sensuelle\\\/\"]}]}<\/script>\n<!-- \/ Yoast SEO plugin. -->","yoast_head_json":{"title":"Robe Gracie courte style corset \u00e0 baleines La robe Gracie incarne une f\u00e9minit\u00e9 audacieuse avec son style corset \u00e0 baleines qui galbe la silhouette et souligne la taille avec sensualit\u00e9. Sa coupe courte met en valeur les jambes, tandis que son d\u00e9collet\u00e9 structur\u00e9 attire tous les regards. \u00c9l\u00e9gante et envo\u00fbtante, elle \u00e9pouse chaque courbe avec pr\u00e9cision, offrant un \u00e9quilibre parfait entre raffinement et s\u00e9duction. Parfaite pour une soir\u00e9e o\u00f9 l'attitude se fait irr\u00e9sistible, la robe Gracie est une promesse de glamour et de confiance absolue.","description":"Le mod\u00e8le Robe Gracie courte style corset \u00e0 baleines sign\u00e9 Wolf &amp; Whistle, \u00e0 d\u00e9couvrir chez Madame Sensuelle. Essayage VIP disponible.","robots":{"index":"index","follow":"follow","max-snippet":"max-snippet:-1","max-image-preview":"max-image-preview:large","max-video-preview":"max-video-preview:-1"},"canonical":"https:\/\/madame-sensuelle.paris\/fr\/product\/robe-gracie-courte-style-corset-a-baleines\/","og_locale":"fr_FR","og_type":"article","og_title":"Robe Gracie courte style corset \u00e0 baleines La robe Gracie incarne une f\u00e9minit\u00e9 audacieuse avec son style corset \u00e0 baleines qui galbe la silhouette et souligne la taille avec sensualit\u00e9. Sa coupe courte met en valeur les jambes, tandis que son d\u00e9collet\u00e9 structur\u00e9 attire tous les regards. \u00c9l\u00e9gante et envo\u00fbtante, elle \u00e9pouse chaque courbe avec pr\u00e9cision, offrant un \u00e9quilibre parfait entre raffinement et s\u00e9duction. Parfaite pour une soir\u00e9e o\u00f9 l'attitude se fait irr\u00e9sistible, la robe Gracie est une promesse de glamour et de confiance absolue.","og_description":"Le mod\u00e8le Robe Gracie courte style corset \u00e0 baleines sign\u00e9 Wolf &amp; Whistle, \u00e0 d\u00e9couvrir chez Madame Sensuelle. Essayage VIP disponible.","og_url":"https:\/\/madame-sensuelle.paris\/fr\/product\/robe-gracie-courte-style-corset-a-baleines\/","og_site_name":"Madame Sensuelle","article_publisher":"https:\/\/www.facebook.com\/madamesensuelle","article_modified_time":"2026-03-30T06:37:35+00:00","og_image":[{"width":1064,"height":1600,"url":"http:\/\/madame-sensuelle.paris\/wp-content\/uploads\/2025\/02\/XSHD1TJ61481-1.jpg","type":"image\/jpeg"}],"twitter_card":"summary_large_image","twitter_misc":{"Dur\u00e9e de lecture estim\u00e9e":"2 minutes"},"schema":{"@context":"https:\/\/schema.org","@graph":[{"@type":"WebPage","@id":"https:\/\/madame-sensuelle.paris\/fr\/product\/robe-gracie-courte-style-corset-a-baleines\/","url":"https:\/\/madame-sensuelle.paris\/fr\/product\/robe-gracie-courte-style-corset-a-baleines\/","name":"Robe Gracie courte style corset \u00e0 baleines La robe Gracie incarne une f\u00e9minit\u00e9 audacieuse avec son style corset \u00e0 baleines qui galbe la silhouette et souligne la taille avec sensualit\u00e9. Sa coupe courte met en valeur les jambes, tandis que son d\u00e9collet\u00e9 structur\u00e9 attire tous les regards. \u00c9l\u00e9gante et envo\u00fbtante, elle \u00e9pouse chaque courbe avec pr\u00e9cision, offrant un \u00e9quilibre parfait entre raffinement et s\u00e9duction. Parfaite pour une soir\u00e9e o\u00f9 l'attitude se fait irr\u00e9sistible, la robe Gracie est une promesse de glamour et de confiance absolue.","isPartOf":{"@id":"https:\/\/madame-sensuelle.paris\/fr\/#website"},"primaryImageOfPage":{"@id":"https:\/\/madame-sensuelle.paris\/fr\/product\/robe-gracie-courte-style-corset-a-baleines\/#primaryimage"},"image":{"@id":"https:\/\/madame-sensuelle.paris\/fr\/product\/robe-gracie-courte-style-corset-a-baleines\/#primaryimage"},"thumbnailUrl":"https:\/\/madame-sensuelle.paris\/wp-content\/uploads\/2025\/02\/XSHD1TJ61481-1.jpg","datePublished":"2025-01-09T12:18:19+00:00","dateModified":"2026-03-30T06:37:35+00:00","description":"Le mod\u00e8le Robe Gracie courte style corset \u00e0 baleines sign\u00e9 Wolf &amp; Whistle, \u00e0 d\u00e9couvrir chez Madame Sensuelle. Essayage VIP disponible.","breadcrumb":{"@id":"https:\/\/madame-sensuelle.paris\/fr\/product\/robe-gracie-courte-style-corset-a-baleines\/#breadcrumb"},"inLanguage":"fr-FR","potentialAction":[{"@type":"ReadAction","target":["https:\/\/madame-sensuelle.paris\/fr\/product\/robe-gracie-courte-style-corset-a-baleines\/"]}]},{"@type":"ImageObject","inLanguage":"fr-FR","@id":"https:\/\/madame-sensuelle.paris\/fr\/product\/robe-gracie-courte-style-corset-a-baleines\/#primaryimage","url":"https:\/\/madame-sensuelle.paris\/wp-content\/uploads\/2025\/02\/XSHD1TJ61481-1.jpg","contentUrl":"https:\/\/madame-sensuelle.paris\/wp-content\/uploads\/2025\/02\/XSHD1TJ61481-1.jpg","width":1064,"height":1600},{"@type":"BreadcrumbList","@id":"https:\/\/madame-sensuelle.paris\/fr\/product\/robe-gracie-courte-style-corset-a-baleines\/#breadcrumb","itemListElement":[{"@type":"ListItem","position":1,"name":"Acceuil","item":"https:\/\/madame-sensuelle.paris\/fr\/"},{"@type":"ListItem","position":2,"name":"Catalogue","item":"https:\/\/madame-sensuelle.paris\/fr\/catalogue\/"},{"@type":"ListItem","position":3,"name":"Wolf &amp; Whistle","item":"https:\/\/madame-sensuelle.paris\/fr\/brand\/wolf-whistle\/"},{"@type":"ListItem","position":4,"name":"Robe Gracie courte style corset \u00e0 baleines"}]},{"@type":"WebSite","@id":"https:\/\/madame-sensuelle.paris\/fr\/#website","url":"https:\/\/madame-sensuelle.paris\/fr\/","name":"MADAME SENSUELLE","description":"MADAME SENSUELLE: Found the biggest exciting brands of chic &amp; SEXY LINGERIE in Paris Boutique and on the WEB: Aubade, Dita Von Teese, Maison Close, Marjolaine, Bluebella, Atelier Amour, Luxxa, Catanzaro, Gracija Rim. You will found the big pleasure of sexy belt or bra make for you","publisher":{"@id":"https:\/\/madame-sensuelle.paris\/fr\/#organization"},"potentialAction":[{"@type":"SearchAction","target":{"@type":"EntryPoint","urlTemplate":"https:\/\/madame-sensuelle.paris\/fr\/?s={search_term_string}"},"query-input":{"@type":"PropertyValueSpecification","valueRequired":true,"valueName":"search_term_string"}}],"inLanguage":"fr-FR"},{"@type":"Organization","@id":"https:\/\/madame-sensuelle.paris\/fr\/#organization","name":"Madame Sensuelle","url":"https:\/\/madame-sensuelle.paris\/fr\/","logo":{"@type":"ImageObject","inLanguage":"fr-FR","@id":"https:\/\/madame-sensuelle.paris\/fr\/#\/schema\/logo\/image\/","url":"https:\/\/madame-sensuelle.paris\/wp-content\/uploads\/2024\/12\/logo_a-1-1_696.webp","contentUrl":"https:\/\/madame-sensuelle.paris\/wp-content\/uploads\/2024\/12\/logo_a-1-1_696.webp","width":696,"height":696,"caption":"Madame Sensuelle"},"image":{"@id":"https:\/\/madame-sensuelle.paris\/fr\/#\/schema\/logo\/image\/"},"sameAs":["https:\/\/www.facebook.com\/madamesensuelle","https:\/\/www.instagram.com\/madame_sensuelle\/"]}]}},"brands":[{"id":3873,"name":"Wolf &amp; Whistle","slug":"wolf-whistle"}],"_links":{"self":[{"href":"https:\/\/madame-sensuelle.paris\/fr\/wp-json\/wp\/v2\/product\/113886","targetHints":{"allow":["GET"]}}],"collection":[{"href":"https:\/\/madame-sensuelle.paris\/fr\/wp-json\/wp\/v2\/product"}],"about":[{"href":"https:\/\/madame-sensuelle.paris\/fr\/wp-json\/wp\/v2\/types\/product"}],"version-history":[{"count":1,"href":"https:\/\/madame-sensuelle.paris\/fr\/wp-json\/wp\/v2\/product\/113886\/revisions"}],"predecessor-version":[{"id":117029,"href":"https:\/\/madame-sensuelle.paris\/fr\/wp-json\/wp\/v2\/product\/113886\/revisions\/117029"}],"wp:featuredmedia":[{"embeddable":true,"href":"https:\/\/madame-sensuelle.paris\/fr\/wp-json\/wp\/v2\/media\/115115"}],"wp:attachment":[{"href":"https:\/\/madame-sensuelle.paris\/fr\/wp-json\/wp\/v2\/media?parent=113886"}],"wp:term":[{"taxonomy":"pwb-brand","embeddable":true,"href":"https:\/\/madame-sensuelle.paris\/fr\/wp-json\/wp\/v2\/pwb-brand?post=113886"},{"taxonomy":"product_brand","embeddable":true,"href":"https:\/\/madame-sensuelle.paris\/fr\/wp-json\/wp\/v2\/product_brand?post=113886"},{"taxonomy":"product_cat","embeddable":true,"href":"https:\/\/madame-sensuelle.paris\/fr\/wp-json\/wp\/v2\/product_cat?post=113886"},{"taxonomy":"product_tag","embeddable":true,"href":"https:\/\/madame-sensuelle.paris\/fr\/wp-json\/wp\/v2\/product_tag?post=113886"},{"taxonomy":"giftcard-category","embeddable":true,"href":"https:\/\/madame-sensuelle.paris\/fr\/wp-json\/wp\/v2\/giftcard-category?post=113886"}],"curies":[{"name":"wp","href":"https:\/\/api.w.org\/{rel}","templated":true}]}}