{"id":114622,"date":"2025-01-29T13:12:41","date_gmt":"2025-01-29T13:12:41","guid":{"rendered":"https:\/\/madame-sensuelle.paris\/product\/jupe-crayon-nuit-infinie-a-lacets-derriere\/"},"modified":"2026-03-30T02:39:09","modified_gmt":"2026-03-30T02:39:09","slug":"jupe-crayon-nuit-infinie-lacets-arriere","status":"publish","type":"product","link":"https:\/\/madame-sensuelle.paris\/fr\/product\/jupe-crayon-nuit-infinie-lacets-arriere\/","title":{"rendered":"Jupe crayon Nuit Infinie \u00e0 la\u00e7ets derri\u00e8re"},"content":{"rendered":"<p>Sublimez votre silhouette avec la <strong>Jupe crayon Nuit Infinie<\/strong> de Maison Close. \u00c9l\u00e9gante et sensuelle, cette pi\u00e8ce iconique \u00e9pouse les courbes avec raffinement. Son <strong>la\u00e7age audacieux dans le dos<\/strong> apporte une touche de s\u00e9duction subtile, tandis que sa coupe ajust\u00e9e allonge la silhouette avec gr\u00e2ce. Confectionn\u00e9e dans une mati\u00e8re douce et extensible, elle assure un confort optimal tout en r\u00e9v\u00e9lant un style irr\u00e9sistiblement glamour. Id\u00e9ale pour une tenue sophistiqu\u00e9e ou un look audacieux, cette jupe est une invitation \u00e0 l\u2019\u00e9l\u00e9gance sans compromis.<\/p>\n","protected":false},"excerpt":{"rendered":"<p>Sublimez votre silhouette avec la Jupe crayon Nuit Infinie de Maison Close. \u00c9l\u00e9gante et sensuelle, cette pi\u00e8ce iconique \u00e9pouse les courbes avec raffinement. Son la\u00e7age audacieux dans le dos apporte une touche de s\u00e9duction subtile, tandis que sa coupe ajust\u00e9e allonge la silhouette avec gr\u00e2ce. Confectionn\u00e9e dans une mati\u00e8re douce et extensible, elle assure un<\/p>\n","protected":false},"featured_media":114614,"template":"","meta":[],"pwb-brand":[2776],"product_brand":[],"product_cat":[1236,1239,3367],"product_tag":[],"giftcard-category":[],"class_list":{"0":"post-114622","1":"product","2":"type-product","3":"status-publish","4":"has-post-thumbnail","6":"pwb-brand-maison-close","7":"product_cat-jupes-sexy","8":"product_cat-longewear","9":"product_cat-show-main","10":"pa_collection-nuit-infinie","12":"first","13":"instock","14":"taxable","15":"shipping-taxable","16":"purchasable","17":"product-type-variable","18":"has-default-attributes"},"yoast_head":"<!-- This site is optimized with the Yoast SEO plugin v27.3 - https:\/\/yoast.com\/product\/yoast-seo-wordpress\/ -->\n<title>Jupe crayon sensuelle Nuit Infinie - la\u00e7ets arri\u00e8re - Maison Close<\/title>\n<meta name=\"description\" content=\"D\u00e9couvrez la Jupe sensuelle crayon Nuit Infinie de Maison Close, une pi\u00e8ce \u00e9l\u00e9gante et sensuelle avec un la\u00e7age audacieux dans le dos.\" \/>\n<meta name=\"robots\" content=\"index, follow, max-snippet:-1, max-image-preview:large, max-video-preview:-1\" \/>\n<link rel=\"canonical\" href=\"https:\/\/madame-sensuelle.paris\/fr\/product\/jupe-crayon-nuit-infinie-lacets-arriere\/\" \/>\n<meta property=\"og:locale\" content=\"fr_FR\" \/>\n<meta property=\"og:type\" content=\"article\" \/>\n<meta property=\"og:title\" content=\"Jupe crayon sensuelle Nuit Infinie - la\u00e7ets arri\u00e8re - Maison Close\" \/>\n<meta property=\"og:description\" content=\"D\u00e9couvrez la Jupe sensuelle crayon Nuit Infinie de Maison Close, une pi\u00e8ce \u00e9l\u00e9gante et sensuelle avec un la\u00e7age audacieux dans le dos.\" \/>\n<meta property=\"og:url\" content=\"https:\/\/madame-sensuelle.paris\/fr\/product\/jupe-crayon-nuit-infinie-lacets-arriere\/\" \/>\n<meta property=\"og:site_name\" content=\"Madame Sensuelle\" \/>\n<meta property=\"article:publisher\" content=\"https:\/\/www.facebook.com\/madamesensuelle\" \/>\n<meta property=\"article:modified_time\" content=\"2026-03-30T02:39:09+00:00\" \/>\n<meta property=\"og:image\" content=\"http:\/\/madame-sensuelle.paris\/wp-content\/uploads\/2025\/01\/XSHD1TJ61445.jpg\" \/>\n\t<meta property=\"og:image:width\" content=\"450\" \/>\n\t<meta property=\"og:image:height\" content=\"600\" \/>\n\t<meta property=\"og:image:type\" content=\"image\/jpeg\" \/>\n<meta name=\"twitter:card\" content=\"summary_large_image\" \/>\n<meta name=\"twitter:label1\" content=\"Dur\u00e9e de lecture estim\u00e9e\" \/>\n\t<meta name=\"twitter:data1\" content=\"2 minutes\" \/>\n<script type=\"application\/ld+json\" class=\"yoast-schema-graph\">{\"@context\":\"https:\\\/\\\/schema.org\",\"@graph\":[{\"@type\":\"WebPage\",\"@id\":\"https:\\\/\\\/madame-sensuelle.paris\\\/fr\\\/product\\\/jupe-crayon-nuit-infinie-lacets-arriere\\\/\",\"url\":\"https:\\\/\\\/madame-sensuelle.paris\\\/fr\\\/product\\\/jupe-crayon-nuit-infinie-lacets-arriere\\\/\",\"name\":\"Jupe crayon sensuelle Nuit Infinie - la\u00e7ets arri\u00e8re - Maison Close\",\"isPartOf\":{\"@id\":\"https:\\\/\\\/madame-sensuelle.paris\\\/fr\\\/#website\"},\"primaryImageOfPage\":{\"@id\":\"https:\\\/\\\/madame-sensuelle.paris\\\/fr\\\/product\\\/jupe-crayon-nuit-infinie-lacets-arriere\\\/#primaryimage\"},\"image\":{\"@id\":\"https:\\\/\\\/madame-sensuelle.paris\\\/fr\\\/product\\\/jupe-crayon-nuit-infinie-lacets-arriere\\\/#primaryimage\"},\"thumbnailUrl\":\"https:\\\/\\\/madame-sensuelle.paris\\\/wp-content\\\/uploads\\\/2025\\\/01\\\/XSHD1TJ61445.jpg\",\"datePublished\":\"2025-01-29T13:12:41+00:00\",\"dateModified\":\"2026-03-30T02:39:09+00:00\",\"description\":\"D\u00e9couvrez la Jupe sensuelle crayon Nuit Infinie de Maison Close, une pi\u00e8ce \u00e9l\u00e9gante et sensuelle avec un la\u00e7age audacieux dans le dos.\",\"breadcrumb\":{\"@id\":\"https:\\\/\\\/madame-sensuelle.paris\\\/fr\\\/product\\\/jupe-crayon-nuit-infinie-lacets-arriere\\\/#breadcrumb\"},\"inLanguage\":\"fr-FR\",\"potentialAction\":[{\"@type\":\"ReadAction\",\"target\":[\"https:\\\/\\\/madame-sensuelle.paris\\\/fr\\\/product\\\/jupe-crayon-nuit-infinie-lacets-arriere\\\/\"]}]},{\"@type\":\"ImageObject\",\"inLanguage\":\"fr-FR\",\"@id\":\"https:\\\/\\\/madame-sensuelle.paris\\\/fr\\\/product\\\/jupe-crayon-nuit-infinie-lacets-arriere\\\/#primaryimage\",\"url\":\"https:\\\/\\\/madame-sensuelle.paris\\\/wp-content\\\/uploads\\\/2025\\\/01\\\/XSHD1TJ61445.jpg\",\"contentUrl\":\"https:\\\/\\\/madame-sensuelle.paris\\\/wp-content\\\/uploads\\\/2025\\\/01\\\/XSHD1TJ61445.jpg\",\"width\":450,\"height\":600},{\"@type\":\"BreadcrumbList\",\"@id\":\"https:\\\/\\\/madame-sensuelle.paris\\\/fr\\\/product\\\/jupe-crayon-nuit-infinie-lacets-arriere\\\/#breadcrumb\",\"itemListElement\":[{\"@type\":\"ListItem\",\"position\":1,\"name\":\"Acceuil\",\"item\":\"https:\\\/\\\/madame-sensuelle.paris\\\/fr\\\/\"},{\"@type\":\"ListItem\",\"position\":2,\"name\":\"Catalogue\",\"item\":\"https:\\\/\\\/madame-sensuelle.paris\\\/fr\\\/catalogue\\\/\"},{\"@type\":\"ListItem\",\"position\":3,\"name\":\"MAISON CLOSE\",\"item\":\"https:\\\/\\\/madame-sensuelle.paris\\\/fr\\\/brand\\\/maison-close\\\/\"},{\"@type\":\"ListItem\",\"position\":4,\"name\":\"Jupe crayon Nuit Infinie \u00e0 la\u00e7ets derri\u00e8re\"}]},{\"@type\":\"WebSite\",\"@id\":\"https:\\\/\\\/madame-sensuelle.paris\\\/fr\\\/#website\",\"url\":\"https:\\\/\\\/madame-sensuelle.paris\\\/fr\\\/\",\"name\":\"MADAME SENSUELLE\",\"description\":\"MADAME SENSUELLE: Found the biggest exciting brands of chic &amp; SEXY LINGERIE in Paris Boutique and on the WEB: Aubade, Dita Von Teese, Maison Close, Marjolaine, Bluebella, Atelier Amour, Luxxa, Catanzaro, Gracija Rim. You will found the big pleasure of sexy belt or bra make for you\",\"publisher\":{\"@id\":\"https:\\\/\\\/madame-sensuelle.paris\\\/fr\\\/#organization\"},\"potentialAction\":[{\"@type\":\"SearchAction\",\"target\":{\"@type\":\"EntryPoint\",\"urlTemplate\":\"https:\\\/\\\/madame-sensuelle.paris\\\/fr\\\/?s={search_term_string}\"},\"query-input\":{\"@type\":\"PropertyValueSpecification\",\"valueRequired\":true,\"valueName\":\"search_term_string\"}}],\"inLanguage\":\"fr-FR\"},{\"@type\":\"Organization\",\"@id\":\"https:\\\/\\\/madame-sensuelle.paris\\\/fr\\\/#organization\",\"name\":\"Madame Sensuelle\",\"url\":\"https:\\\/\\\/madame-sensuelle.paris\\\/fr\\\/\",\"logo\":{\"@type\":\"ImageObject\",\"inLanguage\":\"fr-FR\",\"@id\":\"https:\\\/\\\/madame-sensuelle.paris\\\/fr\\\/#\\\/schema\\\/logo\\\/image\\\/\",\"url\":\"https:\\\/\\\/madame-sensuelle.paris\\\/wp-content\\\/uploads\\\/2024\\\/12\\\/logo_a-1-1_696.webp\",\"contentUrl\":\"https:\\\/\\\/madame-sensuelle.paris\\\/wp-content\\\/uploads\\\/2024\\\/12\\\/logo_a-1-1_696.webp\",\"width\":696,\"height\":696,\"caption\":\"Madame Sensuelle\"},\"image\":{\"@id\":\"https:\\\/\\\/madame-sensuelle.paris\\\/fr\\\/#\\\/schema\\\/logo\\\/image\\\/\"},\"sameAs\":[\"https:\\\/\\\/www.facebook.com\\\/madamesensuelle\",\"https:\\\/\\\/www.instagram.com\\\/madame_sensuelle\\\/\"]}]}<\/script>\n<!-- \/ Yoast SEO plugin. -->","yoast_head_json":{"title":"Jupe crayon sensuelle Nuit Infinie - la\u00e7ets arri\u00e8re - Maison Close","description":"D\u00e9couvrez la Jupe sensuelle crayon Nuit Infinie de Maison Close, une pi\u00e8ce \u00e9l\u00e9gante et sensuelle avec un la\u00e7age audacieux dans le dos.","robots":{"index":"index","follow":"follow","max-snippet":"max-snippet:-1","max-image-preview":"max-image-preview:large","max-video-preview":"max-video-preview:-1"},"canonical":"https:\/\/madame-sensuelle.paris\/fr\/product\/jupe-crayon-nuit-infinie-lacets-arriere\/","og_locale":"fr_FR","og_type":"article","og_title":"Jupe crayon sensuelle Nuit Infinie - la\u00e7ets arri\u00e8re - Maison Close","og_description":"D\u00e9couvrez la Jupe sensuelle crayon Nuit Infinie de Maison Close, une pi\u00e8ce \u00e9l\u00e9gante et sensuelle avec un la\u00e7age audacieux dans le dos.","og_url":"https:\/\/madame-sensuelle.paris\/fr\/product\/jupe-crayon-nuit-infinie-lacets-arriere\/","og_site_name":"Madame Sensuelle","article_publisher":"https:\/\/www.facebook.com\/madamesensuelle","article_modified_time":"2026-03-30T02:39:09+00:00","og_image":[{"width":450,"height":600,"url":"http:\/\/madame-sensuelle.paris\/wp-content\/uploads\/2025\/01\/XSHD1TJ61445.jpg","type":"image\/jpeg"}],"twitter_card":"summary_large_image","twitter_misc":{"Dur\u00e9e de lecture estim\u00e9e":"2 minutes"},"schema":{"@context":"https:\/\/schema.org","@graph":[{"@type":"WebPage","@id":"https:\/\/madame-sensuelle.paris\/fr\/product\/jupe-crayon-nuit-infinie-lacets-arriere\/","url":"https:\/\/madame-sensuelle.paris\/fr\/product\/jupe-crayon-nuit-infinie-lacets-arriere\/","name":"Jupe crayon sensuelle Nuit Infinie - la\u00e7ets arri\u00e8re - Maison Close","isPartOf":{"@id":"https:\/\/madame-sensuelle.paris\/fr\/#website"},"primaryImageOfPage":{"@id":"https:\/\/madame-sensuelle.paris\/fr\/product\/jupe-crayon-nuit-infinie-lacets-arriere\/#primaryimage"},"image":{"@id":"https:\/\/madame-sensuelle.paris\/fr\/product\/jupe-crayon-nuit-infinie-lacets-arriere\/#primaryimage"},"thumbnailUrl":"https:\/\/madame-sensuelle.paris\/wp-content\/uploads\/2025\/01\/XSHD1TJ61445.jpg","datePublished":"2025-01-29T13:12:41+00:00","dateModified":"2026-03-30T02:39:09+00:00","description":"D\u00e9couvrez la Jupe sensuelle crayon Nuit Infinie de Maison Close, une pi\u00e8ce \u00e9l\u00e9gante et sensuelle avec un la\u00e7age audacieux dans le dos.","breadcrumb":{"@id":"https:\/\/madame-sensuelle.paris\/fr\/product\/jupe-crayon-nuit-infinie-lacets-arriere\/#breadcrumb"},"inLanguage":"fr-FR","potentialAction":[{"@type":"ReadAction","target":["https:\/\/madame-sensuelle.paris\/fr\/product\/jupe-crayon-nuit-infinie-lacets-arriere\/"]}]},{"@type":"ImageObject","inLanguage":"fr-FR","@id":"https:\/\/madame-sensuelle.paris\/fr\/product\/jupe-crayon-nuit-infinie-lacets-arriere\/#primaryimage","url":"https:\/\/madame-sensuelle.paris\/wp-content\/uploads\/2025\/01\/XSHD1TJ61445.jpg","contentUrl":"https:\/\/madame-sensuelle.paris\/wp-content\/uploads\/2025\/01\/XSHD1TJ61445.jpg","width":450,"height":600},{"@type":"BreadcrumbList","@id":"https:\/\/madame-sensuelle.paris\/fr\/product\/jupe-crayon-nuit-infinie-lacets-arriere\/#breadcrumb","itemListElement":[{"@type":"ListItem","position":1,"name":"Acceuil","item":"https:\/\/madame-sensuelle.paris\/fr\/"},{"@type":"ListItem","position":2,"name":"Catalogue","item":"https:\/\/madame-sensuelle.paris\/fr\/catalogue\/"},{"@type":"ListItem","position":3,"name":"MAISON CLOSE","item":"https:\/\/madame-sensuelle.paris\/fr\/brand\/maison-close\/"},{"@type":"ListItem","position":4,"name":"Jupe crayon Nuit Infinie \u00e0 la\u00e7ets derri\u00e8re"}]},{"@type":"WebSite","@id":"https:\/\/madame-sensuelle.paris\/fr\/#website","url":"https:\/\/madame-sensuelle.paris\/fr\/","name":"MADAME SENSUELLE","description":"MADAME SENSUELLE: Found the biggest exciting brands of chic &amp; SEXY LINGERIE in Paris Boutique and on the WEB: Aubade, Dita Von Teese, Maison Close, Marjolaine, Bluebella, Atelier Amour, Luxxa, Catanzaro, Gracija Rim. You will found the big pleasure of sexy belt or bra make for you","publisher":{"@id":"https:\/\/madame-sensuelle.paris\/fr\/#organization"},"potentialAction":[{"@type":"SearchAction","target":{"@type":"EntryPoint","urlTemplate":"https:\/\/madame-sensuelle.paris\/fr\/?s={search_term_string}"},"query-input":{"@type":"PropertyValueSpecification","valueRequired":true,"valueName":"search_term_string"}}],"inLanguage":"fr-FR"},{"@type":"Organization","@id":"https:\/\/madame-sensuelle.paris\/fr\/#organization","name":"Madame Sensuelle","url":"https:\/\/madame-sensuelle.paris\/fr\/","logo":{"@type":"ImageObject","inLanguage":"fr-FR","@id":"https:\/\/madame-sensuelle.paris\/fr\/#\/schema\/logo\/image\/","url":"https:\/\/madame-sensuelle.paris\/wp-content\/uploads\/2024\/12\/logo_a-1-1_696.webp","contentUrl":"https:\/\/madame-sensuelle.paris\/wp-content\/uploads\/2024\/12\/logo_a-1-1_696.webp","width":696,"height":696,"caption":"Madame Sensuelle"},"image":{"@id":"https:\/\/madame-sensuelle.paris\/fr\/#\/schema\/logo\/image\/"},"sameAs":["https:\/\/www.facebook.com\/madamesensuelle","https:\/\/www.instagram.com\/madame_sensuelle\/"]}]}},"brands":[{"id":2776,"name":"MAISON CLOSE","slug":"maison-close"}],"_links":{"self":[{"href":"https:\/\/madame-sensuelle.paris\/fr\/wp-json\/wp\/v2\/product\/114622","targetHints":{"allow":["GET"]}}],"collection":[{"href":"https:\/\/madame-sensuelle.paris\/fr\/wp-json\/wp\/v2\/product"}],"about":[{"href":"https:\/\/madame-sensuelle.paris\/fr\/wp-json\/wp\/v2\/types\/product"}],"version-history":[{"count":1,"href":"https:\/\/madame-sensuelle.paris\/fr\/wp-json\/wp\/v2\/product\/114622\/revisions"}],"predecessor-version":[{"id":115066,"href":"https:\/\/madame-sensuelle.paris\/fr\/wp-json\/wp\/v2\/product\/114622\/revisions\/115066"}],"wp:featuredmedia":[{"embeddable":true,"href":"https:\/\/madame-sensuelle.paris\/fr\/wp-json\/wp\/v2\/media\/114614"}],"wp:attachment":[{"href":"https:\/\/madame-sensuelle.paris\/fr\/wp-json\/wp\/v2\/media?parent=114622"}],"wp:term":[{"taxonomy":"pwb-brand","embeddable":true,"href":"https:\/\/madame-sensuelle.paris\/fr\/wp-json\/wp\/v2\/pwb-brand?post=114622"},{"taxonomy":"product_brand","embeddable":true,"href":"https:\/\/madame-sensuelle.paris\/fr\/wp-json\/wp\/v2\/product_brand?post=114622"},{"taxonomy":"product_cat","embeddable":true,"href":"https:\/\/madame-sensuelle.paris\/fr\/wp-json\/wp\/v2\/product_cat?post=114622"},{"taxonomy":"product_tag","embeddable":true,"href":"https:\/\/madame-sensuelle.paris\/fr\/wp-json\/wp\/v2\/product_tag?post=114622"},{"taxonomy":"giftcard-category","embeddable":true,"href":"https:\/\/madame-sensuelle.paris\/fr\/wp-json\/wp\/v2\/giftcard-category?post=114622"}],"curies":[{"name":"wp","href":"https:\/\/api.w.org\/{rel}","templated":true}]}}