{"id":115196,"date":"2025-02-04T15:17:45","date_gmt":"2025-02-04T15:17:45","guid":{"rendered":"https:\/\/madame-sensuelle.paris\/product\/string-rosewyn-en-tulle-avec-broderie-florale\/"},"modified":"2026-03-30T00:07:30","modified_gmt":"2026-03-30T00:07:30","slug":"string-rosewyn-en-tulle-avec-broderie-florale","status":"publish","type":"product","link":"https:\/\/madame-sensuelle.paris\/fr\/product\/string-rosewyn-en-tulle-avec-broderie-florale\/","title":{"rendered":"String Rosewyn en tulle avec broderie florale"},"content":{"rendered":"<p>String Rosewyn en tulle avec broderie florale<\/p>\n","protected":false},"excerpt":{"rendered":"<p>String Rosewyn en tulle avec broderie florale<\/p>\n","protected":false},"featured_media":118262,"template":"","meta":[],"pwb-brand":[2765],"product_brand":[],"product_cat":[1270,1245,1231],"product_tag":[],"giftcard-category":[],"class_list":{"0":"post-115196","1":"product","2":"type-product","3":"status-publish","4":"has-post-thumbnail","6":"pwb-brand-dita-von-teese","7":"product_cat-culottes-sexy","8":"product_cat-lingerie-sexy-femme-erotique-et-glamour","9":"product_cat-string","10":"pa_collection-rosewyn-fr","12":"first","13":"instock","14":"taxable","15":"shipping-taxable","16":"purchasable","17":"product-type-variable","18":"has-default-attributes"},"yoast_head":"<!-- This site is optimized with the Yoast SEO plugin v27.3 - https:\/\/yoast.com\/product\/yoast-seo-wordpress\/ -->\n<title>String Rosewyn en tulle avec broderie florale \u2013 DITA VON TEESE - Madame Sensuelle<\/title>\n<meta name=\"description\" content=\"cliquer pour visionner l&#039;article : String Rosewyn en tulle avec broderie florale Le String Rosewyn incarne une sensualit\u00e9 absolue. Son tulle d\u00e9licat effleure la peau dans un jeu de transparence captivant, tandis que sa broderie florale rouge dessine des courbes envo\u00fbtantes. Sa coupe \u00e9chancr\u00e9e allonge la silhouette et souligne chaque ligne du corps avec audace. \u00c9l\u00e9gant, raffin\u00e9 et irr\u00e9sistiblement sexy, il promet une allure aussi sophistiqu\u00e9e que s\u00e9ductrice.\" \/>\n<meta name=\"robots\" content=\"index, follow, max-snippet:-1, max-image-preview:large, max-video-preview:-1\" \/>\n<link rel=\"canonical\" href=\"https:\/\/madame-sensuelle.paris\/fr\/product\/string-rosewyn-en-tulle-avec-broderie-florale\/\" \/>\n<meta property=\"og:locale\" content=\"fr_FR\" \/>\n<meta property=\"og:type\" content=\"article\" \/>\n<meta property=\"og:title\" content=\"String Rosewyn en tulle avec broderie florale \u2013 DITA VON TEESE - Madame Sensuelle\" \/>\n<meta property=\"og:description\" content=\"cliquer pour visionner l&#039;article : String Rosewyn en tulle avec broderie florale Le String Rosewyn incarne une sensualit\u00e9 absolue. Son tulle d\u00e9licat effleure la peau dans un jeu de transparence captivant, tandis que sa broderie florale rouge dessine des courbes envo\u00fbtantes. Sa coupe \u00e9chancr\u00e9e allonge la silhouette et souligne chaque ligne du corps avec audace. \u00c9l\u00e9gant, raffin\u00e9 et irr\u00e9sistiblement sexy, il promet une allure aussi sophistiqu\u00e9e que s\u00e9ductrice.\" \/>\n<meta property=\"og:url\" content=\"https:\/\/madame-sensuelle.paris\/fr\/product\/string-rosewyn-en-tulle-avec-broderie-florale\/\" \/>\n<meta property=\"og:site_name\" content=\"Madame Sensuelle\" \/>\n<meta property=\"article:publisher\" content=\"https:\/\/www.facebook.com\/madamesensuelle\" \/>\n<meta property=\"article:modified_time\" content=\"2026-03-30T00:07:30+00:00\" \/>\n<meta property=\"og:image\" content=\"http:\/\/madame-sensuelle.paris\/wp-content\/uploads\/2025\/04\/XSHD1TJ61494.jpg\" \/>\n\t<meta property=\"og:image:width\" content=\"1064\" \/>\n\t<meta property=\"og:image:height\" content=\"1600\" \/>\n\t<meta property=\"og:image:type\" content=\"image\/jpeg\" \/>\n<meta name=\"twitter:card\" content=\"summary_large_image\" \/>\n<meta name=\"twitter:label1\" content=\"Dur\u00e9e de lecture estim\u00e9e\" \/>\n\t<meta name=\"twitter:data1\" content=\"1 minute\" \/>\n<script type=\"application\/ld+json\" class=\"yoast-schema-graph\">{\"@context\":\"https:\\\/\\\/schema.org\",\"@graph\":[{\"@type\":\"WebPage\",\"@id\":\"https:\\\/\\\/madame-sensuelle.paris\\\/fr\\\/product\\\/string-rosewyn-en-tulle-avec-broderie-florale\\\/\",\"url\":\"https:\\\/\\\/madame-sensuelle.paris\\\/fr\\\/product\\\/string-rosewyn-en-tulle-avec-broderie-florale\\\/\",\"name\":\"String Rosewyn en tulle avec broderie florale \u2013 DITA VON TEESE - Madame Sensuelle\",\"isPartOf\":{\"@id\":\"https:\\\/\\\/madame-sensuelle.paris\\\/fr\\\/#website\"},\"primaryImageOfPage\":{\"@id\":\"https:\\\/\\\/madame-sensuelle.paris\\\/fr\\\/product\\\/string-rosewyn-en-tulle-avec-broderie-florale\\\/#primaryimage\"},\"image\":{\"@id\":\"https:\\\/\\\/madame-sensuelle.paris\\\/fr\\\/product\\\/string-rosewyn-en-tulle-avec-broderie-florale\\\/#primaryimage\"},\"thumbnailUrl\":\"https:\\\/\\\/madame-sensuelle.paris\\\/wp-content\\\/uploads\\\/2025\\\/04\\\/XSHD1TJ61494.jpg\",\"datePublished\":\"2025-02-04T15:17:45+00:00\",\"dateModified\":\"2026-03-30T00:07:30+00:00\",\"description\":\"cliquer pour visionner l'article : String Rosewyn en tulle avec broderie florale Le String Rosewyn incarne une sensualit\u00e9 absolue. Son tulle d\u00e9licat effleure la peau dans un jeu de transparence captivant, tandis que sa broderie florale rouge dessine des courbes envo\u00fbtantes. Sa coupe \u00e9chancr\u00e9e allonge la silhouette et souligne chaque ligne du corps avec audace. \u00c9l\u00e9gant, raffin\u00e9 et irr\u00e9sistiblement sexy, il promet une allure aussi sophistiqu\u00e9e que s\u00e9ductrice.\",\"breadcrumb\":{\"@id\":\"https:\\\/\\\/madame-sensuelle.paris\\\/fr\\\/product\\\/string-rosewyn-en-tulle-avec-broderie-florale\\\/#breadcrumb\"},\"inLanguage\":\"fr-FR\",\"potentialAction\":[{\"@type\":\"ReadAction\",\"target\":[\"https:\\\/\\\/madame-sensuelle.paris\\\/fr\\\/product\\\/string-rosewyn-en-tulle-avec-broderie-florale\\\/\"]}]},{\"@type\":\"ImageObject\",\"inLanguage\":\"fr-FR\",\"@id\":\"https:\\\/\\\/madame-sensuelle.paris\\\/fr\\\/product\\\/string-rosewyn-en-tulle-avec-broderie-florale\\\/#primaryimage\",\"url\":\"https:\\\/\\\/madame-sensuelle.paris\\\/wp-content\\\/uploads\\\/2025\\\/04\\\/XSHD1TJ61494.jpg\",\"contentUrl\":\"https:\\\/\\\/madame-sensuelle.paris\\\/wp-content\\\/uploads\\\/2025\\\/04\\\/XSHD1TJ61494.jpg\",\"width\":1064,\"height\":1600},{\"@type\":\"BreadcrumbList\",\"@id\":\"https:\\\/\\\/madame-sensuelle.paris\\\/fr\\\/product\\\/string-rosewyn-en-tulle-avec-broderie-florale\\\/#breadcrumb\",\"itemListElement\":[{\"@type\":\"ListItem\",\"position\":1,\"name\":\"Acceuil\",\"item\":\"https:\\\/\\\/madame-sensuelle.paris\\\/fr\\\/\"},{\"@type\":\"ListItem\",\"position\":2,\"name\":\"Catalogue\",\"item\":\"https:\\\/\\\/madame-sensuelle.paris\\\/fr\\\/catalogue\\\/\"},{\"@type\":\"ListItem\",\"position\":3,\"name\":\"DITA VON TEESE\",\"item\":\"https:\\\/\\\/madame-sensuelle.paris\\\/fr\\\/brand\\\/dita-von-teese\\\/\"},{\"@type\":\"ListItem\",\"position\":4,\"name\":\"String Rosewyn en tulle avec broderie florale\"}]},{\"@type\":\"WebSite\",\"@id\":\"https:\\\/\\\/madame-sensuelle.paris\\\/fr\\\/#website\",\"url\":\"https:\\\/\\\/madame-sensuelle.paris\\\/fr\\\/\",\"name\":\"MADAME SENSUELLE\",\"description\":\"MADAME SENSUELLE: Found the biggest exciting brands of chic &amp; SEXY LINGERIE in Paris Boutique and on the WEB: Aubade, Dita Von Teese, Maison Close, Marjolaine, Bluebella, Atelier Amour, Luxxa, Catanzaro, Gracija Rim. You will found the big pleasure of sexy belt or bra make for you\",\"publisher\":{\"@id\":\"https:\\\/\\\/madame-sensuelle.paris\\\/fr\\\/#organization\"},\"potentialAction\":[{\"@type\":\"SearchAction\",\"target\":{\"@type\":\"EntryPoint\",\"urlTemplate\":\"https:\\\/\\\/madame-sensuelle.paris\\\/fr\\\/?s={search_term_string}\"},\"query-input\":{\"@type\":\"PropertyValueSpecification\",\"valueRequired\":true,\"valueName\":\"search_term_string\"}}],\"inLanguage\":\"fr-FR\"},{\"@type\":\"Organization\",\"@id\":\"https:\\\/\\\/madame-sensuelle.paris\\\/fr\\\/#organization\",\"name\":\"Madame Sensuelle\",\"url\":\"https:\\\/\\\/madame-sensuelle.paris\\\/fr\\\/\",\"logo\":{\"@type\":\"ImageObject\",\"inLanguage\":\"fr-FR\",\"@id\":\"https:\\\/\\\/madame-sensuelle.paris\\\/fr\\\/#\\\/schema\\\/logo\\\/image\\\/\",\"url\":\"https:\\\/\\\/madame-sensuelle.paris\\\/wp-content\\\/uploads\\\/2024\\\/12\\\/logo_a-1-1_696.webp\",\"contentUrl\":\"https:\\\/\\\/madame-sensuelle.paris\\\/wp-content\\\/uploads\\\/2024\\\/12\\\/logo_a-1-1_696.webp\",\"width\":696,\"height\":696,\"caption\":\"Madame Sensuelle\"},\"image\":{\"@id\":\"https:\\\/\\\/madame-sensuelle.paris\\\/fr\\\/#\\\/schema\\\/logo\\\/image\\\/\"},\"sameAs\":[\"https:\\\/\\\/www.facebook.com\\\/madamesensuelle\",\"https:\\\/\\\/www.instagram.com\\\/madame_sensuelle\\\/\"]}]}<\/script>\n<!-- \/ Yoast SEO plugin. -->","yoast_head_json":{"title":"String Rosewyn en tulle avec broderie florale \u2013 DITA VON TEESE - Madame Sensuelle","description":"cliquer pour visionner l'article : String Rosewyn en tulle avec broderie florale Le String Rosewyn incarne une sensualit\u00e9 absolue. Son tulle d\u00e9licat effleure la peau dans un jeu de transparence captivant, tandis que sa broderie florale rouge dessine des courbes envo\u00fbtantes. Sa coupe \u00e9chancr\u00e9e allonge la silhouette et souligne chaque ligne du corps avec audace. \u00c9l\u00e9gant, raffin\u00e9 et irr\u00e9sistiblement sexy, il promet une allure aussi sophistiqu\u00e9e que s\u00e9ductrice.","robots":{"index":"index","follow":"follow","max-snippet":"max-snippet:-1","max-image-preview":"max-image-preview:large","max-video-preview":"max-video-preview:-1"},"canonical":"https:\/\/madame-sensuelle.paris\/fr\/product\/string-rosewyn-en-tulle-avec-broderie-florale\/","og_locale":"fr_FR","og_type":"article","og_title":"String Rosewyn en tulle avec broderie florale \u2013 DITA VON TEESE - Madame Sensuelle","og_description":"cliquer pour visionner l'article : String Rosewyn en tulle avec broderie florale Le String Rosewyn incarne une sensualit\u00e9 absolue. Son tulle d\u00e9licat effleure la peau dans un jeu de transparence captivant, tandis que sa broderie florale rouge dessine des courbes envo\u00fbtantes. Sa coupe \u00e9chancr\u00e9e allonge la silhouette et souligne chaque ligne du corps avec audace. \u00c9l\u00e9gant, raffin\u00e9 et irr\u00e9sistiblement sexy, il promet une allure aussi sophistiqu\u00e9e que s\u00e9ductrice.","og_url":"https:\/\/madame-sensuelle.paris\/fr\/product\/string-rosewyn-en-tulle-avec-broderie-florale\/","og_site_name":"Madame Sensuelle","article_publisher":"https:\/\/www.facebook.com\/madamesensuelle","article_modified_time":"2026-03-30T00:07:30+00:00","og_image":[{"width":1064,"height":1600,"url":"http:\/\/madame-sensuelle.paris\/wp-content\/uploads\/2025\/04\/XSHD1TJ61494.jpg","type":"image\/jpeg"}],"twitter_card":"summary_large_image","twitter_misc":{"Dur\u00e9e de lecture estim\u00e9e":"1 minute"},"schema":{"@context":"https:\/\/schema.org","@graph":[{"@type":"WebPage","@id":"https:\/\/madame-sensuelle.paris\/fr\/product\/string-rosewyn-en-tulle-avec-broderie-florale\/","url":"https:\/\/madame-sensuelle.paris\/fr\/product\/string-rosewyn-en-tulle-avec-broderie-florale\/","name":"String Rosewyn en tulle avec broderie florale \u2013 DITA VON TEESE - Madame Sensuelle","isPartOf":{"@id":"https:\/\/madame-sensuelle.paris\/fr\/#website"},"primaryImageOfPage":{"@id":"https:\/\/madame-sensuelle.paris\/fr\/product\/string-rosewyn-en-tulle-avec-broderie-florale\/#primaryimage"},"image":{"@id":"https:\/\/madame-sensuelle.paris\/fr\/product\/string-rosewyn-en-tulle-avec-broderie-florale\/#primaryimage"},"thumbnailUrl":"https:\/\/madame-sensuelle.paris\/wp-content\/uploads\/2025\/04\/XSHD1TJ61494.jpg","datePublished":"2025-02-04T15:17:45+00:00","dateModified":"2026-03-30T00:07:30+00:00","description":"cliquer pour visionner l'article : String Rosewyn en tulle avec broderie florale Le String Rosewyn incarne une sensualit\u00e9 absolue. Son tulle d\u00e9licat effleure la peau dans un jeu de transparence captivant, tandis que sa broderie florale rouge dessine des courbes envo\u00fbtantes. Sa coupe \u00e9chancr\u00e9e allonge la silhouette et souligne chaque ligne du corps avec audace. \u00c9l\u00e9gant, raffin\u00e9 et irr\u00e9sistiblement sexy, il promet une allure aussi sophistiqu\u00e9e que s\u00e9ductrice.","breadcrumb":{"@id":"https:\/\/madame-sensuelle.paris\/fr\/product\/string-rosewyn-en-tulle-avec-broderie-florale\/#breadcrumb"},"inLanguage":"fr-FR","potentialAction":[{"@type":"ReadAction","target":["https:\/\/madame-sensuelle.paris\/fr\/product\/string-rosewyn-en-tulle-avec-broderie-florale\/"]}]},{"@type":"ImageObject","inLanguage":"fr-FR","@id":"https:\/\/madame-sensuelle.paris\/fr\/product\/string-rosewyn-en-tulle-avec-broderie-florale\/#primaryimage","url":"https:\/\/madame-sensuelle.paris\/wp-content\/uploads\/2025\/04\/XSHD1TJ61494.jpg","contentUrl":"https:\/\/madame-sensuelle.paris\/wp-content\/uploads\/2025\/04\/XSHD1TJ61494.jpg","width":1064,"height":1600},{"@type":"BreadcrumbList","@id":"https:\/\/madame-sensuelle.paris\/fr\/product\/string-rosewyn-en-tulle-avec-broderie-florale\/#breadcrumb","itemListElement":[{"@type":"ListItem","position":1,"name":"Acceuil","item":"https:\/\/madame-sensuelle.paris\/fr\/"},{"@type":"ListItem","position":2,"name":"Catalogue","item":"https:\/\/madame-sensuelle.paris\/fr\/catalogue\/"},{"@type":"ListItem","position":3,"name":"DITA VON TEESE","item":"https:\/\/madame-sensuelle.paris\/fr\/brand\/dita-von-teese\/"},{"@type":"ListItem","position":4,"name":"String Rosewyn en tulle avec broderie florale"}]},{"@type":"WebSite","@id":"https:\/\/madame-sensuelle.paris\/fr\/#website","url":"https:\/\/madame-sensuelle.paris\/fr\/","name":"MADAME SENSUELLE","description":"MADAME SENSUELLE: Found the biggest exciting brands of chic &amp; SEXY LINGERIE in Paris Boutique and on the WEB: Aubade, Dita Von Teese, Maison Close, Marjolaine, Bluebella, Atelier Amour, Luxxa, Catanzaro, Gracija Rim. You will found the big pleasure of sexy belt or bra make for you","publisher":{"@id":"https:\/\/madame-sensuelle.paris\/fr\/#organization"},"potentialAction":[{"@type":"SearchAction","target":{"@type":"EntryPoint","urlTemplate":"https:\/\/madame-sensuelle.paris\/fr\/?s={search_term_string}"},"query-input":{"@type":"PropertyValueSpecification","valueRequired":true,"valueName":"search_term_string"}}],"inLanguage":"fr-FR"},{"@type":"Organization","@id":"https:\/\/madame-sensuelle.paris\/fr\/#organization","name":"Madame Sensuelle","url":"https:\/\/madame-sensuelle.paris\/fr\/","logo":{"@type":"ImageObject","inLanguage":"fr-FR","@id":"https:\/\/madame-sensuelle.paris\/fr\/#\/schema\/logo\/image\/","url":"https:\/\/madame-sensuelle.paris\/wp-content\/uploads\/2024\/12\/logo_a-1-1_696.webp","contentUrl":"https:\/\/madame-sensuelle.paris\/wp-content\/uploads\/2024\/12\/logo_a-1-1_696.webp","width":696,"height":696,"caption":"Madame Sensuelle"},"image":{"@id":"https:\/\/madame-sensuelle.paris\/fr\/#\/schema\/logo\/image\/"},"sameAs":["https:\/\/www.facebook.com\/madamesensuelle","https:\/\/www.instagram.com\/madame_sensuelle\/"]}]}},"brands":[{"id":2765,"name":"DITA VON TEESE","slug":"dita-von-teese"}],"_links":{"self":[{"href":"https:\/\/madame-sensuelle.paris\/fr\/wp-json\/wp\/v2\/product\/115196","targetHints":{"allow":["GET"]}}],"collection":[{"href":"https:\/\/madame-sensuelle.paris\/fr\/wp-json\/wp\/v2\/product"}],"about":[{"href":"https:\/\/madame-sensuelle.paris\/fr\/wp-json\/wp\/v2\/types\/product"}],"version-history":[{"count":1,"href":"https:\/\/madame-sensuelle.paris\/fr\/wp-json\/wp\/v2\/product\/115196\/revisions"}],"predecessor-version":[{"id":123255,"href":"https:\/\/madame-sensuelle.paris\/fr\/wp-json\/wp\/v2\/product\/115196\/revisions\/123255"}],"wp:featuredmedia":[{"embeddable":true,"href":"https:\/\/madame-sensuelle.paris\/fr\/wp-json\/wp\/v2\/media\/118262"}],"wp:attachment":[{"href":"https:\/\/madame-sensuelle.paris\/fr\/wp-json\/wp\/v2\/media?parent=115196"}],"wp:term":[{"taxonomy":"pwb-brand","embeddable":true,"href":"https:\/\/madame-sensuelle.paris\/fr\/wp-json\/wp\/v2\/pwb-brand?post=115196"},{"taxonomy":"product_brand","embeddable":true,"href":"https:\/\/madame-sensuelle.paris\/fr\/wp-json\/wp\/v2\/product_brand?post=115196"},{"taxonomy":"product_cat","embeddable":true,"href":"https:\/\/madame-sensuelle.paris\/fr\/wp-json\/wp\/v2\/product_cat?post=115196"},{"taxonomy":"product_tag","embeddable":true,"href":"https:\/\/madame-sensuelle.paris\/fr\/wp-json\/wp\/v2\/product_tag?post=115196"},{"taxonomy":"giftcard-category","embeddable":true,"href":"https:\/\/madame-sensuelle.paris\/fr\/wp-json\/wp\/v2\/giftcard-category?post=115196"}],"curies":[{"name":"wp","href":"https:\/\/api.w.org\/{rel}","templated":true}]}}