{"id":115452,"date":"2025-02-05T13:50:34","date_gmt":"2025-02-05T13:50:34","guid":{"rendered":"https:\/\/madame-sensuelle.paris\/product\/string-trocadero-en-vinyle-et-broderie-en-faux-cuir-ornee-de-strass\/"},"modified":"2026-03-30T00:07:28","modified_gmt":"2026-03-30T00:07:28","slug":"string-trocadero-en-vinyle-et-broderie-en-faux-cuir-ornee-de-strass","status":"publish","type":"product","link":"https:\/\/madame-sensuelle.paris\/fr\/product\/string-trocadero-en-vinyle-et-broderie-en-faux-cuir-ornee-de-strass\/","title":{"rendered":"String Trocadero en vinyle et broderie en faux cuir orn\u00e9e de strass"},"content":{"rendered":"<p>String Trocadero en vinyle et broderie en faux cuir orn\u00e9e de strass<\/p>\n","protected":false},"excerpt":{"rendered":"<p>String Trocadero en vinyle et broderie en faux cuir orn\u00e9e de strass<\/p>\n","protected":false},"featured_media":123533,"template":"","meta":[],"pwb-brand":[2766],"product_brand":[],"product_cat":[1270,1245,1231],"product_tag":[],"giftcard-category":[],"class_list":{"0":"post-115452","1":"product","2":"type-product","3":"status-publish","4":"has-post-thumbnail","6":"pwb-brand-catanzaro","7":"product_cat-culottes-sexy","8":"product_cat-lingerie-sexy-femme-erotique-et-glamour","9":"product_cat-string","10":"pa_collection-trocadero","12":"first","13":"instock","14":"taxable","15":"shipping-taxable","16":"purchasable","17":"product-type-variable","18":"has-default-attributes"},"yoast_head":"<!-- This site is optimized with the Yoast SEO plugin v27.4 - https:\/\/yoast.com\/product\/yoast-seo-wordpress\/ -->\n<title>String Trocadero en vinyle et broderie en faux cuir orn\u00e9e de strass \u2013 CATANZARO - Madame Sensuelle<\/title>\n<meta name=\"description\" content=\"cliquer pour visionner l&#039;article :Alliance parfaite de provocation et de sophistication. Confectionn\u00e9 en vinyle noir brillant, il se pare d\u2019une broderie en faux cuir subtilement orn\u00e9e de strass, pour un \u00e9clat ma\u00eetris\u00e9 et magn\u00e9tique. Sa coupe minimaliste \u00e9pouse la silhouette avec pr\u00e9cision, r\u00e9v\u00e9lant une sensualit\u00e9 assum\u00e9e, moderne et r\u00e9solument affirm\u00e9e.\" \/>\n<meta name=\"robots\" content=\"index, follow, max-snippet:-1, max-image-preview:large, max-video-preview:-1\" \/>\n<link rel=\"canonical\" href=\"https:\/\/madame-sensuelle.paris\/fr\/product\/string-trocadero-en-vinyle-et-broderie-en-faux-cuir-ornee-de-strass\/\" \/>\n<meta property=\"og:locale\" content=\"fr_FR\" \/>\n<meta property=\"og:type\" content=\"article\" \/>\n<meta property=\"og:title\" content=\"String Trocadero en vinyle et broderie en faux cuir orn\u00e9e de strass \u2013 CATANZARO - Madame Sensuelle\" \/>\n<meta property=\"og:description\" content=\"cliquer pour visionner l&#039;article :Alliance parfaite de provocation et de sophistication. Confectionn\u00e9 en vinyle noir brillant, il se pare d\u2019une broderie en faux cuir subtilement orn\u00e9e de strass, pour un \u00e9clat ma\u00eetris\u00e9 et magn\u00e9tique. Sa coupe minimaliste \u00e9pouse la silhouette avec pr\u00e9cision, r\u00e9v\u00e9lant une sensualit\u00e9 assum\u00e9e, moderne et r\u00e9solument affirm\u00e9e.\" \/>\n<meta property=\"og:url\" content=\"https:\/\/madame-sensuelle.paris\/fr\/product\/string-trocadero-en-vinyle-et-broderie-en-faux-cuir-ornee-de-strass\/\" \/>\n<meta property=\"og:site_name\" content=\"Madame Sensuelle\" \/>\n<meta property=\"article:publisher\" content=\"https:\/\/www.facebook.com\/madamesensuelle\" \/>\n<meta property=\"article:modified_time\" content=\"2026-03-30T00:07:28+00:00\" \/>\n<meta property=\"og:image\" content=\"http:\/\/madame-sensuelle.paris\/wp-content\/uploads\/2025\/10\/XSHD1TJ61509.jpg\" \/>\n\t<meta property=\"og:image:width\" content=\"750\" \/>\n\t<meta property=\"og:image:height\" content=\"750\" \/>\n\t<meta property=\"og:image:type\" content=\"image\/jpeg\" \/>\n<meta name=\"twitter:card\" content=\"summary_large_image\" \/>\n<meta name=\"twitter:label1\" content=\"Dur\u00e9e de lecture estim\u00e9e\" \/>\n\t<meta name=\"twitter:data1\" content=\"1 minute\" \/>\n<script type=\"application\/ld+json\" class=\"yoast-schema-graph\">{\"@context\":\"https:\\\/\\\/schema.org\",\"@graph\":[{\"@type\":\"WebPage\",\"@id\":\"https:\\\/\\\/madame-sensuelle.paris\\\/fr\\\/product\\\/string-trocadero-en-vinyle-et-broderie-en-faux-cuir-ornee-de-strass\\\/\",\"url\":\"https:\\\/\\\/madame-sensuelle.paris\\\/fr\\\/product\\\/string-trocadero-en-vinyle-et-broderie-en-faux-cuir-ornee-de-strass\\\/\",\"name\":\"String Trocadero en vinyle et broderie en faux cuir orn\u00e9e de strass \u2013 CATANZARO - Madame Sensuelle\",\"isPartOf\":{\"@id\":\"https:\\\/\\\/madame-sensuelle.paris\\\/fr\\\/#website\"},\"primaryImageOfPage\":{\"@id\":\"https:\\\/\\\/madame-sensuelle.paris\\\/fr\\\/product\\\/string-trocadero-en-vinyle-et-broderie-en-faux-cuir-ornee-de-strass\\\/#primaryimage\"},\"image\":{\"@id\":\"https:\\\/\\\/madame-sensuelle.paris\\\/fr\\\/product\\\/string-trocadero-en-vinyle-et-broderie-en-faux-cuir-ornee-de-strass\\\/#primaryimage\"},\"thumbnailUrl\":\"https:\\\/\\\/madame-sensuelle.paris\\\/wp-content\\\/uploads\\\/2025\\\/10\\\/XSHD1TJ61509.jpg\",\"datePublished\":\"2025-02-05T13:50:34+00:00\",\"dateModified\":\"2026-03-30T00:07:28+00:00\",\"description\":\"cliquer pour visionner l'article :Alliance parfaite de provocation et de sophistication. Confectionn\u00e9 en vinyle noir brillant, il se pare d\u2019une broderie en faux cuir subtilement orn\u00e9e de strass, pour un \u00e9clat ma\u00eetris\u00e9 et magn\u00e9tique. Sa coupe minimaliste \u00e9pouse la silhouette avec pr\u00e9cision, r\u00e9v\u00e9lant une sensualit\u00e9 assum\u00e9e, moderne et r\u00e9solument affirm\u00e9e.\",\"breadcrumb\":{\"@id\":\"https:\\\/\\\/madame-sensuelle.paris\\\/fr\\\/product\\\/string-trocadero-en-vinyle-et-broderie-en-faux-cuir-ornee-de-strass\\\/#breadcrumb\"},\"inLanguage\":\"fr-FR\",\"potentialAction\":[{\"@type\":\"ReadAction\",\"target\":[\"https:\\\/\\\/madame-sensuelle.paris\\\/fr\\\/product\\\/string-trocadero-en-vinyle-et-broderie-en-faux-cuir-ornee-de-strass\\\/\"]}]},{\"@type\":\"ImageObject\",\"inLanguage\":\"fr-FR\",\"@id\":\"https:\\\/\\\/madame-sensuelle.paris\\\/fr\\\/product\\\/string-trocadero-en-vinyle-et-broderie-en-faux-cuir-ornee-de-strass\\\/#primaryimage\",\"url\":\"https:\\\/\\\/madame-sensuelle.paris\\\/wp-content\\\/uploads\\\/2025\\\/10\\\/XSHD1TJ61509.jpg\",\"contentUrl\":\"https:\\\/\\\/madame-sensuelle.paris\\\/wp-content\\\/uploads\\\/2025\\\/10\\\/XSHD1TJ61509.jpg\",\"width\":750,\"height\":750},{\"@type\":\"BreadcrumbList\",\"@id\":\"https:\\\/\\\/madame-sensuelle.paris\\\/fr\\\/product\\\/string-trocadero-en-vinyle-et-broderie-en-faux-cuir-ornee-de-strass\\\/#breadcrumb\",\"itemListElement\":[{\"@type\":\"ListItem\",\"position\":1,\"name\":\"Acceuil\",\"item\":\"https:\\\/\\\/madame-sensuelle.paris\\\/fr\\\/\"},{\"@type\":\"ListItem\",\"position\":2,\"name\":\"Catalogue\",\"item\":\"https:\\\/\\\/madame-sensuelle.paris\\\/fr\\\/catalogue\\\/\"},{\"@type\":\"ListItem\",\"position\":3,\"name\":\"CATANZARO\",\"item\":\"https:\\\/\\\/madame-sensuelle.paris\\\/fr\\\/brand\\\/catanzaro\\\/\"},{\"@type\":\"ListItem\",\"position\":4,\"name\":\"String Trocadero en vinyle et broderie en faux cuir orn\u00e9e de strass\"}]},{\"@type\":\"WebSite\",\"@id\":\"https:\\\/\\\/madame-sensuelle.paris\\\/fr\\\/#website\",\"url\":\"https:\\\/\\\/madame-sensuelle.paris\\\/fr\\\/\",\"name\":\"MADAME SENSUELLE\",\"description\":\"MADAME SENSUELLE: Found the biggest exciting brands of chic &amp; SEXY LINGERIE in Paris Boutique and on the WEB: Aubade, Dita Von Teese, Maison Close, Marjolaine, Bluebella, Atelier Amour, Luxxa, Catanzaro, Gracija Rim. You will found the big pleasure of sexy belt or bra make for you\",\"publisher\":{\"@id\":\"https:\\\/\\\/madame-sensuelle.paris\\\/fr\\\/#organization\"},\"potentialAction\":[{\"@type\":\"SearchAction\",\"target\":{\"@type\":\"EntryPoint\",\"urlTemplate\":\"https:\\\/\\\/madame-sensuelle.paris\\\/fr\\\/?s={search_term_string}\"},\"query-input\":{\"@type\":\"PropertyValueSpecification\",\"valueRequired\":true,\"valueName\":\"search_term_string\"}}],\"inLanguage\":\"fr-FR\"},{\"@type\":\"Organization\",\"@id\":\"https:\\\/\\\/madame-sensuelle.paris\\\/fr\\\/#organization\",\"name\":\"Madame Sensuelle\",\"url\":\"https:\\\/\\\/madame-sensuelle.paris\\\/fr\\\/\",\"logo\":{\"@type\":\"ImageObject\",\"inLanguage\":\"fr-FR\",\"@id\":\"https:\\\/\\\/madame-sensuelle.paris\\\/fr\\\/#\\\/schema\\\/logo\\\/image\\\/\",\"url\":\"https:\\\/\\\/madame-sensuelle.paris\\\/wp-content\\\/uploads\\\/2024\\\/12\\\/logo_a-1-1_696.webp\",\"contentUrl\":\"https:\\\/\\\/madame-sensuelle.paris\\\/wp-content\\\/uploads\\\/2024\\\/12\\\/logo_a-1-1_696.webp\",\"width\":696,\"height\":696,\"caption\":\"Madame Sensuelle\"},\"image\":{\"@id\":\"https:\\\/\\\/madame-sensuelle.paris\\\/fr\\\/#\\\/schema\\\/logo\\\/image\\\/\"},\"sameAs\":[\"https:\\\/\\\/www.facebook.com\\\/madamesensuelle\",\"https:\\\/\\\/www.instagram.com\\\/madame_sensuelle\\\/\"]}]}<\/script>\n<!-- \/ Yoast SEO plugin. -->","yoast_head_json":{"title":"String Trocadero en vinyle et broderie en faux cuir orn\u00e9e de strass \u2013 CATANZARO - Madame Sensuelle","description":"cliquer pour visionner l'article :Alliance parfaite de provocation et de sophistication. Confectionn\u00e9 en vinyle noir brillant, il se pare d\u2019une broderie en faux cuir subtilement orn\u00e9e de strass, pour un \u00e9clat ma\u00eetris\u00e9 et magn\u00e9tique. Sa coupe minimaliste \u00e9pouse la silhouette avec pr\u00e9cision, r\u00e9v\u00e9lant une sensualit\u00e9 assum\u00e9e, moderne et r\u00e9solument affirm\u00e9e.","robots":{"index":"index","follow":"follow","max-snippet":"max-snippet:-1","max-image-preview":"max-image-preview:large","max-video-preview":"max-video-preview:-1"},"canonical":"https:\/\/madame-sensuelle.paris\/fr\/product\/string-trocadero-en-vinyle-et-broderie-en-faux-cuir-ornee-de-strass\/","og_locale":"fr_FR","og_type":"article","og_title":"String Trocadero en vinyle et broderie en faux cuir orn\u00e9e de strass \u2013 CATANZARO - Madame Sensuelle","og_description":"cliquer pour visionner l'article :Alliance parfaite de provocation et de sophistication. Confectionn\u00e9 en vinyle noir brillant, il se pare d\u2019une broderie en faux cuir subtilement orn\u00e9e de strass, pour un \u00e9clat ma\u00eetris\u00e9 et magn\u00e9tique. Sa coupe minimaliste \u00e9pouse la silhouette avec pr\u00e9cision, r\u00e9v\u00e9lant une sensualit\u00e9 assum\u00e9e, moderne et r\u00e9solument affirm\u00e9e.","og_url":"https:\/\/madame-sensuelle.paris\/fr\/product\/string-trocadero-en-vinyle-et-broderie-en-faux-cuir-ornee-de-strass\/","og_site_name":"Madame Sensuelle","article_publisher":"https:\/\/www.facebook.com\/madamesensuelle","article_modified_time":"2026-03-30T00:07:28+00:00","og_image":[{"width":750,"height":750,"url":"http:\/\/madame-sensuelle.paris\/wp-content\/uploads\/2025\/10\/XSHD1TJ61509.jpg","type":"image\/jpeg"}],"twitter_card":"summary_large_image","twitter_misc":{"Dur\u00e9e de lecture estim\u00e9e":"1 minute"},"schema":{"@context":"https:\/\/schema.org","@graph":[{"@type":"WebPage","@id":"https:\/\/madame-sensuelle.paris\/fr\/product\/string-trocadero-en-vinyle-et-broderie-en-faux-cuir-ornee-de-strass\/","url":"https:\/\/madame-sensuelle.paris\/fr\/product\/string-trocadero-en-vinyle-et-broderie-en-faux-cuir-ornee-de-strass\/","name":"String Trocadero en vinyle et broderie en faux cuir orn\u00e9e de strass \u2013 CATANZARO - Madame Sensuelle","isPartOf":{"@id":"https:\/\/madame-sensuelle.paris\/fr\/#website"},"primaryImageOfPage":{"@id":"https:\/\/madame-sensuelle.paris\/fr\/product\/string-trocadero-en-vinyle-et-broderie-en-faux-cuir-ornee-de-strass\/#primaryimage"},"image":{"@id":"https:\/\/madame-sensuelle.paris\/fr\/product\/string-trocadero-en-vinyle-et-broderie-en-faux-cuir-ornee-de-strass\/#primaryimage"},"thumbnailUrl":"https:\/\/madame-sensuelle.paris\/wp-content\/uploads\/2025\/10\/XSHD1TJ61509.jpg","datePublished":"2025-02-05T13:50:34+00:00","dateModified":"2026-03-30T00:07:28+00:00","description":"cliquer pour visionner l'article :Alliance parfaite de provocation et de sophistication. Confectionn\u00e9 en vinyle noir brillant, il se pare d\u2019une broderie en faux cuir subtilement orn\u00e9e de strass, pour un \u00e9clat ma\u00eetris\u00e9 et magn\u00e9tique. Sa coupe minimaliste \u00e9pouse la silhouette avec pr\u00e9cision, r\u00e9v\u00e9lant une sensualit\u00e9 assum\u00e9e, moderne et r\u00e9solument affirm\u00e9e.","breadcrumb":{"@id":"https:\/\/madame-sensuelle.paris\/fr\/product\/string-trocadero-en-vinyle-et-broderie-en-faux-cuir-ornee-de-strass\/#breadcrumb"},"inLanguage":"fr-FR","potentialAction":[{"@type":"ReadAction","target":["https:\/\/madame-sensuelle.paris\/fr\/product\/string-trocadero-en-vinyle-et-broderie-en-faux-cuir-ornee-de-strass\/"]}]},{"@type":"ImageObject","inLanguage":"fr-FR","@id":"https:\/\/madame-sensuelle.paris\/fr\/product\/string-trocadero-en-vinyle-et-broderie-en-faux-cuir-ornee-de-strass\/#primaryimage","url":"https:\/\/madame-sensuelle.paris\/wp-content\/uploads\/2025\/10\/XSHD1TJ61509.jpg","contentUrl":"https:\/\/madame-sensuelle.paris\/wp-content\/uploads\/2025\/10\/XSHD1TJ61509.jpg","width":750,"height":750},{"@type":"BreadcrumbList","@id":"https:\/\/madame-sensuelle.paris\/fr\/product\/string-trocadero-en-vinyle-et-broderie-en-faux-cuir-ornee-de-strass\/#breadcrumb","itemListElement":[{"@type":"ListItem","position":1,"name":"Acceuil","item":"https:\/\/madame-sensuelle.paris\/fr\/"},{"@type":"ListItem","position":2,"name":"Catalogue","item":"https:\/\/madame-sensuelle.paris\/fr\/catalogue\/"},{"@type":"ListItem","position":3,"name":"CATANZARO","item":"https:\/\/madame-sensuelle.paris\/fr\/brand\/catanzaro\/"},{"@type":"ListItem","position":4,"name":"String Trocadero en vinyle et broderie en faux cuir orn\u00e9e de strass"}]},{"@type":"WebSite","@id":"https:\/\/madame-sensuelle.paris\/fr\/#website","url":"https:\/\/madame-sensuelle.paris\/fr\/","name":"MADAME SENSUELLE","description":"MADAME SENSUELLE: Found the biggest exciting brands of chic &amp; SEXY LINGERIE in Paris Boutique and on the WEB: Aubade, Dita Von Teese, Maison Close, Marjolaine, Bluebella, Atelier Amour, Luxxa, Catanzaro, Gracija Rim. You will found the big pleasure of sexy belt or bra make for you","publisher":{"@id":"https:\/\/madame-sensuelle.paris\/fr\/#organization"},"potentialAction":[{"@type":"SearchAction","target":{"@type":"EntryPoint","urlTemplate":"https:\/\/madame-sensuelle.paris\/fr\/?s={search_term_string}"},"query-input":{"@type":"PropertyValueSpecification","valueRequired":true,"valueName":"search_term_string"}}],"inLanguage":"fr-FR"},{"@type":"Organization","@id":"https:\/\/madame-sensuelle.paris\/fr\/#organization","name":"Madame Sensuelle","url":"https:\/\/madame-sensuelle.paris\/fr\/","logo":{"@type":"ImageObject","inLanguage":"fr-FR","@id":"https:\/\/madame-sensuelle.paris\/fr\/#\/schema\/logo\/image\/","url":"https:\/\/madame-sensuelle.paris\/wp-content\/uploads\/2024\/12\/logo_a-1-1_696.webp","contentUrl":"https:\/\/madame-sensuelle.paris\/wp-content\/uploads\/2024\/12\/logo_a-1-1_696.webp","width":696,"height":696,"caption":"Madame Sensuelle"},"image":{"@id":"https:\/\/madame-sensuelle.paris\/fr\/#\/schema\/logo\/image\/"},"sameAs":["https:\/\/www.facebook.com\/madamesensuelle","https:\/\/www.instagram.com\/madame_sensuelle\/"]}]}},"brands":[{"id":2766,"name":"CATANZARO","slug":"catanzaro"}],"_links":{"self":[{"href":"https:\/\/madame-sensuelle.paris\/fr\/wp-json\/wp\/v2\/product\/115452","targetHints":{"allow":["GET"]}}],"collection":[{"href":"https:\/\/madame-sensuelle.paris\/fr\/wp-json\/wp\/v2\/product"}],"about":[{"href":"https:\/\/madame-sensuelle.paris\/fr\/wp-json\/wp\/v2\/types\/product"}],"version-history":[{"count":1,"href":"https:\/\/madame-sensuelle.paris\/fr\/wp-json\/wp\/v2\/product\/115452\/revisions"}],"predecessor-version":[{"id":123620,"href":"https:\/\/madame-sensuelle.paris\/fr\/wp-json\/wp\/v2\/product\/115452\/revisions\/123620"}],"wp:featuredmedia":[{"embeddable":true,"href":"https:\/\/madame-sensuelle.paris\/fr\/wp-json\/wp\/v2\/media\/123533"}],"wp:attachment":[{"href":"https:\/\/madame-sensuelle.paris\/fr\/wp-json\/wp\/v2\/media?parent=115452"}],"wp:term":[{"taxonomy":"pwb-brand","embeddable":true,"href":"https:\/\/madame-sensuelle.paris\/fr\/wp-json\/wp\/v2\/pwb-brand?post=115452"},{"taxonomy":"product_brand","embeddable":true,"href":"https:\/\/madame-sensuelle.paris\/fr\/wp-json\/wp\/v2\/product_brand?post=115452"},{"taxonomy":"product_cat","embeddable":true,"href":"https:\/\/madame-sensuelle.paris\/fr\/wp-json\/wp\/v2\/product_cat?post=115452"},{"taxonomy":"product_tag","embeddable":true,"href":"https:\/\/madame-sensuelle.paris\/fr\/wp-json\/wp\/v2\/product_tag?post=115452"},{"taxonomy":"giftcard-category","embeddable":true,"href":"https:\/\/madame-sensuelle.paris\/fr\/wp-json\/wp\/v2\/giftcard-category?post=115452"}],"curies":[{"name":"wp","href":"https:\/\/api.w.org\/{rel}","templated":true}]}}