{"id":115472,"date":"2025-02-05T13:54:56","date_gmt":"2025-02-05T13:54:56","guid":{"rendered":"https:\/\/madame-sensuelle.paris\/product\/robe-en-vinyle-trocadero-moulante-a-zip-sur-le-dos\/"},"modified":"2026-04-29T22:25:35","modified_gmt":"2026-04-29T22:25:35","slug":"robe-en-vinyle-trocadero-moulante-a-zip-sur-le-dos","status":"publish","type":"product","link":"https:\/\/madame-sensuelle.paris\/fr\/product\/robe-en-vinyle-trocadero-moulante-a-zip-sur-le-dos\/","title":{"rendered":"Robe en vinyle Trocadero moulante \u00e0 zip sur le dos"},"content":{"rendered":"<p><span>Robe en vinyle Trocadero moulante \u00e0 zip sur le dos <\/span><\/p><\/p>\n","protected":false},"excerpt":{"rendered":"<p><\/p>\n","protected":false},"featured_media":115466,"template":"","meta":[],"pwb-brand":[],"product_brand":[],"product_cat":[15],"product_tag":[],"giftcard-category":[],"class_list":{"0":"post-115472","1":"product","2":"type-product","3":"status-publish","4":"has-post-thumbnail","6":"product_cat-uncategorized","8":"first","9":"outofstock","10":"taxable","11":"shipping-taxable","12":"purchasable","13":"product-type-variable","14":"has-default-attributes"},"yoast_head":"<!-- This site is optimized with the Yoast SEO plugin v27.4 - https:\/\/yoast.com\/product\/yoast-seo-wordpress\/ -->\n<title>Robe en vinyle Trocadero moulante \u00e0 zip sur le dos Affirmez votre style avec la Robe Trocad\u00e9ro, une pi\u00e8ce ultra-glamour con\u00e7ue pour celles qui osent la sensualit\u00e9 assum\u00e9e. Confectionn\u00e9e en vinyle brillant, cette robe sublime la silhouette avec sa coupe moulante, sculptant chaque courbe pour un effet seconde peau irr\u00e9sistible.Son zip discret au dos apporte une touche de sophistication tout en assurant un ajustement parfait. \u00c0 la fois audacieuse et \u00e9l\u00e9gante, elle joue sur les contrastes entre un design minimaliste et un mat\u00e9riau \u00e0 l\u2019effet laqu\u00e9 hypnotisant.Parfaite pour une soir\u00e9e chic, une sortie en club ou un \u00e9v\u00e9nement glamour, la Robe Trocad\u00e9ro est une d\u00e9claration de style pour celles qui recherchent une allure \u00e0 la fois puissante et sensuelle.Disponible en plusieurs tailles, elle \u00e9pouse toutes les silhouettes avec une assurance in\u00e9branlable. Faites de chaque apparition un moment inoubliable avec cette pi\u00e8ce iconique.<\/title>\n<meta name=\"description\" content=\"Le mod\u00e8le Robe en vinyle Trocadero moulante \u00e0 zip sur le dos sign\u00e9 , \u00e0 d\u00e9couvrir chez Madame Sensuelle. Essayage VIP disponible.\" \/>\n<meta name=\"robots\" content=\"index, follow, max-snippet:-1, max-image-preview:large, max-video-preview:-1\" \/>\n<link rel=\"canonical\" href=\"https:\/\/madame-sensuelle.paris\/fr\/product\/robe-en-vinyle-trocadero-moulante-a-zip-sur-le-dos\/\" \/>\n<meta property=\"og:locale\" content=\"fr_FR\" \/>\n<meta property=\"og:type\" content=\"article\" \/>\n<meta property=\"og:title\" content=\"Robe en vinyle Trocadero moulante \u00e0 zip sur le dos Affirmez votre style avec la Robe Trocad\u00e9ro, une pi\u00e8ce ultra-glamour con\u00e7ue pour celles qui osent la sensualit\u00e9 assum\u00e9e. Confectionn\u00e9e en vinyle brillant, cette robe sublime la silhouette avec sa coupe moulante, sculptant chaque courbe pour un effet seconde peau irr\u00e9sistible.Son zip discret au dos apporte une touche de sophistication tout en assurant un ajustement parfait. \u00c0 la fois audacieuse et \u00e9l\u00e9gante, elle joue sur les contrastes entre un design minimaliste et un mat\u00e9riau \u00e0 l\u2019effet laqu\u00e9 hypnotisant.Parfaite pour une soir\u00e9e chic, une sortie en club ou un \u00e9v\u00e9nement glamour, la Robe Trocad\u00e9ro est une d\u00e9claration de style pour celles qui recherchent une allure \u00e0 la fois puissante et sensuelle.Disponible en plusieurs tailles, elle \u00e9pouse toutes les silhouettes avec une assurance in\u00e9branlable. Faites de chaque apparition un moment inoubliable avec cette pi\u00e8ce iconique.\" \/>\n<meta property=\"og:description\" content=\"Le mod\u00e8le Robe en vinyle Trocadero moulante \u00e0 zip sur le dos sign\u00e9 , \u00e0 d\u00e9couvrir chez Madame Sensuelle. Essayage VIP disponible.\" \/>\n<meta property=\"og:url\" content=\"https:\/\/madame-sensuelle.paris\/fr\/product\/robe-en-vinyle-trocadero-moulante-a-zip-sur-le-dos\/\" \/>\n<meta property=\"og:site_name\" content=\"Madame Sensuelle\" \/>\n<meta property=\"article:publisher\" content=\"https:\/\/www.facebook.com\/madamesensuelle\" \/>\n<meta property=\"article:modified_time\" content=\"2026-04-29T22:25:35+00:00\" \/>\n<meta property=\"og:image\" content=\"https:\/\/madame-sensuelle.paris\/wp-content\/uploads\/2025\/02\/XSHD1TJ61516.jpg\" \/>\n\t<meta property=\"og:image:width\" content=\"750\" \/>\n\t<meta property=\"og:image:height\" content=\"750\" \/>\n\t<meta property=\"og:image:type\" content=\"image\/jpeg\" \/>\n<meta name=\"twitter:card\" content=\"summary_large_image\" \/>\n<meta name=\"twitter:label1\" content=\"Dur\u00e9e de lecture estim\u00e9e\" \/>\n\t<meta name=\"twitter:data1\" content=\"2 minutes\" \/>\n<script type=\"application\/ld+json\" class=\"yoast-schema-graph\">{\"@context\":\"https:\\\/\\\/schema.org\",\"@graph\":[{\"@type\":\"WebPage\",\"@id\":\"https:\\\/\\\/madame-sensuelle.paris\\\/fr\\\/product\\\/robe-en-vinyle-trocadero-moulante-a-zip-sur-le-dos\\\/\",\"url\":\"https:\\\/\\\/madame-sensuelle.paris\\\/fr\\\/product\\\/robe-en-vinyle-trocadero-moulante-a-zip-sur-le-dos\\\/\",\"name\":\"Robe en vinyle Trocadero moulante \u00e0 zip sur le dos Affirmez votre style avec la Robe Trocad\u00e9ro, une pi\u00e8ce ultra-glamour con\u00e7ue pour celles qui osent la sensualit\u00e9 assum\u00e9e. Confectionn\u00e9e en vinyle brillant, cette robe sublime la silhouette avec sa coupe moulante, sculptant chaque courbe pour un effet seconde peau irr\u00e9sistible.Son zip discret au dos apporte une touche de sophistication tout en assurant un ajustement parfait. \u00c0 la fois audacieuse et \u00e9l\u00e9gante, elle joue sur les contrastes entre un design minimaliste et un mat\u00e9riau \u00e0 l\u2019effet laqu\u00e9 hypnotisant.Parfaite pour une soir\u00e9e chic, une sortie en club ou un \u00e9v\u00e9nement glamour, la Robe Trocad\u00e9ro est une d\u00e9claration de style pour celles qui recherchent une allure \u00e0 la fois puissante et sensuelle.Disponible en plusieurs tailles, elle \u00e9pouse toutes les silhouettes avec une assurance in\u00e9branlable. Faites de chaque apparition un moment inoubliable avec cette pi\u00e8ce iconique.\",\"isPartOf\":{\"@id\":\"https:\\\/\\\/madame-sensuelle.paris\\\/fr\\\/#website\"},\"primaryImageOfPage\":{\"@id\":\"https:\\\/\\\/madame-sensuelle.paris\\\/fr\\\/product\\\/robe-en-vinyle-trocadero-moulante-a-zip-sur-le-dos\\\/#primaryimage\"},\"image\":{\"@id\":\"https:\\\/\\\/madame-sensuelle.paris\\\/fr\\\/product\\\/robe-en-vinyle-trocadero-moulante-a-zip-sur-le-dos\\\/#primaryimage\"},\"thumbnailUrl\":\"https:\\\/\\\/madame-sensuelle.paris\\\/wp-content\\\/uploads\\\/2025\\\/02\\\/XSHD1TJ61516.jpg\",\"datePublished\":\"2025-02-05T13:54:56+00:00\",\"dateModified\":\"2026-04-29T22:25:35+00:00\",\"description\":\"Le mod\u00e8le Robe en vinyle Trocadero moulante \u00e0 zip sur le dos sign\u00e9 , \u00e0 d\u00e9couvrir chez Madame Sensuelle. Essayage VIP disponible.\",\"breadcrumb\":{\"@id\":\"https:\\\/\\\/madame-sensuelle.paris\\\/fr\\\/product\\\/robe-en-vinyle-trocadero-moulante-a-zip-sur-le-dos\\\/#breadcrumb\"},\"inLanguage\":\"fr-FR\",\"potentialAction\":[{\"@type\":\"ReadAction\",\"target\":[\"https:\\\/\\\/madame-sensuelle.paris\\\/fr\\\/product\\\/robe-en-vinyle-trocadero-moulante-a-zip-sur-le-dos\\\/\"]}]},{\"@type\":\"ImageObject\",\"inLanguage\":\"fr-FR\",\"@id\":\"https:\\\/\\\/madame-sensuelle.paris\\\/fr\\\/product\\\/robe-en-vinyle-trocadero-moulante-a-zip-sur-le-dos\\\/#primaryimage\",\"url\":\"https:\\\/\\\/madame-sensuelle.paris\\\/wp-content\\\/uploads\\\/2025\\\/02\\\/XSHD1TJ61516.jpg\",\"contentUrl\":\"https:\\\/\\\/madame-sensuelle.paris\\\/wp-content\\\/uploads\\\/2025\\\/02\\\/XSHD1TJ61516.jpg\",\"width\":750,\"height\":750},{\"@type\":\"BreadcrumbList\",\"@id\":\"https:\\\/\\\/madame-sensuelle.paris\\\/fr\\\/product\\\/robe-en-vinyle-trocadero-moulante-a-zip-sur-le-dos\\\/#breadcrumb\",\"itemListElement\":[{\"@type\":\"ListItem\",\"position\":1,\"name\":\"Acceuil\",\"item\":\"https:\\\/\\\/madame-sensuelle.paris\\\/fr\\\/\"},{\"@type\":\"ListItem\",\"position\":2,\"name\":\"Catalogue\",\"item\":\"https:\\\/\\\/madame-sensuelle.paris\\\/fr\\\/catalogue\\\/\"},{\"@type\":\"ListItem\",\"position\":3,\"name\":\"CATANZARO\",\"item\":\"https:\\\/\\\/madame-sensuelle.paris\\\/fr\\\/brand\\\/catanzaro\\\/\"},{\"@type\":\"ListItem\",\"position\":4,\"name\":\"Robe en vinyle Trocadero moulante \u00e0 zip sur le dos\"}]},{\"@type\":\"WebSite\",\"@id\":\"https:\\\/\\\/madame-sensuelle.paris\\\/fr\\\/#website\",\"url\":\"https:\\\/\\\/madame-sensuelle.paris\\\/fr\\\/\",\"name\":\"MADAME SENSUELLE\",\"description\":\"MADAME SENSUELLE: Found the biggest exciting brands of chic &amp; SEXY LINGERIE in Paris Boutique and on the WEB: Aubade, Dita Von Teese, Maison Close, Marjolaine, Bluebella, Atelier Amour, Luxxa, Catanzaro, Gracija Rim. You will found the big pleasure of sexy belt or bra make for you\",\"publisher\":{\"@id\":\"https:\\\/\\\/madame-sensuelle.paris\\\/fr\\\/#organization\"},\"potentialAction\":[{\"@type\":\"SearchAction\",\"target\":{\"@type\":\"EntryPoint\",\"urlTemplate\":\"https:\\\/\\\/madame-sensuelle.paris\\\/fr\\\/?s={search_term_string}\"},\"query-input\":{\"@type\":\"PropertyValueSpecification\",\"valueRequired\":true,\"valueName\":\"search_term_string\"}}],\"inLanguage\":\"fr-FR\"},{\"@type\":\"Organization\",\"@id\":\"https:\\\/\\\/madame-sensuelle.paris\\\/fr\\\/#organization\",\"name\":\"Madame Sensuelle\",\"url\":\"https:\\\/\\\/madame-sensuelle.paris\\\/fr\\\/\",\"logo\":{\"@type\":\"ImageObject\",\"inLanguage\":\"fr-FR\",\"@id\":\"https:\\\/\\\/madame-sensuelle.paris\\\/fr\\\/#\\\/schema\\\/logo\\\/image\\\/\",\"url\":\"https:\\\/\\\/madame-sensuelle.paris\\\/wp-content\\\/uploads\\\/2024\\\/12\\\/logo_a-1-1_696.webp\",\"contentUrl\":\"https:\\\/\\\/madame-sensuelle.paris\\\/wp-content\\\/uploads\\\/2024\\\/12\\\/logo_a-1-1_696.webp\",\"width\":696,\"height\":696,\"caption\":\"Madame Sensuelle\"},\"image\":{\"@id\":\"https:\\\/\\\/madame-sensuelle.paris\\\/fr\\\/#\\\/schema\\\/logo\\\/image\\\/\"},\"sameAs\":[\"https:\\\/\\\/www.facebook.com\\\/madamesensuelle\",\"https:\\\/\\\/www.instagram.com\\\/madame_sensuelle\\\/\"]}]}<\/script>\n<!-- \/ Yoast SEO plugin. -->","yoast_head_json":{"title":"Robe en vinyle Trocadero moulante \u00e0 zip sur le dos Affirmez votre style avec la Robe Trocad\u00e9ro, une pi\u00e8ce ultra-glamour con\u00e7ue pour celles qui osent la sensualit\u00e9 assum\u00e9e. Confectionn\u00e9e en vinyle brillant, cette robe sublime la silhouette avec sa coupe moulante, sculptant chaque courbe pour un effet seconde peau irr\u00e9sistible.Son zip discret au dos apporte une touche de sophistication tout en assurant un ajustement parfait. \u00c0 la fois audacieuse et \u00e9l\u00e9gante, elle joue sur les contrastes entre un design minimaliste et un mat\u00e9riau \u00e0 l\u2019effet laqu\u00e9 hypnotisant.Parfaite pour une soir\u00e9e chic, une sortie en club ou un \u00e9v\u00e9nement glamour, la Robe Trocad\u00e9ro est une d\u00e9claration de style pour celles qui recherchent une allure \u00e0 la fois puissante et sensuelle.Disponible en plusieurs tailles, elle \u00e9pouse toutes les silhouettes avec une assurance in\u00e9branlable. Faites de chaque apparition un moment inoubliable avec cette pi\u00e8ce iconique.","description":"Le mod\u00e8le Robe en vinyle Trocadero moulante \u00e0 zip sur le dos sign\u00e9 , \u00e0 d\u00e9couvrir chez Madame Sensuelle. Essayage VIP disponible.","robots":{"index":"index","follow":"follow","max-snippet":"max-snippet:-1","max-image-preview":"max-image-preview:large","max-video-preview":"max-video-preview:-1"},"canonical":"https:\/\/madame-sensuelle.paris\/fr\/product\/robe-en-vinyle-trocadero-moulante-a-zip-sur-le-dos\/","og_locale":"fr_FR","og_type":"article","og_title":"Robe en vinyle Trocadero moulante \u00e0 zip sur le dos Affirmez votre style avec la Robe Trocad\u00e9ro, une pi\u00e8ce ultra-glamour con\u00e7ue pour celles qui osent la sensualit\u00e9 assum\u00e9e. Confectionn\u00e9e en vinyle brillant, cette robe sublime la silhouette avec sa coupe moulante, sculptant chaque courbe pour un effet seconde peau irr\u00e9sistible.Son zip discret au dos apporte une touche de sophistication tout en assurant un ajustement parfait. \u00c0 la fois audacieuse et \u00e9l\u00e9gante, elle joue sur les contrastes entre un design minimaliste et un mat\u00e9riau \u00e0 l\u2019effet laqu\u00e9 hypnotisant.Parfaite pour une soir\u00e9e chic, une sortie en club ou un \u00e9v\u00e9nement glamour, la Robe Trocad\u00e9ro est une d\u00e9claration de style pour celles qui recherchent une allure \u00e0 la fois puissante et sensuelle.Disponible en plusieurs tailles, elle \u00e9pouse toutes les silhouettes avec une assurance in\u00e9branlable. Faites de chaque apparition un moment inoubliable avec cette pi\u00e8ce iconique.","og_description":"Le mod\u00e8le Robe en vinyle Trocadero moulante \u00e0 zip sur le dos sign\u00e9 , \u00e0 d\u00e9couvrir chez Madame Sensuelle. Essayage VIP disponible.","og_url":"https:\/\/madame-sensuelle.paris\/fr\/product\/robe-en-vinyle-trocadero-moulante-a-zip-sur-le-dos\/","og_site_name":"Madame Sensuelle","article_publisher":"https:\/\/www.facebook.com\/madamesensuelle","article_modified_time":"2026-04-29T22:25:35+00:00","og_image":[{"width":750,"height":750,"url":"https:\/\/madame-sensuelle.paris\/wp-content\/uploads\/2025\/02\/XSHD1TJ61516.jpg","type":"image\/jpeg"}],"twitter_card":"summary_large_image","twitter_misc":{"Dur\u00e9e de lecture estim\u00e9e":"2 minutes"},"schema":{"@context":"https:\/\/schema.org","@graph":[{"@type":"WebPage","@id":"https:\/\/madame-sensuelle.paris\/fr\/product\/robe-en-vinyle-trocadero-moulante-a-zip-sur-le-dos\/","url":"https:\/\/madame-sensuelle.paris\/fr\/product\/robe-en-vinyle-trocadero-moulante-a-zip-sur-le-dos\/","name":"Robe en vinyle Trocadero moulante \u00e0 zip sur le dos Affirmez votre style avec la Robe Trocad\u00e9ro, une pi\u00e8ce ultra-glamour con\u00e7ue pour celles qui osent la sensualit\u00e9 assum\u00e9e. Confectionn\u00e9e en vinyle brillant, cette robe sublime la silhouette avec sa coupe moulante, sculptant chaque courbe pour un effet seconde peau irr\u00e9sistible.Son zip discret au dos apporte une touche de sophistication tout en assurant un ajustement parfait. \u00c0 la fois audacieuse et \u00e9l\u00e9gante, elle joue sur les contrastes entre un design minimaliste et un mat\u00e9riau \u00e0 l\u2019effet laqu\u00e9 hypnotisant.Parfaite pour une soir\u00e9e chic, une sortie en club ou un \u00e9v\u00e9nement glamour, la Robe Trocad\u00e9ro est une d\u00e9claration de style pour celles qui recherchent une allure \u00e0 la fois puissante et sensuelle.Disponible en plusieurs tailles, elle \u00e9pouse toutes les silhouettes avec une assurance in\u00e9branlable. Faites de chaque apparition un moment inoubliable avec cette pi\u00e8ce iconique.","isPartOf":{"@id":"https:\/\/madame-sensuelle.paris\/fr\/#website"},"primaryImageOfPage":{"@id":"https:\/\/madame-sensuelle.paris\/fr\/product\/robe-en-vinyle-trocadero-moulante-a-zip-sur-le-dos\/#primaryimage"},"image":{"@id":"https:\/\/madame-sensuelle.paris\/fr\/product\/robe-en-vinyle-trocadero-moulante-a-zip-sur-le-dos\/#primaryimage"},"thumbnailUrl":"https:\/\/madame-sensuelle.paris\/wp-content\/uploads\/2025\/02\/XSHD1TJ61516.jpg","datePublished":"2025-02-05T13:54:56+00:00","dateModified":"2026-04-29T22:25:35+00:00","description":"Le mod\u00e8le Robe en vinyle Trocadero moulante \u00e0 zip sur le dos sign\u00e9 , \u00e0 d\u00e9couvrir chez Madame Sensuelle. Essayage VIP disponible.","breadcrumb":{"@id":"https:\/\/madame-sensuelle.paris\/fr\/product\/robe-en-vinyle-trocadero-moulante-a-zip-sur-le-dos\/#breadcrumb"},"inLanguage":"fr-FR","potentialAction":[{"@type":"ReadAction","target":["https:\/\/madame-sensuelle.paris\/fr\/product\/robe-en-vinyle-trocadero-moulante-a-zip-sur-le-dos\/"]}]},{"@type":"ImageObject","inLanguage":"fr-FR","@id":"https:\/\/madame-sensuelle.paris\/fr\/product\/robe-en-vinyle-trocadero-moulante-a-zip-sur-le-dos\/#primaryimage","url":"https:\/\/madame-sensuelle.paris\/wp-content\/uploads\/2025\/02\/XSHD1TJ61516.jpg","contentUrl":"https:\/\/madame-sensuelle.paris\/wp-content\/uploads\/2025\/02\/XSHD1TJ61516.jpg","width":750,"height":750},{"@type":"BreadcrumbList","@id":"https:\/\/madame-sensuelle.paris\/fr\/product\/robe-en-vinyle-trocadero-moulante-a-zip-sur-le-dos\/#breadcrumb","itemListElement":[{"@type":"ListItem","position":1,"name":"Acceuil","item":"https:\/\/madame-sensuelle.paris\/fr\/"},{"@type":"ListItem","position":2,"name":"Catalogue","item":"https:\/\/madame-sensuelle.paris\/fr\/catalogue\/"},{"@type":"ListItem","position":3,"name":"CATANZARO","item":"https:\/\/madame-sensuelle.paris\/fr\/brand\/catanzaro\/"},{"@type":"ListItem","position":4,"name":"Robe en vinyle Trocadero moulante \u00e0 zip sur le dos"}]},{"@type":"WebSite","@id":"https:\/\/madame-sensuelle.paris\/fr\/#website","url":"https:\/\/madame-sensuelle.paris\/fr\/","name":"MADAME SENSUELLE","description":"MADAME SENSUELLE: Found the biggest exciting brands of chic &amp; SEXY LINGERIE in Paris Boutique and on the WEB: Aubade, Dita Von Teese, Maison Close, Marjolaine, Bluebella, Atelier Amour, Luxxa, Catanzaro, Gracija Rim. You will found the big pleasure of sexy belt or bra make for you","publisher":{"@id":"https:\/\/madame-sensuelle.paris\/fr\/#organization"},"potentialAction":[{"@type":"SearchAction","target":{"@type":"EntryPoint","urlTemplate":"https:\/\/madame-sensuelle.paris\/fr\/?s={search_term_string}"},"query-input":{"@type":"PropertyValueSpecification","valueRequired":true,"valueName":"search_term_string"}}],"inLanguage":"fr-FR"},{"@type":"Organization","@id":"https:\/\/madame-sensuelle.paris\/fr\/#organization","name":"Madame Sensuelle","url":"https:\/\/madame-sensuelle.paris\/fr\/","logo":{"@type":"ImageObject","inLanguage":"fr-FR","@id":"https:\/\/madame-sensuelle.paris\/fr\/#\/schema\/logo\/image\/","url":"https:\/\/madame-sensuelle.paris\/wp-content\/uploads\/2024\/12\/logo_a-1-1_696.webp","contentUrl":"https:\/\/madame-sensuelle.paris\/wp-content\/uploads\/2024\/12\/logo_a-1-1_696.webp","width":696,"height":696,"caption":"Madame Sensuelle"},"image":{"@id":"https:\/\/madame-sensuelle.paris\/fr\/#\/schema\/logo\/image\/"},"sameAs":["https:\/\/www.facebook.com\/madamesensuelle","https:\/\/www.instagram.com\/madame_sensuelle\/"]}]}},"brands":[],"_links":{"self":[{"href":"https:\/\/madame-sensuelle.paris\/fr\/wp-json\/wp\/v2\/product\/115472","targetHints":{"allow":["GET"]}}],"collection":[{"href":"https:\/\/madame-sensuelle.paris\/fr\/wp-json\/wp\/v2\/product"}],"about":[{"href":"https:\/\/madame-sensuelle.paris\/fr\/wp-json\/wp\/v2\/types\/product"}],"version-history":[{"count":1,"href":"https:\/\/madame-sensuelle.paris\/fr\/wp-json\/wp\/v2\/product\/115472\/revisions"}],"predecessor-version":[{"id":126389,"href":"https:\/\/madame-sensuelle.paris\/fr\/wp-json\/wp\/v2\/product\/115472\/revisions\/126389"}],"wp:featuredmedia":[{"embeddable":true,"href":"https:\/\/madame-sensuelle.paris\/fr\/wp-json\/wp\/v2\/media\/115466"}],"wp:attachment":[{"href":"https:\/\/madame-sensuelle.paris\/fr\/wp-json\/wp\/v2\/media?parent=115472"}],"wp:term":[{"taxonomy":"pwb-brand","embeddable":true,"href":"https:\/\/madame-sensuelle.paris\/fr\/wp-json\/wp\/v2\/pwb-brand?post=115472"},{"taxonomy":"product_brand","embeddable":true,"href":"https:\/\/madame-sensuelle.paris\/fr\/wp-json\/wp\/v2\/product_brand?post=115472"},{"taxonomy":"product_cat","embeddable":true,"href":"https:\/\/madame-sensuelle.paris\/fr\/wp-json\/wp\/v2\/product_cat?post=115472"},{"taxonomy":"product_tag","embeddable":true,"href":"https:\/\/madame-sensuelle.paris\/fr\/wp-json\/wp\/v2\/product_tag?post=115472"},{"taxonomy":"giftcard-category","embeddable":true,"href":"https:\/\/madame-sensuelle.paris\/fr\/wp-json\/wp\/v2\/giftcard-category?post=115472"}],"curies":[{"name":"wp","href":"https:\/\/api.w.org\/{rel}","templated":true}]}}