{"id":115989,"date":"2025-02-05T16:26:26","date_gmt":"2025-02-05T16:26:26","guid":{"rendered":"https:\/\/madame-sensuelle.paris\/product\/deshabille-pompadour-en-tulle-avec-ruban-en-satin-et-dentelle-de-calais\/"},"modified":"2026-03-30T08:34:35","modified_gmt":"2026-03-30T08:34:35","slug":"deshabille-pompadour-en-tulle-avec-ruban-en-satin-et-dentelle-de-calais","status":"publish","type":"product","link":"https:\/\/madame-sensuelle.paris\/fr\/product\/deshabille-pompadour-en-tulle-avec-ruban-en-satin-et-dentelle-de-calais\/","title":{"rendered":"Deshabill\u00e9 Pompadour en tulle avec ruban en satin et dentelle de Calais"},"content":{"rendered":"<p>Deshabill\u00e9 Pompadour en tulle avec ruban en satin et dentelle de Calais<\/p>\n","protected":false},"excerpt":{"rendered":"<p>Deshabill\u00e9 Pompadour en tulle avec ruban en satin et dentelle de Calais<\/p>\n","protected":false},"featured_media":115987,"template":"","meta":[],"pwb-brand":[],"product_brand":[],"product_cat":[1244,1205],"product_tag":[],"giftcard-category":[],"class_list":{"0":"post-115989","1":"product","2":"type-product","3":"status-publish","4":"has-post-thumbnail","6":"product_cat-kimono-femme-deshabille","7":"product_cat-nuit-et-homewear","9":"first","10":"outofstock","11":"taxable","12":"shipping-taxable","13":"purchasable","14":"product-type-variable","15":"has-default-attributes"},"yoast_head":"<!-- This site is optimized with the Yoast SEO plugin v27.3 - https:\/\/yoast.com\/product\/yoast-seo-wordpress\/ -->\n<title>Deshabill\u00e9 Pompadour en tulle avec ruban en satin et dentelle de Calais D\u00e9shabill\u00e9 Pompadour en tulle avec dentelle de Calais \u00e0 ceinture<\/title>\n<meta name=\"description\" content=\"cliquer pour visionner l&#039;article : Deshabill\u00e9 Pompadour en tulle avec ruban en satin et dentelle de Calais D\u00e9shabill\u00e9 Pompadour \u2013 \u00c9l\u00e9gance et RaffinementD\u00e9couvrez le D\u00e9shabill\u00e9 Pompadour, une pi\u00e8ce de lingerie d\u2019exception qui allie sensualit\u00e9 et sophistication. Confectionn\u00e9 en tulle d\u00e9licat, ce d\u00e9shabill\u00e9 vaporeux \u00e9pouse \u00e9l\u00e9gamment la silhouette tout en offrant une transparence subtile pour une touche irr\u00e9sistible de f\u00e9minit\u00e9.\" \/>\n<meta name=\"robots\" content=\"index, follow, max-snippet:-1, max-image-preview:large, max-video-preview:-1\" \/>\n<link rel=\"canonical\" href=\"https:\/\/madame-sensuelle.paris\/fr\/product\/deshabille-pompadour-en-tulle-avec-ruban-en-satin-et-dentelle-de-calais\/\" \/>\n<meta property=\"og:locale\" content=\"fr_FR\" \/>\n<meta property=\"og:type\" content=\"article\" \/>\n<meta property=\"og:title\" content=\"Deshabill\u00e9 Pompadour en tulle avec ruban en satin et dentelle de Calais D\u00e9shabill\u00e9 Pompadour en tulle avec dentelle de Calais \u00e0 ceinture\" \/>\n<meta property=\"og:description\" content=\"cliquer pour visionner l&#039;article : Deshabill\u00e9 Pompadour en tulle avec ruban en satin et dentelle de Calais D\u00e9shabill\u00e9 Pompadour \u2013 \u00c9l\u00e9gance et RaffinementD\u00e9couvrez le D\u00e9shabill\u00e9 Pompadour, une pi\u00e8ce de lingerie d\u2019exception qui allie sensualit\u00e9 et sophistication. Confectionn\u00e9 en tulle d\u00e9licat, ce d\u00e9shabill\u00e9 vaporeux \u00e9pouse \u00e9l\u00e9gamment la silhouette tout en offrant une transparence subtile pour une touche irr\u00e9sistible de f\u00e9minit\u00e9.\" \/>\n<meta property=\"og:url\" content=\"https:\/\/madame-sensuelle.paris\/fr\/product\/deshabille-pompadour-en-tulle-avec-ruban-en-satin-et-dentelle-de-calais\/\" \/>\n<meta property=\"og:site_name\" content=\"Madame Sensuelle\" \/>\n<meta property=\"article:publisher\" content=\"https:\/\/www.facebook.com\/madamesensuelle\" \/>\n<meta property=\"article:modified_time\" content=\"2026-03-30T08:34:35+00:00\" \/>\n<meta property=\"og:image\" content=\"http:\/\/madame-sensuelle.paris\/wp-content\/uploads\/2025\/02\/XSHD1TJ61538.jpg\" \/>\n\t<meta property=\"og:image:width\" content=\"1064\" \/>\n\t<meta property=\"og:image:height\" content=\"1600\" \/>\n\t<meta property=\"og:image:type\" content=\"image\/jpeg\" \/>\n<meta name=\"twitter:card\" content=\"summary_large_image\" \/>\n<meta name=\"twitter:label1\" content=\"Dur\u00e9e de lecture estim\u00e9e\" \/>\n\t<meta name=\"twitter:data1\" content=\"1 minute\" \/>\n<script type=\"application\/ld+json\" class=\"yoast-schema-graph\">{\"@context\":\"https:\\\/\\\/schema.org\",\"@graph\":[{\"@type\":\"WebPage\",\"@id\":\"https:\\\/\\\/madame-sensuelle.paris\\\/fr\\\/product\\\/deshabille-pompadour-en-tulle-avec-ruban-en-satin-et-dentelle-de-calais\\\/\",\"url\":\"https:\\\/\\\/madame-sensuelle.paris\\\/fr\\\/product\\\/deshabille-pompadour-en-tulle-avec-ruban-en-satin-et-dentelle-de-calais\\\/\",\"name\":\"Deshabill\u00e9 Pompadour en tulle avec ruban en satin et dentelle de Calais D\u00e9shabill\u00e9 Pompadour en tulle avec dentelle de Calais \u00e0 ceinture\",\"isPartOf\":{\"@id\":\"https:\\\/\\\/madame-sensuelle.paris\\\/fr\\\/#website\"},\"primaryImageOfPage\":{\"@id\":\"https:\\\/\\\/madame-sensuelle.paris\\\/fr\\\/product\\\/deshabille-pompadour-en-tulle-avec-ruban-en-satin-et-dentelle-de-calais\\\/#primaryimage\"},\"image\":{\"@id\":\"https:\\\/\\\/madame-sensuelle.paris\\\/fr\\\/product\\\/deshabille-pompadour-en-tulle-avec-ruban-en-satin-et-dentelle-de-calais\\\/#primaryimage\"},\"thumbnailUrl\":\"https:\\\/\\\/madame-sensuelle.paris\\\/wp-content\\\/uploads\\\/2025\\\/02\\\/XSHD1TJ61538.jpg\",\"datePublished\":\"2025-02-05T16:26:26+00:00\",\"dateModified\":\"2026-03-30T08:34:35+00:00\",\"description\":\"cliquer pour visionner l'article : Deshabill\u00e9 Pompadour en tulle avec ruban en satin et dentelle de Calais D\u00e9shabill\u00e9 Pompadour \u2013 \u00c9l\u00e9gance et RaffinementD\u00e9couvrez le D\u00e9shabill\u00e9 Pompadour, une pi\u00e8ce de lingerie d\u2019exception qui allie sensualit\u00e9 et sophistication. Confectionn\u00e9 en tulle d\u00e9licat, ce d\u00e9shabill\u00e9 vaporeux \u00e9pouse \u00e9l\u00e9gamment la silhouette tout en offrant une transparence subtile pour une touche irr\u00e9sistible de f\u00e9minit\u00e9.\",\"breadcrumb\":{\"@id\":\"https:\\\/\\\/madame-sensuelle.paris\\\/fr\\\/product\\\/deshabille-pompadour-en-tulle-avec-ruban-en-satin-et-dentelle-de-calais\\\/#breadcrumb\"},\"inLanguage\":\"fr-FR\",\"potentialAction\":[{\"@type\":\"ReadAction\",\"target\":[\"https:\\\/\\\/madame-sensuelle.paris\\\/fr\\\/product\\\/deshabille-pompadour-en-tulle-avec-ruban-en-satin-et-dentelle-de-calais\\\/\"]}]},{\"@type\":\"ImageObject\",\"inLanguage\":\"fr-FR\",\"@id\":\"https:\\\/\\\/madame-sensuelle.paris\\\/fr\\\/product\\\/deshabille-pompadour-en-tulle-avec-ruban-en-satin-et-dentelle-de-calais\\\/#primaryimage\",\"url\":\"https:\\\/\\\/madame-sensuelle.paris\\\/wp-content\\\/uploads\\\/2025\\\/02\\\/XSHD1TJ61538.jpg\",\"contentUrl\":\"https:\\\/\\\/madame-sensuelle.paris\\\/wp-content\\\/uploads\\\/2025\\\/02\\\/XSHD1TJ61538.jpg\",\"width\":1064,\"height\":1600},{\"@type\":\"BreadcrumbList\",\"@id\":\"https:\\\/\\\/madame-sensuelle.paris\\\/fr\\\/product\\\/deshabille-pompadour-en-tulle-avec-ruban-en-satin-et-dentelle-de-calais\\\/#breadcrumb\",\"itemListElement\":[{\"@type\":\"ListItem\",\"position\":1,\"name\":\"Acceuil\",\"item\":\"https:\\\/\\\/madame-sensuelle.paris\\\/fr\\\/\"},{\"@type\":\"ListItem\",\"position\":2,\"name\":\"Catalogue\",\"item\":\"https:\\\/\\\/madame-sensuelle.paris\\\/fr\\\/catalogue\\\/\"},{\"@type\":\"ListItem\",\"position\":3,\"name\":\"Deshabill\u00e9 Pompadour en tulle avec ruban en satin et dentelle de Calais\"}]},{\"@type\":\"WebSite\",\"@id\":\"https:\\\/\\\/madame-sensuelle.paris\\\/fr\\\/#website\",\"url\":\"https:\\\/\\\/madame-sensuelle.paris\\\/fr\\\/\",\"name\":\"MADAME SENSUELLE\",\"description\":\"MADAME SENSUELLE: Found the biggest exciting brands of chic &amp; SEXY LINGERIE in Paris Boutique and on the WEB: Aubade, Dita Von Teese, Maison Close, Marjolaine, Bluebella, Atelier Amour, Luxxa, Catanzaro, Gracija Rim. You will found the big pleasure of sexy belt or bra make for you\",\"publisher\":{\"@id\":\"https:\\\/\\\/madame-sensuelle.paris\\\/fr\\\/#organization\"},\"potentialAction\":[{\"@type\":\"SearchAction\",\"target\":{\"@type\":\"EntryPoint\",\"urlTemplate\":\"https:\\\/\\\/madame-sensuelle.paris\\\/fr\\\/?s={search_term_string}\"},\"query-input\":{\"@type\":\"PropertyValueSpecification\",\"valueRequired\":true,\"valueName\":\"search_term_string\"}}],\"inLanguage\":\"fr-FR\"},{\"@type\":\"Organization\",\"@id\":\"https:\\\/\\\/madame-sensuelle.paris\\\/fr\\\/#organization\",\"name\":\"Madame Sensuelle\",\"url\":\"https:\\\/\\\/madame-sensuelle.paris\\\/fr\\\/\",\"logo\":{\"@type\":\"ImageObject\",\"inLanguage\":\"fr-FR\",\"@id\":\"https:\\\/\\\/madame-sensuelle.paris\\\/fr\\\/#\\\/schema\\\/logo\\\/image\\\/\",\"url\":\"https:\\\/\\\/madame-sensuelle.paris\\\/wp-content\\\/uploads\\\/2024\\\/12\\\/logo_a-1-1_696.webp\",\"contentUrl\":\"https:\\\/\\\/madame-sensuelle.paris\\\/wp-content\\\/uploads\\\/2024\\\/12\\\/logo_a-1-1_696.webp\",\"width\":696,\"height\":696,\"caption\":\"Madame Sensuelle\"},\"image\":{\"@id\":\"https:\\\/\\\/madame-sensuelle.paris\\\/fr\\\/#\\\/schema\\\/logo\\\/image\\\/\"},\"sameAs\":[\"https:\\\/\\\/www.facebook.com\\\/madamesensuelle\",\"https:\\\/\\\/www.instagram.com\\\/madame_sensuelle\\\/\"]}]}<\/script>\n<!-- \/ Yoast SEO plugin. -->","yoast_head_json":{"title":"Deshabill\u00e9 Pompadour en tulle avec ruban en satin et dentelle de Calais D\u00e9shabill\u00e9 Pompadour en tulle avec dentelle de Calais \u00e0 ceinture","description":"cliquer pour visionner l'article : Deshabill\u00e9 Pompadour en tulle avec ruban en satin et dentelle de Calais D\u00e9shabill\u00e9 Pompadour \u2013 \u00c9l\u00e9gance et RaffinementD\u00e9couvrez le D\u00e9shabill\u00e9 Pompadour, une pi\u00e8ce de lingerie d\u2019exception qui allie sensualit\u00e9 et sophistication. Confectionn\u00e9 en tulle d\u00e9licat, ce d\u00e9shabill\u00e9 vaporeux \u00e9pouse \u00e9l\u00e9gamment la silhouette tout en offrant une transparence subtile pour une touche irr\u00e9sistible de f\u00e9minit\u00e9.","robots":{"index":"index","follow":"follow","max-snippet":"max-snippet:-1","max-image-preview":"max-image-preview:large","max-video-preview":"max-video-preview:-1"},"canonical":"https:\/\/madame-sensuelle.paris\/fr\/product\/deshabille-pompadour-en-tulle-avec-ruban-en-satin-et-dentelle-de-calais\/","og_locale":"fr_FR","og_type":"article","og_title":"Deshabill\u00e9 Pompadour en tulle avec ruban en satin et dentelle de Calais D\u00e9shabill\u00e9 Pompadour en tulle avec dentelle de Calais \u00e0 ceinture","og_description":"cliquer pour visionner l'article : Deshabill\u00e9 Pompadour en tulle avec ruban en satin et dentelle de Calais D\u00e9shabill\u00e9 Pompadour \u2013 \u00c9l\u00e9gance et RaffinementD\u00e9couvrez le D\u00e9shabill\u00e9 Pompadour, une pi\u00e8ce de lingerie d\u2019exception qui allie sensualit\u00e9 et sophistication. Confectionn\u00e9 en tulle d\u00e9licat, ce d\u00e9shabill\u00e9 vaporeux \u00e9pouse \u00e9l\u00e9gamment la silhouette tout en offrant une transparence subtile pour une touche irr\u00e9sistible de f\u00e9minit\u00e9.","og_url":"https:\/\/madame-sensuelle.paris\/fr\/product\/deshabille-pompadour-en-tulle-avec-ruban-en-satin-et-dentelle-de-calais\/","og_site_name":"Madame Sensuelle","article_publisher":"https:\/\/www.facebook.com\/madamesensuelle","article_modified_time":"2026-03-30T08:34:35+00:00","og_image":[{"width":1064,"height":1600,"url":"http:\/\/madame-sensuelle.paris\/wp-content\/uploads\/2025\/02\/XSHD1TJ61538.jpg","type":"image\/jpeg"}],"twitter_card":"summary_large_image","twitter_misc":{"Dur\u00e9e de lecture estim\u00e9e":"1 minute"},"schema":{"@context":"https:\/\/schema.org","@graph":[{"@type":"WebPage","@id":"https:\/\/madame-sensuelle.paris\/fr\/product\/deshabille-pompadour-en-tulle-avec-ruban-en-satin-et-dentelle-de-calais\/","url":"https:\/\/madame-sensuelle.paris\/fr\/product\/deshabille-pompadour-en-tulle-avec-ruban-en-satin-et-dentelle-de-calais\/","name":"Deshabill\u00e9 Pompadour en tulle avec ruban en satin et dentelle de Calais D\u00e9shabill\u00e9 Pompadour en tulle avec dentelle de Calais \u00e0 ceinture","isPartOf":{"@id":"https:\/\/madame-sensuelle.paris\/fr\/#website"},"primaryImageOfPage":{"@id":"https:\/\/madame-sensuelle.paris\/fr\/product\/deshabille-pompadour-en-tulle-avec-ruban-en-satin-et-dentelle-de-calais\/#primaryimage"},"image":{"@id":"https:\/\/madame-sensuelle.paris\/fr\/product\/deshabille-pompadour-en-tulle-avec-ruban-en-satin-et-dentelle-de-calais\/#primaryimage"},"thumbnailUrl":"https:\/\/madame-sensuelle.paris\/wp-content\/uploads\/2025\/02\/XSHD1TJ61538.jpg","datePublished":"2025-02-05T16:26:26+00:00","dateModified":"2026-03-30T08:34:35+00:00","description":"cliquer pour visionner l'article : Deshabill\u00e9 Pompadour en tulle avec ruban en satin et dentelle de Calais D\u00e9shabill\u00e9 Pompadour \u2013 \u00c9l\u00e9gance et RaffinementD\u00e9couvrez le D\u00e9shabill\u00e9 Pompadour, une pi\u00e8ce de lingerie d\u2019exception qui allie sensualit\u00e9 et sophistication. Confectionn\u00e9 en tulle d\u00e9licat, ce d\u00e9shabill\u00e9 vaporeux \u00e9pouse \u00e9l\u00e9gamment la silhouette tout en offrant une transparence subtile pour une touche irr\u00e9sistible de f\u00e9minit\u00e9.","breadcrumb":{"@id":"https:\/\/madame-sensuelle.paris\/fr\/product\/deshabille-pompadour-en-tulle-avec-ruban-en-satin-et-dentelle-de-calais\/#breadcrumb"},"inLanguage":"fr-FR","potentialAction":[{"@type":"ReadAction","target":["https:\/\/madame-sensuelle.paris\/fr\/product\/deshabille-pompadour-en-tulle-avec-ruban-en-satin-et-dentelle-de-calais\/"]}]},{"@type":"ImageObject","inLanguage":"fr-FR","@id":"https:\/\/madame-sensuelle.paris\/fr\/product\/deshabille-pompadour-en-tulle-avec-ruban-en-satin-et-dentelle-de-calais\/#primaryimage","url":"https:\/\/madame-sensuelle.paris\/wp-content\/uploads\/2025\/02\/XSHD1TJ61538.jpg","contentUrl":"https:\/\/madame-sensuelle.paris\/wp-content\/uploads\/2025\/02\/XSHD1TJ61538.jpg","width":1064,"height":1600},{"@type":"BreadcrumbList","@id":"https:\/\/madame-sensuelle.paris\/fr\/product\/deshabille-pompadour-en-tulle-avec-ruban-en-satin-et-dentelle-de-calais\/#breadcrumb","itemListElement":[{"@type":"ListItem","position":1,"name":"Acceuil","item":"https:\/\/madame-sensuelle.paris\/fr\/"},{"@type":"ListItem","position":2,"name":"Catalogue","item":"https:\/\/madame-sensuelle.paris\/fr\/catalogue\/"},{"@type":"ListItem","position":3,"name":"Deshabill\u00e9 Pompadour en tulle avec ruban en satin et dentelle de Calais"}]},{"@type":"WebSite","@id":"https:\/\/madame-sensuelle.paris\/fr\/#website","url":"https:\/\/madame-sensuelle.paris\/fr\/","name":"MADAME SENSUELLE","description":"MADAME SENSUELLE: Found the biggest exciting brands of chic &amp; SEXY LINGERIE in Paris Boutique and on the WEB: Aubade, Dita Von Teese, Maison Close, Marjolaine, Bluebella, Atelier Amour, Luxxa, Catanzaro, Gracija Rim. You will found the big pleasure of sexy belt or bra make for you","publisher":{"@id":"https:\/\/madame-sensuelle.paris\/fr\/#organization"},"potentialAction":[{"@type":"SearchAction","target":{"@type":"EntryPoint","urlTemplate":"https:\/\/madame-sensuelle.paris\/fr\/?s={search_term_string}"},"query-input":{"@type":"PropertyValueSpecification","valueRequired":true,"valueName":"search_term_string"}}],"inLanguage":"fr-FR"},{"@type":"Organization","@id":"https:\/\/madame-sensuelle.paris\/fr\/#organization","name":"Madame Sensuelle","url":"https:\/\/madame-sensuelle.paris\/fr\/","logo":{"@type":"ImageObject","inLanguage":"fr-FR","@id":"https:\/\/madame-sensuelle.paris\/fr\/#\/schema\/logo\/image\/","url":"https:\/\/madame-sensuelle.paris\/wp-content\/uploads\/2024\/12\/logo_a-1-1_696.webp","contentUrl":"https:\/\/madame-sensuelle.paris\/wp-content\/uploads\/2024\/12\/logo_a-1-1_696.webp","width":696,"height":696,"caption":"Madame Sensuelle"},"image":{"@id":"https:\/\/madame-sensuelle.paris\/fr\/#\/schema\/logo\/image\/"},"sameAs":["https:\/\/www.facebook.com\/madamesensuelle","https:\/\/www.instagram.com\/madame_sensuelle\/"]}]}},"brands":[],"_links":{"self":[{"href":"https:\/\/madame-sensuelle.paris\/fr\/wp-json\/wp\/v2\/product\/115989","targetHints":{"allow":["GET"]}}],"collection":[{"href":"https:\/\/madame-sensuelle.paris\/fr\/wp-json\/wp\/v2\/product"}],"about":[{"href":"https:\/\/madame-sensuelle.paris\/fr\/wp-json\/wp\/v2\/types\/product"}],"version-history":[{"count":1,"href":"https:\/\/madame-sensuelle.paris\/fr\/wp-json\/wp\/v2\/product\/115989\/revisions"}],"predecessor-version":[{"id":121433,"href":"https:\/\/madame-sensuelle.paris\/fr\/wp-json\/wp\/v2\/product\/115989\/revisions\/121433"}],"wp:featuredmedia":[{"embeddable":true,"href":"https:\/\/madame-sensuelle.paris\/fr\/wp-json\/wp\/v2\/media\/115987"}],"wp:attachment":[{"href":"https:\/\/madame-sensuelle.paris\/fr\/wp-json\/wp\/v2\/media?parent=115989"}],"wp:term":[{"taxonomy":"pwb-brand","embeddable":true,"href":"https:\/\/madame-sensuelle.paris\/fr\/wp-json\/wp\/v2\/pwb-brand?post=115989"},{"taxonomy":"product_brand","embeddable":true,"href":"https:\/\/madame-sensuelle.paris\/fr\/wp-json\/wp\/v2\/product_brand?post=115989"},{"taxonomy":"product_cat","embeddable":true,"href":"https:\/\/madame-sensuelle.paris\/fr\/wp-json\/wp\/v2\/product_cat?post=115989"},{"taxonomy":"product_tag","embeddable":true,"href":"https:\/\/madame-sensuelle.paris\/fr\/wp-json\/wp\/v2\/product_tag?post=115989"},{"taxonomy":"giftcard-category","embeddable":true,"href":"https:\/\/madame-sensuelle.paris\/fr\/wp-json\/wp\/v2\/giftcard-category?post=115989"}],"curies":[{"name":"wp","href":"https:\/\/api.w.org\/{rel}","templated":true}]}}