{"id":115997,"date":"2025-02-05T16:43:30","date_gmt":"2025-02-05T16:43:30","guid":{"rendered":"https:\/\/madame-sensuelle.paris\/product\/nuisette-longue-histoire-dun-soir-en-dentelle-a-fentes-sur-les-cotes\/"},"modified":"2026-03-30T03:21:08","modified_gmt":"2026-03-30T03:21:08","slug":"nuisette-longue-histoire-dun-soir-en-dentelle-a-fentes-sur-les-cotes","status":"publish","type":"product","link":"https:\/\/madame-sensuelle.paris\/fr\/product\/nuisette-longue-histoire-dun-soir-en-dentelle-a-fentes-sur-les-cotes\/","title":{"rendered":"Nuisette longue Histoire d&#8217;un soir en dentelle \u00e0 fentes sur les c\u00f4t\u00e9s"},"content":{"rendered":"<p data-start=\"67\" data-end=\"288\">Cette nuisette en dentelle allie raffinement et sensualit\u00e9. Sa coupe fluide sublime la silhouette avec d\u00e9licatesse, tandis que ses fentes lat\u00e9rales d\u00e9voilent subtilement la peau, offrant confort et libert\u00e9 de mouvement. Son jeu de dentelle ajoute une touche de romantisme intemporel, parfait pour une soir\u00e9e intime ou une occasion sp\u00e9ciale. Douce et l\u00e9g\u00e8re, elle enveloppe la peau avec \u00e9l\u00e9gance, mettant en valeur les courbes naturelles. Audacieuse et f\u00e9minine, la nuisette Histoire d\u2019un Soir est bien plus qu\u2019une tenue de nuit : elle incarne luxe, confort et s\u00e9duction.<\/p>\n","protected":false},"excerpt":{"rendered":"<p>Cette nuisette en dentelle allie raffinement et sensualit\u00e9. Sa coupe fluide sublime la silhouette avec d\u00e9licatesse, tandis que ses fentes lat\u00e9rales d\u00e9voilent subtilement la peau, offrant confort et libert\u00e9 de mouvement. Son jeu de dentelle ajoute une touche de romantisme intemporel, parfait pour une soir\u00e9e intime ou une occasion sp\u00e9ciale. Douce et l\u00e9g\u00e8re, elle enveloppe<\/p>\n","protected":false},"featured_media":115993,"template":"","meta":[],"pwb-brand":[2767],"product_brand":[],"product_cat":[1205,1239,2475,1235,3367],"product_tag":[],"giftcard-category":[],"class_list":{"0":"post-115997","1":"product","2":"type-product","3":"status-publish","4":"has-post-thumbnail","6":"pwb-brand-aubade","7":"product_cat-nuit-et-homewear","8":"product_cat-longewear","9":"product_cat-nuisette-sexy-et-babydoll","10":"product_cat-robes-sexy","11":"product_cat-show-main","13":"first","14":"instock","15":"taxable","16":"shipping-taxable","17":"purchasable","18":"product-type-variable","19":"has-default-attributes"},"yoast_head":"<!-- This site is optimized with the Yoast SEO plugin v27.3 - https:\/\/yoast.com\/product\/yoast-seo-wordpress\/ -->\n<title>Nuisette longue Histoire d&#039;un soir en dentelle \u00e0 fentes sur les c\u00f4t\u00e9s Cette nuisette en dentelle allie raffinement et sensualit\u00e9. Sa coupe fluide sublime la silhouette avec d\u00e9licatesse, tandis que ses fentes lat\u00e9rales d\u00e9voilent subtilement la peau, offrant confort et libert\u00e9 de mouvement. Son jeu de dentelle ajoute une touche de romantisme intemporel, parfait pour une soir\u00e9e intime ou une occasion sp\u00e9ciale. Douce et l\u00e9g\u00e8re, elle enveloppe la peau avec \u00e9l\u00e9gance, mettant en valeur les courbes naturelles. Audacieuse et f\u00e9minine, la nuisette Histoire d\u2019un Soir est bien plus qu\u2019une tenue de nuit : elle incarne luxe, confort et s\u00e9duction.<\/title>\n<meta name=\"description\" content=\"Le mod\u00e8le Nuisette longue Histoire d&#039;un soir en dentelle \u00e0 fentes sur les c\u00f4t\u00e9s sign\u00e9 AUBADE, \u00e0 d\u00e9couvrir chez Madame Sensuelle. Essayage VIP disponible.\" \/>\n<meta name=\"robots\" content=\"index, follow, max-snippet:-1, max-image-preview:large, max-video-preview:-1\" \/>\n<link rel=\"canonical\" href=\"https:\/\/madame-sensuelle.paris\/fr\/product\/nuisette-longue-histoire-dun-soir-en-dentelle-a-fentes-sur-les-cotes\/\" \/>\n<meta property=\"og:locale\" content=\"fr_FR\" \/>\n<meta property=\"og:type\" content=\"article\" \/>\n<meta property=\"og:title\" content=\"Nuisette longue Histoire d&#039;un soir en dentelle \u00e0 fentes sur les c\u00f4t\u00e9s Cette nuisette en dentelle allie raffinement et sensualit\u00e9. Sa coupe fluide sublime la silhouette avec d\u00e9licatesse, tandis que ses fentes lat\u00e9rales d\u00e9voilent subtilement la peau, offrant confort et libert\u00e9 de mouvement. Son jeu de dentelle ajoute une touche de romantisme intemporel, parfait pour une soir\u00e9e intime ou une occasion sp\u00e9ciale. Douce et l\u00e9g\u00e8re, elle enveloppe la peau avec \u00e9l\u00e9gance, mettant en valeur les courbes naturelles. Audacieuse et f\u00e9minine, la nuisette Histoire d\u2019un Soir est bien plus qu\u2019une tenue de nuit : elle incarne luxe, confort et s\u00e9duction.\" \/>\n<meta property=\"og:description\" content=\"Le mod\u00e8le Nuisette longue Histoire d&#039;un soir en dentelle \u00e0 fentes sur les c\u00f4t\u00e9s sign\u00e9 AUBADE, \u00e0 d\u00e9couvrir chez Madame Sensuelle. Essayage VIP disponible.\" \/>\n<meta property=\"og:url\" content=\"https:\/\/madame-sensuelle.paris\/fr\/product\/nuisette-longue-histoire-dun-soir-en-dentelle-a-fentes-sur-les-cotes\/\" \/>\n<meta property=\"og:site_name\" content=\"Madame Sensuelle\" \/>\n<meta property=\"article:publisher\" content=\"https:\/\/www.facebook.com\/madamesensuelle\" \/>\n<meta property=\"article:modified_time\" content=\"2026-03-30T03:21:08+00:00\" \/>\n<meta property=\"og:image\" content=\"http:\/\/madame-sensuelle.paris\/wp-content\/uploads\/2025\/02\/XSHD1TJ61539.jpg\" \/>\n\t<meta property=\"og:image:width\" content=\"1064\" \/>\n\t<meta property=\"og:image:height\" content=\"1600\" \/>\n\t<meta property=\"og:image:type\" content=\"image\/jpeg\" \/>\n<meta name=\"twitter:card\" content=\"summary_large_image\" \/>\n<meta name=\"twitter:label1\" content=\"Dur\u00e9e de lecture estim\u00e9e\" \/>\n\t<meta name=\"twitter:data1\" content=\"1 minute\" \/>\n<script type=\"application\/ld+json\" class=\"yoast-schema-graph\">{\"@context\":\"https:\\\/\\\/schema.org\",\"@graph\":[{\"@type\":\"WebPage\",\"@id\":\"https:\\\/\\\/madame-sensuelle.paris\\\/fr\\\/product\\\/nuisette-longue-histoire-dun-soir-en-dentelle-a-fentes-sur-les-cotes\\\/\",\"url\":\"https:\\\/\\\/madame-sensuelle.paris\\\/fr\\\/product\\\/nuisette-longue-histoire-dun-soir-en-dentelle-a-fentes-sur-les-cotes\\\/\",\"name\":\"Nuisette longue Histoire d'un soir en dentelle \u00e0 fentes sur les c\u00f4t\u00e9s Cette nuisette en dentelle allie raffinement et sensualit\u00e9. Sa coupe fluide sublime la silhouette avec d\u00e9licatesse, tandis que ses fentes lat\u00e9rales d\u00e9voilent subtilement la peau, offrant confort et libert\u00e9 de mouvement. Son jeu de dentelle ajoute une touche de romantisme intemporel, parfait pour une soir\u00e9e intime ou une occasion sp\u00e9ciale. Douce et l\u00e9g\u00e8re, elle enveloppe la peau avec \u00e9l\u00e9gance, mettant en valeur les courbes naturelles. Audacieuse et f\u00e9minine, la nuisette Histoire d\u2019un Soir est bien plus qu\u2019une tenue de nuit : elle incarne luxe, confort et s\u00e9duction.\",\"isPartOf\":{\"@id\":\"https:\\\/\\\/madame-sensuelle.paris\\\/fr\\\/#website\"},\"primaryImageOfPage\":{\"@id\":\"https:\\\/\\\/madame-sensuelle.paris\\\/fr\\\/product\\\/nuisette-longue-histoire-dun-soir-en-dentelle-a-fentes-sur-les-cotes\\\/#primaryimage\"},\"image\":{\"@id\":\"https:\\\/\\\/madame-sensuelle.paris\\\/fr\\\/product\\\/nuisette-longue-histoire-dun-soir-en-dentelle-a-fentes-sur-les-cotes\\\/#primaryimage\"},\"thumbnailUrl\":\"https:\\\/\\\/madame-sensuelle.paris\\\/wp-content\\\/uploads\\\/2025\\\/02\\\/XSHD1TJ61539.jpg\",\"datePublished\":\"2025-02-05T16:43:30+00:00\",\"dateModified\":\"2026-03-30T03:21:08+00:00\",\"description\":\"Le mod\u00e8le Nuisette longue Histoire d'un soir en dentelle \u00e0 fentes sur les c\u00f4t\u00e9s sign\u00e9 AUBADE, \u00e0 d\u00e9couvrir chez Madame Sensuelle. Essayage VIP disponible.\",\"breadcrumb\":{\"@id\":\"https:\\\/\\\/madame-sensuelle.paris\\\/fr\\\/product\\\/nuisette-longue-histoire-dun-soir-en-dentelle-a-fentes-sur-les-cotes\\\/#breadcrumb\"},\"inLanguage\":\"fr-FR\",\"potentialAction\":[{\"@type\":\"ReadAction\",\"target\":[\"https:\\\/\\\/madame-sensuelle.paris\\\/fr\\\/product\\\/nuisette-longue-histoire-dun-soir-en-dentelle-a-fentes-sur-les-cotes\\\/\"]}]},{\"@type\":\"ImageObject\",\"inLanguage\":\"fr-FR\",\"@id\":\"https:\\\/\\\/madame-sensuelle.paris\\\/fr\\\/product\\\/nuisette-longue-histoire-dun-soir-en-dentelle-a-fentes-sur-les-cotes\\\/#primaryimage\",\"url\":\"https:\\\/\\\/madame-sensuelle.paris\\\/wp-content\\\/uploads\\\/2025\\\/02\\\/XSHD1TJ61539.jpg\",\"contentUrl\":\"https:\\\/\\\/madame-sensuelle.paris\\\/wp-content\\\/uploads\\\/2025\\\/02\\\/XSHD1TJ61539.jpg\",\"width\":1064,\"height\":1600},{\"@type\":\"BreadcrumbList\",\"@id\":\"https:\\\/\\\/madame-sensuelle.paris\\\/fr\\\/product\\\/nuisette-longue-histoire-dun-soir-en-dentelle-a-fentes-sur-les-cotes\\\/#breadcrumb\",\"itemListElement\":[{\"@type\":\"ListItem\",\"position\":1,\"name\":\"Acceuil\",\"item\":\"https:\\\/\\\/madame-sensuelle.paris\\\/fr\\\/\"},{\"@type\":\"ListItem\",\"position\":2,\"name\":\"Catalogue\",\"item\":\"https:\\\/\\\/madame-sensuelle.paris\\\/fr\\\/catalogue\\\/\"},{\"@type\":\"ListItem\",\"position\":3,\"name\":\"AUBADE\",\"item\":\"https:\\\/\\\/madame-sensuelle.paris\\\/fr\\\/brand\\\/aubade\\\/\"},{\"@type\":\"ListItem\",\"position\":4,\"name\":\"Nuisette longue Histoire d&#8217;un soir en dentelle \u00e0 fentes sur les c\u00f4t\u00e9s\"}]},{\"@type\":\"WebSite\",\"@id\":\"https:\\\/\\\/madame-sensuelle.paris\\\/fr\\\/#website\",\"url\":\"https:\\\/\\\/madame-sensuelle.paris\\\/fr\\\/\",\"name\":\"MADAME SENSUELLE\",\"description\":\"MADAME SENSUELLE: Found the biggest exciting brands of chic &amp; SEXY LINGERIE in Paris Boutique and on the WEB: Aubade, Dita Von Teese, Maison Close, Marjolaine, Bluebella, Atelier Amour, Luxxa, Catanzaro, Gracija Rim. You will found the big pleasure of sexy belt or bra make for you\",\"publisher\":{\"@id\":\"https:\\\/\\\/madame-sensuelle.paris\\\/fr\\\/#organization\"},\"potentialAction\":[{\"@type\":\"SearchAction\",\"target\":{\"@type\":\"EntryPoint\",\"urlTemplate\":\"https:\\\/\\\/madame-sensuelle.paris\\\/fr\\\/?s={search_term_string}\"},\"query-input\":{\"@type\":\"PropertyValueSpecification\",\"valueRequired\":true,\"valueName\":\"search_term_string\"}}],\"inLanguage\":\"fr-FR\"},{\"@type\":\"Organization\",\"@id\":\"https:\\\/\\\/madame-sensuelle.paris\\\/fr\\\/#organization\",\"name\":\"Madame Sensuelle\",\"url\":\"https:\\\/\\\/madame-sensuelle.paris\\\/fr\\\/\",\"logo\":{\"@type\":\"ImageObject\",\"inLanguage\":\"fr-FR\",\"@id\":\"https:\\\/\\\/madame-sensuelle.paris\\\/fr\\\/#\\\/schema\\\/logo\\\/image\\\/\",\"url\":\"https:\\\/\\\/madame-sensuelle.paris\\\/wp-content\\\/uploads\\\/2024\\\/12\\\/logo_a-1-1_696.webp\",\"contentUrl\":\"https:\\\/\\\/madame-sensuelle.paris\\\/wp-content\\\/uploads\\\/2024\\\/12\\\/logo_a-1-1_696.webp\",\"width\":696,\"height\":696,\"caption\":\"Madame Sensuelle\"},\"image\":{\"@id\":\"https:\\\/\\\/madame-sensuelle.paris\\\/fr\\\/#\\\/schema\\\/logo\\\/image\\\/\"},\"sameAs\":[\"https:\\\/\\\/www.facebook.com\\\/madamesensuelle\",\"https:\\\/\\\/www.instagram.com\\\/madame_sensuelle\\\/\"]}]}<\/script>\n<!-- \/ Yoast SEO plugin. -->","yoast_head_json":{"title":"Nuisette longue Histoire d'un soir en dentelle \u00e0 fentes sur les c\u00f4t\u00e9s Cette nuisette en dentelle allie raffinement et sensualit\u00e9. Sa coupe fluide sublime la silhouette avec d\u00e9licatesse, tandis que ses fentes lat\u00e9rales d\u00e9voilent subtilement la peau, offrant confort et libert\u00e9 de mouvement. Son jeu de dentelle ajoute une touche de romantisme intemporel, parfait pour une soir\u00e9e intime ou une occasion sp\u00e9ciale. Douce et l\u00e9g\u00e8re, elle enveloppe la peau avec \u00e9l\u00e9gance, mettant en valeur les courbes naturelles. Audacieuse et f\u00e9minine, la nuisette Histoire d\u2019un Soir est bien plus qu\u2019une tenue de nuit : elle incarne luxe, confort et s\u00e9duction.","description":"Le mod\u00e8le Nuisette longue Histoire d'un soir en dentelle \u00e0 fentes sur les c\u00f4t\u00e9s sign\u00e9 AUBADE, \u00e0 d\u00e9couvrir chez Madame Sensuelle. Essayage VIP disponible.","robots":{"index":"index","follow":"follow","max-snippet":"max-snippet:-1","max-image-preview":"max-image-preview:large","max-video-preview":"max-video-preview:-1"},"canonical":"https:\/\/madame-sensuelle.paris\/fr\/product\/nuisette-longue-histoire-dun-soir-en-dentelle-a-fentes-sur-les-cotes\/","og_locale":"fr_FR","og_type":"article","og_title":"Nuisette longue Histoire d'un soir en dentelle \u00e0 fentes sur les c\u00f4t\u00e9s Cette nuisette en dentelle allie raffinement et sensualit\u00e9. Sa coupe fluide sublime la silhouette avec d\u00e9licatesse, tandis que ses fentes lat\u00e9rales d\u00e9voilent subtilement la peau, offrant confort et libert\u00e9 de mouvement. Son jeu de dentelle ajoute une touche de romantisme intemporel, parfait pour une soir\u00e9e intime ou une occasion sp\u00e9ciale. Douce et l\u00e9g\u00e8re, elle enveloppe la peau avec \u00e9l\u00e9gance, mettant en valeur les courbes naturelles. Audacieuse et f\u00e9minine, la nuisette Histoire d\u2019un Soir est bien plus qu\u2019une tenue de nuit : elle incarne luxe, confort et s\u00e9duction.","og_description":"Le mod\u00e8le Nuisette longue Histoire d'un soir en dentelle \u00e0 fentes sur les c\u00f4t\u00e9s sign\u00e9 AUBADE, \u00e0 d\u00e9couvrir chez Madame Sensuelle. Essayage VIP disponible.","og_url":"https:\/\/madame-sensuelle.paris\/fr\/product\/nuisette-longue-histoire-dun-soir-en-dentelle-a-fentes-sur-les-cotes\/","og_site_name":"Madame Sensuelle","article_publisher":"https:\/\/www.facebook.com\/madamesensuelle","article_modified_time":"2026-03-30T03:21:08+00:00","og_image":[{"width":1064,"height":1600,"url":"http:\/\/madame-sensuelle.paris\/wp-content\/uploads\/2025\/02\/XSHD1TJ61539.jpg","type":"image\/jpeg"}],"twitter_card":"summary_large_image","twitter_misc":{"Dur\u00e9e de lecture estim\u00e9e":"1 minute"},"schema":{"@context":"https:\/\/schema.org","@graph":[{"@type":"WebPage","@id":"https:\/\/madame-sensuelle.paris\/fr\/product\/nuisette-longue-histoire-dun-soir-en-dentelle-a-fentes-sur-les-cotes\/","url":"https:\/\/madame-sensuelle.paris\/fr\/product\/nuisette-longue-histoire-dun-soir-en-dentelle-a-fentes-sur-les-cotes\/","name":"Nuisette longue Histoire d'un soir en dentelle \u00e0 fentes sur les c\u00f4t\u00e9s Cette nuisette en dentelle allie raffinement et sensualit\u00e9. Sa coupe fluide sublime la silhouette avec d\u00e9licatesse, tandis que ses fentes lat\u00e9rales d\u00e9voilent subtilement la peau, offrant confort et libert\u00e9 de mouvement. Son jeu de dentelle ajoute une touche de romantisme intemporel, parfait pour une soir\u00e9e intime ou une occasion sp\u00e9ciale. Douce et l\u00e9g\u00e8re, elle enveloppe la peau avec \u00e9l\u00e9gance, mettant en valeur les courbes naturelles. Audacieuse et f\u00e9minine, la nuisette Histoire d\u2019un Soir est bien plus qu\u2019une tenue de nuit : elle incarne luxe, confort et s\u00e9duction.","isPartOf":{"@id":"https:\/\/madame-sensuelle.paris\/fr\/#website"},"primaryImageOfPage":{"@id":"https:\/\/madame-sensuelle.paris\/fr\/product\/nuisette-longue-histoire-dun-soir-en-dentelle-a-fentes-sur-les-cotes\/#primaryimage"},"image":{"@id":"https:\/\/madame-sensuelle.paris\/fr\/product\/nuisette-longue-histoire-dun-soir-en-dentelle-a-fentes-sur-les-cotes\/#primaryimage"},"thumbnailUrl":"https:\/\/madame-sensuelle.paris\/wp-content\/uploads\/2025\/02\/XSHD1TJ61539.jpg","datePublished":"2025-02-05T16:43:30+00:00","dateModified":"2026-03-30T03:21:08+00:00","description":"Le mod\u00e8le Nuisette longue Histoire d'un soir en dentelle \u00e0 fentes sur les c\u00f4t\u00e9s sign\u00e9 AUBADE, \u00e0 d\u00e9couvrir chez Madame Sensuelle. Essayage VIP disponible.","breadcrumb":{"@id":"https:\/\/madame-sensuelle.paris\/fr\/product\/nuisette-longue-histoire-dun-soir-en-dentelle-a-fentes-sur-les-cotes\/#breadcrumb"},"inLanguage":"fr-FR","potentialAction":[{"@type":"ReadAction","target":["https:\/\/madame-sensuelle.paris\/fr\/product\/nuisette-longue-histoire-dun-soir-en-dentelle-a-fentes-sur-les-cotes\/"]}]},{"@type":"ImageObject","inLanguage":"fr-FR","@id":"https:\/\/madame-sensuelle.paris\/fr\/product\/nuisette-longue-histoire-dun-soir-en-dentelle-a-fentes-sur-les-cotes\/#primaryimage","url":"https:\/\/madame-sensuelle.paris\/wp-content\/uploads\/2025\/02\/XSHD1TJ61539.jpg","contentUrl":"https:\/\/madame-sensuelle.paris\/wp-content\/uploads\/2025\/02\/XSHD1TJ61539.jpg","width":1064,"height":1600},{"@type":"BreadcrumbList","@id":"https:\/\/madame-sensuelle.paris\/fr\/product\/nuisette-longue-histoire-dun-soir-en-dentelle-a-fentes-sur-les-cotes\/#breadcrumb","itemListElement":[{"@type":"ListItem","position":1,"name":"Acceuil","item":"https:\/\/madame-sensuelle.paris\/fr\/"},{"@type":"ListItem","position":2,"name":"Catalogue","item":"https:\/\/madame-sensuelle.paris\/fr\/catalogue\/"},{"@type":"ListItem","position":3,"name":"AUBADE","item":"https:\/\/madame-sensuelle.paris\/fr\/brand\/aubade\/"},{"@type":"ListItem","position":4,"name":"Nuisette longue Histoire d&#8217;un soir en dentelle \u00e0 fentes sur les c\u00f4t\u00e9s"}]},{"@type":"WebSite","@id":"https:\/\/madame-sensuelle.paris\/fr\/#website","url":"https:\/\/madame-sensuelle.paris\/fr\/","name":"MADAME SENSUELLE","description":"MADAME SENSUELLE: Found the biggest exciting brands of chic &amp; SEXY LINGERIE in Paris Boutique and on the WEB: Aubade, Dita Von Teese, Maison Close, Marjolaine, Bluebella, Atelier Amour, Luxxa, Catanzaro, Gracija Rim. You will found the big pleasure of sexy belt or bra make for you","publisher":{"@id":"https:\/\/madame-sensuelle.paris\/fr\/#organization"},"potentialAction":[{"@type":"SearchAction","target":{"@type":"EntryPoint","urlTemplate":"https:\/\/madame-sensuelle.paris\/fr\/?s={search_term_string}"},"query-input":{"@type":"PropertyValueSpecification","valueRequired":true,"valueName":"search_term_string"}}],"inLanguage":"fr-FR"},{"@type":"Organization","@id":"https:\/\/madame-sensuelle.paris\/fr\/#organization","name":"Madame Sensuelle","url":"https:\/\/madame-sensuelle.paris\/fr\/","logo":{"@type":"ImageObject","inLanguage":"fr-FR","@id":"https:\/\/madame-sensuelle.paris\/fr\/#\/schema\/logo\/image\/","url":"https:\/\/madame-sensuelle.paris\/wp-content\/uploads\/2024\/12\/logo_a-1-1_696.webp","contentUrl":"https:\/\/madame-sensuelle.paris\/wp-content\/uploads\/2024\/12\/logo_a-1-1_696.webp","width":696,"height":696,"caption":"Madame Sensuelle"},"image":{"@id":"https:\/\/madame-sensuelle.paris\/fr\/#\/schema\/logo\/image\/"},"sameAs":["https:\/\/www.facebook.com\/madamesensuelle","https:\/\/www.instagram.com\/madame_sensuelle\/"]}]}},"brands":[{"id":2767,"name":"AUBADE","slug":"aubade"}],"_links":{"self":[{"href":"https:\/\/madame-sensuelle.paris\/fr\/wp-json\/wp\/v2\/product\/115997","targetHints":{"allow":["GET"]}}],"collection":[{"href":"https:\/\/madame-sensuelle.paris\/fr\/wp-json\/wp\/v2\/product"}],"about":[{"href":"https:\/\/madame-sensuelle.paris\/fr\/wp-json\/wp\/v2\/types\/product"}],"version-history":[{"count":1,"href":"https:\/\/madame-sensuelle.paris\/fr\/wp-json\/wp\/v2\/product\/115997\/revisions"}],"predecessor-version":[{"id":120348,"href":"https:\/\/madame-sensuelle.paris\/fr\/wp-json\/wp\/v2\/product\/115997\/revisions\/120348"}],"wp:featuredmedia":[{"embeddable":true,"href":"https:\/\/madame-sensuelle.paris\/fr\/wp-json\/wp\/v2\/media\/115993"}],"wp:attachment":[{"href":"https:\/\/madame-sensuelle.paris\/fr\/wp-json\/wp\/v2\/media?parent=115997"}],"wp:term":[{"taxonomy":"pwb-brand","embeddable":true,"href":"https:\/\/madame-sensuelle.paris\/fr\/wp-json\/wp\/v2\/pwb-brand?post=115997"},{"taxonomy":"product_brand","embeddable":true,"href":"https:\/\/madame-sensuelle.paris\/fr\/wp-json\/wp\/v2\/product_brand?post=115997"},{"taxonomy":"product_cat","embeddable":true,"href":"https:\/\/madame-sensuelle.paris\/fr\/wp-json\/wp\/v2\/product_cat?post=115997"},{"taxonomy":"product_tag","embeddable":true,"href":"https:\/\/madame-sensuelle.paris\/fr\/wp-json\/wp\/v2\/product_tag?post=115997"},{"taxonomy":"giftcard-category","embeddable":true,"href":"https:\/\/madame-sensuelle.paris\/fr\/wp-json\/wp\/v2\/giftcard-category?post=115997"}],"curies":[{"name":"wp","href":"https:\/\/api.w.org\/{rel}","templated":true}]}}