{"id":116292,"date":"2025-02-24T10:40:27","date_gmt":"2025-02-24T10:40:27","guid":{"rendered":"https:\/\/madame-sensuelle.paris\/product\/kimono-cosmic-dream-en-satin-a-broderie-sur-les-epaules-et-les-manches\/"},"modified":"2026-04-17T16:51:47","modified_gmt":"2026-04-17T16:51:47","slug":"kimono-cosmic-dream-en-satin-a-broderie-sur-les-epaules-et-les-manches","status":"publish","type":"product","link":"https:\/\/madame-sensuelle.paris\/fr\/product\/kimono-cosmic-dream-en-satin-a-broderie-sur-les-epaules-et-les-manches\/","title":{"rendered":"Kimono Cosmic Dream en satin \u00e0 broderie sur les \u00e9paules et les manches"},"content":{"rendered":"<ul>\n<li data-start=\"156\" data-end=\"359\">Enveloppez-vous de douceur avec le Kimono Cosmic Dream, une pi\u00e8ce de lingerie \u00e9l\u00e9gante et confortable. Il est confectionn\u00e9 en viscose rayonne au fini soyeux qui caresse la peau avec une l\u00e9g\u00e8ret\u00e9 exquise.<\/li>\n<li data-start=\"361\" data-end=\"524\">Ses manches larges apportent une allure fluide et chic. Des empi\u00e8cements en tulle brod\u00e9 habillent les \u00e9paules et les manches, pour une touche d\u00e9licate et f\u00e9minine.<\/li>\n<li data-start=\"526\" data-end=\"713\">Le kimono se porte nou\u00e9 gr\u00e2ce \u00e0 une ceinture amovible qui souligne la taille. Vous pouvez aussi le porter ouvert, selon vos envies. La coupe fluide s\u2019adapte parfaitement \u00e0 vos mouvements.<\/li>\n<li data-start=\"715\" data-end=\"837\">Deux poches discr\u00e8tes sont int\u00e9gr\u00e9es sur les c\u00f4t\u00e9s pour plus de praticit\u00e9. Elles pr\u00e9servent la ligne \u00e9l\u00e9gante de la pi\u00e8ce.<\/li>\n<li data-start=\"839\" data-end=\"1002\">Ce kimono en satin brod\u00e9 est \u00e0 la fois sensuel et agr\u00e9able \u00e0 porter. Il est parfait pour vos moments de d\u00e9tente ou pour cr\u00e9er une silhouette douce et sophistiqu\u00e9e.<\/li>\n<\/ul>\n<p data-start=\"1004\" data-end=\"1097\">Le Kimono Cosmic Dream en satin brod\u00e9 transforme chaque geste en douceur et chaque moment en r\u00eave inoubliables.<\/p>\n","protected":false},"excerpt":{"rendered":"<p>Enveloppez-vous de douceur avec le Kimono Cosmic Dream, une pi\u00e8ce de lingerie \u00e9l\u00e9gante et confortable. Il est confectionn\u00e9 en viscose rayonne au fini soyeux qui caresse la peau avec une l\u00e9g\u00e8ret\u00e9 exquise. Ses manches larges apportent une allure fluide et chic. Des empi\u00e8cements en tulle brod\u00e9 habillent les \u00e9paules et les manches, pour une touche<\/p>\n","protected":false},"featured_media":116286,"template":"","meta":[],"pwb-brand":[2785],"product_brand":[],"product_cat":[1244,1205,3367],"product_tag":[],"giftcard-category":[],"class_list":{"0":"post-116292","1":"product","2":"type-product","3":"status-publish","4":"has-post-thumbnail","6":"pwb-brand-atelier-amour","7":"product_cat-kimono-femme-deshabille","8":"product_cat-nuit-et-homewear","9":"product_cat-show-main","10":"pa_collection-cosmic-dream","12":"first","13":"instock","14":"taxable","15":"shipping-taxable","16":"purchasable","17":"product-type-variable","18":"has-default-attributes"},"yoast_head":"<!-- This site is optimized with the Yoast SEO plugin v27.4 - https:\/\/yoast.com\/product\/yoast-seo-wordpress\/ -->\n<title>Kimono en satin - Madame Sensuelle<\/title>\n<meta name=\"description\" content=\"Combinez \u00e9l\u00e9gance et commodit\u00e9 avec notre magnifique Kimono en satin broder pour un style sensuelle. D\u00e9couvrez le v\u00f4tre ! \ud83d\udc96\" \/>\n<meta name=\"robots\" content=\"index, follow, max-snippet:-1, max-image-preview:large, max-video-preview:-1\" \/>\n<link rel=\"canonical\" href=\"https:\/\/madame-sensuelle.paris\/fr\/product\/kimono-cosmic-dream-en-satin-a-broderie-sur-les-epaules-et-les-manches\/\" \/>\n<meta property=\"og:locale\" content=\"fr_FR\" \/>\n<meta property=\"og:type\" content=\"article\" \/>\n<meta property=\"og:title\" content=\"Kimono en satin - Madame Sensuelle\" \/>\n<meta property=\"og:description\" content=\"Combinez \u00e9l\u00e9gance et commodit\u00e9 avec notre magnifique Kimono en satin broder pour un style sensuelle. D\u00e9couvrez le v\u00f4tre ! \ud83d\udc96\" \/>\n<meta property=\"og:url\" content=\"https:\/\/madame-sensuelle.paris\/fr\/product\/kimono-cosmic-dream-en-satin-a-broderie-sur-les-epaules-et-les-manches\/\" \/>\n<meta property=\"og:site_name\" content=\"Madame Sensuelle\" \/>\n<meta property=\"article:publisher\" content=\"https:\/\/www.facebook.com\/madamesensuelle\" \/>\n<meta property=\"article:modified_time\" content=\"2026-04-17T16:51:47+00:00\" \/>\n<meta property=\"og:image\" content=\"http:\/\/madame-sensuelle.paris\/wp-content\/uploads\/2025\/02\/XSHD1TJ61555.jpg\" \/>\n\t<meta property=\"og:image:width\" content=\"1600\" \/>\n\t<meta property=\"og:image:height\" content=\"2240\" \/>\n\t<meta property=\"og:image:type\" content=\"image\/jpeg\" \/>\n<meta name=\"twitter:card\" content=\"summary_large_image\" \/>\n<meta name=\"twitter:label1\" content=\"Dur\u00e9e de lecture estim\u00e9e\" \/>\n\t<meta name=\"twitter:data1\" content=\"2 minutes\" \/>\n<script type=\"application\/ld+json\" class=\"yoast-schema-graph\">{\"@context\":\"https:\\\/\\\/schema.org\",\"@graph\":[{\"@type\":\"WebPage\",\"@id\":\"https:\\\/\\\/madame-sensuelle.paris\\\/fr\\\/product\\\/kimono-cosmic-dream-en-satin-a-broderie-sur-les-epaules-et-les-manches\\\/\",\"url\":\"https:\\\/\\\/madame-sensuelle.paris\\\/fr\\\/product\\\/kimono-cosmic-dream-en-satin-a-broderie-sur-les-epaules-et-les-manches\\\/\",\"name\":\"Kimono en satin - Madame Sensuelle\",\"isPartOf\":{\"@id\":\"https:\\\/\\\/madame-sensuelle.paris\\\/fr\\\/#website\"},\"primaryImageOfPage\":{\"@id\":\"https:\\\/\\\/madame-sensuelle.paris\\\/fr\\\/product\\\/kimono-cosmic-dream-en-satin-a-broderie-sur-les-epaules-et-les-manches\\\/#primaryimage\"},\"image\":{\"@id\":\"https:\\\/\\\/madame-sensuelle.paris\\\/fr\\\/product\\\/kimono-cosmic-dream-en-satin-a-broderie-sur-les-epaules-et-les-manches\\\/#primaryimage\"},\"thumbnailUrl\":\"https:\\\/\\\/madame-sensuelle.paris\\\/wp-content\\\/uploads\\\/2025\\\/02\\\/XSHD1TJ61555.jpg\",\"datePublished\":\"2025-02-24T10:40:27+00:00\",\"dateModified\":\"2026-04-17T16:51:47+00:00\",\"description\":\"Combinez \u00e9l\u00e9gance et commodit\u00e9 avec notre magnifique Kimono en satin broder pour un style sensuelle. D\u00e9couvrez le v\u00f4tre ! \ud83d\udc96\",\"breadcrumb\":{\"@id\":\"https:\\\/\\\/madame-sensuelle.paris\\\/fr\\\/product\\\/kimono-cosmic-dream-en-satin-a-broderie-sur-les-epaules-et-les-manches\\\/#breadcrumb\"},\"inLanguage\":\"fr-FR\",\"potentialAction\":[{\"@type\":\"ReadAction\",\"target\":[\"https:\\\/\\\/madame-sensuelle.paris\\\/fr\\\/product\\\/kimono-cosmic-dream-en-satin-a-broderie-sur-les-epaules-et-les-manches\\\/\"]}]},{\"@type\":\"ImageObject\",\"inLanguage\":\"fr-FR\",\"@id\":\"https:\\\/\\\/madame-sensuelle.paris\\\/fr\\\/product\\\/kimono-cosmic-dream-en-satin-a-broderie-sur-les-epaules-et-les-manches\\\/#primaryimage\",\"url\":\"https:\\\/\\\/madame-sensuelle.paris\\\/wp-content\\\/uploads\\\/2025\\\/02\\\/XSHD1TJ61555.jpg\",\"contentUrl\":\"https:\\\/\\\/madame-sensuelle.paris\\\/wp-content\\\/uploads\\\/2025\\\/02\\\/XSHD1TJ61555.jpg\",\"width\":1600,\"height\":2240},{\"@type\":\"BreadcrumbList\",\"@id\":\"https:\\\/\\\/madame-sensuelle.paris\\\/fr\\\/product\\\/kimono-cosmic-dream-en-satin-a-broderie-sur-les-epaules-et-les-manches\\\/#breadcrumb\",\"itemListElement\":[{\"@type\":\"ListItem\",\"position\":1,\"name\":\"Acceuil\",\"item\":\"https:\\\/\\\/madame-sensuelle.paris\\\/fr\\\/\"},{\"@type\":\"ListItem\",\"position\":2,\"name\":\"Catalogue\",\"item\":\"https:\\\/\\\/madame-sensuelle.paris\\\/fr\\\/catalogue\\\/\"},{\"@type\":\"ListItem\",\"position\":3,\"name\":\"ATELIER AMOUR\",\"item\":\"https:\\\/\\\/madame-sensuelle.paris\\\/fr\\\/brand\\\/atelier-amour\\\/\"},{\"@type\":\"ListItem\",\"position\":4,\"name\":\"Kimono Cosmic Dream en satin \u00e0 broderie sur les \u00e9paules et les manches\"}]},{\"@type\":\"WebSite\",\"@id\":\"https:\\\/\\\/madame-sensuelle.paris\\\/fr\\\/#website\",\"url\":\"https:\\\/\\\/madame-sensuelle.paris\\\/fr\\\/\",\"name\":\"MADAME SENSUELLE\",\"description\":\"MADAME SENSUELLE: Found the biggest exciting brands of chic &amp; SEXY LINGERIE in Paris Boutique and on the WEB: Aubade, Dita Von Teese, Maison Close, Marjolaine, Bluebella, Atelier Amour, Luxxa, Catanzaro, Gracija Rim. You will found the big pleasure of sexy belt or bra make for you\",\"publisher\":{\"@id\":\"https:\\\/\\\/madame-sensuelle.paris\\\/fr\\\/#organization\"},\"potentialAction\":[{\"@type\":\"SearchAction\",\"target\":{\"@type\":\"EntryPoint\",\"urlTemplate\":\"https:\\\/\\\/madame-sensuelle.paris\\\/fr\\\/?s={search_term_string}\"},\"query-input\":{\"@type\":\"PropertyValueSpecification\",\"valueRequired\":true,\"valueName\":\"search_term_string\"}}],\"inLanguage\":\"fr-FR\"},{\"@type\":\"Organization\",\"@id\":\"https:\\\/\\\/madame-sensuelle.paris\\\/fr\\\/#organization\",\"name\":\"Madame Sensuelle\",\"url\":\"https:\\\/\\\/madame-sensuelle.paris\\\/fr\\\/\",\"logo\":{\"@type\":\"ImageObject\",\"inLanguage\":\"fr-FR\",\"@id\":\"https:\\\/\\\/madame-sensuelle.paris\\\/fr\\\/#\\\/schema\\\/logo\\\/image\\\/\",\"url\":\"https:\\\/\\\/madame-sensuelle.paris\\\/wp-content\\\/uploads\\\/2024\\\/12\\\/logo_a-1-1_696.webp\",\"contentUrl\":\"https:\\\/\\\/madame-sensuelle.paris\\\/wp-content\\\/uploads\\\/2024\\\/12\\\/logo_a-1-1_696.webp\",\"width\":696,\"height\":696,\"caption\":\"Madame Sensuelle\"},\"image\":{\"@id\":\"https:\\\/\\\/madame-sensuelle.paris\\\/fr\\\/#\\\/schema\\\/logo\\\/image\\\/\"},\"sameAs\":[\"https:\\\/\\\/www.facebook.com\\\/madamesensuelle\",\"https:\\\/\\\/www.instagram.com\\\/madame_sensuelle\\\/\"]}]}<\/script>\n<!-- \/ Yoast SEO plugin. -->","yoast_head_json":{"title":"Kimono en satin - Madame Sensuelle","description":"Combinez \u00e9l\u00e9gance et commodit\u00e9 avec notre magnifique Kimono en satin broder pour un style sensuelle. D\u00e9couvrez le v\u00f4tre ! \ud83d\udc96","robots":{"index":"index","follow":"follow","max-snippet":"max-snippet:-1","max-image-preview":"max-image-preview:large","max-video-preview":"max-video-preview:-1"},"canonical":"https:\/\/madame-sensuelle.paris\/fr\/product\/kimono-cosmic-dream-en-satin-a-broderie-sur-les-epaules-et-les-manches\/","og_locale":"fr_FR","og_type":"article","og_title":"Kimono en satin - Madame Sensuelle","og_description":"Combinez \u00e9l\u00e9gance et commodit\u00e9 avec notre magnifique Kimono en satin broder pour un style sensuelle. D\u00e9couvrez le v\u00f4tre ! \ud83d\udc96","og_url":"https:\/\/madame-sensuelle.paris\/fr\/product\/kimono-cosmic-dream-en-satin-a-broderie-sur-les-epaules-et-les-manches\/","og_site_name":"Madame Sensuelle","article_publisher":"https:\/\/www.facebook.com\/madamesensuelle","article_modified_time":"2026-04-17T16:51:47+00:00","og_image":[{"width":1600,"height":2240,"url":"http:\/\/madame-sensuelle.paris\/wp-content\/uploads\/2025\/02\/XSHD1TJ61555.jpg","type":"image\/jpeg"}],"twitter_card":"summary_large_image","twitter_misc":{"Dur\u00e9e de lecture estim\u00e9e":"2 minutes"},"schema":{"@context":"https:\/\/schema.org","@graph":[{"@type":"WebPage","@id":"https:\/\/madame-sensuelle.paris\/fr\/product\/kimono-cosmic-dream-en-satin-a-broderie-sur-les-epaules-et-les-manches\/","url":"https:\/\/madame-sensuelle.paris\/fr\/product\/kimono-cosmic-dream-en-satin-a-broderie-sur-les-epaules-et-les-manches\/","name":"Kimono en satin - Madame Sensuelle","isPartOf":{"@id":"https:\/\/madame-sensuelle.paris\/fr\/#website"},"primaryImageOfPage":{"@id":"https:\/\/madame-sensuelle.paris\/fr\/product\/kimono-cosmic-dream-en-satin-a-broderie-sur-les-epaules-et-les-manches\/#primaryimage"},"image":{"@id":"https:\/\/madame-sensuelle.paris\/fr\/product\/kimono-cosmic-dream-en-satin-a-broderie-sur-les-epaules-et-les-manches\/#primaryimage"},"thumbnailUrl":"https:\/\/madame-sensuelle.paris\/wp-content\/uploads\/2025\/02\/XSHD1TJ61555.jpg","datePublished":"2025-02-24T10:40:27+00:00","dateModified":"2026-04-17T16:51:47+00:00","description":"Combinez \u00e9l\u00e9gance et commodit\u00e9 avec notre magnifique Kimono en satin broder pour un style sensuelle. D\u00e9couvrez le v\u00f4tre ! \ud83d\udc96","breadcrumb":{"@id":"https:\/\/madame-sensuelle.paris\/fr\/product\/kimono-cosmic-dream-en-satin-a-broderie-sur-les-epaules-et-les-manches\/#breadcrumb"},"inLanguage":"fr-FR","potentialAction":[{"@type":"ReadAction","target":["https:\/\/madame-sensuelle.paris\/fr\/product\/kimono-cosmic-dream-en-satin-a-broderie-sur-les-epaules-et-les-manches\/"]}]},{"@type":"ImageObject","inLanguage":"fr-FR","@id":"https:\/\/madame-sensuelle.paris\/fr\/product\/kimono-cosmic-dream-en-satin-a-broderie-sur-les-epaules-et-les-manches\/#primaryimage","url":"https:\/\/madame-sensuelle.paris\/wp-content\/uploads\/2025\/02\/XSHD1TJ61555.jpg","contentUrl":"https:\/\/madame-sensuelle.paris\/wp-content\/uploads\/2025\/02\/XSHD1TJ61555.jpg","width":1600,"height":2240},{"@type":"BreadcrumbList","@id":"https:\/\/madame-sensuelle.paris\/fr\/product\/kimono-cosmic-dream-en-satin-a-broderie-sur-les-epaules-et-les-manches\/#breadcrumb","itemListElement":[{"@type":"ListItem","position":1,"name":"Acceuil","item":"https:\/\/madame-sensuelle.paris\/fr\/"},{"@type":"ListItem","position":2,"name":"Catalogue","item":"https:\/\/madame-sensuelle.paris\/fr\/catalogue\/"},{"@type":"ListItem","position":3,"name":"ATELIER AMOUR","item":"https:\/\/madame-sensuelle.paris\/fr\/brand\/atelier-amour\/"},{"@type":"ListItem","position":4,"name":"Kimono Cosmic Dream en satin \u00e0 broderie sur les \u00e9paules et les manches"}]},{"@type":"WebSite","@id":"https:\/\/madame-sensuelle.paris\/fr\/#website","url":"https:\/\/madame-sensuelle.paris\/fr\/","name":"MADAME SENSUELLE","description":"MADAME SENSUELLE: Found the biggest exciting brands of chic &amp; SEXY LINGERIE in Paris Boutique and on the WEB: Aubade, Dita Von Teese, Maison Close, Marjolaine, Bluebella, Atelier Amour, Luxxa, Catanzaro, Gracija Rim. You will found the big pleasure of sexy belt or bra make for you","publisher":{"@id":"https:\/\/madame-sensuelle.paris\/fr\/#organization"},"potentialAction":[{"@type":"SearchAction","target":{"@type":"EntryPoint","urlTemplate":"https:\/\/madame-sensuelle.paris\/fr\/?s={search_term_string}"},"query-input":{"@type":"PropertyValueSpecification","valueRequired":true,"valueName":"search_term_string"}}],"inLanguage":"fr-FR"},{"@type":"Organization","@id":"https:\/\/madame-sensuelle.paris\/fr\/#organization","name":"Madame Sensuelle","url":"https:\/\/madame-sensuelle.paris\/fr\/","logo":{"@type":"ImageObject","inLanguage":"fr-FR","@id":"https:\/\/madame-sensuelle.paris\/fr\/#\/schema\/logo\/image\/","url":"https:\/\/madame-sensuelle.paris\/wp-content\/uploads\/2024\/12\/logo_a-1-1_696.webp","contentUrl":"https:\/\/madame-sensuelle.paris\/wp-content\/uploads\/2024\/12\/logo_a-1-1_696.webp","width":696,"height":696,"caption":"Madame Sensuelle"},"image":{"@id":"https:\/\/madame-sensuelle.paris\/fr\/#\/schema\/logo\/image\/"},"sameAs":["https:\/\/www.facebook.com\/madamesensuelle","https:\/\/www.instagram.com\/madame_sensuelle\/"]}]}},"brands":[{"id":2785,"name":"ATELIER AMOUR","slug":"atelier-amour"}],"_links":{"self":[{"href":"https:\/\/madame-sensuelle.paris\/fr\/wp-json\/wp\/v2\/product\/116292","targetHints":{"allow":["GET"]}}],"collection":[{"href":"https:\/\/madame-sensuelle.paris\/fr\/wp-json\/wp\/v2\/product"}],"about":[{"href":"https:\/\/madame-sensuelle.paris\/fr\/wp-json\/wp\/v2\/types\/product"}],"version-history":[{"count":1,"href":"https:\/\/madame-sensuelle.paris\/fr\/wp-json\/wp\/v2\/product\/116292\/revisions"}],"predecessor-version":[{"id":121539,"href":"https:\/\/madame-sensuelle.paris\/fr\/wp-json\/wp\/v2\/product\/116292\/revisions\/121539"}],"wp:featuredmedia":[{"embeddable":true,"href":"https:\/\/madame-sensuelle.paris\/fr\/wp-json\/wp\/v2\/media\/116286"}],"wp:attachment":[{"href":"https:\/\/madame-sensuelle.paris\/fr\/wp-json\/wp\/v2\/media?parent=116292"}],"wp:term":[{"taxonomy":"pwb-brand","embeddable":true,"href":"https:\/\/madame-sensuelle.paris\/fr\/wp-json\/wp\/v2\/pwb-brand?post=116292"},{"taxonomy":"product_brand","embeddable":true,"href":"https:\/\/madame-sensuelle.paris\/fr\/wp-json\/wp\/v2\/product_brand?post=116292"},{"taxonomy":"product_cat","embeddable":true,"href":"https:\/\/madame-sensuelle.paris\/fr\/wp-json\/wp\/v2\/product_cat?post=116292"},{"taxonomy":"product_tag","embeddable":true,"href":"https:\/\/madame-sensuelle.paris\/fr\/wp-json\/wp\/v2\/product_tag?post=116292"},{"taxonomy":"giftcard-category","embeddable":true,"href":"https:\/\/madame-sensuelle.paris\/fr\/wp-json\/wp\/v2\/giftcard-category?post=116292"}],"curies":[{"name":"wp","href":"https:\/\/api.w.org\/{rel}","templated":true}]}}