{"id":117518,"date":"2025-04-04T16:54:10","date_gmt":"2025-04-04T16:54:10","guid":{"rendered":"https:\/\/madame-sensuelle.paris\/product\/nuisette-portia-a-pois-delicate-a-decollete-plongeant\/"},"modified":"2026-03-29T14:10:29","modified_gmt":"2026-03-29T14:10:29","slug":"nuisette-portia-a-pois-delicate-a-decollete-plongeant","status":"publish","type":"product","link":"https:\/\/madame-sensuelle.paris\/fr\/product\/nuisette-portia-a-pois-delicate-a-decollete-plongeant\/","title":{"rendered":"Nuisette Portia \u00e0 pois d\u00e9licate \u00e0 d\u00e9collet\u00e9 plongeant"},"content":{"rendered":"<p>Nuisette Portia \u00e0 pois d\u00e9licate \u00e0 d\u00e9collet\u00e9 plongeant<\/p>\n","protected":false},"excerpt":{"rendered":"<p>Nuisette Portia \u00e0 pois d\u00e9licate \u00e0 d\u00e9collet\u00e9 plongeant<\/p>\n","protected":false},"featured_media":117512,"template":"","meta":[],"pwb-brand":[2763],"product_brand":[],"product_cat":[1205,2475],"product_tag":[],"giftcard-category":[],"class_list":{"0":"post-117518","1":"product","2":"type-product","3":"status-publish","4":"has-post-thumbnail","6":"pwb-brand-oh-la-la-cheri","7":"product_cat-nuit-et-homewear","8":"product_cat-nuisette-sexy-et-babydoll","10":"first","11":"instock","12":"taxable","13":"shipping-taxable","14":"purchasable","15":"product-type-variable","16":"has-default-attributes"},"yoast_head":"<!-- This site is optimized with the Yoast SEO plugin v27.4 - https:\/\/yoast.com\/product\/yoast-seo-wordpress\/ -->\n<title>Nuisette Portia \u00e0 pois d\u00e9licate \u00e0 d\u00e9collet\u00e9 plongeant \u2013 OH LA LA CHERI - Madame Sensuelle<\/title>\n<meta name=\"description\" content=\"cliquer pour visionner l&#039;article : Nuisette Portia \u00e0 pois d\u00e9licate \u00e0 d\u00e9collet\u00e9 plongeant La nuisette Portia charme d\u00e8s le premier regard gr\u00e2ce \u00e0 son tissu l\u00e9ger orn\u00e9 de fins pois d\u00e9licats, jouant subtilement entre transparence et douceur. Sa coupe fluide \u00e9pouse les formes avec gr\u00e2ce, tandis que son d\u00e9collet\u00e9 plongeant sublime le buste et attire le regard avec raffinement.Pens\u00e9e pour allier confort et s\u00e9duction, Portia est une pi\u00e8ce f\u00e9minine, \u00e9l\u00e9gante et r\u00e9solument sensuelle \u2014 parfaite pour celles qui aiment conjuguer d\u00e9licatesse et audace.\" \/>\n<meta name=\"robots\" content=\"index, follow, max-snippet:-1, max-image-preview:large, max-video-preview:-1\" \/>\n<link rel=\"canonical\" href=\"https:\/\/madame-sensuelle.paris\/fr\/product\/nuisette-portia-a-pois-delicate-a-decollete-plongeant\/\" \/>\n<meta property=\"og:locale\" content=\"fr_FR\" \/>\n<meta property=\"og:type\" content=\"article\" \/>\n<meta property=\"og:title\" content=\"Nuisette Portia \u00e0 pois d\u00e9licate \u00e0 d\u00e9collet\u00e9 plongeant \u2013 OH LA LA CHERI - Madame Sensuelle\" \/>\n<meta property=\"og:description\" content=\"cliquer pour visionner l&#039;article : Nuisette Portia \u00e0 pois d\u00e9licate \u00e0 d\u00e9collet\u00e9 plongeant La nuisette Portia charme d\u00e8s le premier regard gr\u00e2ce \u00e0 son tissu l\u00e9ger orn\u00e9 de fins pois d\u00e9licats, jouant subtilement entre transparence et douceur. Sa coupe fluide \u00e9pouse les formes avec gr\u00e2ce, tandis que son d\u00e9collet\u00e9 plongeant sublime le buste et attire le regard avec raffinement.Pens\u00e9e pour allier confort et s\u00e9duction, Portia est une pi\u00e8ce f\u00e9minine, \u00e9l\u00e9gante et r\u00e9solument sensuelle \u2014 parfaite pour celles qui aiment conjuguer d\u00e9licatesse et audace.\" \/>\n<meta property=\"og:url\" content=\"https:\/\/madame-sensuelle.paris\/fr\/product\/nuisette-portia-a-pois-delicate-a-decollete-plongeant\/\" \/>\n<meta property=\"og:site_name\" content=\"Madame Sensuelle\" \/>\n<meta property=\"article:publisher\" content=\"https:\/\/www.facebook.com\/madamesensuelle\" \/>\n<meta property=\"article:modified_time\" content=\"2026-03-29T14:10:29+00:00\" \/>\n<meta property=\"og:image\" content=\"http:\/\/madame-sensuelle.paris\/wp-content\/uploads\/2025\/04\/XSHD1TJ61680.jpg\" \/>\n\t<meta property=\"og:image:width\" content=\"1500\" \/>\n\t<meta property=\"og:image:height\" content=\"2000\" \/>\n\t<meta property=\"og:image:type\" content=\"image\/jpeg\" \/>\n<meta name=\"twitter:card\" content=\"summary_large_image\" \/>\n<meta name=\"twitter:label1\" content=\"Dur\u00e9e de lecture estim\u00e9e\" \/>\n\t<meta name=\"twitter:data1\" content=\"1 minute\" \/>\n<script type=\"application\/ld+json\" class=\"yoast-schema-graph\">{\"@context\":\"https:\\\/\\\/schema.org\",\"@graph\":[{\"@type\":\"WebPage\",\"@id\":\"https:\\\/\\\/madame-sensuelle.paris\\\/fr\\\/product\\\/nuisette-portia-a-pois-delicate-a-decollete-plongeant\\\/\",\"url\":\"https:\\\/\\\/madame-sensuelle.paris\\\/fr\\\/product\\\/nuisette-portia-a-pois-delicate-a-decollete-plongeant\\\/\",\"name\":\"Nuisette Portia \u00e0 pois d\u00e9licate \u00e0 d\u00e9collet\u00e9 plongeant \u2013 OH LA LA CHERI - Madame Sensuelle\",\"isPartOf\":{\"@id\":\"https:\\\/\\\/madame-sensuelle.paris\\\/fr\\\/#website\"},\"primaryImageOfPage\":{\"@id\":\"https:\\\/\\\/madame-sensuelle.paris\\\/fr\\\/product\\\/nuisette-portia-a-pois-delicate-a-decollete-plongeant\\\/#primaryimage\"},\"image\":{\"@id\":\"https:\\\/\\\/madame-sensuelle.paris\\\/fr\\\/product\\\/nuisette-portia-a-pois-delicate-a-decollete-plongeant\\\/#primaryimage\"},\"thumbnailUrl\":\"https:\\\/\\\/madame-sensuelle.paris\\\/wp-content\\\/uploads\\\/2025\\\/04\\\/XSHD1TJ61680.jpg\",\"datePublished\":\"2025-04-04T16:54:10+00:00\",\"dateModified\":\"2026-03-29T14:10:29+00:00\",\"description\":\"cliquer pour visionner l'article : Nuisette Portia \u00e0 pois d\u00e9licate \u00e0 d\u00e9collet\u00e9 plongeant La nuisette Portia charme d\u00e8s le premier regard gr\u00e2ce \u00e0 son tissu l\u00e9ger orn\u00e9 de fins pois d\u00e9licats, jouant subtilement entre transparence et douceur. Sa coupe fluide \u00e9pouse les formes avec gr\u00e2ce, tandis que son d\u00e9collet\u00e9 plongeant sublime le buste et attire le regard avec raffinement.Pens\u00e9e pour allier confort et s\u00e9duction, Portia est une pi\u00e8ce f\u00e9minine, \u00e9l\u00e9gante et r\u00e9solument sensuelle \u2014 parfaite pour celles qui aiment conjuguer d\u00e9licatesse et audace.\",\"breadcrumb\":{\"@id\":\"https:\\\/\\\/madame-sensuelle.paris\\\/fr\\\/product\\\/nuisette-portia-a-pois-delicate-a-decollete-plongeant\\\/#breadcrumb\"},\"inLanguage\":\"fr-FR\",\"potentialAction\":[{\"@type\":\"ReadAction\",\"target\":[\"https:\\\/\\\/madame-sensuelle.paris\\\/fr\\\/product\\\/nuisette-portia-a-pois-delicate-a-decollete-plongeant\\\/\"]}]},{\"@type\":\"ImageObject\",\"inLanguage\":\"fr-FR\",\"@id\":\"https:\\\/\\\/madame-sensuelle.paris\\\/fr\\\/product\\\/nuisette-portia-a-pois-delicate-a-decollete-plongeant\\\/#primaryimage\",\"url\":\"https:\\\/\\\/madame-sensuelle.paris\\\/wp-content\\\/uploads\\\/2025\\\/04\\\/XSHD1TJ61680.jpg\",\"contentUrl\":\"https:\\\/\\\/madame-sensuelle.paris\\\/wp-content\\\/uploads\\\/2025\\\/04\\\/XSHD1TJ61680.jpg\",\"width\":1500,\"height\":2000},{\"@type\":\"BreadcrumbList\",\"@id\":\"https:\\\/\\\/madame-sensuelle.paris\\\/fr\\\/product\\\/nuisette-portia-a-pois-delicate-a-decollete-plongeant\\\/#breadcrumb\",\"itemListElement\":[{\"@type\":\"ListItem\",\"position\":1,\"name\":\"Acceuil\",\"item\":\"https:\\\/\\\/madame-sensuelle.paris\\\/fr\\\/\"},{\"@type\":\"ListItem\",\"position\":2,\"name\":\"Catalogue\",\"item\":\"https:\\\/\\\/madame-sensuelle.paris\\\/fr\\\/catalogue\\\/\"},{\"@type\":\"ListItem\",\"position\":3,\"name\":\"OH LA LA CHERI\",\"item\":\"https:\\\/\\\/madame-sensuelle.paris\\\/fr\\\/brand\\\/oh-la-la-cheri\\\/\"},{\"@type\":\"ListItem\",\"position\":4,\"name\":\"Nuisette Portia \u00e0 pois d\u00e9licate \u00e0 d\u00e9collet\u00e9 plongeant\"}]},{\"@type\":\"WebSite\",\"@id\":\"https:\\\/\\\/madame-sensuelle.paris\\\/fr\\\/#website\",\"url\":\"https:\\\/\\\/madame-sensuelle.paris\\\/fr\\\/\",\"name\":\"MADAME SENSUELLE\",\"description\":\"MADAME SENSUELLE: Found the biggest exciting brands of chic &amp; SEXY LINGERIE in Paris Boutique and on the WEB: Aubade, Dita Von Teese, Maison Close, Marjolaine, Bluebella, Atelier Amour, Luxxa, Catanzaro, Gracija Rim. You will found the big pleasure of sexy belt or bra make for you\",\"publisher\":{\"@id\":\"https:\\\/\\\/madame-sensuelle.paris\\\/fr\\\/#organization\"},\"potentialAction\":[{\"@type\":\"SearchAction\",\"target\":{\"@type\":\"EntryPoint\",\"urlTemplate\":\"https:\\\/\\\/madame-sensuelle.paris\\\/fr\\\/?s={search_term_string}\"},\"query-input\":{\"@type\":\"PropertyValueSpecification\",\"valueRequired\":true,\"valueName\":\"search_term_string\"}}],\"inLanguage\":\"fr-FR\"},{\"@type\":\"Organization\",\"@id\":\"https:\\\/\\\/madame-sensuelle.paris\\\/fr\\\/#organization\",\"name\":\"Madame Sensuelle\",\"url\":\"https:\\\/\\\/madame-sensuelle.paris\\\/fr\\\/\",\"logo\":{\"@type\":\"ImageObject\",\"inLanguage\":\"fr-FR\",\"@id\":\"https:\\\/\\\/madame-sensuelle.paris\\\/fr\\\/#\\\/schema\\\/logo\\\/image\\\/\",\"url\":\"https:\\\/\\\/madame-sensuelle.paris\\\/wp-content\\\/uploads\\\/2024\\\/12\\\/logo_a-1-1_696.webp\",\"contentUrl\":\"https:\\\/\\\/madame-sensuelle.paris\\\/wp-content\\\/uploads\\\/2024\\\/12\\\/logo_a-1-1_696.webp\",\"width\":696,\"height\":696,\"caption\":\"Madame Sensuelle\"},\"image\":{\"@id\":\"https:\\\/\\\/madame-sensuelle.paris\\\/fr\\\/#\\\/schema\\\/logo\\\/image\\\/\"},\"sameAs\":[\"https:\\\/\\\/www.facebook.com\\\/madamesensuelle\",\"https:\\\/\\\/www.instagram.com\\\/madame_sensuelle\\\/\"]}]}<\/script>\n<!-- \/ Yoast SEO plugin. -->","yoast_head_json":{"title":"Nuisette Portia \u00e0 pois d\u00e9licate \u00e0 d\u00e9collet\u00e9 plongeant \u2013 OH LA LA CHERI - Madame Sensuelle","description":"cliquer pour visionner l'article : Nuisette Portia \u00e0 pois d\u00e9licate \u00e0 d\u00e9collet\u00e9 plongeant La nuisette Portia charme d\u00e8s le premier regard gr\u00e2ce \u00e0 son tissu l\u00e9ger orn\u00e9 de fins pois d\u00e9licats, jouant subtilement entre transparence et douceur. Sa coupe fluide \u00e9pouse les formes avec gr\u00e2ce, tandis que son d\u00e9collet\u00e9 plongeant sublime le buste et attire le regard avec raffinement.Pens\u00e9e pour allier confort et s\u00e9duction, Portia est une pi\u00e8ce f\u00e9minine, \u00e9l\u00e9gante et r\u00e9solument sensuelle \u2014 parfaite pour celles qui aiment conjuguer d\u00e9licatesse et audace.","robots":{"index":"index","follow":"follow","max-snippet":"max-snippet:-1","max-image-preview":"max-image-preview:large","max-video-preview":"max-video-preview:-1"},"canonical":"https:\/\/madame-sensuelle.paris\/fr\/product\/nuisette-portia-a-pois-delicate-a-decollete-plongeant\/","og_locale":"fr_FR","og_type":"article","og_title":"Nuisette Portia \u00e0 pois d\u00e9licate \u00e0 d\u00e9collet\u00e9 plongeant \u2013 OH LA LA CHERI - Madame Sensuelle","og_description":"cliquer pour visionner l'article : Nuisette Portia \u00e0 pois d\u00e9licate \u00e0 d\u00e9collet\u00e9 plongeant La nuisette Portia charme d\u00e8s le premier regard gr\u00e2ce \u00e0 son tissu l\u00e9ger orn\u00e9 de fins pois d\u00e9licats, jouant subtilement entre transparence et douceur. Sa coupe fluide \u00e9pouse les formes avec gr\u00e2ce, tandis que son d\u00e9collet\u00e9 plongeant sublime le buste et attire le regard avec raffinement.Pens\u00e9e pour allier confort et s\u00e9duction, Portia est une pi\u00e8ce f\u00e9minine, \u00e9l\u00e9gante et r\u00e9solument sensuelle \u2014 parfaite pour celles qui aiment conjuguer d\u00e9licatesse et audace.","og_url":"https:\/\/madame-sensuelle.paris\/fr\/product\/nuisette-portia-a-pois-delicate-a-decollete-plongeant\/","og_site_name":"Madame Sensuelle","article_publisher":"https:\/\/www.facebook.com\/madamesensuelle","article_modified_time":"2026-03-29T14:10:29+00:00","og_image":[{"width":1500,"height":2000,"url":"http:\/\/madame-sensuelle.paris\/wp-content\/uploads\/2025\/04\/XSHD1TJ61680.jpg","type":"image\/jpeg"}],"twitter_card":"summary_large_image","twitter_misc":{"Dur\u00e9e de lecture estim\u00e9e":"1 minute"},"schema":{"@context":"https:\/\/schema.org","@graph":[{"@type":"WebPage","@id":"https:\/\/madame-sensuelle.paris\/fr\/product\/nuisette-portia-a-pois-delicate-a-decollete-plongeant\/","url":"https:\/\/madame-sensuelle.paris\/fr\/product\/nuisette-portia-a-pois-delicate-a-decollete-plongeant\/","name":"Nuisette Portia \u00e0 pois d\u00e9licate \u00e0 d\u00e9collet\u00e9 plongeant \u2013 OH LA LA CHERI - Madame Sensuelle","isPartOf":{"@id":"https:\/\/madame-sensuelle.paris\/fr\/#website"},"primaryImageOfPage":{"@id":"https:\/\/madame-sensuelle.paris\/fr\/product\/nuisette-portia-a-pois-delicate-a-decollete-plongeant\/#primaryimage"},"image":{"@id":"https:\/\/madame-sensuelle.paris\/fr\/product\/nuisette-portia-a-pois-delicate-a-decollete-plongeant\/#primaryimage"},"thumbnailUrl":"https:\/\/madame-sensuelle.paris\/wp-content\/uploads\/2025\/04\/XSHD1TJ61680.jpg","datePublished":"2025-04-04T16:54:10+00:00","dateModified":"2026-03-29T14:10:29+00:00","description":"cliquer pour visionner l'article : Nuisette Portia \u00e0 pois d\u00e9licate \u00e0 d\u00e9collet\u00e9 plongeant La nuisette Portia charme d\u00e8s le premier regard gr\u00e2ce \u00e0 son tissu l\u00e9ger orn\u00e9 de fins pois d\u00e9licats, jouant subtilement entre transparence et douceur. Sa coupe fluide \u00e9pouse les formes avec gr\u00e2ce, tandis que son d\u00e9collet\u00e9 plongeant sublime le buste et attire le regard avec raffinement.Pens\u00e9e pour allier confort et s\u00e9duction, Portia est une pi\u00e8ce f\u00e9minine, \u00e9l\u00e9gante et r\u00e9solument sensuelle \u2014 parfaite pour celles qui aiment conjuguer d\u00e9licatesse et audace.","breadcrumb":{"@id":"https:\/\/madame-sensuelle.paris\/fr\/product\/nuisette-portia-a-pois-delicate-a-decollete-plongeant\/#breadcrumb"},"inLanguage":"fr-FR","potentialAction":[{"@type":"ReadAction","target":["https:\/\/madame-sensuelle.paris\/fr\/product\/nuisette-portia-a-pois-delicate-a-decollete-plongeant\/"]}]},{"@type":"ImageObject","inLanguage":"fr-FR","@id":"https:\/\/madame-sensuelle.paris\/fr\/product\/nuisette-portia-a-pois-delicate-a-decollete-plongeant\/#primaryimage","url":"https:\/\/madame-sensuelle.paris\/wp-content\/uploads\/2025\/04\/XSHD1TJ61680.jpg","contentUrl":"https:\/\/madame-sensuelle.paris\/wp-content\/uploads\/2025\/04\/XSHD1TJ61680.jpg","width":1500,"height":2000},{"@type":"BreadcrumbList","@id":"https:\/\/madame-sensuelle.paris\/fr\/product\/nuisette-portia-a-pois-delicate-a-decollete-plongeant\/#breadcrumb","itemListElement":[{"@type":"ListItem","position":1,"name":"Acceuil","item":"https:\/\/madame-sensuelle.paris\/fr\/"},{"@type":"ListItem","position":2,"name":"Catalogue","item":"https:\/\/madame-sensuelle.paris\/fr\/catalogue\/"},{"@type":"ListItem","position":3,"name":"OH LA LA CHERI","item":"https:\/\/madame-sensuelle.paris\/fr\/brand\/oh-la-la-cheri\/"},{"@type":"ListItem","position":4,"name":"Nuisette Portia \u00e0 pois d\u00e9licate \u00e0 d\u00e9collet\u00e9 plongeant"}]},{"@type":"WebSite","@id":"https:\/\/madame-sensuelle.paris\/fr\/#website","url":"https:\/\/madame-sensuelle.paris\/fr\/","name":"MADAME SENSUELLE","description":"MADAME SENSUELLE: Found the biggest exciting brands of chic &amp; SEXY LINGERIE in Paris Boutique and on the WEB: Aubade, Dita Von Teese, Maison Close, Marjolaine, Bluebella, Atelier Amour, Luxxa, Catanzaro, Gracija Rim. You will found the big pleasure of sexy belt or bra make for you","publisher":{"@id":"https:\/\/madame-sensuelle.paris\/fr\/#organization"},"potentialAction":[{"@type":"SearchAction","target":{"@type":"EntryPoint","urlTemplate":"https:\/\/madame-sensuelle.paris\/fr\/?s={search_term_string}"},"query-input":{"@type":"PropertyValueSpecification","valueRequired":true,"valueName":"search_term_string"}}],"inLanguage":"fr-FR"},{"@type":"Organization","@id":"https:\/\/madame-sensuelle.paris\/fr\/#organization","name":"Madame Sensuelle","url":"https:\/\/madame-sensuelle.paris\/fr\/","logo":{"@type":"ImageObject","inLanguage":"fr-FR","@id":"https:\/\/madame-sensuelle.paris\/fr\/#\/schema\/logo\/image\/","url":"https:\/\/madame-sensuelle.paris\/wp-content\/uploads\/2024\/12\/logo_a-1-1_696.webp","contentUrl":"https:\/\/madame-sensuelle.paris\/wp-content\/uploads\/2024\/12\/logo_a-1-1_696.webp","width":696,"height":696,"caption":"Madame Sensuelle"},"image":{"@id":"https:\/\/madame-sensuelle.paris\/fr\/#\/schema\/logo\/image\/"},"sameAs":["https:\/\/www.facebook.com\/madamesensuelle","https:\/\/www.instagram.com\/madame_sensuelle\/"]}]}},"brands":[{"id":2763,"name":"OH LA LA CHERI","slug":"oh-la-la-cheri"}],"_links":{"self":[{"href":"https:\/\/madame-sensuelle.paris\/fr\/wp-json\/wp\/v2\/product\/117518","targetHints":{"allow":["GET"]}}],"collection":[{"href":"https:\/\/madame-sensuelle.paris\/fr\/wp-json\/wp\/v2\/product"}],"about":[{"href":"https:\/\/madame-sensuelle.paris\/fr\/wp-json\/wp\/v2\/types\/product"}],"version-history":[{"count":1,"href":"https:\/\/madame-sensuelle.paris\/fr\/wp-json\/wp\/v2\/product\/117518\/revisions"}],"predecessor-version":[{"id":120229,"href":"https:\/\/madame-sensuelle.paris\/fr\/wp-json\/wp\/v2\/product\/117518\/revisions\/120229"}],"wp:featuredmedia":[{"embeddable":true,"href":"https:\/\/madame-sensuelle.paris\/fr\/wp-json\/wp\/v2\/media\/117512"}],"wp:attachment":[{"href":"https:\/\/madame-sensuelle.paris\/fr\/wp-json\/wp\/v2\/media?parent=117518"}],"wp:term":[{"taxonomy":"pwb-brand","embeddable":true,"href":"https:\/\/madame-sensuelle.paris\/fr\/wp-json\/wp\/v2\/pwb-brand?post=117518"},{"taxonomy":"product_brand","embeddable":true,"href":"https:\/\/madame-sensuelle.paris\/fr\/wp-json\/wp\/v2\/product_brand?post=117518"},{"taxonomy":"product_cat","embeddable":true,"href":"https:\/\/madame-sensuelle.paris\/fr\/wp-json\/wp\/v2\/product_cat?post=117518"},{"taxonomy":"product_tag","embeddable":true,"href":"https:\/\/madame-sensuelle.paris\/fr\/wp-json\/wp\/v2\/product_tag?post=117518"},{"taxonomy":"giftcard-category","embeddable":true,"href":"https:\/\/madame-sensuelle.paris\/fr\/wp-json\/wp\/v2\/giftcard-category?post=117518"}],"curies":[{"name":"wp","href":"https:\/\/api.w.org\/{rel}","templated":true}]}}