{"id":117662,"date":"2025-04-05T13:51:49","date_gmt":"2025-04-05T13:51:49","guid":{"rendered":"https:\/\/madame-sensuelle.paris\/product\/string-cosmic-dream-en-broderie-graphique\/"},"modified":"2026-05-02T18:10:40","modified_gmt":"2026-05-02T18:10:40","slug":"string-cosmic-dream-en-broderie-graphique","status":"publish","type":"product","link":"https:\/\/madame-sensuelle.paris\/fr\/product\/string-cosmic-dream-en-broderie-graphique\/","title":{"rendered":"String Cosmic Dream en broderie graphique"},"content":{"rendered":"<ul>\n<li data-start=\"125\" data-end=\"273\">Laisse-toi s\u00e9duire par la l\u00e9g\u00e8ret\u00e9 envo\u00fbtante du string Cosmic Dream. Cette pi\u00e8ce de lingerie fine sublime la silhouette avec audace et d\u00e9licatesse.<\/li>\n<li data-start=\"275\" data-end=\"494\">Sa coupe tr\u00e8s \u00e9chancr\u00e9e allonge la jambe. Elle d\u00e9voile juste ce qu\u2019il faut. Les liens r\u00e9glables et extensibles sur les c\u00f4t\u00e9s assurent un ajustement parfait. Ils offrent un confort qui \u00e9pouse tes formes \u00e0 chaque instant.<\/li>\n<li data-start=\"496\" data-end=\"658\">La broderie graphique sur tulle transparent joue sur la suggestion avec raffinement. De petits bijoux cuivr\u00e9s viennent illuminer la taille d\u2019une touche pr\u00e9cieuse.<\/li>\n<li data-start=\"660\" data-end=\"808\">\u00c0 l\u2019entrejambe, un empi\u00e8cement en tulle extensible apporte douceur et souplesse. Le fond est doubl\u00e9 100 % coton pour un confort intime au quotidien.<\/li>\n<\/ul>\n<p data-start=\"810\" data-end=\"953\">Ce string sensuel se porte seul ou avec les autres pi\u00e8ces de la collection Cosmic Dream. Il compose un ensemble \u00e0 la fois raffin\u00e9 et audacieux<\/p>\n","protected":false},"excerpt":{"rendered":"<p>Laisse-toi s\u00e9duire par la l\u00e9g\u00e8ret\u00e9 envo\u00fbtante du string Cosmic Dream. Cette pi\u00e8ce de lingerie fine sublime la silhouette avec audace et d\u00e9licatesse. Sa coupe tr\u00e8s \u00e9chancr\u00e9e allonge la jambe. Elle d\u00e9voile juste ce qu\u2019il faut. Les liens r\u00e9glables et extensibles sur les c\u00f4t\u00e9s assurent un ajustement parfait. Ils offrent un confort qui \u00e9pouse tes formes<\/p>\n","protected":false},"featured_media":117650,"template":"","meta":[],"pwb-brand":[2785],"product_brand":[],"product_cat":[1234,1270,1245,3367],"product_tag":[],"giftcard-category":[],"class_list":{"0":"post-117662","1":"product","2":"type-product","3":"status-publish","4":"has-post-thumbnail","6":"pwb-brand-atelier-amour","7":"product_cat-string-ouvert","8":"product_cat-culottes-sexy","9":"product_cat-lingerie-sexy-femme-erotique-et-glamour","10":"product_cat-show-main","11":"pa_collection-cosmic-dream","13":"first","14":"instock","15":"taxable","16":"shipping-taxable","17":"purchasable","18":"product-type-variable","19":"has-default-attributes"},"yoast_head":"<!-- This site is optimized with the Yoast SEO plugin v27.5 - https:\/\/yoast.com\/product\/yoast-seo-wordpress\/ -->\n<title>String Cosmic Dream en broderie graphique \u2013 ATELIER AMOUR - Madame Sensuelle<\/title>\n<meta name=\"description\" content=\"Rehaussez votre collection de lingerie avec le string brod\u00e9e Cosmic Dream. Profitez d&#039;un m\u00e9lange parfait de confort et d&#039;\u00e9l\u00e9gance \u00e9poustouflant ! \u2728\" \/>\n<meta name=\"robots\" content=\"index, follow, max-snippet:-1, max-image-preview:large, max-video-preview:-1\" \/>\n<link rel=\"canonical\" href=\"https:\/\/madame-sensuelle.paris\/fr\/product\/string-cosmic-dream-en-broderie-graphique\/\" \/>\n<meta property=\"og:locale\" content=\"fr_FR\" \/>\n<meta property=\"og:type\" content=\"article\" \/>\n<meta property=\"og:title\" content=\"String Cosmic Dream en broderie graphique \u2013 ATELIER AMOUR - Madame Sensuelle\" \/>\n<meta property=\"og:description\" content=\"Rehaussez votre collection de lingerie avec le string brod\u00e9e Cosmic Dream. Profitez d&#039;un m\u00e9lange parfait de confort et d&#039;\u00e9l\u00e9gance \u00e9poustouflant ! \u2728\" \/>\n<meta property=\"og:url\" content=\"https:\/\/madame-sensuelle.paris\/fr\/product\/string-cosmic-dream-en-broderie-graphique\/\" \/>\n<meta property=\"og:site_name\" content=\"Madame Sensuelle\" \/>\n<meta property=\"article:publisher\" content=\"https:\/\/www.facebook.com\/madamesensuelle\" \/>\n<meta property=\"article:modified_time\" content=\"2026-05-02T18:10:40+00:00\" \/>\n<meta property=\"og:image\" content=\"http:\/\/madame-sensuelle.paris\/wp-content\/uploads\/2025\/04\/XSHD1TJ61719.webp\" \/>\n\t<meta property=\"og:image:width\" content=\"800\" \/>\n\t<meta property=\"og:image:height\" content=\"1133\" \/>\n\t<meta property=\"og:image:type\" content=\"image\/webp\" \/>\n<meta name=\"twitter:card\" content=\"summary_large_image\" \/>\n<meta name=\"twitter:label1\" content=\"Dur\u00e9e de lecture estim\u00e9e\" \/>\n\t<meta name=\"twitter:data1\" content=\"2 minutes\" \/>\n<script type=\"application\/ld+json\" class=\"yoast-schema-graph\">{\"@context\":\"https:\\\/\\\/schema.org\",\"@graph\":[{\"@type\":\"WebPage\",\"@id\":\"https:\\\/\\\/madame-sensuelle.paris\\\/fr\\\/product\\\/string-cosmic-dream-en-broderie-graphique\\\/\",\"url\":\"https:\\\/\\\/madame-sensuelle.paris\\\/fr\\\/product\\\/string-cosmic-dream-en-broderie-graphique\\\/\",\"name\":\"String Cosmic Dream en broderie graphique \u2013 ATELIER AMOUR - Madame Sensuelle\",\"isPartOf\":{\"@id\":\"https:\\\/\\\/madame-sensuelle.paris\\\/fr\\\/#website\"},\"primaryImageOfPage\":{\"@id\":\"https:\\\/\\\/madame-sensuelle.paris\\\/fr\\\/product\\\/string-cosmic-dream-en-broderie-graphique\\\/#primaryimage\"},\"image\":{\"@id\":\"https:\\\/\\\/madame-sensuelle.paris\\\/fr\\\/product\\\/string-cosmic-dream-en-broderie-graphique\\\/#primaryimage\"},\"thumbnailUrl\":\"https:\\\/\\\/madame-sensuelle.paris\\\/wp-content\\\/uploads\\\/2025\\\/04\\\/XSHD1TJ61719.webp\",\"datePublished\":\"2025-04-05T13:51:49+00:00\",\"dateModified\":\"2026-05-02T18:10:40+00:00\",\"description\":\"Rehaussez votre collection de lingerie avec le string brod\u00e9e Cosmic Dream. Profitez d'un m\u00e9lange parfait de confort et d'\u00e9l\u00e9gance \u00e9poustouflant ! \u2728\",\"breadcrumb\":{\"@id\":\"https:\\\/\\\/madame-sensuelle.paris\\\/fr\\\/product\\\/string-cosmic-dream-en-broderie-graphique\\\/#breadcrumb\"},\"inLanguage\":\"fr-FR\",\"potentialAction\":[{\"@type\":\"ReadAction\",\"target\":[\"https:\\\/\\\/madame-sensuelle.paris\\\/fr\\\/product\\\/string-cosmic-dream-en-broderie-graphique\\\/\"]}]},{\"@type\":\"ImageObject\",\"inLanguage\":\"fr-FR\",\"@id\":\"https:\\\/\\\/madame-sensuelle.paris\\\/fr\\\/product\\\/string-cosmic-dream-en-broderie-graphique\\\/#primaryimage\",\"url\":\"https:\\\/\\\/madame-sensuelle.paris\\\/wp-content\\\/uploads\\\/2025\\\/04\\\/XSHD1TJ61719.webp\",\"contentUrl\":\"https:\\\/\\\/madame-sensuelle.paris\\\/wp-content\\\/uploads\\\/2025\\\/04\\\/XSHD1TJ61719.webp\",\"width\":800,\"height\":1133},{\"@type\":\"BreadcrumbList\",\"@id\":\"https:\\\/\\\/madame-sensuelle.paris\\\/fr\\\/product\\\/string-cosmic-dream-en-broderie-graphique\\\/#breadcrumb\",\"itemListElement\":[{\"@type\":\"ListItem\",\"position\":1,\"name\":\"Acceuil\",\"item\":\"https:\\\/\\\/madame-sensuelle.paris\\\/fr\\\/\"},{\"@type\":\"ListItem\",\"position\":2,\"name\":\"Catalogue\",\"item\":\"https:\\\/\\\/madame-sensuelle.paris\\\/fr\\\/catalogue\\\/\"},{\"@type\":\"ListItem\",\"position\":3,\"name\":\"ATELIER AMOUR\",\"item\":\"https:\\\/\\\/madame-sensuelle.paris\\\/fr\\\/brand\\\/atelier-amour\\\/\"},{\"@type\":\"ListItem\",\"position\":4,\"name\":\"String Cosmic Dream en broderie graphique\"}]},{\"@type\":\"WebSite\",\"@id\":\"https:\\\/\\\/madame-sensuelle.paris\\\/fr\\\/#website\",\"url\":\"https:\\\/\\\/madame-sensuelle.paris\\\/fr\\\/\",\"name\":\"MADAME SENSUELLE\",\"description\":\"MADAME SENSUELLE: Found the biggest exciting brands of chic &amp; SEXY LINGERIE in Paris Boutique and on the WEB: Aubade, Dita Von Teese, Maison Close, Marjolaine, Bluebella, Atelier Amour, Luxxa, Catanzaro, Gracija Rim. You will found the big pleasure of sexy belt or bra make for you\",\"publisher\":{\"@id\":\"https:\\\/\\\/madame-sensuelle.paris\\\/fr\\\/#organization\"},\"potentialAction\":[{\"@type\":\"SearchAction\",\"target\":{\"@type\":\"EntryPoint\",\"urlTemplate\":\"https:\\\/\\\/madame-sensuelle.paris\\\/fr\\\/?s={search_term_string}\"},\"query-input\":{\"@type\":\"PropertyValueSpecification\",\"valueRequired\":true,\"valueName\":\"search_term_string\"}}],\"inLanguage\":\"fr-FR\"},{\"@type\":\"Organization\",\"@id\":\"https:\\\/\\\/madame-sensuelle.paris\\\/fr\\\/#organization\",\"name\":\"Madame Sensuelle\",\"url\":\"https:\\\/\\\/madame-sensuelle.paris\\\/fr\\\/\",\"logo\":{\"@type\":\"ImageObject\",\"inLanguage\":\"fr-FR\",\"@id\":\"https:\\\/\\\/madame-sensuelle.paris\\\/fr\\\/#\\\/schema\\\/logo\\\/image\\\/\",\"url\":\"https:\\\/\\\/madame-sensuelle.paris\\\/wp-content\\\/uploads\\\/2024\\\/12\\\/logo_a-1-1_696.webp\",\"contentUrl\":\"https:\\\/\\\/madame-sensuelle.paris\\\/wp-content\\\/uploads\\\/2024\\\/12\\\/logo_a-1-1_696.webp\",\"width\":696,\"height\":696,\"caption\":\"Madame Sensuelle\"},\"image\":{\"@id\":\"https:\\\/\\\/madame-sensuelle.paris\\\/fr\\\/#\\\/schema\\\/logo\\\/image\\\/\"},\"sameAs\":[\"https:\\\/\\\/www.facebook.com\\\/madamesensuelle\",\"https:\\\/\\\/www.instagram.com\\\/madame_sensuelle\\\/\"]}]}<\/script>\n<!-- \/ Yoast SEO plugin. -->","yoast_head_json":{"title":"String Cosmic Dream en broderie graphique \u2013 ATELIER AMOUR - Madame Sensuelle","description":"Rehaussez votre collection de lingerie avec le string brod\u00e9e Cosmic Dream. Profitez d'un m\u00e9lange parfait de confort et d'\u00e9l\u00e9gance \u00e9poustouflant ! \u2728","robots":{"index":"index","follow":"follow","max-snippet":"max-snippet:-1","max-image-preview":"max-image-preview:large","max-video-preview":"max-video-preview:-1"},"canonical":"https:\/\/madame-sensuelle.paris\/fr\/product\/string-cosmic-dream-en-broderie-graphique\/","og_locale":"fr_FR","og_type":"article","og_title":"String Cosmic Dream en broderie graphique \u2013 ATELIER AMOUR - Madame Sensuelle","og_description":"Rehaussez votre collection de lingerie avec le string brod\u00e9e Cosmic Dream. Profitez d'un m\u00e9lange parfait de confort et d'\u00e9l\u00e9gance \u00e9poustouflant ! \u2728","og_url":"https:\/\/madame-sensuelle.paris\/fr\/product\/string-cosmic-dream-en-broderie-graphique\/","og_site_name":"Madame Sensuelle","article_publisher":"https:\/\/www.facebook.com\/madamesensuelle","article_modified_time":"2026-05-02T18:10:40+00:00","og_image":[{"width":800,"height":1133,"url":"http:\/\/madame-sensuelle.paris\/wp-content\/uploads\/2025\/04\/XSHD1TJ61719.webp","type":"image\/webp"}],"twitter_card":"summary_large_image","twitter_misc":{"Dur\u00e9e de lecture estim\u00e9e":"2 minutes"},"schema":{"@context":"https:\/\/schema.org","@graph":[{"@type":"WebPage","@id":"https:\/\/madame-sensuelle.paris\/fr\/product\/string-cosmic-dream-en-broderie-graphique\/","url":"https:\/\/madame-sensuelle.paris\/fr\/product\/string-cosmic-dream-en-broderie-graphique\/","name":"String Cosmic Dream en broderie graphique \u2013 ATELIER AMOUR - Madame Sensuelle","isPartOf":{"@id":"https:\/\/madame-sensuelle.paris\/fr\/#website"},"primaryImageOfPage":{"@id":"https:\/\/madame-sensuelle.paris\/fr\/product\/string-cosmic-dream-en-broderie-graphique\/#primaryimage"},"image":{"@id":"https:\/\/madame-sensuelle.paris\/fr\/product\/string-cosmic-dream-en-broderie-graphique\/#primaryimage"},"thumbnailUrl":"https:\/\/madame-sensuelle.paris\/wp-content\/uploads\/2025\/04\/XSHD1TJ61719.webp","datePublished":"2025-04-05T13:51:49+00:00","dateModified":"2026-05-02T18:10:40+00:00","description":"Rehaussez votre collection de lingerie avec le string brod\u00e9e Cosmic Dream. Profitez d'un m\u00e9lange parfait de confort et d'\u00e9l\u00e9gance \u00e9poustouflant ! \u2728","breadcrumb":{"@id":"https:\/\/madame-sensuelle.paris\/fr\/product\/string-cosmic-dream-en-broderie-graphique\/#breadcrumb"},"inLanguage":"fr-FR","potentialAction":[{"@type":"ReadAction","target":["https:\/\/madame-sensuelle.paris\/fr\/product\/string-cosmic-dream-en-broderie-graphique\/"]}]},{"@type":"ImageObject","inLanguage":"fr-FR","@id":"https:\/\/madame-sensuelle.paris\/fr\/product\/string-cosmic-dream-en-broderie-graphique\/#primaryimage","url":"https:\/\/madame-sensuelle.paris\/wp-content\/uploads\/2025\/04\/XSHD1TJ61719.webp","contentUrl":"https:\/\/madame-sensuelle.paris\/wp-content\/uploads\/2025\/04\/XSHD1TJ61719.webp","width":800,"height":1133},{"@type":"BreadcrumbList","@id":"https:\/\/madame-sensuelle.paris\/fr\/product\/string-cosmic-dream-en-broderie-graphique\/#breadcrumb","itemListElement":[{"@type":"ListItem","position":1,"name":"Acceuil","item":"https:\/\/madame-sensuelle.paris\/fr\/"},{"@type":"ListItem","position":2,"name":"Catalogue","item":"https:\/\/madame-sensuelle.paris\/fr\/catalogue\/"},{"@type":"ListItem","position":3,"name":"ATELIER AMOUR","item":"https:\/\/madame-sensuelle.paris\/fr\/brand\/atelier-amour\/"},{"@type":"ListItem","position":4,"name":"String Cosmic Dream en broderie graphique"}]},{"@type":"WebSite","@id":"https:\/\/madame-sensuelle.paris\/fr\/#website","url":"https:\/\/madame-sensuelle.paris\/fr\/","name":"MADAME SENSUELLE","description":"MADAME SENSUELLE: Found the biggest exciting brands of chic &amp; SEXY LINGERIE in Paris Boutique and on the WEB: Aubade, Dita Von Teese, Maison Close, Marjolaine, Bluebella, Atelier Amour, Luxxa, Catanzaro, Gracija Rim. You will found the big pleasure of sexy belt or bra make for you","publisher":{"@id":"https:\/\/madame-sensuelle.paris\/fr\/#organization"},"potentialAction":[{"@type":"SearchAction","target":{"@type":"EntryPoint","urlTemplate":"https:\/\/madame-sensuelle.paris\/fr\/?s={search_term_string}"},"query-input":{"@type":"PropertyValueSpecification","valueRequired":true,"valueName":"search_term_string"}}],"inLanguage":"fr-FR"},{"@type":"Organization","@id":"https:\/\/madame-sensuelle.paris\/fr\/#organization","name":"Madame Sensuelle","url":"https:\/\/madame-sensuelle.paris\/fr\/","logo":{"@type":"ImageObject","inLanguage":"fr-FR","@id":"https:\/\/madame-sensuelle.paris\/fr\/#\/schema\/logo\/image\/","url":"https:\/\/madame-sensuelle.paris\/wp-content\/uploads\/2024\/12\/logo_a-1-1_696.webp","contentUrl":"https:\/\/madame-sensuelle.paris\/wp-content\/uploads\/2024\/12\/logo_a-1-1_696.webp","width":696,"height":696,"caption":"Madame Sensuelle"},"image":{"@id":"https:\/\/madame-sensuelle.paris\/fr\/#\/schema\/logo\/image\/"},"sameAs":["https:\/\/www.facebook.com\/madamesensuelle","https:\/\/www.instagram.com\/madame_sensuelle\/"]}]}},"brands":[{"id":2785,"name":"ATELIER AMOUR","slug":"atelier-amour"}],"_links":{"self":[{"href":"https:\/\/madame-sensuelle.paris\/fr\/wp-json\/wp\/v2\/product\/117662","targetHints":{"allow":["GET"]}}],"collection":[{"href":"https:\/\/madame-sensuelle.paris\/fr\/wp-json\/wp\/v2\/product"}],"about":[{"href":"https:\/\/madame-sensuelle.paris\/fr\/wp-json\/wp\/v2\/types\/product"}],"version-history":[{"count":1,"href":"https:\/\/madame-sensuelle.paris\/fr\/wp-json\/wp\/v2\/product\/117662\/revisions"}],"predecessor-version":[{"id":121551,"href":"https:\/\/madame-sensuelle.paris\/fr\/wp-json\/wp\/v2\/product\/117662\/revisions\/121551"}],"wp:featuredmedia":[{"embeddable":true,"href":"https:\/\/madame-sensuelle.paris\/fr\/wp-json\/wp\/v2\/media\/117650"}],"wp:attachment":[{"href":"https:\/\/madame-sensuelle.paris\/fr\/wp-json\/wp\/v2\/media?parent=117662"}],"wp:term":[{"taxonomy":"pwb-brand","embeddable":true,"href":"https:\/\/madame-sensuelle.paris\/fr\/wp-json\/wp\/v2\/pwb-brand?post=117662"},{"taxonomy":"product_brand","embeddable":true,"href":"https:\/\/madame-sensuelle.paris\/fr\/wp-json\/wp\/v2\/product_brand?post=117662"},{"taxonomy":"product_cat","embeddable":true,"href":"https:\/\/madame-sensuelle.paris\/fr\/wp-json\/wp\/v2\/product_cat?post=117662"},{"taxonomy":"product_tag","embeddable":true,"href":"https:\/\/madame-sensuelle.paris\/fr\/wp-json\/wp\/v2\/product_tag?post=117662"},{"taxonomy":"giftcard-category","embeddable":true,"href":"https:\/\/madame-sensuelle.paris\/fr\/wp-json\/wp\/v2\/giftcard-category?post=117662"}],"curies":[{"name":"wp","href":"https:\/\/api.w.org\/{rel}","templated":true}]}}