{"id":117672,"date":"2025-04-05T13:56:37","date_gmt":"2025-04-05T13:56:37","guid":{"rendered":"https:\/\/madame-sensuelle.paris\/product\/cape-cosmic-dream-en-broderie-sur-les-epaules\/"},"modified":"2026-03-30T07:01:45","modified_gmt":"2026-03-30T07:01:45","slug":"cape-cosmic-dream-en-broderie-sur-les-epaules","status":"publish","type":"product","link":"https:\/\/madame-sensuelle.paris\/fr\/product\/cape-cosmic-dream-en-broderie-sur-les-epaules\/","title":{"rendered":"Cape Cosmic Dream en broderie sur les \u00e9paules"},"content":{"rendered":"<p>Un souffle de myst\u00e8re et de sensualit\u00e9 se d\u00e9gage de cette cape &#8220;Cosmic Dream&#8221;. Confectionn\u00e9e dans un tissu l\u00e9ger et fluide, elle se drape \u00e9l\u00e9gamment autour de votre corps, tandis que la broderie d\u00e9licate sur les \u00e9paules cr\u00e9e un effet visuel envo\u00fbtant, comme un voile de s\u00e9duction suspendu.<\/p>\n<p>Les motifs de broderie, fins et subtils, apportent une touche de sophistication, tandis que la coupe fluide et a\u00e9rienne laisse une libert\u00e9 de mouvement gracieuse, comme une invitation \u00e0 l\u2019imaginaire. Ce d\u00e9tail raffin\u00e9 sur les \u00e9paules \u00e9voque une sensualit\u00e9 discr\u00e8te et un charme myst\u00e9rieux.<\/p>\n<p>Un accessoire parfait pour celles qui souhaitent envelopper leur peau d&#8217;une aura magique et \u00e9l\u00e9gante, tout en suscitant l\u2019envie et l\u2019admiration. La cape &#8220;Cosmic Dream&#8221; est l\u2019alliance parfaite entre myst\u00e8re et \u00e9l\u00e9gance, pour une s\u00e9duction tout en finesse.<\/p>\n","protected":false},"excerpt":{"rendered":"<p>Un souffle de myst\u00e8re et de sensualit\u00e9 se d\u00e9gage de cette cape &#8220;Cosmic Dream&#8221;. Confectionn\u00e9e dans un tissu l\u00e9ger et fluide, elle se drape \u00e9l\u00e9gamment autour de votre corps, tandis que la broderie d\u00e9licate sur les \u00e9paules cr\u00e9e un effet visuel envo\u00fbtant, comme un voile de s\u00e9duction suspendu. Les motifs de broderie, fins et subtils,<\/p>\n","protected":false},"featured_media":117666,"template":"","meta":[],"pwb-brand":[2785],"product_brand":[],"product_cat":[1245,1264,1257],"product_tag":[],"giftcard-category":[],"class_list":{"0":"post-117672","1":"product","2":"type-product","3":"status-publish","4":"has-post-thumbnail","6":"pwb-brand-atelier-amour","7":"product_cat-lingerie-sexy-femme-erotique-et-glamour","8":"product_cat-soutiens-gorge-ouvert","9":"product_cat-soutiens-gorge","10":"pa_collection-cosmic-dream","12":"first","13":"instock","14":"taxable","15":"shipping-taxable","16":"purchasable","17":"product-type-variable","18":"has-default-attributes"},"yoast_head":"<!-- This site is optimized with the Yoast SEO plugin v27.3 - https:\/\/yoast.com\/product\/yoast-seo-wordpress\/ -->\n<title>Cape Cosmic Dream en broderie sur les \u00e9paules \u2013 ATELIER AMOUR - Madame Sensuelle<\/title>\n<meta name=\"description\" content=\"cliquer pour visionner l&#039;article : Cape Cosmic Dream en broderie sur les \u00e9paules Un souffle de myst\u00e8re et de sensualit\u00e9 se d\u00e9gage de cette cape &quot;Cosmic Dream&quot;. Confectionn\u00e9e dans un tissu l\u00e9ger et fluide, elle se drape \u00e9l\u00e9gamment autour de votre corps, tandis que la broderie d\u00e9licate sur les \u00e9paules cr\u00e9e un effet visuel envo\u00fbtant, comme un voile de s\u00e9duction suspendu.Les motifs de broderie, fins et subtils, apportent une touche de sophistication, tandis que la coupe fluide et a\u00e9rienne laisse une libert\u00e9 de mouvement gracieuse, comme une invitation \u00e0 l\u2019imaginaire. Ce d\u00e9tail raffin\u00e9 sur les \u00e9paules \u00e9voque une sensualit\u00e9 discr\u00e8te et un charme myst\u00e9rieux.Un accessoire parfait pour celles qui souhaitent envelopper leur peau d&#039;une aura magique et \u00e9l\u00e9gante, tout en suscitant l\u2019envie et l\u2019admiration. La cape &quot;Cosmic Dream&quot; est l\u2019alliance parfaite entre myst\u00e8re et \u00e9l\u00e9gance, pour une s\u00e9duction tout en finesse.\" \/>\n<meta name=\"robots\" content=\"index, follow, max-snippet:-1, max-image-preview:large, max-video-preview:-1\" \/>\n<link rel=\"canonical\" href=\"https:\/\/madame-sensuelle.paris\/fr\/product\/cape-cosmic-dream-en-broderie-sur-les-epaules\/\" \/>\n<meta property=\"og:locale\" content=\"fr_FR\" \/>\n<meta property=\"og:type\" content=\"article\" \/>\n<meta property=\"og:title\" content=\"Cape Cosmic Dream en broderie sur les \u00e9paules \u2013 ATELIER AMOUR - Madame Sensuelle\" \/>\n<meta property=\"og:description\" content=\"cliquer pour visionner l&#039;article : Cape Cosmic Dream en broderie sur les \u00e9paules Un souffle de myst\u00e8re et de sensualit\u00e9 se d\u00e9gage de cette cape &quot;Cosmic Dream&quot;. Confectionn\u00e9e dans un tissu l\u00e9ger et fluide, elle se drape \u00e9l\u00e9gamment autour de votre corps, tandis que la broderie d\u00e9licate sur les \u00e9paules cr\u00e9e un effet visuel envo\u00fbtant, comme un voile de s\u00e9duction suspendu.Les motifs de broderie, fins et subtils, apportent une touche de sophistication, tandis que la coupe fluide et a\u00e9rienne laisse une libert\u00e9 de mouvement gracieuse, comme une invitation \u00e0 l\u2019imaginaire. Ce d\u00e9tail raffin\u00e9 sur les \u00e9paules \u00e9voque une sensualit\u00e9 discr\u00e8te et un charme myst\u00e9rieux.Un accessoire parfait pour celles qui souhaitent envelopper leur peau d&#039;une aura magique et \u00e9l\u00e9gante, tout en suscitant l\u2019envie et l\u2019admiration. La cape &quot;Cosmic Dream&quot; est l\u2019alliance parfaite entre myst\u00e8re et \u00e9l\u00e9gance, pour une s\u00e9duction tout en finesse.\" \/>\n<meta property=\"og:url\" content=\"https:\/\/madame-sensuelle.paris\/fr\/product\/cape-cosmic-dream-en-broderie-sur-les-epaules\/\" \/>\n<meta property=\"og:site_name\" content=\"Madame Sensuelle\" \/>\n<meta property=\"article:publisher\" content=\"https:\/\/www.facebook.com\/madamesensuelle\" \/>\n<meta property=\"article:modified_time\" content=\"2026-03-30T07:01:45+00:00\" \/>\n<meta property=\"og:image\" content=\"http:\/\/madame-sensuelle.paris\/wp-content\/uploads\/2025\/04\/XSHD1TJ61716.webp\" \/>\n\t<meta property=\"og:image:width\" content=\"800\" \/>\n\t<meta property=\"og:image:height\" content=\"1133\" \/>\n\t<meta property=\"og:image:type\" content=\"image\/webp\" \/>\n<meta name=\"twitter:card\" content=\"summary_large_image\" \/>\n<meta name=\"twitter:label1\" content=\"Dur\u00e9e de lecture estim\u00e9e\" \/>\n\t<meta name=\"twitter:data1\" content=\"2 minutes\" \/>\n<script type=\"application\/ld+json\" class=\"yoast-schema-graph\">{\"@context\":\"https:\\\/\\\/schema.org\",\"@graph\":[{\"@type\":\"WebPage\",\"@id\":\"https:\\\/\\\/madame-sensuelle.paris\\\/fr\\\/product\\\/cape-cosmic-dream-en-broderie-sur-les-epaules\\\/\",\"url\":\"https:\\\/\\\/madame-sensuelle.paris\\\/fr\\\/product\\\/cape-cosmic-dream-en-broderie-sur-les-epaules\\\/\",\"name\":\"Cape Cosmic Dream en broderie sur les \u00e9paules \u2013 ATELIER AMOUR - Madame Sensuelle\",\"isPartOf\":{\"@id\":\"https:\\\/\\\/madame-sensuelle.paris\\\/fr\\\/#website\"},\"primaryImageOfPage\":{\"@id\":\"https:\\\/\\\/madame-sensuelle.paris\\\/fr\\\/product\\\/cape-cosmic-dream-en-broderie-sur-les-epaules\\\/#primaryimage\"},\"image\":{\"@id\":\"https:\\\/\\\/madame-sensuelle.paris\\\/fr\\\/product\\\/cape-cosmic-dream-en-broderie-sur-les-epaules\\\/#primaryimage\"},\"thumbnailUrl\":\"https:\\\/\\\/madame-sensuelle.paris\\\/wp-content\\\/uploads\\\/2025\\\/04\\\/XSHD1TJ61716.webp\",\"datePublished\":\"2025-04-05T13:56:37+00:00\",\"dateModified\":\"2026-03-30T07:01:45+00:00\",\"description\":\"cliquer pour visionner l'article : Cape Cosmic Dream en broderie sur les \u00e9paules Un souffle de myst\u00e8re et de sensualit\u00e9 se d\u00e9gage de cette cape \\\"Cosmic Dream\\\". Confectionn\u00e9e dans un tissu l\u00e9ger et fluide, elle se drape \u00e9l\u00e9gamment autour de votre corps, tandis que la broderie d\u00e9licate sur les \u00e9paules cr\u00e9e un effet visuel envo\u00fbtant, comme un voile de s\u00e9duction suspendu.Les motifs de broderie, fins et subtils, apportent une touche de sophistication, tandis que la coupe fluide et a\u00e9rienne laisse une libert\u00e9 de mouvement gracieuse, comme une invitation \u00e0 l\u2019imaginaire. Ce d\u00e9tail raffin\u00e9 sur les \u00e9paules \u00e9voque une sensualit\u00e9 discr\u00e8te et un charme myst\u00e9rieux.Un accessoire parfait pour celles qui souhaitent envelopper leur peau d'une aura magique et \u00e9l\u00e9gante, tout en suscitant l\u2019envie et l\u2019admiration. La cape \\\"Cosmic Dream\\\" est l\u2019alliance parfaite entre myst\u00e8re et \u00e9l\u00e9gance, pour une s\u00e9duction tout en finesse.\",\"breadcrumb\":{\"@id\":\"https:\\\/\\\/madame-sensuelle.paris\\\/fr\\\/product\\\/cape-cosmic-dream-en-broderie-sur-les-epaules\\\/#breadcrumb\"},\"inLanguage\":\"fr-FR\",\"potentialAction\":[{\"@type\":\"ReadAction\",\"target\":[\"https:\\\/\\\/madame-sensuelle.paris\\\/fr\\\/product\\\/cape-cosmic-dream-en-broderie-sur-les-epaules\\\/\"]}]},{\"@type\":\"ImageObject\",\"inLanguage\":\"fr-FR\",\"@id\":\"https:\\\/\\\/madame-sensuelle.paris\\\/fr\\\/product\\\/cape-cosmic-dream-en-broderie-sur-les-epaules\\\/#primaryimage\",\"url\":\"https:\\\/\\\/madame-sensuelle.paris\\\/wp-content\\\/uploads\\\/2025\\\/04\\\/XSHD1TJ61716.webp\",\"contentUrl\":\"https:\\\/\\\/madame-sensuelle.paris\\\/wp-content\\\/uploads\\\/2025\\\/04\\\/XSHD1TJ61716.webp\",\"width\":800,\"height\":1133},{\"@type\":\"BreadcrumbList\",\"@id\":\"https:\\\/\\\/madame-sensuelle.paris\\\/fr\\\/product\\\/cape-cosmic-dream-en-broderie-sur-les-epaules\\\/#breadcrumb\",\"itemListElement\":[{\"@type\":\"ListItem\",\"position\":1,\"name\":\"Acceuil\",\"item\":\"https:\\\/\\\/madame-sensuelle.paris\\\/fr\\\/\"},{\"@type\":\"ListItem\",\"position\":2,\"name\":\"Catalogue\",\"item\":\"https:\\\/\\\/madame-sensuelle.paris\\\/fr\\\/catalogue\\\/\"},{\"@type\":\"ListItem\",\"position\":3,\"name\":\"ATELIER AMOUR\",\"item\":\"https:\\\/\\\/madame-sensuelle.paris\\\/fr\\\/brand\\\/atelier-amour\\\/\"},{\"@type\":\"ListItem\",\"position\":4,\"name\":\"Cape Cosmic Dream en broderie sur les \u00e9paules\"}]},{\"@type\":\"WebSite\",\"@id\":\"https:\\\/\\\/madame-sensuelle.paris\\\/fr\\\/#website\",\"url\":\"https:\\\/\\\/madame-sensuelle.paris\\\/fr\\\/\",\"name\":\"MADAME SENSUELLE\",\"description\":\"MADAME SENSUELLE: Found the biggest exciting brands of chic &amp; SEXY LINGERIE in Paris Boutique and on the WEB: Aubade, Dita Von Teese, Maison Close, Marjolaine, Bluebella, Atelier Amour, Luxxa, Catanzaro, Gracija Rim. You will found the big pleasure of sexy belt or bra make for you\",\"publisher\":{\"@id\":\"https:\\\/\\\/madame-sensuelle.paris\\\/fr\\\/#organization\"},\"potentialAction\":[{\"@type\":\"SearchAction\",\"target\":{\"@type\":\"EntryPoint\",\"urlTemplate\":\"https:\\\/\\\/madame-sensuelle.paris\\\/fr\\\/?s={search_term_string}\"},\"query-input\":{\"@type\":\"PropertyValueSpecification\",\"valueRequired\":true,\"valueName\":\"search_term_string\"}}],\"inLanguage\":\"fr-FR\"},{\"@type\":\"Organization\",\"@id\":\"https:\\\/\\\/madame-sensuelle.paris\\\/fr\\\/#organization\",\"name\":\"Madame Sensuelle\",\"url\":\"https:\\\/\\\/madame-sensuelle.paris\\\/fr\\\/\",\"logo\":{\"@type\":\"ImageObject\",\"inLanguage\":\"fr-FR\",\"@id\":\"https:\\\/\\\/madame-sensuelle.paris\\\/fr\\\/#\\\/schema\\\/logo\\\/image\\\/\",\"url\":\"https:\\\/\\\/madame-sensuelle.paris\\\/wp-content\\\/uploads\\\/2024\\\/12\\\/logo_a-1-1_696.webp\",\"contentUrl\":\"https:\\\/\\\/madame-sensuelle.paris\\\/wp-content\\\/uploads\\\/2024\\\/12\\\/logo_a-1-1_696.webp\",\"width\":696,\"height\":696,\"caption\":\"Madame Sensuelle\"},\"image\":{\"@id\":\"https:\\\/\\\/madame-sensuelle.paris\\\/fr\\\/#\\\/schema\\\/logo\\\/image\\\/\"},\"sameAs\":[\"https:\\\/\\\/www.facebook.com\\\/madamesensuelle\",\"https:\\\/\\\/www.instagram.com\\\/madame_sensuelle\\\/\"]}]}<\/script>\n<!-- \/ Yoast SEO plugin. -->","yoast_head_json":{"title":"Cape Cosmic Dream en broderie sur les \u00e9paules \u2013 ATELIER AMOUR - Madame Sensuelle","description":"cliquer pour visionner l'article : Cape Cosmic Dream en broderie sur les \u00e9paules Un souffle de myst\u00e8re et de sensualit\u00e9 se d\u00e9gage de cette cape \"Cosmic Dream\". Confectionn\u00e9e dans un tissu l\u00e9ger et fluide, elle se drape \u00e9l\u00e9gamment autour de votre corps, tandis que la broderie d\u00e9licate sur les \u00e9paules cr\u00e9e un effet visuel envo\u00fbtant, comme un voile de s\u00e9duction suspendu.Les motifs de broderie, fins et subtils, apportent une touche de sophistication, tandis que la coupe fluide et a\u00e9rienne laisse une libert\u00e9 de mouvement gracieuse, comme une invitation \u00e0 l\u2019imaginaire. Ce d\u00e9tail raffin\u00e9 sur les \u00e9paules \u00e9voque une sensualit\u00e9 discr\u00e8te et un charme myst\u00e9rieux.Un accessoire parfait pour celles qui souhaitent envelopper leur peau d'une aura magique et \u00e9l\u00e9gante, tout en suscitant l\u2019envie et l\u2019admiration. La cape \"Cosmic Dream\" est l\u2019alliance parfaite entre myst\u00e8re et \u00e9l\u00e9gance, pour une s\u00e9duction tout en finesse.","robots":{"index":"index","follow":"follow","max-snippet":"max-snippet:-1","max-image-preview":"max-image-preview:large","max-video-preview":"max-video-preview:-1"},"canonical":"https:\/\/madame-sensuelle.paris\/fr\/product\/cape-cosmic-dream-en-broderie-sur-les-epaules\/","og_locale":"fr_FR","og_type":"article","og_title":"Cape Cosmic Dream en broderie sur les \u00e9paules \u2013 ATELIER AMOUR - Madame Sensuelle","og_description":"cliquer pour visionner l'article : Cape Cosmic Dream en broderie sur les \u00e9paules Un souffle de myst\u00e8re et de sensualit\u00e9 se d\u00e9gage de cette cape \"Cosmic Dream\". Confectionn\u00e9e dans un tissu l\u00e9ger et fluide, elle se drape \u00e9l\u00e9gamment autour de votre corps, tandis que la broderie d\u00e9licate sur les \u00e9paules cr\u00e9e un effet visuel envo\u00fbtant, comme un voile de s\u00e9duction suspendu.Les motifs de broderie, fins et subtils, apportent une touche de sophistication, tandis que la coupe fluide et a\u00e9rienne laisse une libert\u00e9 de mouvement gracieuse, comme une invitation \u00e0 l\u2019imaginaire. Ce d\u00e9tail raffin\u00e9 sur les \u00e9paules \u00e9voque une sensualit\u00e9 discr\u00e8te et un charme myst\u00e9rieux.Un accessoire parfait pour celles qui souhaitent envelopper leur peau d'une aura magique et \u00e9l\u00e9gante, tout en suscitant l\u2019envie et l\u2019admiration. La cape \"Cosmic Dream\" est l\u2019alliance parfaite entre myst\u00e8re et \u00e9l\u00e9gance, pour une s\u00e9duction tout en finesse.","og_url":"https:\/\/madame-sensuelle.paris\/fr\/product\/cape-cosmic-dream-en-broderie-sur-les-epaules\/","og_site_name":"Madame Sensuelle","article_publisher":"https:\/\/www.facebook.com\/madamesensuelle","article_modified_time":"2026-03-30T07:01:45+00:00","og_image":[{"width":800,"height":1133,"url":"http:\/\/madame-sensuelle.paris\/wp-content\/uploads\/2025\/04\/XSHD1TJ61716.webp","type":"image\/webp"}],"twitter_card":"summary_large_image","twitter_misc":{"Dur\u00e9e de lecture estim\u00e9e":"2 minutes"},"schema":{"@context":"https:\/\/schema.org","@graph":[{"@type":"WebPage","@id":"https:\/\/madame-sensuelle.paris\/fr\/product\/cape-cosmic-dream-en-broderie-sur-les-epaules\/","url":"https:\/\/madame-sensuelle.paris\/fr\/product\/cape-cosmic-dream-en-broderie-sur-les-epaules\/","name":"Cape Cosmic Dream en broderie sur les \u00e9paules \u2013 ATELIER AMOUR - Madame Sensuelle","isPartOf":{"@id":"https:\/\/madame-sensuelle.paris\/fr\/#website"},"primaryImageOfPage":{"@id":"https:\/\/madame-sensuelle.paris\/fr\/product\/cape-cosmic-dream-en-broderie-sur-les-epaules\/#primaryimage"},"image":{"@id":"https:\/\/madame-sensuelle.paris\/fr\/product\/cape-cosmic-dream-en-broderie-sur-les-epaules\/#primaryimage"},"thumbnailUrl":"https:\/\/madame-sensuelle.paris\/wp-content\/uploads\/2025\/04\/XSHD1TJ61716.webp","datePublished":"2025-04-05T13:56:37+00:00","dateModified":"2026-03-30T07:01:45+00:00","description":"cliquer pour visionner l'article : Cape Cosmic Dream en broderie sur les \u00e9paules Un souffle de myst\u00e8re et de sensualit\u00e9 se d\u00e9gage de cette cape \"Cosmic Dream\". Confectionn\u00e9e dans un tissu l\u00e9ger et fluide, elle se drape \u00e9l\u00e9gamment autour de votre corps, tandis que la broderie d\u00e9licate sur les \u00e9paules cr\u00e9e un effet visuel envo\u00fbtant, comme un voile de s\u00e9duction suspendu.Les motifs de broderie, fins et subtils, apportent une touche de sophistication, tandis que la coupe fluide et a\u00e9rienne laisse une libert\u00e9 de mouvement gracieuse, comme une invitation \u00e0 l\u2019imaginaire. Ce d\u00e9tail raffin\u00e9 sur les \u00e9paules \u00e9voque une sensualit\u00e9 discr\u00e8te et un charme myst\u00e9rieux.Un accessoire parfait pour celles qui souhaitent envelopper leur peau d'une aura magique et \u00e9l\u00e9gante, tout en suscitant l\u2019envie et l\u2019admiration. La cape \"Cosmic Dream\" est l\u2019alliance parfaite entre myst\u00e8re et \u00e9l\u00e9gance, pour une s\u00e9duction tout en finesse.","breadcrumb":{"@id":"https:\/\/madame-sensuelle.paris\/fr\/product\/cape-cosmic-dream-en-broderie-sur-les-epaules\/#breadcrumb"},"inLanguage":"fr-FR","potentialAction":[{"@type":"ReadAction","target":["https:\/\/madame-sensuelle.paris\/fr\/product\/cape-cosmic-dream-en-broderie-sur-les-epaules\/"]}]},{"@type":"ImageObject","inLanguage":"fr-FR","@id":"https:\/\/madame-sensuelle.paris\/fr\/product\/cape-cosmic-dream-en-broderie-sur-les-epaules\/#primaryimage","url":"https:\/\/madame-sensuelle.paris\/wp-content\/uploads\/2025\/04\/XSHD1TJ61716.webp","contentUrl":"https:\/\/madame-sensuelle.paris\/wp-content\/uploads\/2025\/04\/XSHD1TJ61716.webp","width":800,"height":1133},{"@type":"BreadcrumbList","@id":"https:\/\/madame-sensuelle.paris\/fr\/product\/cape-cosmic-dream-en-broderie-sur-les-epaules\/#breadcrumb","itemListElement":[{"@type":"ListItem","position":1,"name":"Acceuil","item":"https:\/\/madame-sensuelle.paris\/fr\/"},{"@type":"ListItem","position":2,"name":"Catalogue","item":"https:\/\/madame-sensuelle.paris\/fr\/catalogue\/"},{"@type":"ListItem","position":3,"name":"ATELIER AMOUR","item":"https:\/\/madame-sensuelle.paris\/fr\/brand\/atelier-amour\/"},{"@type":"ListItem","position":4,"name":"Cape Cosmic Dream en broderie sur les \u00e9paules"}]},{"@type":"WebSite","@id":"https:\/\/madame-sensuelle.paris\/fr\/#website","url":"https:\/\/madame-sensuelle.paris\/fr\/","name":"MADAME SENSUELLE","description":"MADAME SENSUELLE: Found the biggest exciting brands of chic &amp; SEXY LINGERIE in Paris Boutique and on the WEB: Aubade, Dita Von Teese, Maison Close, Marjolaine, Bluebella, Atelier Amour, Luxxa, Catanzaro, Gracija Rim. You will found the big pleasure of sexy belt or bra make for you","publisher":{"@id":"https:\/\/madame-sensuelle.paris\/fr\/#organization"},"potentialAction":[{"@type":"SearchAction","target":{"@type":"EntryPoint","urlTemplate":"https:\/\/madame-sensuelle.paris\/fr\/?s={search_term_string}"},"query-input":{"@type":"PropertyValueSpecification","valueRequired":true,"valueName":"search_term_string"}}],"inLanguage":"fr-FR"},{"@type":"Organization","@id":"https:\/\/madame-sensuelle.paris\/fr\/#organization","name":"Madame Sensuelle","url":"https:\/\/madame-sensuelle.paris\/fr\/","logo":{"@type":"ImageObject","inLanguage":"fr-FR","@id":"https:\/\/madame-sensuelle.paris\/fr\/#\/schema\/logo\/image\/","url":"https:\/\/madame-sensuelle.paris\/wp-content\/uploads\/2024\/12\/logo_a-1-1_696.webp","contentUrl":"https:\/\/madame-sensuelle.paris\/wp-content\/uploads\/2024\/12\/logo_a-1-1_696.webp","width":696,"height":696,"caption":"Madame Sensuelle"},"image":{"@id":"https:\/\/madame-sensuelle.paris\/fr\/#\/schema\/logo\/image\/"},"sameAs":["https:\/\/www.facebook.com\/madamesensuelle","https:\/\/www.instagram.com\/madame_sensuelle\/"]}]}},"brands":[{"id":2785,"name":"ATELIER AMOUR","slug":"atelier-amour"}],"_links":{"self":[{"href":"https:\/\/madame-sensuelle.paris\/fr\/wp-json\/wp\/v2\/product\/117672","targetHints":{"allow":["GET"]}}],"collection":[{"href":"https:\/\/madame-sensuelle.paris\/fr\/wp-json\/wp\/v2\/product"}],"about":[{"href":"https:\/\/madame-sensuelle.paris\/fr\/wp-json\/wp\/v2\/types\/product"}],"version-history":[{"count":1,"href":"https:\/\/madame-sensuelle.paris\/fr\/wp-json\/wp\/v2\/product\/117672\/revisions"}],"predecessor-version":[{"id":117914,"href":"https:\/\/madame-sensuelle.paris\/fr\/wp-json\/wp\/v2\/product\/117672\/revisions\/117914"}],"wp:featuredmedia":[{"embeddable":true,"href":"https:\/\/madame-sensuelle.paris\/fr\/wp-json\/wp\/v2\/media\/117666"}],"wp:attachment":[{"href":"https:\/\/madame-sensuelle.paris\/fr\/wp-json\/wp\/v2\/media?parent=117672"}],"wp:term":[{"taxonomy":"pwb-brand","embeddable":true,"href":"https:\/\/madame-sensuelle.paris\/fr\/wp-json\/wp\/v2\/pwb-brand?post=117672"},{"taxonomy":"product_brand","embeddable":true,"href":"https:\/\/madame-sensuelle.paris\/fr\/wp-json\/wp\/v2\/product_brand?post=117672"},{"taxonomy":"product_cat","embeddable":true,"href":"https:\/\/madame-sensuelle.paris\/fr\/wp-json\/wp\/v2\/product_cat?post=117672"},{"taxonomy":"product_tag","embeddable":true,"href":"https:\/\/madame-sensuelle.paris\/fr\/wp-json\/wp\/v2\/product_tag?post=117672"},{"taxonomy":"giftcard-category","embeddable":true,"href":"https:\/\/madame-sensuelle.paris\/fr\/wp-json\/wp\/v2\/giftcard-category?post=117672"}],"curies":[{"name":"wp","href":"https:\/\/api.w.org\/{rel}","templated":true}]}}