{"id":117694,"date":"2025-04-05T14:00:00","date_gmt":"2025-04-05T14:00:00","guid":{"rendered":"https:\/\/madame-sensuelle.paris\/product\/mitaines-cosmic-dream-en-broderie-graphique-transparente\/"},"modified":"2026-04-18T13:44:58","modified_gmt":"2026-04-18T13:44:58","slug":"mitaines-cosmic-dream-en-broderie-graphique-transparente","status":"publish","type":"product","link":"https:\/\/madame-sensuelle.paris\/fr\/product\/mitaines-cosmic-dream-en-broderie-graphique-transparente\/","title":{"rendered":"Mitaines Cosmic Dream en broderie graphique transparente."},"content":{"rendered":"<ul>\n<li data-start=\"127\" data-end=\"389\">\u00c9l\u00e9gance, myst\u00e8re et sensualit\u00e9 se rencontrent dans les mitaines <strong data-start=\"192\" data-end=\"208\">Cosmic Dream<\/strong>. Fabriqu\u00e9es en tissu transparent, elles laissent appara\u00eetre la peau avec une l\u00e9g\u00e8ret\u00e9 hypnotique.<\/li>\n<li data-start=\"127\" data-end=\"389\">La broderie graphique, plac\u00e9e avec soin, apporte une touche moderne et audacieuse.<\/li>\n<li data-start=\"391\" data-end=\"641\">Les motifs fins et envo\u00fbtants jouent avec les textures et les transparences. Ils mettent en valeur les bras avec une sensualit\u00e9 discr\u00e8te, mais irr\u00e9sistible. Chaque d\u00e9tail sublime la peau tout en enveloppant les bras d\u2019une sensation douce et a\u00e9rienne.<\/li>\n<li data-start=\"643\" data-end=\"904\">Cet accessoire chic et audacieux ajoute une touche de myst\u00e8re et de sophistication \u00e0 vos tenues les plus os\u00e9es.<\/li>\n<\/ul>\n<p>Ces mitaines incarnent la s\u00e9duction subtile. Elles sont parfaites pour celles qui aiment jouer avec les codes et r\u00e9v\u00e9ler leur c\u00f4t\u00e9 le plus envo\u00fbtant.<\/p>\n","protected":false},"excerpt":{"rendered":"<p>\u00c9l\u00e9gance, myst\u00e8re et sensualit\u00e9 se rencontrent dans les mitaines Cosmic Dream. Fabriqu\u00e9es en tissu transparent, elles laissent appara\u00eetre la peau avec une l\u00e9g\u00e8ret\u00e9 hypnotique. La broderie graphique, plac\u00e9e avec soin, apporte une touche moderne et audacieuse. Les motifs fins et envo\u00fbtants jouent avec les textures et les transparences. Ils mettent en valeur les bras avec<\/p>\n","protected":false},"featured_media":117686,"template":"","meta":[],"pwb-brand":[2785],"product_brand":[],"product_cat":[1206,1221],"product_tag":[],"giftcard-category":[],"class_list":{"0":"post-117694","1":"product","2":"type-product","3":"status-publish","4":"has-post-thumbnail","6":"pwb-brand-atelier-amour","7":"product_cat-accessoires-de-lingerie","8":"product_cat-gants-manchettes","9":"pa_collection-cosmic-dream","11":"first","12":"instock","13":"taxable","14":"shipping-taxable","15":"purchasable","16":"product-type-variable","17":"has-default-attributes"},"yoast_head":"<!-- This site is optimized with the Yoast SEO plugin v27.4 - https:\/\/yoast.com\/product\/yoast-seo-wordpress\/ -->\n<title>Mitaines Cosmic Dream - Madame Sensuelle<\/title>\n<meta name=\"description\" content=\"D\u00e9couvrez les mitaines Cosmic Dream en tissu transparent avec broderie graphique. Elles apportent myst\u00e8re et s\u00e9duction\" \/>\n<meta name=\"robots\" content=\"index, follow, max-snippet:-1, max-image-preview:large, max-video-preview:-1\" \/>\n<link rel=\"canonical\" href=\"https:\/\/madame-sensuelle.paris\/fr\/product\/mitaines-cosmic-dream-en-broderie-graphique-transparente\/\" \/>\n<meta property=\"og:locale\" content=\"fr_FR\" \/>\n<meta property=\"og:type\" content=\"article\" \/>\n<meta property=\"og:title\" content=\"Mitaines Cosmic Dream - Madame Sensuelle\" \/>\n<meta property=\"og:description\" content=\"D\u00e9couvrez les mitaines Cosmic Dream en tissu transparent avec broderie graphique. Elles apportent myst\u00e8re et s\u00e9duction\" \/>\n<meta property=\"og:url\" content=\"https:\/\/madame-sensuelle.paris\/fr\/product\/mitaines-cosmic-dream-en-broderie-graphique-transparente\/\" \/>\n<meta property=\"og:site_name\" content=\"Madame Sensuelle\" \/>\n<meta property=\"article:publisher\" content=\"https:\/\/www.facebook.com\/madamesensuelle\" \/>\n<meta property=\"article:modified_time\" content=\"2026-04-18T13:44:58+00:00\" \/>\n<meta property=\"og:image\" content=\"http:\/\/madame-sensuelle.paris\/wp-content\/uploads\/2025\/04\/XSHD1TJ61712.webp\" \/>\n\t<meta property=\"og:image:width\" content=\"800\" \/>\n\t<meta property=\"og:image:height\" content=\"1133\" \/>\n\t<meta property=\"og:image:type\" content=\"image\/webp\" \/>\n<meta name=\"twitter:card\" content=\"summary_large_image\" \/>\n<meta name=\"twitter:label1\" content=\"Dur\u00e9e de lecture estim\u00e9e\" \/>\n\t<meta name=\"twitter:data1\" content=\"2 minutes\" \/>\n<script type=\"application\/ld+json\" class=\"yoast-schema-graph\">{\"@context\":\"https:\\\/\\\/schema.org\",\"@graph\":[{\"@type\":\"WebPage\",\"@id\":\"https:\\\/\\\/madame-sensuelle.paris\\\/fr\\\/product\\\/mitaines-cosmic-dream-en-broderie-graphique-transparente\\\/\",\"url\":\"https:\\\/\\\/madame-sensuelle.paris\\\/fr\\\/product\\\/mitaines-cosmic-dream-en-broderie-graphique-transparente\\\/\",\"name\":\"Mitaines Cosmic Dream - Madame Sensuelle\",\"isPartOf\":{\"@id\":\"https:\\\/\\\/madame-sensuelle.paris\\\/fr\\\/#website\"},\"primaryImageOfPage\":{\"@id\":\"https:\\\/\\\/madame-sensuelle.paris\\\/fr\\\/product\\\/mitaines-cosmic-dream-en-broderie-graphique-transparente\\\/#primaryimage\"},\"image\":{\"@id\":\"https:\\\/\\\/madame-sensuelle.paris\\\/fr\\\/product\\\/mitaines-cosmic-dream-en-broderie-graphique-transparente\\\/#primaryimage\"},\"thumbnailUrl\":\"https:\\\/\\\/madame-sensuelle.paris\\\/wp-content\\\/uploads\\\/2025\\\/04\\\/XSHD1TJ61712.webp\",\"datePublished\":\"2025-04-05T14:00:00+00:00\",\"dateModified\":\"2026-04-18T13:44:58+00:00\",\"description\":\"D\u00e9couvrez les mitaines Cosmic Dream en tissu transparent avec broderie graphique. Elles apportent myst\u00e8re et s\u00e9duction\",\"breadcrumb\":{\"@id\":\"https:\\\/\\\/madame-sensuelle.paris\\\/fr\\\/product\\\/mitaines-cosmic-dream-en-broderie-graphique-transparente\\\/#breadcrumb\"},\"inLanguage\":\"fr-FR\",\"potentialAction\":[{\"@type\":\"ReadAction\",\"target\":[\"https:\\\/\\\/madame-sensuelle.paris\\\/fr\\\/product\\\/mitaines-cosmic-dream-en-broderie-graphique-transparente\\\/\"]}]},{\"@type\":\"ImageObject\",\"inLanguage\":\"fr-FR\",\"@id\":\"https:\\\/\\\/madame-sensuelle.paris\\\/fr\\\/product\\\/mitaines-cosmic-dream-en-broderie-graphique-transparente\\\/#primaryimage\",\"url\":\"https:\\\/\\\/madame-sensuelle.paris\\\/wp-content\\\/uploads\\\/2025\\\/04\\\/XSHD1TJ61712.webp\",\"contentUrl\":\"https:\\\/\\\/madame-sensuelle.paris\\\/wp-content\\\/uploads\\\/2025\\\/04\\\/XSHD1TJ61712.webp\",\"width\":800,\"height\":1133},{\"@type\":\"BreadcrumbList\",\"@id\":\"https:\\\/\\\/madame-sensuelle.paris\\\/fr\\\/product\\\/mitaines-cosmic-dream-en-broderie-graphique-transparente\\\/#breadcrumb\",\"itemListElement\":[{\"@type\":\"ListItem\",\"position\":1,\"name\":\"Acceuil\",\"item\":\"https:\\\/\\\/madame-sensuelle.paris\\\/fr\\\/\"},{\"@type\":\"ListItem\",\"position\":2,\"name\":\"Catalogue\",\"item\":\"https:\\\/\\\/madame-sensuelle.paris\\\/fr\\\/catalogue\\\/\"},{\"@type\":\"ListItem\",\"position\":3,\"name\":\"ATELIER AMOUR\",\"item\":\"https:\\\/\\\/madame-sensuelle.paris\\\/fr\\\/brand\\\/atelier-amour\\\/\"},{\"@type\":\"ListItem\",\"position\":4,\"name\":\"Mitaines Cosmic Dream en broderie graphique transparente.\"}]},{\"@type\":\"WebSite\",\"@id\":\"https:\\\/\\\/madame-sensuelle.paris\\\/fr\\\/#website\",\"url\":\"https:\\\/\\\/madame-sensuelle.paris\\\/fr\\\/\",\"name\":\"MADAME SENSUELLE\",\"description\":\"MADAME SENSUELLE: Found the biggest exciting brands of chic &amp; SEXY LINGERIE in Paris Boutique and on the WEB: Aubade, Dita Von Teese, Maison Close, Marjolaine, Bluebella, Atelier Amour, Luxxa, Catanzaro, Gracija Rim. You will found the big pleasure of sexy belt or bra make for you\",\"publisher\":{\"@id\":\"https:\\\/\\\/madame-sensuelle.paris\\\/fr\\\/#organization\"},\"potentialAction\":[{\"@type\":\"SearchAction\",\"target\":{\"@type\":\"EntryPoint\",\"urlTemplate\":\"https:\\\/\\\/madame-sensuelle.paris\\\/fr\\\/?s={search_term_string}\"},\"query-input\":{\"@type\":\"PropertyValueSpecification\",\"valueRequired\":true,\"valueName\":\"search_term_string\"}}],\"inLanguage\":\"fr-FR\"},{\"@type\":\"Organization\",\"@id\":\"https:\\\/\\\/madame-sensuelle.paris\\\/fr\\\/#organization\",\"name\":\"Madame Sensuelle\",\"url\":\"https:\\\/\\\/madame-sensuelle.paris\\\/fr\\\/\",\"logo\":{\"@type\":\"ImageObject\",\"inLanguage\":\"fr-FR\",\"@id\":\"https:\\\/\\\/madame-sensuelle.paris\\\/fr\\\/#\\\/schema\\\/logo\\\/image\\\/\",\"url\":\"https:\\\/\\\/madame-sensuelle.paris\\\/wp-content\\\/uploads\\\/2024\\\/12\\\/logo_a-1-1_696.webp\",\"contentUrl\":\"https:\\\/\\\/madame-sensuelle.paris\\\/wp-content\\\/uploads\\\/2024\\\/12\\\/logo_a-1-1_696.webp\",\"width\":696,\"height\":696,\"caption\":\"Madame Sensuelle\"},\"image\":{\"@id\":\"https:\\\/\\\/madame-sensuelle.paris\\\/fr\\\/#\\\/schema\\\/logo\\\/image\\\/\"},\"sameAs\":[\"https:\\\/\\\/www.facebook.com\\\/madamesensuelle\",\"https:\\\/\\\/www.instagram.com\\\/madame_sensuelle\\\/\"]}]}<\/script>\n<!-- \/ Yoast SEO plugin. -->","yoast_head_json":{"title":"Mitaines Cosmic Dream - Madame Sensuelle","description":"D\u00e9couvrez les mitaines Cosmic Dream en tissu transparent avec broderie graphique. Elles apportent myst\u00e8re et s\u00e9duction","robots":{"index":"index","follow":"follow","max-snippet":"max-snippet:-1","max-image-preview":"max-image-preview:large","max-video-preview":"max-video-preview:-1"},"canonical":"https:\/\/madame-sensuelle.paris\/fr\/product\/mitaines-cosmic-dream-en-broderie-graphique-transparente\/","og_locale":"fr_FR","og_type":"article","og_title":"Mitaines Cosmic Dream - Madame Sensuelle","og_description":"D\u00e9couvrez les mitaines Cosmic Dream en tissu transparent avec broderie graphique. Elles apportent myst\u00e8re et s\u00e9duction","og_url":"https:\/\/madame-sensuelle.paris\/fr\/product\/mitaines-cosmic-dream-en-broderie-graphique-transparente\/","og_site_name":"Madame Sensuelle","article_publisher":"https:\/\/www.facebook.com\/madamesensuelle","article_modified_time":"2026-04-18T13:44:58+00:00","og_image":[{"width":800,"height":1133,"url":"http:\/\/madame-sensuelle.paris\/wp-content\/uploads\/2025\/04\/XSHD1TJ61712.webp","type":"image\/webp"}],"twitter_card":"summary_large_image","twitter_misc":{"Dur\u00e9e de lecture estim\u00e9e":"2 minutes"},"schema":{"@context":"https:\/\/schema.org","@graph":[{"@type":"WebPage","@id":"https:\/\/madame-sensuelle.paris\/fr\/product\/mitaines-cosmic-dream-en-broderie-graphique-transparente\/","url":"https:\/\/madame-sensuelle.paris\/fr\/product\/mitaines-cosmic-dream-en-broderie-graphique-transparente\/","name":"Mitaines Cosmic Dream - Madame Sensuelle","isPartOf":{"@id":"https:\/\/madame-sensuelle.paris\/fr\/#website"},"primaryImageOfPage":{"@id":"https:\/\/madame-sensuelle.paris\/fr\/product\/mitaines-cosmic-dream-en-broderie-graphique-transparente\/#primaryimage"},"image":{"@id":"https:\/\/madame-sensuelle.paris\/fr\/product\/mitaines-cosmic-dream-en-broderie-graphique-transparente\/#primaryimage"},"thumbnailUrl":"https:\/\/madame-sensuelle.paris\/wp-content\/uploads\/2025\/04\/XSHD1TJ61712.webp","datePublished":"2025-04-05T14:00:00+00:00","dateModified":"2026-04-18T13:44:58+00:00","description":"D\u00e9couvrez les mitaines Cosmic Dream en tissu transparent avec broderie graphique. Elles apportent myst\u00e8re et s\u00e9duction","breadcrumb":{"@id":"https:\/\/madame-sensuelle.paris\/fr\/product\/mitaines-cosmic-dream-en-broderie-graphique-transparente\/#breadcrumb"},"inLanguage":"fr-FR","potentialAction":[{"@type":"ReadAction","target":["https:\/\/madame-sensuelle.paris\/fr\/product\/mitaines-cosmic-dream-en-broderie-graphique-transparente\/"]}]},{"@type":"ImageObject","inLanguage":"fr-FR","@id":"https:\/\/madame-sensuelle.paris\/fr\/product\/mitaines-cosmic-dream-en-broderie-graphique-transparente\/#primaryimage","url":"https:\/\/madame-sensuelle.paris\/wp-content\/uploads\/2025\/04\/XSHD1TJ61712.webp","contentUrl":"https:\/\/madame-sensuelle.paris\/wp-content\/uploads\/2025\/04\/XSHD1TJ61712.webp","width":800,"height":1133},{"@type":"BreadcrumbList","@id":"https:\/\/madame-sensuelle.paris\/fr\/product\/mitaines-cosmic-dream-en-broderie-graphique-transparente\/#breadcrumb","itemListElement":[{"@type":"ListItem","position":1,"name":"Acceuil","item":"https:\/\/madame-sensuelle.paris\/fr\/"},{"@type":"ListItem","position":2,"name":"Catalogue","item":"https:\/\/madame-sensuelle.paris\/fr\/catalogue\/"},{"@type":"ListItem","position":3,"name":"ATELIER AMOUR","item":"https:\/\/madame-sensuelle.paris\/fr\/brand\/atelier-amour\/"},{"@type":"ListItem","position":4,"name":"Mitaines Cosmic Dream en broderie graphique transparente."}]},{"@type":"WebSite","@id":"https:\/\/madame-sensuelle.paris\/fr\/#website","url":"https:\/\/madame-sensuelle.paris\/fr\/","name":"MADAME SENSUELLE","description":"MADAME SENSUELLE: Found the biggest exciting brands of chic &amp; SEXY LINGERIE in Paris Boutique and on the WEB: Aubade, Dita Von Teese, Maison Close, Marjolaine, Bluebella, Atelier Amour, Luxxa, Catanzaro, Gracija Rim. You will found the big pleasure of sexy belt or bra make for you","publisher":{"@id":"https:\/\/madame-sensuelle.paris\/fr\/#organization"},"potentialAction":[{"@type":"SearchAction","target":{"@type":"EntryPoint","urlTemplate":"https:\/\/madame-sensuelle.paris\/fr\/?s={search_term_string}"},"query-input":{"@type":"PropertyValueSpecification","valueRequired":true,"valueName":"search_term_string"}}],"inLanguage":"fr-FR"},{"@type":"Organization","@id":"https:\/\/madame-sensuelle.paris\/fr\/#organization","name":"Madame Sensuelle","url":"https:\/\/madame-sensuelle.paris\/fr\/","logo":{"@type":"ImageObject","inLanguage":"fr-FR","@id":"https:\/\/madame-sensuelle.paris\/fr\/#\/schema\/logo\/image\/","url":"https:\/\/madame-sensuelle.paris\/wp-content\/uploads\/2024\/12\/logo_a-1-1_696.webp","contentUrl":"https:\/\/madame-sensuelle.paris\/wp-content\/uploads\/2024\/12\/logo_a-1-1_696.webp","width":696,"height":696,"caption":"Madame Sensuelle"},"image":{"@id":"https:\/\/madame-sensuelle.paris\/fr\/#\/schema\/logo\/image\/"},"sameAs":["https:\/\/www.facebook.com\/madamesensuelle","https:\/\/www.instagram.com\/madame_sensuelle\/"]}]}},"brands":[{"id":2785,"name":"ATELIER AMOUR","slug":"atelier-amour"}],"_links":{"self":[{"href":"https:\/\/madame-sensuelle.paris\/fr\/wp-json\/wp\/v2\/product\/117694","targetHints":{"allow":["GET"]}}],"collection":[{"href":"https:\/\/madame-sensuelle.paris\/fr\/wp-json\/wp\/v2\/product"}],"about":[{"href":"https:\/\/madame-sensuelle.paris\/fr\/wp-json\/wp\/v2\/types\/product"}],"version-history":[{"count":1,"href":"https:\/\/madame-sensuelle.paris\/fr\/wp-json\/wp\/v2\/product\/117694\/revisions"}],"predecessor-version":[{"id":121559,"href":"https:\/\/madame-sensuelle.paris\/fr\/wp-json\/wp\/v2\/product\/117694\/revisions\/121559"}],"wp:featuredmedia":[{"embeddable":true,"href":"https:\/\/madame-sensuelle.paris\/fr\/wp-json\/wp\/v2\/media\/117686"}],"wp:attachment":[{"href":"https:\/\/madame-sensuelle.paris\/fr\/wp-json\/wp\/v2\/media?parent=117694"}],"wp:term":[{"taxonomy":"pwb-brand","embeddable":true,"href":"https:\/\/madame-sensuelle.paris\/fr\/wp-json\/wp\/v2\/pwb-brand?post=117694"},{"taxonomy":"product_brand","embeddable":true,"href":"https:\/\/madame-sensuelle.paris\/fr\/wp-json\/wp\/v2\/product_brand?post=117694"},{"taxonomy":"product_cat","embeddable":true,"href":"https:\/\/madame-sensuelle.paris\/fr\/wp-json\/wp\/v2\/product_cat?post=117694"},{"taxonomy":"product_tag","embeddable":true,"href":"https:\/\/madame-sensuelle.paris\/fr\/wp-json\/wp\/v2\/product_tag?post=117694"},{"taxonomy":"giftcard-category","embeddable":true,"href":"https:\/\/madame-sensuelle.paris\/fr\/wp-json\/wp\/v2\/giftcard-category?post=117694"}],"curies":[{"name":"wp","href":"https:\/\/api.w.org\/{rel}","templated":true}]}}