{"id":117958,"date":"2025-04-15T09:18:26","date_gmt":"2025-04-15T09:18:26","guid":{"rendered":"https:\/\/madame-sensuelle.paris\/product\/porte-jarretelles-victresse-a-six-attaches-en-tulle-brode\/"},"modified":"2026-03-30T07:15:34","modified_gmt":"2026-03-30T07:15:34","slug":"porte-jarretelles-victresse-a-six-attaches-en-tulle-brode","status":"publish","type":"product","link":"https:\/\/madame-sensuelle.paris\/fr\/product\/porte-jarretelles-victresse-a-six-attaches-en-tulle-brode\/","title":{"rendered":"Porte-jarretelles Victresse \u00e0 six attaches en tulle brod\u00e9"},"content":{"rendered":"<p><span>Porte-jarretelles Victresse \u00e0 six attaches en tulle brod\u00e9<\/span><\/p><\/p>\n","protected":false},"excerpt":{"rendered":"<p><\/p>\n","protected":false},"featured_media":127326,"template":"","meta":[],"pwb-brand":[],"product_brand":[],"product_cat":[15],"product_tag":[],"giftcard-category":[],"class_list":{"0":"post-117958","1":"product","2":"type-product","3":"status-publish","4":"has-post-thumbnail","6":"product_cat-uncategorized","8":"first","9":"outofstock","10":"taxable","11":"shipping-taxable","12":"purchasable","13":"product-type-variable","14":"has-default-attributes"},"yoast_head":"<!-- This site is optimized with the Yoast SEO plugin v27.3 - https:\/\/yoast.com\/product\/yoast-seo-wordpress\/ -->\n<title>Porte-jarretelles Victresse \u00e0 six attaches en tulle brod\u00e9 \u2013 - Madame Sensuelle<\/title>\n<meta name=\"description\" content=\"cliquer pour visionner l&#039;article : Un souffle de tentation en tulle rose brod\u00e9, d\u00e9licat et outrageusement sensuel. Ses six attaches dessinent la silhouette avec une pr\u00e9cision provocante, soulignant chaque courbe d\u2019un \u00e9rotisme assum\u00e9. Une pi\u00e8ce exquise, \u00e0 la fois douce et dangereuse... pour celles qui aiment faire chavirer les regards\" \/>\n<meta name=\"robots\" content=\"index, follow, max-snippet:-1, max-image-preview:large, max-video-preview:-1\" \/>\n<link rel=\"canonical\" href=\"https:\/\/madame-sensuelle.paris\/fr\/product\/porte-jarretelles-victresse-a-six-attaches-en-tulle-brode\/\" \/>\n<meta property=\"og:locale\" content=\"fr_FR\" \/>\n<meta property=\"og:type\" content=\"article\" \/>\n<meta property=\"og:title\" content=\"Porte-jarretelles Victresse \u00e0 six attaches en tulle brod\u00e9 \u2013 - Madame Sensuelle\" \/>\n<meta property=\"og:description\" content=\"cliquer pour visionner l&#039;article : Un souffle de tentation en tulle rose brod\u00e9, d\u00e9licat et outrageusement sensuel. Ses six attaches dessinent la silhouette avec une pr\u00e9cision provocante, soulignant chaque courbe d\u2019un \u00e9rotisme assum\u00e9. Une pi\u00e8ce exquise, \u00e0 la fois douce et dangereuse... pour celles qui aiment faire chavirer les regards\" \/>\n<meta property=\"og:url\" content=\"https:\/\/madame-sensuelle.paris\/fr\/product\/porte-jarretelles-victresse-a-six-attaches-en-tulle-brode\/\" \/>\n<meta property=\"og:site_name\" content=\"Madame Sensuelle\" \/>\n<meta property=\"article:publisher\" content=\"https:\/\/www.facebook.com\/madamesensuelle\" \/>\n<meta property=\"article:modified_time\" content=\"2026-03-30T07:15:34+00:00\" \/>\n<meta property=\"og:image\" content=\"https:\/\/madame-sensuelle.paris\/wp-content\/uploads\/2025\/05\/XSHD1TJ61739.jpg\" \/>\n\t<meta property=\"og:image:width\" content=\"1064\" \/>\n\t<meta property=\"og:image:height\" content=\"1600\" \/>\n\t<meta property=\"og:image:type\" content=\"image\/jpeg\" \/>\n<meta name=\"twitter:card\" content=\"summary_large_image\" \/>\n<meta name=\"twitter:label1\" content=\"Dur\u00e9e de lecture estim\u00e9e\" \/>\n\t<meta name=\"twitter:data1\" content=\"1 minute\" \/>\n<script type=\"application\/ld+json\" class=\"yoast-schema-graph\">{\"@context\":\"https:\\\/\\\/schema.org\",\"@graph\":[{\"@type\":\"WebPage\",\"@id\":\"https:\\\/\\\/madame-sensuelle.paris\\\/fr\\\/product\\\/porte-jarretelles-victresse-a-six-attaches-en-tulle-brode\\\/\",\"url\":\"https:\\\/\\\/madame-sensuelle.paris\\\/fr\\\/product\\\/porte-jarretelles-victresse-a-six-attaches-en-tulle-brode\\\/\",\"name\":\"Porte-jarretelles Victresse \u00e0 six attaches en tulle brod\u00e9 \u2013 - Madame Sensuelle\",\"isPartOf\":{\"@id\":\"https:\\\/\\\/madame-sensuelle.paris\\\/fr\\\/#website\"},\"primaryImageOfPage\":{\"@id\":\"https:\\\/\\\/madame-sensuelle.paris\\\/fr\\\/product\\\/porte-jarretelles-victresse-a-six-attaches-en-tulle-brode\\\/#primaryimage\"},\"image\":{\"@id\":\"https:\\\/\\\/madame-sensuelle.paris\\\/fr\\\/product\\\/porte-jarretelles-victresse-a-six-attaches-en-tulle-brode\\\/#primaryimage\"},\"thumbnailUrl\":\"https:\\\/\\\/madame-sensuelle.paris\\\/wp-content\\\/uploads\\\/2026\\\/03\\\/XSHD1TJ61739.jpg\",\"datePublished\":\"2025-04-15T09:18:26+00:00\",\"dateModified\":\"2026-03-30T07:15:34+00:00\",\"description\":\"cliquer pour visionner l'article : Un souffle de tentation en tulle rose brod\u00e9, d\u00e9licat et outrageusement sensuel. Ses six attaches dessinent la silhouette avec une pr\u00e9cision provocante, soulignant chaque courbe d\u2019un \u00e9rotisme assum\u00e9. Une pi\u00e8ce exquise, \u00e0 la fois douce et dangereuse... pour celles qui aiment faire chavirer les regards\",\"breadcrumb\":{\"@id\":\"https:\\\/\\\/madame-sensuelle.paris\\\/fr\\\/product\\\/porte-jarretelles-victresse-a-six-attaches-en-tulle-brode\\\/#breadcrumb\"},\"inLanguage\":\"fr-FR\",\"potentialAction\":[{\"@type\":\"ReadAction\",\"target\":[\"https:\\\/\\\/madame-sensuelle.paris\\\/fr\\\/product\\\/porte-jarretelles-victresse-a-six-attaches-en-tulle-brode\\\/\"]}]},{\"@type\":\"ImageObject\",\"inLanguage\":\"fr-FR\",\"@id\":\"https:\\\/\\\/madame-sensuelle.paris\\\/fr\\\/product\\\/porte-jarretelles-victresse-a-six-attaches-en-tulle-brode\\\/#primaryimage\",\"url\":\"https:\\\/\\\/madame-sensuelle.paris\\\/wp-content\\\/uploads\\\/2026\\\/03\\\/XSHD1TJ61739.jpg\",\"contentUrl\":\"https:\\\/\\\/madame-sensuelle.paris\\\/wp-content\\\/uploads\\\/2026\\\/03\\\/XSHD1TJ61739.jpg\",\"width\":1064,\"height\":1600},{\"@type\":\"BreadcrumbList\",\"@id\":\"https:\\\/\\\/madame-sensuelle.paris\\\/fr\\\/product\\\/porte-jarretelles-victresse-a-six-attaches-en-tulle-brode\\\/#breadcrumb\",\"itemListElement\":[{\"@type\":\"ListItem\",\"position\":1,\"name\":\"Acceuil\",\"item\":\"https:\\\/\\\/madame-sensuelle.paris\\\/fr\\\/\"},{\"@type\":\"ListItem\",\"position\":2,\"name\":\"Catalogue\",\"item\":\"https:\\\/\\\/madame-sensuelle.paris\\\/fr\\\/catalogue\\\/\"},{\"@type\":\"ListItem\",\"position\":3,\"name\":\"DITA VON TEESE\",\"item\":\"https:\\\/\\\/madame-sensuelle.paris\\\/fr\\\/brand\\\/dita-von-teese\\\/\"},{\"@type\":\"ListItem\",\"position\":4,\"name\":\"Porte-jarretelles Victresse \u00e0 six attaches en tulle brod\u00e9\"}]},{\"@type\":\"WebSite\",\"@id\":\"https:\\\/\\\/madame-sensuelle.paris\\\/fr\\\/#website\",\"url\":\"https:\\\/\\\/madame-sensuelle.paris\\\/fr\\\/\",\"name\":\"MADAME SENSUELLE\",\"description\":\"MADAME SENSUELLE: Found the biggest exciting brands of chic &amp; SEXY LINGERIE in Paris Boutique and on the WEB: Aubade, Dita Von Teese, Maison Close, Marjolaine, Bluebella, Atelier Amour, Luxxa, Catanzaro, Gracija Rim. You will found the big pleasure of sexy belt or bra make for you\",\"publisher\":{\"@id\":\"https:\\\/\\\/madame-sensuelle.paris\\\/fr\\\/#organization\"},\"potentialAction\":[{\"@type\":\"SearchAction\",\"target\":{\"@type\":\"EntryPoint\",\"urlTemplate\":\"https:\\\/\\\/madame-sensuelle.paris\\\/fr\\\/?s={search_term_string}\"},\"query-input\":{\"@type\":\"PropertyValueSpecification\",\"valueRequired\":true,\"valueName\":\"search_term_string\"}}],\"inLanguage\":\"fr-FR\"},{\"@type\":\"Organization\",\"@id\":\"https:\\\/\\\/madame-sensuelle.paris\\\/fr\\\/#organization\",\"name\":\"Madame Sensuelle\",\"url\":\"https:\\\/\\\/madame-sensuelle.paris\\\/fr\\\/\",\"logo\":{\"@type\":\"ImageObject\",\"inLanguage\":\"fr-FR\",\"@id\":\"https:\\\/\\\/madame-sensuelle.paris\\\/fr\\\/#\\\/schema\\\/logo\\\/image\\\/\",\"url\":\"https:\\\/\\\/madame-sensuelle.paris\\\/wp-content\\\/uploads\\\/2024\\\/12\\\/logo_a-1-1_696.webp\",\"contentUrl\":\"https:\\\/\\\/madame-sensuelle.paris\\\/wp-content\\\/uploads\\\/2024\\\/12\\\/logo_a-1-1_696.webp\",\"width\":696,\"height\":696,\"caption\":\"Madame Sensuelle\"},\"image\":{\"@id\":\"https:\\\/\\\/madame-sensuelle.paris\\\/fr\\\/#\\\/schema\\\/logo\\\/image\\\/\"},\"sameAs\":[\"https:\\\/\\\/www.facebook.com\\\/madamesensuelle\",\"https:\\\/\\\/www.instagram.com\\\/madame_sensuelle\\\/\"]}]}<\/script>\n<!-- \/ Yoast SEO plugin. -->","yoast_head_json":{"title":"Porte-jarretelles Victresse \u00e0 six attaches en tulle brod\u00e9 \u2013 - Madame Sensuelle","description":"cliquer pour visionner l'article : Un souffle de tentation en tulle rose brod\u00e9, d\u00e9licat et outrageusement sensuel. Ses six attaches dessinent la silhouette avec une pr\u00e9cision provocante, soulignant chaque courbe d\u2019un \u00e9rotisme assum\u00e9. Une pi\u00e8ce exquise, \u00e0 la fois douce et dangereuse... pour celles qui aiment faire chavirer les regards","robots":{"index":"index","follow":"follow","max-snippet":"max-snippet:-1","max-image-preview":"max-image-preview:large","max-video-preview":"max-video-preview:-1"},"canonical":"https:\/\/madame-sensuelle.paris\/fr\/product\/porte-jarretelles-victresse-a-six-attaches-en-tulle-brode\/","og_locale":"fr_FR","og_type":"article","og_title":"Porte-jarretelles Victresse \u00e0 six attaches en tulle brod\u00e9 \u2013 - Madame Sensuelle","og_description":"cliquer pour visionner l'article : Un souffle de tentation en tulle rose brod\u00e9, d\u00e9licat et outrageusement sensuel. Ses six attaches dessinent la silhouette avec une pr\u00e9cision provocante, soulignant chaque courbe d\u2019un \u00e9rotisme assum\u00e9. Une pi\u00e8ce exquise, \u00e0 la fois douce et dangereuse... pour celles qui aiment faire chavirer les regards","og_url":"https:\/\/madame-sensuelle.paris\/fr\/product\/porte-jarretelles-victresse-a-six-attaches-en-tulle-brode\/","og_site_name":"Madame Sensuelle","article_publisher":"https:\/\/www.facebook.com\/madamesensuelle","article_modified_time":"2026-03-30T07:15:34+00:00","og_image":[{"width":1064,"height":1600,"url":"https:\/\/madame-sensuelle.paris\/wp-content\/uploads\/2025\/05\/XSHD1TJ61739.jpg","type":"image\/jpeg"}],"twitter_card":"summary_large_image","twitter_misc":{"Dur\u00e9e de lecture estim\u00e9e":"1 minute"},"schema":{"@context":"https:\/\/schema.org","@graph":[{"@type":"WebPage","@id":"https:\/\/madame-sensuelle.paris\/fr\/product\/porte-jarretelles-victresse-a-six-attaches-en-tulle-brode\/","url":"https:\/\/madame-sensuelle.paris\/fr\/product\/porte-jarretelles-victresse-a-six-attaches-en-tulle-brode\/","name":"Porte-jarretelles Victresse \u00e0 six attaches en tulle brod\u00e9 \u2013 - Madame Sensuelle","isPartOf":{"@id":"https:\/\/madame-sensuelle.paris\/fr\/#website"},"primaryImageOfPage":{"@id":"https:\/\/madame-sensuelle.paris\/fr\/product\/porte-jarretelles-victresse-a-six-attaches-en-tulle-brode\/#primaryimage"},"image":{"@id":"https:\/\/madame-sensuelle.paris\/fr\/product\/porte-jarretelles-victresse-a-six-attaches-en-tulle-brode\/#primaryimage"},"thumbnailUrl":"https:\/\/madame-sensuelle.paris\/wp-content\/uploads\/2026\/03\/XSHD1TJ61739.jpg","datePublished":"2025-04-15T09:18:26+00:00","dateModified":"2026-03-30T07:15:34+00:00","description":"cliquer pour visionner l'article : Un souffle de tentation en tulle rose brod\u00e9, d\u00e9licat et outrageusement sensuel. Ses six attaches dessinent la silhouette avec une pr\u00e9cision provocante, soulignant chaque courbe d\u2019un \u00e9rotisme assum\u00e9. Une pi\u00e8ce exquise, \u00e0 la fois douce et dangereuse... pour celles qui aiment faire chavirer les regards","breadcrumb":{"@id":"https:\/\/madame-sensuelle.paris\/fr\/product\/porte-jarretelles-victresse-a-six-attaches-en-tulle-brode\/#breadcrumb"},"inLanguage":"fr-FR","potentialAction":[{"@type":"ReadAction","target":["https:\/\/madame-sensuelle.paris\/fr\/product\/porte-jarretelles-victresse-a-six-attaches-en-tulle-brode\/"]}]},{"@type":"ImageObject","inLanguage":"fr-FR","@id":"https:\/\/madame-sensuelle.paris\/fr\/product\/porte-jarretelles-victresse-a-six-attaches-en-tulle-brode\/#primaryimage","url":"https:\/\/madame-sensuelle.paris\/wp-content\/uploads\/2026\/03\/XSHD1TJ61739.jpg","contentUrl":"https:\/\/madame-sensuelle.paris\/wp-content\/uploads\/2026\/03\/XSHD1TJ61739.jpg","width":1064,"height":1600},{"@type":"BreadcrumbList","@id":"https:\/\/madame-sensuelle.paris\/fr\/product\/porte-jarretelles-victresse-a-six-attaches-en-tulle-brode\/#breadcrumb","itemListElement":[{"@type":"ListItem","position":1,"name":"Acceuil","item":"https:\/\/madame-sensuelle.paris\/fr\/"},{"@type":"ListItem","position":2,"name":"Catalogue","item":"https:\/\/madame-sensuelle.paris\/fr\/catalogue\/"},{"@type":"ListItem","position":3,"name":"DITA VON TEESE","item":"https:\/\/madame-sensuelle.paris\/fr\/brand\/dita-von-teese\/"},{"@type":"ListItem","position":4,"name":"Porte-jarretelles Victresse \u00e0 six attaches en tulle brod\u00e9"}]},{"@type":"WebSite","@id":"https:\/\/madame-sensuelle.paris\/fr\/#website","url":"https:\/\/madame-sensuelle.paris\/fr\/","name":"MADAME SENSUELLE","description":"MADAME SENSUELLE: Found the biggest exciting brands of chic &amp; SEXY LINGERIE in Paris Boutique and on the WEB: Aubade, Dita Von Teese, Maison Close, Marjolaine, Bluebella, Atelier Amour, Luxxa, Catanzaro, Gracija Rim. You will found the big pleasure of sexy belt or bra make for you","publisher":{"@id":"https:\/\/madame-sensuelle.paris\/fr\/#organization"},"potentialAction":[{"@type":"SearchAction","target":{"@type":"EntryPoint","urlTemplate":"https:\/\/madame-sensuelle.paris\/fr\/?s={search_term_string}"},"query-input":{"@type":"PropertyValueSpecification","valueRequired":true,"valueName":"search_term_string"}}],"inLanguage":"fr-FR"},{"@type":"Organization","@id":"https:\/\/madame-sensuelle.paris\/fr\/#organization","name":"Madame Sensuelle","url":"https:\/\/madame-sensuelle.paris\/fr\/","logo":{"@type":"ImageObject","inLanguage":"fr-FR","@id":"https:\/\/madame-sensuelle.paris\/fr\/#\/schema\/logo\/image\/","url":"https:\/\/madame-sensuelle.paris\/wp-content\/uploads\/2024\/12\/logo_a-1-1_696.webp","contentUrl":"https:\/\/madame-sensuelle.paris\/wp-content\/uploads\/2024\/12\/logo_a-1-1_696.webp","width":696,"height":696,"caption":"Madame Sensuelle"},"image":{"@id":"https:\/\/madame-sensuelle.paris\/fr\/#\/schema\/logo\/image\/"},"sameAs":["https:\/\/www.facebook.com\/madamesensuelle","https:\/\/www.instagram.com\/madame_sensuelle\/"]}]}},"brands":[],"_links":{"self":[{"href":"https:\/\/madame-sensuelle.paris\/fr\/wp-json\/wp\/v2\/product\/117958","targetHints":{"allow":["GET"]}}],"collection":[{"href":"https:\/\/madame-sensuelle.paris\/fr\/wp-json\/wp\/v2\/product"}],"about":[{"href":"https:\/\/madame-sensuelle.paris\/fr\/wp-json\/wp\/v2\/types\/product"}],"version-history":[{"count":1,"href":"https:\/\/madame-sensuelle.paris\/fr\/wp-json\/wp\/v2\/product\/117958\/revisions"}],"predecessor-version":[{"id":127329,"href":"https:\/\/madame-sensuelle.paris\/fr\/wp-json\/wp\/v2\/product\/117958\/revisions\/127329"}],"wp:featuredmedia":[{"embeddable":true,"href":"https:\/\/madame-sensuelle.paris\/fr\/wp-json\/wp\/v2\/media\/127326"}],"wp:attachment":[{"href":"https:\/\/madame-sensuelle.paris\/fr\/wp-json\/wp\/v2\/media?parent=117958"}],"wp:term":[{"taxonomy":"pwb-brand","embeddable":true,"href":"https:\/\/madame-sensuelle.paris\/fr\/wp-json\/wp\/v2\/pwb-brand?post=117958"},{"taxonomy":"product_brand","embeddable":true,"href":"https:\/\/madame-sensuelle.paris\/fr\/wp-json\/wp\/v2\/product_brand?post=117958"},{"taxonomy":"product_cat","embeddable":true,"href":"https:\/\/madame-sensuelle.paris\/fr\/wp-json\/wp\/v2\/product_cat?post=117958"},{"taxonomy":"product_tag","embeddable":true,"href":"https:\/\/madame-sensuelle.paris\/fr\/wp-json\/wp\/v2\/product_tag?post=117958"},{"taxonomy":"giftcard-category","embeddable":true,"href":"https:\/\/madame-sensuelle.paris\/fr\/wp-json\/wp\/v2\/giftcard-category?post=117958"}],"curies":[{"name":"wp","href":"https:\/\/api.w.org\/{rel}","templated":true}]}}