{"id":118088,"date":"2025-04-16T16:19:53","date_gmt":"2025-04-16T16:19:53","guid":{"rendered":"https:\/\/madame-sensuelle.paris\/product\/soutien-gorge-corbeille-lovella-en-tulle-brode-a-coeurs\/"},"modified":"2026-03-30T06:19:22","modified_gmt":"2026-03-30T06:19:22","slug":"soutien-gorge-corbeille-lovella-en-tulle-brode-a-coeurs","status":"publish","type":"product","link":"https:\/\/madame-sensuelle.paris\/fr\/product\/soutien-gorge-corbeille-lovella-en-tulle-brode-a-coeurs\/","title":{"rendered":"Soutien-gorge corbeille Lovella en tulle brod\u00e9 \u00e0 coeurs"},"content":{"rendered":"<p>&nbsp;<\/p>\n<p>Une d\u00e9licatesse assum\u00e9e.<br \/>\nLe tulle l\u00e9ger d\u00e9voile subtilement la peau, tandis que les broderies en forme de c\u0153urs dessinent un motif tendre et captivant. La coupe corbeille rehausse naturellement la poitrine avec \u00e9l\u00e9gance.<br \/>\nLovella habille le corps comme une confidence \u00e0 peine murmur\u00e9e.<\/p>\n","protected":false},"excerpt":{"rendered":"<p>&nbsp; Une d\u00e9licatesse assum\u00e9e. Le tulle l\u00e9ger d\u00e9voile subtilement la peau, tandis que les broderies en forme de c\u0153urs dessinent un motif tendre et captivant. La coupe corbeille rehausse naturellement la poitrine avec \u00e9l\u00e9gance. Lovella habille le corps comme une confidence \u00e0 peine murmur\u00e9e.<\/p>\n","protected":false},"featured_media":118080,"template":"","meta":[],"pwb-brand":[2765],"product_brand":[],"product_cat":[3083,1245,1257,3367],"product_tag":[],"giftcard-category":[],"class_list":{"0":"post-118088","1":"product","2":"type-product","3":"status-publish","4":"has-post-thumbnail","6":"pwb-brand-dita-von-teese","7":"product_cat-soutien-gorge-en-corbeille","8":"product_cat-lingerie-sexy-femme-erotique-et-glamour","9":"product_cat-soutiens-gorge","10":"product_cat-show-main","11":"pa_collection-lovella","13":"first","14":"instock","15":"taxable","16":"shipping-taxable","17":"purchasable","18":"product-type-variable","19":"has-default-attributes"},"yoast_head":"<!-- This site is optimized with the Yoast SEO plugin v27.3 - https:\/\/yoast.com\/product\/yoast-seo-wordpress\/ -->\n<title>Soutien-gorge corbeille Lovella en tulle brod\u00e9 \u00e0 coeurs \u2013 DITA VON TEESE - Madame Sensuelle<\/title>\n<meta name=\"description\" content=\"cliquer pour visionner l&#039;article : Une d\u00e9licatesse assum\u00e9e.Le tulle l\u00e9ger d\u00e9voile subtilement la peau, tandis que les broderies en forme de c\u0153urs dessinent un motif tendre et captivant. La coupe corbeille rehausse naturellement la poitrine avec \u00e9l\u00e9gance.Lovella habille le corps comme une confidence \u00e0 peine murmur\u00e9e.\" \/>\n<meta name=\"robots\" content=\"index, follow, max-snippet:-1, max-image-preview:large, max-video-preview:-1\" \/>\n<link rel=\"canonical\" href=\"https:\/\/madame-sensuelle.paris\/fr\/product\/soutien-gorge-corbeille-lovella-en-tulle-brode-a-coeurs\/\" \/>\n<meta property=\"og:locale\" content=\"fr_FR\" \/>\n<meta property=\"og:type\" content=\"article\" \/>\n<meta property=\"og:title\" content=\"Soutien-gorge corbeille Lovella en tulle brod\u00e9 \u00e0 coeurs \u2013 DITA VON TEESE - Madame Sensuelle\" \/>\n<meta property=\"og:description\" content=\"cliquer pour visionner l&#039;article : Une d\u00e9licatesse assum\u00e9e.Le tulle l\u00e9ger d\u00e9voile subtilement la peau, tandis que les broderies en forme de c\u0153urs dessinent un motif tendre et captivant. La coupe corbeille rehausse naturellement la poitrine avec \u00e9l\u00e9gance.Lovella habille le corps comme une confidence \u00e0 peine murmur\u00e9e.\" \/>\n<meta property=\"og:url\" content=\"https:\/\/madame-sensuelle.paris\/fr\/product\/soutien-gorge-corbeille-lovella-en-tulle-brode-a-coeurs\/\" \/>\n<meta property=\"og:site_name\" content=\"Madame Sensuelle\" \/>\n<meta property=\"article:publisher\" content=\"https:\/\/www.facebook.com\/madamesensuelle\" \/>\n<meta property=\"article:modified_time\" content=\"2026-03-30T06:19:22+00:00\" \/>\n<meta property=\"og:image\" content=\"http:\/\/madame-sensuelle.paris\/wp-content\/uploads\/2025\/04\/XSHD1TJ61772.jpg\" \/>\n\t<meta property=\"og:image:width\" content=\"1064\" \/>\n\t<meta property=\"og:image:height\" content=\"1600\" \/>\n\t<meta property=\"og:image:type\" content=\"image\/jpeg\" \/>\n<meta name=\"twitter:card\" content=\"summary_large_image\" \/>\n<meta name=\"twitter:label1\" content=\"Dur\u00e9e de lecture estim\u00e9e\" \/>\n\t<meta name=\"twitter:data1\" content=\"1 minute\" \/>\n<script type=\"application\/ld+json\" class=\"yoast-schema-graph\">{\"@context\":\"https:\\\/\\\/schema.org\",\"@graph\":[{\"@type\":\"WebPage\",\"@id\":\"https:\\\/\\\/madame-sensuelle.paris\\\/fr\\\/product\\\/soutien-gorge-corbeille-lovella-en-tulle-brode-a-coeurs\\\/\",\"url\":\"https:\\\/\\\/madame-sensuelle.paris\\\/fr\\\/product\\\/soutien-gorge-corbeille-lovella-en-tulle-brode-a-coeurs\\\/\",\"name\":\"Soutien-gorge corbeille Lovella en tulle brod\u00e9 \u00e0 coeurs \u2013 DITA VON TEESE - Madame Sensuelle\",\"isPartOf\":{\"@id\":\"https:\\\/\\\/madame-sensuelle.paris\\\/fr\\\/#website\"},\"primaryImageOfPage\":{\"@id\":\"https:\\\/\\\/madame-sensuelle.paris\\\/fr\\\/product\\\/soutien-gorge-corbeille-lovella-en-tulle-brode-a-coeurs\\\/#primaryimage\"},\"image\":{\"@id\":\"https:\\\/\\\/madame-sensuelle.paris\\\/fr\\\/product\\\/soutien-gorge-corbeille-lovella-en-tulle-brode-a-coeurs\\\/#primaryimage\"},\"thumbnailUrl\":\"https:\\\/\\\/madame-sensuelle.paris\\\/wp-content\\\/uploads\\\/2025\\\/04\\\/XSHD1TJ61772.jpg\",\"datePublished\":\"2025-04-16T16:19:53+00:00\",\"dateModified\":\"2026-03-30T06:19:22+00:00\",\"description\":\"cliquer pour visionner l'article : Une d\u00e9licatesse assum\u00e9e.Le tulle l\u00e9ger d\u00e9voile subtilement la peau, tandis que les broderies en forme de c\u0153urs dessinent un motif tendre et captivant. La coupe corbeille rehausse naturellement la poitrine avec \u00e9l\u00e9gance.Lovella habille le corps comme une confidence \u00e0 peine murmur\u00e9e.\",\"breadcrumb\":{\"@id\":\"https:\\\/\\\/madame-sensuelle.paris\\\/fr\\\/product\\\/soutien-gorge-corbeille-lovella-en-tulle-brode-a-coeurs\\\/#breadcrumb\"},\"inLanguage\":\"fr-FR\",\"potentialAction\":[{\"@type\":\"ReadAction\",\"target\":[\"https:\\\/\\\/madame-sensuelle.paris\\\/fr\\\/product\\\/soutien-gorge-corbeille-lovella-en-tulle-brode-a-coeurs\\\/\"]}]},{\"@type\":\"ImageObject\",\"inLanguage\":\"fr-FR\",\"@id\":\"https:\\\/\\\/madame-sensuelle.paris\\\/fr\\\/product\\\/soutien-gorge-corbeille-lovella-en-tulle-brode-a-coeurs\\\/#primaryimage\",\"url\":\"https:\\\/\\\/madame-sensuelle.paris\\\/wp-content\\\/uploads\\\/2025\\\/04\\\/XSHD1TJ61772.jpg\",\"contentUrl\":\"https:\\\/\\\/madame-sensuelle.paris\\\/wp-content\\\/uploads\\\/2025\\\/04\\\/XSHD1TJ61772.jpg\",\"width\":1064,\"height\":1600},{\"@type\":\"BreadcrumbList\",\"@id\":\"https:\\\/\\\/madame-sensuelle.paris\\\/fr\\\/product\\\/soutien-gorge-corbeille-lovella-en-tulle-brode-a-coeurs\\\/#breadcrumb\",\"itemListElement\":[{\"@type\":\"ListItem\",\"position\":1,\"name\":\"Acceuil\",\"item\":\"https:\\\/\\\/madame-sensuelle.paris\\\/fr\\\/\"},{\"@type\":\"ListItem\",\"position\":2,\"name\":\"Catalogue\",\"item\":\"https:\\\/\\\/madame-sensuelle.paris\\\/fr\\\/catalogue\\\/\"},{\"@type\":\"ListItem\",\"position\":3,\"name\":\"DITA VON TEESE\",\"item\":\"https:\\\/\\\/madame-sensuelle.paris\\\/fr\\\/brand\\\/dita-von-teese\\\/\"},{\"@type\":\"ListItem\",\"position\":4,\"name\":\"Soutien-gorge corbeille Lovella en tulle brod\u00e9 \u00e0 coeurs\"}]},{\"@type\":\"WebSite\",\"@id\":\"https:\\\/\\\/madame-sensuelle.paris\\\/fr\\\/#website\",\"url\":\"https:\\\/\\\/madame-sensuelle.paris\\\/fr\\\/\",\"name\":\"MADAME SENSUELLE\",\"description\":\"MADAME SENSUELLE: Found the biggest exciting brands of chic &amp; SEXY LINGERIE in Paris Boutique and on the WEB: Aubade, Dita Von Teese, Maison Close, Marjolaine, Bluebella, Atelier Amour, Luxxa, Catanzaro, Gracija Rim. You will found the big pleasure of sexy belt or bra make for you\",\"publisher\":{\"@id\":\"https:\\\/\\\/madame-sensuelle.paris\\\/fr\\\/#organization\"},\"potentialAction\":[{\"@type\":\"SearchAction\",\"target\":{\"@type\":\"EntryPoint\",\"urlTemplate\":\"https:\\\/\\\/madame-sensuelle.paris\\\/fr\\\/?s={search_term_string}\"},\"query-input\":{\"@type\":\"PropertyValueSpecification\",\"valueRequired\":true,\"valueName\":\"search_term_string\"}}],\"inLanguage\":\"fr-FR\"},{\"@type\":\"Organization\",\"@id\":\"https:\\\/\\\/madame-sensuelle.paris\\\/fr\\\/#organization\",\"name\":\"Madame Sensuelle\",\"url\":\"https:\\\/\\\/madame-sensuelle.paris\\\/fr\\\/\",\"logo\":{\"@type\":\"ImageObject\",\"inLanguage\":\"fr-FR\",\"@id\":\"https:\\\/\\\/madame-sensuelle.paris\\\/fr\\\/#\\\/schema\\\/logo\\\/image\\\/\",\"url\":\"https:\\\/\\\/madame-sensuelle.paris\\\/wp-content\\\/uploads\\\/2024\\\/12\\\/logo_a-1-1_696.webp\",\"contentUrl\":\"https:\\\/\\\/madame-sensuelle.paris\\\/wp-content\\\/uploads\\\/2024\\\/12\\\/logo_a-1-1_696.webp\",\"width\":696,\"height\":696,\"caption\":\"Madame Sensuelle\"},\"image\":{\"@id\":\"https:\\\/\\\/madame-sensuelle.paris\\\/fr\\\/#\\\/schema\\\/logo\\\/image\\\/\"},\"sameAs\":[\"https:\\\/\\\/www.facebook.com\\\/madamesensuelle\",\"https:\\\/\\\/www.instagram.com\\\/madame_sensuelle\\\/\"]}]}<\/script>\n<!-- \/ Yoast SEO plugin. -->","yoast_head_json":{"title":"Soutien-gorge corbeille Lovella en tulle brod\u00e9 \u00e0 coeurs \u2013 DITA VON TEESE - Madame Sensuelle","description":"cliquer pour visionner l'article : Une d\u00e9licatesse assum\u00e9e.Le tulle l\u00e9ger d\u00e9voile subtilement la peau, tandis que les broderies en forme de c\u0153urs dessinent un motif tendre et captivant. La coupe corbeille rehausse naturellement la poitrine avec \u00e9l\u00e9gance.Lovella habille le corps comme une confidence \u00e0 peine murmur\u00e9e.","robots":{"index":"index","follow":"follow","max-snippet":"max-snippet:-1","max-image-preview":"max-image-preview:large","max-video-preview":"max-video-preview:-1"},"canonical":"https:\/\/madame-sensuelle.paris\/fr\/product\/soutien-gorge-corbeille-lovella-en-tulle-brode-a-coeurs\/","og_locale":"fr_FR","og_type":"article","og_title":"Soutien-gorge corbeille Lovella en tulle brod\u00e9 \u00e0 coeurs \u2013 DITA VON TEESE - Madame Sensuelle","og_description":"cliquer pour visionner l'article : Une d\u00e9licatesse assum\u00e9e.Le tulle l\u00e9ger d\u00e9voile subtilement la peau, tandis que les broderies en forme de c\u0153urs dessinent un motif tendre et captivant. La coupe corbeille rehausse naturellement la poitrine avec \u00e9l\u00e9gance.Lovella habille le corps comme une confidence \u00e0 peine murmur\u00e9e.","og_url":"https:\/\/madame-sensuelle.paris\/fr\/product\/soutien-gorge-corbeille-lovella-en-tulle-brode-a-coeurs\/","og_site_name":"Madame Sensuelle","article_publisher":"https:\/\/www.facebook.com\/madamesensuelle","article_modified_time":"2026-03-30T06:19:22+00:00","og_image":[{"width":1064,"height":1600,"url":"http:\/\/madame-sensuelle.paris\/wp-content\/uploads\/2025\/04\/XSHD1TJ61772.jpg","type":"image\/jpeg"}],"twitter_card":"summary_large_image","twitter_misc":{"Dur\u00e9e de lecture estim\u00e9e":"1 minute"},"schema":{"@context":"https:\/\/schema.org","@graph":[{"@type":"WebPage","@id":"https:\/\/madame-sensuelle.paris\/fr\/product\/soutien-gorge-corbeille-lovella-en-tulle-brode-a-coeurs\/","url":"https:\/\/madame-sensuelle.paris\/fr\/product\/soutien-gorge-corbeille-lovella-en-tulle-brode-a-coeurs\/","name":"Soutien-gorge corbeille Lovella en tulle brod\u00e9 \u00e0 coeurs \u2013 DITA VON TEESE - Madame Sensuelle","isPartOf":{"@id":"https:\/\/madame-sensuelle.paris\/fr\/#website"},"primaryImageOfPage":{"@id":"https:\/\/madame-sensuelle.paris\/fr\/product\/soutien-gorge-corbeille-lovella-en-tulle-brode-a-coeurs\/#primaryimage"},"image":{"@id":"https:\/\/madame-sensuelle.paris\/fr\/product\/soutien-gorge-corbeille-lovella-en-tulle-brode-a-coeurs\/#primaryimage"},"thumbnailUrl":"https:\/\/madame-sensuelle.paris\/wp-content\/uploads\/2025\/04\/XSHD1TJ61772.jpg","datePublished":"2025-04-16T16:19:53+00:00","dateModified":"2026-03-30T06:19:22+00:00","description":"cliquer pour visionner l'article : Une d\u00e9licatesse assum\u00e9e.Le tulle l\u00e9ger d\u00e9voile subtilement la peau, tandis que les broderies en forme de c\u0153urs dessinent un motif tendre et captivant. La coupe corbeille rehausse naturellement la poitrine avec \u00e9l\u00e9gance.Lovella habille le corps comme une confidence \u00e0 peine murmur\u00e9e.","breadcrumb":{"@id":"https:\/\/madame-sensuelle.paris\/fr\/product\/soutien-gorge-corbeille-lovella-en-tulle-brode-a-coeurs\/#breadcrumb"},"inLanguage":"fr-FR","potentialAction":[{"@type":"ReadAction","target":["https:\/\/madame-sensuelle.paris\/fr\/product\/soutien-gorge-corbeille-lovella-en-tulle-brode-a-coeurs\/"]}]},{"@type":"ImageObject","inLanguage":"fr-FR","@id":"https:\/\/madame-sensuelle.paris\/fr\/product\/soutien-gorge-corbeille-lovella-en-tulle-brode-a-coeurs\/#primaryimage","url":"https:\/\/madame-sensuelle.paris\/wp-content\/uploads\/2025\/04\/XSHD1TJ61772.jpg","contentUrl":"https:\/\/madame-sensuelle.paris\/wp-content\/uploads\/2025\/04\/XSHD1TJ61772.jpg","width":1064,"height":1600},{"@type":"BreadcrumbList","@id":"https:\/\/madame-sensuelle.paris\/fr\/product\/soutien-gorge-corbeille-lovella-en-tulle-brode-a-coeurs\/#breadcrumb","itemListElement":[{"@type":"ListItem","position":1,"name":"Acceuil","item":"https:\/\/madame-sensuelle.paris\/fr\/"},{"@type":"ListItem","position":2,"name":"Catalogue","item":"https:\/\/madame-sensuelle.paris\/fr\/catalogue\/"},{"@type":"ListItem","position":3,"name":"DITA VON TEESE","item":"https:\/\/madame-sensuelle.paris\/fr\/brand\/dita-von-teese\/"},{"@type":"ListItem","position":4,"name":"Soutien-gorge corbeille Lovella en tulle brod\u00e9 \u00e0 coeurs"}]},{"@type":"WebSite","@id":"https:\/\/madame-sensuelle.paris\/fr\/#website","url":"https:\/\/madame-sensuelle.paris\/fr\/","name":"MADAME SENSUELLE","description":"MADAME SENSUELLE: Found the biggest exciting brands of chic &amp; SEXY LINGERIE in Paris Boutique and on the WEB: Aubade, Dita Von Teese, Maison Close, Marjolaine, Bluebella, Atelier Amour, Luxxa, Catanzaro, Gracija Rim. You will found the big pleasure of sexy belt or bra make for you","publisher":{"@id":"https:\/\/madame-sensuelle.paris\/fr\/#organization"},"potentialAction":[{"@type":"SearchAction","target":{"@type":"EntryPoint","urlTemplate":"https:\/\/madame-sensuelle.paris\/fr\/?s={search_term_string}"},"query-input":{"@type":"PropertyValueSpecification","valueRequired":true,"valueName":"search_term_string"}}],"inLanguage":"fr-FR"},{"@type":"Organization","@id":"https:\/\/madame-sensuelle.paris\/fr\/#organization","name":"Madame Sensuelle","url":"https:\/\/madame-sensuelle.paris\/fr\/","logo":{"@type":"ImageObject","inLanguage":"fr-FR","@id":"https:\/\/madame-sensuelle.paris\/fr\/#\/schema\/logo\/image\/","url":"https:\/\/madame-sensuelle.paris\/wp-content\/uploads\/2024\/12\/logo_a-1-1_696.webp","contentUrl":"https:\/\/madame-sensuelle.paris\/wp-content\/uploads\/2024\/12\/logo_a-1-1_696.webp","width":696,"height":696,"caption":"Madame Sensuelle"},"image":{"@id":"https:\/\/madame-sensuelle.paris\/fr\/#\/schema\/logo\/image\/"},"sameAs":["https:\/\/www.facebook.com\/madamesensuelle","https:\/\/www.instagram.com\/madame_sensuelle\/"]}]}},"brands":[{"id":2765,"name":"DITA VON TEESE","slug":"dita-von-teese"}],"_links":{"self":[{"href":"https:\/\/madame-sensuelle.paris\/fr\/wp-json\/wp\/v2\/product\/118088","targetHints":{"allow":["GET"]}}],"collection":[{"href":"https:\/\/madame-sensuelle.paris\/fr\/wp-json\/wp\/v2\/product"}],"about":[{"href":"https:\/\/madame-sensuelle.paris\/fr\/wp-json\/wp\/v2\/types\/product"}],"version-history":[{"count":1,"href":"https:\/\/madame-sensuelle.paris\/fr\/wp-json\/wp\/v2\/product\/118088\/revisions"}],"predecessor-version":[{"id":119207,"href":"https:\/\/madame-sensuelle.paris\/fr\/wp-json\/wp\/v2\/product\/118088\/revisions\/119207"}],"wp:featuredmedia":[{"embeddable":true,"href":"https:\/\/madame-sensuelle.paris\/fr\/wp-json\/wp\/v2\/media\/118080"}],"wp:attachment":[{"href":"https:\/\/madame-sensuelle.paris\/fr\/wp-json\/wp\/v2\/media?parent=118088"}],"wp:term":[{"taxonomy":"pwb-brand","embeddable":true,"href":"https:\/\/madame-sensuelle.paris\/fr\/wp-json\/wp\/v2\/pwb-brand?post=118088"},{"taxonomy":"product_brand","embeddable":true,"href":"https:\/\/madame-sensuelle.paris\/fr\/wp-json\/wp\/v2\/product_brand?post=118088"},{"taxonomy":"product_cat","embeddable":true,"href":"https:\/\/madame-sensuelle.paris\/fr\/wp-json\/wp\/v2\/product_cat?post=118088"},{"taxonomy":"product_tag","embeddable":true,"href":"https:\/\/madame-sensuelle.paris\/fr\/wp-json\/wp\/v2\/product_tag?post=118088"},{"taxonomy":"giftcard-category","embeddable":true,"href":"https:\/\/madame-sensuelle.paris\/fr\/wp-json\/wp\/v2\/giftcard-category?post=118088"}],"curies":[{"name":"wp","href":"https:\/\/api.w.org\/{rel}","templated":true}]}}