{"id":119552,"date":"2025-05-16T09:43:21","date_gmt":"2025-05-16T09:43:21","guid":{"rendered":"https:\/\/madame-sensuelle.paris\/product\/string-oiseau-de-paradis-en-tulle-brode\/"},"modified":"2026-04-18T09:05:12","modified_gmt":"2026-04-18T09:05:12","slug":"string-oiseau-de-paradis-en-tulle-brode","status":"publish","type":"product","link":"https:\/\/madame-sensuelle.paris\/fr\/product\/string-oiseau-de-paradis-en-tulle-brode\/","title":{"rendered":"String Oiseau de Paradis en tulle brod\u00e9"},"content":{"rendered":"<p><span>String Oiseau de Paradis en tulle brod\u00e9<\/span><\/p><\/p>\n","protected":false},"excerpt":{"rendered":"<p><\/p>\n","protected":false},"featured_media":127906,"template":"","meta":[],"pwb-brand":[],"product_brand":[],"product_cat":[15],"product_tag":[],"giftcard-category":[],"class_list":{"0":"post-119552","1":"product","2":"type-product","3":"status-publish","4":"has-post-thumbnail","6":"product_cat-uncategorized","8":"first","9":"outofstock","10":"taxable","11":"shipping-taxable","12":"purchasable","13":"product-type-variable","14":"has-default-attributes"},"yoast_head":"<!-- This site is optimized with the Yoast SEO plugin v27.4 - https:\/\/yoast.com\/product\/yoast-seo-wordpress\/ -->\n<title>String Oiseau de Paradis en tulle brod\u00e9<\/title>\n<meta name=\"description\" content=\"Faites l&#039;exp\u00e9rience de l&#039;\u00e9l\u00e9gance avec notre string exquis, fabriqu\u00e9 \u00e0 partir de tulle brod\u00e9 qui d\u00e9voile magnifiquement votre peau. Embrassez votre allure d\u00e8s aujourd&#039;hui !\" \/>\n<meta name=\"robots\" content=\"index, follow, max-snippet:-1, max-image-preview:large, max-video-preview:-1\" \/>\n<link rel=\"canonical\" href=\"https:\/\/madame-sensuelle.paris\/fr\/product\/string-oiseau-de-paradis-en-tulle-brode\/\" \/>\n<meta property=\"og:locale\" content=\"fr_FR\" \/>\n<meta property=\"og:type\" content=\"article\" \/>\n<meta property=\"og:title\" content=\"String Oiseau de Paradis en tulle brod\u00e9\" \/>\n<meta property=\"og:description\" content=\"Faites l&#039;exp\u00e9rience de l&#039;\u00e9l\u00e9gance avec notre string exquis, fabriqu\u00e9 \u00e0 partir de tulle brod\u00e9 qui d\u00e9voile magnifiquement votre peau. Embrassez votre allure d\u00e8s aujourd&#039;hui !\" \/>\n<meta property=\"og:url\" content=\"https:\/\/madame-sensuelle.paris\/fr\/product\/string-oiseau-de-paradis-en-tulle-brode\/\" \/>\n<meta property=\"og:site_name\" content=\"Madame Sensuelle\" \/>\n<meta property=\"article:publisher\" content=\"https:\/\/www.facebook.com\/madamesensuelle\" \/>\n<meta property=\"article:modified_time\" content=\"2026-04-18T09:05:12+00:00\" \/>\n<meta property=\"og:image\" content=\"https:\/\/madame-sensuelle.paris\/wp-content\/uploads\/2025\/05\/XSHD1TJ62022.webp\" \/>\n\t<meta property=\"og:image:width\" content=\"1600\" \/>\n\t<meta property=\"og:image:height\" content=\"1600\" \/>\n\t<meta property=\"og:image:type\" content=\"image\/webp\" \/>\n<meta name=\"twitter:card\" content=\"summary_large_image\" \/>\n<meta name=\"twitter:label1\" content=\"Dur\u00e9e de lecture estim\u00e9e\" \/>\n\t<meta name=\"twitter:data1\" content=\"2 minutes\" \/>\n<script type=\"application\/ld+json\" class=\"yoast-schema-graph\">{\"@context\":\"https:\\\/\\\/schema.org\",\"@graph\":[{\"@type\":\"WebPage\",\"@id\":\"https:\\\/\\\/madame-sensuelle.paris\\\/fr\\\/product\\\/string-oiseau-de-paradis-en-tulle-brode\\\/\",\"url\":\"https:\\\/\\\/madame-sensuelle.paris\\\/fr\\\/product\\\/string-oiseau-de-paradis-en-tulle-brode\\\/\",\"name\":\"String Oiseau de Paradis en tulle brod\u00e9\",\"isPartOf\":{\"@id\":\"https:\\\/\\\/madame-sensuelle.paris\\\/fr\\\/#website\"},\"primaryImageOfPage\":{\"@id\":\"https:\\\/\\\/madame-sensuelle.paris\\\/fr\\\/product\\\/string-oiseau-de-paradis-en-tulle-brode\\\/#primaryimage\"},\"image\":{\"@id\":\"https:\\\/\\\/madame-sensuelle.paris\\\/fr\\\/product\\\/string-oiseau-de-paradis-en-tulle-brode\\\/#primaryimage\"},\"thumbnailUrl\":\"https:\\\/\\\/madame-sensuelle.paris\\\/wp-content\\\/uploads\\\/2026\\\/03\\\/XSHD1TJ62022.webp\",\"datePublished\":\"2025-05-16T09:43:21+00:00\",\"dateModified\":\"2026-04-18T09:05:12+00:00\",\"description\":\"Faites l'exp\u00e9rience de l'\u00e9l\u00e9gance avec notre string exquis, fabriqu\u00e9 \u00e0 partir de tulle brod\u00e9 qui d\u00e9voile magnifiquement votre peau. Embrassez votre allure d\u00e8s aujourd'hui !\",\"breadcrumb\":{\"@id\":\"https:\\\/\\\/madame-sensuelle.paris\\\/fr\\\/product\\\/string-oiseau-de-paradis-en-tulle-brode\\\/#breadcrumb\"},\"inLanguage\":\"fr-FR\",\"potentialAction\":[{\"@type\":\"ReadAction\",\"target\":[\"https:\\\/\\\/madame-sensuelle.paris\\\/fr\\\/product\\\/string-oiseau-de-paradis-en-tulle-brode\\\/\"]}]},{\"@type\":\"ImageObject\",\"inLanguage\":\"fr-FR\",\"@id\":\"https:\\\/\\\/madame-sensuelle.paris\\\/fr\\\/product\\\/string-oiseau-de-paradis-en-tulle-brode\\\/#primaryimage\",\"url\":\"https:\\\/\\\/madame-sensuelle.paris\\\/wp-content\\\/uploads\\\/2026\\\/03\\\/XSHD1TJ62022.webp\",\"contentUrl\":\"https:\\\/\\\/madame-sensuelle.paris\\\/wp-content\\\/uploads\\\/2026\\\/03\\\/XSHD1TJ62022.webp\",\"width\":1600,\"height\":1600},{\"@type\":\"BreadcrumbList\",\"@id\":\"https:\\\/\\\/madame-sensuelle.paris\\\/fr\\\/product\\\/string-oiseau-de-paradis-en-tulle-brode\\\/#breadcrumb\",\"itemListElement\":[{\"@type\":\"ListItem\",\"position\":1,\"name\":\"Acceuil\",\"item\":\"https:\\\/\\\/madame-sensuelle.paris\\\/fr\\\/\"},{\"@type\":\"ListItem\",\"position\":2,\"name\":\"Catalogue\",\"item\":\"https:\\\/\\\/madame-sensuelle.paris\\\/fr\\\/catalogue\\\/\"},{\"@type\":\"ListItem\",\"position\":3,\"name\":\"ATELIER AMOUR\",\"item\":\"https:\\\/\\\/madame-sensuelle.paris\\\/fr\\\/brand\\\/atelier-amour\\\/\"},{\"@type\":\"ListItem\",\"position\":4,\"name\":\"String Oiseau de Paradis en tulle brod\u00e9\"}]},{\"@type\":\"WebSite\",\"@id\":\"https:\\\/\\\/madame-sensuelle.paris\\\/fr\\\/#website\",\"url\":\"https:\\\/\\\/madame-sensuelle.paris\\\/fr\\\/\",\"name\":\"MADAME SENSUELLE\",\"description\":\"MADAME SENSUELLE: Found the biggest exciting brands of chic &amp; SEXY LINGERIE in Paris Boutique and on the WEB: Aubade, Dita Von Teese, Maison Close, Marjolaine, Bluebella, Atelier Amour, Luxxa, Catanzaro, Gracija Rim. You will found the big pleasure of sexy belt or bra make for you\",\"publisher\":{\"@id\":\"https:\\\/\\\/madame-sensuelle.paris\\\/fr\\\/#organization\"},\"potentialAction\":[{\"@type\":\"SearchAction\",\"target\":{\"@type\":\"EntryPoint\",\"urlTemplate\":\"https:\\\/\\\/madame-sensuelle.paris\\\/fr\\\/?s={search_term_string}\"},\"query-input\":{\"@type\":\"PropertyValueSpecification\",\"valueRequired\":true,\"valueName\":\"search_term_string\"}}],\"inLanguage\":\"fr-FR\"},{\"@type\":\"Organization\",\"@id\":\"https:\\\/\\\/madame-sensuelle.paris\\\/fr\\\/#organization\",\"name\":\"Madame Sensuelle\",\"url\":\"https:\\\/\\\/madame-sensuelle.paris\\\/fr\\\/\",\"logo\":{\"@type\":\"ImageObject\",\"inLanguage\":\"fr-FR\",\"@id\":\"https:\\\/\\\/madame-sensuelle.paris\\\/fr\\\/#\\\/schema\\\/logo\\\/image\\\/\",\"url\":\"https:\\\/\\\/madame-sensuelle.paris\\\/wp-content\\\/uploads\\\/2024\\\/12\\\/logo_a-1-1_696.webp\",\"contentUrl\":\"https:\\\/\\\/madame-sensuelle.paris\\\/wp-content\\\/uploads\\\/2024\\\/12\\\/logo_a-1-1_696.webp\",\"width\":696,\"height\":696,\"caption\":\"Madame Sensuelle\"},\"image\":{\"@id\":\"https:\\\/\\\/madame-sensuelle.paris\\\/fr\\\/#\\\/schema\\\/logo\\\/image\\\/\"},\"sameAs\":[\"https:\\\/\\\/www.facebook.com\\\/madamesensuelle\",\"https:\\\/\\\/www.instagram.com\\\/madame_sensuelle\\\/\"]}]}<\/script>\n<!-- \/ Yoast SEO plugin. -->","yoast_head_json":{"title":"String Oiseau de Paradis en tulle brod\u00e9","description":"Faites l'exp\u00e9rience de l'\u00e9l\u00e9gance avec notre string exquis, fabriqu\u00e9 \u00e0 partir de tulle brod\u00e9 qui d\u00e9voile magnifiquement votre peau. Embrassez votre allure d\u00e8s aujourd'hui !","robots":{"index":"index","follow":"follow","max-snippet":"max-snippet:-1","max-image-preview":"max-image-preview:large","max-video-preview":"max-video-preview:-1"},"canonical":"https:\/\/madame-sensuelle.paris\/fr\/product\/string-oiseau-de-paradis-en-tulle-brode\/","og_locale":"fr_FR","og_type":"article","og_title":"String Oiseau de Paradis en tulle brod\u00e9","og_description":"Faites l'exp\u00e9rience de l'\u00e9l\u00e9gance avec notre string exquis, fabriqu\u00e9 \u00e0 partir de tulle brod\u00e9 qui d\u00e9voile magnifiquement votre peau. Embrassez votre allure d\u00e8s aujourd'hui !","og_url":"https:\/\/madame-sensuelle.paris\/fr\/product\/string-oiseau-de-paradis-en-tulle-brode\/","og_site_name":"Madame Sensuelle","article_publisher":"https:\/\/www.facebook.com\/madamesensuelle","article_modified_time":"2026-04-18T09:05:12+00:00","og_image":[{"width":1600,"height":1600,"url":"https:\/\/madame-sensuelle.paris\/wp-content\/uploads\/2025\/05\/XSHD1TJ62022.webp","type":"image\/webp"}],"twitter_card":"summary_large_image","twitter_misc":{"Dur\u00e9e de lecture estim\u00e9e":"2 minutes"},"schema":{"@context":"https:\/\/schema.org","@graph":[{"@type":"WebPage","@id":"https:\/\/madame-sensuelle.paris\/fr\/product\/string-oiseau-de-paradis-en-tulle-brode\/","url":"https:\/\/madame-sensuelle.paris\/fr\/product\/string-oiseau-de-paradis-en-tulle-brode\/","name":"String Oiseau de Paradis en tulle brod\u00e9","isPartOf":{"@id":"https:\/\/madame-sensuelle.paris\/fr\/#website"},"primaryImageOfPage":{"@id":"https:\/\/madame-sensuelle.paris\/fr\/product\/string-oiseau-de-paradis-en-tulle-brode\/#primaryimage"},"image":{"@id":"https:\/\/madame-sensuelle.paris\/fr\/product\/string-oiseau-de-paradis-en-tulle-brode\/#primaryimage"},"thumbnailUrl":"https:\/\/madame-sensuelle.paris\/wp-content\/uploads\/2026\/03\/XSHD1TJ62022.webp","datePublished":"2025-05-16T09:43:21+00:00","dateModified":"2026-04-18T09:05:12+00:00","description":"Faites l'exp\u00e9rience de l'\u00e9l\u00e9gance avec notre string exquis, fabriqu\u00e9 \u00e0 partir de tulle brod\u00e9 qui d\u00e9voile magnifiquement votre peau. Embrassez votre allure d\u00e8s aujourd'hui !","breadcrumb":{"@id":"https:\/\/madame-sensuelle.paris\/fr\/product\/string-oiseau-de-paradis-en-tulle-brode\/#breadcrumb"},"inLanguage":"fr-FR","potentialAction":[{"@type":"ReadAction","target":["https:\/\/madame-sensuelle.paris\/fr\/product\/string-oiseau-de-paradis-en-tulle-brode\/"]}]},{"@type":"ImageObject","inLanguage":"fr-FR","@id":"https:\/\/madame-sensuelle.paris\/fr\/product\/string-oiseau-de-paradis-en-tulle-brode\/#primaryimage","url":"https:\/\/madame-sensuelle.paris\/wp-content\/uploads\/2026\/03\/XSHD1TJ62022.webp","contentUrl":"https:\/\/madame-sensuelle.paris\/wp-content\/uploads\/2026\/03\/XSHD1TJ62022.webp","width":1600,"height":1600},{"@type":"BreadcrumbList","@id":"https:\/\/madame-sensuelle.paris\/fr\/product\/string-oiseau-de-paradis-en-tulle-brode\/#breadcrumb","itemListElement":[{"@type":"ListItem","position":1,"name":"Acceuil","item":"https:\/\/madame-sensuelle.paris\/fr\/"},{"@type":"ListItem","position":2,"name":"Catalogue","item":"https:\/\/madame-sensuelle.paris\/fr\/catalogue\/"},{"@type":"ListItem","position":3,"name":"ATELIER AMOUR","item":"https:\/\/madame-sensuelle.paris\/fr\/brand\/atelier-amour\/"},{"@type":"ListItem","position":4,"name":"String Oiseau de Paradis en tulle brod\u00e9"}]},{"@type":"WebSite","@id":"https:\/\/madame-sensuelle.paris\/fr\/#website","url":"https:\/\/madame-sensuelle.paris\/fr\/","name":"MADAME SENSUELLE","description":"MADAME SENSUELLE: Found the biggest exciting brands of chic &amp; SEXY LINGERIE in Paris Boutique and on the WEB: Aubade, Dita Von Teese, Maison Close, Marjolaine, Bluebella, Atelier Amour, Luxxa, Catanzaro, Gracija Rim. You will found the big pleasure of sexy belt or bra make for you","publisher":{"@id":"https:\/\/madame-sensuelle.paris\/fr\/#organization"},"potentialAction":[{"@type":"SearchAction","target":{"@type":"EntryPoint","urlTemplate":"https:\/\/madame-sensuelle.paris\/fr\/?s={search_term_string}"},"query-input":{"@type":"PropertyValueSpecification","valueRequired":true,"valueName":"search_term_string"}}],"inLanguage":"fr-FR"},{"@type":"Organization","@id":"https:\/\/madame-sensuelle.paris\/fr\/#organization","name":"Madame Sensuelle","url":"https:\/\/madame-sensuelle.paris\/fr\/","logo":{"@type":"ImageObject","inLanguage":"fr-FR","@id":"https:\/\/madame-sensuelle.paris\/fr\/#\/schema\/logo\/image\/","url":"https:\/\/madame-sensuelle.paris\/wp-content\/uploads\/2024\/12\/logo_a-1-1_696.webp","contentUrl":"https:\/\/madame-sensuelle.paris\/wp-content\/uploads\/2024\/12\/logo_a-1-1_696.webp","width":696,"height":696,"caption":"Madame Sensuelle"},"image":{"@id":"https:\/\/madame-sensuelle.paris\/fr\/#\/schema\/logo\/image\/"},"sameAs":["https:\/\/www.facebook.com\/madamesensuelle","https:\/\/www.instagram.com\/madame_sensuelle\/"]}]}},"brands":[],"_links":{"self":[{"href":"https:\/\/madame-sensuelle.paris\/fr\/wp-json\/wp\/v2\/product\/119552","targetHints":{"allow":["GET"]}}],"collection":[{"href":"https:\/\/madame-sensuelle.paris\/fr\/wp-json\/wp\/v2\/product"}],"about":[{"href":"https:\/\/madame-sensuelle.paris\/fr\/wp-json\/wp\/v2\/types\/product"}],"version-history":[{"count":1,"href":"https:\/\/madame-sensuelle.paris\/fr\/wp-json\/wp\/v2\/product\/119552\/revisions"}],"predecessor-version":[{"id":127911,"href":"https:\/\/madame-sensuelle.paris\/fr\/wp-json\/wp\/v2\/product\/119552\/revisions\/127911"}],"wp:featuredmedia":[{"embeddable":true,"href":"https:\/\/madame-sensuelle.paris\/fr\/wp-json\/wp\/v2\/media\/127906"}],"wp:attachment":[{"href":"https:\/\/madame-sensuelle.paris\/fr\/wp-json\/wp\/v2\/media?parent=119552"}],"wp:term":[{"taxonomy":"pwb-brand","embeddable":true,"href":"https:\/\/madame-sensuelle.paris\/fr\/wp-json\/wp\/v2\/pwb-brand?post=119552"},{"taxonomy":"product_brand","embeddable":true,"href":"https:\/\/madame-sensuelle.paris\/fr\/wp-json\/wp\/v2\/product_brand?post=119552"},{"taxonomy":"product_cat","embeddable":true,"href":"https:\/\/madame-sensuelle.paris\/fr\/wp-json\/wp\/v2\/product_cat?post=119552"},{"taxonomy":"product_tag","embeddable":true,"href":"https:\/\/madame-sensuelle.paris\/fr\/wp-json\/wp\/v2\/product_tag?post=119552"},{"taxonomy":"giftcard-category","embeddable":true,"href":"https:\/\/madame-sensuelle.paris\/fr\/wp-json\/wp\/v2\/giftcard-category?post=119552"}],"curies":[{"name":"wp","href":"https:\/\/api.w.org\/{rel}","templated":true}]}}