{"id":123751,"date":"2025-10-10T16:36:31","date_gmt":"2025-10-10T16:36:31","guid":{"rendered":"https:\/\/madame-sensuelle.paris\/product\/soutien-gorge-corbeille-after-hours-en-dentelle\/"},"modified":"2026-03-29T22:10:20","modified_gmt":"2026-03-29T22:10:20","slug":"soutien-gorge-corbeille-after-hours-en-dentelle","status":"publish","type":"product","link":"https:\/\/madame-sensuelle.paris\/fr\/product\/soutien-gorge-corbeille-after-hours-en-dentelle\/","title":{"rendered":"Soutien-gorge corbeille After Hours en dentelle"},"content":{"rendered":"<p>D\u00e9couvrez le Soutien-gorge corbeille After Hours d\u2019Aubade, une pi\u00e8ce de lingerie de luxe qui allie \u00e9l\u00e9gance et s\u00e9duction.<\/p>\n<ul>\n<li>Confectionn\u00e9 en dentelle fran\u00e7aise d\u00e9licate, ce soutien-gorge \u00e9pouse l\u00e9g\u00e8rement la poitrine, offrant une transparence subtile qui sublime les courbes naturelles.<\/li>\n<li>La coupe corbeille soul\u00e8ve et met en valeur la poitrine tout en garantissant confort et maintien.<\/li>\n<li>Les finitions soign\u00e9es et la dentelle pr\u00e9cise refl\u00e8tent le savoir-faire fran\u00e7ais embl\u00e9matique d\u2019Aubade.<\/li>\n<li>Les bretelles r\u00e9glables assurent un ajustement parfait, tandis que la dentelle florale apporte une touche f\u00e9minine et raffin\u00e9e.<\/li>\n<\/ul>\n<p>Ce soutien-gorge transforme chaque ensemble en une d\u00e9claration de s\u00e9duction moderne.<br \/>\nUne cr\u00e9ation pens\u00e9e pour celles qui veulent allier luxe, confort et sensualit\u00e9 dans une pi\u00e8ce d\u2019exception<\/p>\n","protected":false},"excerpt":{"rendered":"<p>D\u00e9couvrez le Soutien-gorge corbeille After Hours d\u2019Aubade, une pi\u00e8ce de lingerie de luxe qui allie \u00e9l\u00e9gance et s\u00e9duction. Confectionn\u00e9 en dentelle fran\u00e7aise d\u00e9licate, ce soutien-gorge \u00e9pouse l\u00e9g\u00e8rement la poitrine, offrant une transparence subtile qui sublime les courbes naturelles. La coupe corbeille soul\u00e8ve et met en valeur la poitrine tout en garantissant confort et maintien. Les<\/p>\n","protected":false},"featured_media":123916,"template":"","meta":[],"pwb-brand":[2767],"product_brand":[],"product_cat":[3083,1245,1257,3367],"product_tag":[],"giftcard-category":[],"class_list":{"0":"post-123751","1":"product","2":"type-product","3":"status-publish","4":"has-post-thumbnail","6":"pwb-brand-aubade","7":"product_cat-soutien-gorge-en-corbeille","8":"product_cat-lingerie-sexy-femme-erotique-et-glamour","9":"product_cat-soutiens-gorge","10":"product_cat-show-main","11":"pa_collection-after-hours","13":"first","14":"instock","15":"taxable","16":"shipping-taxable","17":"purchasable","18":"product-type-variable","19":"has-default-attributes"},"yoast_head":"<!-- This site is optimized with the Yoast SEO plugin v27.3 - https:\/\/yoast.com\/product\/yoast-seo-wordpress\/ -->\n<title>Soutien-gorge corbeille After Hours en dentelle \u2013 AUBADE - Madame Sensuelle<\/title>\n<meta name=\"description\" content=\"D\u00e9couvrez le Soutien-gorge corbeille After Hours d\u2019Aubade, une pi\u00e8ce raffin\u00e9e en dentelle florale, alliant maintien, confort et s\u00e9duction.\" \/>\n<meta name=\"robots\" content=\"index, follow, max-snippet:-1, max-image-preview:large, max-video-preview:-1\" \/>\n<link rel=\"canonical\" href=\"https:\/\/madame-sensuelle.paris\/fr\/product\/soutien-gorge-corbeille-after-hours-en-dentelle\/\" \/>\n<meta property=\"og:locale\" content=\"fr_FR\" \/>\n<meta property=\"og:type\" content=\"article\" \/>\n<meta property=\"og:title\" content=\"Soutien-gorge corbeille After Hours en dentelle \u2013 AUBADE - Madame Sensuelle\" \/>\n<meta property=\"og:description\" content=\"D\u00e9couvrez le Soutien-gorge corbeille After Hours d\u2019Aubade, une pi\u00e8ce raffin\u00e9e en dentelle florale, alliant maintien, confort et s\u00e9duction.\" \/>\n<meta property=\"og:url\" content=\"https:\/\/madame-sensuelle.paris\/fr\/product\/soutien-gorge-corbeille-after-hours-en-dentelle\/\" \/>\n<meta property=\"og:site_name\" content=\"Madame Sensuelle\" \/>\n<meta property=\"article:publisher\" content=\"https:\/\/www.facebook.com\/madamesensuelle\" \/>\n<meta property=\"article:modified_time\" content=\"2026-03-29T22:10:20+00:00\" \/>\n<meta property=\"og:image\" content=\"http:\/\/madame-sensuelle.paris\/wp-content\/uploads\/2025\/10\/XSHD1TJ62559-1.webp\" \/>\n\t<meta property=\"og:image:width\" content=\"1200\" \/>\n\t<meta property=\"og:image:height\" content=\"1440\" \/>\n\t<meta property=\"og:image:type\" content=\"image\/webp\" \/>\n<meta name=\"twitter:card\" content=\"summary_large_image\" \/>\n<meta name=\"twitter:label1\" content=\"Dur\u00e9e de lecture estim\u00e9e\" \/>\n\t<meta name=\"twitter:data1\" content=\"2 minutes\" \/>\n<script type=\"application\/ld+json\" class=\"yoast-schema-graph\">{\"@context\":\"https:\\\/\\\/schema.org\",\"@graph\":[{\"@type\":\"WebPage\",\"@id\":\"https:\\\/\\\/madame-sensuelle.paris\\\/fr\\\/product\\\/soutien-gorge-corbeille-after-hours-en-dentelle\\\/\",\"url\":\"https:\\\/\\\/madame-sensuelle.paris\\\/fr\\\/product\\\/soutien-gorge-corbeille-after-hours-en-dentelle\\\/\",\"name\":\"Soutien-gorge corbeille After Hours en dentelle \u2013 AUBADE - Madame Sensuelle\",\"isPartOf\":{\"@id\":\"https:\\\/\\\/madame-sensuelle.paris\\\/fr\\\/#website\"},\"primaryImageOfPage\":{\"@id\":\"https:\\\/\\\/madame-sensuelle.paris\\\/fr\\\/product\\\/soutien-gorge-corbeille-after-hours-en-dentelle\\\/#primaryimage\"},\"image\":{\"@id\":\"https:\\\/\\\/madame-sensuelle.paris\\\/fr\\\/product\\\/soutien-gorge-corbeille-after-hours-en-dentelle\\\/#primaryimage\"},\"thumbnailUrl\":\"https:\\\/\\\/madame-sensuelle.paris\\\/wp-content\\\/uploads\\\/2025\\\/10\\\/XSHD1TJ62559-1.webp\",\"datePublished\":\"2025-10-10T16:36:31+00:00\",\"dateModified\":\"2026-03-29T22:10:20+00:00\",\"description\":\"D\u00e9couvrez le Soutien-gorge corbeille After Hours d\u2019Aubade, une pi\u00e8ce raffin\u00e9e en dentelle florale, alliant maintien, confort et s\u00e9duction.\",\"breadcrumb\":{\"@id\":\"https:\\\/\\\/madame-sensuelle.paris\\\/fr\\\/product\\\/soutien-gorge-corbeille-after-hours-en-dentelle\\\/#breadcrumb\"},\"inLanguage\":\"fr-FR\",\"potentialAction\":[{\"@type\":\"ReadAction\",\"target\":[\"https:\\\/\\\/madame-sensuelle.paris\\\/fr\\\/product\\\/soutien-gorge-corbeille-after-hours-en-dentelle\\\/\"]}]},{\"@type\":\"ImageObject\",\"inLanguage\":\"fr-FR\",\"@id\":\"https:\\\/\\\/madame-sensuelle.paris\\\/fr\\\/product\\\/soutien-gorge-corbeille-after-hours-en-dentelle\\\/#primaryimage\",\"url\":\"https:\\\/\\\/madame-sensuelle.paris\\\/wp-content\\\/uploads\\\/2025\\\/10\\\/XSHD1TJ62559-1.webp\",\"contentUrl\":\"https:\\\/\\\/madame-sensuelle.paris\\\/wp-content\\\/uploads\\\/2025\\\/10\\\/XSHD1TJ62559-1.webp\",\"width\":1200,\"height\":1440},{\"@type\":\"BreadcrumbList\",\"@id\":\"https:\\\/\\\/madame-sensuelle.paris\\\/fr\\\/product\\\/soutien-gorge-corbeille-after-hours-en-dentelle\\\/#breadcrumb\",\"itemListElement\":[{\"@type\":\"ListItem\",\"position\":1,\"name\":\"Acceuil\",\"item\":\"https:\\\/\\\/madame-sensuelle.paris\\\/fr\\\/\"},{\"@type\":\"ListItem\",\"position\":2,\"name\":\"Catalogue\",\"item\":\"https:\\\/\\\/madame-sensuelle.paris\\\/fr\\\/catalogue\\\/\"},{\"@type\":\"ListItem\",\"position\":3,\"name\":\"AUBADE\",\"item\":\"https:\\\/\\\/madame-sensuelle.paris\\\/fr\\\/brand\\\/aubade\\\/\"},{\"@type\":\"ListItem\",\"position\":4,\"name\":\"Soutien-gorge corbeille After Hours en dentelle\"}]},{\"@type\":\"WebSite\",\"@id\":\"https:\\\/\\\/madame-sensuelle.paris\\\/fr\\\/#website\",\"url\":\"https:\\\/\\\/madame-sensuelle.paris\\\/fr\\\/\",\"name\":\"MADAME SENSUELLE\",\"description\":\"MADAME SENSUELLE: Found the biggest exciting brands of chic &amp; SEXY LINGERIE in Paris Boutique and on the WEB: Aubade, Dita Von Teese, Maison Close, Marjolaine, Bluebella, Atelier Amour, Luxxa, Catanzaro, Gracija Rim. You will found the big pleasure of sexy belt or bra make for you\",\"publisher\":{\"@id\":\"https:\\\/\\\/madame-sensuelle.paris\\\/fr\\\/#organization\"},\"potentialAction\":[{\"@type\":\"SearchAction\",\"target\":{\"@type\":\"EntryPoint\",\"urlTemplate\":\"https:\\\/\\\/madame-sensuelle.paris\\\/fr\\\/?s={search_term_string}\"},\"query-input\":{\"@type\":\"PropertyValueSpecification\",\"valueRequired\":true,\"valueName\":\"search_term_string\"}}],\"inLanguage\":\"fr-FR\"},{\"@type\":\"Organization\",\"@id\":\"https:\\\/\\\/madame-sensuelle.paris\\\/fr\\\/#organization\",\"name\":\"Madame Sensuelle\",\"url\":\"https:\\\/\\\/madame-sensuelle.paris\\\/fr\\\/\",\"logo\":{\"@type\":\"ImageObject\",\"inLanguage\":\"fr-FR\",\"@id\":\"https:\\\/\\\/madame-sensuelle.paris\\\/fr\\\/#\\\/schema\\\/logo\\\/image\\\/\",\"url\":\"https:\\\/\\\/madame-sensuelle.paris\\\/wp-content\\\/uploads\\\/2024\\\/12\\\/logo_a-1-1_696.webp\",\"contentUrl\":\"https:\\\/\\\/madame-sensuelle.paris\\\/wp-content\\\/uploads\\\/2024\\\/12\\\/logo_a-1-1_696.webp\",\"width\":696,\"height\":696,\"caption\":\"Madame Sensuelle\"},\"image\":{\"@id\":\"https:\\\/\\\/madame-sensuelle.paris\\\/fr\\\/#\\\/schema\\\/logo\\\/image\\\/\"},\"sameAs\":[\"https:\\\/\\\/www.facebook.com\\\/madamesensuelle\",\"https:\\\/\\\/www.instagram.com\\\/madame_sensuelle\\\/\"]}]}<\/script>\n<!-- \/ Yoast SEO plugin. -->","yoast_head_json":{"title":"Soutien-gorge corbeille After Hours en dentelle \u2013 AUBADE - Madame Sensuelle","description":"D\u00e9couvrez le Soutien-gorge corbeille After Hours d\u2019Aubade, une pi\u00e8ce raffin\u00e9e en dentelle florale, alliant maintien, confort et s\u00e9duction.","robots":{"index":"index","follow":"follow","max-snippet":"max-snippet:-1","max-image-preview":"max-image-preview:large","max-video-preview":"max-video-preview:-1"},"canonical":"https:\/\/madame-sensuelle.paris\/fr\/product\/soutien-gorge-corbeille-after-hours-en-dentelle\/","og_locale":"fr_FR","og_type":"article","og_title":"Soutien-gorge corbeille After Hours en dentelle \u2013 AUBADE - Madame Sensuelle","og_description":"D\u00e9couvrez le Soutien-gorge corbeille After Hours d\u2019Aubade, une pi\u00e8ce raffin\u00e9e en dentelle florale, alliant maintien, confort et s\u00e9duction.","og_url":"https:\/\/madame-sensuelle.paris\/fr\/product\/soutien-gorge-corbeille-after-hours-en-dentelle\/","og_site_name":"Madame Sensuelle","article_publisher":"https:\/\/www.facebook.com\/madamesensuelle","article_modified_time":"2026-03-29T22:10:20+00:00","og_image":[{"width":1200,"height":1440,"url":"http:\/\/madame-sensuelle.paris\/wp-content\/uploads\/2025\/10\/XSHD1TJ62559-1.webp","type":"image\/webp"}],"twitter_card":"summary_large_image","twitter_misc":{"Dur\u00e9e de lecture estim\u00e9e":"2 minutes"},"schema":{"@context":"https:\/\/schema.org","@graph":[{"@type":"WebPage","@id":"https:\/\/madame-sensuelle.paris\/fr\/product\/soutien-gorge-corbeille-after-hours-en-dentelle\/","url":"https:\/\/madame-sensuelle.paris\/fr\/product\/soutien-gorge-corbeille-after-hours-en-dentelle\/","name":"Soutien-gorge corbeille After Hours en dentelle \u2013 AUBADE - Madame Sensuelle","isPartOf":{"@id":"https:\/\/madame-sensuelle.paris\/fr\/#website"},"primaryImageOfPage":{"@id":"https:\/\/madame-sensuelle.paris\/fr\/product\/soutien-gorge-corbeille-after-hours-en-dentelle\/#primaryimage"},"image":{"@id":"https:\/\/madame-sensuelle.paris\/fr\/product\/soutien-gorge-corbeille-after-hours-en-dentelle\/#primaryimage"},"thumbnailUrl":"https:\/\/madame-sensuelle.paris\/wp-content\/uploads\/2025\/10\/XSHD1TJ62559-1.webp","datePublished":"2025-10-10T16:36:31+00:00","dateModified":"2026-03-29T22:10:20+00:00","description":"D\u00e9couvrez le Soutien-gorge corbeille After Hours d\u2019Aubade, une pi\u00e8ce raffin\u00e9e en dentelle florale, alliant maintien, confort et s\u00e9duction.","breadcrumb":{"@id":"https:\/\/madame-sensuelle.paris\/fr\/product\/soutien-gorge-corbeille-after-hours-en-dentelle\/#breadcrumb"},"inLanguage":"fr-FR","potentialAction":[{"@type":"ReadAction","target":["https:\/\/madame-sensuelle.paris\/fr\/product\/soutien-gorge-corbeille-after-hours-en-dentelle\/"]}]},{"@type":"ImageObject","inLanguage":"fr-FR","@id":"https:\/\/madame-sensuelle.paris\/fr\/product\/soutien-gorge-corbeille-after-hours-en-dentelle\/#primaryimage","url":"https:\/\/madame-sensuelle.paris\/wp-content\/uploads\/2025\/10\/XSHD1TJ62559-1.webp","contentUrl":"https:\/\/madame-sensuelle.paris\/wp-content\/uploads\/2025\/10\/XSHD1TJ62559-1.webp","width":1200,"height":1440},{"@type":"BreadcrumbList","@id":"https:\/\/madame-sensuelle.paris\/fr\/product\/soutien-gorge-corbeille-after-hours-en-dentelle\/#breadcrumb","itemListElement":[{"@type":"ListItem","position":1,"name":"Acceuil","item":"https:\/\/madame-sensuelle.paris\/fr\/"},{"@type":"ListItem","position":2,"name":"Catalogue","item":"https:\/\/madame-sensuelle.paris\/fr\/catalogue\/"},{"@type":"ListItem","position":3,"name":"AUBADE","item":"https:\/\/madame-sensuelle.paris\/fr\/brand\/aubade\/"},{"@type":"ListItem","position":4,"name":"Soutien-gorge corbeille After Hours en dentelle"}]},{"@type":"WebSite","@id":"https:\/\/madame-sensuelle.paris\/fr\/#website","url":"https:\/\/madame-sensuelle.paris\/fr\/","name":"MADAME SENSUELLE","description":"MADAME SENSUELLE: Found the biggest exciting brands of chic &amp; SEXY LINGERIE in Paris Boutique and on the WEB: Aubade, Dita Von Teese, Maison Close, Marjolaine, Bluebella, Atelier Amour, Luxxa, Catanzaro, Gracija Rim. You will found the big pleasure of sexy belt or bra make for you","publisher":{"@id":"https:\/\/madame-sensuelle.paris\/fr\/#organization"},"potentialAction":[{"@type":"SearchAction","target":{"@type":"EntryPoint","urlTemplate":"https:\/\/madame-sensuelle.paris\/fr\/?s={search_term_string}"},"query-input":{"@type":"PropertyValueSpecification","valueRequired":true,"valueName":"search_term_string"}}],"inLanguage":"fr-FR"},{"@type":"Organization","@id":"https:\/\/madame-sensuelle.paris\/fr\/#organization","name":"Madame Sensuelle","url":"https:\/\/madame-sensuelle.paris\/fr\/","logo":{"@type":"ImageObject","inLanguage":"fr-FR","@id":"https:\/\/madame-sensuelle.paris\/fr\/#\/schema\/logo\/image\/","url":"https:\/\/madame-sensuelle.paris\/wp-content\/uploads\/2024\/12\/logo_a-1-1_696.webp","contentUrl":"https:\/\/madame-sensuelle.paris\/wp-content\/uploads\/2024\/12\/logo_a-1-1_696.webp","width":696,"height":696,"caption":"Madame Sensuelle"},"image":{"@id":"https:\/\/madame-sensuelle.paris\/fr\/#\/schema\/logo\/image\/"},"sameAs":["https:\/\/www.facebook.com\/madamesensuelle","https:\/\/www.instagram.com\/madame_sensuelle\/"]}]}},"brands":[{"id":2767,"name":"AUBADE","slug":"aubade"}],"_links":{"self":[{"href":"https:\/\/madame-sensuelle.paris\/fr\/wp-json\/wp\/v2\/product\/123751","targetHints":{"allow":["GET"]}}],"collection":[{"href":"https:\/\/madame-sensuelle.paris\/fr\/wp-json\/wp\/v2\/product"}],"about":[{"href":"https:\/\/madame-sensuelle.paris\/fr\/wp-json\/wp\/v2\/types\/product"}],"version-history":[{"count":1,"href":"https:\/\/madame-sensuelle.paris\/fr\/wp-json\/wp\/v2\/product\/123751\/revisions"}],"predecessor-version":[{"id":125167,"href":"https:\/\/madame-sensuelle.paris\/fr\/wp-json\/wp\/v2\/product\/123751\/revisions\/125167"}],"wp:featuredmedia":[{"embeddable":true,"href":"https:\/\/madame-sensuelle.paris\/fr\/wp-json\/wp\/v2\/media\/123916"}],"wp:attachment":[{"href":"https:\/\/madame-sensuelle.paris\/fr\/wp-json\/wp\/v2\/media?parent=123751"}],"wp:term":[{"taxonomy":"pwb-brand","embeddable":true,"href":"https:\/\/madame-sensuelle.paris\/fr\/wp-json\/wp\/v2\/pwb-brand?post=123751"},{"taxonomy":"product_brand","embeddable":true,"href":"https:\/\/madame-sensuelle.paris\/fr\/wp-json\/wp\/v2\/product_brand?post=123751"},{"taxonomy":"product_cat","embeddable":true,"href":"https:\/\/madame-sensuelle.paris\/fr\/wp-json\/wp\/v2\/product_cat?post=123751"},{"taxonomy":"product_tag","embeddable":true,"href":"https:\/\/madame-sensuelle.paris\/fr\/wp-json\/wp\/v2\/product_tag?post=123751"},{"taxonomy":"giftcard-category","embeddable":true,"href":"https:\/\/madame-sensuelle.paris\/fr\/wp-json\/wp\/v2\/giftcard-category?post=123751"}],"curies":[{"name":"wp","href":"https:\/\/api.w.org\/{rel}","templated":true}]}}