{"id":124262,"date":"2025-10-28T10:53:36","date_gmt":"2025-10-28T10:53:36","guid":{"rendered":"https:\/\/madame-sensuelle.paris\/product\/soutien-gorge-satin-memories-corbeille\/"},"modified":"2026-03-28T17:26:17","modified_gmt":"2026-03-28T17:26:17","slug":"soutien-gorge-satin-memories-corbeille","status":"publish","type":"product","link":"https:\/\/madame-sensuelle.paris\/fr\/product\/soutien-gorge-satin-memories-corbeille\/","title":{"rendered":"Soutien-gorge Satin Memories corbeille"},"content":{"rendered":"<p>D\u00e9couvrez le Soutien-gorge corbeille Satin Memories Aubade, une pi\u00e8ce de lingerie de luxe qui allie s\u00e9duction, confort et \u00e9l\u00e9gance fran\u00e7aise.<\/p>\n<ul>\n<li>Le satin bleu soyeux glisse sur la peau et sublime la poitrine avec un \u00e9clat profond et irr\u00e9sistible.<\/li>\n<li>La dentelle d\u00e9licate cr\u00e9e un jeu de transparence sensuel qui attire tous les regards, tandis que la coupe corbeille galbe la poitrine pour un d\u00e9collet\u00e9 parfaitement mis en valeur.<\/li>\n<li>Chaque d\u00e9tail est pens\u00e9 pour flatter la silhouette et \u00e9veiller les sens, incarnant le savoir-faire fran\u00e7ais d\u2019Aubade.<\/li>\n<\/ul>\n<p data-start=\"840\" data-end=\"1082\">Parfait \u00e0 porter au quotidien ou pour des occasions sp\u00e9ciales, ce soutien-gorge transforme chaque moment en instant de s\u00e9duction intense.<br data-start=\"981\" data-end=\"984\" \/><\/p>\n","protected":false},"excerpt":{"rendered":"<p>D\u00e9couvrez le Soutien-gorge corbeille Satin Memories Aubade, une pi\u00e8ce de lingerie de luxe qui allie s\u00e9duction, confort et \u00e9l\u00e9gance fran\u00e7aise. Le satin bleu soyeux glisse sur la peau et sublime la poitrine avec un \u00e9clat profond et irr\u00e9sistible. La dentelle d\u00e9licate cr\u00e9e un jeu de transparence sensuel qui attire tous les regards, tandis que la<\/p>\n","protected":false},"featured_media":124403,"template":"","meta":[],"pwb-brand":[],"product_brand":[],"product_cat":[3083,1245,1257],"product_tag":[],"giftcard-category":[],"class_list":{"0":"post-124262","1":"product","2":"type-product","3":"status-publish","4":"has-post-thumbnail","6":"product_cat-soutien-gorge-en-corbeille","7":"product_cat-lingerie-sexy-femme-erotique-et-glamour","8":"product_cat-soutiens-gorge","10":"first","11":"instock","12":"taxable","13":"shipping-taxable","14":"purchasable","15":"product-type-variable","16":"has-default-attributes"},"yoast_head":"<!-- This site is optimized with the Yoast SEO plugin v27.3 - https:\/\/yoast.com\/product\/yoast-seo-wordpress\/ -->\n<title>Soutien-gorge Satin Memories corbeille \u2013 - Madame Sensuelle<\/title>\n<meta name=\"description\" content=\"D\u00e9couvrez le Soutien-gorge corbeille Satin Memories Aubade, en satin bleu et dentelle fine. Lingerie sensuelle et \u00e9l\u00e9gante pour sublimer vos courbes.\" \/>\n<meta name=\"robots\" content=\"index, follow, max-snippet:-1, max-image-preview:large, max-video-preview:-1\" \/>\n<link rel=\"canonical\" href=\"https:\/\/madame-sensuelle.paris\/fr\/product\/soutien-gorge-satin-memories-corbeille\/\" \/>\n<meta property=\"og:locale\" content=\"fr_FR\" \/>\n<meta property=\"og:type\" content=\"article\" \/>\n<meta property=\"og:title\" content=\"Soutien-gorge Satin Memories corbeille \u2013 - Madame Sensuelle\" \/>\n<meta property=\"og:description\" content=\"D\u00e9couvrez le Soutien-gorge corbeille Satin Memories Aubade, en satin bleu et dentelle fine. Lingerie sensuelle et \u00e9l\u00e9gante pour sublimer vos courbes.\" \/>\n<meta property=\"og:url\" content=\"https:\/\/madame-sensuelle.paris\/fr\/product\/soutien-gorge-satin-memories-corbeille\/\" \/>\n<meta property=\"og:site_name\" content=\"Madame Sensuelle\" \/>\n<meta property=\"article:publisher\" content=\"https:\/\/www.facebook.com\/madamesensuelle\" \/>\n<meta property=\"article:modified_time\" content=\"2026-03-28T17:26:17+00:00\" \/>\n<meta property=\"og:image\" content=\"http:\/\/madame-sensuelle.paris\/wp-content\/uploads\/2025\/10\/XSHD1TJ62644-1.webp\" \/>\n\t<meta property=\"og:image:width\" content=\"1200\" \/>\n\t<meta property=\"og:image:height\" content=\"1440\" \/>\n\t<meta property=\"og:image:type\" content=\"image\/webp\" \/>\n<meta name=\"twitter:card\" content=\"summary_large_image\" \/>\n<meta name=\"twitter:label1\" content=\"Dur\u00e9e de lecture estim\u00e9e\" \/>\n\t<meta name=\"twitter:data1\" content=\"2 minutes\" \/>\n<script type=\"application\/ld+json\" class=\"yoast-schema-graph\">{\"@context\":\"https:\\\/\\\/schema.org\",\"@graph\":[{\"@type\":\"WebPage\",\"@id\":\"https:\\\/\\\/madame-sensuelle.paris\\\/fr\\\/product\\\/soutien-gorge-satin-memories-corbeille\\\/\",\"url\":\"https:\\\/\\\/madame-sensuelle.paris\\\/fr\\\/product\\\/soutien-gorge-satin-memories-corbeille\\\/\",\"name\":\"Soutien-gorge Satin Memories corbeille \u2013 - Madame Sensuelle\",\"isPartOf\":{\"@id\":\"https:\\\/\\\/madame-sensuelle.paris\\\/fr\\\/#website\"},\"primaryImageOfPage\":{\"@id\":\"https:\\\/\\\/madame-sensuelle.paris\\\/fr\\\/product\\\/soutien-gorge-satin-memories-corbeille\\\/#primaryimage\"},\"image\":{\"@id\":\"https:\\\/\\\/madame-sensuelle.paris\\\/fr\\\/product\\\/soutien-gorge-satin-memories-corbeille\\\/#primaryimage\"},\"thumbnailUrl\":\"https:\\\/\\\/madame-sensuelle.paris\\\/wp-content\\\/uploads\\\/2025\\\/10\\\/XSHD1TJ62644-1.webp\",\"datePublished\":\"2025-10-28T10:53:36+00:00\",\"dateModified\":\"2026-03-28T17:26:17+00:00\",\"description\":\"D\u00e9couvrez le Soutien-gorge corbeille Satin Memories Aubade, en satin bleu et dentelle fine. Lingerie sensuelle et \u00e9l\u00e9gante pour sublimer vos courbes.\",\"breadcrumb\":{\"@id\":\"https:\\\/\\\/madame-sensuelle.paris\\\/fr\\\/product\\\/soutien-gorge-satin-memories-corbeille\\\/#breadcrumb\"},\"inLanguage\":\"fr-FR\",\"potentialAction\":[{\"@type\":\"ReadAction\",\"target\":[\"https:\\\/\\\/madame-sensuelle.paris\\\/fr\\\/product\\\/soutien-gorge-satin-memories-corbeille\\\/\"]}]},{\"@type\":\"ImageObject\",\"inLanguage\":\"fr-FR\",\"@id\":\"https:\\\/\\\/madame-sensuelle.paris\\\/fr\\\/product\\\/soutien-gorge-satin-memories-corbeille\\\/#primaryimage\",\"url\":\"https:\\\/\\\/madame-sensuelle.paris\\\/wp-content\\\/uploads\\\/2025\\\/10\\\/XSHD1TJ62644-1.webp\",\"contentUrl\":\"https:\\\/\\\/madame-sensuelle.paris\\\/wp-content\\\/uploads\\\/2025\\\/10\\\/XSHD1TJ62644-1.webp\",\"width\":1200,\"height\":1440},{\"@type\":\"BreadcrumbList\",\"@id\":\"https:\\\/\\\/madame-sensuelle.paris\\\/fr\\\/product\\\/soutien-gorge-satin-memories-corbeille\\\/#breadcrumb\",\"itemListElement\":[{\"@type\":\"ListItem\",\"position\":1,\"name\":\"Acceuil\",\"item\":\"https:\\\/\\\/madame-sensuelle.paris\\\/fr\\\/\"},{\"@type\":\"ListItem\",\"position\":2,\"name\":\"Catalogue\",\"item\":\"https:\\\/\\\/madame-sensuelle.paris\\\/fr\\\/catalogue\\\/\"},{\"@type\":\"ListItem\",\"position\":3,\"name\":\"Soutien-gorge Satin Memories corbeille\"}]},{\"@type\":\"WebSite\",\"@id\":\"https:\\\/\\\/madame-sensuelle.paris\\\/fr\\\/#website\",\"url\":\"https:\\\/\\\/madame-sensuelle.paris\\\/fr\\\/\",\"name\":\"MADAME SENSUELLE\",\"description\":\"MADAME SENSUELLE: Found the biggest exciting brands of chic &amp; SEXY LINGERIE in Paris Boutique and on the WEB: Aubade, Dita Von Teese, Maison Close, Marjolaine, Bluebella, Atelier Amour, Luxxa, Catanzaro, Gracija Rim. You will found the big pleasure of sexy belt or bra make for you\",\"publisher\":{\"@id\":\"https:\\\/\\\/madame-sensuelle.paris\\\/fr\\\/#organization\"},\"potentialAction\":[{\"@type\":\"SearchAction\",\"target\":{\"@type\":\"EntryPoint\",\"urlTemplate\":\"https:\\\/\\\/madame-sensuelle.paris\\\/fr\\\/?s={search_term_string}\"},\"query-input\":{\"@type\":\"PropertyValueSpecification\",\"valueRequired\":true,\"valueName\":\"search_term_string\"}}],\"inLanguage\":\"fr-FR\"},{\"@type\":\"Organization\",\"@id\":\"https:\\\/\\\/madame-sensuelle.paris\\\/fr\\\/#organization\",\"name\":\"Madame Sensuelle\",\"url\":\"https:\\\/\\\/madame-sensuelle.paris\\\/fr\\\/\",\"logo\":{\"@type\":\"ImageObject\",\"inLanguage\":\"fr-FR\",\"@id\":\"https:\\\/\\\/madame-sensuelle.paris\\\/fr\\\/#\\\/schema\\\/logo\\\/image\\\/\",\"url\":\"https:\\\/\\\/madame-sensuelle.paris\\\/wp-content\\\/uploads\\\/2024\\\/12\\\/logo_a-1-1_696.webp\",\"contentUrl\":\"https:\\\/\\\/madame-sensuelle.paris\\\/wp-content\\\/uploads\\\/2024\\\/12\\\/logo_a-1-1_696.webp\",\"width\":696,\"height\":696,\"caption\":\"Madame Sensuelle\"},\"image\":{\"@id\":\"https:\\\/\\\/madame-sensuelle.paris\\\/fr\\\/#\\\/schema\\\/logo\\\/image\\\/\"},\"sameAs\":[\"https:\\\/\\\/www.facebook.com\\\/madamesensuelle\",\"https:\\\/\\\/www.instagram.com\\\/madame_sensuelle\\\/\"]}]}<\/script>\n<!-- \/ Yoast SEO plugin. -->","yoast_head_json":{"title":"Soutien-gorge Satin Memories corbeille \u2013 - Madame Sensuelle","description":"D\u00e9couvrez le Soutien-gorge corbeille Satin Memories Aubade, en satin bleu et dentelle fine. Lingerie sensuelle et \u00e9l\u00e9gante pour sublimer vos courbes.","robots":{"index":"index","follow":"follow","max-snippet":"max-snippet:-1","max-image-preview":"max-image-preview:large","max-video-preview":"max-video-preview:-1"},"canonical":"https:\/\/madame-sensuelle.paris\/fr\/product\/soutien-gorge-satin-memories-corbeille\/","og_locale":"fr_FR","og_type":"article","og_title":"Soutien-gorge Satin Memories corbeille \u2013 - Madame Sensuelle","og_description":"D\u00e9couvrez le Soutien-gorge corbeille Satin Memories Aubade, en satin bleu et dentelle fine. Lingerie sensuelle et \u00e9l\u00e9gante pour sublimer vos courbes.","og_url":"https:\/\/madame-sensuelle.paris\/fr\/product\/soutien-gorge-satin-memories-corbeille\/","og_site_name":"Madame Sensuelle","article_publisher":"https:\/\/www.facebook.com\/madamesensuelle","article_modified_time":"2026-03-28T17:26:17+00:00","og_image":[{"width":1200,"height":1440,"url":"http:\/\/madame-sensuelle.paris\/wp-content\/uploads\/2025\/10\/XSHD1TJ62644-1.webp","type":"image\/webp"}],"twitter_card":"summary_large_image","twitter_misc":{"Dur\u00e9e de lecture estim\u00e9e":"2 minutes"},"schema":{"@context":"https:\/\/schema.org","@graph":[{"@type":"WebPage","@id":"https:\/\/madame-sensuelle.paris\/fr\/product\/soutien-gorge-satin-memories-corbeille\/","url":"https:\/\/madame-sensuelle.paris\/fr\/product\/soutien-gorge-satin-memories-corbeille\/","name":"Soutien-gorge Satin Memories corbeille \u2013 - Madame Sensuelle","isPartOf":{"@id":"https:\/\/madame-sensuelle.paris\/fr\/#website"},"primaryImageOfPage":{"@id":"https:\/\/madame-sensuelle.paris\/fr\/product\/soutien-gorge-satin-memories-corbeille\/#primaryimage"},"image":{"@id":"https:\/\/madame-sensuelle.paris\/fr\/product\/soutien-gorge-satin-memories-corbeille\/#primaryimage"},"thumbnailUrl":"https:\/\/madame-sensuelle.paris\/wp-content\/uploads\/2025\/10\/XSHD1TJ62644-1.webp","datePublished":"2025-10-28T10:53:36+00:00","dateModified":"2026-03-28T17:26:17+00:00","description":"D\u00e9couvrez le Soutien-gorge corbeille Satin Memories Aubade, en satin bleu et dentelle fine. Lingerie sensuelle et \u00e9l\u00e9gante pour sublimer vos courbes.","breadcrumb":{"@id":"https:\/\/madame-sensuelle.paris\/fr\/product\/soutien-gorge-satin-memories-corbeille\/#breadcrumb"},"inLanguage":"fr-FR","potentialAction":[{"@type":"ReadAction","target":["https:\/\/madame-sensuelle.paris\/fr\/product\/soutien-gorge-satin-memories-corbeille\/"]}]},{"@type":"ImageObject","inLanguage":"fr-FR","@id":"https:\/\/madame-sensuelle.paris\/fr\/product\/soutien-gorge-satin-memories-corbeille\/#primaryimage","url":"https:\/\/madame-sensuelle.paris\/wp-content\/uploads\/2025\/10\/XSHD1TJ62644-1.webp","contentUrl":"https:\/\/madame-sensuelle.paris\/wp-content\/uploads\/2025\/10\/XSHD1TJ62644-1.webp","width":1200,"height":1440},{"@type":"BreadcrumbList","@id":"https:\/\/madame-sensuelle.paris\/fr\/product\/soutien-gorge-satin-memories-corbeille\/#breadcrumb","itemListElement":[{"@type":"ListItem","position":1,"name":"Acceuil","item":"https:\/\/madame-sensuelle.paris\/fr\/"},{"@type":"ListItem","position":2,"name":"Catalogue","item":"https:\/\/madame-sensuelle.paris\/fr\/catalogue\/"},{"@type":"ListItem","position":3,"name":"Soutien-gorge Satin Memories corbeille"}]},{"@type":"WebSite","@id":"https:\/\/madame-sensuelle.paris\/fr\/#website","url":"https:\/\/madame-sensuelle.paris\/fr\/","name":"MADAME SENSUELLE","description":"MADAME SENSUELLE: Found the biggest exciting brands of chic &amp; SEXY LINGERIE in Paris Boutique and on the WEB: Aubade, Dita Von Teese, Maison Close, Marjolaine, Bluebella, Atelier Amour, Luxxa, Catanzaro, Gracija Rim. You will found the big pleasure of sexy belt or bra make for you","publisher":{"@id":"https:\/\/madame-sensuelle.paris\/fr\/#organization"},"potentialAction":[{"@type":"SearchAction","target":{"@type":"EntryPoint","urlTemplate":"https:\/\/madame-sensuelle.paris\/fr\/?s={search_term_string}"},"query-input":{"@type":"PropertyValueSpecification","valueRequired":true,"valueName":"search_term_string"}}],"inLanguage":"fr-FR"},{"@type":"Organization","@id":"https:\/\/madame-sensuelle.paris\/fr\/#organization","name":"Madame Sensuelle","url":"https:\/\/madame-sensuelle.paris\/fr\/","logo":{"@type":"ImageObject","inLanguage":"fr-FR","@id":"https:\/\/madame-sensuelle.paris\/fr\/#\/schema\/logo\/image\/","url":"https:\/\/madame-sensuelle.paris\/wp-content\/uploads\/2024\/12\/logo_a-1-1_696.webp","contentUrl":"https:\/\/madame-sensuelle.paris\/wp-content\/uploads\/2024\/12\/logo_a-1-1_696.webp","width":696,"height":696,"caption":"Madame Sensuelle"},"image":{"@id":"https:\/\/madame-sensuelle.paris\/fr\/#\/schema\/logo\/image\/"},"sameAs":["https:\/\/www.facebook.com\/madamesensuelle","https:\/\/www.instagram.com\/madame_sensuelle\/"]}]}},"brands":[],"_links":{"self":[{"href":"https:\/\/madame-sensuelle.paris\/fr\/wp-json\/wp\/v2\/product\/124262","targetHints":{"allow":["GET"]}}],"collection":[{"href":"https:\/\/madame-sensuelle.paris\/fr\/wp-json\/wp\/v2\/product"}],"about":[{"href":"https:\/\/madame-sensuelle.paris\/fr\/wp-json\/wp\/v2\/types\/product"}],"version-history":[{"count":1,"href":"https:\/\/madame-sensuelle.paris\/fr\/wp-json\/wp\/v2\/product\/124262\/revisions"}],"predecessor-version":[{"id":125311,"href":"https:\/\/madame-sensuelle.paris\/fr\/wp-json\/wp\/v2\/product\/124262\/revisions\/125311"}],"wp:featuredmedia":[{"embeddable":true,"href":"https:\/\/madame-sensuelle.paris\/fr\/wp-json\/wp\/v2\/media\/124403"}],"wp:attachment":[{"href":"https:\/\/madame-sensuelle.paris\/fr\/wp-json\/wp\/v2\/media?parent=124262"}],"wp:term":[{"taxonomy":"pwb-brand","embeddable":true,"href":"https:\/\/madame-sensuelle.paris\/fr\/wp-json\/wp\/v2\/pwb-brand?post=124262"},{"taxonomy":"product_brand","embeddable":true,"href":"https:\/\/madame-sensuelle.paris\/fr\/wp-json\/wp\/v2\/product_brand?post=124262"},{"taxonomy":"product_cat","embeddable":true,"href":"https:\/\/madame-sensuelle.paris\/fr\/wp-json\/wp\/v2\/product_cat?post=124262"},{"taxonomy":"product_tag","embeddable":true,"href":"https:\/\/madame-sensuelle.paris\/fr\/wp-json\/wp\/v2\/product_tag?post=124262"},{"taxonomy":"giftcard-category","embeddable":true,"href":"https:\/\/madame-sensuelle.paris\/fr\/wp-json\/wp\/v2\/giftcard-category?post=124262"}],"curies":[{"name":"wp","href":"https:\/\/api.w.org\/{rel}","templated":true}]}}