{"id":124270,"date":"2025-10-28T10:56:53","date_gmt":"2025-10-28T10:56:53","guid":{"rendered":"https:\/\/madame-sensuelle.paris\/product\/serre-taille-satin-memories-en-satin-et-dentelle\/"},"modified":"2026-03-30T06:25:05","modified_gmt":"2026-03-30T06:25:05","slug":"serre-taille-satin-memories-en-satin-et-dentelle","status":"publish","type":"product","link":"https:\/\/madame-sensuelle.paris\/fr\/product\/serre-taille-satin-memories-en-satin-et-dentelle\/","title":{"rendered":"Serre-Taille Satin Memories en satin et dentelle"},"content":{"rendered":"<p data-start=\"260\" data-end=\"500\">D\u00e9couvrez le Serre-Taille Satin Memories d\u2019Aubade, une pi\u00e8ce de lingerie de luxe qui allie \u00e9l\u00e9gance, s\u00e9duction et savoir-faire fran\u00e7ais.<\/p>\n<ul>\n<li data-start=\"260\" data-end=\"500\">Le satin bleu doux glisse sur la peau et sublime la taille avec une brillance irr\u00e9sistible.<\/li>\n<li data-start=\"502\" data-end=\"748\">La dentelle d\u00e9licate cr\u00e9e un subtil jeu de transparence qui met en valeur la silhouette et attire tous les regards.<\/li>\n<li data-start=\"502\" data-end=\"748\">Les bretelles ajustables assurent un maintien parfait, tandis que la coupe structur\u00e9e galbe la taille et souligne la f\u00e9minit\u00e9.<\/li>\n<\/ul>\n<p data-start=\"750\" data-end=\"915\">\u00c0 porter seul ou avec les pi\u00e8ces assorties de la collection Satin Memories, ce serre-taille transforme chaque moment en une exp\u00e9rience de luxe et de s\u00e9duction.<\/p>\n","protected":false},"excerpt":{"rendered":"<p>D\u00e9couvrez le Serre-Taille Satin Memories d\u2019Aubade, une pi\u00e8ce de lingerie de luxe qui allie \u00e9l\u00e9gance, s\u00e9duction et savoir-faire fran\u00e7ais. Le satin bleu doux glisse sur la peau et sublime la taille avec une brillance irr\u00e9sistible. La dentelle d\u00e9licate cr\u00e9e un subtil jeu de transparence qui met en valeur la silhouette et attire tous les regards.<\/p>\n","protected":false},"featured_media":124265,"template":"","meta":[],"pwb-brand":[2767],"product_brand":[],"product_cat":[1245,2463],"product_tag":[],"giftcard-category":[],"class_list":{"0":"post-124270","1":"product","2":"type-product","3":"status-publish","4":"has-post-thumbnail","6":"pwb-brand-aubade","7":"product_cat-lingerie-sexy-femme-erotique-et-glamour","8":"product_cat-porte-jarretelle-sexy-et-serre-tailles-sexy-lingerie","9":"pa_collection-satin-memories","11":"first","12":"instock","13":"taxable","14":"shipping-taxable","15":"purchasable","16":"product-type-variable","17":"has-default-attributes"},"yoast_head":"<!-- This site is optimized with the Yoast SEO plugin v27.4 - https:\/\/yoast.com\/product\/yoast-seo-wordpress\/ -->\n<title>Serre-Taille Satin Memories en satin et dentelle \u2013 AUBADE - Madame Sensuelle<\/title>\n<meta name=\"description\" content=\"Le mod\u00e8le Serre-Taille Satin Memories en satin et dentelle sign\u00e9 AUBADE, \u00e0 d\u00e9couvrir chez Madame Sensuelle. Essayage VIP disponible.\" \/>\n<meta name=\"robots\" content=\"index, follow, max-snippet:-1, max-image-preview:large, max-video-preview:-1\" \/>\n<link rel=\"canonical\" href=\"https:\/\/madame-sensuelle.paris\/fr\/product\/serre-taille-satin-memories-en-satin-et-dentelle\/\" \/>\n<meta property=\"og:locale\" content=\"fr_FR\" \/>\n<meta property=\"og:type\" content=\"article\" \/>\n<meta property=\"og:title\" content=\"Serre-Taille Satin Memories en satin et dentelle \u2013 AUBADE - Madame Sensuelle\" \/>\n<meta property=\"og:description\" content=\"Le mod\u00e8le Serre-Taille Satin Memories en satin et dentelle sign\u00e9 AUBADE, \u00e0 d\u00e9couvrir chez Madame Sensuelle. Essayage VIP disponible.\" \/>\n<meta property=\"og:url\" content=\"https:\/\/madame-sensuelle.paris\/fr\/product\/serre-taille-satin-memories-en-satin-et-dentelle\/\" \/>\n<meta property=\"og:site_name\" content=\"Madame Sensuelle\" \/>\n<meta property=\"article:publisher\" content=\"https:\/\/www.facebook.com\/madamesensuelle\" \/>\n<meta property=\"article:modified_time\" content=\"2026-03-30T06:25:05+00:00\" \/>\n<meta property=\"og:image\" content=\"http:\/\/madame-sensuelle.paris\/wp-content\/uploads\/2025\/10\/XSHD1TJ62648.webp\" \/>\n\t<meta property=\"og:image:width\" content=\"1200\" \/>\n\t<meta property=\"og:image:height\" content=\"1440\" \/>\n\t<meta property=\"og:image:type\" content=\"image\/webp\" \/>\n<meta name=\"twitter:card\" content=\"summary_large_image\" \/>\n<meta name=\"twitter:label1\" content=\"Dur\u00e9e de lecture estim\u00e9e\" \/>\n\t<meta name=\"twitter:data1\" content=\"2 minutes\" \/>\n<script type=\"application\/ld+json\" class=\"yoast-schema-graph\">{\"@context\":\"https:\\\/\\\/schema.org\",\"@graph\":[{\"@type\":\"WebPage\",\"@id\":\"https:\\\/\\\/madame-sensuelle.paris\\\/fr\\\/product\\\/serre-taille-satin-memories-en-satin-et-dentelle\\\/\",\"url\":\"https:\\\/\\\/madame-sensuelle.paris\\\/fr\\\/product\\\/serre-taille-satin-memories-en-satin-et-dentelle\\\/\",\"name\":\"Serre-Taille Satin Memories en satin et dentelle \u2013 AUBADE - Madame Sensuelle\",\"isPartOf\":{\"@id\":\"https:\\\/\\\/madame-sensuelle.paris\\\/fr\\\/#website\"},\"primaryImageOfPage\":{\"@id\":\"https:\\\/\\\/madame-sensuelle.paris\\\/fr\\\/product\\\/serre-taille-satin-memories-en-satin-et-dentelle\\\/#primaryimage\"},\"image\":{\"@id\":\"https:\\\/\\\/madame-sensuelle.paris\\\/fr\\\/product\\\/serre-taille-satin-memories-en-satin-et-dentelle\\\/#primaryimage\"},\"thumbnailUrl\":\"https:\\\/\\\/madame-sensuelle.paris\\\/wp-content\\\/uploads\\\/2025\\\/10\\\/XSHD1TJ62648.webp\",\"datePublished\":\"2025-10-28T10:56:53+00:00\",\"dateModified\":\"2026-03-30T06:25:05+00:00\",\"description\":\"Le mod\u00e8le Serre-Taille Satin Memories en satin et dentelle sign\u00e9 AUBADE, \u00e0 d\u00e9couvrir chez Madame Sensuelle. Essayage VIP disponible.\",\"breadcrumb\":{\"@id\":\"https:\\\/\\\/madame-sensuelle.paris\\\/fr\\\/product\\\/serre-taille-satin-memories-en-satin-et-dentelle\\\/#breadcrumb\"},\"inLanguage\":\"fr-FR\",\"potentialAction\":[{\"@type\":\"ReadAction\",\"target\":[\"https:\\\/\\\/madame-sensuelle.paris\\\/fr\\\/product\\\/serre-taille-satin-memories-en-satin-et-dentelle\\\/\"]}]},{\"@type\":\"ImageObject\",\"inLanguage\":\"fr-FR\",\"@id\":\"https:\\\/\\\/madame-sensuelle.paris\\\/fr\\\/product\\\/serre-taille-satin-memories-en-satin-et-dentelle\\\/#primaryimage\",\"url\":\"https:\\\/\\\/madame-sensuelle.paris\\\/wp-content\\\/uploads\\\/2025\\\/10\\\/XSHD1TJ62648.webp\",\"contentUrl\":\"https:\\\/\\\/madame-sensuelle.paris\\\/wp-content\\\/uploads\\\/2025\\\/10\\\/XSHD1TJ62648.webp\",\"width\":1200,\"height\":1440},{\"@type\":\"BreadcrumbList\",\"@id\":\"https:\\\/\\\/madame-sensuelle.paris\\\/fr\\\/product\\\/serre-taille-satin-memories-en-satin-et-dentelle\\\/#breadcrumb\",\"itemListElement\":[{\"@type\":\"ListItem\",\"position\":1,\"name\":\"Acceuil\",\"item\":\"https:\\\/\\\/madame-sensuelle.paris\\\/fr\\\/\"},{\"@type\":\"ListItem\",\"position\":2,\"name\":\"Catalogue\",\"item\":\"https:\\\/\\\/madame-sensuelle.paris\\\/fr\\\/catalogue\\\/\"},{\"@type\":\"ListItem\",\"position\":3,\"name\":\"AUBADE\",\"item\":\"https:\\\/\\\/madame-sensuelle.paris\\\/fr\\\/brand\\\/aubade\\\/\"},{\"@type\":\"ListItem\",\"position\":4,\"name\":\"Serre-Taille Satin Memories en satin et dentelle\"}]},{\"@type\":\"WebSite\",\"@id\":\"https:\\\/\\\/madame-sensuelle.paris\\\/fr\\\/#website\",\"url\":\"https:\\\/\\\/madame-sensuelle.paris\\\/fr\\\/\",\"name\":\"MADAME SENSUELLE\",\"description\":\"MADAME SENSUELLE: Found the biggest exciting brands of chic &amp; SEXY LINGERIE in Paris Boutique and on the WEB: Aubade, Dita Von Teese, Maison Close, Marjolaine, Bluebella, Atelier Amour, Luxxa, Catanzaro, Gracija Rim. You will found the big pleasure of sexy belt or bra make for you\",\"publisher\":{\"@id\":\"https:\\\/\\\/madame-sensuelle.paris\\\/fr\\\/#organization\"},\"potentialAction\":[{\"@type\":\"SearchAction\",\"target\":{\"@type\":\"EntryPoint\",\"urlTemplate\":\"https:\\\/\\\/madame-sensuelle.paris\\\/fr\\\/?s={search_term_string}\"},\"query-input\":{\"@type\":\"PropertyValueSpecification\",\"valueRequired\":true,\"valueName\":\"search_term_string\"}}],\"inLanguage\":\"fr-FR\"},{\"@type\":\"Organization\",\"@id\":\"https:\\\/\\\/madame-sensuelle.paris\\\/fr\\\/#organization\",\"name\":\"Madame Sensuelle\",\"url\":\"https:\\\/\\\/madame-sensuelle.paris\\\/fr\\\/\",\"logo\":{\"@type\":\"ImageObject\",\"inLanguage\":\"fr-FR\",\"@id\":\"https:\\\/\\\/madame-sensuelle.paris\\\/fr\\\/#\\\/schema\\\/logo\\\/image\\\/\",\"url\":\"https:\\\/\\\/madame-sensuelle.paris\\\/wp-content\\\/uploads\\\/2024\\\/12\\\/logo_a-1-1_696.webp\",\"contentUrl\":\"https:\\\/\\\/madame-sensuelle.paris\\\/wp-content\\\/uploads\\\/2024\\\/12\\\/logo_a-1-1_696.webp\",\"width\":696,\"height\":696,\"caption\":\"Madame Sensuelle\"},\"image\":{\"@id\":\"https:\\\/\\\/madame-sensuelle.paris\\\/fr\\\/#\\\/schema\\\/logo\\\/image\\\/\"},\"sameAs\":[\"https:\\\/\\\/www.facebook.com\\\/madamesensuelle\",\"https:\\\/\\\/www.instagram.com\\\/madame_sensuelle\\\/\"]}]}<\/script>\n<!-- \/ Yoast SEO plugin. -->","yoast_head_json":{"title":"Serre-Taille Satin Memories en satin et dentelle \u2013 AUBADE - Madame Sensuelle","description":"Le mod\u00e8le Serre-Taille Satin Memories en satin et dentelle sign\u00e9 AUBADE, \u00e0 d\u00e9couvrir chez Madame Sensuelle. Essayage VIP disponible.","robots":{"index":"index","follow":"follow","max-snippet":"max-snippet:-1","max-image-preview":"max-image-preview:large","max-video-preview":"max-video-preview:-1"},"canonical":"https:\/\/madame-sensuelle.paris\/fr\/product\/serre-taille-satin-memories-en-satin-et-dentelle\/","og_locale":"fr_FR","og_type":"article","og_title":"Serre-Taille Satin Memories en satin et dentelle \u2013 AUBADE - Madame Sensuelle","og_description":"Le mod\u00e8le Serre-Taille Satin Memories en satin et dentelle sign\u00e9 AUBADE, \u00e0 d\u00e9couvrir chez Madame Sensuelle. Essayage VIP disponible.","og_url":"https:\/\/madame-sensuelle.paris\/fr\/product\/serre-taille-satin-memories-en-satin-et-dentelle\/","og_site_name":"Madame Sensuelle","article_publisher":"https:\/\/www.facebook.com\/madamesensuelle","article_modified_time":"2026-03-30T06:25:05+00:00","og_image":[{"width":1200,"height":1440,"url":"http:\/\/madame-sensuelle.paris\/wp-content\/uploads\/2025\/10\/XSHD1TJ62648.webp","type":"image\/webp"}],"twitter_card":"summary_large_image","twitter_misc":{"Dur\u00e9e de lecture estim\u00e9e":"2 minutes"},"schema":{"@context":"https:\/\/schema.org","@graph":[{"@type":"WebPage","@id":"https:\/\/madame-sensuelle.paris\/fr\/product\/serre-taille-satin-memories-en-satin-et-dentelle\/","url":"https:\/\/madame-sensuelle.paris\/fr\/product\/serre-taille-satin-memories-en-satin-et-dentelle\/","name":"Serre-Taille Satin Memories en satin et dentelle \u2013 AUBADE - Madame Sensuelle","isPartOf":{"@id":"https:\/\/madame-sensuelle.paris\/fr\/#website"},"primaryImageOfPage":{"@id":"https:\/\/madame-sensuelle.paris\/fr\/product\/serre-taille-satin-memories-en-satin-et-dentelle\/#primaryimage"},"image":{"@id":"https:\/\/madame-sensuelle.paris\/fr\/product\/serre-taille-satin-memories-en-satin-et-dentelle\/#primaryimage"},"thumbnailUrl":"https:\/\/madame-sensuelle.paris\/wp-content\/uploads\/2025\/10\/XSHD1TJ62648.webp","datePublished":"2025-10-28T10:56:53+00:00","dateModified":"2026-03-30T06:25:05+00:00","description":"Le mod\u00e8le Serre-Taille Satin Memories en satin et dentelle sign\u00e9 AUBADE, \u00e0 d\u00e9couvrir chez Madame Sensuelle. Essayage VIP disponible.","breadcrumb":{"@id":"https:\/\/madame-sensuelle.paris\/fr\/product\/serre-taille-satin-memories-en-satin-et-dentelle\/#breadcrumb"},"inLanguage":"fr-FR","potentialAction":[{"@type":"ReadAction","target":["https:\/\/madame-sensuelle.paris\/fr\/product\/serre-taille-satin-memories-en-satin-et-dentelle\/"]}]},{"@type":"ImageObject","inLanguage":"fr-FR","@id":"https:\/\/madame-sensuelle.paris\/fr\/product\/serre-taille-satin-memories-en-satin-et-dentelle\/#primaryimage","url":"https:\/\/madame-sensuelle.paris\/wp-content\/uploads\/2025\/10\/XSHD1TJ62648.webp","contentUrl":"https:\/\/madame-sensuelle.paris\/wp-content\/uploads\/2025\/10\/XSHD1TJ62648.webp","width":1200,"height":1440},{"@type":"BreadcrumbList","@id":"https:\/\/madame-sensuelle.paris\/fr\/product\/serre-taille-satin-memories-en-satin-et-dentelle\/#breadcrumb","itemListElement":[{"@type":"ListItem","position":1,"name":"Acceuil","item":"https:\/\/madame-sensuelle.paris\/fr\/"},{"@type":"ListItem","position":2,"name":"Catalogue","item":"https:\/\/madame-sensuelle.paris\/fr\/catalogue\/"},{"@type":"ListItem","position":3,"name":"AUBADE","item":"https:\/\/madame-sensuelle.paris\/fr\/brand\/aubade\/"},{"@type":"ListItem","position":4,"name":"Serre-Taille Satin Memories en satin et dentelle"}]},{"@type":"WebSite","@id":"https:\/\/madame-sensuelle.paris\/fr\/#website","url":"https:\/\/madame-sensuelle.paris\/fr\/","name":"MADAME SENSUELLE","description":"MADAME SENSUELLE: Found the biggest exciting brands of chic &amp; SEXY LINGERIE in Paris Boutique and on the WEB: Aubade, Dita Von Teese, Maison Close, Marjolaine, Bluebella, Atelier Amour, Luxxa, Catanzaro, Gracija Rim. You will found the big pleasure of sexy belt or bra make for you","publisher":{"@id":"https:\/\/madame-sensuelle.paris\/fr\/#organization"},"potentialAction":[{"@type":"SearchAction","target":{"@type":"EntryPoint","urlTemplate":"https:\/\/madame-sensuelle.paris\/fr\/?s={search_term_string}"},"query-input":{"@type":"PropertyValueSpecification","valueRequired":true,"valueName":"search_term_string"}}],"inLanguage":"fr-FR"},{"@type":"Organization","@id":"https:\/\/madame-sensuelle.paris\/fr\/#organization","name":"Madame Sensuelle","url":"https:\/\/madame-sensuelle.paris\/fr\/","logo":{"@type":"ImageObject","inLanguage":"fr-FR","@id":"https:\/\/madame-sensuelle.paris\/fr\/#\/schema\/logo\/image\/","url":"https:\/\/madame-sensuelle.paris\/wp-content\/uploads\/2024\/12\/logo_a-1-1_696.webp","contentUrl":"https:\/\/madame-sensuelle.paris\/wp-content\/uploads\/2024\/12\/logo_a-1-1_696.webp","width":696,"height":696,"caption":"Madame Sensuelle"},"image":{"@id":"https:\/\/madame-sensuelle.paris\/fr\/#\/schema\/logo\/image\/"},"sameAs":["https:\/\/www.facebook.com\/madamesensuelle","https:\/\/www.instagram.com\/madame_sensuelle\/"]}]}},"brands":[{"id":2767,"name":"AUBADE","slug":"aubade"}],"_links":{"self":[{"href":"https:\/\/madame-sensuelle.paris\/fr\/wp-json\/wp\/v2\/product\/124270","targetHints":{"allow":["GET"]}}],"collection":[{"href":"https:\/\/madame-sensuelle.paris\/fr\/wp-json\/wp\/v2\/product"}],"about":[{"href":"https:\/\/madame-sensuelle.paris\/fr\/wp-json\/wp\/v2\/types\/product"}],"version-history":[{"count":1,"href":"https:\/\/madame-sensuelle.paris\/fr\/wp-json\/wp\/v2\/product\/124270\/revisions"}],"predecessor-version":[{"id":125315,"href":"https:\/\/madame-sensuelle.paris\/fr\/wp-json\/wp\/v2\/product\/124270\/revisions\/125315"}],"wp:featuredmedia":[{"embeddable":true,"href":"https:\/\/madame-sensuelle.paris\/fr\/wp-json\/wp\/v2\/media\/124265"}],"wp:attachment":[{"href":"https:\/\/madame-sensuelle.paris\/fr\/wp-json\/wp\/v2\/media?parent=124270"}],"wp:term":[{"taxonomy":"pwb-brand","embeddable":true,"href":"https:\/\/madame-sensuelle.paris\/fr\/wp-json\/wp\/v2\/pwb-brand?post=124270"},{"taxonomy":"product_brand","embeddable":true,"href":"https:\/\/madame-sensuelle.paris\/fr\/wp-json\/wp\/v2\/product_brand?post=124270"},{"taxonomy":"product_cat","embeddable":true,"href":"https:\/\/madame-sensuelle.paris\/fr\/wp-json\/wp\/v2\/product_cat?post=124270"},{"taxonomy":"product_tag","embeddable":true,"href":"https:\/\/madame-sensuelle.paris\/fr\/wp-json\/wp\/v2\/product_tag?post=124270"},{"taxonomy":"giftcard-category","embeddable":true,"href":"https:\/\/madame-sensuelle.paris\/fr\/wp-json\/wp\/v2\/giftcard-category?post=124270"}],"curies":[{"name":"wp","href":"https:\/\/api.w.org\/{rel}","templated":true}]}}