{"id":124344,"date":"2025-10-28T11:31:35","date_gmt":"2025-10-28T11:31:35","guid":{"rendered":"https:\/\/madame-sensuelle.paris\/product\/top-night-at-paradise-avec-lacet-sur-le-dos\/"},"modified":"2026-03-29T12:33:39","modified_gmt":"2026-03-29T12:33:39","slug":"top-night-at-paradise-avec-lacet-sur-le-dos","status":"publish","type":"product","link":"https:\/\/madame-sensuelle.paris\/fr\/product\/top-night-at-paradise-avec-lacet-sur-le-dos\/","title":{"rendered":"Top Night at Paradise avec lacet sur le dos"},"content":{"rendered":"<p>D\u00e9couvrez le Top Night at Paradise de la maison Aubade, une pi\u00e8ce qui brouille les fronti\u00e8res entre lingerie et pr\u00eat-\u00e0-porter. Sa broderie florale pr\u00e9cieuse \u00e9voque l\u2019\u00e9l\u00e9gance fran\u00e7aise et sublime le buste avec transparence et style.<\/p>\n<ul>\n<li>La coupe moderne flatte la silhouette, tandis que le lacet au dos donne une touche irr\u00e9sistiblement sensuelle et contemporaine.<\/li>\n<li>Des d\u00e9tails dor\u00e9s et des bandes inspir\u00e9es du bondage apportent audace et caract\u00e8re \u00e0 ce top chic.<\/li>\n<li>Confectionn\u00e9 en tulle fin et broderie fran\u00e7aise, il combine douceur et allure graphique.<\/li>\n<li>La guipure graphique souligne le dos, r\u00e9v\u00e9lant juste ce qu\u2019il faut pour captiver tous les regards.<\/li>\n<\/ul>\n<p>Parfait port\u00e9 seul ou associ\u00e9 \u00e0 un bas coordonn\u00e9, ce top incarne la s\u00e9duction moderne, l\u2019\u00e9l\u00e9gance et le savoir-faire l\u00e9gendaire d\u2019Aubade.<\/p>\n","protected":false},"excerpt":{"rendered":"<p>D\u00e9couvrez le Top Night at Paradise de la maison Aubade, une pi\u00e8ce qui brouille les fronti\u00e8res entre lingerie et pr\u00eat-\u00e0-porter. Sa broderie florale pr\u00e9cieuse \u00e9voque l\u2019\u00e9l\u00e9gance fran\u00e7aise et sublime le buste avec transparence et style. La coupe moderne flatte la silhouette, tandis que le lacet au dos donne une touche irr\u00e9sistiblement sensuelle et contemporaine. Des<\/p>\n","protected":false},"featured_media":124338,"template":"","meta":[],"pwb-brand":[2767],"product_brand":[],"product_cat":[1239,1237,3367],"product_tag":[],"giftcard-category":[],"class_list":{"0":"post-124344","1":"product","2":"type-product","3":"status-publish","4":"has-post-thumbnail","6":"pwb-brand-aubade","7":"product_cat-longewear","8":"product_cat-top-et-vestes","9":"product_cat-show-main","10":"pa_collection-night-in-paradise","12":"first","13":"instock","14":"taxable","15":"shipping-taxable","16":"purchasable","17":"product-type-variable","18":"has-default-attributes"},"yoast_head":"<!-- This site is optimized with the Yoast SEO plugin v27.4 - https:\/\/yoast.com\/product\/yoast-seo-wordpress\/ -->\n<title>Top Night at Paradise avec lacet sur le dos \u2013 AUBADE - Madame Sensuelle<\/title>\n<meta name=\"description\" content=\"Le mod\u00e8le Top Night at Paradise avec lacet sur le dos sign\u00e9 AUBADE, \u00e0 d\u00e9couvrir chez Madame Sensuelle. Essayage VIP disponible.\" \/>\n<meta name=\"robots\" content=\"index, follow, max-snippet:-1, max-image-preview:large, max-video-preview:-1\" \/>\n<link rel=\"canonical\" href=\"https:\/\/madame-sensuelle.paris\/fr\/product\/top-night-at-paradise-avec-lacet-sur-le-dos\/\" \/>\n<meta property=\"og:locale\" content=\"fr_FR\" \/>\n<meta property=\"og:type\" content=\"article\" \/>\n<meta property=\"og:title\" content=\"Top Night at Paradise avec lacet sur le dos \u2013 AUBADE - Madame Sensuelle\" \/>\n<meta property=\"og:description\" content=\"Le mod\u00e8le Top Night at Paradise avec lacet sur le dos sign\u00e9 AUBADE, \u00e0 d\u00e9couvrir chez Madame Sensuelle. Essayage VIP disponible.\" \/>\n<meta property=\"og:url\" content=\"https:\/\/madame-sensuelle.paris\/fr\/product\/top-night-at-paradise-avec-lacet-sur-le-dos\/\" \/>\n<meta property=\"og:site_name\" content=\"Madame Sensuelle\" \/>\n<meta property=\"article:publisher\" content=\"https:\/\/www.facebook.com\/madamesensuelle\" \/>\n<meta property=\"article:modified_time\" content=\"2026-03-29T12:33:39+00:00\" \/>\n<meta property=\"og:image\" content=\"http:\/\/madame-sensuelle.paris\/wp-content\/uploads\/2025\/10\/XSHD1TJ62678.webp\" \/>\n\t<meta property=\"og:image:width\" content=\"1200\" \/>\n\t<meta property=\"og:image:height\" content=\"1440\" \/>\n\t<meta property=\"og:image:type\" content=\"image\/webp\" \/>\n<meta name=\"twitter:card\" content=\"summary_large_image\" \/>\n<meta name=\"twitter:label1\" content=\"Dur\u00e9e de lecture estim\u00e9e\" \/>\n\t<meta name=\"twitter:data1\" content=\"2 minutes\" \/>\n<script type=\"application\/ld+json\" class=\"yoast-schema-graph\">{\"@context\":\"https:\\\/\\\/schema.org\",\"@graph\":[{\"@type\":\"WebPage\",\"@id\":\"https:\\\/\\\/madame-sensuelle.paris\\\/fr\\\/product\\\/top-night-at-paradise-avec-lacet-sur-le-dos\\\/\",\"url\":\"https:\\\/\\\/madame-sensuelle.paris\\\/fr\\\/product\\\/top-night-at-paradise-avec-lacet-sur-le-dos\\\/\",\"name\":\"Top Night at Paradise avec lacet sur le dos \u2013 AUBADE - Madame Sensuelle\",\"isPartOf\":{\"@id\":\"https:\\\/\\\/madame-sensuelle.paris\\\/fr\\\/#website\"},\"primaryImageOfPage\":{\"@id\":\"https:\\\/\\\/madame-sensuelle.paris\\\/fr\\\/product\\\/top-night-at-paradise-avec-lacet-sur-le-dos\\\/#primaryimage\"},\"image\":{\"@id\":\"https:\\\/\\\/madame-sensuelle.paris\\\/fr\\\/product\\\/top-night-at-paradise-avec-lacet-sur-le-dos\\\/#primaryimage\"},\"thumbnailUrl\":\"https:\\\/\\\/madame-sensuelle.paris\\\/wp-content\\\/uploads\\\/2025\\\/10\\\/XSHD1TJ62678.webp\",\"datePublished\":\"2025-10-28T11:31:35+00:00\",\"dateModified\":\"2026-03-29T12:33:39+00:00\",\"description\":\"Le mod\u00e8le Top Night at Paradise avec lacet sur le dos sign\u00e9 AUBADE, \u00e0 d\u00e9couvrir chez Madame Sensuelle. Essayage VIP disponible.\",\"breadcrumb\":{\"@id\":\"https:\\\/\\\/madame-sensuelle.paris\\\/fr\\\/product\\\/top-night-at-paradise-avec-lacet-sur-le-dos\\\/#breadcrumb\"},\"inLanguage\":\"fr-FR\",\"potentialAction\":[{\"@type\":\"ReadAction\",\"target\":[\"https:\\\/\\\/madame-sensuelle.paris\\\/fr\\\/product\\\/top-night-at-paradise-avec-lacet-sur-le-dos\\\/\"]}]},{\"@type\":\"ImageObject\",\"inLanguage\":\"fr-FR\",\"@id\":\"https:\\\/\\\/madame-sensuelle.paris\\\/fr\\\/product\\\/top-night-at-paradise-avec-lacet-sur-le-dos\\\/#primaryimage\",\"url\":\"https:\\\/\\\/madame-sensuelle.paris\\\/wp-content\\\/uploads\\\/2025\\\/10\\\/XSHD1TJ62678.webp\",\"contentUrl\":\"https:\\\/\\\/madame-sensuelle.paris\\\/wp-content\\\/uploads\\\/2025\\\/10\\\/XSHD1TJ62678.webp\",\"width\":1200,\"height\":1440},{\"@type\":\"BreadcrumbList\",\"@id\":\"https:\\\/\\\/madame-sensuelle.paris\\\/fr\\\/product\\\/top-night-at-paradise-avec-lacet-sur-le-dos\\\/#breadcrumb\",\"itemListElement\":[{\"@type\":\"ListItem\",\"position\":1,\"name\":\"Acceuil\",\"item\":\"https:\\\/\\\/madame-sensuelle.paris\\\/fr\\\/\"},{\"@type\":\"ListItem\",\"position\":2,\"name\":\"Catalogue\",\"item\":\"https:\\\/\\\/madame-sensuelle.paris\\\/fr\\\/catalogue\\\/\"},{\"@type\":\"ListItem\",\"position\":3,\"name\":\"AUBADE\",\"item\":\"https:\\\/\\\/madame-sensuelle.paris\\\/fr\\\/brand\\\/aubade\\\/\"},{\"@type\":\"ListItem\",\"position\":4,\"name\":\"Top Night at Paradise avec lacet sur le dos\"}]},{\"@type\":\"WebSite\",\"@id\":\"https:\\\/\\\/madame-sensuelle.paris\\\/fr\\\/#website\",\"url\":\"https:\\\/\\\/madame-sensuelle.paris\\\/fr\\\/\",\"name\":\"MADAME SENSUELLE\",\"description\":\"MADAME SENSUELLE: Found the biggest exciting brands of chic &amp; SEXY LINGERIE in Paris Boutique and on the WEB: Aubade, Dita Von Teese, Maison Close, Marjolaine, Bluebella, Atelier Amour, Luxxa, Catanzaro, Gracija Rim. You will found the big pleasure of sexy belt or bra make for you\",\"publisher\":{\"@id\":\"https:\\\/\\\/madame-sensuelle.paris\\\/fr\\\/#organization\"},\"potentialAction\":[{\"@type\":\"SearchAction\",\"target\":{\"@type\":\"EntryPoint\",\"urlTemplate\":\"https:\\\/\\\/madame-sensuelle.paris\\\/fr\\\/?s={search_term_string}\"},\"query-input\":{\"@type\":\"PropertyValueSpecification\",\"valueRequired\":true,\"valueName\":\"search_term_string\"}}],\"inLanguage\":\"fr-FR\"},{\"@type\":\"Organization\",\"@id\":\"https:\\\/\\\/madame-sensuelle.paris\\\/fr\\\/#organization\",\"name\":\"Madame Sensuelle\",\"url\":\"https:\\\/\\\/madame-sensuelle.paris\\\/fr\\\/\",\"logo\":{\"@type\":\"ImageObject\",\"inLanguage\":\"fr-FR\",\"@id\":\"https:\\\/\\\/madame-sensuelle.paris\\\/fr\\\/#\\\/schema\\\/logo\\\/image\\\/\",\"url\":\"https:\\\/\\\/madame-sensuelle.paris\\\/wp-content\\\/uploads\\\/2024\\\/12\\\/logo_a-1-1_696.webp\",\"contentUrl\":\"https:\\\/\\\/madame-sensuelle.paris\\\/wp-content\\\/uploads\\\/2024\\\/12\\\/logo_a-1-1_696.webp\",\"width\":696,\"height\":696,\"caption\":\"Madame Sensuelle\"},\"image\":{\"@id\":\"https:\\\/\\\/madame-sensuelle.paris\\\/fr\\\/#\\\/schema\\\/logo\\\/image\\\/\"},\"sameAs\":[\"https:\\\/\\\/www.facebook.com\\\/madamesensuelle\",\"https:\\\/\\\/www.instagram.com\\\/madame_sensuelle\\\/\"]}]}<\/script>\n<!-- \/ Yoast SEO plugin. -->","yoast_head_json":{"title":"Top Night at Paradise avec lacet sur le dos \u2013 AUBADE - Madame Sensuelle","description":"Le mod\u00e8le Top Night at Paradise avec lacet sur le dos sign\u00e9 AUBADE, \u00e0 d\u00e9couvrir chez Madame Sensuelle. Essayage VIP disponible.","robots":{"index":"index","follow":"follow","max-snippet":"max-snippet:-1","max-image-preview":"max-image-preview:large","max-video-preview":"max-video-preview:-1"},"canonical":"https:\/\/madame-sensuelle.paris\/fr\/product\/top-night-at-paradise-avec-lacet-sur-le-dos\/","og_locale":"fr_FR","og_type":"article","og_title":"Top Night at Paradise avec lacet sur le dos \u2013 AUBADE - Madame Sensuelle","og_description":"Le mod\u00e8le Top Night at Paradise avec lacet sur le dos sign\u00e9 AUBADE, \u00e0 d\u00e9couvrir chez Madame Sensuelle. Essayage VIP disponible.","og_url":"https:\/\/madame-sensuelle.paris\/fr\/product\/top-night-at-paradise-avec-lacet-sur-le-dos\/","og_site_name":"Madame Sensuelle","article_publisher":"https:\/\/www.facebook.com\/madamesensuelle","article_modified_time":"2026-03-29T12:33:39+00:00","og_image":[{"width":1200,"height":1440,"url":"http:\/\/madame-sensuelle.paris\/wp-content\/uploads\/2025\/10\/XSHD1TJ62678.webp","type":"image\/webp"}],"twitter_card":"summary_large_image","twitter_misc":{"Dur\u00e9e de lecture estim\u00e9e":"2 minutes"},"schema":{"@context":"https:\/\/schema.org","@graph":[{"@type":"WebPage","@id":"https:\/\/madame-sensuelle.paris\/fr\/product\/top-night-at-paradise-avec-lacet-sur-le-dos\/","url":"https:\/\/madame-sensuelle.paris\/fr\/product\/top-night-at-paradise-avec-lacet-sur-le-dos\/","name":"Top Night at Paradise avec lacet sur le dos \u2013 AUBADE - Madame Sensuelle","isPartOf":{"@id":"https:\/\/madame-sensuelle.paris\/fr\/#website"},"primaryImageOfPage":{"@id":"https:\/\/madame-sensuelle.paris\/fr\/product\/top-night-at-paradise-avec-lacet-sur-le-dos\/#primaryimage"},"image":{"@id":"https:\/\/madame-sensuelle.paris\/fr\/product\/top-night-at-paradise-avec-lacet-sur-le-dos\/#primaryimage"},"thumbnailUrl":"https:\/\/madame-sensuelle.paris\/wp-content\/uploads\/2025\/10\/XSHD1TJ62678.webp","datePublished":"2025-10-28T11:31:35+00:00","dateModified":"2026-03-29T12:33:39+00:00","description":"Le mod\u00e8le Top Night at Paradise avec lacet sur le dos sign\u00e9 AUBADE, \u00e0 d\u00e9couvrir chez Madame Sensuelle. Essayage VIP disponible.","breadcrumb":{"@id":"https:\/\/madame-sensuelle.paris\/fr\/product\/top-night-at-paradise-avec-lacet-sur-le-dos\/#breadcrumb"},"inLanguage":"fr-FR","potentialAction":[{"@type":"ReadAction","target":["https:\/\/madame-sensuelle.paris\/fr\/product\/top-night-at-paradise-avec-lacet-sur-le-dos\/"]}]},{"@type":"ImageObject","inLanguage":"fr-FR","@id":"https:\/\/madame-sensuelle.paris\/fr\/product\/top-night-at-paradise-avec-lacet-sur-le-dos\/#primaryimage","url":"https:\/\/madame-sensuelle.paris\/wp-content\/uploads\/2025\/10\/XSHD1TJ62678.webp","contentUrl":"https:\/\/madame-sensuelle.paris\/wp-content\/uploads\/2025\/10\/XSHD1TJ62678.webp","width":1200,"height":1440},{"@type":"BreadcrumbList","@id":"https:\/\/madame-sensuelle.paris\/fr\/product\/top-night-at-paradise-avec-lacet-sur-le-dos\/#breadcrumb","itemListElement":[{"@type":"ListItem","position":1,"name":"Acceuil","item":"https:\/\/madame-sensuelle.paris\/fr\/"},{"@type":"ListItem","position":2,"name":"Catalogue","item":"https:\/\/madame-sensuelle.paris\/fr\/catalogue\/"},{"@type":"ListItem","position":3,"name":"AUBADE","item":"https:\/\/madame-sensuelle.paris\/fr\/brand\/aubade\/"},{"@type":"ListItem","position":4,"name":"Top Night at Paradise avec lacet sur le dos"}]},{"@type":"WebSite","@id":"https:\/\/madame-sensuelle.paris\/fr\/#website","url":"https:\/\/madame-sensuelle.paris\/fr\/","name":"MADAME SENSUELLE","description":"MADAME SENSUELLE: Found the biggest exciting brands of chic &amp; SEXY LINGERIE in Paris Boutique and on the WEB: Aubade, Dita Von Teese, Maison Close, Marjolaine, Bluebella, Atelier Amour, Luxxa, Catanzaro, Gracija Rim. You will found the big pleasure of sexy belt or bra make for you","publisher":{"@id":"https:\/\/madame-sensuelle.paris\/fr\/#organization"},"potentialAction":[{"@type":"SearchAction","target":{"@type":"EntryPoint","urlTemplate":"https:\/\/madame-sensuelle.paris\/fr\/?s={search_term_string}"},"query-input":{"@type":"PropertyValueSpecification","valueRequired":true,"valueName":"search_term_string"}}],"inLanguage":"fr-FR"},{"@type":"Organization","@id":"https:\/\/madame-sensuelle.paris\/fr\/#organization","name":"Madame Sensuelle","url":"https:\/\/madame-sensuelle.paris\/fr\/","logo":{"@type":"ImageObject","inLanguage":"fr-FR","@id":"https:\/\/madame-sensuelle.paris\/fr\/#\/schema\/logo\/image\/","url":"https:\/\/madame-sensuelle.paris\/wp-content\/uploads\/2024\/12\/logo_a-1-1_696.webp","contentUrl":"https:\/\/madame-sensuelle.paris\/wp-content\/uploads\/2024\/12\/logo_a-1-1_696.webp","width":696,"height":696,"caption":"Madame Sensuelle"},"image":{"@id":"https:\/\/madame-sensuelle.paris\/fr\/#\/schema\/logo\/image\/"},"sameAs":["https:\/\/www.facebook.com\/madamesensuelle","https:\/\/www.instagram.com\/madame_sensuelle\/"]}]}},"brands":[{"id":2767,"name":"AUBADE","slug":"aubade"}],"_links":{"self":[{"href":"https:\/\/madame-sensuelle.paris\/fr\/wp-json\/wp\/v2\/product\/124344","targetHints":{"allow":["GET"]}}],"collection":[{"href":"https:\/\/madame-sensuelle.paris\/fr\/wp-json\/wp\/v2\/product"}],"about":[{"href":"https:\/\/madame-sensuelle.paris\/fr\/wp-json\/wp\/v2\/types\/product"}],"version-history":[{"count":1,"href":"https:\/\/madame-sensuelle.paris\/fr\/wp-json\/wp\/v2\/product\/124344\/revisions"}],"predecessor-version":[{"id":125156,"href":"https:\/\/madame-sensuelle.paris\/fr\/wp-json\/wp\/v2\/product\/124344\/revisions\/125156"}],"wp:featuredmedia":[{"embeddable":true,"href":"https:\/\/madame-sensuelle.paris\/fr\/wp-json\/wp\/v2\/media\/124338"}],"wp:attachment":[{"href":"https:\/\/madame-sensuelle.paris\/fr\/wp-json\/wp\/v2\/media?parent=124344"}],"wp:term":[{"taxonomy":"pwb-brand","embeddable":true,"href":"https:\/\/madame-sensuelle.paris\/fr\/wp-json\/wp\/v2\/pwb-brand?post=124344"},{"taxonomy":"product_brand","embeddable":true,"href":"https:\/\/madame-sensuelle.paris\/fr\/wp-json\/wp\/v2\/product_brand?post=124344"},{"taxonomy":"product_cat","embeddable":true,"href":"https:\/\/madame-sensuelle.paris\/fr\/wp-json\/wp\/v2\/product_cat?post=124344"},{"taxonomy":"product_tag","embeddable":true,"href":"https:\/\/madame-sensuelle.paris\/fr\/wp-json\/wp\/v2\/product_tag?post=124344"},{"taxonomy":"giftcard-category","embeddable":true,"href":"https:\/\/madame-sensuelle.paris\/fr\/wp-json\/wp\/v2\/giftcard-category?post=124344"}],"curies":[{"name":"wp","href":"https:\/\/api.w.org\/{rel}","templated":true}]}}