{"id":124634,"date":"2025-11-24T13:21:00","date_gmt":"2025-11-24T13:21:00","guid":{"rendered":"https:\/\/madame-sensuelle.paris\/product\/string-amovible-a-porte-jarretelles-en-dentelle-florale-jeux-magnetiques\/"},"modified":"2026-03-29T07:39:20","modified_gmt":"2026-03-29T07:39:20","slug":"string-amovible-a-porte-jarretelles-en-dentelle-florale-jeux-magnetiques","status":"publish","type":"product","link":"https:\/\/madame-sensuelle.paris\/fr\/product\/string-amovible-a-porte-jarretelles-en-dentelle-florale-jeux-magnetiques\/","title":{"rendered":"String amovible \u00e0 porte-jarretelles en dentelle florale Jeux Magn\u00e9tiques"},"content":{"rendered":"<p>Succombez au string amovible \u00e0 porte-jarretelles Jeux Magn\u00e9tiques de Maison Close, une lingerie audacieuse qui allie s\u00e9duction, \u00e9l\u00e9gance et confort.<\/p>\n<ul>\n<li>Sa dentelle florale d\u00e9licate \u00e9pouse la peau et apporte un toucher doux et luxueux.<\/li>\n<li>La coupe amovible permet de porter le string seul ou avec le porte-jarretelles, pour plus de polyvalence et de sensualit\u00e9.<\/li>\n<li>Les d\u00e9tails ouvrables ajoutent une touche provocante et moderne.<\/li>\n<li>Le porte-jarretelles int\u00e9gr\u00e9 met en valeur les jambes et sublime la silhouette avec \u00e9l\u00e9gance.<br \/>\nChaque couture et finition refl\u00e8te le savoir-faire raffin\u00e9 de Maison Close.<\/li>\n<\/ul>\n<p>Cette pi\u00e8ce transforme votre lingerie en un atout de s\u00e9duction, id\u00e9ale pour une soir\u00e9e sp\u00e9ciale ou pour se sentir irr\u00e9sistible au quotidien.<\/p>\n","protected":false},"excerpt":{"rendered":"<p>Succombez au string amovible \u00e0 porte-jarretelles Jeux Magn\u00e9tiques de Maison Close, une lingerie audacieuse qui allie s\u00e9duction, \u00e9l\u00e9gance et confort. Sa dentelle florale d\u00e9licate \u00e9pouse la peau et apporte un toucher doux et luxueux. La coupe amovible permet de porter le string seul ou avec le porte-jarretelles, pour plus de polyvalence et de sensualit\u00e9. Les<\/p>\n","protected":false},"featured_media":124659,"template":"","meta":[],"pwb-brand":[2776],"product_brand":[],"product_cat":[3367],"product_tag":[],"giftcard-category":[],"class_list":{"0":"post-124634","1":"product","2":"type-product","3":"status-publish","4":"has-post-thumbnail","6":"pwb-brand-maison-close","7":"product_cat-show-main","8":"pa_collection-jeux-magnetiques","10":"first","11":"instock","12":"taxable","13":"shipping-taxable","14":"purchasable","15":"product-type-variable","16":"has-default-attributes"},"yoast_head":"<!-- This site is optimized with the Yoast SEO plugin v27.4 - https:\/\/yoast.com\/product\/yoast-seo-wordpress\/ -->\n<title>String \u00e0 porte-jarretelles en dentelle florale Jeux Magn\u00e9tiques- Madame Sensuelle<\/title>\n<meta name=\"description\" content=\"Succombez au string amovible \u00e0 porte-jarretelles Maison Close \u201cJeux Magn\u00e9tiques\u201d en dentelle florale, une lingerie sexy et raffin\u00e9e qui sublime vos courbes.\" \/>\n<meta name=\"robots\" content=\"index, follow, max-snippet:-1, max-image-preview:large, max-video-preview:-1\" \/>\n<link rel=\"canonical\" href=\"https:\/\/madame-sensuelle.paris\/fr\/product\/string-amovible-a-porte-jarretelles-en-dentelle-florale-jeux-magnetiques\/\" \/>\n<meta property=\"og:locale\" content=\"fr_FR\" \/>\n<meta property=\"og:type\" content=\"article\" \/>\n<meta property=\"og:title\" content=\"String \u00e0 porte-jarretelles en dentelle florale Jeux Magn\u00e9tiques- Madame Sensuelle\" \/>\n<meta property=\"og:description\" content=\"Succombez au string amovible \u00e0 porte-jarretelles Maison Close \u201cJeux Magn\u00e9tiques\u201d en dentelle florale, une lingerie sexy et raffin\u00e9e qui sublime vos courbes.\" \/>\n<meta property=\"og:url\" content=\"https:\/\/madame-sensuelle.paris\/fr\/product\/string-amovible-a-porte-jarretelles-en-dentelle-florale-jeux-magnetiques\/\" \/>\n<meta property=\"og:site_name\" content=\"Madame Sensuelle\" \/>\n<meta property=\"article:publisher\" content=\"https:\/\/www.facebook.com\/madamesensuelle\" \/>\n<meta property=\"article:modified_time\" content=\"2026-03-29T07:39:20+00:00\" \/>\n<meta property=\"og:image\" content=\"http:\/\/madame-sensuelle.paris\/wp-content\/uploads\/2025\/11\/XSHD1TJ62700-scaled.webp\" \/>\n\t<meta property=\"og:image:width\" content=\"1707\" \/>\n\t<meta property=\"og:image:height\" content=\"2560\" \/>\n\t<meta property=\"og:image:type\" content=\"image\/webp\" \/>\n<meta name=\"twitter:card\" content=\"summary_large_image\" \/>\n<meta name=\"twitter:label1\" content=\"Dur\u00e9e de lecture estim\u00e9e\" \/>\n\t<meta name=\"twitter:data1\" content=\"2 minutes\" \/>\n<script type=\"application\/ld+json\" class=\"yoast-schema-graph\">{\"@context\":\"https:\\\/\\\/schema.org\",\"@graph\":[{\"@type\":\"WebPage\",\"@id\":\"https:\\\/\\\/madame-sensuelle.paris\\\/fr\\\/product\\\/string-amovible-a-porte-jarretelles-en-dentelle-florale-jeux-magnetiques\\\/\",\"url\":\"https:\\\/\\\/madame-sensuelle.paris\\\/fr\\\/product\\\/string-amovible-a-porte-jarretelles-en-dentelle-florale-jeux-magnetiques\\\/\",\"name\":\"String \u00e0 porte-jarretelles en dentelle florale Jeux Magn\u00e9tiques- Madame Sensuelle\",\"isPartOf\":{\"@id\":\"https:\\\/\\\/madame-sensuelle.paris\\\/fr\\\/#website\"},\"primaryImageOfPage\":{\"@id\":\"https:\\\/\\\/madame-sensuelle.paris\\\/fr\\\/product\\\/string-amovible-a-porte-jarretelles-en-dentelle-florale-jeux-magnetiques\\\/#primaryimage\"},\"image\":{\"@id\":\"https:\\\/\\\/madame-sensuelle.paris\\\/fr\\\/product\\\/string-amovible-a-porte-jarretelles-en-dentelle-florale-jeux-magnetiques\\\/#primaryimage\"},\"thumbnailUrl\":\"https:\\\/\\\/madame-sensuelle.paris\\\/wp-content\\\/uploads\\\/2025\\\/11\\\/XSHD1TJ62700-scaled.webp\",\"datePublished\":\"2025-11-24T13:21:00+00:00\",\"dateModified\":\"2026-03-29T07:39:20+00:00\",\"description\":\"Succombez au string amovible \u00e0 porte-jarretelles Maison Close \u201cJeux Magn\u00e9tiques\u201d en dentelle florale, une lingerie sexy et raffin\u00e9e qui sublime vos courbes.\",\"breadcrumb\":{\"@id\":\"https:\\\/\\\/madame-sensuelle.paris\\\/fr\\\/product\\\/string-amovible-a-porte-jarretelles-en-dentelle-florale-jeux-magnetiques\\\/#breadcrumb\"},\"inLanguage\":\"fr-FR\",\"potentialAction\":[{\"@type\":\"ReadAction\",\"target\":[\"https:\\\/\\\/madame-sensuelle.paris\\\/fr\\\/product\\\/string-amovible-a-porte-jarretelles-en-dentelle-florale-jeux-magnetiques\\\/\"]}]},{\"@type\":\"ImageObject\",\"inLanguage\":\"fr-FR\",\"@id\":\"https:\\\/\\\/madame-sensuelle.paris\\\/fr\\\/product\\\/string-amovible-a-porte-jarretelles-en-dentelle-florale-jeux-magnetiques\\\/#primaryimage\",\"url\":\"https:\\\/\\\/madame-sensuelle.paris\\\/wp-content\\\/uploads\\\/2025\\\/11\\\/XSHD1TJ62700-scaled.webp\",\"contentUrl\":\"https:\\\/\\\/madame-sensuelle.paris\\\/wp-content\\\/uploads\\\/2025\\\/11\\\/XSHD1TJ62700-scaled.webp\",\"width\":1707,\"height\":2560},{\"@type\":\"BreadcrumbList\",\"@id\":\"https:\\\/\\\/madame-sensuelle.paris\\\/fr\\\/product\\\/string-amovible-a-porte-jarretelles-en-dentelle-florale-jeux-magnetiques\\\/#breadcrumb\",\"itemListElement\":[{\"@type\":\"ListItem\",\"position\":1,\"name\":\"Acceuil\",\"item\":\"https:\\\/\\\/madame-sensuelle.paris\\\/fr\\\/\"},{\"@type\":\"ListItem\",\"position\":2,\"name\":\"Catalogue\",\"item\":\"https:\\\/\\\/madame-sensuelle.paris\\\/fr\\\/catalogue\\\/\"},{\"@type\":\"ListItem\",\"position\":3,\"name\":\"MAISON CLOSE\",\"item\":\"https:\\\/\\\/madame-sensuelle.paris\\\/fr\\\/brand\\\/maison-close\\\/\"},{\"@type\":\"ListItem\",\"position\":4,\"name\":\"String amovible \u00e0 porte-jarretelles en dentelle florale Jeux Magn\u00e9tiques\"}]},{\"@type\":\"WebSite\",\"@id\":\"https:\\\/\\\/madame-sensuelle.paris\\\/fr\\\/#website\",\"url\":\"https:\\\/\\\/madame-sensuelle.paris\\\/fr\\\/\",\"name\":\"MADAME SENSUELLE\",\"description\":\"MADAME SENSUELLE: Found the biggest exciting brands of chic &amp; SEXY LINGERIE in Paris Boutique and on the WEB: Aubade, Dita Von Teese, Maison Close, Marjolaine, Bluebella, Atelier Amour, Luxxa, Catanzaro, Gracija Rim. You will found the big pleasure of sexy belt or bra make for you\",\"publisher\":{\"@id\":\"https:\\\/\\\/madame-sensuelle.paris\\\/fr\\\/#organization\"},\"potentialAction\":[{\"@type\":\"SearchAction\",\"target\":{\"@type\":\"EntryPoint\",\"urlTemplate\":\"https:\\\/\\\/madame-sensuelle.paris\\\/fr\\\/?s={search_term_string}\"},\"query-input\":{\"@type\":\"PropertyValueSpecification\",\"valueRequired\":true,\"valueName\":\"search_term_string\"}}],\"inLanguage\":\"fr-FR\"},{\"@type\":\"Organization\",\"@id\":\"https:\\\/\\\/madame-sensuelle.paris\\\/fr\\\/#organization\",\"name\":\"Madame Sensuelle\",\"url\":\"https:\\\/\\\/madame-sensuelle.paris\\\/fr\\\/\",\"logo\":{\"@type\":\"ImageObject\",\"inLanguage\":\"fr-FR\",\"@id\":\"https:\\\/\\\/madame-sensuelle.paris\\\/fr\\\/#\\\/schema\\\/logo\\\/image\\\/\",\"url\":\"https:\\\/\\\/madame-sensuelle.paris\\\/wp-content\\\/uploads\\\/2024\\\/12\\\/logo_a-1-1_696.webp\",\"contentUrl\":\"https:\\\/\\\/madame-sensuelle.paris\\\/wp-content\\\/uploads\\\/2024\\\/12\\\/logo_a-1-1_696.webp\",\"width\":696,\"height\":696,\"caption\":\"Madame Sensuelle\"},\"image\":{\"@id\":\"https:\\\/\\\/madame-sensuelle.paris\\\/fr\\\/#\\\/schema\\\/logo\\\/image\\\/\"},\"sameAs\":[\"https:\\\/\\\/www.facebook.com\\\/madamesensuelle\",\"https:\\\/\\\/www.instagram.com\\\/madame_sensuelle\\\/\"]}]}<\/script>\n<!-- \/ Yoast SEO plugin. -->","yoast_head_json":{"title":"String \u00e0 porte-jarretelles en dentelle florale Jeux Magn\u00e9tiques- Madame Sensuelle","description":"Succombez au string amovible \u00e0 porte-jarretelles Maison Close \u201cJeux Magn\u00e9tiques\u201d en dentelle florale, une lingerie sexy et raffin\u00e9e qui sublime vos courbes.","robots":{"index":"index","follow":"follow","max-snippet":"max-snippet:-1","max-image-preview":"max-image-preview:large","max-video-preview":"max-video-preview:-1"},"canonical":"https:\/\/madame-sensuelle.paris\/fr\/product\/string-amovible-a-porte-jarretelles-en-dentelle-florale-jeux-magnetiques\/","og_locale":"fr_FR","og_type":"article","og_title":"String \u00e0 porte-jarretelles en dentelle florale Jeux Magn\u00e9tiques- Madame Sensuelle","og_description":"Succombez au string amovible \u00e0 porte-jarretelles Maison Close \u201cJeux Magn\u00e9tiques\u201d en dentelle florale, une lingerie sexy et raffin\u00e9e qui sublime vos courbes.","og_url":"https:\/\/madame-sensuelle.paris\/fr\/product\/string-amovible-a-porte-jarretelles-en-dentelle-florale-jeux-magnetiques\/","og_site_name":"Madame Sensuelle","article_publisher":"https:\/\/www.facebook.com\/madamesensuelle","article_modified_time":"2026-03-29T07:39:20+00:00","og_image":[{"width":1707,"height":2560,"url":"http:\/\/madame-sensuelle.paris\/wp-content\/uploads\/2025\/11\/XSHD1TJ62700-scaled.webp","type":"image\/webp"}],"twitter_card":"summary_large_image","twitter_misc":{"Dur\u00e9e de lecture estim\u00e9e":"2 minutes"},"schema":{"@context":"https:\/\/schema.org","@graph":[{"@type":"WebPage","@id":"https:\/\/madame-sensuelle.paris\/fr\/product\/string-amovible-a-porte-jarretelles-en-dentelle-florale-jeux-magnetiques\/","url":"https:\/\/madame-sensuelle.paris\/fr\/product\/string-amovible-a-porte-jarretelles-en-dentelle-florale-jeux-magnetiques\/","name":"String \u00e0 porte-jarretelles en dentelle florale Jeux Magn\u00e9tiques- Madame Sensuelle","isPartOf":{"@id":"https:\/\/madame-sensuelle.paris\/fr\/#website"},"primaryImageOfPage":{"@id":"https:\/\/madame-sensuelle.paris\/fr\/product\/string-amovible-a-porte-jarretelles-en-dentelle-florale-jeux-magnetiques\/#primaryimage"},"image":{"@id":"https:\/\/madame-sensuelle.paris\/fr\/product\/string-amovible-a-porte-jarretelles-en-dentelle-florale-jeux-magnetiques\/#primaryimage"},"thumbnailUrl":"https:\/\/madame-sensuelle.paris\/wp-content\/uploads\/2025\/11\/XSHD1TJ62700-scaled.webp","datePublished":"2025-11-24T13:21:00+00:00","dateModified":"2026-03-29T07:39:20+00:00","description":"Succombez au string amovible \u00e0 porte-jarretelles Maison Close \u201cJeux Magn\u00e9tiques\u201d en dentelle florale, une lingerie sexy et raffin\u00e9e qui sublime vos courbes.","breadcrumb":{"@id":"https:\/\/madame-sensuelle.paris\/fr\/product\/string-amovible-a-porte-jarretelles-en-dentelle-florale-jeux-magnetiques\/#breadcrumb"},"inLanguage":"fr-FR","potentialAction":[{"@type":"ReadAction","target":["https:\/\/madame-sensuelle.paris\/fr\/product\/string-amovible-a-porte-jarretelles-en-dentelle-florale-jeux-magnetiques\/"]}]},{"@type":"ImageObject","inLanguage":"fr-FR","@id":"https:\/\/madame-sensuelle.paris\/fr\/product\/string-amovible-a-porte-jarretelles-en-dentelle-florale-jeux-magnetiques\/#primaryimage","url":"https:\/\/madame-sensuelle.paris\/wp-content\/uploads\/2025\/11\/XSHD1TJ62700-scaled.webp","contentUrl":"https:\/\/madame-sensuelle.paris\/wp-content\/uploads\/2025\/11\/XSHD1TJ62700-scaled.webp","width":1707,"height":2560},{"@type":"BreadcrumbList","@id":"https:\/\/madame-sensuelle.paris\/fr\/product\/string-amovible-a-porte-jarretelles-en-dentelle-florale-jeux-magnetiques\/#breadcrumb","itemListElement":[{"@type":"ListItem","position":1,"name":"Acceuil","item":"https:\/\/madame-sensuelle.paris\/fr\/"},{"@type":"ListItem","position":2,"name":"Catalogue","item":"https:\/\/madame-sensuelle.paris\/fr\/catalogue\/"},{"@type":"ListItem","position":3,"name":"MAISON CLOSE","item":"https:\/\/madame-sensuelle.paris\/fr\/brand\/maison-close\/"},{"@type":"ListItem","position":4,"name":"String amovible \u00e0 porte-jarretelles en dentelle florale Jeux Magn\u00e9tiques"}]},{"@type":"WebSite","@id":"https:\/\/madame-sensuelle.paris\/fr\/#website","url":"https:\/\/madame-sensuelle.paris\/fr\/","name":"MADAME SENSUELLE","description":"MADAME SENSUELLE: Found the biggest exciting brands of chic &amp; SEXY LINGERIE in Paris Boutique and on the WEB: Aubade, Dita Von Teese, Maison Close, Marjolaine, Bluebella, Atelier Amour, Luxxa, Catanzaro, Gracija Rim. You will found the big pleasure of sexy belt or bra make for you","publisher":{"@id":"https:\/\/madame-sensuelle.paris\/fr\/#organization"},"potentialAction":[{"@type":"SearchAction","target":{"@type":"EntryPoint","urlTemplate":"https:\/\/madame-sensuelle.paris\/fr\/?s={search_term_string}"},"query-input":{"@type":"PropertyValueSpecification","valueRequired":true,"valueName":"search_term_string"}}],"inLanguage":"fr-FR"},{"@type":"Organization","@id":"https:\/\/madame-sensuelle.paris\/fr\/#organization","name":"Madame Sensuelle","url":"https:\/\/madame-sensuelle.paris\/fr\/","logo":{"@type":"ImageObject","inLanguage":"fr-FR","@id":"https:\/\/madame-sensuelle.paris\/fr\/#\/schema\/logo\/image\/","url":"https:\/\/madame-sensuelle.paris\/wp-content\/uploads\/2024\/12\/logo_a-1-1_696.webp","contentUrl":"https:\/\/madame-sensuelle.paris\/wp-content\/uploads\/2024\/12\/logo_a-1-1_696.webp","width":696,"height":696,"caption":"Madame Sensuelle"},"image":{"@id":"https:\/\/madame-sensuelle.paris\/fr\/#\/schema\/logo\/image\/"},"sameAs":["https:\/\/www.facebook.com\/madamesensuelle","https:\/\/www.instagram.com\/madame_sensuelle\/"]}]}},"brands":[{"id":2776,"name":"MAISON CLOSE","slug":"maison-close"}],"_links":{"self":[{"href":"https:\/\/madame-sensuelle.paris\/fr\/wp-json\/wp\/v2\/product\/124634","targetHints":{"allow":["GET"]}}],"collection":[{"href":"https:\/\/madame-sensuelle.paris\/fr\/wp-json\/wp\/v2\/product"}],"about":[{"href":"https:\/\/madame-sensuelle.paris\/fr\/wp-json\/wp\/v2\/types\/product"}],"version-history":[{"count":1,"href":"https:\/\/madame-sensuelle.paris\/fr\/wp-json\/wp\/v2\/product\/124634\/revisions"}],"predecessor-version":[{"id":125115,"href":"https:\/\/madame-sensuelle.paris\/fr\/wp-json\/wp\/v2\/product\/124634\/revisions\/125115"}],"wp:featuredmedia":[{"embeddable":true,"href":"https:\/\/madame-sensuelle.paris\/fr\/wp-json\/wp\/v2\/media\/124659"}],"wp:attachment":[{"href":"https:\/\/madame-sensuelle.paris\/fr\/wp-json\/wp\/v2\/media?parent=124634"}],"wp:term":[{"taxonomy":"pwb-brand","embeddable":true,"href":"https:\/\/madame-sensuelle.paris\/fr\/wp-json\/wp\/v2\/pwb-brand?post=124634"},{"taxonomy":"product_brand","embeddable":true,"href":"https:\/\/madame-sensuelle.paris\/fr\/wp-json\/wp\/v2\/product_brand?post=124634"},{"taxonomy":"product_cat","embeddable":true,"href":"https:\/\/madame-sensuelle.paris\/fr\/wp-json\/wp\/v2\/product_cat?post=124634"},{"taxonomy":"product_tag","embeddable":true,"href":"https:\/\/madame-sensuelle.paris\/fr\/wp-json\/wp\/v2\/product_tag?post=124634"},{"taxonomy":"giftcard-category","embeddable":true,"href":"https:\/\/madame-sensuelle.paris\/fr\/wp-json\/wp\/v2\/giftcard-category?post=124634"}],"curies":[{"name":"wp","href":"https:\/\/api.w.org\/{rel}","templated":true}]}}