{"id":126527,"date":"2026-02-20T17:47:06","date_gmt":"2026-02-20T17:47:06","guid":{"rendered":"https:\/\/madame-sensuelle.paris\/product\/soutien-gorge-foulard-24-secret-days-en-dentelle\/"},"modified":"2026-03-28T17:25:38","modified_gmt":"2026-03-28T17:25:38","slug":"soutien-gorge-foulard-24-secret-days-en-dentelle","status":"publish","type":"product","link":"https:\/\/madame-sensuelle.paris\/fr\/product\/soutien-gorge-foulard-24-secret-days-en-dentelle\/","title":{"rendered":"Soutien-gorge foulard 24 Secret Days en dentelle"},"content":{"rendered":"<p><span>Soutien-gorge foulard 24 Secret Days en dentelle<\/span><\/p><\/p>\n","protected":false},"excerpt":{"rendered":"<p><\/p>\n","protected":false},"featured_media":126523,"template":"","meta":[],"pwb-brand":[2776],"product_brand":[],"product_cat":[1260,1245,1257],"product_tag":[],"giftcard-category":[],"class_list":{"0":"post-126527","1":"product","2":"type-product","3":"status-publish","4":"has-post-thumbnail","6":"pwb-brand-maison-close","7":"product_cat-soutien-gorge-avec-armatures","8":"product_cat-lingerie-sexy-femme-erotique-et-glamour","9":"product_cat-soutiens-gorge","11":"first","12":"instock","13":"taxable","14":"shipping-taxable","15":"purchasable","16":"product-type-variable","17":"has-default-attributes"},"yoast_head":"<!-- This site is optimized with the Yoast SEO plugin v27.3 - https:\/\/yoast.com\/product\/yoast-seo-wordpress\/ -->\n<title>Soutien-gorge foulard 24 Secret Days en dentelle \u2013 MAISON CLOSE - Madame Sensuelle<\/title>\n<meta name=\"description\" content=\"Le mod\u00e8le Soutien-gorge foulard 24 Secret Days en dentelle sign\u00e9 MAISON CLOSE, \u00e0 d\u00e9couvrir chez Madame Sensuelle. Essayage VIP disponible.\" \/>\n<meta name=\"robots\" content=\"index, follow, max-snippet:-1, max-image-preview:large, max-video-preview:-1\" \/>\n<link rel=\"canonical\" href=\"https:\/\/madame-sensuelle.paris\/fr\/product\/soutien-gorge-foulard-24-secret-days-en-dentelle\/\" \/>\n<meta property=\"og:locale\" content=\"fr_FR\" \/>\n<meta property=\"og:type\" content=\"article\" \/>\n<meta property=\"og:title\" content=\"Soutien-gorge foulard 24 Secret Days en dentelle \u2013 MAISON CLOSE - Madame Sensuelle\" \/>\n<meta property=\"og:description\" content=\"Le mod\u00e8le Soutien-gorge foulard 24 Secret Days en dentelle sign\u00e9 MAISON CLOSE, \u00e0 d\u00e9couvrir chez Madame Sensuelle. Essayage VIP disponible.\" \/>\n<meta property=\"og:url\" content=\"https:\/\/madame-sensuelle.paris\/fr\/product\/soutien-gorge-foulard-24-secret-days-en-dentelle\/\" \/>\n<meta property=\"og:site_name\" content=\"Madame Sensuelle\" \/>\n<meta property=\"article:publisher\" content=\"https:\/\/www.facebook.com\/madamesensuelle\" \/>\n<meta property=\"article:modified_time\" content=\"2026-03-28T17:25:38+00:00\" \/>\n<meta property=\"og:image\" content=\"http:\/\/madame-sensuelle.paris\/wp-content\/uploads\/2026\/02\/XSHD1TJ63066.jpg\" \/>\n\t<meta property=\"og:image:width\" content=\"450\" \/>\n\t<meta property=\"og:image:height\" content=\"600\" \/>\n\t<meta property=\"og:image:type\" content=\"image\/jpeg\" \/>\n<meta name=\"twitter:card\" content=\"summary_large_image\" \/>\n<script type=\"application\/ld+json\" class=\"yoast-schema-graph\">{\"@context\":\"https:\\\/\\\/schema.org\",\"@graph\":[{\"@type\":\"WebPage\",\"@id\":\"https:\\\/\\\/madame-sensuelle.paris\\\/fr\\\/product\\\/soutien-gorge-foulard-24-secret-days-en-dentelle\\\/\",\"url\":\"https:\\\/\\\/madame-sensuelle.paris\\\/fr\\\/product\\\/soutien-gorge-foulard-24-secret-days-en-dentelle\\\/\",\"name\":\"Soutien-gorge foulard 24 Secret Days en dentelle \u2013 MAISON CLOSE - Madame Sensuelle\",\"isPartOf\":{\"@id\":\"https:\\\/\\\/madame-sensuelle.paris\\\/fr\\\/#website\"},\"primaryImageOfPage\":{\"@id\":\"https:\\\/\\\/madame-sensuelle.paris\\\/fr\\\/product\\\/soutien-gorge-foulard-24-secret-days-en-dentelle\\\/#primaryimage\"},\"image\":{\"@id\":\"https:\\\/\\\/madame-sensuelle.paris\\\/fr\\\/product\\\/soutien-gorge-foulard-24-secret-days-en-dentelle\\\/#primaryimage\"},\"thumbnailUrl\":\"https:\\\/\\\/madame-sensuelle.paris\\\/wp-content\\\/uploads\\\/2026\\\/02\\\/XSHD1TJ63066.jpg\",\"datePublished\":\"2026-02-20T17:47:06+00:00\",\"dateModified\":\"2026-03-28T17:25:38+00:00\",\"description\":\"Le mod\u00e8le Soutien-gorge foulard 24 Secret Days en dentelle sign\u00e9 MAISON CLOSE, \u00e0 d\u00e9couvrir chez Madame Sensuelle. Essayage VIP disponible.\",\"breadcrumb\":{\"@id\":\"https:\\\/\\\/madame-sensuelle.paris\\\/fr\\\/product\\\/soutien-gorge-foulard-24-secret-days-en-dentelle\\\/#breadcrumb\"},\"inLanguage\":\"fr-FR\",\"potentialAction\":[{\"@type\":\"ReadAction\",\"target\":[\"https:\\\/\\\/madame-sensuelle.paris\\\/fr\\\/product\\\/soutien-gorge-foulard-24-secret-days-en-dentelle\\\/\"]}]},{\"@type\":\"ImageObject\",\"inLanguage\":\"fr-FR\",\"@id\":\"https:\\\/\\\/madame-sensuelle.paris\\\/fr\\\/product\\\/soutien-gorge-foulard-24-secret-days-en-dentelle\\\/#primaryimage\",\"url\":\"https:\\\/\\\/madame-sensuelle.paris\\\/wp-content\\\/uploads\\\/2026\\\/02\\\/XSHD1TJ63066.jpg\",\"contentUrl\":\"https:\\\/\\\/madame-sensuelle.paris\\\/wp-content\\\/uploads\\\/2026\\\/02\\\/XSHD1TJ63066.jpg\",\"width\":450,\"height\":600},{\"@type\":\"BreadcrumbList\",\"@id\":\"https:\\\/\\\/madame-sensuelle.paris\\\/fr\\\/product\\\/soutien-gorge-foulard-24-secret-days-en-dentelle\\\/#breadcrumb\",\"itemListElement\":[{\"@type\":\"ListItem\",\"position\":1,\"name\":\"Acceuil\",\"item\":\"https:\\\/\\\/madame-sensuelle.paris\\\/fr\\\/\"},{\"@type\":\"ListItem\",\"position\":2,\"name\":\"Catalogue\",\"item\":\"https:\\\/\\\/madame-sensuelle.paris\\\/fr\\\/catalogue\\\/\"},{\"@type\":\"ListItem\",\"position\":3,\"name\":\"MAISON CLOSE\",\"item\":\"https:\\\/\\\/madame-sensuelle.paris\\\/fr\\\/brand\\\/maison-close\\\/\"},{\"@type\":\"ListItem\",\"position\":4,\"name\":\"Soutien-gorge foulard 24 Secret Days en dentelle\"}]},{\"@type\":\"WebSite\",\"@id\":\"https:\\\/\\\/madame-sensuelle.paris\\\/fr\\\/#website\",\"url\":\"https:\\\/\\\/madame-sensuelle.paris\\\/fr\\\/\",\"name\":\"MADAME SENSUELLE\",\"description\":\"MADAME SENSUELLE: Found the biggest exciting brands of chic &amp; SEXY LINGERIE in Paris Boutique and on the WEB: Aubade, Dita Von Teese, Maison Close, Marjolaine, Bluebella, Atelier Amour, Luxxa, Catanzaro, Gracija Rim. You will found the big pleasure of sexy belt or bra make for you\",\"publisher\":{\"@id\":\"https:\\\/\\\/madame-sensuelle.paris\\\/fr\\\/#organization\"},\"potentialAction\":[{\"@type\":\"SearchAction\",\"target\":{\"@type\":\"EntryPoint\",\"urlTemplate\":\"https:\\\/\\\/madame-sensuelle.paris\\\/fr\\\/?s={search_term_string}\"},\"query-input\":{\"@type\":\"PropertyValueSpecification\",\"valueRequired\":true,\"valueName\":\"search_term_string\"}}],\"inLanguage\":\"fr-FR\"},{\"@type\":\"Organization\",\"@id\":\"https:\\\/\\\/madame-sensuelle.paris\\\/fr\\\/#organization\",\"name\":\"Madame Sensuelle\",\"url\":\"https:\\\/\\\/madame-sensuelle.paris\\\/fr\\\/\",\"logo\":{\"@type\":\"ImageObject\",\"inLanguage\":\"fr-FR\",\"@id\":\"https:\\\/\\\/madame-sensuelle.paris\\\/fr\\\/#\\\/schema\\\/logo\\\/image\\\/\",\"url\":\"https:\\\/\\\/madame-sensuelle.paris\\\/wp-content\\\/uploads\\\/2024\\\/12\\\/logo_a-1-1_696.webp\",\"contentUrl\":\"https:\\\/\\\/madame-sensuelle.paris\\\/wp-content\\\/uploads\\\/2024\\\/12\\\/logo_a-1-1_696.webp\",\"width\":696,\"height\":696,\"caption\":\"Madame Sensuelle\"},\"image\":{\"@id\":\"https:\\\/\\\/madame-sensuelle.paris\\\/fr\\\/#\\\/schema\\\/logo\\\/image\\\/\"},\"sameAs\":[\"https:\\\/\\\/www.facebook.com\\\/madamesensuelle\",\"https:\\\/\\\/www.instagram.com\\\/madame_sensuelle\\\/\"]}]}<\/script>\n<!-- \/ Yoast SEO plugin. -->","yoast_head_json":{"title":"Soutien-gorge foulard 24 Secret Days en dentelle \u2013 MAISON CLOSE - Madame Sensuelle","description":"Le mod\u00e8le Soutien-gorge foulard 24 Secret Days en dentelle sign\u00e9 MAISON CLOSE, \u00e0 d\u00e9couvrir chez Madame Sensuelle. Essayage VIP disponible.","robots":{"index":"index","follow":"follow","max-snippet":"max-snippet:-1","max-image-preview":"max-image-preview:large","max-video-preview":"max-video-preview:-1"},"canonical":"https:\/\/madame-sensuelle.paris\/fr\/product\/soutien-gorge-foulard-24-secret-days-en-dentelle\/","og_locale":"fr_FR","og_type":"article","og_title":"Soutien-gorge foulard 24 Secret Days en dentelle \u2013 MAISON CLOSE - Madame Sensuelle","og_description":"Le mod\u00e8le Soutien-gorge foulard 24 Secret Days en dentelle sign\u00e9 MAISON CLOSE, \u00e0 d\u00e9couvrir chez Madame Sensuelle. Essayage VIP disponible.","og_url":"https:\/\/madame-sensuelle.paris\/fr\/product\/soutien-gorge-foulard-24-secret-days-en-dentelle\/","og_site_name":"Madame Sensuelle","article_publisher":"https:\/\/www.facebook.com\/madamesensuelle","article_modified_time":"2026-03-28T17:25:38+00:00","og_image":[{"width":450,"height":600,"url":"http:\/\/madame-sensuelle.paris\/wp-content\/uploads\/2026\/02\/XSHD1TJ63066.jpg","type":"image\/jpeg"}],"twitter_card":"summary_large_image","schema":{"@context":"https:\/\/schema.org","@graph":[{"@type":"WebPage","@id":"https:\/\/madame-sensuelle.paris\/fr\/product\/soutien-gorge-foulard-24-secret-days-en-dentelle\/","url":"https:\/\/madame-sensuelle.paris\/fr\/product\/soutien-gorge-foulard-24-secret-days-en-dentelle\/","name":"Soutien-gorge foulard 24 Secret Days en dentelle \u2013 MAISON CLOSE - Madame Sensuelle","isPartOf":{"@id":"https:\/\/madame-sensuelle.paris\/fr\/#website"},"primaryImageOfPage":{"@id":"https:\/\/madame-sensuelle.paris\/fr\/product\/soutien-gorge-foulard-24-secret-days-en-dentelle\/#primaryimage"},"image":{"@id":"https:\/\/madame-sensuelle.paris\/fr\/product\/soutien-gorge-foulard-24-secret-days-en-dentelle\/#primaryimage"},"thumbnailUrl":"https:\/\/madame-sensuelle.paris\/wp-content\/uploads\/2026\/02\/XSHD1TJ63066.jpg","datePublished":"2026-02-20T17:47:06+00:00","dateModified":"2026-03-28T17:25:38+00:00","description":"Le mod\u00e8le Soutien-gorge foulard 24 Secret Days en dentelle sign\u00e9 MAISON CLOSE, \u00e0 d\u00e9couvrir chez Madame Sensuelle. Essayage VIP disponible.","breadcrumb":{"@id":"https:\/\/madame-sensuelle.paris\/fr\/product\/soutien-gorge-foulard-24-secret-days-en-dentelle\/#breadcrumb"},"inLanguage":"fr-FR","potentialAction":[{"@type":"ReadAction","target":["https:\/\/madame-sensuelle.paris\/fr\/product\/soutien-gorge-foulard-24-secret-days-en-dentelle\/"]}]},{"@type":"ImageObject","inLanguage":"fr-FR","@id":"https:\/\/madame-sensuelle.paris\/fr\/product\/soutien-gorge-foulard-24-secret-days-en-dentelle\/#primaryimage","url":"https:\/\/madame-sensuelle.paris\/wp-content\/uploads\/2026\/02\/XSHD1TJ63066.jpg","contentUrl":"https:\/\/madame-sensuelle.paris\/wp-content\/uploads\/2026\/02\/XSHD1TJ63066.jpg","width":450,"height":600},{"@type":"BreadcrumbList","@id":"https:\/\/madame-sensuelle.paris\/fr\/product\/soutien-gorge-foulard-24-secret-days-en-dentelle\/#breadcrumb","itemListElement":[{"@type":"ListItem","position":1,"name":"Acceuil","item":"https:\/\/madame-sensuelle.paris\/fr\/"},{"@type":"ListItem","position":2,"name":"Catalogue","item":"https:\/\/madame-sensuelle.paris\/fr\/catalogue\/"},{"@type":"ListItem","position":3,"name":"MAISON CLOSE","item":"https:\/\/madame-sensuelle.paris\/fr\/brand\/maison-close\/"},{"@type":"ListItem","position":4,"name":"Soutien-gorge foulard 24 Secret Days en dentelle"}]},{"@type":"WebSite","@id":"https:\/\/madame-sensuelle.paris\/fr\/#website","url":"https:\/\/madame-sensuelle.paris\/fr\/","name":"MADAME SENSUELLE","description":"MADAME SENSUELLE: Found the biggest exciting brands of chic &amp; SEXY LINGERIE in Paris Boutique and on the WEB: Aubade, Dita Von Teese, Maison Close, Marjolaine, Bluebella, Atelier Amour, Luxxa, Catanzaro, Gracija Rim. You will found the big pleasure of sexy belt or bra make for you","publisher":{"@id":"https:\/\/madame-sensuelle.paris\/fr\/#organization"},"potentialAction":[{"@type":"SearchAction","target":{"@type":"EntryPoint","urlTemplate":"https:\/\/madame-sensuelle.paris\/fr\/?s={search_term_string}"},"query-input":{"@type":"PropertyValueSpecification","valueRequired":true,"valueName":"search_term_string"}}],"inLanguage":"fr-FR"},{"@type":"Organization","@id":"https:\/\/madame-sensuelle.paris\/fr\/#organization","name":"Madame Sensuelle","url":"https:\/\/madame-sensuelle.paris\/fr\/","logo":{"@type":"ImageObject","inLanguage":"fr-FR","@id":"https:\/\/madame-sensuelle.paris\/fr\/#\/schema\/logo\/image\/","url":"https:\/\/madame-sensuelle.paris\/wp-content\/uploads\/2024\/12\/logo_a-1-1_696.webp","contentUrl":"https:\/\/madame-sensuelle.paris\/wp-content\/uploads\/2024\/12\/logo_a-1-1_696.webp","width":696,"height":696,"caption":"Madame Sensuelle"},"image":{"@id":"https:\/\/madame-sensuelle.paris\/fr\/#\/schema\/logo\/image\/"},"sameAs":["https:\/\/www.facebook.com\/madamesensuelle","https:\/\/www.instagram.com\/madame_sensuelle\/"]}]}},"brands":[{"id":2776,"name":"MAISON CLOSE","slug":"maison-close"}],"_links":{"self":[{"href":"https:\/\/madame-sensuelle.paris\/fr\/wp-json\/wp\/v2\/product\/126527","targetHints":{"allow":["GET"]}}],"collection":[{"href":"https:\/\/madame-sensuelle.paris\/fr\/wp-json\/wp\/v2\/product"}],"about":[{"href":"https:\/\/madame-sensuelle.paris\/fr\/wp-json\/wp\/v2\/types\/product"}],"version-history":[{"count":1,"href":"https:\/\/madame-sensuelle.paris\/fr\/wp-json\/wp\/v2\/product\/126527\/revisions"}],"predecessor-version":[{"id":126561,"href":"https:\/\/madame-sensuelle.paris\/fr\/wp-json\/wp\/v2\/product\/126527\/revisions\/126561"}],"wp:featuredmedia":[{"embeddable":true,"href":"https:\/\/madame-sensuelle.paris\/fr\/wp-json\/wp\/v2\/media\/126523"}],"wp:attachment":[{"href":"https:\/\/madame-sensuelle.paris\/fr\/wp-json\/wp\/v2\/media?parent=126527"}],"wp:term":[{"taxonomy":"pwb-brand","embeddable":true,"href":"https:\/\/madame-sensuelle.paris\/fr\/wp-json\/wp\/v2\/pwb-brand?post=126527"},{"taxonomy":"product_brand","embeddable":true,"href":"https:\/\/madame-sensuelle.paris\/fr\/wp-json\/wp\/v2\/product_brand?post=126527"},{"taxonomy":"product_cat","embeddable":true,"href":"https:\/\/madame-sensuelle.paris\/fr\/wp-json\/wp\/v2\/product_cat?post=126527"},{"taxonomy":"product_tag","embeddable":true,"href":"https:\/\/madame-sensuelle.paris\/fr\/wp-json\/wp\/v2\/product_tag?post=126527"},{"taxonomy":"giftcard-category","embeddable":true,"href":"https:\/\/madame-sensuelle.paris\/fr\/wp-json\/wp\/v2\/giftcard-category?post=126527"}],"curies":[{"name":"wp","href":"https:\/\/api.w.org\/{rel}","templated":true}]}}