{"id":64063,"date":"2024-03-10T12:27:38","date_gmt":"2024-03-10T12:27:38","guid":{"rendered":"https:\/\/madame-sensuelle.eu\/?post_type=product&#038;p=64063"},"modified":"2026-04-03T01:34:09","modified_gmt":"2026-04-03T01:34:09","slug":"deshabille-en-organza-de-soie-avec-dentelle-antoinette","status":"publish","type":"product","link":"https:\/\/madame-sensuelle.paris\/fr\/product\/deshabille-en-organza-de-soie-avec-dentelle-antoinette\/","title":{"rendered":"Silk organza negligee with Antoinette lace"},"content":{"rendered":"<p>As light as a breath, as precious as a secret.<br \/>\nIn airy silk organza adorned with delicate lace, the Antoinette negligee glides over the skin with timeless grace.<br \/>\nExquisite transparency, couture details &#8211; every movement becomes a caress.<\/p>\n<p>An exceptional piece, for stolen moments between dream and desire.<\/p>\n","protected":false},"excerpt":{"rendered":"<p>As light as a breath, as precious as a secret. In airy silk organza adorned with delicate lace, the Antoinette negligee glides over the skin with timeless grace. Exquisite transparency, couture details &#8211; every movement becomes a caress. An exceptional piece, for stolen moments between dream and desire.<\/p>\n","protected":false},"featured_media":106239,"template":"","meta":[],"pwb-brand":[2770],"product_brand":[],"product_cat":[1244,1205,1239,1235],"product_tag":[],"giftcard-category":[],"class_list":{"0":"post-64063","1":"product","2":"type-product","3":"status-publish","4":"has-post-thumbnail","6":"pwb-brand-madame-sensuelle","7":"product_cat-kimono-femme-deshabille","8":"product_cat-nuit-et-homewear","9":"product_cat-longewear","10":"product_cat-robes-sexy","12":"first","13":"instock","14":"taxable","15":"shipping-taxable","16":"purchasable","17":"product-type-variable","18":"has-default-attributes"},"yoast_head":"<!-- This site is optimized with the Yoast SEO plugin v27.3 - https:\/\/yoast.com\/product\/yoast-seo-wordpress\/ -->\n<title>Silk organza negligee with Antoinette lace \u2013 MADAME SENSUELLE - Madame Sensuelle<\/title>\n<meta name=\"description\" content=\"D\u00e9shabill\u00e9 en organza de soie avec dentelle, \u00e0 porter avec de la lingerie ou en compl\u00e9ment d&#039;une robe. Manches orn\u00e9es de dentelle. Tr\u00e8s travaill\u00e9, chic, parfait pour les soir\u00e9es ou les s\u00e9ances photo style boudoir\" \/>\n<meta name=\"robots\" content=\"index, follow, max-snippet:-1, max-image-preview:large, max-video-preview:-1\" \/>\n<link rel=\"canonical\" href=\"https:\/\/madame-sensuelle.paris\/fr\/product\/deshabille-en-organza-de-soie-avec-dentelle-antoinette\/\" \/>\n<meta property=\"og:locale\" content=\"fr_FR\" \/>\n<meta property=\"og:type\" content=\"article\" \/>\n<meta property=\"og:title\" content=\"Silk organza negligee with Antoinette lace \u2013 MADAME SENSUELLE - Madame Sensuelle\" \/>\n<meta property=\"og:description\" content=\"D\u00e9shabill\u00e9 en organza de soie avec dentelle, \u00e0 porter avec de la lingerie ou en compl\u00e9ment d&#039;une robe. Manches orn\u00e9es de dentelle. Tr\u00e8s travaill\u00e9, chic, parfait pour les soir\u00e9es ou les s\u00e9ances photo style boudoir\" \/>\n<meta property=\"og:url\" content=\"https:\/\/madame-sensuelle.paris\/fr\/product\/deshabille-en-organza-de-soie-avec-dentelle-antoinette\/\" \/>\n<meta property=\"og:site_name\" content=\"Madame Sensuelle\" \/>\n<meta property=\"article:publisher\" content=\"https:\/\/www.facebook.com\/madamesensuelle\" \/>\n<meta property=\"article:modified_time\" content=\"2026-04-03T01:34:09+00:00\" \/>\n<meta property=\"og:image\" content=\"https:\/\/madame-sensuelle.paris\/wp-content\/uploads\/2024\/03\/antoinette-2.jpg\" \/>\n\t<meta property=\"og:image:width\" content=\"800\" \/>\n\t<meta property=\"og:image:height\" content=\"1067\" \/>\n\t<meta property=\"og:image:type\" content=\"image\/jpeg\" \/>\n<meta name=\"twitter:card\" content=\"summary_large_image\" \/>\n<meta name=\"twitter:label1\" content=\"Dur\u00e9e de lecture estim\u00e9e\" \/>\n\t<meta name=\"twitter:data1\" content=\"3 minutes\" \/>\n<script type=\"application\/ld+json\" class=\"yoast-schema-graph\">{\"@context\":\"https:\\\/\\\/schema.org\",\"@graph\":[{\"@type\":\"WebPage\",\"@id\":\"https:\\\/\\\/madame-sensuelle.paris\\\/fr\\\/product\\\/deshabille-en-organza-de-soie-avec-dentelle-antoinette\\\/\",\"url\":\"https:\\\/\\\/madame-sensuelle.paris\\\/fr\\\/product\\\/deshabille-en-organza-de-soie-avec-dentelle-antoinette\\\/\",\"name\":\"Silk organza negligee with Antoinette lace \u2013 MADAME SENSUELLE - Madame Sensuelle\",\"isPartOf\":{\"@id\":\"https:\\\/\\\/madame-sensuelle.paris\\\/fr\\\/#website\"},\"primaryImageOfPage\":{\"@id\":\"https:\\\/\\\/madame-sensuelle.paris\\\/fr\\\/product\\\/deshabille-en-organza-de-soie-avec-dentelle-antoinette\\\/#primaryimage\"},\"image\":{\"@id\":\"https:\\\/\\\/madame-sensuelle.paris\\\/fr\\\/product\\\/deshabille-en-organza-de-soie-avec-dentelle-antoinette\\\/#primaryimage\"},\"thumbnailUrl\":\"https:\\\/\\\/madame-sensuelle.paris\\\/wp-content\\\/uploads\\\/2024\\\/03\\\/antoinette-2.jpg\",\"datePublished\":\"2024-03-10T12:27:38+00:00\",\"dateModified\":\"2026-04-03T01:34:09+00:00\",\"description\":\"D\u00e9shabill\u00e9 en organza de soie avec dentelle, \u00e0 porter avec de la lingerie ou en compl\u00e9ment d'une robe. Manches orn\u00e9es de dentelle. Tr\u00e8s travaill\u00e9, chic, parfait pour les soir\u00e9es ou les s\u00e9ances photo style boudoir\",\"breadcrumb\":{\"@id\":\"https:\\\/\\\/madame-sensuelle.paris\\\/fr\\\/product\\\/deshabille-en-organza-de-soie-avec-dentelle-antoinette\\\/#breadcrumb\"},\"inLanguage\":\"fr-FR\",\"potentialAction\":[{\"@type\":\"ReadAction\",\"target\":[\"https:\\\/\\\/madame-sensuelle.paris\\\/fr\\\/product\\\/deshabille-en-organza-de-soie-avec-dentelle-antoinette\\\/\"]}]},{\"@type\":\"ImageObject\",\"inLanguage\":\"fr-FR\",\"@id\":\"https:\\\/\\\/madame-sensuelle.paris\\\/fr\\\/product\\\/deshabille-en-organza-de-soie-avec-dentelle-antoinette\\\/#primaryimage\",\"url\":\"https:\\\/\\\/madame-sensuelle.paris\\\/wp-content\\\/uploads\\\/2024\\\/03\\\/antoinette-2.jpg\",\"contentUrl\":\"https:\\\/\\\/madame-sensuelle.paris\\\/wp-content\\\/uploads\\\/2024\\\/03\\\/antoinette-2.jpg\",\"width\":800,\"height\":1067},{\"@type\":\"BreadcrumbList\",\"@id\":\"https:\\\/\\\/madame-sensuelle.paris\\\/fr\\\/product\\\/deshabille-en-organza-de-soie-avec-dentelle-antoinette\\\/#breadcrumb\",\"itemListElement\":[{\"@type\":\"ListItem\",\"position\":1,\"name\":\"Acceuil\",\"item\":\"https:\\\/\\\/madame-sensuelle.paris\\\/fr\\\/\"},{\"@type\":\"ListItem\",\"position\":2,\"name\":\"Catalogue\",\"item\":\"https:\\\/\\\/madame-sensuelle.paris\\\/fr\\\/catalogue\\\/\"},{\"@type\":\"ListItem\",\"position\":3,\"name\":\"MADAME SENSUELLE\",\"item\":\"https:\\\/\\\/madame-sensuelle.paris\\\/fr\\\/brand\\\/madame-sensuelle\\\/\"},{\"@type\":\"ListItem\",\"position\":4,\"name\":\"Silk organza negligee with Antoinette lace\"}]},{\"@type\":\"WebSite\",\"@id\":\"https:\\\/\\\/madame-sensuelle.paris\\\/fr\\\/#website\",\"url\":\"https:\\\/\\\/madame-sensuelle.paris\\\/fr\\\/\",\"name\":\"MADAME SENSUELLE\",\"description\":\"MADAME SENSUELLE: Found the biggest exciting brands of chic &amp; SEXY LINGERIE in Paris Boutique and on the WEB: Aubade, Dita Von Teese, Maison Close, Marjolaine, Bluebella, Atelier Amour, Luxxa, Catanzaro, Gracija Rim. You will found the big pleasure of sexy belt or bra make for you\",\"publisher\":{\"@id\":\"https:\\\/\\\/madame-sensuelle.paris\\\/fr\\\/#organization\"},\"potentialAction\":[{\"@type\":\"SearchAction\",\"target\":{\"@type\":\"EntryPoint\",\"urlTemplate\":\"https:\\\/\\\/madame-sensuelle.paris\\\/fr\\\/?s={search_term_string}\"},\"query-input\":{\"@type\":\"PropertyValueSpecification\",\"valueRequired\":true,\"valueName\":\"search_term_string\"}}],\"inLanguage\":\"fr-FR\"},{\"@type\":\"Organization\",\"@id\":\"https:\\\/\\\/madame-sensuelle.paris\\\/fr\\\/#organization\",\"name\":\"Madame Sensuelle\",\"url\":\"https:\\\/\\\/madame-sensuelle.paris\\\/fr\\\/\",\"logo\":{\"@type\":\"ImageObject\",\"inLanguage\":\"fr-FR\",\"@id\":\"https:\\\/\\\/madame-sensuelle.paris\\\/fr\\\/#\\\/schema\\\/logo\\\/image\\\/\",\"url\":\"https:\\\/\\\/madame-sensuelle.paris\\\/wp-content\\\/uploads\\\/2024\\\/12\\\/logo_a-1-1_696.webp\",\"contentUrl\":\"https:\\\/\\\/madame-sensuelle.paris\\\/wp-content\\\/uploads\\\/2024\\\/12\\\/logo_a-1-1_696.webp\",\"width\":696,\"height\":696,\"caption\":\"Madame Sensuelle\"},\"image\":{\"@id\":\"https:\\\/\\\/madame-sensuelle.paris\\\/fr\\\/#\\\/schema\\\/logo\\\/image\\\/\"},\"sameAs\":[\"https:\\\/\\\/www.facebook.com\\\/madamesensuelle\",\"https:\\\/\\\/www.instagram.com\\\/madame_sensuelle\\\/\"]}]}<\/script>\n<!-- \/ Yoast SEO plugin. -->","yoast_head_json":{"title":"Silk organza negligee with Antoinette lace \u2013 MADAME SENSUELLE - Madame Sensuelle","description":"D\u00e9shabill\u00e9 en organza de soie avec dentelle, \u00e0 porter avec de la lingerie ou en compl\u00e9ment d'une robe. Manches orn\u00e9es de dentelle. Tr\u00e8s travaill\u00e9, chic, parfait pour les soir\u00e9es ou les s\u00e9ances photo style boudoir","robots":{"index":"index","follow":"follow","max-snippet":"max-snippet:-1","max-image-preview":"max-image-preview:large","max-video-preview":"max-video-preview:-1"},"canonical":"https:\/\/madame-sensuelle.paris\/fr\/product\/deshabille-en-organza-de-soie-avec-dentelle-antoinette\/","og_locale":"fr_FR","og_type":"article","og_title":"Silk organza negligee with Antoinette lace \u2013 MADAME SENSUELLE - Madame Sensuelle","og_description":"D\u00e9shabill\u00e9 en organza de soie avec dentelle, \u00e0 porter avec de la lingerie ou en compl\u00e9ment d'une robe. Manches orn\u00e9es de dentelle. Tr\u00e8s travaill\u00e9, chic, parfait pour les soir\u00e9es ou les s\u00e9ances photo style boudoir","og_url":"https:\/\/madame-sensuelle.paris\/fr\/product\/deshabille-en-organza-de-soie-avec-dentelle-antoinette\/","og_site_name":"Madame Sensuelle","article_publisher":"https:\/\/www.facebook.com\/madamesensuelle","article_modified_time":"2026-04-03T01:34:09+00:00","og_image":[{"width":800,"height":1067,"url":"https:\/\/madame-sensuelle.paris\/wp-content\/uploads\/2024\/03\/antoinette-2.jpg","type":"image\/jpeg"}],"twitter_card":"summary_large_image","twitter_misc":{"Dur\u00e9e de lecture estim\u00e9e":"3 minutes"},"schema":{"@context":"https:\/\/schema.org","@graph":[{"@type":"WebPage","@id":"https:\/\/madame-sensuelle.paris\/fr\/product\/deshabille-en-organza-de-soie-avec-dentelle-antoinette\/","url":"https:\/\/madame-sensuelle.paris\/fr\/product\/deshabille-en-organza-de-soie-avec-dentelle-antoinette\/","name":"Silk organza negligee with Antoinette lace \u2013 MADAME SENSUELLE - Madame Sensuelle","isPartOf":{"@id":"https:\/\/madame-sensuelle.paris\/fr\/#website"},"primaryImageOfPage":{"@id":"https:\/\/madame-sensuelle.paris\/fr\/product\/deshabille-en-organza-de-soie-avec-dentelle-antoinette\/#primaryimage"},"image":{"@id":"https:\/\/madame-sensuelle.paris\/fr\/product\/deshabille-en-organza-de-soie-avec-dentelle-antoinette\/#primaryimage"},"thumbnailUrl":"https:\/\/madame-sensuelle.paris\/wp-content\/uploads\/2024\/03\/antoinette-2.jpg","datePublished":"2024-03-10T12:27:38+00:00","dateModified":"2026-04-03T01:34:09+00:00","description":"D\u00e9shabill\u00e9 en organza de soie avec dentelle, \u00e0 porter avec de la lingerie ou en compl\u00e9ment d'une robe. Manches orn\u00e9es de dentelle. Tr\u00e8s travaill\u00e9, chic, parfait pour les soir\u00e9es ou les s\u00e9ances photo style boudoir","breadcrumb":{"@id":"https:\/\/madame-sensuelle.paris\/fr\/product\/deshabille-en-organza-de-soie-avec-dentelle-antoinette\/#breadcrumb"},"inLanguage":"fr-FR","potentialAction":[{"@type":"ReadAction","target":["https:\/\/madame-sensuelle.paris\/fr\/product\/deshabille-en-organza-de-soie-avec-dentelle-antoinette\/"]}]},{"@type":"ImageObject","inLanguage":"fr-FR","@id":"https:\/\/madame-sensuelle.paris\/fr\/product\/deshabille-en-organza-de-soie-avec-dentelle-antoinette\/#primaryimage","url":"https:\/\/madame-sensuelle.paris\/wp-content\/uploads\/2024\/03\/antoinette-2.jpg","contentUrl":"https:\/\/madame-sensuelle.paris\/wp-content\/uploads\/2024\/03\/antoinette-2.jpg","width":800,"height":1067},{"@type":"BreadcrumbList","@id":"https:\/\/madame-sensuelle.paris\/fr\/product\/deshabille-en-organza-de-soie-avec-dentelle-antoinette\/#breadcrumb","itemListElement":[{"@type":"ListItem","position":1,"name":"Acceuil","item":"https:\/\/madame-sensuelle.paris\/fr\/"},{"@type":"ListItem","position":2,"name":"Catalogue","item":"https:\/\/madame-sensuelle.paris\/fr\/catalogue\/"},{"@type":"ListItem","position":3,"name":"MADAME SENSUELLE","item":"https:\/\/madame-sensuelle.paris\/fr\/brand\/madame-sensuelle\/"},{"@type":"ListItem","position":4,"name":"Silk organza negligee with Antoinette lace"}]},{"@type":"WebSite","@id":"https:\/\/madame-sensuelle.paris\/fr\/#website","url":"https:\/\/madame-sensuelle.paris\/fr\/","name":"MADAME SENSUELLE","description":"MADAME SENSUELLE: Found the biggest exciting brands of chic &amp; SEXY LINGERIE in Paris Boutique and on the WEB: Aubade, Dita Von Teese, Maison Close, Marjolaine, Bluebella, Atelier Amour, Luxxa, Catanzaro, Gracija Rim. You will found the big pleasure of sexy belt or bra make for you","publisher":{"@id":"https:\/\/madame-sensuelle.paris\/fr\/#organization"},"potentialAction":[{"@type":"SearchAction","target":{"@type":"EntryPoint","urlTemplate":"https:\/\/madame-sensuelle.paris\/fr\/?s={search_term_string}"},"query-input":{"@type":"PropertyValueSpecification","valueRequired":true,"valueName":"search_term_string"}}],"inLanguage":"fr-FR"},{"@type":"Organization","@id":"https:\/\/madame-sensuelle.paris\/fr\/#organization","name":"Madame Sensuelle","url":"https:\/\/madame-sensuelle.paris\/fr\/","logo":{"@type":"ImageObject","inLanguage":"fr-FR","@id":"https:\/\/madame-sensuelle.paris\/fr\/#\/schema\/logo\/image\/","url":"https:\/\/madame-sensuelle.paris\/wp-content\/uploads\/2024\/12\/logo_a-1-1_696.webp","contentUrl":"https:\/\/madame-sensuelle.paris\/wp-content\/uploads\/2024\/12\/logo_a-1-1_696.webp","width":696,"height":696,"caption":"Madame Sensuelle"},"image":{"@id":"https:\/\/madame-sensuelle.paris\/fr\/#\/schema\/logo\/image\/"},"sameAs":["https:\/\/www.facebook.com\/madamesensuelle","https:\/\/www.instagram.com\/madame_sensuelle\/"]}]}},"brands":[{"id":2770,"name":"MADAME SENSUELLE","slug":"madame-sensuelle"}],"_links":{"self":[{"href":"https:\/\/madame-sensuelle.paris\/fr\/wp-json\/wp\/v2\/product\/64063","targetHints":{"allow":["GET"]}}],"collection":[{"href":"https:\/\/madame-sensuelle.paris\/fr\/wp-json\/wp\/v2\/product"}],"about":[{"href":"https:\/\/madame-sensuelle.paris\/fr\/wp-json\/wp\/v2\/types\/product"}],"version-history":[{"count":1,"href":"https:\/\/madame-sensuelle.paris\/fr\/wp-json\/wp\/v2\/product\/64063\/revisions"}],"predecessor-version":[{"id":120514,"href":"https:\/\/madame-sensuelle.paris\/fr\/wp-json\/wp\/v2\/product\/64063\/revisions\/120514"}],"wp:featuredmedia":[{"embeddable":true,"href":"https:\/\/madame-sensuelle.paris\/fr\/wp-json\/wp\/v2\/media\/106239"}],"wp:attachment":[{"href":"https:\/\/madame-sensuelle.paris\/fr\/wp-json\/wp\/v2\/media?parent=64063"}],"wp:term":[{"taxonomy":"pwb-brand","embeddable":true,"href":"https:\/\/madame-sensuelle.paris\/fr\/wp-json\/wp\/v2\/pwb-brand?post=64063"},{"taxonomy":"product_brand","embeddable":true,"href":"https:\/\/madame-sensuelle.paris\/fr\/wp-json\/wp\/v2\/product_brand?post=64063"},{"taxonomy":"product_cat","embeddable":true,"href":"https:\/\/madame-sensuelle.paris\/fr\/wp-json\/wp\/v2\/product_cat?post=64063"},{"taxonomy":"product_tag","embeddable":true,"href":"https:\/\/madame-sensuelle.paris\/fr\/wp-json\/wp\/v2\/product_tag?post=64063"},{"taxonomy":"giftcard-category","embeddable":true,"href":"https:\/\/madame-sensuelle.paris\/fr\/wp-json\/wp\/v2\/giftcard-category?post=64063"}],"curies":[{"name":"wp","href":"https:\/\/api.w.org\/{rel}","templated":true}]}}