{"id":65994,"date":"2024-03-10T12:42:04","date_gmt":"2024-03-10T12:42:04","guid":{"rendered":"https:\/\/madame-sensuelle.eu\/?post_type=product&#038;p=65994"},"modified":"2026-04-03T00:15:40","modified_gmt":"2026-04-03T00:15:40","slug":"culotte-fendue-en-tulle-dos-plisse-borsalino-noir","status":"publish","type":"product","link":"https:\/\/madame-sensuelle.paris\/fr\/product\/culotte-fendue-en-tulle-dos-plisse-borsalino-noir\/","title":{"rendered":"Culotte fendue en tulle dos pliss\u00e9 Borsalino &#8211; noir"},"content":{"rendered":"<p>Culotte fendu en dentelle. Deux pi\u00e8ces en tulle sur le devant qui vous suffira d&#8217;\u00e9carter pour rendre votre intimit\u00e9 accessible. Un galon de fleurs piqu\u00e9 avec des cristaux viens sublimer le haut de la culotte. Pour sublimer la rondeur de vos fesses on retrouve un beau voile pliss\u00e9 accompagner de sa belle dentelle.<\/p>\n","protected":false},"excerpt":{"rendered":"<p>Culotte fendu en dentelle. Deux pi\u00e8ces en tulle sur le devant qui vous suffira d&#8217;\u00e9carter pour rendre votre intimit\u00e9 accessible. Un galon de fleurs piqu\u00e9 avec des cristaux viens sublimer le haut de la culotte. Pour sublimer la rondeur de vos fesses on retrouve un beau voile pliss\u00e9 accompagner de sa belle dentelle.<\/p>\n","protected":false},"featured_media":107840,"template":"","meta":[],"pwb-brand":[2787],"product_brand":[],"product_cat":[1234,1270,1245],"product_tag":[],"giftcard-category":[],"class_list":{"0":"post-65994","1":"product","2":"type-product","3":"status-publish","4":"has-post-thumbnail","6":"pwb-brand-luxxa","7":"product_cat-string-ouvert","8":"product_cat-culottes-sexy","9":"product_cat-lingerie-sexy-femme-erotique-et-glamour","11":"first","12":"instock","13":"taxable","14":"shipping-taxable","15":"purchasable","16":"product-type-variable"},"yoast_head":"<!-- This site is optimized with the Yoast SEO plugin v27.3 - https:\/\/yoast.com\/product\/yoast-seo-wordpress\/ -->\n<title>Culotte fendue en tulle dos pliss\u00e9 Borsalino - noir \u2013 LUXXA - Madame Sensuelle<\/title>\n<meta name=\"description\" content=\"Culotte fendu en dentelle. Deux pi\u00e8ces en tulle sur le devant qui vous suffira d&#039;\u00e9carter pour rendre votre intimit\u00e9 accessible. Un galon de fleurs piqu\u00e9 avec des cristaux viens sublimer le haut de la culotte. Pour sublimer la rondeur de vos fesses on retrouve un beau voile pliss\u00e9 accompagner de sa belle dentelle.\" \/>\n<meta name=\"robots\" content=\"index, follow, max-snippet:-1, max-image-preview:large, max-video-preview:-1\" \/>\n<link rel=\"canonical\" href=\"https:\/\/madame-sensuelle.paris\/fr\/product\/culotte-fendue-en-tulle-dos-plisse-borsalino-noir\/\" \/>\n<meta property=\"og:locale\" content=\"fr_FR\" \/>\n<meta property=\"og:type\" content=\"article\" \/>\n<meta property=\"og:title\" content=\"Culotte fendue en tulle dos pliss\u00e9 Borsalino - noir \u2013 LUXXA - Madame Sensuelle\" \/>\n<meta property=\"og:description\" content=\"Culotte fendu en dentelle. Deux pi\u00e8ces en tulle sur le devant qui vous suffira d&#039;\u00e9carter pour rendre votre intimit\u00e9 accessible. Un galon de fleurs piqu\u00e9 avec des cristaux viens sublimer le haut de la culotte. Pour sublimer la rondeur de vos fesses on retrouve un beau voile pliss\u00e9 accompagner de sa belle dentelle.\" \/>\n<meta property=\"og:url\" content=\"https:\/\/madame-sensuelle.paris\/fr\/product\/culotte-fendue-en-tulle-dos-plisse-borsalino-noir\/\" \/>\n<meta property=\"og:site_name\" content=\"Madame Sensuelle\" \/>\n<meta property=\"article:publisher\" content=\"https:\/\/www.facebook.com\/madamesensuelle\" \/>\n<meta property=\"article:modified_time\" content=\"2026-04-03T00:15:40+00:00\" \/>\n<meta property=\"og:image\" content=\"http:\/\/madame-sensuelle.paris\/wp-content\/uploads\/2024\/03\/ensemble-soutien-gorge-1-2-seins-culotte-fendue-et-porte-jarretelles-1554473011-1.jpg\" \/>\n\t<meta property=\"og:image:width\" content=\"800\" \/>\n\t<meta property=\"og:image:height\" content=\"1200\" \/>\n\t<meta property=\"og:image:type\" content=\"image\/jpeg\" \/>\n<meta name=\"twitter:card\" content=\"summary_large_image\" \/>\n<meta name=\"twitter:label1\" content=\"Dur\u00e9e de lecture estim\u00e9e\" \/>\n\t<meta name=\"twitter:data1\" content=\"1 minute\" \/>\n<script type=\"application\/ld+json\" class=\"yoast-schema-graph\">{\"@context\":\"https:\\\/\\\/schema.org\",\"@graph\":[{\"@type\":\"WebPage\",\"@id\":\"https:\\\/\\\/madame-sensuelle.paris\\\/fr\\\/product\\\/culotte-fendue-en-tulle-dos-plisse-borsalino-noir\\\/\",\"url\":\"https:\\\/\\\/madame-sensuelle.paris\\\/fr\\\/product\\\/culotte-fendue-en-tulle-dos-plisse-borsalino-noir\\\/\",\"name\":\"Culotte fendue en tulle dos pliss\u00e9 Borsalino - noir \u2013 LUXXA - Madame Sensuelle\",\"isPartOf\":{\"@id\":\"https:\\\/\\\/madame-sensuelle.paris\\\/fr\\\/#website\"},\"primaryImageOfPage\":{\"@id\":\"https:\\\/\\\/madame-sensuelle.paris\\\/fr\\\/product\\\/culotte-fendue-en-tulle-dos-plisse-borsalino-noir\\\/#primaryimage\"},\"image\":{\"@id\":\"https:\\\/\\\/madame-sensuelle.paris\\\/fr\\\/product\\\/culotte-fendue-en-tulle-dos-plisse-borsalino-noir\\\/#primaryimage\"},\"thumbnailUrl\":\"https:\\\/\\\/madame-sensuelle.paris\\\/wp-content\\\/uploads\\\/2024\\\/03\\\/ensemble-soutien-gorge-1-2-seins-culotte-fendue-et-porte-jarretelles-1554473011-1.jpg\",\"datePublished\":\"2024-03-10T12:42:04+00:00\",\"dateModified\":\"2026-04-03T00:15:40+00:00\",\"description\":\"Culotte fendu en dentelle. Deux pi\u00e8ces en tulle sur le devant qui vous suffira d'\u00e9carter pour rendre votre intimit\u00e9 accessible. Un galon de fleurs piqu\u00e9 avec des cristaux viens sublimer le haut de la culotte. Pour sublimer la rondeur de vos fesses on retrouve un beau voile pliss\u00e9 accompagner de sa belle dentelle.\",\"breadcrumb\":{\"@id\":\"https:\\\/\\\/madame-sensuelle.paris\\\/fr\\\/product\\\/culotte-fendue-en-tulle-dos-plisse-borsalino-noir\\\/#breadcrumb\"},\"inLanguage\":\"fr-FR\",\"potentialAction\":[{\"@type\":\"ReadAction\",\"target\":[\"https:\\\/\\\/madame-sensuelle.paris\\\/fr\\\/product\\\/culotte-fendue-en-tulle-dos-plisse-borsalino-noir\\\/\"]}]},{\"@type\":\"ImageObject\",\"inLanguage\":\"fr-FR\",\"@id\":\"https:\\\/\\\/madame-sensuelle.paris\\\/fr\\\/product\\\/culotte-fendue-en-tulle-dos-plisse-borsalino-noir\\\/#primaryimage\",\"url\":\"https:\\\/\\\/madame-sensuelle.paris\\\/wp-content\\\/uploads\\\/2024\\\/03\\\/ensemble-soutien-gorge-1-2-seins-culotte-fendue-et-porte-jarretelles-1554473011-1.jpg\",\"contentUrl\":\"https:\\\/\\\/madame-sensuelle.paris\\\/wp-content\\\/uploads\\\/2024\\\/03\\\/ensemble-soutien-gorge-1-2-seins-culotte-fendue-et-porte-jarretelles-1554473011-1.jpg\",\"width\":800,\"height\":1200},{\"@type\":\"BreadcrumbList\",\"@id\":\"https:\\\/\\\/madame-sensuelle.paris\\\/fr\\\/product\\\/culotte-fendue-en-tulle-dos-plisse-borsalino-noir\\\/#breadcrumb\",\"itemListElement\":[{\"@type\":\"ListItem\",\"position\":1,\"name\":\"Acceuil\",\"item\":\"https:\\\/\\\/madame-sensuelle.paris\\\/fr\\\/\"},{\"@type\":\"ListItem\",\"position\":2,\"name\":\"Catalogue\",\"item\":\"https:\\\/\\\/madame-sensuelle.paris\\\/fr\\\/catalogue\\\/\"},{\"@type\":\"ListItem\",\"position\":3,\"name\":\"LUXXA\",\"item\":\"https:\\\/\\\/madame-sensuelle.paris\\\/fr\\\/brand\\\/luxxa\\\/\"},{\"@type\":\"ListItem\",\"position\":4,\"name\":\"Culotte fendue en tulle dos pliss\u00e9 Borsalino &#8211; noir\"}]},{\"@type\":\"WebSite\",\"@id\":\"https:\\\/\\\/madame-sensuelle.paris\\\/fr\\\/#website\",\"url\":\"https:\\\/\\\/madame-sensuelle.paris\\\/fr\\\/\",\"name\":\"MADAME SENSUELLE\",\"description\":\"MADAME SENSUELLE: Found the biggest exciting brands of chic &amp; SEXY LINGERIE in Paris Boutique and on the WEB: Aubade, Dita Von Teese, Maison Close, Marjolaine, Bluebella, Atelier Amour, Luxxa, Catanzaro, Gracija Rim. You will found the big pleasure of sexy belt or bra make for you\",\"publisher\":{\"@id\":\"https:\\\/\\\/madame-sensuelle.paris\\\/fr\\\/#organization\"},\"potentialAction\":[{\"@type\":\"SearchAction\",\"target\":{\"@type\":\"EntryPoint\",\"urlTemplate\":\"https:\\\/\\\/madame-sensuelle.paris\\\/fr\\\/?s={search_term_string}\"},\"query-input\":{\"@type\":\"PropertyValueSpecification\",\"valueRequired\":true,\"valueName\":\"search_term_string\"}}],\"inLanguage\":\"fr-FR\"},{\"@type\":\"Organization\",\"@id\":\"https:\\\/\\\/madame-sensuelle.paris\\\/fr\\\/#organization\",\"name\":\"Madame Sensuelle\",\"url\":\"https:\\\/\\\/madame-sensuelle.paris\\\/fr\\\/\",\"logo\":{\"@type\":\"ImageObject\",\"inLanguage\":\"fr-FR\",\"@id\":\"https:\\\/\\\/madame-sensuelle.paris\\\/fr\\\/#\\\/schema\\\/logo\\\/image\\\/\",\"url\":\"https:\\\/\\\/madame-sensuelle.paris\\\/wp-content\\\/uploads\\\/2024\\\/12\\\/logo_a-1-1_696.webp\",\"contentUrl\":\"https:\\\/\\\/madame-sensuelle.paris\\\/wp-content\\\/uploads\\\/2024\\\/12\\\/logo_a-1-1_696.webp\",\"width\":696,\"height\":696,\"caption\":\"Madame Sensuelle\"},\"image\":{\"@id\":\"https:\\\/\\\/madame-sensuelle.paris\\\/fr\\\/#\\\/schema\\\/logo\\\/image\\\/\"},\"sameAs\":[\"https:\\\/\\\/www.facebook.com\\\/madamesensuelle\",\"https:\\\/\\\/www.instagram.com\\\/madame_sensuelle\\\/\"]}]}<\/script>\n<!-- \/ Yoast SEO plugin. -->","yoast_head_json":{"title":"Culotte fendue en tulle dos pliss\u00e9 Borsalino - noir \u2013 LUXXA - Madame Sensuelle","description":"Culotte fendu en dentelle. Deux pi\u00e8ces en tulle sur le devant qui vous suffira d'\u00e9carter pour rendre votre intimit\u00e9 accessible. Un galon de fleurs piqu\u00e9 avec des cristaux viens sublimer le haut de la culotte. Pour sublimer la rondeur de vos fesses on retrouve un beau voile pliss\u00e9 accompagner de sa belle dentelle.","robots":{"index":"index","follow":"follow","max-snippet":"max-snippet:-1","max-image-preview":"max-image-preview:large","max-video-preview":"max-video-preview:-1"},"canonical":"https:\/\/madame-sensuelle.paris\/fr\/product\/culotte-fendue-en-tulle-dos-plisse-borsalino-noir\/","og_locale":"fr_FR","og_type":"article","og_title":"Culotte fendue en tulle dos pliss\u00e9 Borsalino - noir \u2013 LUXXA - Madame Sensuelle","og_description":"Culotte fendu en dentelle. Deux pi\u00e8ces en tulle sur le devant qui vous suffira d'\u00e9carter pour rendre votre intimit\u00e9 accessible. Un galon de fleurs piqu\u00e9 avec des cristaux viens sublimer le haut de la culotte. Pour sublimer la rondeur de vos fesses on retrouve un beau voile pliss\u00e9 accompagner de sa belle dentelle.","og_url":"https:\/\/madame-sensuelle.paris\/fr\/product\/culotte-fendue-en-tulle-dos-plisse-borsalino-noir\/","og_site_name":"Madame Sensuelle","article_publisher":"https:\/\/www.facebook.com\/madamesensuelle","article_modified_time":"2026-04-03T00:15:40+00:00","og_image":[{"width":800,"height":1200,"url":"http:\/\/madame-sensuelle.paris\/wp-content\/uploads\/2024\/03\/ensemble-soutien-gorge-1-2-seins-culotte-fendue-et-porte-jarretelles-1554473011-1.jpg","type":"image\/jpeg"}],"twitter_card":"summary_large_image","twitter_misc":{"Dur\u00e9e de lecture estim\u00e9e":"1 minute"},"schema":{"@context":"https:\/\/schema.org","@graph":[{"@type":"WebPage","@id":"https:\/\/madame-sensuelle.paris\/fr\/product\/culotte-fendue-en-tulle-dos-plisse-borsalino-noir\/","url":"https:\/\/madame-sensuelle.paris\/fr\/product\/culotte-fendue-en-tulle-dos-plisse-borsalino-noir\/","name":"Culotte fendue en tulle dos pliss\u00e9 Borsalino - noir \u2013 LUXXA - Madame Sensuelle","isPartOf":{"@id":"https:\/\/madame-sensuelle.paris\/fr\/#website"},"primaryImageOfPage":{"@id":"https:\/\/madame-sensuelle.paris\/fr\/product\/culotte-fendue-en-tulle-dos-plisse-borsalino-noir\/#primaryimage"},"image":{"@id":"https:\/\/madame-sensuelle.paris\/fr\/product\/culotte-fendue-en-tulle-dos-plisse-borsalino-noir\/#primaryimage"},"thumbnailUrl":"https:\/\/madame-sensuelle.paris\/wp-content\/uploads\/2024\/03\/ensemble-soutien-gorge-1-2-seins-culotte-fendue-et-porte-jarretelles-1554473011-1.jpg","datePublished":"2024-03-10T12:42:04+00:00","dateModified":"2026-04-03T00:15:40+00:00","description":"Culotte fendu en dentelle. Deux pi\u00e8ces en tulle sur le devant qui vous suffira d'\u00e9carter pour rendre votre intimit\u00e9 accessible. Un galon de fleurs piqu\u00e9 avec des cristaux viens sublimer le haut de la culotte. Pour sublimer la rondeur de vos fesses on retrouve un beau voile pliss\u00e9 accompagner de sa belle dentelle.","breadcrumb":{"@id":"https:\/\/madame-sensuelle.paris\/fr\/product\/culotte-fendue-en-tulle-dos-plisse-borsalino-noir\/#breadcrumb"},"inLanguage":"fr-FR","potentialAction":[{"@type":"ReadAction","target":["https:\/\/madame-sensuelle.paris\/fr\/product\/culotte-fendue-en-tulle-dos-plisse-borsalino-noir\/"]}]},{"@type":"ImageObject","inLanguage":"fr-FR","@id":"https:\/\/madame-sensuelle.paris\/fr\/product\/culotte-fendue-en-tulle-dos-plisse-borsalino-noir\/#primaryimage","url":"https:\/\/madame-sensuelle.paris\/wp-content\/uploads\/2024\/03\/ensemble-soutien-gorge-1-2-seins-culotte-fendue-et-porte-jarretelles-1554473011-1.jpg","contentUrl":"https:\/\/madame-sensuelle.paris\/wp-content\/uploads\/2024\/03\/ensemble-soutien-gorge-1-2-seins-culotte-fendue-et-porte-jarretelles-1554473011-1.jpg","width":800,"height":1200},{"@type":"BreadcrumbList","@id":"https:\/\/madame-sensuelle.paris\/fr\/product\/culotte-fendue-en-tulle-dos-plisse-borsalino-noir\/#breadcrumb","itemListElement":[{"@type":"ListItem","position":1,"name":"Acceuil","item":"https:\/\/madame-sensuelle.paris\/fr\/"},{"@type":"ListItem","position":2,"name":"Catalogue","item":"https:\/\/madame-sensuelle.paris\/fr\/catalogue\/"},{"@type":"ListItem","position":3,"name":"LUXXA","item":"https:\/\/madame-sensuelle.paris\/fr\/brand\/luxxa\/"},{"@type":"ListItem","position":4,"name":"Culotte fendue en tulle dos pliss\u00e9 Borsalino &#8211; noir"}]},{"@type":"WebSite","@id":"https:\/\/madame-sensuelle.paris\/fr\/#website","url":"https:\/\/madame-sensuelle.paris\/fr\/","name":"MADAME SENSUELLE","description":"MADAME SENSUELLE: Found the biggest exciting brands of chic &amp; SEXY LINGERIE in Paris Boutique and on the WEB: Aubade, Dita Von Teese, Maison Close, Marjolaine, Bluebella, Atelier Amour, Luxxa, Catanzaro, Gracija Rim. You will found the big pleasure of sexy belt or bra make for you","publisher":{"@id":"https:\/\/madame-sensuelle.paris\/fr\/#organization"},"potentialAction":[{"@type":"SearchAction","target":{"@type":"EntryPoint","urlTemplate":"https:\/\/madame-sensuelle.paris\/fr\/?s={search_term_string}"},"query-input":{"@type":"PropertyValueSpecification","valueRequired":true,"valueName":"search_term_string"}}],"inLanguage":"fr-FR"},{"@type":"Organization","@id":"https:\/\/madame-sensuelle.paris\/fr\/#organization","name":"Madame Sensuelle","url":"https:\/\/madame-sensuelle.paris\/fr\/","logo":{"@type":"ImageObject","inLanguage":"fr-FR","@id":"https:\/\/madame-sensuelle.paris\/fr\/#\/schema\/logo\/image\/","url":"https:\/\/madame-sensuelle.paris\/wp-content\/uploads\/2024\/12\/logo_a-1-1_696.webp","contentUrl":"https:\/\/madame-sensuelle.paris\/wp-content\/uploads\/2024\/12\/logo_a-1-1_696.webp","width":696,"height":696,"caption":"Madame Sensuelle"},"image":{"@id":"https:\/\/madame-sensuelle.paris\/fr\/#\/schema\/logo\/image\/"},"sameAs":["https:\/\/www.facebook.com\/madamesensuelle","https:\/\/www.instagram.com\/madame_sensuelle\/"]}]}},"brands":[{"id":2787,"name":"LUXXA","slug":"luxxa"}],"_links":{"self":[{"href":"https:\/\/madame-sensuelle.paris\/fr\/wp-json\/wp\/v2\/product\/65994","targetHints":{"allow":["GET"]}}],"collection":[{"href":"https:\/\/madame-sensuelle.paris\/fr\/wp-json\/wp\/v2\/product"}],"about":[{"href":"https:\/\/madame-sensuelle.paris\/fr\/wp-json\/wp\/v2\/types\/product"}],"version-history":[{"count":1,"href":"https:\/\/madame-sensuelle.paris\/fr\/wp-json\/wp\/v2\/product\/65994\/revisions"}],"predecessor-version":[{"id":109698,"href":"https:\/\/madame-sensuelle.paris\/fr\/wp-json\/wp\/v2\/product\/65994\/revisions\/109698"}],"wp:featuredmedia":[{"embeddable":true,"href":"https:\/\/madame-sensuelle.paris\/fr\/wp-json\/wp\/v2\/media\/107840"}],"wp:attachment":[{"href":"https:\/\/madame-sensuelle.paris\/fr\/wp-json\/wp\/v2\/media?parent=65994"}],"wp:term":[{"taxonomy":"pwb-brand","embeddable":true,"href":"https:\/\/madame-sensuelle.paris\/fr\/wp-json\/wp\/v2\/pwb-brand?post=65994"},{"taxonomy":"product_brand","embeddable":true,"href":"https:\/\/madame-sensuelle.paris\/fr\/wp-json\/wp\/v2\/product_brand?post=65994"},{"taxonomy":"product_cat","embeddable":true,"href":"https:\/\/madame-sensuelle.paris\/fr\/wp-json\/wp\/v2\/product_cat?post=65994"},{"taxonomy":"product_tag","embeddable":true,"href":"https:\/\/madame-sensuelle.paris\/fr\/wp-json\/wp\/v2\/product_tag?post=65994"},{"taxonomy":"giftcard-category","embeddable":true,"href":"https:\/\/madame-sensuelle.paris\/fr\/wp-json\/wp\/v2\/giftcard-category?post=65994"}],"curies":[{"name":"wp","href":"https:\/\/api.w.org\/{rel}","templated":true}]}}