{"id":66010,"date":"2024-03-10T12:42:18","date_gmt":"2024-03-10T12:42:18","guid":{"rendered":"https:\/\/madame-sensuelle.eu\/?post_type=product&#038;p=66010"},"modified":"2026-04-03T00:39:35","modified_gmt":"2026-04-03T00:39:35","slug":"c-aa-2019000073677","status":"publish","type":"product","link":"https:\/\/madame-sensuelle.paris\/fr\/product\/c-aa-2019000073677\/","title":{"rendered":"Culotte ouverte en dentelle avec la\u00e7age bijoux Enlace Moi &#8211; noir"},"content":{"rendered":"<p>Un chef-d&#8217;\u0153uvre de sensualit\u00e9, o\u00f9 dentelle noire exquise et la\u00e7age bijou s\u2019entrelacent pour r\u00e9v\u00e9ler une s\u00e9duction parfaite. Chaque fil de dentelle caresse la peau avec une douceur infinie, tandis que le lien bijou d\u00e9licatement pos\u00e9 sur le devant ajoute une touche de luxueuse provocation. Cette pi\u00e8ce, \u00e0 la fois audacieuse et raffin\u00e9e, sublime chaque mouvement et d\u00e9voile la f\u00e9minit\u00e9 avec une sensualit\u00e9 irr\u00e9sistible. Enlacez-moi, et laissez la tentation s\u2019\u00e9panouir.<\/p>\n","protected":false},"excerpt":{"rendered":"<p>Un chef-d&#8217;\u0153uvre de sensualit\u00e9, o\u00f9 dentelle noire exquise et la\u00e7age bijou s\u2019entrelacent pour r\u00e9v\u00e9ler une s\u00e9duction parfaite. Chaque fil de dentelle caresse la peau avec une douceur infinie, tandis que le lien bijou d\u00e9licatement pos\u00e9 sur le devant ajoute une touche de luxueuse provocation. Cette pi\u00e8ce, \u00e0 la fois audacieuse et raffin\u00e9e, sublime chaque mouvement<\/p>\n","protected":false},"featured_media":84805,"template":"","meta":[],"pwb-brand":[2785],"product_brand":[],"product_cat":[1270,1245],"product_tag":[],"giftcard-category":[],"class_list":{"0":"post-66010","1":"product","2":"type-product","3":"status-publish","4":"has-post-thumbnail","6":"pwb-brand-atelier-amour","7":"product_cat-culottes-sexy","8":"product_cat-lingerie-sexy-femme-erotique-et-glamour","10":"first","11":"instock","12":"taxable","13":"shipping-taxable","14":"purchasable","15":"product-type-variable"},"yoast_head":"<!-- This site is optimized with the Yoast SEO plugin v27.3 - https:\/\/yoast.com\/product\/yoast-seo-wordpress\/ -->\n<title>Culotte ouverte en dentelle avec la\u00e7age bijoux Enlace Moi - noir \u2013 ATELIER AMOUR - Madame Sensuelle<\/title>\n<meta name=\"description\" content=\"Un chef-d&#039;\u0153uvre de sensualit\u00e9, o\u00f9 dentelle noire exquise et la\u00e7age bijou s\u2019entrelacent pour r\u00e9v\u00e9ler une s\u00e9duction parfaite. Chaque fil de dentelle caresse la peau avec une douceur infinie, tandis que le lien bijou d\u00e9licatement pos\u00e9 sur le devant ajoute une touche de luxueuse provocation. Cette pi\u00e8ce, \u00e0 la fois audacieuse et raffin\u00e9e, sublime chaque mouvement et d\u00e9voile la f\u00e9minit\u00e9 avec une sensualit\u00e9 irr\u00e9sistible. Enlacez-moi, et laissez la tentation s\u2019\u00e9panouir.\" \/>\n<meta name=\"robots\" content=\"index, follow, max-snippet:-1, max-image-preview:large, max-video-preview:-1\" \/>\n<link rel=\"canonical\" href=\"https:\/\/madame-sensuelle.paris\/fr\/product\/c-aa-2019000073677\/\" \/>\n<meta property=\"og:locale\" content=\"fr_FR\" \/>\n<meta property=\"og:type\" content=\"article\" \/>\n<meta property=\"og:title\" content=\"Culotte ouverte en dentelle avec la\u00e7age bijoux Enlace Moi - noir \u2013 ATELIER AMOUR - Madame Sensuelle\" \/>\n<meta property=\"og:description\" content=\"Un chef-d&#039;\u0153uvre de sensualit\u00e9, o\u00f9 dentelle noire exquise et la\u00e7age bijou s\u2019entrelacent pour r\u00e9v\u00e9ler une s\u00e9duction parfaite. Chaque fil de dentelle caresse la peau avec une douceur infinie, tandis que le lien bijou d\u00e9licatement pos\u00e9 sur le devant ajoute une touche de luxueuse provocation. Cette pi\u00e8ce, \u00e0 la fois audacieuse et raffin\u00e9e, sublime chaque mouvement et d\u00e9voile la f\u00e9minit\u00e9 avec une sensualit\u00e9 irr\u00e9sistible. Enlacez-moi, et laissez la tentation s\u2019\u00e9panouir.\" \/>\n<meta property=\"og:url\" content=\"https:\/\/madame-sensuelle.paris\/fr\/product\/c-aa-2019000073677\/\" \/>\n<meta property=\"og:site_name\" content=\"Madame Sensuelle\" \/>\n<meta property=\"article:publisher\" content=\"https:\/\/www.facebook.com\/madamesensuelle\" \/>\n<meta property=\"article:modified_time\" content=\"2026-04-03T00:39:35+00:00\" \/>\n<meta property=\"og:image\" content=\"https:\/\/madame-sensuelle.paris\/wp-content\/uploads\/2024\/03\/culenl_1.jpg\" \/>\n\t<meta property=\"og:image:width\" content=\"800\" \/>\n\t<meta property=\"og:image:height\" content=\"1200\" \/>\n\t<meta property=\"og:image:type\" content=\"image\/jpeg\" \/>\n<meta name=\"twitter:card\" content=\"summary_large_image\" \/>\n<meta name=\"twitter:label1\" content=\"Dur\u00e9e de lecture estim\u00e9e\" \/>\n\t<meta name=\"twitter:data1\" content=\"2 minutes\" \/>\n<script type=\"application\/ld+json\" class=\"yoast-schema-graph\">{\"@context\":\"https:\\\/\\\/schema.org\",\"@graph\":[{\"@type\":\"WebPage\",\"@id\":\"https:\\\/\\\/madame-sensuelle.paris\\\/fr\\\/product\\\/c-aa-2019000073677\\\/\",\"url\":\"https:\\\/\\\/madame-sensuelle.paris\\\/fr\\\/product\\\/c-aa-2019000073677\\\/\",\"name\":\"Culotte ouverte en dentelle avec la\u00e7age bijoux Enlace Moi - noir \u2013 ATELIER AMOUR - Madame Sensuelle\",\"isPartOf\":{\"@id\":\"https:\\\/\\\/madame-sensuelle.paris\\\/fr\\\/#website\"},\"primaryImageOfPage\":{\"@id\":\"https:\\\/\\\/madame-sensuelle.paris\\\/fr\\\/product\\\/c-aa-2019000073677\\\/#primaryimage\"},\"image\":{\"@id\":\"https:\\\/\\\/madame-sensuelle.paris\\\/fr\\\/product\\\/c-aa-2019000073677\\\/#primaryimage\"},\"thumbnailUrl\":\"https:\\\/\\\/madame-sensuelle.paris\\\/wp-content\\\/uploads\\\/2024\\\/03\\\/culenl_1.jpg\",\"datePublished\":\"2024-03-10T12:42:18+00:00\",\"dateModified\":\"2026-04-03T00:39:35+00:00\",\"description\":\"Un chef-d'\u0153uvre de sensualit\u00e9, o\u00f9 dentelle noire exquise et la\u00e7age bijou s\u2019entrelacent pour r\u00e9v\u00e9ler une s\u00e9duction parfaite. Chaque fil de dentelle caresse la peau avec une douceur infinie, tandis que le lien bijou d\u00e9licatement pos\u00e9 sur le devant ajoute une touche de luxueuse provocation. Cette pi\u00e8ce, \u00e0 la fois audacieuse et raffin\u00e9e, sublime chaque mouvement et d\u00e9voile la f\u00e9minit\u00e9 avec une sensualit\u00e9 irr\u00e9sistible. Enlacez-moi, et laissez la tentation s\u2019\u00e9panouir.\",\"breadcrumb\":{\"@id\":\"https:\\\/\\\/madame-sensuelle.paris\\\/fr\\\/product\\\/c-aa-2019000073677\\\/#breadcrumb\"},\"inLanguage\":\"fr-FR\",\"potentialAction\":[{\"@type\":\"ReadAction\",\"target\":[\"https:\\\/\\\/madame-sensuelle.paris\\\/fr\\\/product\\\/c-aa-2019000073677\\\/\"]}]},{\"@type\":\"ImageObject\",\"inLanguage\":\"fr-FR\",\"@id\":\"https:\\\/\\\/madame-sensuelle.paris\\\/fr\\\/product\\\/c-aa-2019000073677\\\/#primaryimage\",\"url\":\"https:\\\/\\\/madame-sensuelle.paris\\\/wp-content\\\/uploads\\\/2024\\\/03\\\/culenl_1.jpg\",\"contentUrl\":\"https:\\\/\\\/madame-sensuelle.paris\\\/wp-content\\\/uploads\\\/2024\\\/03\\\/culenl_1.jpg\",\"width\":800,\"height\":1200},{\"@type\":\"BreadcrumbList\",\"@id\":\"https:\\\/\\\/madame-sensuelle.paris\\\/fr\\\/product\\\/c-aa-2019000073677\\\/#breadcrumb\",\"itemListElement\":[{\"@type\":\"ListItem\",\"position\":1,\"name\":\"Acceuil\",\"item\":\"https:\\\/\\\/madame-sensuelle.paris\\\/fr\\\/\"},{\"@type\":\"ListItem\",\"position\":2,\"name\":\"Catalogue\",\"item\":\"https:\\\/\\\/madame-sensuelle.paris\\\/fr\\\/catalogue\\\/\"},{\"@type\":\"ListItem\",\"position\":3,\"name\":\"ATELIER AMOUR\",\"item\":\"https:\\\/\\\/madame-sensuelle.paris\\\/fr\\\/brand\\\/atelier-amour\\\/\"},{\"@type\":\"ListItem\",\"position\":4,\"name\":\"Culotte ouverte en dentelle avec la\u00e7age bijoux Enlace Moi &#8211; noir\"}]},{\"@type\":\"WebSite\",\"@id\":\"https:\\\/\\\/madame-sensuelle.paris\\\/fr\\\/#website\",\"url\":\"https:\\\/\\\/madame-sensuelle.paris\\\/fr\\\/\",\"name\":\"MADAME SENSUELLE\",\"description\":\"MADAME SENSUELLE: Found the biggest exciting brands of chic &amp; SEXY LINGERIE in Paris Boutique and on the WEB: Aubade, Dita Von Teese, Maison Close, Marjolaine, Bluebella, Atelier Amour, Luxxa, Catanzaro, Gracija Rim. You will found the big pleasure of sexy belt or bra make for you\",\"publisher\":{\"@id\":\"https:\\\/\\\/madame-sensuelle.paris\\\/fr\\\/#organization\"},\"potentialAction\":[{\"@type\":\"SearchAction\",\"target\":{\"@type\":\"EntryPoint\",\"urlTemplate\":\"https:\\\/\\\/madame-sensuelle.paris\\\/fr\\\/?s={search_term_string}\"},\"query-input\":{\"@type\":\"PropertyValueSpecification\",\"valueRequired\":true,\"valueName\":\"search_term_string\"}}],\"inLanguage\":\"fr-FR\"},{\"@type\":\"Organization\",\"@id\":\"https:\\\/\\\/madame-sensuelle.paris\\\/fr\\\/#organization\",\"name\":\"Madame Sensuelle\",\"url\":\"https:\\\/\\\/madame-sensuelle.paris\\\/fr\\\/\",\"logo\":{\"@type\":\"ImageObject\",\"inLanguage\":\"fr-FR\",\"@id\":\"https:\\\/\\\/madame-sensuelle.paris\\\/fr\\\/#\\\/schema\\\/logo\\\/image\\\/\",\"url\":\"https:\\\/\\\/madame-sensuelle.paris\\\/wp-content\\\/uploads\\\/2024\\\/12\\\/logo_a-1-1_696.webp\",\"contentUrl\":\"https:\\\/\\\/madame-sensuelle.paris\\\/wp-content\\\/uploads\\\/2024\\\/12\\\/logo_a-1-1_696.webp\",\"width\":696,\"height\":696,\"caption\":\"Madame Sensuelle\"},\"image\":{\"@id\":\"https:\\\/\\\/madame-sensuelle.paris\\\/fr\\\/#\\\/schema\\\/logo\\\/image\\\/\"},\"sameAs\":[\"https:\\\/\\\/www.facebook.com\\\/madamesensuelle\",\"https:\\\/\\\/www.instagram.com\\\/madame_sensuelle\\\/\"]}]}<\/script>\n<!-- \/ Yoast SEO plugin. -->","yoast_head_json":{"title":"Culotte ouverte en dentelle avec la\u00e7age bijoux Enlace Moi - noir \u2013 ATELIER AMOUR - Madame Sensuelle","description":"Un chef-d'\u0153uvre de sensualit\u00e9, o\u00f9 dentelle noire exquise et la\u00e7age bijou s\u2019entrelacent pour r\u00e9v\u00e9ler une s\u00e9duction parfaite. Chaque fil de dentelle caresse la peau avec une douceur infinie, tandis que le lien bijou d\u00e9licatement pos\u00e9 sur le devant ajoute une touche de luxueuse provocation. Cette pi\u00e8ce, \u00e0 la fois audacieuse et raffin\u00e9e, sublime chaque mouvement et d\u00e9voile la f\u00e9minit\u00e9 avec une sensualit\u00e9 irr\u00e9sistible. Enlacez-moi, et laissez la tentation s\u2019\u00e9panouir.","robots":{"index":"index","follow":"follow","max-snippet":"max-snippet:-1","max-image-preview":"max-image-preview:large","max-video-preview":"max-video-preview:-1"},"canonical":"https:\/\/madame-sensuelle.paris\/fr\/product\/c-aa-2019000073677\/","og_locale":"fr_FR","og_type":"article","og_title":"Culotte ouverte en dentelle avec la\u00e7age bijoux Enlace Moi - noir \u2013 ATELIER AMOUR - Madame Sensuelle","og_description":"Un chef-d'\u0153uvre de sensualit\u00e9, o\u00f9 dentelle noire exquise et la\u00e7age bijou s\u2019entrelacent pour r\u00e9v\u00e9ler une s\u00e9duction parfaite. Chaque fil de dentelle caresse la peau avec une douceur infinie, tandis que le lien bijou d\u00e9licatement pos\u00e9 sur le devant ajoute une touche de luxueuse provocation. Cette pi\u00e8ce, \u00e0 la fois audacieuse et raffin\u00e9e, sublime chaque mouvement et d\u00e9voile la f\u00e9minit\u00e9 avec une sensualit\u00e9 irr\u00e9sistible. Enlacez-moi, et laissez la tentation s\u2019\u00e9panouir.","og_url":"https:\/\/madame-sensuelle.paris\/fr\/product\/c-aa-2019000073677\/","og_site_name":"Madame Sensuelle","article_publisher":"https:\/\/www.facebook.com\/madamesensuelle","article_modified_time":"2026-04-03T00:39:35+00:00","og_image":[{"width":800,"height":1200,"url":"https:\/\/madame-sensuelle.paris\/wp-content\/uploads\/2024\/03\/culenl_1.jpg","type":"image\/jpeg"}],"twitter_card":"summary_large_image","twitter_misc":{"Dur\u00e9e de lecture estim\u00e9e":"2 minutes"},"schema":{"@context":"https:\/\/schema.org","@graph":[{"@type":"WebPage","@id":"https:\/\/madame-sensuelle.paris\/fr\/product\/c-aa-2019000073677\/","url":"https:\/\/madame-sensuelle.paris\/fr\/product\/c-aa-2019000073677\/","name":"Culotte ouverte en dentelle avec la\u00e7age bijoux Enlace Moi - noir \u2013 ATELIER AMOUR - Madame Sensuelle","isPartOf":{"@id":"https:\/\/madame-sensuelle.paris\/fr\/#website"},"primaryImageOfPage":{"@id":"https:\/\/madame-sensuelle.paris\/fr\/product\/c-aa-2019000073677\/#primaryimage"},"image":{"@id":"https:\/\/madame-sensuelle.paris\/fr\/product\/c-aa-2019000073677\/#primaryimage"},"thumbnailUrl":"https:\/\/madame-sensuelle.paris\/wp-content\/uploads\/2024\/03\/culenl_1.jpg","datePublished":"2024-03-10T12:42:18+00:00","dateModified":"2026-04-03T00:39:35+00:00","description":"Un chef-d'\u0153uvre de sensualit\u00e9, o\u00f9 dentelle noire exquise et la\u00e7age bijou s\u2019entrelacent pour r\u00e9v\u00e9ler une s\u00e9duction parfaite. Chaque fil de dentelle caresse la peau avec une douceur infinie, tandis que le lien bijou d\u00e9licatement pos\u00e9 sur le devant ajoute une touche de luxueuse provocation. Cette pi\u00e8ce, \u00e0 la fois audacieuse et raffin\u00e9e, sublime chaque mouvement et d\u00e9voile la f\u00e9minit\u00e9 avec une sensualit\u00e9 irr\u00e9sistible. Enlacez-moi, et laissez la tentation s\u2019\u00e9panouir.","breadcrumb":{"@id":"https:\/\/madame-sensuelle.paris\/fr\/product\/c-aa-2019000073677\/#breadcrumb"},"inLanguage":"fr-FR","potentialAction":[{"@type":"ReadAction","target":["https:\/\/madame-sensuelle.paris\/fr\/product\/c-aa-2019000073677\/"]}]},{"@type":"ImageObject","inLanguage":"fr-FR","@id":"https:\/\/madame-sensuelle.paris\/fr\/product\/c-aa-2019000073677\/#primaryimage","url":"https:\/\/madame-sensuelle.paris\/wp-content\/uploads\/2024\/03\/culenl_1.jpg","contentUrl":"https:\/\/madame-sensuelle.paris\/wp-content\/uploads\/2024\/03\/culenl_1.jpg","width":800,"height":1200},{"@type":"BreadcrumbList","@id":"https:\/\/madame-sensuelle.paris\/fr\/product\/c-aa-2019000073677\/#breadcrumb","itemListElement":[{"@type":"ListItem","position":1,"name":"Acceuil","item":"https:\/\/madame-sensuelle.paris\/fr\/"},{"@type":"ListItem","position":2,"name":"Catalogue","item":"https:\/\/madame-sensuelle.paris\/fr\/catalogue\/"},{"@type":"ListItem","position":3,"name":"ATELIER AMOUR","item":"https:\/\/madame-sensuelle.paris\/fr\/brand\/atelier-amour\/"},{"@type":"ListItem","position":4,"name":"Culotte ouverte en dentelle avec la\u00e7age bijoux Enlace Moi &#8211; noir"}]},{"@type":"WebSite","@id":"https:\/\/madame-sensuelle.paris\/fr\/#website","url":"https:\/\/madame-sensuelle.paris\/fr\/","name":"MADAME SENSUELLE","description":"MADAME SENSUELLE: Found the biggest exciting brands of chic &amp; SEXY LINGERIE in Paris Boutique and on the WEB: Aubade, Dita Von Teese, Maison Close, Marjolaine, Bluebella, Atelier Amour, Luxxa, Catanzaro, Gracija Rim. You will found the big pleasure of sexy belt or bra make for you","publisher":{"@id":"https:\/\/madame-sensuelle.paris\/fr\/#organization"},"potentialAction":[{"@type":"SearchAction","target":{"@type":"EntryPoint","urlTemplate":"https:\/\/madame-sensuelle.paris\/fr\/?s={search_term_string}"},"query-input":{"@type":"PropertyValueSpecification","valueRequired":true,"valueName":"search_term_string"}}],"inLanguage":"fr-FR"},{"@type":"Organization","@id":"https:\/\/madame-sensuelle.paris\/fr\/#organization","name":"Madame Sensuelle","url":"https:\/\/madame-sensuelle.paris\/fr\/","logo":{"@type":"ImageObject","inLanguage":"fr-FR","@id":"https:\/\/madame-sensuelle.paris\/fr\/#\/schema\/logo\/image\/","url":"https:\/\/madame-sensuelle.paris\/wp-content\/uploads\/2024\/12\/logo_a-1-1_696.webp","contentUrl":"https:\/\/madame-sensuelle.paris\/wp-content\/uploads\/2024\/12\/logo_a-1-1_696.webp","width":696,"height":696,"caption":"Madame Sensuelle"},"image":{"@id":"https:\/\/madame-sensuelle.paris\/fr\/#\/schema\/logo\/image\/"},"sameAs":["https:\/\/www.facebook.com\/madamesensuelle","https:\/\/www.instagram.com\/madame_sensuelle\/"]}]}},"brands":[{"id":2785,"name":"ATELIER AMOUR","slug":"atelier-amour"}],"_links":{"self":[{"href":"https:\/\/madame-sensuelle.paris\/fr\/wp-json\/wp\/v2\/product\/66010","targetHints":{"allow":["GET"]}}],"collection":[{"href":"https:\/\/madame-sensuelle.paris\/fr\/wp-json\/wp\/v2\/product"}],"about":[{"href":"https:\/\/madame-sensuelle.paris\/fr\/wp-json\/wp\/v2\/types\/product"}],"version-history":[{"count":1,"href":"https:\/\/madame-sensuelle.paris\/fr\/wp-json\/wp\/v2\/product\/66010\/revisions"}],"predecessor-version":[{"id":118313,"href":"https:\/\/madame-sensuelle.paris\/fr\/wp-json\/wp\/v2\/product\/66010\/revisions\/118313"}],"wp:featuredmedia":[{"embeddable":true,"href":"https:\/\/madame-sensuelle.paris\/fr\/wp-json\/wp\/v2\/media\/84805"}],"wp:attachment":[{"href":"https:\/\/madame-sensuelle.paris\/fr\/wp-json\/wp\/v2\/media?parent=66010"}],"wp:term":[{"taxonomy":"pwb-brand","embeddable":true,"href":"https:\/\/madame-sensuelle.paris\/fr\/wp-json\/wp\/v2\/pwb-brand?post=66010"},{"taxonomy":"product_brand","embeddable":true,"href":"https:\/\/madame-sensuelle.paris\/fr\/wp-json\/wp\/v2\/product_brand?post=66010"},{"taxonomy":"product_cat","embeddable":true,"href":"https:\/\/madame-sensuelle.paris\/fr\/wp-json\/wp\/v2\/product_cat?post=66010"},{"taxonomy":"product_tag","embeddable":true,"href":"https:\/\/madame-sensuelle.paris\/fr\/wp-json\/wp\/v2\/product_tag?post=66010"},{"taxonomy":"giftcard-category","embeddable":true,"href":"https:\/\/madame-sensuelle.paris\/fr\/wp-json\/wp\/v2\/giftcard-category?post=66010"}],"curies":[{"name":"wp","href":"https:\/\/api.w.org\/{rel}","templated":true}]}}