{"id":66019,"date":"2024-03-10T12:42:18","date_gmt":"2024-03-10T12:42:18","guid":{"rendered":"https:\/\/madame-sensuelle.eu\/?post_type=product&#038;p=66019"},"modified":"2026-04-18T06:02:52","modified_gmt":"2026-04-18T06:02:52","slug":"aa-2019000050661-s-chair-1","status":"publish","type":"product","link":"https:\/\/madame-sensuelle.paris\/fr\/product\/aa-2019000050661-s-chair-1\/","title":{"rendered":"Culotte ouverte harnais Insoutenable L\u00e9g\u00e8ret\u00e9"},"content":{"rendered":"<p>Culotte harnais en tulle l\u00e9ger, douce et pleine d\u2019allure.<br data-start=\"549\" data-end=\"552\" \/>Lani\u00e8res fines qui dessinent la taille avec style.<br data-start=\"606\" data-end=\"609\" \/>Tissu transparent qui laisse deviner la peau avec gr\u00e2ce.<br data-start=\"669\" data-end=\"672\" \/>Coupe chic et d\u00e9tails soign\u00e9s pour un effet affirm\u00e9.<br data-start=\"728\" data-end=\"731\" \/>Une pi\u00e8ce audacieuse, libre et douce \u00e0 porter<strong data-start=\"731\" data-end=\"781\">.<\/strong><\/p>\n","protected":false},"excerpt":{"rendered":"<p>Culotte harnais en tulle l\u00e9ger, douce et pleine d\u2019allure.Lani\u00e8res fines qui dessinent la taille avec style.Tissu transparent qui laisse deviner la peau avec gr\u00e2ce.Coupe chic et d\u00e9tails soign\u00e9s pour un effet affirm\u00e9.Une pi\u00e8ce audacieuse, libre et douce \u00e0 porter.<\/p>\n","protected":false},"featured_media":114704,"template":"","meta":[],"pwb-brand":[2785],"product_brand":[],"product_cat":[1233,1234,1270,1245],"product_tag":[],"giftcard-category":[],"class_list":{"0":"post-66019","1":"product","2":"type-product","3":"status-publish","4":"has-post-thumbnail","6":"pwb-brand-atelier-amour","7":"product_cat-culotte-harnais","8":"product_cat-string-ouvert","9":"product_cat-culottes-sexy","10":"product_cat-lingerie-sexy-femme-erotique-et-glamour","11":"pa_collection-insoutenable-legerete-fr","13":"first","14":"instock","15":"taxable","16":"shipping-taxable","17":"purchasable","18":"product-type-variable","19":"has-default-attributes"},"yoast_head":"<!-- This site is optimized with the Yoast SEO plugin v27.4 - https:\/\/yoast.com\/product\/yoast-seo-wordpress\/ -->\n<title>Culotte ouverte harnais Insoutenable L\u00e9g\u00e8ret\u00e9 \u2013 ATELIER AMOUR - Madame Sensuelle<\/title>\n<meta name=\"description\" content=\"Unveil your confidence with our stunning culotte ouverte. Its lightweight tulle and subtle transparency make you feel both free and attractive! \ud83c\udf39\" \/>\n<meta name=\"robots\" content=\"index, follow, max-snippet:-1, max-image-preview:large, max-video-preview:-1\" \/>\n<link rel=\"canonical\" href=\"https:\/\/madame-sensuelle.paris\/fr\/product\/aa-2019000050661-s-chair-1\/\" \/>\n<meta property=\"og:locale\" content=\"fr_FR\" \/>\n<meta property=\"og:type\" content=\"article\" \/>\n<meta property=\"og:title\" content=\"Culotte ouverte harnais Insoutenable L\u00e9g\u00e8ret\u00e9 \u2013 ATELIER AMOUR - Madame Sensuelle\" \/>\n<meta property=\"og:description\" content=\"Unveil your confidence with our stunning culotte ouverte. Its lightweight tulle and subtle transparency make you feel both free and attractive! \ud83c\udf39\" \/>\n<meta property=\"og:url\" content=\"https:\/\/madame-sensuelle.paris\/fr\/product\/aa-2019000050661-s-chair-1\/\" \/>\n<meta property=\"og:site_name\" content=\"Madame Sensuelle\" \/>\n<meta property=\"article:publisher\" content=\"https:\/\/www.facebook.com\/madamesensuelle\" \/>\n<meta property=\"article:modified_time\" content=\"2026-04-18T06:02:52+00:00\" \/>\n<meta property=\"og:image\" content=\"http:\/\/madame-sensuelle.paris\/wp-content\/uploads\/2024\/03\/image_-_2022-02-08T163956.141.jpg\" \/>\n\t<meta property=\"og:image:width\" content=\"1200\" \/>\n\t<meta property=\"og:image:height\" content=\"1700\" \/>\n\t<meta property=\"og:image:type\" content=\"image\/jpeg\" \/>\n<meta name=\"twitter:card\" content=\"summary_large_image\" \/>\n<meta name=\"twitter:label1\" content=\"Dur\u00e9e de lecture estim\u00e9e\" \/>\n\t<meta name=\"twitter:data1\" content=\"2 minutes\" \/>\n<script type=\"application\/ld+json\" class=\"yoast-schema-graph\">{\"@context\":\"https:\\\/\\\/schema.org\",\"@graph\":[{\"@type\":\"WebPage\",\"@id\":\"https:\\\/\\\/madame-sensuelle.paris\\\/fr\\\/product\\\/aa-2019000050661-s-chair-1\\\/\",\"url\":\"https:\\\/\\\/madame-sensuelle.paris\\\/fr\\\/product\\\/aa-2019000050661-s-chair-1\\\/\",\"name\":\"Culotte ouverte harnais Insoutenable L\u00e9g\u00e8ret\u00e9 \u2013 ATELIER AMOUR - Madame Sensuelle\",\"isPartOf\":{\"@id\":\"https:\\\/\\\/madame-sensuelle.paris\\\/fr\\\/#website\"},\"primaryImageOfPage\":{\"@id\":\"https:\\\/\\\/madame-sensuelle.paris\\\/fr\\\/product\\\/aa-2019000050661-s-chair-1\\\/#primaryimage\"},\"image\":{\"@id\":\"https:\\\/\\\/madame-sensuelle.paris\\\/fr\\\/product\\\/aa-2019000050661-s-chair-1\\\/#primaryimage\"},\"thumbnailUrl\":\"https:\\\/\\\/madame-sensuelle.paris\\\/wp-content\\\/uploads\\\/2024\\\/03\\\/image_-_2022-02-08T163956.141.jpg\",\"datePublished\":\"2024-03-10T12:42:18+00:00\",\"dateModified\":\"2026-04-18T06:02:52+00:00\",\"description\":\"Unveil your confidence with our stunning culotte ouverte. Its lightweight tulle and subtle transparency make you feel both free and attractive! \ud83c\udf39\",\"breadcrumb\":{\"@id\":\"https:\\\/\\\/madame-sensuelle.paris\\\/fr\\\/product\\\/aa-2019000050661-s-chair-1\\\/#breadcrumb\"},\"inLanguage\":\"fr-FR\",\"potentialAction\":[{\"@type\":\"ReadAction\",\"target\":[\"https:\\\/\\\/madame-sensuelle.paris\\\/fr\\\/product\\\/aa-2019000050661-s-chair-1\\\/\"]}]},{\"@type\":\"ImageObject\",\"inLanguage\":\"fr-FR\",\"@id\":\"https:\\\/\\\/madame-sensuelle.paris\\\/fr\\\/product\\\/aa-2019000050661-s-chair-1\\\/#primaryimage\",\"url\":\"https:\\\/\\\/madame-sensuelle.paris\\\/wp-content\\\/uploads\\\/2024\\\/03\\\/image_-_2022-02-08T163956.141.jpg\",\"contentUrl\":\"https:\\\/\\\/madame-sensuelle.paris\\\/wp-content\\\/uploads\\\/2024\\\/03\\\/image_-_2022-02-08T163956.141.jpg\",\"width\":1200,\"height\":1700},{\"@type\":\"BreadcrumbList\",\"@id\":\"https:\\\/\\\/madame-sensuelle.paris\\\/fr\\\/product\\\/aa-2019000050661-s-chair-1\\\/#breadcrumb\",\"itemListElement\":[{\"@type\":\"ListItem\",\"position\":1,\"name\":\"Acceuil\",\"item\":\"https:\\\/\\\/madame-sensuelle.paris\\\/fr\\\/\"},{\"@type\":\"ListItem\",\"position\":2,\"name\":\"Catalogue\",\"item\":\"https:\\\/\\\/madame-sensuelle.paris\\\/fr\\\/catalogue\\\/\"},{\"@type\":\"ListItem\",\"position\":3,\"name\":\"ATELIER AMOUR\",\"item\":\"https:\\\/\\\/madame-sensuelle.paris\\\/fr\\\/brand\\\/atelier-amour\\\/\"},{\"@type\":\"ListItem\",\"position\":4,\"name\":\"Culotte ouverte harnais Insoutenable L\u00e9g\u00e8ret\u00e9\"}]},{\"@type\":\"WebSite\",\"@id\":\"https:\\\/\\\/madame-sensuelle.paris\\\/fr\\\/#website\",\"url\":\"https:\\\/\\\/madame-sensuelle.paris\\\/fr\\\/\",\"name\":\"MADAME SENSUELLE\",\"description\":\"MADAME SENSUELLE: Found the biggest exciting brands of chic &amp; SEXY LINGERIE in Paris Boutique and on the WEB: Aubade, Dita Von Teese, Maison Close, Marjolaine, Bluebella, Atelier Amour, Luxxa, Catanzaro, Gracija Rim. You will found the big pleasure of sexy belt or bra make for you\",\"publisher\":{\"@id\":\"https:\\\/\\\/madame-sensuelle.paris\\\/fr\\\/#organization\"},\"potentialAction\":[{\"@type\":\"SearchAction\",\"target\":{\"@type\":\"EntryPoint\",\"urlTemplate\":\"https:\\\/\\\/madame-sensuelle.paris\\\/fr\\\/?s={search_term_string}\"},\"query-input\":{\"@type\":\"PropertyValueSpecification\",\"valueRequired\":true,\"valueName\":\"search_term_string\"}}],\"inLanguage\":\"fr-FR\"},{\"@type\":\"Organization\",\"@id\":\"https:\\\/\\\/madame-sensuelle.paris\\\/fr\\\/#organization\",\"name\":\"Madame Sensuelle\",\"url\":\"https:\\\/\\\/madame-sensuelle.paris\\\/fr\\\/\",\"logo\":{\"@type\":\"ImageObject\",\"inLanguage\":\"fr-FR\",\"@id\":\"https:\\\/\\\/madame-sensuelle.paris\\\/fr\\\/#\\\/schema\\\/logo\\\/image\\\/\",\"url\":\"https:\\\/\\\/madame-sensuelle.paris\\\/wp-content\\\/uploads\\\/2024\\\/12\\\/logo_a-1-1_696.webp\",\"contentUrl\":\"https:\\\/\\\/madame-sensuelle.paris\\\/wp-content\\\/uploads\\\/2024\\\/12\\\/logo_a-1-1_696.webp\",\"width\":696,\"height\":696,\"caption\":\"Madame Sensuelle\"},\"image\":{\"@id\":\"https:\\\/\\\/madame-sensuelle.paris\\\/fr\\\/#\\\/schema\\\/logo\\\/image\\\/\"},\"sameAs\":[\"https:\\\/\\\/www.facebook.com\\\/madamesensuelle\",\"https:\\\/\\\/www.instagram.com\\\/madame_sensuelle\\\/\"]}]}<\/script>\n<!-- \/ Yoast SEO plugin. -->","yoast_head_json":{"title":"Culotte ouverte harnais Insoutenable L\u00e9g\u00e8ret\u00e9 \u2013 ATELIER AMOUR - Madame Sensuelle","description":"Unveil your confidence with our stunning culotte ouverte. Its lightweight tulle and subtle transparency make you feel both free and attractive! \ud83c\udf39","robots":{"index":"index","follow":"follow","max-snippet":"max-snippet:-1","max-image-preview":"max-image-preview:large","max-video-preview":"max-video-preview:-1"},"canonical":"https:\/\/madame-sensuelle.paris\/fr\/product\/aa-2019000050661-s-chair-1\/","og_locale":"fr_FR","og_type":"article","og_title":"Culotte ouverte harnais Insoutenable L\u00e9g\u00e8ret\u00e9 \u2013 ATELIER AMOUR - Madame Sensuelle","og_description":"Unveil your confidence with our stunning culotte ouverte. Its lightweight tulle and subtle transparency make you feel both free and attractive! \ud83c\udf39","og_url":"https:\/\/madame-sensuelle.paris\/fr\/product\/aa-2019000050661-s-chair-1\/","og_site_name":"Madame Sensuelle","article_publisher":"https:\/\/www.facebook.com\/madamesensuelle","article_modified_time":"2026-04-18T06:02:52+00:00","og_image":[{"width":1200,"height":1700,"url":"http:\/\/madame-sensuelle.paris\/wp-content\/uploads\/2024\/03\/image_-_2022-02-08T163956.141.jpg","type":"image\/jpeg"}],"twitter_card":"summary_large_image","twitter_misc":{"Dur\u00e9e de lecture estim\u00e9e":"2 minutes"},"schema":{"@context":"https:\/\/schema.org","@graph":[{"@type":"WebPage","@id":"https:\/\/madame-sensuelle.paris\/fr\/product\/aa-2019000050661-s-chair-1\/","url":"https:\/\/madame-sensuelle.paris\/fr\/product\/aa-2019000050661-s-chair-1\/","name":"Culotte ouverte harnais Insoutenable L\u00e9g\u00e8ret\u00e9 \u2013 ATELIER AMOUR - Madame Sensuelle","isPartOf":{"@id":"https:\/\/madame-sensuelle.paris\/fr\/#website"},"primaryImageOfPage":{"@id":"https:\/\/madame-sensuelle.paris\/fr\/product\/aa-2019000050661-s-chair-1\/#primaryimage"},"image":{"@id":"https:\/\/madame-sensuelle.paris\/fr\/product\/aa-2019000050661-s-chair-1\/#primaryimage"},"thumbnailUrl":"https:\/\/madame-sensuelle.paris\/wp-content\/uploads\/2024\/03\/image_-_2022-02-08T163956.141.jpg","datePublished":"2024-03-10T12:42:18+00:00","dateModified":"2026-04-18T06:02:52+00:00","description":"Unveil your confidence with our stunning culotte ouverte. Its lightweight tulle and subtle transparency make you feel both free and attractive! \ud83c\udf39","breadcrumb":{"@id":"https:\/\/madame-sensuelle.paris\/fr\/product\/aa-2019000050661-s-chair-1\/#breadcrumb"},"inLanguage":"fr-FR","potentialAction":[{"@type":"ReadAction","target":["https:\/\/madame-sensuelle.paris\/fr\/product\/aa-2019000050661-s-chair-1\/"]}]},{"@type":"ImageObject","inLanguage":"fr-FR","@id":"https:\/\/madame-sensuelle.paris\/fr\/product\/aa-2019000050661-s-chair-1\/#primaryimage","url":"https:\/\/madame-sensuelle.paris\/wp-content\/uploads\/2024\/03\/image_-_2022-02-08T163956.141.jpg","contentUrl":"https:\/\/madame-sensuelle.paris\/wp-content\/uploads\/2024\/03\/image_-_2022-02-08T163956.141.jpg","width":1200,"height":1700},{"@type":"BreadcrumbList","@id":"https:\/\/madame-sensuelle.paris\/fr\/product\/aa-2019000050661-s-chair-1\/#breadcrumb","itemListElement":[{"@type":"ListItem","position":1,"name":"Acceuil","item":"https:\/\/madame-sensuelle.paris\/fr\/"},{"@type":"ListItem","position":2,"name":"Catalogue","item":"https:\/\/madame-sensuelle.paris\/fr\/catalogue\/"},{"@type":"ListItem","position":3,"name":"ATELIER AMOUR","item":"https:\/\/madame-sensuelle.paris\/fr\/brand\/atelier-amour\/"},{"@type":"ListItem","position":4,"name":"Culotte ouverte harnais Insoutenable L\u00e9g\u00e8ret\u00e9"}]},{"@type":"WebSite","@id":"https:\/\/madame-sensuelle.paris\/fr\/#website","url":"https:\/\/madame-sensuelle.paris\/fr\/","name":"MADAME SENSUELLE","description":"MADAME SENSUELLE: Found the biggest exciting brands of chic &amp; SEXY LINGERIE in Paris Boutique and on the WEB: Aubade, Dita Von Teese, Maison Close, Marjolaine, Bluebella, Atelier Amour, Luxxa, Catanzaro, Gracija Rim. You will found the big pleasure of sexy belt or bra make for you","publisher":{"@id":"https:\/\/madame-sensuelle.paris\/fr\/#organization"},"potentialAction":[{"@type":"SearchAction","target":{"@type":"EntryPoint","urlTemplate":"https:\/\/madame-sensuelle.paris\/fr\/?s={search_term_string}"},"query-input":{"@type":"PropertyValueSpecification","valueRequired":true,"valueName":"search_term_string"}}],"inLanguage":"fr-FR"},{"@type":"Organization","@id":"https:\/\/madame-sensuelle.paris\/fr\/#organization","name":"Madame Sensuelle","url":"https:\/\/madame-sensuelle.paris\/fr\/","logo":{"@type":"ImageObject","inLanguage":"fr-FR","@id":"https:\/\/madame-sensuelle.paris\/fr\/#\/schema\/logo\/image\/","url":"https:\/\/madame-sensuelle.paris\/wp-content\/uploads\/2024\/12\/logo_a-1-1_696.webp","contentUrl":"https:\/\/madame-sensuelle.paris\/wp-content\/uploads\/2024\/12\/logo_a-1-1_696.webp","width":696,"height":696,"caption":"Madame Sensuelle"},"image":{"@id":"https:\/\/madame-sensuelle.paris\/fr\/#\/schema\/logo\/image\/"},"sameAs":["https:\/\/www.facebook.com\/madamesensuelle","https:\/\/www.instagram.com\/madame_sensuelle\/"]}]}},"brands":[{"id":2785,"name":"ATELIER AMOUR","slug":"atelier-amour"}],"_links":{"self":[{"href":"https:\/\/madame-sensuelle.paris\/fr\/wp-json\/wp\/v2\/product\/66019","targetHints":{"allow":["GET"]}}],"collection":[{"href":"https:\/\/madame-sensuelle.paris\/fr\/wp-json\/wp\/v2\/product"}],"about":[{"href":"https:\/\/madame-sensuelle.paris\/fr\/wp-json\/wp\/v2\/types\/product"}],"version-history":[{"count":1,"href":"https:\/\/madame-sensuelle.paris\/fr\/wp-json\/wp\/v2\/product\/66019\/revisions"}],"predecessor-version":[{"id":121520,"href":"https:\/\/madame-sensuelle.paris\/fr\/wp-json\/wp\/v2\/product\/66019\/revisions\/121520"}],"wp:featuredmedia":[{"embeddable":true,"href":"https:\/\/madame-sensuelle.paris\/fr\/wp-json\/wp\/v2\/media\/114704"}],"wp:attachment":[{"href":"https:\/\/madame-sensuelle.paris\/fr\/wp-json\/wp\/v2\/media?parent=66019"}],"wp:term":[{"taxonomy":"pwb-brand","embeddable":true,"href":"https:\/\/madame-sensuelle.paris\/fr\/wp-json\/wp\/v2\/pwb-brand?post=66019"},{"taxonomy":"product_brand","embeddable":true,"href":"https:\/\/madame-sensuelle.paris\/fr\/wp-json\/wp\/v2\/product_brand?post=66019"},{"taxonomy":"product_cat","embeddable":true,"href":"https:\/\/madame-sensuelle.paris\/fr\/wp-json\/wp\/v2\/product_cat?post=66019"},{"taxonomy":"product_tag","embeddable":true,"href":"https:\/\/madame-sensuelle.paris\/fr\/wp-json\/wp\/v2\/product_tag?post=66019"},{"taxonomy":"giftcard-category","embeddable":true,"href":"https:\/\/madame-sensuelle.paris\/fr\/wp-json\/wp\/v2\/giftcard-category?post=66019"}],"curies":[{"name":"wp","href":"https:\/\/api.w.org\/{rel}","templated":true}]}}