{"id":66101,"date":"2024-03-10T12:42:29","date_gmt":"2024-03-10T12:42:29","guid":{"rendered":"https:\/\/madame-sensuelle.eu\/?post_type=product&#038;p=66101"},"modified":"2026-04-03T03:10:31","modified_gmt":"2026-04-03T03:10:31","slug":"c-b-8435357305188","status":"publish","type":"product","link":"https:\/\/madame-sensuelle.paris\/fr\/product\/c-b-8435357305188\/","title":{"rendered":"G-string ouvert en dentelle avec perles Kyoto &#8211; noir"},"content":{"rendered":"<p>Une pi\u00e8ce de dentelle noire envo\u00fbtante, ouverte avec audace et rehauss\u00e9e d\u2019un d\u00e9tail perl\u00e9 qui fr\u00f4le l\u2019interdit. La d\u00e9licatesse des perles contraste avec l\u2019\u00e9rotisme assum\u00e9 de la coupe, pour une lingerie qui ne se contente pas de sugg\u00e9rer \u2014 elle attise le d\u00e9sir. Kyoto, c\u2019est l\u2019art du myst\u00e8re effleur\u00e9, une cr\u00e9ation pr\u00e9cieuse o\u00f9 chaque d\u00e9tail murmure le luxe et la tentation<\/p>\n","protected":false},"excerpt":{"rendered":"<p>Une pi\u00e8ce de dentelle noire envo\u00fbtante, ouverte avec audace et rehauss\u00e9e d\u2019un d\u00e9tail perl\u00e9 qui fr\u00f4le l\u2019interdit. La d\u00e9licatesse des perles contraste avec l\u2019\u00e9rotisme assum\u00e9 de la coupe, pour une lingerie qui ne se contente pas de sugg\u00e9rer \u2014 elle attise le d\u00e9sir. Kyoto, c\u2019est l\u2019art du myst\u00e8re effleur\u00e9, une cr\u00e9ation pr\u00e9cieuse o\u00f9 chaque d\u00e9tail<\/p>\n","protected":false},"featured_media":83785,"template":"","meta":[],"pwb-brand":[2786],"product_brand":[],"product_cat":[1234,1270,1245],"product_tag":[],"giftcard-category":[],"class_list":{"0":"post-66101","1":"product","2":"type-product","3":"status-publish","4":"has-post-thumbnail","6":"pwb-brand-bracli","7":"product_cat-string-ouvert","8":"product_cat-culottes-sexy","9":"product_cat-lingerie-sexy-femme-erotique-et-glamour","10":"pa_collection-kyoto-fr","12":"first","13":"instock","14":"taxable","15":"shipping-taxable","16":"purchasable","17":"product-type-variable"},"yoast_head":"<!-- This site is optimized with the Yoast SEO plugin v27.4 - https:\/\/yoast.com\/product\/yoast-seo-wordpress\/ -->\n<title>G-string ouvert en dentelle avec perles Kyoto - noir \u2013 BRACLI - Madame Sensuelle<\/title>\n<meta name=\"description\" content=\"Une pi\u00e8ce de dentelle noire envo\u00fbtante, ouverte avec audace et rehauss\u00e9e d\u2019un d\u00e9tail perl\u00e9 qui fr\u00f4le l\u2019interdit. La d\u00e9licatesse des perles contraste avec l\u2019\u00e9rotisme assum\u00e9 de la coupe, pour une lingerie qui ne se contente pas de sugg\u00e9rer \u2014 elle attise le d\u00e9sir. Kyoto, c\u2019est l\u2019art du myst\u00e8re effleur\u00e9, une cr\u00e9ation pr\u00e9cieuse o\u00f9 chaque d\u00e9tail murmure le luxe et la tentation\" \/>\n<meta name=\"robots\" content=\"index, follow, max-snippet:-1, max-image-preview:large, max-video-preview:-1\" \/>\n<link rel=\"canonical\" href=\"https:\/\/madame-sensuelle.paris\/fr\/product\/c-b-8435357305188\/\" \/>\n<meta property=\"og:locale\" content=\"fr_FR\" \/>\n<meta property=\"og:type\" content=\"article\" \/>\n<meta property=\"og:title\" content=\"G-string ouvert en dentelle avec perles Kyoto - noir \u2013 BRACLI - Madame Sensuelle\" \/>\n<meta property=\"og:description\" content=\"Une pi\u00e8ce de dentelle noire envo\u00fbtante, ouverte avec audace et rehauss\u00e9e d\u2019un d\u00e9tail perl\u00e9 qui fr\u00f4le l\u2019interdit. La d\u00e9licatesse des perles contraste avec l\u2019\u00e9rotisme assum\u00e9 de la coupe, pour une lingerie qui ne se contente pas de sugg\u00e9rer \u2014 elle attise le d\u00e9sir. Kyoto, c\u2019est l\u2019art du myst\u00e8re effleur\u00e9, une cr\u00e9ation pr\u00e9cieuse o\u00f9 chaque d\u00e9tail murmure le luxe et la tentation\" \/>\n<meta property=\"og:url\" content=\"https:\/\/madame-sensuelle.paris\/fr\/product\/c-b-8435357305188\/\" \/>\n<meta property=\"og:site_name\" content=\"Madame Sensuelle\" \/>\n<meta property=\"article:publisher\" content=\"https:\/\/www.facebook.com\/madamesensuelle\" \/>\n<meta property=\"article:modified_time\" content=\"2026-04-03T03:10:31+00:00\" \/>\n<meta property=\"og:image\" content=\"http:\/\/madame-sensuelle.paris\/wp-content\/uploads\/2024\/03\/kyoto-g-string-2_600x.jpg\" \/>\n\t<meta property=\"og:image:width\" content=\"600\" \/>\n\t<meta property=\"og:image:height\" content=\"900\" \/>\n\t<meta property=\"og:image:type\" content=\"image\/jpeg\" \/>\n<meta name=\"twitter:card\" content=\"summary_large_image\" \/>\n<meta name=\"twitter:label1\" content=\"Dur\u00e9e de lecture estim\u00e9e\" \/>\n\t<meta name=\"twitter:data1\" content=\"2 minutes\" \/>\n<script type=\"application\/ld+json\" class=\"yoast-schema-graph\">{\"@context\":\"https:\\\/\\\/schema.org\",\"@graph\":[{\"@type\":\"WebPage\",\"@id\":\"https:\\\/\\\/madame-sensuelle.paris\\\/fr\\\/product\\\/c-b-8435357305188\\\/\",\"url\":\"https:\\\/\\\/madame-sensuelle.paris\\\/fr\\\/product\\\/c-b-8435357305188\\\/\",\"name\":\"G-string ouvert en dentelle avec perles Kyoto - noir \u2013 BRACLI - Madame Sensuelle\",\"isPartOf\":{\"@id\":\"https:\\\/\\\/madame-sensuelle.paris\\\/fr\\\/#website\"},\"primaryImageOfPage\":{\"@id\":\"https:\\\/\\\/madame-sensuelle.paris\\\/fr\\\/product\\\/c-b-8435357305188\\\/#primaryimage\"},\"image\":{\"@id\":\"https:\\\/\\\/madame-sensuelle.paris\\\/fr\\\/product\\\/c-b-8435357305188\\\/#primaryimage\"},\"thumbnailUrl\":\"https:\\\/\\\/madame-sensuelle.paris\\\/wp-content\\\/uploads\\\/2024\\\/03\\\/kyoto-g-string-2_600x.jpg\",\"datePublished\":\"2024-03-10T12:42:29+00:00\",\"dateModified\":\"2026-04-03T03:10:31+00:00\",\"description\":\"Une pi\u00e8ce de dentelle noire envo\u00fbtante, ouverte avec audace et rehauss\u00e9e d\u2019un d\u00e9tail perl\u00e9 qui fr\u00f4le l\u2019interdit. La d\u00e9licatesse des perles contraste avec l\u2019\u00e9rotisme assum\u00e9 de la coupe, pour une lingerie qui ne se contente pas de sugg\u00e9rer \u2014 elle attise le d\u00e9sir. Kyoto, c\u2019est l\u2019art du myst\u00e8re effleur\u00e9, une cr\u00e9ation pr\u00e9cieuse o\u00f9 chaque d\u00e9tail murmure le luxe et la tentation\",\"breadcrumb\":{\"@id\":\"https:\\\/\\\/madame-sensuelle.paris\\\/fr\\\/product\\\/c-b-8435357305188\\\/#breadcrumb\"},\"inLanguage\":\"fr-FR\",\"potentialAction\":[{\"@type\":\"ReadAction\",\"target\":[\"https:\\\/\\\/madame-sensuelle.paris\\\/fr\\\/product\\\/c-b-8435357305188\\\/\"]}]},{\"@type\":\"ImageObject\",\"inLanguage\":\"fr-FR\",\"@id\":\"https:\\\/\\\/madame-sensuelle.paris\\\/fr\\\/product\\\/c-b-8435357305188\\\/#primaryimage\",\"url\":\"https:\\\/\\\/madame-sensuelle.paris\\\/wp-content\\\/uploads\\\/2024\\\/03\\\/kyoto-g-string-2_600x.jpg\",\"contentUrl\":\"https:\\\/\\\/madame-sensuelle.paris\\\/wp-content\\\/uploads\\\/2024\\\/03\\\/kyoto-g-string-2_600x.jpg\",\"width\":600,\"height\":900},{\"@type\":\"BreadcrumbList\",\"@id\":\"https:\\\/\\\/madame-sensuelle.paris\\\/fr\\\/product\\\/c-b-8435357305188\\\/#breadcrumb\",\"itemListElement\":[{\"@type\":\"ListItem\",\"position\":1,\"name\":\"Acceuil\",\"item\":\"https:\\\/\\\/madame-sensuelle.paris\\\/fr\\\/\"},{\"@type\":\"ListItem\",\"position\":2,\"name\":\"Catalogue\",\"item\":\"https:\\\/\\\/madame-sensuelle.paris\\\/fr\\\/catalogue\\\/\"},{\"@type\":\"ListItem\",\"position\":3,\"name\":\"BRACLI\",\"item\":\"https:\\\/\\\/madame-sensuelle.paris\\\/fr\\\/brand\\\/bracli\\\/\"},{\"@type\":\"ListItem\",\"position\":4,\"name\":\"G-string ouvert en dentelle avec perles Kyoto &#8211; noir\"}]},{\"@type\":\"WebSite\",\"@id\":\"https:\\\/\\\/madame-sensuelle.paris\\\/fr\\\/#website\",\"url\":\"https:\\\/\\\/madame-sensuelle.paris\\\/fr\\\/\",\"name\":\"MADAME SENSUELLE\",\"description\":\"MADAME SENSUELLE: Found the biggest exciting brands of chic &amp; SEXY LINGERIE in Paris Boutique and on the WEB: Aubade, Dita Von Teese, Maison Close, Marjolaine, Bluebella, Atelier Amour, Luxxa, Catanzaro, Gracija Rim. You will found the big pleasure of sexy belt or bra make for you\",\"publisher\":{\"@id\":\"https:\\\/\\\/madame-sensuelle.paris\\\/fr\\\/#organization\"},\"potentialAction\":[{\"@type\":\"SearchAction\",\"target\":{\"@type\":\"EntryPoint\",\"urlTemplate\":\"https:\\\/\\\/madame-sensuelle.paris\\\/fr\\\/?s={search_term_string}\"},\"query-input\":{\"@type\":\"PropertyValueSpecification\",\"valueRequired\":true,\"valueName\":\"search_term_string\"}}],\"inLanguage\":\"fr-FR\"},{\"@type\":\"Organization\",\"@id\":\"https:\\\/\\\/madame-sensuelle.paris\\\/fr\\\/#organization\",\"name\":\"Madame Sensuelle\",\"url\":\"https:\\\/\\\/madame-sensuelle.paris\\\/fr\\\/\",\"logo\":{\"@type\":\"ImageObject\",\"inLanguage\":\"fr-FR\",\"@id\":\"https:\\\/\\\/madame-sensuelle.paris\\\/fr\\\/#\\\/schema\\\/logo\\\/image\\\/\",\"url\":\"https:\\\/\\\/madame-sensuelle.paris\\\/wp-content\\\/uploads\\\/2024\\\/12\\\/logo_a-1-1_696.webp\",\"contentUrl\":\"https:\\\/\\\/madame-sensuelle.paris\\\/wp-content\\\/uploads\\\/2024\\\/12\\\/logo_a-1-1_696.webp\",\"width\":696,\"height\":696,\"caption\":\"Madame Sensuelle\"},\"image\":{\"@id\":\"https:\\\/\\\/madame-sensuelle.paris\\\/fr\\\/#\\\/schema\\\/logo\\\/image\\\/\"},\"sameAs\":[\"https:\\\/\\\/www.facebook.com\\\/madamesensuelle\",\"https:\\\/\\\/www.instagram.com\\\/madame_sensuelle\\\/\"]}]}<\/script>\n<!-- \/ Yoast SEO plugin. -->","yoast_head_json":{"title":"G-string ouvert en dentelle avec perles Kyoto - noir \u2013 BRACLI - Madame Sensuelle","description":"Une pi\u00e8ce de dentelle noire envo\u00fbtante, ouverte avec audace et rehauss\u00e9e d\u2019un d\u00e9tail perl\u00e9 qui fr\u00f4le l\u2019interdit. La d\u00e9licatesse des perles contraste avec l\u2019\u00e9rotisme assum\u00e9 de la coupe, pour une lingerie qui ne se contente pas de sugg\u00e9rer \u2014 elle attise le d\u00e9sir. Kyoto, c\u2019est l\u2019art du myst\u00e8re effleur\u00e9, une cr\u00e9ation pr\u00e9cieuse o\u00f9 chaque d\u00e9tail murmure le luxe et la tentation","robots":{"index":"index","follow":"follow","max-snippet":"max-snippet:-1","max-image-preview":"max-image-preview:large","max-video-preview":"max-video-preview:-1"},"canonical":"https:\/\/madame-sensuelle.paris\/fr\/product\/c-b-8435357305188\/","og_locale":"fr_FR","og_type":"article","og_title":"G-string ouvert en dentelle avec perles Kyoto - noir \u2013 BRACLI - Madame Sensuelle","og_description":"Une pi\u00e8ce de dentelle noire envo\u00fbtante, ouverte avec audace et rehauss\u00e9e d\u2019un d\u00e9tail perl\u00e9 qui fr\u00f4le l\u2019interdit. La d\u00e9licatesse des perles contraste avec l\u2019\u00e9rotisme assum\u00e9 de la coupe, pour une lingerie qui ne se contente pas de sugg\u00e9rer \u2014 elle attise le d\u00e9sir. Kyoto, c\u2019est l\u2019art du myst\u00e8re effleur\u00e9, une cr\u00e9ation pr\u00e9cieuse o\u00f9 chaque d\u00e9tail murmure le luxe et la tentation","og_url":"https:\/\/madame-sensuelle.paris\/fr\/product\/c-b-8435357305188\/","og_site_name":"Madame Sensuelle","article_publisher":"https:\/\/www.facebook.com\/madamesensuelle","article_modified_time":"2026-04-03T03:10:31+00:00","og_image":[{"width":600,"height":900,"url":"http:\/\/madame-sensuelle.paris\/wp-content\/uploads\/2024\/03\/kyoto-g-string-2_600x.jpg","type":"image\/jpeg"}],"twitter_card":"summary_large_image","twitter_misc":{"Dur\u00e9e de lecture estim\u00e9e":"2 minutes"},"schema":{"@context":"https:\/\/schema.org","@graph":[{"@type":"WebPage","@id":"https:\/\/madame-sensuelle.paris\/fr\/product\/c-b-8435357305188\/","url":"https:\/\/madame-sensuelle.paris\/fr\/product\/c-b-8435357305188\/","name":"G-string ouvert en dentelle avec perles Kyoto - noir \u2013 BRACLI - Madame Sensuelle","isPartOf":{"@id":"https:\/\/madame-sensuelle.paris\/fr\/#website"},"primaryImageOfPage":{"@id":"https:\/\/madame-sensuelle.paris\/fr\/product\/c-b-8435357305188\/#primaryimage"},"image":{"@id":"https:\/\/madame-sensuelle.paris\/fr\/product\/c-b-8435357305188\/#primaryimage"},"thumbnailUrl":"https:\/\/madame-sensuelle.paris\/wp-content\/uploads\/2024\/03\/kyoto-g-string-2_600x.jpg","datePublished":"2024-03-10T12:42:29+00:00","dateModified":"2026-04-03T03:10:31+00:00","description":"Une pi\u00e8ce de dentelle noire envo\u00fbtante, ouverte avec audace et rehauss\u00e9e d\u2019un d\u00e9tail perl\u00e9 qui fr\u00f4le l\u2019interdit. La d\u00e9licatesse des perles contraste avec l\u2019\u00e9rotisme assum\u00e9 de la coupe, pour une lingerie qui ne se contente pas de sugg\u00e9rer \u2014 elle attise le d\u00e9sir. Kyoto, c\u2019est l\u2019art du myst\u00e8re effleur\u00e9, une cr\u00e9ation pr\u00e9cieuse o\u00f9 chaque d\u00e9tail murmure le luxe et la tentation","breadcrumb":{"@id":"https:\/\/madame-sensuelle.paris\/fr\/product\/c-b-8435357305188\/#breadcrumb"},"inLanguage":"fr-FR","potentialAction":[{"@type":"ReadAction","target":["https:\/\/madame-sensuelle.paris\/fr\/product\/c-b-8435357305188\/"]}]},{"@type":"ImageObject","inLanguage":"fr-FR","@id":"https:\/\/madame-sensuelle.paris\/fr\/product\/c-b-8435357305188\/#primaryimage","url":"https:\/\/madame-sensuelle.paris\/wp-content\/uploads\/2024\/03\/kyoto-g-string-2_600x.jpg","contentUrl":"https:\/\/madame-sensuelle.paris\/wp-content\/uploads\/2024\/03\/kyoto-g-string-2_600x.jpg","width":600,"height":900},{"@type":"BreadcrumbList","@id":"https:\/\/madame-sensuelle.paris\/fr\/product\/c-b-8435357305188\/#breadcrumb","itemListElement":[{"@type":"ListItem","position":1,"name":"Acceuil","item":"https:\/\/madame-sensuelle.paris\/fr\/"},{"@type":"ListItem","position":2,"name":"Catalogue","item":"https:\/\/madame-sensuelle.paris\/fr\/catalogue\/"},{"@type":"ListItem","position":3,"name":"BRACLI","item":"https:\/\/madame-sensuelle.paris\/fr\/brand\/bracli\/"},{"@type":"ListItem","position":4,"name":"G-string ouvert en dentelle avec perles Kyoto &#8211; noir"}]},{"@type":"WebSite","@id":"https:\/\/madame-sensuelle.paris\/fr\/#website","url":"https:\/\/madame-sensuelle.paris\/fr\/","name":"MADAME SENSUELLE","description":"MADAME SENSUELLE: Found the biggest exciting brands of chic &amp; SEXY LINGERIE in Paris Boutique and on the WEB: Aubade, Dita Von Teese, Maison Close, Marjolaine, Bluebella, Atelier Amour, Luxxa, Catanzaro, Gracija Rim. You will found the big pleasure of sexy belt or bra make for you","publisher":{"@id":"https:\/\/madame-sensuelle.paris\/fr\/#organization"},"potentialAction":[{"@type":"SearchAction","target":{"@type":"EntryPoint","urlTemplate":"https:\/\/madame-sensuelle.paris\/fr\/?s={search_term_string}"},"query-input":{"@type":"PropertyValueSpecification","valueRequired":true,"valueName":"search_term_string"}}],"inLanguage":"fr-FR"},{"@type":"Organization","@id":"https:\/\/madame-sensuelle.paris\/fr\/#organization","name":"Madame Sensuelle","url":"https:\/\/madame-sensuelle.paris\/fr\/","logo":{"@type":"ImageObject","inLanguage":"fr-FR","@id":"https:\/\/madame-sensuelle.paris\/fr\/#\/schema\/logo\/image\/","url":"https:\/\/madame-sensuelle.paris\/wp-content\/uploads\/2024\/12\/logo_a-1-1_696.webp","contentUrl":"https:\/\/madame-sensuelle.paris\/wp-content\/uploads\/2024\/12\/logo_a-1-1_696.webp","width":696,"height":696,"caption":"Madame Sensuelle"},"image":{"@id":"https:\/\/madame-sensuelle.paris\/fr\/#\/schema\/logo\/image\/"},"sameAs":["https:\/\/www.facebook.com\/madamesensuelle","https:\/\/www.instagram.com\/madame_sensuelle\/"]}]}},"brands":[{"id":2786,"name":"BRACLI","slug":"bracli"}],"_links":{"self":[{"href":"https:\/\/madame-sensuelle.paris\/fr\/wp-json\/wp\/v2\/product\/66101","targetHints":{"allow":["GET"]}}],"collection":[{"href":"https:\/\/madame-sensuelle.paris\/fr\/wp-json\/wp\/v2\/product"}],"about":[{"href":"https:\/\/madame-sensuelle.paris\/fr\/wp-json\/wp\/v2\/types\/product"}],"version-history":[{"count":1,"href":"https:\/\/madame-sensuelle.paris\/fr\/wp-json\/wp\/v2\/product\/66101\/revisions"}],"predecessor-version":[{"id":118320,"href":"https:\/\/madame-sensuelle.paris\/fr\/wp-json\/wp\/v2\/product\/66101\/revisions\/118320"}],"wp:featuredmedia":[{"embeddable":true,"href":"https:\/\/madame-sensuelle.paris\/fr\/wp-json\/wp\/v2\/media\/83785"}],"wp:attachment":[{"href":"https:\/\/madame-sensuelle.paris\/fr\/wp-json\/wp\/v2\/media?parent=66101"}],"wp:term":[{"taxonomy":"pwb-brand","embeddable":true,"href":"https:\/\/madame-sensuelle.paris\/fr\/wp-json\/wp\/v2\/pwb-brand?post=66101"},{"taxonomy":"product_brand","embeddable":true,"href":"https:\/\/madame-sensuelle.paris\/fr\/wp-json\/wp\/v2\/product_brand?post=66101"},{"taxonomy":"product_cat","embeddable":true,"href":"https:\/\/madame-sensuelle.paris\/fr\/wp-json\/wp\/v2\/product_cat?post=66101"},{"taxonomy":"product_tag","embeddable":true,"href":"https:\/\/madame-sensuelle.paris\/fr\/wp-json\/wp\/v2\/product_tag?post=66101"},{"taxonomy":"giftcard-category","embeddable":true,"href":"https:\/\/madame-sensuelle.paris\/fr\/wp-json\/wp\/v2\/giftcard-category?post=66101"}],"curies":[{"name":"wp","href":"https:\/\/api.w.org\/{rel}","templated":true}]}}