{"id":66147,"date":"2024-03-10T12:42:44","date_gmt":"2024-03-10T12:42:44","guid":{"rendered":"https:\/\/madame-sensuelle.eu\/?post_type=product&#038;p=66147"},"modified":"2026-04-03T05:46:36","modified_gmt":"2026-04-03T05:46:36","slug":"sexy-tulle-and-lace-dress","status":"publish","type":"product","link":"https:\/\/madame-sensuelle.paris\/fr\/product\/sexy-tulle-and-lace-dress\/","title":{"rendered":"Robe &#8211; Inspiration Divine"},"content":{"rendered":"<p>La robe sexy parfaite pour la femme fatale que vous \u00eates. Toute en transparence, cette robe d\u2019int\u00e9rieur sexy se porte aussi bien sur peau nue que sur un ensemble de lingerie fine issu de la m\u00eame collection en tulle et dentelle. Une robe en dentelle \u00e0 longues manches, qui d\u00e9voile votre poitrine et sublime le galbe de vos hanches avec ses empi\u00e8cements orn\u00e9s de fleurs. Une robe \u00e0 porter dans l\u2019intimit\u00e9 ou pour vos soir\u00e9es tr\u00e8s tr\u00e8s priv\u00e9es.<\/p>\n","protected":false},"excerpt":{"rendered":"<p>La robe sexy parfaite pour la femme fatale que vous \u00eates. Toute en transparence, cette robe d\u2019int\u00e9rieur sexy se porte aussi bien sur peau nue que sur un ensemble de lingerie fine issu de la m\u00eame collection en tulle et dentelle. Une robe en dentelle \u00e0 longues manches, qui d\u00e9voile votre poitrine et sublime le<\/p>\n","protected":false},"featured_media":109415,"template":"","meta":[],"pwb-brand":[2776],"product_brand":[],"product_cat":[1239,1235],"product_tag":[],"giftcard-category":[],"class_list":{"0":"post-66147","1":"product","2":"type-product","3":"status-publish","4":"has-post-thumbnail","6":"pwb-brand-maison-close","7":"product_cat-longewear","8":"product_cat-robes-sexy","9":"pa_collection-inspiration-divine-fr","11":"first","12":"instock","13":"taxable","14":"shipping-taxable","15":"purchasable","16":"product-type-variable","17":"has-default-attributes"},"yoast_head":"<!-- This site is optimized with the Yoast SEO plugin v27.3 - https:\/\/yoast.com\/product\/yoast-seo-wordpress\/ -->\n<title>Robe - Inspiration Divine \u2013 MAISON CLOSE - Madame Sensuelle<\/title>\n<meta name=\"description\" content=\"La robe sexy parfaite pour la femme fatale que vous \u00eates. Toute en transparence, cette robe d\u2019int\u00e9rieur sexy se porte aussi bien sur peau nue que sur un ensemble de lingerie fine issu de la m\u00eame collection en tulle et dentelle. Une robe en dentelle \u00e0 longues manches, qui d\u00e9voile votre poitrine et sublime le galbe de vos hanches avec ses empi\u00e8cements orn\u00e9s de fleurs. Une robe \u00e0 porter dans l\u2019intimit\u00e9 ou pour vos soir\u00e9es tr\u00e8s tr\u00e8s priv\u00e9es.\" \/>\n<meta name=\"robots\" content=\"index, follow, max-snippet:-1, max-image-preview:large, max-video-preview:-1\" \/>\n<link rel=\"canonical\" href=\"https:\/\/madame-sensuelle.paris\/fr\/product\/sexy-tulle-and-lace-dress\/\" \/>\n<meta property=\"og:locale\" content=\"fr_FR\" \/>\n<meta property=\"og:type\" content=\"article\" \/>\n<meta property=\"og:title\" content=\"Robe - Inspiration Divine \u2013 MAISON CLOSE - Madame Sensuelle\" \/>\n<meta property=\"og:description\" content=\"La robe sexy parfaite pour la femme fatale que vous \u00eates. Toute en transparence, cette robe d\u2019int\u00e9rieur sexy se porte aussi bien sur peau nue que sur un ensemble de lingerie fine issu de la m\u00eame collection en tulle et dentelle. Une robe en dentelle \u00e0 longues manches, qui d\u00e9voile votre poitrine et sublime le galbe de vos hanches avec ses empi\u00e8cements orn\u00e9s de fleurs. Une robe \u00e0 porter dans l\u2019intimit\u00e9 ou pour vos soir\u00e9es tr\u00e8s tr\u00e8s priv\u00e9es.\" \/>\n<meta property=\"og:url\" content=\"https:\/\/madame-sensuelle.paris\/fr\/product\/sexy-tulle-and-lace-dress\/\" \/>\n<meta property=\"og:site_name\" content=\"Madame Sensuelle\" \/>\n<meta property=\"article:publisher\" content=\"https:\/\/www.facebook.com\/madamesensuelle\" \/>\n<meta property=\"article:modified_time\" content=\"2026-04-03T05:46:36+00:00\" \/>\n<meta property=\"og:image\" content=\"http:\/\/madame-sensuelle.paris\/wp-content\/uploads\/2024\/03\/608405-1-d27372224ef64031a5f34f829fec9862.jpg\" \/>\n\t<meta property=\"og:image:width\" content=\"450\" \/>\n\t<meta property=\"og:image:height\" content=\"600\" \/>\n\t<meta property=\"og:image:type\" content=\"image\/jpeg\" \/>\n<meta name=\"twitter:card\" content=\"summary_large_image\" \/>\n<meta name=\"twitter:label1\" content=\"Dur\u00e9e de lecture estim\u00e9e\" \/>\n\t<meta name=\"twitter:data1\" content=\"2 minutes\" \/>\n<script type=\"application\/ld+json\" class=\"yoast-schema-graph\">{\"@context\":\"https:\\\/\\\/schema.org\",\"@graph\":[{\"@type\":\"WebPage\",\"@id\":\"https:\\\/\\\/madame-sensuelle.paris\\\/fr\\\/product\\\/sexy-tulle-and-lace-dress\\\/\",\"url\":\"https:\\\/\\\/madame-sensuelle.paris\\\/fr\\\/product\\\/sexy-tulle-and-lace-dress\\\/\",\"name\":\"Robe - Inspiration Divine \u2013 MAISON CLOSE - Madame Sensuelle\",\"isPartOf\":{\"@id\":\"https:\\\/\\\/madame-sensuelle.paris\\\/fr\\\/#website\"},\"primaryImageOfPage\":{\"@id\":\"https:\\\/\\\/madame-sensuelle.paris\\\/fr\\\/product\\\/sexy-tulle-and-lace-dress\\\/#primaryimage\"},\"image\":{\"@id\":\"https:\\\/\\\/madame-sensuelle.paris\\\/fr\\\/product\\\/sexy-tulle-and-lace-dress\\\/#primaryimage\"},\"thumbnailUrl\":\"https:\\\/\\\/madame-sensuelle.paris\\\/wp-content\\\/uploads\\\/2024\\\/03\\\/608405-1-d27372224ef64031a5f34f829fec9862.jpg\",\"datePublished\":\"2024-03-10T12:42:44+00:00\",\"dateModified\":\"2026-04-03T05:46:36+00:00\",\"description\":\"La robe sexy parfaite pour la femme fatale que vous \u00eates. Toute en transparence, cette robe d\u2019int\u00e9rieur sexy se porte aussi bien sur peau nue que sur un ensemble de lingerie fine issu de la m\u00eame collection en tulle et dentelle. Une robe en dentelle \u00e0 longues manches, qui d\u00e9voile votre poitrine et sublime le galbe de vos hanches avec ses empi\u00e8cements orn\u00e9s de fleurs. Une robe \u00e0 porter dans l\u2019intimit\u00e9 ou pour vos soir\u00e9es tr\u00e8s tr\u00e8s priv\u00e9es.\",\"breadcrumb\":{\"@id\":\"https:\\\/\\\/madame-sensuelle.paris\\\/fr\\\/product\\\/sexy-tulle-and-lace-dress\\\/#breadcrumb\"},\"inLanguage\":\"fr-FR\",\"potentialAction\":[{\"@type\":\"ReadAction\",\"target\":[\"https:\\\/\\\/madame-sensuelle.paris\\\/fr\\\/product\\\/sexy-tulle-and-lace-dress\\\/\"]}]},{\"@type\":\"ImageObject\",\"inLanguage\":\"fr-FR\",\"@id\":\"https:\\\/\\\/madame-sensuelle.paris\\\/fr\\\/product\\\/sexy-tulle-and-lace-dress\\\/#primaryimage\",\"url\":\"https:\\\/\\\/madame-sensuelle.paris\\\/wp-content\\\/uploads\\\/2024\\\/03\\\/608405-1-d27372224ef64031a5f34f829fec9862.jpg\",\"contentUrl\":\"https:\\\/\\\/madame-sensuelle.paris\\\/wp-content\\\/uploads\\\/2024\\\/03\\\/608405-1-d27372224ef64031a5f34f829fec9862.jpg\",\"width\":450,\"height\":600},{\"@type\":\"BreadcrumbList\",\"@id\":\"https:\\\/\\\/madame-sensuelle.paris\\\/fr\\\/product\\\/sexy-tulle-and-lace-dress\\\/#breadcrumb\",\"itemListElement\":[{\"@type\":\"ListItem\",\"position\":1,\"name\":\"Acceuil\",\"item\":\"https:\\\/\\\/madame-sensuelle.paris\\\/fr\\\/\"},{\"@type\":\"ListItem\",\"position\":2,\"name\":\"Catalogue\",\"item\":\"https:\\\/\\\/madame-sensuelle.paris\\\/fr\\\/catalogue\\\/\"},{\"@type\":\"ListItem\",\"position\":3,\"name\":\"MAISON CLOSE\",\"item\":\"https:\\\/\\\/madame-sensuelle.paris\\\/fr\\\/brand\\\/maison-close\\\/\"},{\"@type\":\"ListItem\",\"position\":4,\"name\":\"Robe &#8211; Inspiration Divine\"}]},{\"@type\":\"WebSite\",\"@id\":\"https:\\\/\\\/madame-sensuelle.paris\\\/fr\\\/#website\",\"url\":\"https:\\\/\\\/madame-sensuelle.paris\\\/fr\\\/\",\"name\":\"MADAME SENSUELLE\",\"description\":\"MADAME SENSUELLE: Found the biggest exciting brands of chic &amp; SEXY LINGERIE in Paris Boutique and on the WEB: Aubade, Dita Von Teese, Maison Close, Marjolaine, Bluebella, Atelier Amour, Luxxa, Catanzaro, Gracija Rim. You will found the big pleasure of sexy belt or bra make for you\",\"publisher\":{\"@id\":\"https:\\\/\\\/madame-sensuelle.paris\\\/fr\\\/#organization\"},\"potentialAction\":[{\"@type\":\"SearchAction\",\"target\":{\"@type\":\"EntryPoint\",\"urlTemplate\":\"https:\\\/\\\/madame-sensuelle.paris\\\/fr\\\/?s={search_term_string}\"},\"query-input\":{\"@type\":\"PropertyValueSpecification\",\"valueRequired\":true,\"valueName\":\"search_term_string\"}}],\"inLanguage\":\"fr-FR\"},{\"@type\":\"Organization\",\"@id\":\"https:\\\/\\\/madame-sensuelle.paris\\\/fr\\\/#organization\",\"name\":\"Madame Sensuelle\",\"url\":\"https:\\\/\\\/madame-sensuelle.paris\\\/fr\\\/\",\"logo\":{\"@type\":\"ImageObject\",\"inLanguage\":\"fr-FR\",\"@id\":\"https:\\\/\\\/madame-sensuelle.paris\\\/fr\\\/#\\\/schema\\\/logo\\\/image\\\/\",\"url\":\"https:\\\/\\\/madame-sensuelle.paris\\\/wp-content\\\/uploads\\\/2024\\\/12\\\/logo_a-1-1_696.webp\",\"contentUrl\":\"https:\\\/\\\/madame-sensuelle.paris\\\/wp-content\\\/uploads\\\/2024\\\/12\\\/logo_a-1-1_696.webp\",\"width\":696,\"height\":696,\"caption\":\"Madame Sensuelle\"},\"image\":{\"@id\":\"https:\\\/\\\/madame-sensuelle.paris\\\/fr\\\/#\\\/schema\\\/logo\\\/image\\\/\"},\"sameAs\":[\"https:\\\/\\\/www.facebook.com\\\/madamesensuelle\",\"https:\\\/\\\/www.instagram.com\\\/madame_sensuelle\\\/\"]}]}<\/script>\n<!-- \/ Yoast SEO plugin. -->","yoast_head_json":{"title":"Robe - Inspiration Divine \u2013 MAISON CLOSE - Madame Sensuelle","description":"La robe sexy parfaite pour la femme fatale que vous \u00eates. Toute en transparence, cette robe d\u2019int\u00e9rieur sexy se porte aussi bien sur peau nue que sur un ensemble de lingerie fine issu de la m\u00eame collection en tulle et dentelle. Une robe en dentelle \u00e0 longues manches, qui d\u00e9voile votre poitrine et sublime le galbe de vos hanches avec ses empi\u00e8cements orn\u00e9s de fleurs. Une robe \u00e0 porter dans l\u2019intimit\u00e9 ou pour vos soir\u00e9es tr\u00e8s tr\u00e8s priv\u00e9es.","robots":{"index":"index","follow":"follow","max-snippet":"max-snippet:-1","max-image-preview":"max-image-preview:large","max-video-preview":"max-video-preview:-1"},"canonical":"https:\/\/madame-sensuelle.paris\/fr\/product\/sexy-tulle-and-lace-dress\/","og_locale":"fr_FR","og_type":"article","og_title":"Robe - Inspiration Divine \u2013 MAISON CLOSE - Madame Sensuelle","og_description":"La robe sexy parfaite pour la femme fatale que vous \u00eates. Toute en transparence, cette robe d\u2019int\u00e9rieur sexy se porte aussi bien sur peau nue que sur un ensemble de lingerie fine issu de la m\u00eame collection en tulle et dentelle. Une robe en dentelle \u00e0 longues manches, qui d\u00e9voile votre poitrine et sublime le galbe de vos hanches avec ses empi\u00e8cements orn\u00e9s de fleurs. Une robe \u00e0 porter dans l\u2019intimit\u00e9 ou pour vos soir\u00e9es tr\u00e8s tr\u00e8s priv\u00e9es.","og_url":"https:\/\/madame-sensuelle.paris\/fr\/product\/sexy-tulle-and-lace-dress\/","og_site_name":"Madame Sensuelle","article_publisher":"https:\/\/www.facebook.com\/madamesensuelle","article_modified_time":"2026-04-03T05:46:36+00:00","og_image":[{"width":450,"height":600,"url":"http:\/\/madame-sensuelle.paris\/wp-content\/uploads\/2024\/03\/608405-1-d27372224ef64031a5f34f829fec9862.jpg","type":"image\/jpeg"}],"twitter_card":"summary_large_image","twitter_misc":{"Dur\u00e9e de lecture estim\u00e9e":"2 minutes"},"schema":{"@context":"https:\/\/schema.org","@graph":[{"@type":"WebPage","@id":"https:\/\/madame-sensuelle.paris\/fr\/product\/sexy-tulle-and-lace-dress\/","url":"https:\/\/madame-sensuelle.paris\/fr\/product\/sexy-tulle-and-lace-dress\/","name":"Robe - Inspiration Divine \u2013 MAISON CLOSE - Madame Sensuelle","isPartOf":{"@id":"https:\/\/madame-sensuelle.paris\/fr\/#website"},"primaryImageOfPage":{"@id":"https:\/\/madame-sensuelle.paris\/fr\/product\/sexy-tulle-and-lace-dress\/#primaryimage"},"image":{"@id":"https:\/\/madame-sensuelle.paris\/fr\/product\/sexy-tulle-and-lace-dress\/#primaryimage"},"thumbnailUrl":"https:\/\/madame-sensuelle.paris\/wp-content\/uploads\/2024\/03\/608405-1-d27372224ef64031a5f34f829fec9862.jpg","datePublished":"2024-03-10T12:42:44+00:00","dateModified":"2026-04-03T05:46:36+00:00","description":"La robe sexy parfaite pour la femme fatale que vous \u00eates. Toute en transparence, cette robe d\u2019int\u00e9rieur sexy se porte aussi bien sur peau nue que sur un ensemble de lingerie fine issu de la m\u00eame collection en tulle et dentelle. Une robe en dentelle \u00e0 longues manches, qui d\u00e9voile votre poitrine et sublime le galbe de vos hanches avec ses empi\u00e8cements orn\u00e9s de fleurs. Une robe \u00e0 porter dans l\u2019intimit\u00e9 ou pour vos soir\u00e9es tr\u00e8s tr\u00e8s priv\u00e9es.","breadcrumb":{"@id":"https:\/\/madame-sensuelle.paris\/fr\/product\/sexy-tulle-and-lace-dress\/#breadcrumb"},"inLanguage":"fr-FR","potentialAction":[{"@type":"ReadAction","target":["https:\/\/madame-sensuelle.paris\/fr\/product\/sexy-tulle-and-lace-dress\/"]}]},{"@type":"ImageObject","inLanguage":"fr-FR","@id":"https:\/\/madame-sensuelle.paris\/fr\/product\/sexy-tulle-and-lace-dress\/#primaryimage","url":"https:\/\/madame-sensuelle.paris\/wp-content\/uploads\/2024\/03\/608405-1-d27372224ef64031a5f34f829fec9862.jpg","contentUrl":"https:\/\/madame-sensuelle.paris\/wp-content\/uploads\/2024\/03\/608405-1-d27372224ef64031a5f34f829fec9862.jpg","width":450,"height":600},{"@type":"BreadcrumbList","@id":"https:\/\/madame-sensuelle.paris\/fr\/product\/sexy-tulle-and-lace-dress\/#breadcrumb","itemListElement":[{"@type":"ListItem","position":1,"name":"Acceuil","item":"https:\/\/madame-sensuelle.paris\/fr\/"},{"@type":"ListItem","position":2,"name":"Catalogue","item":"https:\/\/madame-sensuelle.paris\/fr\/catalogue\/"},{"@type":"ListItem","position":3,"name":"MAISON CLOSE","item":"https:\/\/madame-sensuelle.paris\/fr\/brand\/maison-close\/"},{"@type":"ListItem","position":4,"name":"Robe &#8211; Inspiration Divine"}]},{"@type":"WebSite","@id":"https:\/\/madame-sensuelle.paris\/fr\/#website","url":"https:\/\/madame-sensuelle.paris\/fr\/","name":"MADAME SENSUELLE","description":"MADAME SENSUELLE: Found the biggest exciting brands of chic &amp; SEXY LINGERIE in Paris Boutique and on the WEB: Aubade, Dita Von Teese, Maison Close, Marjolaine, Bluebella, Atelier Amour, Luxxa, Catanzaro, Gracija Rim. You will found the big pleasure of sexy belt or bra make for you","publisher":{"@id":"https:\/\/madame-sensuelle.paris\/fr\/#organization"},"potentialAction":[{"@type":"SearchAction","target":{"@type":"EntryPoint","urlTemplate":"https:\/\/madame-sensuelle.paris\/fr\/?s={search_term_string}"},"query-input":{"@type":"PropertyValueSpecification","valueRequired":true,"valueName":"search_term_string"}}],"inLanguage":"fr-FR"},{"@type":"Organization","@id":"https:\/\/madame-sensuelle.paris\/fr\/#organization","name":"Madame Sensuelle","url":"https:\/\/madame-sensuelle.paris\/fr\/","logo":{"@type":"ImageObject","inLanguage":"fr-FR","@id":"https:\/\/madame-sensuelle.paris\/fr\/#\/schema\/logo\/image\/","url":"https:\/\/madame-sensuelle.paris\/wp-content\/uploads\/2024\/12\/logo_a-1-1_696.webp","contentUrl":"https:\/\/madame-sensuelle.paris\/wp-content\/uploads\/2024\/12\/logo_a-1-1_696.webp","width":696,"height":696,"caption":"Madame Sensuelle"},"image":{"@id":"https:\/\/madame-sensuelle.paris\/fr\/#\/schema\/logo\/image\/"},"sameAs":["https:\/\/www.facebook.com\/madamesensuelle","https:\/\/www.instagram.com\/madame_sensuelle\/"]}]}},"brands":[{"id":2776,"name":"MAISON CLOSE","slug":"maison-close"}],"_links":{"self":[{"href":"https:\/\/madame-sensuelle.paris\/fr\/wp-json\/wp\/v2\/product\/66147","targetHints":{"allow":["GET"]}}],"collection":[{"href":"https:\/\/madame-sensuelle.paris\/fr\/wp-json\/wp\/v2\/product"}],"about":[{"href":"https:\/\/madame-sensuelle.paris\/fr\/wp-json\/wp\/v2\/types\/product"}],"version-history":[{"count":1,"href":"https:\/\/madame-sensuelle.paris\/fr\/wp-json\/wp\/v2\/product\/66147\/revisions"}],"predecessor-version":[{"id":108716,"href":"https:\/\/madame-sensuelle.paris\/fr\/wp-json\/wp\/v2\/product\/66147\/revisions\/108716"}],"wp:featuredmedia":[{"embeddable":true,"href":"https:\/\/madame-sensuelle.paris\/fr\/wp-json\/wp\/v2\/media\/109415"}],"wp:attachment":[{"href":"https:\/\/madame-sensuelle.paris\/fr\/wp-json\/wp\/v2\/media?parent=66147"}],"wp:term":[{"taxonomy":"pwb-brand","embeddable":true,"href":"https:\/\/madame-sensuelle.paris\/fr\/wp-json\/wp\/v2\/pwb-brand?post=66147"},{"taxonomy":"product_brand","embeddable":true,"href":"https:\/\/madame-sensuelle.paris\/fr\/wp-json\/wp\/v2\/product_brand?post=66147"},{"taxonomy":"product_cat","embeddable":true,"href":"https:\/\/madame-sensuelle.paris\/fr\/wp-json\/wp\/v2\/product_cat?post=66147"},{"taxonomy":"product_tag","embeddable":true,"href":"https:\/\/madame-sensuelle.paris\/fr\/wp-json\/wp\/v2\/product_tag?post=66147"},{"taxonomy":"giftcard-category","embeddable":true,"href":"https:\/\/madame-sensuelle.paris\/fr\/wp-json\/wp\/v2\/giftcard-category?post=66147"}],"curies":[{"name":"wp","href":"https:\/\/api.w.org\/{rel}","templated":true}]}}