{"id":66159,"date":"2024-03-10T12:42:44","date_gmt":"2024-03-10T12:42:44","guid":{"rendered":"https:\/\/madame-sensuelle.eu\/?post_type=product&#038;p=66159"},"modified":"2026-04-03T06:12:56","modified_gmt":"2026-04-03T06:12:56","slug":"openable-thong-in-black-tulle-and-lace","status":"publish","type":"product","link":"https:\/\/madame-sensuelle.paris\/fr\/product\/openable-thong-in-black-tulle-and-lace\/","title":{"rendered":"Inspiration Divine String Ouvrable"},"content":{"rendered":"<p>Sexy, ce string ouvrable en dentelle et plumetis est une pi\u00e8ce hautement sensuelle. Minimaliste, il met vos hanches en valeur gr\u00e2ce \u00e0 ses liens de c\u00f4t\u00e9 \u00e9lastiqu\u00e9s. Le devant reprend les codes de cette collection de lingerie sexy en dentelle et tulle \u00e0 plumetis. L\u2019arri\u00e8re est orn\u00e9 d\u2019un petit triangle de dentelle. Coquin, ce string est dot\u00e9 d\u2019une ouverture sur votre intimit\u00e9. Qui y aura acc\u00e8s ?<\/p>\n","protected":false},"excerpt":{"rendered":"<p>Sexy, ce string ouvrable en dentelle et plumetis est une pi\u00e8ce hautement sensuelle. Minimaliste, il met vos hanches en valeur gr\u00e2ce \u00e0 ses liens de c\u00f4t\u00e9 \u00e9lastiqu\u00e9s. Le devant reprend les codes de cette collection de lingerie sexy en dentelle et tulle \u00e0 plumetis. L\u2019arri\u00e8re est orn\u00e9 d\u2019un petit triangle de dentelle. Coquin, ce string<\/p>\n","protected":false},"featured_media":109412,"template":"","meta":[],"pwb-brand":[2776],"product_brand":[],"product_cat":[1234,1270,1245],"product_tag":[],"giftcard-category":[],"class_list":{"0":"post-66159","1":"product","2":"type-product","3":"status-publish","4":"has-post-thumbnail","6":"pwb-brand-maison-close","7":"product_cat-string-ouvert","8":"product_cat-culottes-sexy","9":"product_cat-lingerie-sexy-femme-erotique-et-glamour","10":"pa_collection-inspiration-divine-fr","12":"first","13":"instock","14":"taxable","15":"shipping-taxable","16":"purchasable","17":"product-type-variable","18":"has-default-attributes"},"yoast_head":"<!-- This site is optimized with the Yoast SEO plugin v27.3 - https:\/\/yoast.com\/product\/yoast-seo-wordpress\/ -->\n<title>Inspiration Divine String Ouvrable \u2013 MAISON CLOSE - Madame Sensuelle<\/title>\n<meta name=\"description\" content=\"Sexy, ce string ouvrable en dentelle et plumetis est une pi\u00e8ce hautement sensuelle. Minimaliste, il met vos hanches en valeur gr\u00e2ce \u00e0 ses liens de c\u00f4t\u00e9 \u00e9lastiqu\u00e9s. Le devant reprend les codes de cette collection de lingerie sexy en dentelle et tulle \u00e0 plumetis. L\u2019arri\u00e8re est orn\u00e9 d\u2019un petit triangle de dentelle. Coquin, ce string est dot\u00e9 d\u2019une ouverture sur votre intimit\u00e9. Qui y aura acc\u00e8s ?\" \/>\n<meta name=\"robots\" content=\"index, follow, max-snippet:-1, max-image-preview:large, max-video-preview:-1\" \/>\n<link rel=\"canonical\" href=\"https:\/\/madame-sensuelle.paris\/fr\/product\/openable-thong-in-black-tulle-and-lace\/\" \/>\n<meta property=\"og:locale\" content=\"fr_FR\" \/>\n<meta property=\"og:type\" content=\"article\" \/>\n<meta property=\"og:title\" content=\"Inspiration Divine String Ouvrable \u2013 MAISON CLOSE - Madame Sensuelle\" \/>\n<meta property=\"og:description\" content=\"Sexy, ce string ouvrable en dentelle et plumetis est une pi\u00e8ce hautement sensuelle. Minimaliste, il met vos hanches en valeur gr\u00e2ce \u00e0 ses liens de c\u00f4t\u00e9 \u00e9lastiqu\u00e9s. Le devant reprend les codes de cette collection de lingerie sexy en dentelle et tulle \u00e0 plumetis. L\u2019arri\u00e8re est orn\u00e9 d\u2019un petit triangle de dentelle. Coquin, ce string est dot\u00e9 d\u2019une ouverture sur votre intimit\u00e9. Qui y aura acc\u00e8s ?\" \/>\n<meta property=\"og:url\" content=\"https:\/\/madame-sensuelle.paris\/fr\/product\/openable-thong-in-black-tulle-and-lace\/\" \/>\n<meta property=\"og:site_name\" content=\"Madame Sensuelle\" \/>\n<meta property=\"article:publisher\" content=\"https:\/\/www.facebook.com\/madamesensuelle\" \/>\n<meta property=\"article:modified_time\" content=\"2026-04-03T06:12:56+00:00\" \/>\n<meta property=\"og:image\" content=\"http:\/\/madame-sensuelle.paris\/wp-content\/uploads\/2024\/03\/608379-1-fc4e27966ef84642829b3e8132927db3.jpg\" \/>\n\t<meta property=\"og:image:width\" content=\"450\" \/>\n\t<meta property=\"og:image:height\" content=\"600\" \/>\n\t<meta property=\"og:image:type\" content=\"image\/jpeg\" \/>\n<meta name=\"twitter:card\" content=\"summary_large_image\" \/>\n<meta name=\"twitter:label1\" content=\"Dur\u00e9e de lecture estim\u00e9e\" \/>\n\t<meta name=\"twitter:data1\" content=\"2 minutes\" \/>\n<script type=\"application\/ld+json\" class=\"yoast-schema-graph\">{\"@context\":\"https:\\\/\\\/schema.org\",\"@graph\":[{\"@type\":\"WebPage\",\"@id\":\"https:\\\/\\\/madame-sensuelle.paris\\\/fr\\\/product\\\/openable-thong-in-black-tulle-and-lace\\\/\",\"url\":\"https:\\\/\\\/madame-sensuelle.paris\\\/fr\\\/product\\\/openable-thong-in-black-tulle-and-lace\\\/\",\"name\":\"Inspiration Divine String Ouvrable \u2013 MAISON CLOSE - Madame Sensuelle\",\"isPartOf\":{\"@id\":\"https:\\\/\\\/madame-sensuelle.paris\\\/fr\\\/#website\"},\"primaryImageOfPage\":{\"@id\":\"https:\\\/\\\/madame-sensuelle.paris\\\/fr\\\/product\\\/openable-thong-in-black-tulle-and-lace\\\/#primaryimage\"},\"image\":{\"@id\":\"https:\\\/\\\/madame-sensuelle.paris\\\/fr\\\/product\\\/openable-thong-in-black-tulle-and-lace\\\/#primaryimage\"},\"thumbnailUrl\":\"https:\\\/\\\/madame-sensuelle.paris\\\/wp-content\\\/uploads\\\/2024\\\/03\\\/608379-1-fc4e27966ef84642829b3e8132927db3.jpg\",\"datePublished\":\"2024-03-10T12:42:44+00:00\",\"dateModified\":\"2026-04-03T06:12:56+00:00\",\"description\":\"Sexy, ce string ouvrable en dentelle et plumetis est une pi\u00e8ce hautement sensuelle. Minimaliste, il met vos hanches en valeur gr\u00e2ce \u00e0 ses liens de c\u00f4t\u00e9 \u00e9lastiqu\u00e9s. Le devant reprend les codes de cette collection de lingerie sexy en dentelle et tulle \u00e0 plumetis. L\u2019arri\u00e8re est orn\u00e9 d\u2019un petit triangle de dentelle. Coquin, ce string est dot\u00e9 d\u2019une ouverture sur votre intimit\u00e9. Qui y aura acc\u00e8s ?\",\"breadcrumb\":{\"@id\":\"https:\\\/\\\/madame-sensuelle.paris\\\/fr\\\/product\\\/openable-thong-in-black-tulle-and-lace\\\/#breadcrumb\"},\"inLanguage\":\"fr-FR\",\"potentialAction\":[{\"@type\":\"ReadAction\",\"target\":[\"https:\\\/\\\/madame-sensuelle.paris\\\/fr\\\/product\\\/openable-thong-in-black-tulle-and-lace\\\/\"]}]},{\"@type\":\"ImageObject\",\"inLanguage\":\"fr-FR\",\"@id\":\"https:\\\/\\\/madame-sensuelle.paris\\\/fr\\\/product\\\/openable-thong-in-black-tulle-and-lace\\\/#primaryimage\",\"url\":\"https:\\\/\\\/madame-sensuelle.paris\\\/wp-content\\\/uploads\\\/2024\\\/03\\\/608379-1-fc4e27966ef84642829b3e8132927db3.jpg\",\"contentUrl\":\"https:\\\/\\\/madame-sensuelle.paris\\\/wp-content\\\/uploads\\\/2024\\\/03\\\/608379-1-fc4e27966ef84642829b3e8132927db3.jpg\",\"width\":450,\"height\":600},{\"@type\":\"BreadcrumbList\",\"@id\":\"https:\\\/\\\/madame-sensuelle.paris\\\/fr\\\/product\\\/openable-thong-in-black-tulle-and-lace\\\/#breadcrumb\",\"itemListElement\":[{\"@type\":\"ListItem\",\"position\":1,\"name\":\"Acceuil\",\"item\":\"https:\\\/\\\/madame-sensuelle.paris\\\/fr\\\/\"},{\"@type\":\"ListItem\",\"position\":2,\"name\":\"Catalogue\",\"item\":\"https:\\\/\\\/madame-sensuelle.paris\\\/fr\\\/catalogue\\\/\"},{\"@type\":\"ListItem\",\"position\":3,\"name\":\"MAISON CLOSE\",\"item\":\"https:\\\/\\\/madame-sensuelle.paris\\\/fr\\\/brand\\\/maison-close\\\/\"},{\"@type\":\"ListItem\",\"position\":4,\"name\":\"Inspiration Divine String Ouvrable\"}]},{\"@type\":\"WebSite\",\"@id\":\"https:\\\/\\\/madame-sensuelle.paris\\\/fr\\\/#website\",\"url\":\"https:\\\/\\\/madame-sensuelle.paris\\\/fr\\\/\",\"name\":\"MADAME SENSUELLE\",\"description\":\"MADAME SENSUELLE: Found the biggest exciting brands of chic &amp; SEXY LINGERIE in Paris Boutique and on the WEB: Aubade, Dita Von Teese, Maison Close, Marjolaine, Bluebella, Atelier Amour, Luxxa, Catanzaro, Gracija Rim. You will found the big pleasure of sexy belt or bra make for you\",\"publisher\":{\"@id\":\"https:\\\/\\\/madame-sensuelle.paris\\\/fr\\\/#organization\"},\"potentialAction\":[{\"@type\":\"SearchAction\",\"target\":{\"@type\":\"EntryPoint\",\"urlTemplate\":\"https:\\\/\\\/madame-sensuelle.paris\\\/fr\\\/?s={search_term_string}\"},\"query-input\":{\"@type\":\"PropertyValueSpecification\",\"valueRequired\":true,\"valueName\":\"search_term_string\"}}],\"inLanguage\":\"fr-FR\"},{\"@type\":\"Organization\",\"@id\":\"https:\\\/\\\/madame-sensuelle.paris\\\/fr\\\/#organization\",\"name\":\"Madame Sensuelle\",\"url\":\"https:\\\/\\\/madame-sensuelle.paris\\\/fr\\\/\",\"logo\":{\"@type\":\"ImageObject\",\"inLanguage\":\"fr-FR\",\"@id\":\"https:\\\/\\\/madame-sensuelle.paris\\\/fr\\\/#\\\/schema\\\/logo\\\/image\\\/\",\"url\":\"https:\\\/\\\/madame-sensuelle.paris\\\/wp-content\\\/uploads\\\/2024\\\/12\\\/logo_a-1-1_696.webp\",\"contentUrl\":\"https:\\\/\\\/madame-sensuelle.paris\\\/wp-content\\\/uploads\\\/2024\\\/12\\\/logo_a-1-1_696.webp\",\"width\":696,\"height\":696,\"caption\":\"Madame Sensuelle\"},\"image\":{\"@id\":\"https:\\\/\\\/madame-sensuelle.paris\\\/fr\\\/#\\\/schema\\\/logo\\\/image\\\/\"},\"sameAs\":[\"https:\\\/\\\/www.facebook.com\\\/madamesensuelle\",\"https:\\\/\\\/www.instagram.com\\\/madame_sensuelle\\\/\"]}]}<\/script>\n<!-- \/ Yoast SEO plugin. -->","yoast_head_json":{"title":"Inspiration Divine String Ouvrable \u2013 MAISON CLOSE - Madame Sensuelle","description":"Sexy, ce string ouvrable en dentelle et plumetis est une pi\u00e8ce hautement sensuelle. Minimaliste, il met vos hanches en valeur gr\u00e2ce \u00e0 ses liens de c\u00f4t\u00e9 \u00e9lastiqu\u00e9s. Le devant reprend les codes de cette collection de lingerie sexy en dentelle et tulle \u00e0 plumetis. L\u2019arri\u00e8re est orn\u00e9 d\u2019un petit triangle de dentelle. Coquin, ce string est dot\u00e9 d\u2019une ouverture sur votre intimit\u00e9. Qui y aura acc\u00e8s ?","robots":{"index":"index","follow":"follow","max-snippet":"max-snippet:-1","max-image-preview":"max-image-preview:large","max-video-preview":"max-video-preview:-1"},"canonical":"https:\/\/madame-sensuelle.paris\/fr\/product\/openable-thong-in-black-tulle-and-lace\/","og_locale":"fr_FR","og_type":"article","og_title":"Inspiration Divine String Ouvrable \u2013 MAISON CLOSE - Madame Sensuelle","og_description":"Sexy, ce string ouvrable en dentelle et plumetis est une pi\u00e8ce hautement sensuelle. Minimaliste, il met vos hanches en valeur gr\u00e2ce \u00e0 ses liens de c\u00f4t\u00e9 \u00e9lastiqu\u00e9s. Le devant reprend les codes de cette collection de lingerie sexy en dentelle et tulle \u00e0 plumetis. L\u2019arri\u00e8re est orn\u00e9 d\u2019un petit triangle de dentelle. Coquin, ce string est dot\u00e9 d\u2019une ouverture sur votre intimit\u00e9. Qui y aura acc\u00e8s ?","og_url":"https:\/\/madame-sensuelle.paris\/fr\/product\/openable-thong-in-black-tulle-and-lace\/","og_site_name":"Madame Sensuelle","article_publisher":"https:\/\/www.facebook.com\/madamesensuelle","article_modified_time":"2026-04-03T06:12:56+00:00","og_image":[{"width":450,"height":600,"url":"http:\/\/madame-sensuelle.paris\/wp-content\/uploads\/2024\/03\/608379-1-fc4e27966ef84642829b3e8132927db3.jpg","type":"image\/jpeg"}],"twitter_card":"summary_large_image","twitter_misc":{"Dur\u00e9e de lecture estim\u00e9e":"2 minutes"},"schema":{"@context":"https:\/\/schema.org","@graph":[{"@type":"WebPage","@id":"https:\/\/madame-sensuelle.paris\/fr\/product\/openable-thong-in-black-tulle-and-lace\/","url":"https:\/\/madame-sensuelle.paris\/fr\/product\/openable-thong-in-black-tulle-and-lace\/","name":"Inspiration Divine String Ouvrable \u2013 MAISON CLOSE - Madame Sensuelle","isPartOf":{"@id":"https:\/\/madame-sensuelle.paris\/fr\/#website"},"primaryImageOfPage":{"@id":"https:\/\/madame-sensuelle.paris\/fr\/product\/openable-thong-in-black-tulle-and-lace\/#primaryimage"},"image":{"@id":"https:\/\/madame-sensuelle.paris\/fr\/product\/openable-thong-in-black-tulle-and-lace\/#primaryimage"},"thumbnailUrl":"https:\/\/madame-sensuelle.paris\/wp-content\/uploads\/2024\/03\/608379-1-fc4e27966ef84642829b3e8132927db3.jpg","datePublished":"2024-03-10T12:42:44+00:00","dateModified":"2026-04-03T06:12:56+00:00","description":"Sexy, ce string ouvrable en dentelle et plumetis est une pi\u00e8ce hautement sensuelle. Minimaliste, il met vos hanches en valeur gr\u00e2ce \u00e0 ses liens de c\u00f4t\u00e9 \u00e9lastiqu\u00e9s. Le devant reprend les codes de cette collection de lingerie sexy en dentelle et tulle \u00e0 plumetis. L\u2019arri\u00e8re est orn\u00e9 d\u2019un petit triangle de dentelle. Coquin, ce string est dot\u00e9 d\u2019une ouverture sur votre intimit\u00e9. Qui y aura acc\u00e8s ?","breadcrumb":{"@id":"https:\/\/madame-sensuelle.paris\/fr\/product\/openable-thong-in-black-tulle-and-lace\/#breadcrumb"},"inLanguage":"fr-FR","potentialAction":[{"@type":"ReadAction","target":["https:\/\/madame-sensuelle.paris\/fr\/product\/openable-thong-in-black-tulle-and-lace\/"]}]},{"@type":"ImageObject","inLanguage":"fr-FR","@id":"https:\/\/madame-sensuelle.paris\/fr\/product\/openable-thong-in-black-tulle-and-lace\/#primaryimage","url":"https:\/\/madame-sensuelle.paris\/wp-content\/uploads\/2024\/03\/608379-1-fc4e27966ef84642829b3e8132927db3.jpg","contentUrl":"https:\/\/madame-sensuelle.paris\/wp-content\/uploads\/2024\/03\/608379-1-fc4e27966ef84642829b3e8132927db3.jpg","width":450,"height":600},{"@type":"BreadcrumbList","@id":"https:\/\/madame-sensuelle.paris\/fr\/product\/openable-thong-in-black-tulle-and-lace\/#breadcrumb","itemListElement":[{"@type":"ListItem","position":1,"name":"Acceuil","item":"https:\/\/madame-sensuelle.paris\/fr\/"},{"@type":"ListItem","position":2,"name":"Catalogue","item":"https:\/\/madame-sensuelle.paris\/fr\/catalogue\/"},{"@type":"ListItem","position":3,"name":"MAISON CLOSE","item":"https:\/\/madame-sensuelle.paris\/fr\/brand\/maison-close\/"},{"@type":"ListItem","position":4,"name":"Inspiration Divine String Ouvrable"}]},{"@type":"WebSite","@id":"https:\/\/madame-sensuelle.paris\/fr\/#website","url":"https:\/\/madame-sensuelle.paris\/fr\/","name":"MADAME SENSUELLE","description":"MADAME SENSUELLE: Found the biggest exciting brands of chic &amp; SEXY LINGERIE in Paris Boutique and on the WEB: Aubade, Dita Von Teese, Maison Close, Marjolaine, Bluebella, Atelier Amour, Luxxa, Catanzaro, Gracija Rim. You will found the big pleasure of sexy belt or bra make for you","publisher":{"@id":"https:\/\/madame-sensuelle.paris\/fr\/#organization"},"potentialAction":[{"@type":"SearchAction","target":{"@type":"EntryPoint","urlTemplate":"https:\/\/madame-sensuelle.paris\/fr\/?s={search_term_string}"},"query-input":{"@type":"PropertyValueSpecification","valueRequired":true,"valueName":"search_term_string"}}],"inLanguage":"fr-FR"},{"@type":"Organization","@id":"https:\/\/madame-sensuelle.paris\/fr\/#organization","name":"Madame Sensuelle","url":"https:\/\/madame-sensuelle.paris\/fr\/","logo":{"@type":"ImageObject","inLanguage":"fr-FR","@id":"https:\/\/madame-sensuelle.paris\/fr\/#\/schema\/logo\/image\/","url":"https:\/\/madame-sensuelle.paris\/wp-content\/uploads\/2024\/12\/logo_a-1-1_696.webp","contentUrl":"https:\/\/madame-sensuelle.paris\/wp-content\/uploads\/2024\/12\/logo_a-1-1_696.webp","width":696,"height":696,"caption":"Madame Sensuelle"},"image":{"@id":"https:\/\/madame-sensuelle.paris\/fr\/#\/schema\/logo\/image\/"},"sameAs":["https:\/\/www.facebook.com\/madamesensuelle","https:\/\/www.instagram.com\/madame_sensuelle\/"]}]}},"brands":[{"id":2776,"name":"MAISON CLOSE","slug":"maison-close"}],"_links":{"self":[{"href":"https:\/\/madame-sensuelle.paris\/fr\/wp-json\/wp\/v2\/product\/66159","targetHints":{"allow":["GET"]}}],"collection":[{"href":"https:\/\/madame-sensuelle.paris\/fr\/wp-json\/wp\/v2\/product"}],"about":[{"href":"https:\/\/madame-sensuelle.paris\/fr\/wp-json\/wp\/v2\/types\/product"}],"version-history":[{"count":1,"href":"https:\/\/madame-sensuelle.paris\/fr\/wp-json\/wp\/v2\/product\/66159\/revisions"}],"predecessor-version":[{"id":109414,"href":"https:\/\/madame-sensuelle.paris\/fr\/wp-json\/wp\/v2\/product\/66159\/revisions\/109414"}],"wp:featuredmedia":[{"embeddable":true,"href":"https:\/\/madame-sensuelle.paris\/fr\/wp-json\/wp\/v2\/media\/109412"}],"wp:attachment":[{"href":"https:\/\/madame-sensuelle.paris\/fr\/wp-json\/wp\/v2\/media?parent=66159"}],"wp:term":[{"taxonomy":"pwb-brand","embeddable":true,"href":"https:\/\/madame-sensuelle.paris\/fr\/wp-json\/wp\/v2\/pwb-brand?post=66159"},{"taxonomy":"product_brand","embeddable":true,"href":"https:\/\/madame-sensuelle.paris\/fr\/wp-json\/wp\/v2\/product_brand?post=66159"},{"taxonomy":"product_cat","embeddable":true,"href":"https:\/\/madame-sensuelle.paris\/fr\/wp-json\/wp\/v2\/product_cat?post=66159"},{"taxonomy":"product_tag","embeddable":true,"href":"https:\/\/madame-sensuelle.paris\/fr\/wp-json\/wp\/v2\/product_tag?post=66159"},{"taxonomy":"giftcard-category","embeddable":true,"href":"https:\/\/madame-sensuelle.paris\/fr\/wp-json\/wp\/v2\/giftcard-category?post=66159"}],"curies":[{"name":"wp","href":"https:\/\/api.w.org\/{rel}","templated":true}]}}