{"id":66242,"date":"2024-03-10T12:43:10","date_gmt":"2024-03-10T12:43:10","guid":{"rendered":"https:\/\/madame-sensuelle.eu\/?post_type=product&#038;p=66242"},"modified":"2026-04-03T08:34:05","modified_gmt":"2026-04-03T08:34:05","slug":"c-b-2019000034524","status":"publish","type":"product","link":"https:\/\/madame-sensuelle.paris\/fr\/product\/c-b-2019000034524\/","title":{"rendered":"L&#8217;ensemble Ange blanc"},"content":{"rendered":"<p>Ensemble ange blanc en dentelle. Le set comprend un soutien gorge armaturer avec un ras du coup, votre poitrine seras recouverte d&#8217;une belle dentelle avec des d\u00e9coupes tr\u00e8s d\u00e9licates et audacieuse en dessous du seins, les \u00e9paules sont recouverte de belle plumes blanche. Une culotte avec une petite fente, et un porte jarretelle d\u00e9cor\u00e9 de plumes. Le look est tr\u00e8s sophistiqu\u00e9 et mettras en valeurs tout les atouts de votre silhouette. Les anges sont tr\u00e8s doux mais peuvent \u00eatre coquins, a vous de choisir !<\/p>\n","protected":false},"excerpt":{"rendered":"<p>Ensemble ange blanc en dentelle. Le set comprend un soutien gorge armaturer avec un ras du coup, votre poitrine seras recouverte d&#8217;une belle dentelle avec des d\u00e9coupes tr\u00e8s d\u00e9licates et audacieuse en dessous du seins, les \u00e9paules sont recouverte de belle plumes blanche. Une culotte avec une petite fente, et un porte jarretelle d\u00e9cor\u00e9 de<\/p>\n","protected":false},"featured_media":83267,"template":"","meta":[],"pwb-brand":[2789],"product_brand":[],"product_cat":[3520,1245,1226],"product_tag":[],"giftcard-category":[],"class_list":{"0":"post-66242","1":"product","2":"type-product","3":"status-publish","4":"has-post-thumbnail","6":"pwb-brand-baed-stories","7":"product_cat-deguisement-sexy","8":"product_cat-lingerie-sexy-femme-erotique-et-glamour","9":"product_cat-mariage","11":"first","12":"instock","13":"taxable","14":"shipping-taxable","15":"purchasable","16":"product-type-variable","17":"has-default-attributes"},"yoast_head":"<!-- This site is optimized with the Yoast SEO plugin v27.3 - https:\/\/yoast.com\/product\/yoast-seo-wordpress\/ -->\n<title>L&#039;ensemble Ange blanc \u2013 BAED - Madame Sensuelle<\/title>\n<meta name=\"description\" content=\"Ensemble ange blanc en dentelle. Le set comprend un soutien gorge armaturer avec un ras du coup, votre poitrine seras recouverte d&#039;une belle dentelle avec des d\u00e9coupes tr\u00e8s d\u00e9licates et audacieuse en dessous du seins, les \u00e9paules sont recouverte de belle plumes blanche. Une culotte avec une petite fente, et un porte jarretelle d\u00e9cor\u00e9 de plumes. Le look est tr\u00e8s sophistiqu\u00e9 et mettras en valeurs tout les atouts de votre silhouette. Les anges sont tr\u00e8s doux mais peuvent \u00eatre coquins, a vous de choisir !\u00a0\" \/>\n<meta name=\"robots\" content=\"index, follow, max-snippet:-1, max-image-preview:large, max-video-preview:-1\" \/>\n<link rel=\"canonical\" href=\"https:\/\/madame-sensuelle.paris\/fr\/product\/c-b-2019000034524\/\" \/>\n<meta property=\"og:locale\" content=\"fr_FR\" \/>\n<meta property=\"og:type\" content=\"article\" \/>\n<meta property=\"og:title\" content=\"L&#039;ensemble Ange blanc \u2013 BAED - Madame Sensuelle\" \/>\n<meta property=\"og:description\" content=\"Ensemble ange blanc en dentelle. Le set comprend un soutien gorge armaturer avec un ras du coup, votre poitrine seras recouverte d&#039;une belle dentelle avec des d\u00e9coupes tr\u00e8s d\u00e9licates et audacieuse en dessous du seins, les \u00e9paules sont recouverte de belle plumes blanche. Une culotte avec une petite fente, et un porte jarretelle d\u00e9cor\u00e9 de plumes. Le look est tr\u00e8s sophistiqu\u00e9 et mettras en valeurs tout les atouts de votre silhouette. Les anges sont tr\u00e8s doux mais peuvent \u00eatre coquins, a vous de choisir !\u00a0\" \/>\n<meta property=\"og:url\" content=\"https:\/\/madame-sensuelle.paris\/fr\/product\/c-b-2019000034524\/\" \/>\n<meta property=\"og:site_name\" content=\"Madame Sensuelle\" \/>\n<meta property=\"article:publisher\" content=\"https:\/\/www.facebook.com\/madamesensuelle\" \/>\n<meta property=\"article:modified_time\" content=\"2026-04-03T08:34:05+00:00\" \/>\n<meta property=\"og:image\" content=\"https:\/\/madame-sensuelle.paris\/wp-content\/uploads\/2024\/03\/ang_1.jpg\" \/>\n\t<meta property=\"og:image:width\" content=\"800\" \/>\n\t<meta property=\"og:image:height\" content=\"1200\" \/>\n\t<meta property=\"og:image:type\" content=\"image\/jpeg\" \/>\n<meta name=\"twitter:card\" content=\"summary_large_image\" \/>\n<meta name=\"twitter:label1\" content=\"Dur\u00e9e de lecture estim\u00e9e\" \/>\n\t<meta name=\"twitter:data1\" content=\"2 minutes\" \/>\n<script type=\"application\/ld+json\" class=\"yoast-schema-graph\">{\"@context\":\"https:\\\/\\\/schema.org\",\"@graph\":[{\"@type\":\"WebPage\",\"@id\":\"https:\\\/\\\/madame-sensuelle.paris\\\/fr\\\/product\\\/c-b-2019000034524\\\/\",\"url\":\"https:\\\/\\\/madame-sensuelle.paris\\\/fr\\\/product\\\/c-b-2019000034524\\\/\",\"name\":\"L'ensemble Ange blanc \u2013 BAED - Madame Sensuelle\",\"isPartOf\":{\"@id\":\"https:\\\/\\\/madame-sensuelle.paris\\\/fr\\\/#website\"},\"primaryImageOfPage\":{\"@id\":\"https:\\\/\\\/madame-sensuelle.paris\\\/fr\\\/product\\\/c-b-2019000034524\\\/#primaryimage\"},\"image\":{\"@id\":\"https:\\\/\\\/madame-sensuelle.paris\\\/fr\\\/product\\\/c-b-2019000034524\\\/#primaryimage\"},\"thumbnailUrl\":\"https:\\\/\\\/madame-sensuelle.paris\\\/wp-content\\\/uploads\\\/2024\\\/03\\\/ang_1.jpg\",\"datePublished\":\"2024-03-10T12:43:10+00:00\",\"dateModified\":\"2026-04-03T08:34:05+00:00\",\"description\":\"Ensemble ange blanc en dentelle. Le set comprend un soutien gorge armaturer avec un ras du coup, votre poitrine seras recouverte d'une belle dentelle avec des d\u00e9coupes tr\u00e8s d\u00e9licates et audacieuse en dessous du seins, les \u00e9paules sont recouverte de belle plumes blanche. Une culotte avec une petite fente, et un porte jarretelle d\u00e9cor\u00e9 de plumes. Le look est tr\u00e8s sophistiqu\u00e9 et mettras en valeurs tout les atouts de votre silhouette. Les anges sont tr\u00e8s doux mais peuvent \u00eatre coquins, a vous de choisir !\u00a0\",\"breadcrumb\":{\"@id\":\"https:\\\/\\\/madame-sensuelle.paris\\\/fr\\\/product\\\/c-b-2019000034524\\\/#breadcrumb\"},\"inLanguage\":\"fr-FR\",\"potentialAction\":[{\"@type\":\"ReadAction\",\"target\":[\"https:\\\/\\\/madame-sensuelle.paris\\\/fr\\\/product\\\/c-b-2019000034524\\\/\"]}]},{\"@type\":\"ImageObject\",\"inLanguage\":\"fr-FR\",\"@id\":\"https:\\\/\\\/madame-sensuelle.paris\\\/fr\\\/product\\\/c-b-2019000034524\\\/#primaryimage\",\"url\":\"https:\\\/\\\/madame-sensuelle.paris\\\/wp-content\\\/uploads\\\/2024\\\/03\\\/ang_1.jpg\",\"contentUrl\":\"https:\\\/\\\/madame-sensuelle.paris\\\/wp-content\\\/uploads\\\/2024\\\/03\\\/ang_1.jpg\",\"width\":800,\"height\":1200},{\"@type\":\"BreadcrumbList\",\"@id\":\"https:\\\/\\\/madame-sensuelle.paris\\\/fr\\\/product\\\/c-b-2019000034524\\\/#breadcrumb\",\"itemListElement\":[{\"@type\":\"ListItem\",\"position\":1,\"name\":\"Acceuil\",\"item\":\"https:\\\/\\\/madame-sensuelle.paris\\\/fr\\\/\"},{\"@type\":\"ListItem\",\"position\":2,\"name\":\"Catalogue\",\"item\":\"https:\\\/\\\/madame-sensuelle.paris\\\/fr\\\/catalogue\\\/\"},{\"@type\":\"ListItem\",\"position\":3,\"name\":\"BAED\",\"item\":\"https:\\\/\\\/madame-sensuelle.paris\\\/fr\\\/brand\\\/baed-stories\\\/\"},{\"@type\":\"ListItem\",\"position\":4,\"name\":\"L&#8217;ensemble Ange blanc\"}]},{\"@type\":\"WebSite\",\"@id\":\"https:\\\/\\\/madame-sensuelle.paris\\\/fr\\\/#website\",\"url\":\"https:\\\/\\\/madame-sensuelle.paris\\\/fr\\\/\",\"name\":\"MADAME SENSUELLE\",\"description\":\"MADAME SENSUELLE: Found the biggest exciting brands of chic &amp; SEXY LINGERIE in Paris Boutique and on the WEB: Aubade, Dita Von Teese, Maison Close, Marjolaine, Bluebella, Atelier Amour, Luxxa, Catanzaro, Gracija Rim. You will found the big pleasure of sexy belt or bra make for you\",\"publisher\":{\"@id\":\"https:\\\/\\\/madame-sensuelle.paris\\\/fr\\\/#organization\"},\"potentialAction\":[{\"@type\":\"SearchAction\",\"target\":{\"@type\":\"EntryPoint\",\"urlTemplate\":\"https:\\\/\\\/madame-sensuelle.paris\\\/fr\\\/?s={search_term_string}\"},\"query-input\":{\"@type\":\"PropertyValueSpecification\",\"valueRequired\":true,\"valueName\":\"search_term_string\"}}],\"inLanguage\":\"fr-FR\"},{\"@type\":\"Organization\",\"@id\":\"https:\\\/\\\/madame-sensuelle.paris\\\/fr\\\/#organization\",\"name\":\"Madame Sensuelle\",\"url\":\"https:\\\/\\\/madame-sensuelle.paris\\\/fr\\\/\",\"logo\":{\"@type\":\"ImageObject\",\"inLanguage\":\"fr-FR\",\"@id\":\"https:\\\/\\\/madame-sensuelle.paris\\\/fr\\\/#\\\/schema\\\/logo\\\/image\\\/\",\"url\":\"https:\\\/\\\/madame-sensuelle.paris\\\/wp-content\\\/uploads\\\/2024\\\/12\\\/logo_a-1-1_696.webp\",\"contentUrl\":\"https:\\\/\\\/madame-sensuelle.paris\\\/wp-content\\\/uploads\\\/2024\\\/12\\\/logo_a-1-1_696.webp\",\"width\":696,\"height\":696,\"caption\":\"Madame Sensuelle\"},\"image\":{\"@id\":\"https:\\\/\\\/madame-sensuelle.paris\\\/fr\\\/#\\\/schema\\\/logo\\\/image\\\/\"},\"sameAs\":[\"https:\\\/\\\/www.facebook.com\\\/madamesensuelle\",\"https:\\\/\\\/www.instagram.com\\\/madame_sensuelle\\\/\"]}]}<\/script>\n<!-- \/ Yoast SEO plugin. -->","yoast_head_json":{"title":"L'ensemble Ange blanc \u2013 BAED - Madame Sensuelle","description":"Ensemble ange blanc en dentelle. Le set comprend un soutien gorge armaturer avec un ras du coup, votre poitrine seras recouverte d'une belle dentelle avec des d\u00e9coupes tr\u00e8s d\u00e9licates et audacieuse en dessous du seins, les \u00e9paules sont recouverte de belle plumes blanche. Une culotte avec une petite fente, et un porte jarretelle d\u00e9cor\u00e9 de plumes. Le look est tr\u00e8s sophistiqu\u00e9 et mettras en valeurs tout les atouts de votre silhouette. Les anges sont tr\u00e8s doux mais peuvent \u00eatre coquins, a vous de choisir !\u00a0","robots":{"index":"index","follow":"follow","max-snippet":"max-snippet:-1","max-image-preview":"max-image-preview:large","max-video-preview":"max-video-preview:-1"},"canonical":"https:\/\/madame-sensuelle.paris\/fr\/product\/c-b-2019000034524\/","og_locale":"fr_FR","og_type":"article","og_title":"L'ensemble Ange blanc \u2013 BAED - Madame Sensuelle","og_description":"Ensemble ange blanc en dentelle. Le set comprend un soutien gorge armaturer avec un ras du coup, votre poitrine seras recouverte d'une belle dentelle avec des d\u00e9coupes tr\u00e8s d\u00e9licates et audacieuse en dessous du seins, les \u00e9paules sont recouverte de belle plumes blanche. Une culotte avec une petite fente, et un porte jarretelle d\u00e9cor\u00e9 de plumes. Le look est tr\u00e8s sophistiqu\u00e9 et mettras en valeurs tout les atouts de votre silhouette. Les anges sont tr\u00e8s doux mais peuvent \u00eatre coquins, a vous de choisir !\u00a0","og_url":"https:\/\/madame-sensuelle.paris\/fr\/product\/c-b-2019000034524\/","og_site_name":"Madame Sensuelle","article_publisher":"https:\/\/www.facebook.com\/madamesensuelle","article_modified_time":"2026-04-03T08:34:05+00:00","og_image":[{"width":800,"height":1200,"url":"https:\/\/madame-sensuelle.paris\/wp-content\/uploads\/2024\/03\/ang_1.jpg","type":"image\/jpeg"}],"twitter_card":"summary_large_image","twitter_misc":{"Dur\u00e9e de lecture estim\u00e9e":"2 minutes"},"schema":{"@context":"https:\/\/schema.org","@graph":[{"@type":"WebPage","@id":"https:\/\/madame-sensuelle.paris\/fr\/product\/c-b-2019000034524\/","url":"https:\/\/madame-sensuelle.paris\/fr\/product\/c-b-2019000034524\/","name":"L'ensemble Ange blanc \u2013 BAED - Madame Sensuelle","isPartOf":{"@id":"https:\/\/madame-sensuelle.paris\/fr\/#website"},"primaryImageOfPage":{"@id":"https:\/\/madame-sensuelle.paris\/fr\/product\/c-b-2019000034524\/#primaryimage"},"image":{"@id":"https:\/\/madame-sensuelle.paris\/fr\/product\/c-b-2019000034524\/#primaryimage"},"thumbnailUrl":"https:\/\/madame-sensuelle.paris\/wp-content\/uploads\/2024\/03\/ang_1.jpg","datePublished":"2024-03-10T12:43:10+00:00","dateModified":"2026-04-03T08:34:05+00:00","description":"Ensemble ange blanc en dentelle. Le set comprend un soutien gorge armaturer avec un ras du coup, votre poitrine seras recouverte d'une belle dentelle avec des d\u00e9coupes tr\u00e8s d\u00e9licates et audacieuse en dessous du seins, les \u00e9paules sont recouverte de belle plumes blanche. Une culotte avec une petite fente, et un porte jarretelle d\u00e9cor\u00e9 de plumes. Le look est tr\u00e8s sophistiqu\u00e9 et mettras en valeurs tout les atouts de votre silhouette. Les anges sont tr\u00e8s doux mais peuvent \u00eatre coquins, a vous de choisir !\u00a0","breadcrumb":{"@id":"https:\/\/madame-sensuelle.paris\/fr\/product\/c-b-2019000034524\/#breadcrumb"},"inLanguage":"fr-FR","potentialAction":[{"@type":"ReadAction","target":["https:\/\/madame-sensuelle.paris\/fr\/product\/c-b-2019000034524\/"]}]},{"@type":"ImageObject","inLanguage":"fr-FR","@id":"https:\/\/madame-sensuelle.paris\/fr\/product\/c-b-2019000034524\/#primaryimage","url":"https:\/\/madame-sensuelle.paris\/wp-content\/uploads\/2024\/03\/ang_1.jpg","contentUrl":"https:\/\/madame-sensuelle.paris\/wp-content\/uploads\/2024\/03\/ang_1.jpg","width":800,"height":1200},{"@type":"BreadcrumbList","@id":"https:\/\/madame-sensuelle.paris\/fr\/product\/c-b-2019000034524\/#breadcrumb","itemListElement":[{"@type":"ListItem","position":1,"name":"Acceuil","item":"https:\/\/madame-sensuelle.paris\/fr\/"},{"@type":"ListItem","position":2,"name":"Catalogue","item":"https:\/\/madame-sensuelle.paris\/fr\/catalogue\/"},{"@type":"ListItem","position":3,"name":"BAED","item":"https:\/\/madame-sensuelle.paris\/fr\/brand\/baed-stories\/"},{"@type":"ListItem","position":4,"name":"L&#8217;ensemble Ange blanc"}]},{"@type":"WebSite","@id":"https:\/\/madame-sensuelle.paris\/fr\/#website","url":"https:\/\/madame-sensuelle.paris\/fr\/","name":"MADAME SENSUELLE","description":"MADAME SENSUELLE: Found the biggest exciting brands of chic &amp; SEXY LINGERIE in Paris Boutique and on the WEB: Aubade, Dita Von Teese, Maison Close, Marjolaine, Bluebella, Atelier Amour, Luxxa, Catanzaro, Gracija Rim. You will found the big pleasure of sexy belt or bra make for you","publisher":{"@id":"https:\/\/madame-sensuelle.paris\/fr\/#organization"},"potentialAction":[{"@type":"SearchAction","target":{"@type":"EntryPoint","urlTemplate":"https:\/\/madame-sensuelle.paris\/fr\/?s={search_term_string}"},"query-input":{"@type":"PropertyValueSpecification","valueRequired":true,"valueName":"search_term_string"}}],"inLanguage":"fr-FR"},{"@type":"Organization","@id":"https:\/\/madame-sensuelle.paris\/fr\/#organization","name":"Madame Sensuelle","url":"https:\/\/madame-sensuelle.paris\/fr\/","logo":{"@type":"ImageObject","inLanguage":"fr-FR","@id":"https:\/\/madame-sensuelle.paris\/fr\/#\/schema\/logo\/image\/","url":"https:\/\/madame-sensuelle.paris\/wp-content\/uploads\/2024\/12\/logo_a-1-1_696.webp","contentUrl":"https:\/\/madame-sensuelle.paris\/wp-content\/uploads\/2024\/12\/logo_a-1-1_696.webp","width":696,"height":696,"caption":"Madame Sensuelle"},"image":{"@id":"https:\/\/madame-sensuelle.paris\/fr\/#\/schema\/logo\/image\/"},"sameAs":["https:\/\/www.facebook.com\/madamesensuelle","https:\/\/www.instagram.com\/madame_sensuelle\/"]}]}},"brands":[{"id":2789,"name":"BAED","slug":"baed-stories"}],"_links":{"self":[{"href":"https:\/\/madame-sensuelle.paris\/fr\/wp-json\/wp\/v2\/product\/66242","targetHints":{"allow":["GET"]}}],"collection":[{"href":"https:\/\/madame-sensuelle.paris\/fr\/wp-json\/wp\/v2\/product"}],"about":[{"href":"https:\/\/madame-sensuelle.paris\/fr\/wp-json\/wp\/v2\/types\/product"}],"version-history":[{"count":1,"href":"https:\/\/madame-sensuelle.paris\/fr\/wp-json\/wp\/v2\/product\/66242\/revisions"}],"predecessor-version":[{"id":120378,"href":"https:\/\/madame-sensuelle.paris\/fr\/wp-json\/wp\/v2\/product\/66242\/revisions\/120378"}],"wp:featuredmedia":[{"embeddable":true,"href":"https:\/\/madame-sensuelle.paris\/fr\/wp-json\/wp\/v2\/media\/83267"}],"wp:attachment":[{"href":"https:\/\/madame-sensuelle.paris\/fr\/wp-json\/wp\/v2\/media?parent=66242"}],"wp:term":[{"taxonomy":"pwb-brand","embeddable":true,"href":"https:\/\/madame-sensuelle.paris\/fr\/wp-json\/wp\/v2\/pwb-brand?post=66242"},{"taxonomy":"product_brand","embeddable":true,"href":"https:\/\/madame-sensuelle.paris\/fr\/wp-json\/wp\/v2\/product_brand?post=66242"},{"taxonomy":"product_cat","embeddable":true,"href":"https:\/\/madame-sensuelle.paris\/fr\/wp-json\/wp\/v2\/product_cat?post=66242"},{"taxonomy":"product_tag","embeddable":true,"href":"https:\/\/madame-sensuelle.paris\/fr\/wp-json\/wp\/v2\/product_tag?post=66242"},{"taxonomy":"giftcard-category","embeddable":true,"href":"https:\/\/madame-sensuelle.paris\/fr\/wp-json\/wp\/v2\/giftcard-category?post=66242"}],"curies":[{"name":"wp","href":"https:\/\/api.w.org\/{rel}","templated":true}]}}