{"id":66254,"date":"2024-03-10T12:43:10","date_gmt":"2024-03-10T12:43:10","guid":{"rendered":"https:\/\/madame-sensuelle.eu\/?post_type=product&#038;p=66254"},"modified":"2026-04-03T09:05:35","modified_gmt":"2026-04-03T09:05:35","slug":"lensemble-juge","status":"publish","type":"product","link":"https:\/\/madame-sensuelle.paris\/fr\/product\/lensemble-juge\/","title":{"rendered":"L&#8217;ensemble Juge"},"content":{"rendered":"<p>Ensemble juge en dentelle et maille. Le set comprend un soutient gorge en dentelle recouvert de velours avec un motif luxueux qu&#8217;on retrouve sur le porte jarretelle armaturer mais \u00e9galement sur le string transparent avec un volant en dentelle chic. Une cape en maille pour ajouter un cot\u00e9 myst\u00e9rieux et un jabot de coup avec un bijoux m\u00e9tallique qui repr\u00e9sente le logo de la marque. Vous pouvez \u00eatre une femme ob\u00e9issante en dehors de la chambre mais lorsque vous mettez cette ensemble, devenez le juge strict et faite vous ob\u00e9ir !<\/p>\n","protected":false},"excerpt":{"rendered":"<p>Ensemble juge en dentelle et maille. Le set comprend un soutient gorge en dentelle recouvert de velours avec un motif luxueux qu&#8217;on retrouve sur le porte jarretelle armaturer mais \u00e9galement sur le string transparent avec un volant en dentelle chic. Une cape en maille pour ajouter un cot\u00e9 myst\u00e9rieux et un jabot de coup avec<\/p>\n","protected":false},"featured_media":105426,"template":"","meta":[],"pwb-brand":[2789],"product_brand":[],"product_cat":[3520],"product_tag":[],"giftcard-category":[],"class_list":{"0":"post-66254","1":"product","2":"type-product","3":"status-publish","4":"has-post-thumbnail","6":"pwb-brand-baed-stories","7":"product_cat-deguisement-sexy","9":"first","10":"instock","11":"taxable","12":"shipping-taxable","13":"purchasable","14":"product-type-variable","15":"has-default-attributes"},"yoast_head":"<!-- This site is optimized with the Yoast SEO plugin v27.4 - https:\/\/yoast.com\/product\/yoast-seo-wordpress\/ -->\n<title>L&#039;ensemble Juge \u2013 BAED - Madame Sensuelle<\/title>\n<meta name=\"description\" content=\"Ensemble juge en dentelle et maille. Le set comprend un soutient gorge en dentelle recouvert de velours avec un motif luxueux qu&#039;on retrouve sur le porte jarretelle armaturer mais \u00e9galement sur le string transparent avec un volant en dentelle chic. Une cape en maille pour ajouter un cot\u00e9 myst\u00e9rieux et un jabot de coup avec un bijoux m\u00e9tallique qui repr\u00e9sente le logo de la marque. Vous pouvez \u00eatre une femme ob\u00e9issante en dehors de la chambre mais lorsque vous mettez cette ensemble, devenez le juge strict et faite vous ob\u00e9ir !\u00a0\" \/>\n<meta name=\"robots\" content=\"index, follow, max-snippet:-1, max-image-preview:large, max-video-preview:-1\" \/>\n<link rel=\"canonical\" href=\"https:\/\/madame-sensuelle.paris\/fr\/product\/lensemble-juge\/\" \/>\n<meta property=\"og:locale\" content=\"fr_FR\" \/>\n<meta property=\"og:type\" content=\"article\" \/>\n<meta property=\"og:title\" content=\"L&#039;ensemble Juge \u2013 BAED - Madame Sensuelle\" \/>\n<meta property=\"og:description\" content=\"Ensemble juge en dentelle et maille. Le set comprend un soutient gorge en dentelle recouvert de velours avec un motif luxueux qu&#039;on retrouve sur le porte jarretelle armaturer mais \u00e9galement sur le string transparent avec un volant en dentelle chic. Une cape en maille pour ajouter un cot\u00e9 myst\u00e9rieux et un jabot de coup avec un bijoux m\u00e9tallique qui repr\u00e9sente le logo de la marque. Vous pouvez \u00eatre une femme ob\u00e9issante en dehors de la chambre mais lorsque vous mettez cette ensemble, devenez le juge strict et faite vous ob\u00e9ir !\u00a0\" \/>\n<meta property=\"og:url\" content=\"https:\/\/madame-sensuelle.paris\/fr\/product\/lensemble-juge\/\" \/>\n<meta property=\"og:site_name\" content=\"Madame Sensuelle\" \/>\n<meta property=\"article:publisher\" content=\"https:\/\/www.facebook.com\/madamesensuelle\" \/>\n<meta property=\"article:modified_time\" content=\"2026-04-03T09:05:35+00:00\" \/>\n<meta property=\"og:image\" content=\"https:\/\/madame-sensuelle.paris\/wp-content\/uploads\/2024\/03\/BS_judge_3_2b36e193-1e56-412a-a33c-d58b6eaf57f6.webp\" \/>\n\t<meta property=\"og:image:width\" content=\"1334\" \/>\n\t<meta property=\"og:image:height\" content=\"2001\" \/>\n\t<meta property=\"og:image:type\" content=\"image\/webp\" \/>\n<meta name=\"twitter:card\" content=\"summary_large_image\" \/>\n<meta name=\"twitter:label1\" content=\"Dur\u00e9e de lecture estim\u00e9e\" \/>\n\t<meta name=\"twitter:data1\" content=\"1 minute\" \/>\n<script type=\"application\/ld+json\" class=\"yoast-schema-graph\">{\"@context\":\"https:\\\/\\\/schema.org\",\"@graph\":[{\"@type\":\"WebPage\",\"@id\":\"https:\\\/\\\/madame-sensuelle.paris\\\/fr\\\/product\\\/lensemble-juge\\\/\",\"url\":\"https:\\\/\\\/madame-sensuelle.paris\\\/fr\\\/product\\\/lensemble-juge\\\/\",\"name\":\"L'ensemble Juge \u2013 BAED - Madame Sensuelle\",\"isPartOf\":{\"@id\":\"https:\\\/\\\/madame-sensuelle.paris\\\/fr\\\/#website\"},\"primaryImageOfPage\":{\"@id\":\"https:\\\/\\\/madame-sensuelle.paris\\\/fr\\\/product\\\/lensemble-juge\\\/#primaryimage\"},\"image\":{\"@id\":\"https:\\\/\\\/madame-sensuelle.paris\\\/fr\\\/product\\\/lensemble-juge\\\/#primaryimage\"},\"thumbnailUrl\":\"https:\\\/\\\/madame-sensuelle.paris\\\/wp-content\\\/uploads\\\/2024\\\/03\\\/BS_judge_3_2b36e193-1e56-412a-a33c-d58b6eaf57f6.webp\",\"datePublished\":\"2024-03-10T12:43:10+00:00\",\"dateModified\":\"2026-04-03T09:05:35+00:00\",\"description\":\"Ensemble juge en dentelle et maille. Le set comprend un soutient gorge en dentelle recouvert de velours avec un motif luxueux qu'on retrouve sur le porte jarretelle armaturer mais \u00e9galement sur le string transparent avec un volant en dentelle chic. Une cape en maille pour ajouter un cot\u00e9 myst\u00e9rieux et un jabot de coup avec un bijoux m\u00e9tallique qui repr\u00e9sente le logo de la marque. Vous pouvez \u00eatre une femme ob\u00e9issante en dehors de la chambre mais lorsque vous mettez cette ensemble, devenez le juge strict et faite vous ob\u00e9ir !\u00a0\",\"breadcrumb\":{\"@id\":\"https:\\\/\\\/madame-sensuelle.paris\\\/fr\\\/product\\\/lensemble-juge\\\/#breadcrumb\"},\"inLanguage\":\"fr-FR\",\"potentialAction\":[{\"@type\":\"ReadAction\",\"target\":[\"https:\\\/\\\/madame-sensuelle.paris\\\/fr\\\/product\\\/lensemble-juge\\\/\"]}]},{\"@type\":\"ImageObject\",\"inLanguage\":\"fr-FR\",\"@id\":\"https:\\\/\\\/madame-sensuelle.paris\\\/fr\\\/product\\\/lensemble-juge\\\/#primaryimage\",\"url\":\"https:\\\/\\\/madame-sensuelle.paris\\\/wp-content\\\/uploads\\\/2024\\\/03\\\/BS_judge_3_2b36e193-1e56-412a-a33c-d58b6eaf57f6.webp\",\"contentUrl\":\"https:\\\/\\\/madame-sensuelle.paris\\\/wp-content\\\/uploads\\\/2024\\\/03\\\/BS_judge_3_2b36e193-1e56-412a-a33c-d58b6eaf57f6.webp\",\"width\":1334,\"height\":2001},{\"@type\":\"BreadcrumbList\",\"@id\":\"https:\\\/\\\/madame-sensuelle.paris\\\/fr\\\/product\\\/lensemble-juge\\\/#breadcrumb\",\"itemListElement\":[{\"@type\":\"ListItem\",\"position\":1,\"name\":\"Acceuil\",\"item\":\"https:\\\/\\\/madame-sensuelle.paris\\\/fr\\\/\"},{\"@type\":\"ListItem\",\"position\":2,\"name\":\"Catalogue\",\"item\":\"https:\\\/\\\/madame-sensuelle.paris\\\/fr\\\/catalogue\\\/\"},{\"@type\":\"ListItem\",\"position\":3,\"name\":\"BAED\",\"item\":\"https:\\\/\\\/madame-sensuelle.paris\\\/fr\\\/brand\\\/baed-stories\\\/\"},{\"@type\":\"ListItem\",\"position\":4,\"name\":\"L&#8217;ensemble Juge\"}]},{\"@type\":\"WebSite\",\"@id\":\"https:\\\/\\\/madame-sensuelle.paris\\\/fr\\\/#website\",\"url\":\"https:\\\/\\\/madame-sensuelle.paris\\\/fr\\\/\",\"name\":\"MADAME SENSUELLE\",\"description\":\"MADAME SENSUELLE: Found the biggest exciting brands of chic &amp; SEXY LINGERIE in Paris Boutique and on the WEB: Aubade, Dita Von Teese, Maison Close, Marjolaine, Bluebella, Atelier Amour, Luxxa, Catanzaro, Gracija Rim. You will found the big pleasure of sexy belt or bra make for you\",\"publisher\":{\"@id\":\"https:\\\/\\\/madame-sensuelle.paris\\\/fr\\\/#organization\"},\"potentialAction\":[{\"@type\":\"SearchAction\",\"target\":{\"@type\":\"EntryPoint\",\"urlTemplate\":\"https:\\\/\\\/madame-sensuelle.paris\\\/fr\\\/?s={search_term_string}\"},\"query-input\":{\"@type\":\"PropertyValueSpecification\",\"valueRequired\":true,\"valueName\":\"search_term_string\"}}],\"inLanguage\":\"fr-FR\"},{\"@type\":\"Organization\",\"@id\":\"https:\\\/\\\/madame-sensuelle.paris\\\/fr\\\/#organization\",\"name\":\"Madame Sensuelle\",\"url\":\"https:\\\/\\\/madame-sensuelle.paris\\\/fr\\\/\",\"logo\":{\"@type\":\"ImageObject\",\"inLanguage\":\"fr-FR\",\"@id\":\"https:\\\/\\\/madame-sensuelle.paris\\\/fr\\\/#\\\/schema\\\/logo\\\/image\\\/\",\"url\":\"https:\\\/\\\/madame-sensuelle.paris\\\/wp-content\\\/uploads\\\/2024\\\/12\\\/logo_a-1-1_696.webp\",\"contentUrl\":\"https:\\\/\\\/madame-sensuelle.paris\\\/wp-content\\\/uploads\\\/2024\\\/12\\\/logo_a-1-1_696.webp\",\"width\":696,\"height\":696,\"caption\":\"Madame Sensuelle\"},\"image\":{\"@id\":\"https:\\\/\\\/madame-sensuelle.paris\\\/fr\\\/#\\\/schema\\\/logo\\\/image\\\/\"},\"sameAs\":[\"https:\\\/\\\/www.facebook.com\\\/madamesensuelle\",\"https:\\\/\\\/www.instagram.com\\\/madame_sensuelle\\\/\"]}]}<\/script>\n<!-- \/ Yoast SEO plugin. -->","yoast_head_json":{"title":"L'ensemble Juge \u2013 BAED - Madame Sensuelle","description":"Ensemble juge en dentelle et maille. Le set comprend un soutient gorge en dentelle recouvert de velours avec un motif luxueux qu'on retrouve sur le porte jarretelle armaturer mais \u00e9galement sur le string transparent avec un volant en dentelle chic. Une cape en maille pour ajouter un cot\u00e9 myst\u00e9rieux et un jabot de coup avec un bijoux m\u00e9tallique qui repr\u00e9sente le logo de la marque. Vous pouvez \u00eatre une femme ob\u00e9issante en dehors de la chambre mais lorsque vous mettez cette ensemble, devenez le juge strict et faite vous ob\u00e9ir !\u00a0","robots":{"index":"index","follow":"follow","max-snippet":"max-snippet:-1","max-image-preview":"max-image-preview:large","max-video-preview":"max-video-preview:-1"},"canonical":"https:\/\/madame-sensuelle.paris\/fr\/product\/lensemble-juge\/","og_locale":"fr_FR","og_type":"article","og_title":"L'ensemble Juge \u2013 BAED - Madame Sensuelle","og_description":"Ensemble juge en dentelle et maille. Le set comprend un soutient gorge en dentelle recouvert de velours avec un motif luxueux qu'on retrouve sur le porte jarretelle armaturer mais \u00e9galement sur le string transparent avec un volant en dentelle chic. Une cape en maille pour ajouter un cot\u00e9 myst\u00e9rieux et un jabot de coup avec un bijoux m\u00e9tallique qui repr\u00e9sente le logo de la marque. Vous pouvez \u00eatre une femme ob\u00e9issante en dehors de la chambre mais lorsque vous mettez cette ensemble, devenez le juge strict et faite vous ob\u00e9ir !\u00a0","og_url":"https:\/\/madame-sensuelle.paris\/fr\/product\/lensemble-juge\/","og_site_name":"Madame Sensuelle","article_publisher":"https:\/\/www.facebook.com\/madamesensuelle","article_modified_time":"2026-04-03T09:05:35+00:00","og_image":[{"width":1334,"height":2001,"url":"https:\/\/madame-sensuelle.paris\/wp-content\/uploads\/2024\/03\/BS_judge_3_2b36e193-1e56-412a-a33c-d58b6eaf57f6.webp","type":"image\/webp"}],"twitter_card":"summary_large_image","twitter_misc":{"Dur\u00e9e de lecture estim\u00e9e":"1 minute"},"schema":{"@context":"https:\/\/schema.org","@graph":[{"@type":"WebPage","@id":"https:\/\/madame-sensuelle.paris\/fr\/product\/lensemble-juge\/","url":"https:\/\/madame-sensuelle.paris\/fr\/product\/lensemble-juge\/","name":"L'ensemble Juge \u2013 BAED - Madame Sensuelle","isPartOf":{"@id":"https:\/\/madame-sensuelle.paris\/fr\/#website"},"primaryImageOfPage":{"@id":"https:\/\/madame-sensuelle.paris\/fr\/product\/lensemble-juge\/#primaryimage"},"image":{"@id":"https:\/\/madame-sensuelle.paris\/fr\/product\/lensemble-juge\/#primaryimage"},"thumbnailUrl":"https:\/\/madame-sensuelle.paris\/wp-content\/uploads\/2024\/03\/BS_judge_3_2b36e193-1e56-412a-a33c-d58b6eaf57f6.webp","datePublished":"2024-03-10T12:43:10+00:00","dateModified":"2026-04-03T09:05:35+00:00","description":"Ensemble juge en dentelle et maille. Le set comprend un soutient gorge en dentelle recouvert de velours avec un motif luxueux qu'on retrouve sur le porte jarretelle armaturer mais \u00e9galement sur le string transparent avec un volant en dentelle chic. Une cape en maille pour ajouter un cot\u00e9 myst\u00e9rieux et un jabot de coup avec un bijoux m\u00e9tallique qui repr\u00e9sente le logo de la marque. Vous pouvez \u00eatre une femme ob\u00e9issante en dehors de la chambre mais lorsque vous mettez cette ensemble, devenez le juge strict et faite vous ob\u00e9ir !\u00a0","breadcrumb":{"@id":"https:\/\/madame-sensuelle.paris\/fr\/product\/lensemble-juge\/#breadcrumb"},"inLanguage":"fr-FR","potentialAction":[{"@type":"ReadAction","target":["https:\/\/madame-sensuelle.paris\/fr\/product\/lensemble-juge\/"]}]},{"@type":"ImageObject","inLanguage":"fr-FR","@id":"https:\/\/madame-sensuelle.paris\/fr\/product\/lensemble-juge\/#primaryimage","url":"https:\/\/madame-sensuelle.paris\/wp-content\/uploads\/2024\/03\/BS_judge_3_2b36e193-1e56-412a-a33c-d58b6eaf57f6.webp","contentUrl":"https:\/\/madame-sensuelle.paris\/wp-content\/uploads\/2024\/03\/BS_judge_3_2b36e193-1e56-412a-a33c-d58b6eaf57f6.webp","width":1334,"height":2001},{"@type":"BreadcrumbList","@id":"https:\/\/madame-sensuelle.paris\/fr\/product\/lensemble-juge\/#breadcrumb","itemListElement":[{"@type":"ListItem","position":1,"name":"Acceuil","item":"https:\/\/madame-sensuelle.paris\/fr\/"},{"@type":"ListItem","position":2,"name":"Catalogue","item":"https:\/\/madame-sensuelle.paris\/fr\/catalogue\/"},{"@type":"ListItem","position":3,"name":"BAED","item":"https:\/\/madame-sensuelle.paris\/fr\/brand\/baed-stories\/"},{"@type":"ListItem","position":4,"name":"L&#8217;ensemble Juge"}]},{"@type":"WebSite","@id":"https:\/\/madame-sensuelle.paris\/fr\/#website","url":"https:\/\/madame-sensuelle.paris\/fr\/","name":"MADAME SENSUELLE","description":"MADAME SENSUELLE: Found the biggest exciting brands of chic &amp; SEXY LINGERIE in Paris Boutique and on the WEB: Aubade, Dita Von Teese, Maison Close, Marjolaine, Bluebella, Atelier Amour, Luxxa, Catanzaro, Gracija Rim. You will found the big pleasure of sexy belt or bra make for you","publisher":{"@id":"https:\/\/madame-sensuelle.paris\/fr\/#organization"},"potentialAction":[{"@type":"SearchAction","target":{"@type":"EntryPoint","urlTemplate":"https:\/\/madame-sensuelle.paris\/fr\/?s={search_term_string}"},"query-input":{"@type":"PropertyValueSpecification","valueRequired":true,"valueName":"search_term_string"}}],"inLanguage":"fr-FR"},{"@type":"Organization","@id":"https:\/\/madame-sensuelle.paris\/fr\/#organization","name":"Madame Sensuelle","url":"https:\/\/madame-sensuelle.paris\/fr\/","logo":{"@type":"ImageObject","inLanguage":"fr-FR","@id":"https:\/\/madame-sensuelle.paris\/fr\/#\/schema\/logo\/image\/","url":"https:\/\/madame-sensuelle.paris\/wp-content\/uploads\/2024\/12\/logo_a-1-1_696.webp","contentUrl":"https:\/\/madame-sensuelle.paris\/wp-content\/uploads\/2024\/12\/logo_a-1-1_696.webp","width":696,"height":696,"caption":"Madame Sensuelle"},"image":{"@id":"https:\/\/madame-sensuelle.paris\/fr\/#\/schema\/logo\/image\/"},"sameAs":["https:\/\/www.facebook.com\/madamesensuelle","https:\/\/www.instagram.com\/madame_sensuelle\/"]}]}},"brands":[{"id":2789,"name":"BAED","slug":"baed-stories"}],"_links":{"self":[{"href":"https:\/\/madame-sensuelle.paris\/fr\/wp-json\/wp\/v2\/product\/66254","targetHints":{"allow":["GET"]}}],"collection":[{"href":"https:\/\/madame-sensuelle.paris\/fr\/wp-json\/wp\/v2\/product"}],"about":[{"href":"https:\/\/madame-sensuelle.paris\/fr\/wp-json\/wp\/v2\/types\/product"}],"version-history":[{"count":1,"href":"https:\/\/madame-sensuelle.paris\/fr\/wp-json\/wp\/v2\/product\/66254\/revisions"}],"predecessor-version":[{"id":110507,"href":"https:\/\/madame-sensuelle.paris\/fr\/wp-json\/wp\/v2\/product\/66254\/revisions\/110507"}],"wp:featuredmedia":[{"embeddable":true,"href":"https:\/\/madame-sensuelle.paris\/fr\/wp-json\/wp\/v2\/media\/105426"}],"wp:attachment":[{"href":"https:\/\/madame-sensuelle.paris\/fr\/wp-json\/wp\/v2\/media?parent=66254"}],"wp:term":[{"taxonomy":"pwb-brand","embeddable":true,"href":"https:\/\/madame-sensuelle.paris\/fr\/wp-json\/wp\/v2\/pwb-brand?post=66254"},{"taxonomy":"product_brand","embeddable":true,"href":"https:\/\/madame-sensuelle.paris\/fr\/wp-json\/wp\/v2\/product_brand?post=66254"},{"taxonomy":"product_cat","embeddable":true,"href":"https:\/\/madame-sensuelle.paris\/fr\/wp-json\/wp\/v2\/product_cat?post=66254"},{"taxonomy":"product_tag","embeddable":true,"href":"https:\/\/madame-sensuelle.paris\/fr\/wp-json\/wp\/v2\/product_tag?post=66254"},{"taxonomy":"giftcard-category","embeddable":true,"href":"https:\/\/madame-sensuelle.paris\/fr\/wp-json\/wp\/v2\/giftcard-category?post=66254"}],"curies":[{"name":"wp","href":"https:\/\/api.w.org\/{rel}","templated":true}]}}