{"id":66282,"date":"2024-03-10T12:43:23","date_gmt":"2024-03-10T12:43:23","guid":{"rendered":"https:\/\/madame-sensuelle.eu\/?post_type=product&#038;p=66282"},"modified":"2026-05-03T01:01:56","modified_gmt":"2026-05-03T01:01:56","slug":"c-mc-2019000076401","status":"publish","type":"product","link":"https:\/\/madame-sensuelle.paris\/fr\/product\/c-mc-2019000076401\/","title":{"rendered":"Mini string effet-cuir mat avec anneau dor\u00e9 Chambre Noire"},"content":{"rendered":"<p data-start=\"234\" data-end=\"434\">Affirmez votre sensualit\u00e9 avec le mini string effet-cuir mat sign\u00e9 <strong data-start=\"301\" data-end=\"318\">Chambre Noire<\/strong>.<\/p>\n<ul>\n<li data-start=\"234\" data-end=\"434\">Sa <strong data-start=\"323\" data-end=\"352\">coupe ajust\u00e9e et moulante<\/strong> \u00e9pouse les courbes avec pr\u00e9cision, mettant en valeur la silhouette avec audace.<\/li>\n<li data-start=\"436\" data-end=\"665\">Le tissu effet-cuir, au fini mat, apporte une allure luxueuse tout en restant souple et agr\u00e9able sur la peau.<\/li>\n<li data-start=\"436\" data-end=\"665\">Une <strong data-start=\"550\" data-end=\"571\">doublure en coton<\/strong> a \u00e9t\u00e9 discr\u00e8tement int\u00e9gr\u00e9e pour garantir un confort optimal, m\u00eame lors d\u2019un port prolong\u00e9.<\/li>\n<li data-start=\"667\" data-end=\"827\">\u00c0 l\u2019avant, un <strong data-start=\"681\" data-end=\"696\">anneau dor\u00e9<\/strong> capte la lumi\u00e8re et ajoute une touche pr\u00e9cieuse au design. Ce d\u00e9tail raffin\u00e9 attire le regard et sublime la pi\u00e8ce avec \u00e9l\u00e9gance.<\/li>\n<\/ul>\n<p data-start=\"829\" data-end=\"950\">Minimaliste, provocant et sophistiqu\u00e9, ce string est con\u00e7u pour celles et ceux qui recherchent une lingerie de caract\u00e8re.<\/p>\n","protected":false},"excerpt":{"rendered":"<p>Affirmez votre sensualit\u00e9 avec le mini string effet-cuir mat sign\u00e9 Chambre Noire. Sa coupe ajust\u00e9e et moulante \u00e9pouse les courbes avec pr\u00e9cision, mettant en valeur la silhouette avec audace. Le tissu effet-cuir, au fini mat, apporte une allure luxueuse tout en restant souple et agr\u00e9able sur la peau. Une doublure en coton a \u00e9t\u00e9 discr\u00e8tement<\/p>\n","protected":false},"featured_media":84969,"template":"","meta":[],"pwb-brand":[2776],"product_brand":[],"product_cat":[1270,1245,1231],"product_tag":[],"giftcard-category":[],"class_list":{"0":"post-66282","1":"product","2":"type-product","3":"status-publish","4":"has-post-thumbnail","6":"pwb-brand-maison-close","7":"product_cat-culottes-sexy","8":"product_cat-lingerie-sexy-femme-erotique-et-glamour","9":"product_cat-string","10":"pa_collection-chambre-noire-fr","12":"first","13":"instock","14":"taxable","15":"shipping-taxable","16":"purchasable","17":"product-type-variable","18":"has-default-attributes"},"yoast_head":"<!-- This site is optimized with the Yoast SEO plugin v27.5 - https:\/\/yoast.com\/product\/yoast-seo-wordpress\/ -->\n<title>Mini string effet-cuir mat avec anneau dor\u00e9 Chambre Noire - Madame Sensuelle<\/title>\n<meta name=\"description\" content=\"Mini string effet-cuir mat avec anneau dor\u00e9 \u2013 coupe ajust\u00e9e et moulante, doublure coton confortable. Lingerie audacieuse et raffin\u00e9e sign\u00e9e Chambre Noire.\" \/>\n<meta name=\"robots\" content=\"index, follow, max-snippet:-1, max-image-preview:large, max-video-preview:-1\" \/>\n<link rel=\"canonical\" href=\"https:\/\/madame-sensuelle.paris\/fr\/product\/c-mc-2019000076401\/\" \/>\n<meta property=\"og:locale\" content=\"fr_FR\" \/>\n<meta property=\"og:type\" content=\"article\" \/>\n<meta property=\"og:title\" content=\"Mini string effet-cuir mat avec anneau dor\u00e9 Chambre Noire - Madame Sensuelle\" \/>\n<meta property=\"og:description\" content=\"Mini string effet-cuir mat avec anneau dor\u00e9 \u2013 coupe ajust\u00e9e et moulante, doublure coton confortable. Lingerie audacieuse et raffin\u00e9e sign\u00e9e Chambre Noire.\" \/>\n<meta property=\"og:url\" content=\"https:\/\/madame-sensuelle.paris\/fr\/product\/c-mc-2019000076401\/\" \/>\n<meta property=\"og:site_name\" content=\"Madame Sensuelle\" \/>\n<meta property=\"article:publisher\" content=\"https:\/\/www.facebook.com\/madamesensuelle\" \/>\n<meta property=\"article:modified_time\" content=\"2026-05-03T01:01:56+00:00\" \/>\n<meta property=\"og:image\" content=\"http:\/\/madame-sensuelle.paris\/wp-content\/uploads\/2024\/03\/mini_thong_2.png\" \/>\n\t<meta property=\"og:image:width\" content=\"800\" \/>\n\t<meta property=\"og:image:height\" content=\"1200\" \/>\n\t<meta property=\"og:image:type\" content=\"image\/png\" \/>\n<meta name=\"twitter:card\" content=\"summary_large_image\" \/>\n<meta name=\"twitter:label1\" content=\"Dur\u00e9e de lecture estim\u00e9e\" \/>\n\t<meta name=\"twitter:data1\" content=\"2 minutes\" \/>\n<script type=\"application\/ld+json\" class=\"yoast-schema-graph\">{\"@context\":\"https:\\\/\\\/schema.org\",\"@graph\":[{\"@type\":\"WebPage\",\"@id\":\"https:\\\/\\\/madame-sensuelle.paris\\\/fr\\\/product\\\/c-mc-2019000076401\\\/\",\"url\":\"https:\\\/\\\/madame-sensuelle.paris\\\/fr\\\/product\\\/c-mc-2019000076401\\\/\",\"name\":\"Mini string effet-cuir mat avec anneau dor\u00e9 Chambre Noire - Madame Sensuelle\",\"isPartOf\":{\"@id\":\"https:\\\/\\\/madame-sensuelle.paris\\\/fr\\\/#website\"},\"primaryImageOfPage\":{\"@id\":\"https:\\\/\\\/madame-sensuelle.paris\\\/fr\\\/product\\\/c-mc-2019000076401\\\/#primaryimage\"},\"image\":{\"@id\":\"https:\\\/\\\/madame-sensuelle.paris\\\/fr\\\/product\\\/c-mc-2019000076401\\\/#primaryimage\"},\"thumbnailUrl\":\"https:\\\/\\\/madame-sensuelle.paris\\\/wp-content\\\/uploads\\\/2024\\\/03\\\/mini_thong_2.png\",\"datePublished\":\"2024-03-10T12:43:23+00:00\",\"dateModified\":\"2026-05-03T01:01:56+00:00\",\"description\":\"Mini string effet-cuir mat avec anneau dor\u00e9 \u2013 coupe ajust\u00e9e et moulante, doublure coton confortable. Lingerie audacieuse et raffin\u00e9e sign\u00e9e Chambre Noire.\",\"breadcrumb\":{\"@id\":\"https:\\\/\\\/madame-sensuelle.paris\\\/fr\\\/product\\\/c-mc-2019000076401\\\/#breadcrumb\"},\"inLanguage\":\"fr-FR\",\"potentialAction\":[{\"@type\":\"ReadAction\",\"target\":[\"https:\\\/\\\/madame-sensuelle.paris\\\/fr\\\/product\\\/c-mc-2019000076401\\\/\"]}]},{\"@type\":\"ImageObject\",\"inLanguage\":\"fr-FR\",\"@id\":\"https:\\\/\\\/madame-sensuelle.paris\\\/fr\\\/product\\\/c-mc-2019000076401\\\/#primaryimage\",\"url\":\"https:\\\/\\\/madame-sensuelle.paris\\\/wp-content\\\/uploads\\\/2024\\\/03\\\/mini_thong_2.png\",\"contentUrl\":\"https:\\\/\\\/madame-sensuelle.paris\\\/wp-content\\\/uploads\\\/2024\\\/03\\\/mini_thong_2.png\",\"width\":800,\"height\":1200},{\"@type\":\"BreadcrumbList\",\"@id\":\"https:\\\/\\\/madame-sensuelle.paris\\\/fr\\\/product\\\/c-mc-2019000076401\\\/#breadcrumb\",\"itemListElement\":[{\"@type\":\"ListItem\",\"position\":1,\"name\":\"Acceuil\",\"item\":\"https:\\\/\\\/madame-sensuelle.paris\\\/fr\\\/\"},{\"@type\":\"ListItem\",\"position\":2,\"name\":\"Catalogue\",\"item\":\"https:\\\/\\\/madame-sensuelle.paris\\\/fr\\\/catalogue\\\/\"},{\"@type\":\"ListItem\",\"position\":3,\"name\":\"MAISON CLOSE\",\"item\":\"https:\\\/\\\/madame-sensuelle.paris\\\/fr\\\/brand\\\/maison-close\\\/\"},{\"@type\":\"ListItem\",\"position\":4,\"name\":\"Mini string effet-cuir mat avec anneau dor\u00e9 Chambre Noire\"}]},{\"@type\":\"WebSite\",\"@id\":\"https:\\\/\\\/madame-sensuelle.paris\\\/fr\\\/#website\",\"url\":\"https:\\\/\\\/madame-sensuelle.paris\\\/fr\\\/\",\"name\":\"MADAME SENSUELLE\",\"description\":\"MADAME SENSUELLE: Found the biggest exciting brands of chic &amp; SEXY LINGERIE in Paris Boutique and on the WEB: Aubade, Dita Von Teese, Maison Close, Marjolaine, Bluebella, Atelier Amour, Luxxa, Catanzaro, Gracija Rim. You will found the big pleasure of sexy belt or bra make for you\",\"publisher\":{\"@id\":\"https:\\\/\\\/madame-sensuelle.paris\\\/fr\\\/#organization\"},\"potentialAction\":[{\"@type\":\"SearchAction\",\"target\":{\"@type\":\"EntryPoint\",\"urlTemplate\":\"https:\\\/\\\/madame-sensuelle.paris\\\/fr\\\/?s={search_term_string}\"},\"query-input\":{\"@type\":\"PropertyValueSpecification\",\"valueRequired\":true,\"valueName\":\"search_term_string\"}}],\"inLanguage\":\"fr-FR\"},{\"@type\":\"Organization\",\"@id\":\"https:\\\/\\\/madame-sensuelle.paris\\\/fr\\\/#organization\",\"name\":\"Madame Sensuelle\",\"url\":\"https:\\\/\\\/madame-sensuelle.paris\\\/fr\\\/\",\"logo\":{\"@type\":\"ImageObject\",\"inLanguage\":\"fr-FR\",\"@id\":\"https:\\\/\\\/madame-sensuelle.paris\\\/fr\\\/#\\\/schema\\\/logo\\\/image\\\/\",\"url\":\"https:\\\/\\\/madame-sensuelle.paris\\\/wp-content\\\/uploads\\\/2024\\\/12\\\/logo_a-1-1_696.webp\",\"contentUrl\":\"https:\\\/\\\/madame-sensuelle.paris\\\/wp-content\\\/uploads\\\/2024\\\/12\\\/logo_a-1-1_696.webp\",\"width\":696,\"height\":696,\"caption\":\"Madame Sensuelle\"},\"image\":{\"@id\":\"https:\\\/\\\/madame-sensuelle.paris\\\/fr\\\/#\\\/schema\\\/logo\\\/image\\\/\"},\"sameAs\":[\"https:\\\/\\\/www.facebook.com\\\/madamesensuelle\",\"https:\\\/\\\/www.instagram.com\\\/madame_sensuelle\\\/\"]}]}<\/script>\n<!-- \/ Yoast SEO plugin. -->","yoast_head_json":{"title":"Mini string effet-cuir mat avec anneau dor\u00e9 Chambre Noire - Madame Sensuelle","description":"Mini string effet-cuir mat avec anneau dor\u00e9 \u2013 coupe ajust\u00e9e et moulante, doublure coton confortable. Lingerie audacieuse et raffin\u00e9e sign\u00e9e Chambre Noire.","robots":{"index":"index","follow":"follow","max-snippet":"max-snippet:-1","max-image-preview":"max-image-preview:large","max-video-preview":"max-video-preview:-1"},"canonical":"https:\/\/madame-sensuelle.paris\/fr\/product\/c-mc-2019000076401\/","og_locale":"fr_FR","og_type":"article","og_title":"Mini string effet-cuir mat avec anneau dor\u00e9 Chambre Noire - Madame Sensuelle","og_description":"Mini string effet-cuir mat avec anneau dor\u00e9 \u2013 coupe ajust\u00e9e et moulante, doublure coton confortable. Lingerie audacieuse et raffin\u00e9e sign\u00e9e Chambre Noire.","og_url":"https:\/\/madame-sensuelle.paris\/fr\/product\/c-mc-2019000076401\/","og_site_name":"Madame Sensuelle","article_publisher":"https:\/\/www.facebook.com\/madamesensuelle","article_modified_time":"2026-05-03T01:01:56+00:00","og_image":[{"width":800,"height":1200,"url":"http:\/\/madame-sensuelle.paris\/wp-content\/uploads\/2024\/03\/mini_thong_2.png","type":"image\/png"}],"twitter_card":"summary_large_image","twitter_misc":{"Dur\u00e9e de lecture estim\u00e9e":"2 minutes"},"schema":{"@context":"https:\/\/schema.org","@graph":[{"@type":"WebPage","@id":"https:\/\/madame-sensuelle.paris\/fr\/product\/c-mc-2019000076401\/","url":"https:\/\/madame-sensuelle.paris\/fr\/product\/c-mc-2019000076401\/","name":"Mini string effet-cuir mat avec anneau dor\u00e9 Chambre Noire - Madame Sensuelle","isPartOf":{"@id":"https:\/\/madame-sensuelle.paris\/fr\/#website"},"primaryImageOfPage":{"@id":"https:\/\/madame-sensuelle.paris\/fr\/product\/c-mc-2019000076401\/#primaryimage"},"image":{"@id":"https:\/\/madame-sensuelle.paris\/fr\/product\/c-mc-2019000076401\/#primaryimage"},"thumbnailUrl":"https:\/\/madame-sensuelle.paris\/wp-content\/uploads\/2024\/03\/mini_thong_2.png","datePublished":"2024-03-10T12:43:23+00:00","dateModified":"2026-05-03T01:01:56+00:00","description":"Mini string effet-cuir mat avec anneau dor\u00e9 \u2013 coupe ajust\u00e9e et moulante, doublure coton confortable. Lingerie audacieuse et raffin\u00e9e sign\u00e9e Chambre Noire.","breadcrumb":{"@id":"https:\/\/madame-sensuelle.paris\/fr\/product\/c-mc-2019000076401\/#breadcrumb"},"inLanguage":"fr-FR","potentialAction":[{"@type":"ReadAction","target":["https:\/\/madame-sensuelle.paris\/fr\/product\/c-mc-2019000076401\/"]}]},{"@type":"ImageObject","inLanguage":"fr-FR","@id":"https:\/\/madame-sensuelle.paris\/fr\/product\/c-mc-2019000076401\/#primaryimage","url":"https:\/\/madame-sensuelle.paris\/wp-content\/uploads\/2024\/03\/mini_thong_2.png","contentUrl":"https:\/\/madame-sensuelle.paris\/wp-content\/uploads\/2024\/03\/mini_thong_2.png","width":800,"height":1200},{"@type":"BreadcrumbList","@id":"https:\/\/madame-sensuelle.paris\/fr\/product\/c-mc-2019000076401\/#breadcrumb","itemListElement":[{"@type":"ListItem","position":1,"name":"Acceuil","item":"https:\/\/madame-sensuelle.paris\/fr\/"},{"@type":"ListItem","position":2,"name":"Catalogue","item":"https:\/\/madame-sensuelle.paris\/fr\/catalogue\/"},{"@type":"ListItem","position":3,"name":"MAISON CLOSE","item":"https:\/\/madame-sensuelle.paris\/fr\/brand\/maison-close\/"},{"@type":"ListItem","position":4,"name":"Mini string effet-cuir mat avec anneau dor\u00e9 Chambre Noire"}]},{"@type":"WebSite","@id":"https:\/\/madame-sensuelle.paris\/fr\/#website","url":"https:\/\/madame-sensuelle.paris\/fr\/","name":"MADAME SENSUELLE","description":"MADAME SENSUELLE: Found the biggest exciting brands of chic &amp; SEXY LINGERIE in Paris Boutique and on the WEB: Aubade, Dita Von Teese, Maison Close, Marjolaine, Bluebella, Atelier Amour, Luxxa, Catanzaro, Gracija Rim. You will found the big pleasure of sexy belt or bra make for you","publisher":{"@id":"https:\/\/madame-sensuelle.paris\/fr\/#organization"},"potentialAction":[{"@type":"SearchAction","target":{"@type":"EntryPoint","urlTemplate":"https:\/\/madame-sensuelle.paris\/fr\/?s={search_term_string}"},"query-input":{"@type":"PropertyValueSpecification","valueRequired":true,"valueName":"search_term_string"}}],"inLanguage":"fr-FR"},{"@type":"Organization","@id":"https:\/\/madame-sensuelle.paris\/fr\/#organization","name":"Madame Sensuelle","url":"https:\/\/madame-sensuelle.paris\/fr\/","logo":{"@type":"ImageObject","inLanguage":"fr-FR","@id":"https:\/\/madame-sensuelle.paris\/fr\/#\/schema\/logo\/image\/","url":"https:\/\/madame-sensuelle.paris\/wp-content\/uploads\/2024\/12\/logo_a-1-1_696.webp","contentUrl":"https:\/\/madame-sensuelle.paris\/wp-content\/uploads\/2024\/12\/logo_a-1-1_696.webp","width":696,"height":696,"caption":"Madame Sensuelle"},"image":{"@id":"https:\/\/madame-sensuelle.paris\/fr\/#\/schema\/logo\/image\/"},"sameAs":["https:\/\/www.facebook.com\/madamesensuelle","https:\/\/www.instagram.com\/madame_sensuelle\/"]}]}},"brands":[{"id":2776,"name":"MAISON CLOSE","slug":"maison-close"}],"_links":{"self":[{"href":"https:\/\/madame-sensuelle.paris\/fr\/wp-json\/wp\/v2\/product\/66282","targetHints":{"allow":["GET"]}}],"collection":[{"href":"https:\/\/madame-sensuelle.paris\/fr\/wp-json\/wp\/v2\/product"}],"about":[{"href":"https:\/\/madame-sensuelle.paris\/fr\/wp-json\/wp\/v2\/types\/product"}],"version-history":[{"count":1,"href":"https:\/\/madame-sensuelle.paris\/fr\/wp-json\/wp\/v2\/product\/66282\/revisions"}],"predecessor-version":[{"id":122342,"href":"https:\/\/madame-sensuelle.paris\/fr\/wp-json\/wp\/v2\/product\/66282\/revisions\/122342"}],"wp:featuredmedia":[{"embeddable":true,"href":"https:\/\/madame-sensuelle.paris\/fr\/wp-json\/wp\/v2\/media\/84969"}],"wp:attachment":[{"href":"https:\/\/madame-sensuelle.paris\/fr\/wp-json\/wp\/v2\/media?parent=66282"}],"wp:term":[{"taxonomy":"pwb-brand","embeddable":true,"href":"https:\/\/madame-sensuelle.paris\/fr\/wp-json\/wp\/v2\/pwb-brand?post=66282"},{"taxonomy":"product_brand","embeddable":true,"href":"https:\/\/madame-sensuelle.paris\/fr\/wp-json\/wp\/v2\/product_brand?post=66282"},{"taxonomy":"product_cat","embeddable":true,"href":"https:\/\/madame-sensuelle.paris\/fr\/wp-json\/wp\/v2\/product_cat?post=66282"},{"taxonomy":"product_tag","embeddable":true,"href":"https:\/\/madame-sensuelle.paris\/fr\/wp-json\/wp\/v2\/product_tag?post=66282"},{"taxonomy":"giftcard-category","embeddable":true,"href":"https:\/\/madame-sensuelle.paris\/fr\/wp-json\/wp\/v2\/giftcard-category?post=66282"}],"curies":[{"name":"wp","href":"https:\/\/api.w.org\/{rel}","templated":true}]}}