{"id":66504,"date":"2024-03-10T12:44:09","date_gmt":"2024-03-10T12:44:09","guid":{"rendered":"https:\/\/madame-sensuelle.eu\/?post_type=product&#038;p=66504"},"modified":"2026-04-04T21:48:16","modified_gmt":"2026-04-04T21:48:16","slug":"c-ollc-2022000088978","status":"publish","type":"product","link":"https:\/\/madame-sensuelle.paris\/fr\/product\/c-ollc-2022000088978\/","title":{"rendered":"Robe courte Entanglement en vinyle avec lacets devant et derri\u00e8re"},"content":{"rendered":"<p>Lac\u00e9e pour mieux captiver.<br \/>\nCourte et ultra-brillante, la robe Entanglement en vinyle noir d\u00e9voile le corps \u00e0 travers un jeu de lacets suggestifs \u00e0 l\u2019avant comme \u00e0 l\u2019arri\u00e8re.<br \/>\nChaque ouverture attise le regard, chaque d\u00e9tail invite au fantasme.<\/p>\n<p>Une robe qui ne se porte pas\u2026 elle se revendique.<\/p>\n","protected":false},"excerpt":{"rendered":"<p>Lac\u00e9e pour mieux captiver. Courte et ultra-brillante, la robe Entanglement en vinyle noir d\u00e9voile le corps \u00e0 travers un jeu de lacets suggestifs \u00e0 l\u2019avant comme \u00e0 l\u2019arri\u00e8re. Chaque ouverture attise le regard, chaque d\u00e9tail invite au fantasme. Une robe qui ne se porte pas\u2026 elle se revendique.<\/p>\n","protected":false},"featured_media":85751,"template":"","meta":[],"pwb-brand":[2763],"product_brand":[],"product_cat":[1239,1235,1225],"product_tag":[],"giftcard-category":[],"class_list":{"0":"post-66504","1":"product","2":"type-product","3":"status-publish","4":"has-post-thumbnail","6":"pwb-brand-oh-la-la-cheri","7":"product_cat-longewear","8":"product_cat-robes-sexy","9":"product_cat-vinyle","11":"first","12":"instock","13":"taxable","14":"shipping-taxable","15":"purchasable","16":"product-type-variable","17":"has-default-attributes"},"yoast_head":"<!-- This site is optimized with the Yoast SEO plugin v27.3 - https:\/\/yoast.com\/product\/yoast-seo-wordpress\/ -->\n<title>Robe courte Entanglement en vinyle avec lacets devant et derri\u00e8re \u2013 OH LA LA CHERI - Madame Sensuelle<\/title>\n<meta name=\"description\" content=\"Bien faite et \u00e9l\u00e9gante, cette robe sophistiqu\u00e9e pr\u00e9sente un design en vinyle ajust\u00e9 qui flatte vos courbes.\u00a0Retournez-vous pour r\u00e9v\u00e9ler le s\u00e9duisant DOS OUVERT, donnant libre cours \u00e0 votre imagination tout en mettant en valeur vos courbes avec un air irr\u00e9sistible de myst\u00e8re. Le dos ouvert invite les mains et pr\u00e9pare le terrain pour des aventures intimes.Cette robe en vinyle ajust\u00e9e est plus qu&#039;une simple lingerie, C&#039;est le reflet de votre sex-appeal et de votre force.\" \/>\n<meta name=\"robots\" content=\"index, follow, max-snippet:-1, max-image-preview:large, max-video-preview:-1\" \/>\n<link rel=\"canonical\" href=\"https:\/\/madame-sensuelle.paris\/fr\/product\/c-ollc-2022000088978\/\" \/>\n<meta property=\"og:locale\" content=\"fr_FR\" \/>\n<meta property=\"og:type\" content=\"article\" \/>\n<meta property=\"og:title\" content=\"Robe courte Entanglement en vinyle avec lacets devant et derri\u00e8re \u2013 OH LA LA CHERI - Madame Sensuelle\" \/>\n<meta property=\"og:description\" content=\"Bien faite et \u00e9l\u00e9gante, cette robe sophistiqu\u00e9e pr\u00e9sente un design en vinyle ajust\u00e9 qui flatte vos courbes.\u00a0Retournez-vous pour r\u00e9v\u00e9ler le s\u00e9duisant DOS OUVERT, donnant libre cours \u00e0 votre imagination tout en mettant en valeur vos courbes avec un air irr\u00e9sistible de myst\u00e8re. Le dos ouvert invite les mains et pr\u00e9pare le terrain pour des aventures intimes.Cette robe en vinyle ajust\u00e9e est plus qu&#039;une simple lingerie, C&#039;est le reflet de votre sex-appeal et de votre force.\" \/>\n<meta property=\"og:url\" content=\"https:\/\/madame-sensuelle.paris\/fr\/product\/c-ollc-2022000088978\/\" \/>\n<meta property=\"og:site_name\" content=\"Madame Sensuelle\" \/>\n<meta property=\"article:publisher\" content=\"https:\/\/www.facebook.com\/madamesensuelle\" \/>\n<meta property=\"article:modified_time\" content=\"2026-04-04T21:48:16+00:00\" \/>\n<meta property=\"og:image\" content=\"https:\/\/madame-sensuelle.paris\/wp-content\/uploads\/2024\/03\/etra_1.jpg\" \/>\n\t<meta property=\"og:image:width\" content=\"800\" \/>\n\t<meta property=\"og:image:height\" content=\"1200\" \/>\n\t<meta property=\"og:image:type\" content=\"image\/jpeg\" \/>\n<meta name=\"twitter:card\" content=\"summary_large_image\" \/>\n<meta name=\"twitter:label1\" content=\"Dur\u00e9e de lecture estim\u00e9e\" \/>\n\t<meta name=\"twitter:data1\" content=\"1 minute\" \/>\n<script type=\"application\/ld+json\" class=\"yoast-schema-graph\">{\"@context\":\"https:\\\/\\\/schema.org\",\"@graph\":[{\"@type\":\"WebPage\",\"@id\":\"https:\\\/\\\/madame-sensuelle.paris\\\/fr\\\/product\\\/c-ollc-2022000088978\\\/\",\"url\":\"https:\\\/\\\/madame-sensuelle.paris\\\/fr\\\/product\\\/c-ollc-2022000088978\\\/\",\"name\":\"Robe courte Entanglement en vinyle avec lacets devant et derri\u00e8re \u2013 OH LA LA CHERI - Madame Sensuelle\",\"isPartOf\":{\"@id\":\"https:\\\/\\\/madame-sensuelle.paris\\\/fr\\\/#website\"},\"primaryImageOfPage\":{\"@id\":\"https:\\\/\\\/madame-sensuelle.paris\\\/fr\\\/product\\\/c-ollc-2022000088978\\\/#primaryimage\"},\"image\":{\"@id\":\"https:\\\/\\\/madame-sensuelle.paris\\\/fr\\\/product\\\/c-ollc-2022000088978\\\/#primaryimage\"},\"thumbnailUrl\":\"https:\\\/\\\/madame-sensuelle.paris\\\/wp-content\\\/uploads\\\/2024\\\/03\\\/etra_1.jpg\",\"datePublished\":\"2024-03-10T12:44:09+00:00\",\"dateModified\":\"2026-04-04T21:48:16+00:00\",\"description\":\"Bien faite et \u00e9l\u00e9gante, cette robe sophistiqu\u00e9e pr\u00e9sente un design en vinyle ajust\u00e9 qui flatte vos courbes.\u00a0Retournez-vous pour r\u00e9v\u00e9ler le s\u00e9duisant DOS OUVERT, donnant libre cours \u00e0 votre imagination tout en mettant en valeur vos courbes avec un air irr\u00e9sistible de myst\u00e8re. Le dos ouvert invite les mains et pr\u00e9pare le terrain pour des aventures intimes.Cette robe en vinyle ajust\u00e9e est plus qu'une simple lingerie, C'est le reflet de votre sex-appeal et de votre force.\",\"breadcrumb\":{\"@id\":\"https:\\\/\\\/madame-sensuelle.paris\\\/fr\\\/product\\\/c-ollc-2022000088978\\\/#breadcrumb\"},\"inLanguage\":\"fr-FR\",\"potentialAction\":[{\"@type\":\"ReadAction\",\"target\":[\"https:\\\/\\\/madame-sensuelle.paris\\\/fr\\\/product\\\/c-ollc-2022000088978\\\/\"]}]},{\"@type\":\"ImageObject\",\"inLanguage\":\"fr-FR\",\"@id\":\"https:\\\/\\\/madame-sensuelle.paris\\\/fr\\\/product\\\/c-ollc-2022000088978\\\/#primaryimage\",\"url\":\"https:\\\/\\\/madame-sensuelle.paris\\\/wp-content\\\/uploads\\\/2024\\\/03\\\/etra_1.jpg\",\"contentUrl\":\"https:\\\/\\\/madame-sensuelle.paris\\\/wp-content\\\/uploads\\\/2024\\\/03\\\/etra_1.jpg\",\"width\":800,\"height\":1200},{\"@type\":\"BreadcrumbList\",\"@id\":\"https:\\\/\\\/madame-sensuelle.paris\\\/fr\\\/product\\\/c-ollc-2022000088978\\\/#breadcrumb\",\"itemListElement\":[{\"@type\":\"ListItem\",\"position\":1,\"name\":\"Acceuil\",\"item\":\"https:\\\/\\\/madame-sensuelle.paris\\\/fr\\\/\"},{\"@type\":\"ListItem\",\"position\":2,\"name\":\"Catalogue\",\"item\":\"https:\\\/\\\/madame-sensuelle.paris\\\/fr\\\/catalogue\\\/\"},{\"@type\":\"ListItem\",\"position\":3,\"name\":\"OH LA LA CHERI\",\"item\":\"https:\\\/\\\/madame-sensuelle.paris\\\/fr\\\/brand\\\/oh-la-la-cheri\\\/\"},{\"@type\":\"ListItem\",\"position\":4,\"name\":\"Robe courte Entanglement en vinyle avec lacets devant et derri\u00e8re\"}]},{\"@type\":\"WebSite\",\"@id\":\"https:\\\/\\\/madame-sensuelle.paris\\\/fr\\\/#website\",\"url\":\"https:\\\/\\\/madame-sensuelle.paris\\\/fr\\\/\",\"name\":\"MADAME SENSUELLE\",\"description\":\"MADAME SENSUELLE: Found the biggest exciting brands of chic &amp; SEXY LINGERIE in Paris Boutique and on the WEB: Aubade, Dita Von Teese, Maison Close, Marjolaine, Bluebella, Atelier Amour, Luxxa, Catanzaro, Gracija Rim. You will found the big pleasure of sexy belt or bra make for you\",\"publisher\":{\"@id\":\"https:\\\/\\\/madame-sensuelle.paris\\\/fr\\\/#organization\"},\"potentialAction\":[{\"@type\":\"SearchAction\",\"target\":{\"@type\":\"EntryPoint\",\"urlTemplate\":\"https:\\\/\\\/madame-sensuelle.paris\\\/fr\\\/?s={search_term_string}\"},\"query-input\":{\"@type\":\"PropertyValueSpecification\",\"valueRequired\":true,\"valueName\":\"search_term_string\"}}],\"inLanguage\":\"fr-FR\"},{\"@type\":\"Organization\",\"@id\":\"https:\\\/\\\/madame-sensuelle.paris\\\/fr\\\/#organization\",\"name\":\"Madame Sensuelle\",\"url\":\"https:\\\/\\\/madame-sensuelle.paris\\\/fr\\\/\",\"logo\":{\"@type\":\"ImageObject\",\"inLanguage\":\"fr-FR\",\"@id\":\"https:\\\/\\\/madame-sensuelle.paris\\\/fr\\\/#\\\/schema\\\/logo\\\/image\\\/\",\"url\":\"https:\\\/\\\/madame-sensuelle.paris\\\/wp-content\\\/uploads\\\/2024\\\/12\\\/logo_a-1-1_696.webp\",\"contentUrl\":\"https:\\\/\\\/madame-sensuelle.paris\\\/wp-content\\\/uploads\\\/2024\\\/12\\\/logo_a-1-1_696.webp\",\"width\":696,\"height\":696,\"caption\":\"Madame Sensuelle\"},\"image\":{\"@id\":\"https:\\\/\\\/madame-sensuelle.paris\\\/fr\\\/#\\\/schema\\\/logo\\\/image\\\/\"},\"sameAs\":[\"https:\\\/\\\/www.facebook.com\\\/madamesensuelle\",\"https:\\\/\\\/www.instagram.com\\\/madame_sensuelle\\\/\"]}]}<\/script>\n<!-- \/ Yoast SEO plugin. -->","yoast_head_json":{"title":"Robe courte Entanglement en vinyle avec lacets devant et derri\u00e8re \u2013 OH LA LA CHERI - Madame Sensuelle","description":"Bien faite et \u00e9l\u00e9gante, cette robe sophistiqu\u00e9e pr\u00e9sente un design en vinyle ajust\u00e9 qui flatte vos courbes.\u00a0Retournez-vous pour r\u00e9v\u00e9ler le s\u00e9duisant DOS OUVERT, donnant libre cours \u00e0 votre imagination tout en mettant en valeur vos courbes avec un air irr\u00e9sistible de myst\u00e8re. Le dos ouvert invite les mains et pr\u00e9pare le terrain pour des aventures intimes.Cette robe en vinyle ajust\u00e9e est plus qu'une simple lingerie, C'est le reflet de votre sex-appeal et de votre force.","robots":{"index":"index","follow":"follow","max-snippet":"max-snippet:-1","max-image-preview":"max-image-preview:large","max-video-preview":"max-video-preview:-1"},"canonical":"https:\/\/madame-sensuelle.paris\/fr\/product\/c-ollc-2022000088978\/","og_locale":"fr_FR","og_type":"article","og_title":"Robe courte Entanglement en vinyle avec lacets devant et derri\u00e8re \u2013 OH LA LA CHERI - Madame Sensuelle","og_description":"Bien faite et \u00e9l\u00e9gante, cette robe sophistiqu\u00e9e pr\u00e9sente un design en vinyle ajust\u00e9 qui flatte vos courbes.\u00a0Retournez-vous pour r\u00e9v\u00e9ler le s\u00e9duisant DOS OUVERT, donnant libre cours \u00e0 votre imagination tout en mettant en valeur vos courbes avec un air irr\u00e9sistible de myst\u00e8re. Le dos ouvert invite les mains et pr\u00e9pare le terrain pour des aventures intimes.Cette robe en vinyle ajust\u00e9e est plus qu'une simple lingerie, C'est le reflet de votre sex-appeal et de votre force.","og_url":"https:\/\/madame-sensuelle.paris\/fr\/product\/c-ollc-2022000088978\/","og_site_name":"Madame Sensuelle","article_publisher":"https:\/\/www.facebook.com\/madamesensuelle","article_modified_time":"2026-04-04T21:48:16+00:00","og_image":[{"width":800,"height":1200,"url":"https:\/\/madame-sensuelle.paris\/wp-content\/uploads\/2024\/03\/etra_1.jpg","type":"image\/jpeg"}],"twitter_card":"summary_large_image","twitter_misc":{"Dur\u00e9e de lecture estim\u00e9e":"1 minute"},"schema":{"@context":"https:\/\/schema.org","@graph":[{"@type":"WebPage","@id":"https:\/\/madame-sensuelle.paris\/fr\/product\/c-ollc-2022000088978\/","url":"https:\/\/madame-sensuelle.paris\/fr\/product\/c-ollc-2022000088978\/","name":"Robe courte Entanglement en vinyle avec lacets devant et derri\u00e8re \u2013 OH LA LA CHERI - Madame Sensuelle","isPartOf":{"@id":"https:\/\/madame-sensuelle.paris\/fr\/#website"},"primaryImageOfPage":{"@id":"https:\/\/madame-sensuelle.paris\/fr\/product\/c-ollc-2022000088978\/#primaryimage"},"image":{"@id":"https:\/\/madame-sensuelle.paris\/fr\/product\/c-ollc-2022000088978\/#primaryimage"},"thumbnailUrl":"https:\/\/madame-sensuelle.paris\/wp-content\/uploads\/2024\/03\/etra_1.jpg","datePublished":"2024-03-10T12:44:09+00:00","dateModified":"2026-04-04T21:48:16+00:00","description":"Bien faite et \u00e9l\u00e9gante, cette robe sophistiqu\u00e9e pr\u00e9sente un design en vinyle ajust\u00e9 qui flatte vos courbes.\u00a0Retournez-vous pour r\u00e9v\u00e9ler le s\u00e9duisant DOS OUVERT, donnant libre cours \u00e0 votre imagination tout en mettant en valeur vos courbes avec un air irr\u00e9sistible de myst\u00e8re. Le dos ouvert invite les mains et pr\u00e9pare le terrain pour des aventures intimes.Cette robe en vinyle ajust\u00e9e est plus qu'une simple lingerie, C'est le reflet de votre sex-appeal et de votre force.","breadcrumb":{"@id":"https:\/\/madame-sensuelle.paris\/fr\/product\/c-ollc-2022000088978\/#breadcrumb"},"inLanguage":"fr-FR","potentialAction":[{"@type":"ReadAction","target":["https:\/\/madame-sensuelle.paris\/fr\/product\/c-ollc-2022000088978\/"]}]},{"@type":"ImageObject","inLanguage":"fr-FR","@id":"https:\/\/madame-sensuelle.paris\/fr\/product\/c-ollc-2022000088978\/#primaryimage","url":"https:\/\/madame-sensuelle.paris\/wp-content\/uploads\/2024\/03\/etra_1.jpg","contentUrl":"https:\/\/madame-sensuelle.paris\/wp-content\/uploads\/2024\/03\/etra_1.jpg","width":800,"height":1200},{"@type":"BreadcrumbList","@id":"https:\/\/madame-sensuelle.paris\/fr\/product\/c-ollc-2022000088978\/#breadcrumb","itemListElement":[{"@type":"ListItem","position":1,"name":"Acceuil","item":"https:\/\/madame-sensuelle.paris\/fr\/"},{"@type":"ListItem","position":2,"name":"Catalogue","item":"https:\/\/madame-sensuelle.paris\/fr\/catalogue\/"},{"@type":"ListItem","position":3,"name":"OH LA LA CHERI","item":"https:\/\/madame-sensuelle.paris\/fr\/brand\/oh-la-la-cheri\/"},{"@type":"ListItem","position":4,"name":"Robe courte Entanglement en vinyle avec lacets devant et derri\u00e8re"}]},{"@type":"WebSite","@id":"https:\/\/madame-sensuelle.paris\/fr\/#website","url":"https:\/\/madame-sensuelle.paris\/fr\/","name":"MADAME SENSUELLE","description":"MADAME SENSUELLE: Found the biggest exciting brands of chic &amp; SEXY LINGERIE in Paris Boutique and on the WEB: Aubade, Dita Von Teese, Maison Close, Marjolaine, Bluebella, Atelier Amour, Luxxa, Catanzaro, Gracija Rim. You will found the big pleasure of sexy belt or bra make for you","publisher":{"@id":"https:\/\/madame-sensuelle.paris\/fr\/#organization"},"potentialAction":[{"@type":"SearchAction","target":{"@type":"EntryPoint","urlTemplate":"https:\/\/madame-sensuelle.paris\/fr\/?s={search_term_string}"},"query-input":{"@type":"PropertyValueSpecification","valueRequired":true,"valueName":"search_term_string"}}],"inLanguage":"fr-FR"},{"@type":"Organization","@id":"https:\/\/madame-sensuelle.paris\/fr\/#organization","name":"Madame Sensuelle","url":"https:\/\/madame-sensuelle.paris\/fr\/","logo":{"@type":"ImageObject","inLanguage":"fr-FR","@id":"https:\/\/madame-sensuelle.paris\/fr\/#\/schema\/logo\/image\/","url":"https:\/\/madame-sensuelle.paris\/wp-content\/uploads\/2024\/12\/logo_a-1-1_696.webp","contentUrl":"https:\/\/madame-sensuelle.paris\/wp-content\/uploads\/2024\/12\/logo_a-1-1_696.webp","width":696,"height":696,"caption":"Madame Sensuelle"},"image":{"@id":"https:\/\/madame-sensuelle.paris\/fr\/#\/schema\/logo\/image\/"},"sameAs":["https:\/\/www.facebook.com\/madamesensuelle","https:\/\/www.instagram.com\/madame_sensuelle\/"]}]}},"brands":[{"id":2763,"name":"OH LA LA CHERI","slug":"oh-la-la-cheri"}],"_links":{"self":[{"href":"https:\/\/madame-sensuelle.paris\/fr\/wp-json\/wp\/v2\/product\/66504","targetHints":{"allow":["GET"]}}],"collection":[{"href":"https:\/\/madame-sensuelle.paris\/fr\/wp-json\/wp\/v2\/product"}],"about":[{"href":"https:\/\/madame-sensuelle.paris\/fr\/wp-json\/wp\/v2\/types\/product"}],"version-history":[{"count":1,"href":"https:\/\/madame-sensuelle.paris\/fr\/wp-json\/wp\/v2\/product\/66504\/revisions"}],"predecessor-version":[{"id":120512,"href":"https:\/\/madame-sensuelle.paris\/fr\/wp-json\/wp\/v2\/product\/66504\/revisions\/120512"}],"wp:featuredmedia":[{"embeddable":true,"href":"https:\/\/madame-sensuelle.paris\/fr\/wp-json\/wp\/v2\/media\/85751"}],"wp:attachment":[{"href":"https:\/\/madame-sensuelle.paris\/fr\/wp-json\/wp\/v2\/media?parent=66504"}],"wp:term":[{"taxonomy":"pwb-brand","embeddable":true,"href":"https:\/\/madame-sensuelle.paris\/fr\/wp-json\/wp\/v2\/pwb-brand?post=66504"},{"taxonomy":"product_brand","embeddable":true,"href":"https:\/\/madame-sensuelle.paris\/fr\/wp-json\/wp\/v2\/product_brand?post=66504"},{"taxonomy":"product_cat","embeddable":true,"href":"https:\/\/madame-sensuelle.paris\/fr\/wp-json\/wp\/v2\/product_cat?post=66504"},{"taxonomy":"product_tag","embeddable":true,"href":"https:\/\/madame-sensuelle.paris\/fr\/wp-json\/wp\/v2\/product_tag?post=66504"},{"taxonomy":"giftcard-category","embeddable":true,"href":"https:\/\/madame-sensuelle.paris\/fr\/wp-json\/wp\/v2\/giftcard-category?post=66504"}],"curies":[{"name":"wp","href":"https:\/\/api.w.org\/{rel}","templated":true}]}}