{"id":66525,"date":"2024-03-10T12:44:23","date_gmt":"2024-03-10T12:44:23","guid":{"rendered":"https:\/\/madame-sensuelle.eu\/?post_type=product&#038;p=66525"},"modified":"2026-04-03T18:19:04","modified_gmt":"2026-04-03T18:19:04","slug":"c-i-2019000068291","status":"publish","type":"product","link":"https:\/\/madame-sensuelle.paris\/fr\/product\/c-i-2019000068291\/","title":{"rendered":"Robe en lycra avec dos et d\u00e9colett\u00e9 en tulle Alvina &#8211; noir"},"content":{"rendered":"<p>Alvina est une mini robe moulante tr\u00e8s sensuelle. Son d\u00e9collet\u00e9 plongeant et son dos transparent mettront en valeur les parties pr\u00e9f\u00e9r\u00e9es de votre corps. Dans le dos, le bas de la robe arrive en pointe. Les tissus, lycra et r\u00e9sille, sont souples et extensibles ils s\u2019adapteront \u00e0 votre silhouette.<\/p>\n","protected":false},"excerpt":{"rendered":"<p>Alvina est une mini robe moulante tr\u00e8s sensuelle. Son d\u00e9collet\u00e9 plongeant et son dos transparent mettront en valeur les parties pr\u00e9f\u00e9r\u00e9es de votre corps. Dans le dos, le bas de la robe arrive en pointe. Les tissus, lycra et r\u00e9sille, sont souples et extensibles ils s\u2019adapteront \u00e0 votre silhouette.<\/p>\n","protected":false},"featured_media":84627,"template":"","meta":[],"pwb-brand":[2780],"product_brand":[],"product_cat":[1239,1235],"product_tag":[],"giftcard-category":[],"class_list":{"0":"post-66525","1":"product","2":"type-product","3":"status-publish","4":"has-post-thumbnail","6":"pwb-brand-impudique","7":"product_cat-longewear","8":"product_cat-robes-sexy","10":"first","11":"instock","12":"taxable","13":"shipping-taxable","14":"purchasable","15":"product-type-variable","16":"has-default-attributes"},"yoast_head":"<!-- This site is optimized with the Yoast SEO plugin v27.3 - https:\/\/yoast.com\/product\/yoast-seo-wordpress\/ -->\n<title>Robe en lycra avec dos et d\u00e9colett\u00e9 en tulle Alvina - noir \u2013 Impudique - Madame Sensuelle<\/title>\n<meta name=\"description\" content=\"Alvina est une mini robe moulante tr\u00e8s sensuelle. Son d\u00e9collet\u00e9 plongeant et son dos transparent mettront en valeur les parties pr\u00e9f\u00e9r\u00e9es de votre corps. Dans le dos, le bas de la robe arrive en pointe. Les tissus, lycra et r\u00e9sille, sont souples et extensibles ils s\u2019adapteront \u00e0 votre silhouette.\" \/>\n<meta name=\"robots\" content=\"index, follow, max-snippet:-1, max-image-preview:large, max-video-preview:-1\" \/>\n<link rel=\"canonical\" href=\"https:\/\/madame-sensuelle.paris\/fr\/product\/c-i-2019000068291\/\" \/>\n<meta property=\"og:locale\" content=\"fr_FR\" \/>\n<meta property=\"og:type\" content=\"article\" \/>\n<meta property=\"og:title\" content=\"Robe en lycra avec dos et d\u00e9colett\u00e9 en tulle Alvina - noir \u2013 Impudique - Madame Sensuelle\" \/>\n<meta property=\"og:description\" content=\"Alvina est une mini robe moulante tr\u00e8s sensuelle. Son d\u00e9collet\u00e9 plongeant et son dos transparent mettront en valeur les parties pr\u00e9f\u00e9r\u00e9es de votre corps. Dans le dos, le bas de la robe arrive en pointe. Les tissus, lycra et r\u00e9sille, sont souples et extensibles ils s\u2019adapteront \u00e0 votre silhouette.\" \/>\n<meta property=\"og:url\" content=\"https:\/\/madame-sensuelle.paris\/fr\/product\/c-i-2019000068291\/\" \/>\n<meta property=\"og:site_name\" content=\"Madame Sensuelle\" \/>\n<meta property=\"article:publisher\" content=\"https:\/\/www.facebook.com\/madamesensuelle\" \/>\n<meta property=\"article:modified_time\" content=\"2026-04-03T18:19:04+00:00\" \/>\n<meta property=\"og:image\" content=\"https:\/\/madame-sensuelle.paris\/wp-content\/uploads\/2024\/03\/alvina-robe-lycra_1.jpg\" \/>\n\t<meta property=\"og:image:width\" content=\"800\" \/>\n\t<meta property=\"og:image:height\" content=\"1200\" \/>\n\t<meta property=\"og:image:type\" content=\"image\/jpeg\" \/>\n<meta name=\"twitter:card\" content=\"summary_large_image\" \/>\n<meta name=\"twitter:label1\" content=\"Dur\u00e9e de lecture estim\u00e9e\" \/>\n\t<meta name=\"twitter:data1\" content=\"1 minute\" \/>\n<script type=\"application\/ld+json\" class=\"yoast-schema-graph\">{\"@context\":\"https:\\\/\\\/schema.org\",\"@graph\":[{\"@type\":\"WebPage\",\"@id\":\"https:\\\/\\\/madame-sensuelle.paris\\\/fr\\\/product\\\/c-i-2019000068291\\\/\",\"url\":\"https:\\\/\\\/madame-sensuelle.paris\\\/fr\\\/product\\\/c-i-2019000068291\\\/\",\"name\":\"Robe en lycra avec dos et d\u00e9colett\u00e9 en tulle Alvina - noir \u2013 Impudique - Madame Sensuelle\",\"isPartOf\":{\"@id\":\"https:\\\/\\\/madame-sensuelle.paris\\\/fr\\\/#website\"},\"primaryImageOfPage\":{\"@id\":\"https:\\\/\\\/madame-sensuelle.paris\\\/fr\\\/product\\\/c-i-2019000068291\\\/#primaryimage\"},\"image\":{\"@id\":\"https:\\\/\\\/madame-sensuelle.paris\\\/fr\\\/product\\\/c-i-2019000068291\\\/#primaryimage\"},\"thumbnailUrl\":\"https:\\\/\\\/madame-sensuelle.paris\\\/wp-content\\\/uploads\\\/2024\\\/03\\\/alvina-robe-lycra_1.jpg\",\"datePublished\":\"2024-03-10T12:44:23+00:00\",\"dateModified\":\"2026-04-03T18:19:04+00:00\",\"description\":\"Alvina est une mini robe moulante tr\u00e8s sensuelle. Son d\u00e9collet\u00e9 plongeant et son dos transparent mettront en valeur les parties pr\u00e9f\u00e9r\u00e9es de votre corps. Dans le dos, le bas de la robe arrive en pointe. Les tissus, lycra et r\u00e9sille, sont souples et extensibles ils s\u2019adapteront \u00e0 votre silhouette.\",\"breadcrumb\":{\"@id\":\"https:\\\/\\\/madame-sensuelle.paris\\\/fr\\\/product\\\/c-i-2019000068291\\\/#breadcrumb\"},\"inLanguage\":\"fr-FR\",\"potentialAction\":[{\"@type\":\"ReadAction\",\"target\":[\"https:\\\/\\\/madame-sensuelle.paris\\\/fr\\\/product\\\/c-i-2019000068291\\\/\"]}]},{\"@type\":\"ImageObject\",\"inLanguage\":\"fr-FR\",\"@id\":\"https:\\\/\\\/madame-sensuelle.paris\\\/fr\\\/product\\\/c-i-2019000068291\\\/#primaryimage\",\"url\":\"https:\\\/\\\/madame-sensuelle.paris\\\/wp-content\\\/uploads\\\/2024\\\/03\\\/alvina-robe-lycra_1.jpg\",\"contentUrl\":\"https:\\\/\\\/madame-sensuelle.paris\\\/wp-content\\\/uploads\\\/2024\\\/03\\\/alvina-robe-lycra_1.jpg\",\"width\":800,\"height\":1200},{\"@type\":\"BreadcrumbList\",\"@id\":\"https:\\\/\\\/madame-sensuelle.paris\\\/fr\\\/product\\\/c-i-2019000068291\\\/#breadcrumb\",\"itemListElement\":[{\"@type\":\"ListItem\",\"position\":1,\"name\":\"Acceuil\",\"item\":\"https:\\\/\\\/madame-sensuelle.paris\\\/fr\\\/\"},{\"@type\":\"ListItem\",\"position\":2,\"name\":\"Catalogue\",\"item\":\"https:\\\/\\\/madame-sensuelle.paris\\\/fr\\\/catalogue\\\/\"},{\"@type\":\"ListItem\",\"position\":3,\"name\":\"Impudique\",\"item\":\"https:\\\/\\\/madame-sensuelle.paris\\\/fr\\\/brand\\\/impudique\\\/\"},{\"@type\":\"ListItem\",\"position\":4,\"name\":\"Robe en lycra avec dos et d\u00e9colett\u00e9 en tulle Alvina &#8211; noir\"}]},{\"@type\":\"WebSite\",\"@id\":\"https:\\\/\\\/madame-sensuelle.paris\\\/fr\\\/#website\",\"url\":\"https:\\\/\\\/madame-sensuelle.paris\\\/fr\\\/\",\"name\":\"MADAME SENSUELLE\",\"description\":\"MADAME SENSUELLE: Found the biggest exciting brands of chic &amp; SEXY LINGERIE in Paris Boutique and on the WEB: Aubade, Dita Von Teese, Maison Close, Marjolaine, Bluebella, Atelier Amour, Luxxa, Catanzaro, Gracija Rim. You will found the big pleasure of sexy belt or bra make for you\",\"publisher\":{\"@id\":\"https:\\\/\\\/madame-sensuelle.paris\\\/fr\\\/#organization\"},\"potentialAction\":[{\"@type\":\"SearchAction\",\"target\":{\"@type\":\"EntryPoint\",\"urlTemplate\":\"https:\\\/\\\/madame-sensuelle.paris\\\/fr\\\/?s={search_term_string}\"},\"query-input\":{\"@type\":\"PropertyValueSpecification\",\"valueRequired\":true,\"valueName\":\"search_term_string\"}}],\"inLanguage\":\"fr-FR\"},{\"@type\":\"Organization\",\"@id\":\"https:\\\/\\\/madame-sensuelle.paris\\\/fr\\\/#organization\",\"name\":\"Madame Sensuelle\",\"url\":\"https:\\\/\\\/madame-sensuelle.paris\\\/fr\\\/\",\"logo\":{\"@type\":\"ImageObject\",\"inLanguage\":\"fr-FR\",\"@id\":\"https:\\\/\\\/madame-sensuelle.paris\\\/fr\\\/#\\\/schema\\\/logo\\\/image\\\/\",\"url\":\"https:\\\/\\\/madame-sensuelle.paris\\\/wp-content\\\/uploads\\\/2024\\\/12\\\/logo_a-1-1_696.webp\",\"contentUrl\":\"https:\\\/\\\/madame-sensuelle.paris\\\/wp-content\\\/uploads\\\/2024\\\/12\\\/logo_a-1-1_696.webp\",\"width\":696,\"height\":696,\"caption\":\"Madame Sensuelle\"},\"image\":{\"@id\":\"https:\\\/\\\/madame-sensuelle.paris\\\/fr\\\/#\\\/schema\\\/logo\\\/image\\\/\"},\"sameAs\":[\"https:\\\/\\\/www.facebook.com\\\/madamesensuelle\",\"https:\\\/\\\/www.instagram.com\\\/madame_sensuelle\\\/\"]}]}<\/script>\n<!-- \/ Yoast SEO plugin. -->","yoast_head_json":{"title":"Robe en lycra avec dos et d\u00e9colett\u00e9 en tulle Alvina - noir \u2013 Impudique - Madame Sensuelle","description":"Alvina est une mini robe moulante tr\u00e8s sensuelle. Son d\u00e9collet\u00e9 plongeant et son dos transparent mettront en valeur les parties pr\u00e9f\u00e9r\u00e9es de votre corps. Dans le dos, le bas de la robe arrive en pointe. Les tissus, lycra et r\u00e9sille, sont souples et extensibles ils s\u2019adapteront \u00e0 votre silhouette.","robots":{"index":"index","follow":"follow","max-snippet":"max-snippet:-1","max-image-preview":"max-image-preview:large","max-video-preview":"max-video-preview:-1"},"canonical":"https:\/\/madame-sensuelle.paris\/fr\/product\/c-i-2019000068291\/","og_locale":"fr_FR","og_type":"article","og_title":"Robe en lycra avec dos et d\u00e9colett\u00e9 en tulle Alvina - noir \u2013 Impudique - Madame Sensuelle","og_description":"Alvina est une mini robe moulante tr\u00e8s sensuelle. Son d\u00e9collet\u00e9 plongeant et son dos transparent mettront en valeur les parties pr\u00e9f\u00e9r\u00e9es de votre corps. Dans le dos, le bas de la robe arrive en pointe. Les tissus, lycra et r\u00e9sille, sont souples et extensibles ils s\u2019adapteront \u00e0 votre silhouette.","og_url":"https:\/\/madame-sensuelle.paris\/fr\/product\/c-i-2019000068291\/","og_site_name":"Madame Sensuelle","article_publisher":"https:\/\/www.facebook.com\/madamesensuelle","article_modified_time":"2026-04-03T18:19:04+00:00","og_image":[{"width":800,"height":1200,"url":"https:\/\/madame-sensuelle.paris\/wp-content\/uploads\/2024\/03\/alvina-robe-lycra_1.jpg","type":"image\/jpeg"}],"twitter_card":"summary_large_image","twitter_misc":{"Dur\u00e9e de lecture estim\u00e9e":"1 minute"},"schema":{"@context":"https:\/\/schema.org","@graph":[{"@type":"WebPage","@id":"https:\/\/madame-sensuelle.paris\/fr\/product\/c-i-2019000068291\/","url":"https:\/\/madame-sensuelle.paris\/fr\/product\/c-i-2019000068291\/","name":"Robe en lycra avec dos et d\u00e9colett\u00e9 en tulle Alvina - noir \u2013 Impudique - Madame Sensuelle","isPartOf":{"@id":"https:\/\/madame-sensuelle.paris\/fr\/#website"},"primaryImageOfPage":{"@id":"https:\/\/madame-sensuelle.paris\/fr\/product\/c-i-2019000068291\/#primaryimage"},"image":{"@id":"https:\/\/madame-sensuelle.paris\/fr\/product\/c-i-2019000068291\/#primaryimage"},"thumbnailUrl":"https:\/\/madame-sensuelle.paris\/wp-content\/uploads\/2024\/03\/alvina-robe-lycra_1.jpg","datePublished":"2024-03-10T12:44:23+00:00","dateModified":"2026-04-03T18:19:04+00:00","description":"Alvina est une mini robe moulante tr\u00e8s sensuelle. Son d\u00e9collet\u00e9 plongeant et son dos transparent mettront en valeur les parties pr\u00e9f\u00e9r\u00e9es de votre corps. Dans le dos, le bas de la robe arrive en pointe. Les tissus, lycra et r\u00e9sille, sont souples et extensibles ils s\u2019adapteront \u00e0 votre silhouette.","breadcrumb":{"@id":"https:\/\/madame-sensuelle.paris\/fr\/product\/c-i-2019000068291\/#breadcrumb"},"inLanguage":"fr-FR","potentialAction":[{"@type":"ReadAction","target":["https:\/\/madame-sensuelle.paris\/fr\/product\/c-i-2019000068291\/"]}]},{"@type":"ImageObject","inLanguage":"fr-FR","@id":"https:\/\/madame-sensuelle.paris\/fr\/product\/c-i-2019000068291\/#primaryimage","url":"https:\/\/madame-sensuelle.paris\/wp-content\/uploads\/2024\/03\/alvina-robe-lycra_1.jpg","contentUrl":"https:\/\/madame-sensuelle.paris\/wp-content\/uploads\/2024\/03\/alvina-robe-lycra_1.jpg","width":800,"height":1200},{"@type":"BreadcrumbList","@id":"https:\/\/madame-sensuelle.paris\/fr\/product\/c-i-2019000068291\/#breadcrumb","itemListElement":[{"@type":"ListItem","position":1,"name":"Acceuil","item":"https:\/\/madame-sensuelle.paris\/fr\/"},{"@type":"ListItem","position":2,"name":"Catalogue","item":"https:\/\/madame-sensuelle.paris\/fr\/catalogue\/"},{"@type":"ListItem","position":3,"name":"Impudique","item":"https:\/\/madame-sensuelle.paris\/fr\/brand\/impudique\/"},{"@type":"ListItem","position":4,"name":"Robe en lycra avec dos et d\u00e9colett\u00e9 en tulle Alvina &#8211; noir"}]},{"@type":"WebSite","@id":"https:\/\/madame-sensuelle.paris\/fr\/#website","url":"https:\/\/madame-sensuelle.paris\/fr\/","name":"MADAME SENSUELLE","description":"MADAME SENSUELLE: Found the biggest exciting brands of chic &amp; SEXY LINGERIE in Paris Boutique and on the WEB: Aubade, Dita Von Teese, Maison Close, Marjolaine, Bluebella, Atelier Amour, Luxxa, Catanzaro, Gracija Rim. You will found the big pleasure of sexy belt or bra make for you","publisher":{"@id":"https:\/\/madame-sensuelle.paris\/fr\/#organization"},"potentialAction":[{"@type":"SearchAction","target":{"@type":"EntryPoint","urlTemplate":"https:\/\/madame-sensuelle.paris\/fr\/?s={search_term_string}"},"query-input":{"@type":"PropertyValueSpecification","valueRequired":true,"valueName":"search_term_string"}}],"inLanguage":"fr-FR"},{"@type":"Organization","@id":"https:\/\/madame-sensuelle.paris\/fr\/#organization","name":"Madame Sensuelle","url":"https:\/\/madame-sensuelle.paris\/fr\/","logo":{"@type":"ImageObject","inLanguage":"fr-FR","@id":"https:\/\/madame-sensuelle.paris\/fr\/#\/schema\/logo\/image\/","url":"https:\/\/madame-sensuelle.paris\/wp-content\/uploads\/2024\/12\/logo_a-1-1_696.webp","contentUrl":"https:\/\/madame-sensuelle.paris\/wp-content\/uploads\/2024\/12\/logo_a-1-1_696.webp","width":696,"height":696,"caption":"Madame Sensuelle"},"image":{"@id":"https:\/\/madame-sensuelle.paris\/fr\/#\/schema\/logo\/image\/"},"sameAs":["https:\/\/www.facebook.com\/madamesensuelle","https:\/\/www.instagram.com\/madame_sensuelle\/"]}]}},"brands":[{"id":2780,"name":"Impudique","slug":"impudique"}],"_links":{"self":[{"href":"https:\/\/madame-sensuelle.paris\/fr\/wp-json\/wp\/v2\/product\/66525","targetHints":{"allow":["GET"]}}],"collection":[{"href":"https:\/\/madame-sensuelle.paris\/fr\/wp-json\/wp\/v2\/product"}],"about":[{"href":"https:\/\/madame-sensuelle.paris\/fr\/wp-json\/wp\/v2\/types\/product"}],"version-history":[{"count":0,"href":"https:\/\/madame-sensuelle.paris\/fr\/wp-json\/wp\/v2\/product\/66525\/revisions"}],"wp:featuredmedia":[{"embeddable":true,"href":"https:\/\/madame-sensuelle.paris\/fr\/wp-json\/wp\/v2\/media\/84627"}],"wp:attachment":[{"href":"https:\/\/madame-sensuelle.paris\/fr\/wp-json\/wp\/v2\/media?parent=66525"}],"wp:term":[{"taxonomy":"pwb-brand","embeddable":true,"href":"https:\/\/madame-sensuelle.paris\/fr\/wp-json\/wp\/v2\/pwb-brand?post=66525"},{"taxonomy":"product_brand","embeddable":true,"href":"https:\/\/madame-sensuelle.paris\/fr\/wp-json\/wp\/v2\/product_brand?post=66525"},{"taxonomy":"product_cat","embeddable":true,"href":"https:\/\/madame-sensuelle.paris\/fr\/wp-json\/wp\/v2\/product_cat?post=66525"},{"taxonomy":"product_tag","embeddable":true,"href":"https:\/\/madame-sensuelle.paris\/fr\/wp-json\/wp\/v2\/product_tag?post=66525"},{"taxonomy":"giftcard-category","embeddable":true,"href":"https:\/\/madame-sensuelle.paris\/fr\/wp-json\/wp\/v2\/giftcard-category?post=66525"}],"curies":[{"name":"wp","href":"https:\/\/api.w.org\/{rel}","templated":true}]}}