{"id":66548,"date":"2024-03-10T12:44:23","date_gmt":"2024-03-10T12:44:23","guid":{"rendered":"https:\/\/madame-sensuelle.eu\/?post_type=product&#038;p=66548"},"modified":"2026-04-04T23:48:43","modified_gmt":"2026-04-04T23:48:43","slug":"i-2019000063623-m-noir-1","status":"publish","type":"product","link":"https:\/\/madame-sensuelle.paris\/fr\/product\/i-2019000063623-m-noir-1\/","title":{"rendered":"Robe longue en lycra \u00e0 fentes extr\u00eames et d\u00e9collet\u00e9 plongeant Isabella &#8211; noir"},"content":{"rendered":"<p><span id=\"output-sentence~0\"><span id=\"output-word~0~0\" data-segment-position=\"0\">Une <\/span><span id=\"output-word~0~1\" data-segment-position=\"1\">\u0153uvre <\/span><span id=\"output-word~0~2\" data-segment-position=\"2\">extr\u00eamement <\/span><span id=\"output-word~0~3\" data-segment-position=\"3\">appr\u00e9ci\u00e9e <\/span><span id=\"output-word~0~4\" data-segment-position=\"4\">de <\/span><span id=\"output-word~0~5\" data-segment-position=\"5\">notre <\/span><span id=\"output-word~0~6\" data-segment-position=\"6\">gamme, <\/span><span id=\"output-word~0~7\" data-segment-position=\"7\">inspir\u00e9e <\/span><span id=\"output-word~0~8\" data-segment-position=\"8\">des <\/span><span id=\"output-word~0~9\" data-segment-position=\"9\">Mille <\/span><span id=\"output-word~0~10\" data-segment-position=\"10\">et <\/span><span id=\"output-word~0~11\" data-segment-position=\"11\">une <\/span><span id=\"output-word~0~12\" data-segment-position=\"12\">Nuits!<\/span><\/span> La robe &#8220;Isabella&#8221; de la marque Catanzaro <span id=\"output-sentence~1\"><span id=\"output-word~1~1\" data-segment-position=\"1\">est <\/span><span id=\"output-word~1~2\" data-segment-position=\"2\">une <\/span><span id=\"output-word~1~3\" data-segment-position=\"3\">robe <\/span><span id=\"output-word~1~4\" data-segment-position=\"4\">en <\/span><span id=\"output-word~1~5\" data-segment-position=\"5\">lycra <\/span><span id=\"output-word~1~6\" data-segment-position=\"6\">longue.<\/span><\/span> <span id=\"output-sentence~2\"><span id=\"output-word~2~0\" data-segment-position=\"0\">Son <\/span><span id=\"output-word~2~1\" data-segment-position=\"1\">d\u00e9collet\u00e9 <\/span><span id=\"output-word~2~2\" data-segment-position=\"2\">profond <\/span><span id=\"output-word~2~3\" data-segment-position=\"3\">met <\/span><span id=\"output-word~2~4\" data-segment-position=\"4\">en <\/span><span id=\"output-word~2~5\" data-segment-position=\"5\">valeur <\/span><span id=\"output-word~2~6\" data-segment-position=\"6\">la <\/span><span id=\"output-word~2~7\" data-segment-position=\"7\">poitrine <\/span><span id=\"output-word~2~8\" data-segment-position=\"8\">et <\/span><span id=\"output-word~2~9\" data-segment-position=\"9\">son <\/span><span id=\"output-word~2~10\" data-segment-position=\"10\">dos <\/span><span id=\"output-word~2~11\" data-segment-position=\"11\">est <\/span><span id=\"output-word~2~12\" data-segment-position=\"12\">d\u00e9nud\u00e9.<\/span><\/span> <span id=\"output-sentence~3\"><span id=\"output-word~3~0\" data-segment-position=\"0\">La <\/span><span id=\"output-word~3~1\" data-segment-position=\"1\">taille <\/span><span id=\"output-word~3~2\" data-segment-position=\"2\">est <\/span><span id=\"output-word~3~3\" data-segment-position=\"3\">soulign\u00e9e <\/span><span id=\"output-word~3~4\" data-segment-position=\"4\">par <\/span><span id=\"output-word~3~5\" data-segment-position=\"5\">une <\/span><span id=\"output-word~3~6\" data-segment-position=\"6\">bande <\/span><span id=\"output-word~3~7\" data-segment-position=\"7\">en <\/span><span id=\"output-word~3~8\" data-segment-position=\"8\">faux <\/span><span id=\"output-word~3~9\" data-segment-position=\"9\">cuir.<\/span><\/span> <span id=\"output-sentence~4\"><span id=\"output-word~4~0\" data-segment-position=\"0\">Un <\/span><span id=\"output-word~4~1\" data-segment-position=\"1\">n\u0153ud <\/span><span id=\"output-word~4~2\" data-segment-position=\"2\">ferme <\/span><span id=\"output-word~4~3\" data-segment-position=\"3\">le <\/span><span id=\"output-word~4~4\" data-segment-position=\"4\">haut <\/span><span id=\"output-word~4~5\" data-segment-position=\"21\">de <\/span><span id=\"output-word~4~6\" data-segment-position=\"17\">la <\/span><span id=\"output-word~4~7\" data-segment-position=\"7\">robe <\/span><span id=\"output-word~4~8\" data-segment-position=\"8\">dans <\/span><span id=\"output-word~4~9\" data-segment-position=\"17\">la <\/span><span id=\"output-word~4~10\" data-segment-position=\"10\">nuque, <\/span><span id=\"output-word~4~11\" data-segment-position=\"11\">ce <\/span><span id=\"output-word~4~12\" data-segment-position=\"12\">qui <\/span><span id=\"output-word~4~13\" data-segment-position=\"13\">vous <\/span><span id=\"output-word~4~14\" data-segment-position=\"14\">permet <\/span><span id=\"output-word~4~15\" data-segment-position=\"21\">de <\/span><span id=\"output-word~4~16\" data-segment-position=\"16\">personnaliser <\/span><span id=\"output-word~4~17\" data-segment-position=\"17\">la <\/span><span id=\"output-word~4~18\" data-segment-position=\"18\">hauteur <\/span><span id=\"output-word~4~19\" data-segment-position=\"19\">en <\/span><span id=\"output-word~4~20\" data-segment-position=\"20\">fonction <\/span><span id=\"output-word~4~21\" data-segment-position=\"21\">de <\/span><span id=\"output-word~4~22\" data-segment-position=\"22\">votre <\/span><span id=\"output-word~4~23\" data-segment-position=\"23\">poitrine.<\/span><\/span> <span id=\"output-sentence~5\"><span id=\"output-word~5~0\" data-segment-position=\"0\">Vos <\/span><span id=\"output-word~5~1\" data-segment-position=\"1\">jambes <\/span><span id=\"output-word~5~2\" data-segment-position=\"2\">seront <\/span><span id=\"output-word~5~3\" data-segment-position=\"3\">expos\u00e9es <\/span><span id=\"output-word~5~4\" data-segment-position=\"4\">sur <\/span><span id=\"output-word~5~5\" data-segment-position=\"5\">le <\/span><span id=\"output-word~5~6\" data-segment-position=\"6\">devant <\/span><span id=\"output-word~5~7\" data-segment-position=\"7\">gr\u00e2ce <\/span><span id=\"output-word~5~8\" data-segment-position=\"8\">\u00e0 <\/span><span id=\"output-word~5~9\" data-segment-position=\"9\">deux <\/span><span id=\"output-word~5~10\" data-segment-position=\"10\">longues <\/span><span id=\"output-word~5~11\" data-segment-position=\"11\">fentes <\/span><span id=\"output-word~5~12\" data-segment-position=\"12\">qui <\/span><span id=\"output-word~5~13\" data-segment-position=\"13\">partent <\/span><span id=\"output-word~5~14\" data-segment-position=\"14\">des <\/span><span id=\"output-word~5~15\" data-segment-position=\"15\">hanches, <\/span><span id=\"output-word~5~16\" data-segment-position=\"16\">apportant <\/span><span id=\"output-word~5~17\" data-segment-position=\"17\">une <\/span><span id=\"output-word~5~18\" data-segment-position=\"18\">touche <\/span><span id=\"output-word~5~19\" data-segment-position=\"19\">toujours <\/span><span id=\"output-word~5~20\" data-segment-position=\"20\">plus <\/span><span id=\"output-word~5~21\" data-segment-position=\"21\">s\u00e9duisante.<\/span><\/span> <span id=\"output-sentence~6\"><span id=\"output-word~6~0\" data-segment-position=\"0\">On <\/span><span id=\"output-word~6~1\" data-segment-position=\"1\">la <\/span><span id=\"output-word~6~2\" data-segment-position=\"2\">trouve <\/span><span id=\"output-word~6~3\" data-segment-position=\"3\">\u00e9galement <\/span><span id=\"output-word~6~4\" data-segment-position=\"7\">en <\/span><span id=\"output-word~6~5\" data-segment-position=\"5\">rouge <\/span><span id=\"output-word~6~6\" data-segment-position=\"6\">et <\/span><span id=\"output-word~6~7\" data-segment-position=\"7\">en <\/span><span id=\"output-word~6~8\" data-segment-position=\"8\">bleu.<\/span><\/span><\/p>\n","protected":false},"excerpt":{"rendered":"<p>Une \u0153uvre extr\u00eamement appr\u00e9ci\u00e9e de notre gamme, inspir\u00e9e des Mille et une Nuits! La robe &#8220;Isabella&#8221; de la marque Catanzaro est une robe en lycra longue. Son d\u00e9collet\u00e9 profond met en valeur la poitrine et son dos est d\u00e9nud\u00e9. La taille est soulign\u00e9e par une bande en faux cuir. Un n\u0153ud ferme le haut de<\/p>\n","protected":false},"featured_media":84531,"template":"","meta":[],"pwb-brand":[2780],"product_brand":[],"product_cat":[1239,1235],"product_tag":[],"giftcard-category":[],"class_list":{"0":"post-66548","1":"product","2":"type-product","3":"status-publish","4":"has-post-thumbnail","6":"pwb-brand-impudique","7":"product_cat-longewear","8":"product_cat-robes-sexy","10":"first","11":"instock","12":"taxable","13":"shipping-taxable","14":"purchasable","15":"product-type-variable","16":"has-default-attributes"},"yoast_head":"<!-- This site is optimized with the Yoast SEO plugin v27.3 - https:\/\/yoast.com\/product\/yoast-seo-wordpress\/ -->\n<title>La robe longue avec fentes Isabella - Madame Sensuelle<\/title>\n<meta name=\"description\" content=\"Une \u0153uvre extr\u00eamement appr\u00e9ci\u00e9e de notre gamme, inspir\u00e9e des Mille et une Nuits! La robe &quot;Isabella&quot; de la marque Catanzaro est une robe en lycra longue. Son d\u00e9collet\u00e9 profond met en valeur la poitrine et son dos est d\u00e9nud\u00e9. La taille est soulign\u00e9e par une bande en faux cuir. Un n\u0153ud ferme le haut de la robe dans la nuque, ce qui vous permet de personnaliser la hauteur en fonction de votre poitrine. Vos jambes seront expos\u00e9es sur le devant gr\u00e2ce \u00e0 deux longues fentes qui partent des hanches, apportant une touche toujours plus s\u00e9duisante. On la trouve \u00e9galement en rouge et en bleu.\" \/>\n<meta name=\"robots\" content=\"index, follow, max-snippet:-1, max-image-preview:large, max-video-preview:-1\" \/>\n<link rel=\"canonical\" href=\"https:\/\/madame-sensuelle.paris\/fr\/product\/i-2019000063623-m-noir-1\/\" \/>\n<meta property=\"og:locale\" content=\"fr_FR\" \/>\n<meta property=\"og:type\" content=\"article\" \/>\n<meta property=\"og:title\" content=\"La robe longue avec fentes Isabella - Madame Sensuelle\" \/>\n<meta property=\"og:description\" content=\"Une \u0153uvre extr\u00eamement appr\u00e9ci\u00e9e de notre gamme, inspir\u00e9e des Mille et une Nuits! La robe &quot;Isabella&quot; de la marque Catanzaro est une robe en lycra longue. Son d\u00e9collet\u00e9 profond met en valeur la poitrine et son dos est d\u00e9nud\u00e9. La taille est soulign\u00e9e par une bande en faux cuir. Un n\u0153ud ferme le haut de la robe dans la nuque, ce qui vous permet de personnaliser la hauteur en fonction de votre poitrine. Vos jambes seront expos\u00e9es sur le devant gr\u00e2ce \u00e0 deux longues fentes qui partent des hanches, apportant une touche toujours plus s\u00e9duisante. On la trouve \u00e9galement en rouge et en bleu.\" \/>\n<meta property=\"og:url\" content=\"https:\/\/madame-sensuelle.paris\/fr\/product\/i-2019000063623-m-noir-1\/\" \/>\n<meta property=\"og:site_name\" content=\"Madame Sensuelle\" \/>\n<meta property=\"article:publisher\" content=\"https:\/\/www.facebook.com\/madamesensuelle\" \/>\n<meta property=\"article:modified_time\" content=\"2026-04-04T23:48:43+00:00\" \/>\n<meta property=\"og:image\" content=\"http:\/\/madame-sensuelle.paris\/wp-content\/uploads\/2024\/03\/isabella-robe_1__1_1.jpg\" \/>\n\t<meta property=\"og:image:width\" content=\"800\" \/>\n\t<meta property=\"og:image:height\" content=\"1200\" \/>\n\t<meta property=\"og:image:type\" content=\"image\/jpeg\" \/>\n<meta name=\"twitter:card\" content=\"summary_large_image\" \/>\n<meta name=\"twitter:label1\" content=\"Dur\u00e9e de lecture estim\u00e9e\" \/>\n\t<meta name=\"twitter:data1\" content=\"2 minutes\" \/>\n<script type=\"application\/ld+json\" class=\"yoast-schema-graph\">{\"@context\":\"https:\\\/\\\/schema.org\",\"@graph\":[{\"@type\":\"WebPage\",\"@id\":\"https:\\\/\\\/madame-sensuelle.paris\\\/fr\\\/product\\\/i-2019000063623-m-noir-1\\\/\",\"url\":\"https:\\\/\\\/madame-sensuelle.paris\\\/fr\\\/product\\\/i-2019000063623-m-noir-1\\\/\",\"name\":\"La robe longue avec fentes Isabella - Madame Sensuelle\",\"isPartOf\":{\"@id\":\"https:\\\/\\\/madame-sensuelle.paris\\\/fr\\\/#website\"},\"primaryImageOfPage\":{\"@id\":\"https:\\\/\\\/madame-sensuelle.paris\\\/fr\\\/product\\\/i-2019000063623-m-noir-1\\\/#primaryimage\"},\"image\":{\"@id\":\"https:\\\/\\\/madame-sensuelle.paris\\\/fr\\\/product\\\/i-2019000063623-m-noir-1\\\/#primaryimage\"},\"thumbnailUrl\":\"https:\\\/\\\/madame-sensuelle.paris\\\/wp-content\\\/uploads\\\/2024\\\/03\\\/isabella-robe_1__1_1.jpg\",\"datePublished\":\"2024-03-10T12:44:23+00:00\",\"dateModified\":\"2026-04-04T23:48:43+00:00\",\"description\":\"Une \u0153uvre extr\u00eamement appr\u00e9ci\u00e9e de notre gamme, inspir\u00e9e des Mille et une Nuits! La robe \\\"Isabella\\\" de la marque Catanzaro est une robe en lycra longue. Son d\u00e9collet\u00e9 profond met en valeur la poitrine et son dos est d\u00e9nud\u00e9. La taille est soulign\u00e9e par une bande en faux cuir. Un n\u0153ud ferme le haut de la robe dans la nuque, ce qui vous permet de personnaliser la hauteur en fonction de votre poitrine. Vos jambes seront expos\u00e9es sur le devant gr\u00e2ce \u00e0 deux longues fentes qui partent des hanches, apportant une touche toujours plus s\u00e9duisante. On la trouve \u00e9galement en rouge et en bleu.\",\"breadcrumb\":{\"@id\":\"https:\\\/\\\/madame-sensuelle.paris\\\/fr\\\/product\\\/i-2019000063623-m-noir-1\\\/#breadcrumb\"},\"inLanguage\":\"fr-FR\",\"potentialAction\":[{\"@type\":\"ReadAction\",\"target\":[\"https:\\\/\\\/madame-sensuelle.paris\\\/fr\\\/product\\\/i-2019000063623-m-noir-1\\\/\"]}]},{\"@type\":\"ImageObject\",\"inLanguage\":\"fr-FR\",\"@id\":\"https:\\\/\\\/madame-sensuelle.paris\\\/fr\\\/product\\\/i-2019000063623-m-noir-1\\\/#primaryimage\",\"url\":\"https:\\\/\\\/madame-sensuelle.paris\\\/wp-content\\\/uploads\\\/2024\\\/03\\\/isabella-robe_1__1_1.jpg\",\"contentUrl\":\"https:\\\/\\\/madame-sensuelle.paris\\\/wp-content\\\/uploads\\\/2024\\\/03\\\/isabella-robe_1__1_1.jpg\",\"width\":800,\"height\":1200},{\"@type\":\"BreadcrumbList\",\"@id\":\"https:\\\/\\\/madame-sensuelle.paris\\\/fr\\\/product\\\/i-2019000063623-m-noir-1\\\/#breadcrumb\",\"itemListElement\":[{\"@type\":\"ListItem\",\"position\":1,\"name\":\"Acceuil\",\"item\":\"https:\\\/\\\/madame-sensuelle.paris\\\/fr\\\/\"},{\"@type\":\"ListItem\",\"position\":2,\"name\":\"Catalogue\",\"item\":\"https:\\\/\\\/madame-sensuelle.paris\\\/fr\\\/catalogue\\\/\"},{\"@type\":\"ListItem\",\"position\":3,\"name\":\"Impudique\",\"item\":\"https:\\\/\\\/madame-sensuelle.paris\\\/fr\\\/brand\\\/impudique\\\/\"},{\"@type\":\"ListItem\",\"position\":4,\"name\":\"Robe longue en lycra \u00e0 fentes extr\u00eames et d\u00e9collet\u00e9 plongeant Isabella &#8211; noir\"}]},{\"@type\":\"WebSite\",\"@id\":\"https:\\\/\\\/madame-sensuelle.paris\\\/fr\\\/#website\",\"url\":\"https:\\\/\\\/madame-sensuelle.paris\\\/fr\\\/\",\"name\":\"MADAME SENSUELLE\",\"description\":\"MADAME SENSUELLE: Found the biggest exciting brands of chic &amp; SEXY LINGERIE in Paris Boutique and on the WEB: Aubade, Dita Von Teese, Maison Close, Marjolaine, Bluebella, Atelier Amour, Luxxa, Catanzaro, Gracija Rim. You will found the big pleasure of sexy belt or bra make for you\",\"publisher\":{\"@id\":\"https:\\\/\\\/madame-sensuelle.paris\\\/fr\\\/#organization\"},\"potentialAction\":[{\"@type\":\"SearchAction\",\"target\":{\"@type\":\"EntryPoint\",\"urlTemplate\":\"https:\\\/\\\/madame-sensuelle.paris\\\/fr\\\/?s={search_term_string}\"},\"query-input\":{\"@type\":\"PropertyValueSpecification\",\"valueRequired\":true,\"valueName\":\"search_term_string\"}}],\"inLanguage\":\"fr-FR\"},{\"@type\":\"Organization\",\"@id\":\"https:\\\/\\\/madame-sensuelle.paris\\\/fr\\\/#organization\",\"name\":\"Madame Sensuelle\",\"url\":\"https:\\\/\\\/madame-sensuelle.paris\\\/fr\\\/\",\"logo\":{\"@type\":\"ImageObject\",\"inLanguage\":\"fr-FR\",\"@id\":\"https:\\\/\\\/madame-sensuelle.paris\\\/fr\\\/#\\\/schema\\\/logo\\\/image\\\/\",\"url\":\"https:\\\/\\\/madame-sensuelle.paris\\\/wp-content\\\/uploads\\\/2024\\\/12\\\/logo_a-1-1_696.webp\",\"contentUrl\":\"https:\\\/\\\/madame-sensuelle.paris\\\/wp-content\\\/uploads\\\/2024\\\/12\\\/logo_a-1-1_696.webp\",\"width\":696,\"height\":696,\"caption\":\"Madame Sensuelle\"},\"image\":{\"@id\":\"https:\\\/\\\/madame-sensuelle.paris\\\/fr\\\/#\\\/schema\\\/logo\\\/image\\\/\"},\"sameAs\":[\"https:\\\/\\\/www.facebook.com\\\/madamesensuelle\",\"https:\\\/\\\/www.instagram.com\\\/madame_sensuelle\\\/\"]}]}<\/script>\n<!-- \/ Yoast SEO plugin. -->","yoast_head_json":{"title":"La robe longue avec fentes Isabella - Madame Sensuelle","description":"Une \u0153uvre extr\u00eamement appr\u00e9ci\u00e9e de notre gamme, inspir\u00e9e des Mille et une Nuits! La robe \"Isabella\" de la marque Catanzaro est une robe en lycra longue. Son d\u00e9collet\u00e9 profond met en valeur la poitrine et son dos est d\u00e9nud\u00e9. La taille est soulign\u00e9e par une bande en faux cuir. Un n\u0153ud ferme le haut de la robe dans la nuque, ce qui vous permet de personnaliser la hauteur en fonction de votre poitrine. Vos jambes seront expos\u00e9es sur le devant gr\u00e2ce \u00e0 deux longues fentes qui partent des hanches, apportant une touche toujours plus s\u00e9duisante. On la trouve \u00e9galement en rouge et en bleu.","robots":{"index":"index","follow":"follow","max-snippet":"max-snippet:-1","max-image-preview":"max-image-preview:large","max-video-preview":"max-video-preview:-1"},"canonical":"https:\/\/madame-sensuelle.paris\/fr\/product\/i-2019000063623-m-noir-1\/","og_locale":"fr_FR","og_type":"article","og_title":"La robe longue avec fentes Isabella - Madame Sensuelle","og_description":"Une \u0153uvre extr\u00eamement appr\u00e9ci\u00e9e de notre gamme, inspir\u00e9e des Mille et une Nuits! La robe \"Isabella\" de la marque Catanzaro est une robe en lycra longue. Son d\u00e9collet\u00e9 profond met en valeur la poitrine et son dos est d\u00e9nud\u00e9. La taille est soulign\u00e9e par une bande en faux cuir. Un n\u0153ud ferme le haut de la robe dans la nuque, ce qui vous permet de personnaliser la hauteur en fonction de votre poitrine. Vos jambes seront expos\u00e9es sur le devant gr\u00e2ce \u00e0 deux longues fentes qui partent des hanches, apportant une touche toujours plus s\u00e9duisante. On la trouve \u00e9galement en rouge et en bleu.","og_url":"https:\/\/madame-sensuelle.paris\/fr\/product\/i-2019000063623-m-noir-1\/","og_site_name":"Madame Sensuelle","article_publisher":"https:\/\/www.facebook.com\/madamesensuelle","article_modified_time":"2026-04-04T23:48:43+00:00","og_image":[{"width":800,"height":1200,"url":"http:\/\/madame-sensuelle.paris\/wp-content\/uploads\/2024\/03\/isabella-robe_1__1_1.jpg","type":"image\/jpeg"}],"twitter_card":"summary_large_image","twitter_misc":{"Dur\u00e9e de lecture estim\u00e9e":"2 minutes"},"schema":{"@context":"https:\/\/schema.org","@graph":[{"@type":"WebPage","@id":"https:\/\/madame-sensuelle.paris\/fr\/product\/i-2019000063623-m-noir-1\/","url":"https:\/\/madame-sensuelle.paris\/fr\/product\/i-2019000063623-m-noir-1\/","name":"La robe longue avec fentes Isabella - Madame Sensuelle","isPartOf":{"@id":"https:\/\/madame-sensuelle.paris\/fr\/#website"},"primaryImageOfPage":{"@id":"https:\/\/madame-sensuelle.paris\/fr\/product\/i-2019000063623-m-noir-1\/#primaryimage"},"image":{"@id":"https:\/\/madame-sensuelle.paris\/fr\/product\/i-2019000063623-m-noir-1\/#primaryimage"},"thumbnailUrl":"https:\/\/madame-sensuelle.paris\/wp-content\/uploads\/2024\/03\/isabella-robe_1__1_1.jpg","datePublished":"2024-03-10T12:44:23+00:00","dateModified":"2026-04-04T23:48:43+00:00","description":"Une \u0153uvre extr\u00eamement appr\u00e9ci\u00e9e de notre gamme, inspir\u00e9e des Mille et une Nuits! La robe \"Isabella\" de la marque Catanzaro est une robe en lycra longue. Son d\u00e9collet\u00e9 profond met en valeur la poitrine et son dos est d\u00e9nud\u00e9. La taille est soulign\u00e9e par une bande en faux cuir. Un n\u0153ud ferme le haut de la robe dans la nuque, ce qui vous permet de personnaliser la hauteur en fonction de votre poitrine. Vos jambes seront expos\u00e9es sur le devant gr\u00e2ce \u00e0 deux longues fentes qui partent des hanches, apportant une touche toujours plus s\u00e9duisante. On la trouve \u00e9galement en rouge et en bleu.","breadcrumb":{"@id":"https:\/\/madame-sensuelle.paris\/fr\/product\/i-2019000063623-m-noir-1\/#breadcrumb"},"inLanguage":"fr-FR","potentialAction":[{"@type":"ReadAction","target":["https:\/\/madame-sensuelle.paris\/fr\/product\/i-2019000063623-m-noir-1\/"]}]},{"@type":"ImageObject","inLanguage":"fr-FR","@id":"https:\/\/madame-sensuelle.paris\/fr\/product\/i-2019000063623-m-noir-1\/#primaryimage","url":"https:\/\/madame-sensuelle.paris\/wp-content\/uploads\/2024\/03\/isabella-robe_1__1_1.jpg","contentUrl":"https:\/\/madame-sensuelle.paris\/wp-content\/uploads\/2024\/03\/isabella-robe_1__1_1.jpg","width":800,"height":1200},{"@type":"BreadcrumbList","@id":"https:\/\/madame-sensuelle.paris\/fr\/product\/i-2019000063623-m-noir-1\/#breadcrumb","itemListElement":[{"@type":"ListItem","position":1,"name":"Acceuil","item":"https:\/\/madame-sensuelle.paris\/fr\/"},{"@type":"ListItem","position":2,"name":"Catalogue","item":"https:\/\/madame-sensuelle.paris\/fr\/catalogue\/"},{"@type":"ListItem","position":3,"name":"Impudique","item":"https:\/\/madame-sensuelle.paris\/fr\/brand\/impudique\/"},{"@type":"ListItem","position":4,"name":"Robe longue en lycra \u00e0 fentes extr\u00eames et d\u00e9collet\u00e9 plongeant Isabella &#8211; noir"}]},{"@type":"WebSite","@id":"https:\/\/madame-sensuelle.paris\/fr\/#website","url":"https:\/\/madame-sensuelle.paris\/fr\/","name":"MADAME SENSUELLE","description":"MADAME SENSUELLE: Found the biggest exciting brands of chic &amp; SEXY LINGERIE in Paris Boutique and on the WEB: Aubade, Dita Von Teese, Maison Close, Marjolaine, Bluebella, Atelier Amour, Luxxa, Catanzaro, Gracija Rim. You will found the big pleasure of sexy belt or bra make for you","publisher":{"@id":"https:\/\/madame-sensuelle.paris\/fr\/#organization"},"potentialAction":[{"@type":"SearchAction","target":{"@type":"EntryPoint","urlTemplate":"https:\/\/madame-sensuelle.paris\/fr\/?s={search_term_string}"},"query-input":{"@type":"PropertyValueSpecification","valueRequired":true,"valueName":"search_term_string"}}],"inLanguage":"fr-FR"},{"@type":"Organization","@id":"https:\/\/madame-sensuelle.paris\/fr\/#organization","name":"Madame Sensuelle","url":"https:\/\/madame-sensuelle.paris\/fr\/","logo":{"@type":"ImageObject","inLanguage":"fr-FR","@id":"https:\/\/madame-sensuelle.paris\/fr\/#\/schema\/logo\/image\/","url":"https:\/\/madame-sensuelle.paris\/wp-content\/uploads\/2024\/12\/logo_a-1-1_696.webp","contentUrl":"https:\/\/madame-sensuelle.paris\/wp-content\/uploads\/2024\/12\/logo_a-1-1_696.webp","width":696,"height":696,"caption":"Madame Sensuelle"},"image":{"@id":"https:\/\/madame-sensuelle.paris\/fr\/#\/schema\/logo\/image\/"},"sameAs":["https:\/\/www.facebook.com\/madamesensuelle","https:\/\/www.instagram.com\/madame_sensuelle\/"]}]}},"brands":[{"id":2780,"name":"Impudique","slug":"impudique"}],"_links":{"self":[{"href":"https:\/\/madame-sensuelle.paris\/fr\/wp-json\/wp\/v2\/product\/66548","targetHints":{"allow":["GET"]}}],"collection":[{"href":"https:\/\/madame-sensuelle.paris\/fr\/wp-json\/wp\/v2\/product"}],"about":[{"href":"https:\/\/madame-sensuelle.paris\/fr\/wp-json\/wp\/v2\/types\/product"}],"version-history":[{"count":1,"href":"https:\/\/madame-sensuelle.paris\/fr\/wp-json\/wp\/v2\/product\/66548\/revisions"}],"predecessor-version":[{"id":107486,"href":"https:\/\/madame-sensuelle.paris\/fr\/wp-json\/wp\/v2\/product\/66548\/revisions\/107486"}],"wp:featuredmedia":[{"embeddable":true,"href":"https:\/\/madame-sensuelle.paris\/fr\/wp-json\/wp\/v2\/media\/84531"}],"wp:attachment":[{"href":"https:\/\/madame-sensuelle.paris\/fr\/wp-json\/wp\/v2\/media?parent=66548"}],"wp:term":[{"taxonomy":"pwb-brand","embeddable":true,"href":"https:\/\/madame-sensuelle.paris\/fr\/wp-json\/wp\/v2\/pwb-brand?post=66548"},{"taxonomy":"product_brand","embeddable":true,"href":"https:\/\/madame-sensuelle.paris\/fr\/wp-json\/wp\/v2\/product_brand?post=66548"},{"taxonomy":"product_cat","embeddable":true,"href":"https:\/\/madame-sensuelle.paris\/fr\/wp-json\/wp\/v2\/product_cat?post=66548"},{"taxonomy":"product_tag","embeddable":true,"href":"https:\/\/madame-sensuelle.paris\/fr\/wp-json\/wp\/v2\/product_tag?post=66548"},{"taxonomy":"giftcard-category","embeddable":true,"href":"https:\/\/madame-sensuelle.paris\/fr\/wp-json\/wp\/v2\/giftcard-category?post=66548"}],"curies":[{"name":"wp","href":"https:\/\/api.w.org\/{rel}","templated":true}]}}