{"id":66552,"date":"2024-03-10T12:44:23","date_gmt":"2024-03-10T12:44:23","guid":{"rendered":"https:\/\/madame-sensuelle.eu\/?post_type=product&#038;p=66552"},"modified":"2026-04-03T19:12:55","modified_gmt":"2026-04-03T19:12:55","slug":"i-2019000068406-s-noir-1","status":"publish","type":"product","link":"https:\/\/madame-sensuelle.paris\/fr\/product\/i-2019000068406-s-noir-1\/","title":{"rendered":"Robe longue en lycra dos nu avec fente Mina &#8211; noir"},"content":{"rendered":"<p><span id=\"output-sentence~0\"><span id=\"output-word~0~0\" data-segment-position=\"0\">Mina <\/span><span id=\"output-word~0~1\" data-segment-position=\"1\">est <\/span><span id=\"output-word~0~2\" data-segment-position=\"2\">une <\/span><span id=\"output-word~0~3\" data-segment-position=\"3\">robe <\/span><span id=\"output-word~0~4\" data-segment-position=\"4\">en <\/span><span id=\"output-word~0~5\" data-segment-position=\"5\">lycra <\/span><span id=\"output-word~0~7\" data-segment-position=\"7\">longue <\/span><span id=\"output-word~0~8\" data-segment-position=\"8\">qui <\/span><span id=\"output-word~0~9\" data-segment-position=\"9\">combine <\/span><span id=\"output-word~0~10\" data-segment-position=\"10\">\u00e0 <\/span><span id=\"output-word~0~11\" data-segment-position=\"11\">la <\/span><span id=\"output-word~0~12\" data-segment-position=\"12\">fois <\/span><span id=\"output-word~0~13\" data-segment-position=\"13\">le <\/span><span id=\"output-word~0~14\" data-segment-position=\"14\">charme <\/span><span id=\"output-word~0~15\" data-segment-position=\"15\">et <\/span><span id=\"output-word~0~16\" data-segment-position=\"16\">l&#8217;\u00e9l\u00e9gance.<\/span><\/span> <span id=\"output-sentence~1\"><span id=\"output-word~1~0\" data-segment-position=\"0\">Mina <\/span><span id=\"output-word~1~1\" data-segment-position=\"1\">est <\/span><span id=\"output-word~1~2\" data-segment-position=\"2\">l&#8217;atout <\/span><span id=\"output-word~1~3\" data-segment-position=\"29\">de <\/span><span id=\"output-word~1~4\" data-segment-position=\"4\">vos <\/span><span id=\"output-word~1~5\" data-segment-position=\"5\">soir\u00e9es <\/span><span id=\"output-word~1~6\" data-segment-position=\"6\">gr\u00e2ce <\/span><span id=\"output-word~1~7\" data-segment-position=\"20\">\u00e0 <\/span><span id=\"output-word~1~8\" data-segment-position=\"8\">son <\/span><span id=\"output-word~1~9\" data-segment-position=\"9\">dos <\/span><span id=\"output-word~1~10\" data-segment-position=\"10\">en <\/span><span id=\"output-word~1~11\" data-segment-position=\"11\">V, <\/span><span id=\"output-word~1~12\" data-segment-position=\"12\">enti\u00e8rement <\/span><span id=\"output-word~1~13\" data-segment-position=\"13\">d\u00e9v\u00eatu <\/span><span id=\"output-word~1~14\" data-segment-position=\"14\">jusqu&#8217;\u00e0 <\/span><span id=\"output-word~1~15\" data-segment-position=\"30\">la <\/span><span id=\"output-word~1~16\" data-segment-position=\"16\">naissance <\/span><span id=\"output-word~1~17\" data-segment-position=\"17\">des <\/span><span id=\"output-word~1~18\" data-segment-position=\"18\">fesses, <\/span><span id=\"output-word~1~19\" data-segment-position=\"19\">et <\/span><span id=\"output-word~1~20\" data-segment-position=\"20\">\u00e0 <\/span><span id=\"output-word~1~21\" data-segment-position=\"21\">sa <\/span><span id=\"output-word~1~22\" data-segment-position=\"22\">fente <\/span><span id=\"output-word~1~23\" data-segment-position=\"23\">qui <\/span><span id=\"output-word~1~24\" data-segment-position=\"24\">laisse <\/span><span id=\"output-word~1~25\" data-segment-position=\"25\">subtilement <\/span><span id=\"output-word~1~26\" data-segment-position=\"26\">voir <\/span><span id=\"output-word~1~27\" data-segment-position=\"27\">le <\/span><span id=\"output-word~1~28\" data-segment-position=\"28\">haut <\/span><span id=\"output-word~1~29\" data-segment-position=\"29\">de <\/span><span id=\"output-word~1~30\" data-segment-position=\"30\">la <\/span><span id=\"output-word~1~31\" data-segment-position=\"31\">cuisse.<\/span><\/span> <span id=\"output-sentence~2\"><span id=\"output-word~2~0\" data-segment-position=\"0\">Son <\/span><span id=\"output-word~2~1\" data-segment-position=\"1\">col <\/span><span id=\"output-word~2~2\" data-segment-position=\"2\">d&#8217;origine, <\/span><span id=\"output-word~2~3\" data-segment-position=\"3\">en <\/span><span id=\"output-word~2~4\" data-segment-position=\"4\">imitation <\/span><span id=\"output-word~2~5\" data-segment-position=\"5\">cuir, <\/span><span id=\"output-word~2~6\" data-segment-position=\"6\">se <\/span><span id=\"output-word~2~7\" data-segment-position=\"7\">referme <\/span><span id=\"output-word~2~8\" data-segment-position=\"8\">dans <\/span><span id=\"output-word~2~9\" data-segment-position=\"9\">la <\/span><span id=\"output-word~2~10\" data-segment-position=\"10\">nuque <\/span><span id=\"output-word~2~11\" data-segment-position=\"11\">par <\/span><span id=\"output-word~2~12\" data-segment-position=\"12\">des <\/span><span id=\"output-word~2~13\" data-segment-position=\"13\">boutons. Existe en noir et rouge. La marque Catanzaro est la marque culte dans l&#8217;univers f\u00e9tiche.\u00a0<\/span><\/span><\/p>\n","protected":false},"excerpt":{"rendered":"<p>Mina est une robe en lycra longue qui combine \u00e0 la fois le charme et l&#8217;\u00e9l\u00e9gance. Mina est l&#8217;atout de vos soir\u00e9es gr\u00e2ce \u00e0 son dos en V, enti\u00e8rement d\u00e9v\u00eatu jusqu&#8217;\u00e0 la naissance des fesses, et \u00e0 sa fente qui laisse subtilement voir le haut de la cuisse. Son col d&#8217;origine, en imitation cuir, se<\/p>\n","protected":false},"featured_media":84645,"template":"","meta":[],"pwb-brand":[2780],"product_brand":[],"product_cat":[1239,1235],"product_tag":[],"giftcard-category":[],"class_list":{"0":"post-66552","1":"product","2":"type-product","3":"status-publish","4":"has-post-thumbnail","6":"pwb-brand-impudique","7":"product_cat-longewear","8":"product_cat-robes-sexy","10":"first","11":"outofstock","12":"taxable","13":"shipping-taxable","14":"purchasable","15":"product-type-variable","16":"has-default-attributes"},"yoast_head":"<!-- This site is optimized with the Yoast SEO plugin v27.3 - https:\/\/yoast.com\/product\/yoast-seo-wordpress\/ -->\n<title>Robe en lycra longue Mina avec fente<\/title>\n<meta name=\"description\" content=\"Mina est une robe en lycra longue qui combine \u00e0 la fois le charme et l&#039;\u00e9l\u00e9gance. Mina est l&#039;atout de vos soir\u00e9es gr\u00e2ce \u00e0 son dos en V, enti\u00e8rement d\u00e9v\u00eatu jusqu&#039;\u00e0 la naissance des fesses, et \u00e0 sa fente qui laisse subtilement voir le haut de la cuisse. Son col d&#039;origine, en imitation cuir, se referme dans la nuque par des boutons. Existe en noir et rouge. La marque Catanzaro est la marque culte dans l&#039;univers f\u00e9tiche.\u00a0\" \/>\n<meta name=\"robots\" content=\"index, follow, max-snippet:-1, max-image-preview:large, max-video-preview:-1\" \/>\n<link rel=\"canonical\" href=\"https:\/\/madame-sensuelle.paris\/fr\/product\/i-2019000068406-s-noir-1\/\" \/>\n<meta property=\"og:locale\" content=\"fr_FR\" \/>\n<meta property=\"og:type\" content=\"article\" \/>\n<meta property=\"og:title\" content=\"Robe en lycra longue Mina avec fente\" \/>\n<meta property=\"og:description\" content=\"Mina est une robe en lycra longue qui combine \u00e0 la fois le charme et l&#039;\u00e9l\u00e9gance. Mina est l&#039;atout de vos soir\u00e9es gr\u00e2ce \u00e0 son dos en V, enti\u00e8rement d\u00e9v\u00eatu jusqu&#039;\u00e0 la naissance des fesses, et \u00e0 sa fente qui laisse subtilement voir le haut de la cuisse. Son col d&#039;origine, en imitation cuir, se referme dans la nuque par des boutons. Existe en noir et rouge. La marque Catanzaro est la marque culte dans l&#039;univers f\u00e9tiche.\u00a0\" \/>\n<meta property=\"og:url\" content=\"https:\/\/madame-sensuelle.paris\/fr\/product\/i-2019000068406-s-noir-1\/\" \/>\n<meta property=\"og:site_name\" content=\"Madame Sensuelle\" \/>\n<meta property=\"article:publisher\" content=\"https:\/\/www.facebook.com\/madamesensuelle\" \/>\n<meta property=\"article:modified_time\" content=\"2026-04-03T19:12:55+00:00\" \/>\n<meta property=\"og:image\" content=\"https:\/\/madame-sensuelle.paris\/wp-content\/uploads\/2024\/03\/mina-robe_1_1.jpg\" \/>\n\t<meta property=\"og:image:width\" content=\"800\" \/>\n\t<meta property=\"og:image:height\" content=\"1200\" \/>\n\t<meta property=\"og:image:type\" content=\"image\/jpeg\" \/>\n<meta name=\"twitter:card\" content=\"summary_large_image\" \/>\n<meta name=\"twitter:label1\" content=\"Dur\u00e9e de lecture estim\u00e9e\" \/>\n\t<meta name=\"twitter:data1\" content=\"2 minutes\" \/>\n<script type=\"application\/ld+json\" class=\"yoast-schema-graph\">{\"@context\":\"https:\\\/\\\/schema.org\",\"@graph\":[{\"@type\":\"WebPage\",\"@id\":\"https:\\\/\\\/madame-sensuelle.paris\\\/fr\\\/product\\\/i-2019000068406-s-noir-1\\\/\",\"url\":\"https:\\\/\\\/madame-sensuelle.paris\\\/fr\\\/product\\\/i-2019000068406-s-noir-1\\\/\",\"name\":\"Robe en lycra longue Mina avec fente\",\"isPartOf\":{\"@id\":\"https:\\\/\\\/madame-sensuelle.paris\\\/fr\\\/#website\"},\"primaryImageOfPage\":{\"@id\":\"https:\\\/\\\/madame-sensuelle.paris\\\/fr\\\/product\\\/i-2019000068406-s-noir-1\\\/#primaryimage\"},\"image\":{\"@id\":\"https:\\\/\\\/madame-sensuelle.paris\\\/fr\\\/product\\\/i-2019000068406-s-noir-1\\\/#primaryimage\"},\"thumbnailUrl\":\"https:\\\/\\\/madame-sensuelle.paris\\\/wp-content\\\/uploads\\\/2024\\\/03\\\/mina-robe_1_1.jpg\",\"datePublished\":\"2024-03-10T12:44:23+00:00\",\"dateModified\":\"2026-04-03T19:12:55+00:00\",\"description\":\"Mina est une robe en lycra longue qui combine \u00e0 la fois le charme et l'\u00e9l\u00e9gance. Mina est l'atout de vos soir\u00e9es gr\u00e2ce \u00e0 son dos en V, enti\u00e8rement d\u00e9v\u00eatu jusqu'\u00e0 la naissance des fesses, et \u00e0 sa fente qui laisse subtilement voir le haut de la cuisse. Son col d'origine, en imitation cuir, se referme dans la nuque par des boutons. Existe en noir et rouge. La marque Catanzaro est la marque culte dans l'univers f\u00e9tiche.\u00a0\",\"breadcrumb\":{\"@id\":\"https:\\\/\\\/madame-sensuelle.paris\\\/fr\\\/product\\\/i-2019000068406-s-noir-1\\\/#breadcrumb\"},\"inLanguage\":\"fr-FR\",\"potentialAction\":[{\"@type\":\"ReadAction\",\"target\":[\"https:\\\/\\\/madame-sensuelle.paris\\\/fr\\\/product\\\/i-2019000068406-s-noir-1\\\/\"]}]},{\"@type\":\"ImageObject\",\"inLanguage\":\"fr-FR\",\"@id\":\"https:\\\/\\\/madame-sensuelle.paris\\\/fr\\\/product\\\/i-2019000068406-s-noir-1\\\/#primaryimage\",\"url\":\"https:\\\/\\\/madame-sensuelle.paris\\\/wp-content\\\/uploads\\\/2024\\\/03\\\/mina-robe_1_1.jpg\",\"contentUrl\":\"https:\\\/\\\/madame-sensuelle.paris\\\/wp-content\\\/uploads\\\/2024\\\/03\\\/mina-robe_1_1.jpg\",\"width\":800,\"height\":1200},{\"@type\":\"BreadcrumbList\",\"@id\":\"https:\\\/\\\/madame-sensuelle.paris\\\/fr\\\/product\\\/i-2019000068406-s-noir-1\\\/#breadcrumb\",\"itemListElement\":[{\"@type\":\"ListItem\",\"position\":1,\"name\":\"Acceuil\",\"item\":\"https:\\\/\\\/madame-sensuelle.paris\\\/fr\\\/\"},{\"@type\":\"ListItem\",\"position\":2,\"name\":\"Catalogue\",\"item\":\"https:\\\/\\\/madame-sensuelle.paris\\\/fr\\\/catalogue\\\/\"},{\"@type\":\"ListItem\",\"position\":3,\"name\":\"Impudique\",\"item\":\"https:\\\/\\\/madame-sensuelle.paris\\\/fr\\\/brand\\\/impudique\\\/\"},{\"@type\":\"ListItem\",\"position\":4,\"name\":\"Robe longue en lycra dos nu avec fente Mina &#8211; noir\"}]},{\"@type\":\"WebSite\",\"@id\":\"https:\\\/\\\/madame-sensuelle.paris\\\/fr\\\/#website\",\"url\":\"https:\\\/\\\/madame-sensuelle.paris\\\/fr\\\/\",\"name\":\"MADAME SENSUELLE\",\"description\":\"MADAME SENSUELLE: Found the biggest exciting brands of chic &amp; SEXY LINGERIE in Paris Boutique and on the WEB: Aubade, Dita Von Teese, Maison Close, Marjolaine, Bluebella, Atelier Amour, Luxxa, Catanzaro, Gracija Rim. You will found the big pleasure of sexy belt or bra make for you\",\"publisher\":{\"@id\":\"https:\\\/\\\/madame-sensuelle.paris\\\/fr\\\/#organization\"},\"potentialAction\":[{\"@type\":\"SearchAction\",\"target\":{\"@type\":\"EntryPoint\",\"urlTemplate\":\"https:\\\/\\\/madame-sensuelle.paris\\\/fr\\\/?s={search_term_string}\"},\"query-input\":{\"@type\":\"PropertyValueSpecification\",\"valueRequired\":true,\"valueName\":\"search_term_string\"}}],\"inLanguage\":\"fr-FR\"},{\"@type\":\"Organization\",\"@id\":\"https:\\\/\\\/madame-sensuelle.paris\\\/fr\\\/#organization\",\"name\":\"Madame Sensuelle\",\"url\":\"https:\\\/\\\/madame-sensuelle.paris\\\/fr\\\/\",\"logo\":{\"@type\":\"ImageObject\",\"inLanguage\":\"fr-FR\",\"@id\":\"https:\\\/\\\/madame-sensuelle.paris\\\/fr\\\/#\\\/schema\\\/logo\\\/image\\\/\",\"url\":\"https:\\\/\\\/madame-sensuelle.paris\\\/wp-content\\\/uploads\\\/2024\\\/12\\\/logo_a-1-1_696.webp\",\"contentUrl\":\"https:\\\/\\\/madame-sensuelle.paris\\\/wp-content\\\/uploads\\\/2024\\\/12\\\/logo_a-1-1_696.webp\",\"width\":696,\"height\":696,\"caption\":\"Madame Sensuelle\"},\"image\":{\"@id\":\"https:\\\/\\\/madame-sensuelle.paris\\\/fr\\\/#\\\/schema\\\/logo\\\/image\\\/\"},\"sameAs\":[\"https:\\\/\\\/www.facebook.com\\\/madamesensuelle\",\"https:\\\/\\\/www.instagram.com\\\/madame_sensuelle\\\/\"]}]}<\/script>\n<!-- \/ Yoast SEO plugin. -->","yoast_head_json":{"title":"Robe en lycra longue Mina avec fente","description":"Mina est une robe en lycra longue qui combine \u00e0 la fois le charme et l'\u00e9l\u00e9gance. Mina est l'atout de vos soir\u00e9es gr\u00e2ce \u00e0 son dos en V, enti\u00e8rement d\u00e9v\u00eatu jusqu'\u00e0 la naissance des fesses, et \u00e0 sa fente qui laisse subtilement voir le haut de la cuisse. Son col d'origine, en imitation cuir, se referme dans la nuque par des boutons. Existe en noir et rouge. La marque Catanzaro est la marque culte dans l'univers f\u00e9tiche.\u00a0","robots":{"index":"index","follow":"follow","max-snippet":"max-snippet:-1","max-image-preview":"max-image-preview:large","max-video-preview":"max-video-preview:-1"},"canonical":"https:\/\/madame-sensuelle.paris\/fr\/product\/i-2019000068406-s-noir-1\/","og_locale":"fr_FR","og_type":"article","og_title":"Robe en lycra longue Mina avec fente","og_description":"Mina est une robe en lycra longue qui combine \u00e0 la fois le charme et l'\u00e9l\u00e9gance. Mina est l'atout de vos soir\u00e9es gr\u00e2ce \u00e0 son dos en V, enti\u00e8rement d\u00e9v\u00eatu jusqu'\u00e0 la naissance des fesses, et \u00e0 sa fente qui laisse subtilement voir le haut de la cuisse. Son col d'origine, en imitation cuir, se referme dans la nuque par des boutons. Existe en noir et rouge. La marque Catanzaro est la marque culte dans l'univers f\u00e9tiche.\u00a0","og_url":"https:\/\/madame-sensuelle.paris\/fr\/product\/i-2019000068406-s-noir-1\/","og_site_name":"Madame Sensuelle","article_publisher":"https:\/\/www.facebook.com\/madamesensuelle","article_modified_time":"2026-04-03T19:12:55+00:00","og_image":[{"width":800,"height":1200,"url":"https:\/\/madame-sensuelle.paris\/wp-content\/uploads\/2024\/03\/mina-robe_1_1.jpg","type":"image\/jpeg"}],"twitter_card":"summary_large_image","twitter_misc":{"Dur\u00e9e de lecture estim\u00e9e":"2 minutes"},"schema":{"@context":"https:\/\/schema.org","@graph":[{"@type":"WebPage","@id":"https:\/\/madame-sensuelle.paris\/fr\/product\/i-2019000068406-s-noir-1\/","url":"https:\/\/madame-sensuelle.paris\/fr\/product\/i-2019000068406-s-noir-1\/","name":"Robe en lycra longue Mina avec fente","isPartOf":{"@id":"https:\/\/madame-sensuelle.paris\/fr\/#website"},"primaryImageOfPage":{"@id":"https:\/\/madame-sensuelle.paris\/fr\/product\/i-2019000068406-s-noir-1\/#primaryimage"},"image":{"@id":"https:\/\/madame-sensuelle.paris\/fr\/product\/i-2019000068406-s-noir-1\/#primaryimage"},"thumbnailUrl":"https:\/\/madame-sensuelle.paris\/wp-content\/uploads\/2024\/03\/mina-robe_1_1.jpg","datePublished":"2024-03-10T12:44:23+00:00","dateModified":"2026-04-03T19:12:55+00:00","description":"Mina est une robe en lycra longue qui combine \u00e0 la fois le charme et l'\u00e9l\u00e9gance. Mina est l'atout de vos soir\u00e9es gr\u00e2ce \u00e0 son dos en V, enti\u00e8rement d\u00e9v\u00eatu jusqu'\u00e0 la naissance des fesses, et \u00e0 sa fente qui laisse subtilement voir le haut de la cuisse. Son col d'origine, en imitation cuir, se referme dans la nuque par des boutons. Existe en noir et rouge. La marque Catanzaro est la marque culte dans l'univers f\u00e9tiche.\u00a0","breadcrumb":{"@id":"https:\/\/madame-sensuelle.paris\/fr\/product\/i-2019000068406-s-noir-1\/#breadcrumb"},"inLanguage":"fr-FR","potentialAction":[{"@type":"ReadAction","target":["https:\/\/madame-sensuelle.paris\/fr\/product\/i-2019000068406-s-noir-1\/"]}]},{"@type":"ImageObject","inLanguage":"fr-FR","@id":"https:\/\/madame-sensuelle.paris\/fr\/product\/i-2019000068406-s-noir-1\/#primaryimage","url":"https:\/\/madame-sensuelle.paris\/wp-content\/uploads\/2024\/03\/mina-robe_1_1.jpg","contentUrl":"https:\/\/madame-sensuelle.paris\/wp-content\/uploads\/2024\/03\/mina-robe_1_1.jpg","width":800,"height":1200},{"@type":"BreadcrumbList","@id":"https:\/\/madame-sensuelle.paris\/fr\/product\/i-2019000068406-s-noir-1\/#breadcrumb","itemListElement":[{"@type":"ListItem","position":1,"name":"Acceuil","item":"https:\/\/madame-sensuelle.paris\/fr\/"},{"@type":"ListItem","position":2,"name":"Catalogue","item":"https:\/\/madame-sensuelle.paris\/fr\/catalogue\/"},{"@type":"ListItem","position":3,"name":"Impudique","item":"https:\/\/madame-sensuelle.paris\/fr\/brand\/impudique\/"},{"@type":"ListItem","position":4,"name":"Robe longue en lycra dos nu avec fente Mina &#8211; noir"}]},{"@type":"WebSite","@id":"https:\/\/madame-sensuelle.paris\/fr\/#website","url":"https:\/\/madame-sensuelle.paris\/fr\/","name":"MADAME SENSUELLE","description":"MADAME SENSUELLE: Found the biggest exciting brands of chic &amp; SEXY LINGERIE in Paris Boutique and on the WEB: Aubade, Dita Von Teese, Maison Close, Marjolaine, Bluebella, Atelier Amour, Luxxa, Catanzaro, Gracija Rim. You will found the big pleasure of sexy belt or bra make for you","publisher":{"@id":"https:\/\/madame-sensuelle.paris\/fr\/#organization"},"potentialAction":[{"@type":"SearchAction","target":{"@type":"EntryPoint","urlTemplate":"https:\/\/madame-sensuelle.paris\/fr\/?s={search_term_string}"},"query-input":{"@type":"PropertyValueSpecification","valueRequired":true,"valueName":"search_term_string"}}],"inLanguage":"fr-FR"},{"@type":"Organization","@id":"https:\/\/madame-sensuelle.paris\/fr\/#organization","name":"Madame Sensuelle","url":"https:\/\/madame-sensuelle.paris\/fr\/","logo":{"@type":"ImageObject","inLanguage":"fr-FR","@id":"https:\/\/madame-sensuelle.paris\/fr\/#\/schema\/logo\/image\/","url":"https:\/\/madame-sensuelle.paris\/wp-content\/uploads\/2024\/12\/logo_a-1-1_696.webp","contentUrl":"https:\/\/madame-sensuelle.paris\/wp-content\/uploads\/2024\/12\/logo_a-1-1_696.webp","width":696,"height":696,"caption":"Madame Sensuelle"},"image":{"@id":"https:\/\/madame-sensuelle.paris\/fr\/#\/schema\/logo\/image\/"},"sameAs":["https:\/\/www.facebook.com\/madamesensuelle","https:\/\/www.instagram.com\/madame_sensuelle\/"]}]}},"brands":[{"id":2780,"name":"Impudique","slug":"impudique"}],"_links":{"self":[{"href":"https:\/\/madame-sensuelle.paris\/fr\/wp-json\/wp\/v2\/product\/66552","targetHints":{"allow":["GET"]}}],"collection":[{"href":"https:\/\/madame-sensuelle.paris\/fr\/wp-json\/wp\/v2\/product"}],"about":[{"href":"https:\/\/madame-sensuelle.paris\/fr\/wp-json\/wp\/v2\/types\/product"}],"version-history":[{"count":1,"href":"https:\/\/madame-sensuelle.paris\/fr\/wp-json\/wp\/v2\/product\/66552\/revisions"}],"predecessor-version":[{"id":107489,"href":"https:\/\/madame-sensuelle.paris\/fr\/wp-json\/wp\/v2\/product\/66552\/revisions\/107489"}],"wp:featuredmedia":[{"embeddable":true,"href":"https:\/\/madame-sensuelle.paris\/fr\/wp-json\/wp\/v2\/media\/84645"}],"wp:attachment":[{"href":"https:\/\/madame-sensuelle.paris\/fr\/wp-json\/wp\/v2\/media?parent=66552"}],"wp:term":[{"taxonomy":"pwb-brand","embeddable":true,"href":"https:\/\/madame-sensuelle.paris\/fr\/wp-json\/wp\/v2\/pwb-brand?post=66552"},{"taxonomy":"product_brand","embeddable":true,"href":"https:\/\/madame-sensuelle.paris\/fr\/wp-json\/wp\/v2\/product_brand?post=66552"},{"taxonomy":"product_cat","embeddable":true,"href":"https:\/\/madame-sensuelle.paris\/fr\/wp-json\/wp\/v2\/product_cat?post=66552"},{"taxonomy":"product_tag","embeddable":true,"href":"https:\/\/madame-sensuelle.paris\/fr\/wp-json\/wp\/v2\/product_tag?post=66552"},{"taxonomy":"giftcard-category","embeddable":true,"href":"https:\/\/madame-sensuelle.paris\/fr\/wp-json\/wp\/v2\/giftcard-category?post=66552"}],"curies":[{"name":"wp","href":"https:\/\/api.w.org\/{rel}","templated":true}]}}