{"id":66679,"date":"2024-03-10T12:44:58","date_gmt":"2024-03-10T12:44:58","guid":{"rendered":"https:\/\/madame-sensuelle.eu\/?post_type=product&#038;p=66679"},"modified":"2026-04-05T00:13:17","modified_gmt":"2026-04-05T00:13:17","slug":"soutien-gorge-balance-demi-seins-a-tour-de-cou","status":"publish","type":"product","link":"https:\/\/madame-sensuelle.paris\/fr\/product\/soutien-gorge-balance-demi-seins-a-tour-de-cou\/","title":{"rendered":"Soutien-gorge Balance demi-seins \u00e0 tour de cou"},"content":{"rendered":"<p>Soutien-gorge Balance au design audacieux et sensuel.<\/p>\n<ul>\n<li>Demi-bonnets qui soulignent et rehaussent la poitrine.<\/li>\n<li>Tour de cou \u00e9l\u00e9gant pour un effet s\u00e9duction affirm\u00e9.<\/li>\n<li>Dentelle d\u00e9licate et finitions soign\u00e9es pour un charme raffin\u00e9.<\/li>\n<li>Bretelles r\u00e9glables pour un ajustement parfait.<\/li>\n<\/ul>\n","protected":false},"excerpt":{"rendered":"<p>Soutien-gorge Balance au design audacieux et sensuel. Demi-bonnets qui soulignent et rehaussent la poitrine. Tour de cou \u00e9l\u00e9gant pour un effet s\u00e9duction affirm\u00e9. Dentelle d\u00e9licate et finitions soign\u00e9es pour un charme raffin\u00e9. Bretelles r\u00e9glables pour un ajustement parfait.<\/p>\n","protected":false},"featured_media":104822,"template":"","meta":[],"pwb-brand":[2787],"product_brand":[],"product_cat":[1245,1264,1257],"product_tag":[],"giftcard-category":[],"class_list":{"0":"post-66679","1":"product","2":"type-product","3":"status-publish","4":"has-post-thumbnail","6":"pwb-brand-luxxa","7":"product_cat-lingerie-sexy-femme-erotique-et-glamour","8":"product_cat-soutiens-gorge-ouvert","9":"product_cat-soutiens-gorge","10":"pa_collection-balance-fr","12":"first","13":"instock","14":"taxable","15":"shipping-taxable","16":"purchasable","17":"product-type-variable","18":"has-default-attributes"},"yoast_head":"<!-- This site is optimized with the Yoast SEO plugin v27.3 - https:\/\/yoast.com\/product\/yoast-seo-wordpress\/ -->\n<title>Soutien-gorge Balance demi-seins \u00e0 tour de cou \u2013 LUXXA - Madame Sensuelle<\/title>\n<meta name=\"description\" content=\"Soutien-gorge Balance demi-seins : osez la dentelle et le tour de cou sensuel pour un d\u00e9collet\u00e9 irr\u00e9sistible. Venez l&#039;essayez d\u00e9s maintenant \ud83e\udd2b\" \/>\n<meta name=\"robots\" content=\"index, follow, max-snippet:-1, max-image-preview:large, max-video-preview:-1\" \/>\n<link rel=\"canonical\" href=\"https:\/\/madame-sensuelle.paris\/fr\/product\/soutien-gorge-balance-demi-seins-a-tour-de-cou\/\" \/>\n<meta property=\"og:locale\" content=\"fr_FR\" \/>\n<meta property=\"og:type\" content=\"article\" \/>\n<meta property=\"og:title\" content=\"Soutien-gorge Balance demi-seins \u00e0 tour de cou \u2013 LUXXA - Madame Sensuelle\" \/>\n<meta property=\"og:description\" content=\"Soutien-gorge Balance demi-seins : osez la dentelle et le tour de cou sensuel pour un d\u00e9collet\u00e9 irr\u00e9sistible. Venez l&#039;essayez d\u00e9s maintenant \ud83e\udd2b\" \/>\n<meta property=\"og:url\" content=\"https:\/\/madame-sensuelle.paris\/fr\/product\/soutien-gorge-balance-demi-seins-a-tour-de-cou\/\" \/>\n<meta property=\"og:site_name\" content=\"Madame Sensuelle\" \/>\n<meta property=\"article:publisher\" content=\"https:\/\/www.facebook.com\/madamesensuelle\" \/>\n<meta property=\"article:modified_time\" content=\"2026-04-05T00:13:17+00:00\" \/>\n<meta property=\"og:image\" content=\"http:\/\/madame-sensuelle.paris\/wp-content\/uploads\/2024\/03\/ensemble-soutien-gorge-demi-seins-string-ouvert-et-serre-taille-1.jpg\" \/>\n\t<meta property=\"og:image:width\" content=\"800\" \/>\n\t<meta property=\"og:image:height\" content=\"1132\" \/>\n\t<meta property=\"og:image:type\" content=\"image\/jpeg\" \/>\n<meta name=\"twitter:card\" content=\"summary_large_image\" \/>\n<meta name=\"twitter:label1\" content=\"Dur\u00e9e de lecture estim\u00e9e\" \/>\n\t<meta name=\"twitter:data1\" content=\"1 minute\" \/>\n<script type=\"application\/ld+json\" class=\"yoast-schema-graph\">{\"@context\":\"https:\\\/\\\/schema.org\",\"@graph\":[{\"@type\":\"WebPage\",\"@id\":\"https:\\\/\\\/madame-sensuelle.paris\\\/fr\\\/product\\\/soutien-gorge-balance-demi-seins-a-tour-de-cou\\\/\",\"url\":\"https:\\\/\\\/madame-sensuelle.paris\\\/fr\\\/product\\\/soutien-gorge-balance-demi-seins-a-tour-de-cou\\\/\",\"name\":\"Soutien-gorge Balance demi-seins \u00e0 tour de cou \u2013 LUXXA - Madame Sensuelle\",\"isPartOf\":{\"@id\":\"https:\\\/\\\/madame-sensuelle.paris\\\/fr\\\/#website\"},\"primaryImageOfPage\":{\"@id\":\"https:\\\/\\\/madame-sensuelle.paris\\\/fr\\\/product\\\/soutien-gorge-balance-demi-seins-a-tour-de-cou\\\/#primaryimage\"},\"image\":{\"@id\":\"https:\\\/\\\/madame-sensuelle.paris\\\/fr\\\/product\\\/soutien-gorge-balance-demi-seins-a-tour-de-cou\\\/#primaryimage\"},\"thumbnailUrl\":\"https:\\\/\\\/madame-sensuelle.paris\\\/wp-content\\\/uploads\\\/2024\\\/03\\\/ensemble-soutien-gorge-demi-seins-string-ouvert-et-serre-taille-1.jpg\",\"datePublished\":\"2024-03-10T12:44:58+00:00\",\"dateModified\":\"2026-04-05T00:13:17+00:00\",\"description\":\"Soutien-gorge Balance demi-seins : osez la dentelle et le tour de cou sensuel pour un d\u00e9collet\u00e9 irr\u00e9sistible. Venez l'essayez d\u00e9s maintenant \ud83e\udd2b\",\"breadcrumb\":{\"@id\":\"https:\\\/\\\/madame-sensuelle.paris\\\/fr\\\/product\\\/soutien-gorge-balance-demi-seins-a-tour-de-cou\\\/#breadcrumb\"},\"inLanguage\":\"fr-FR\",\"potentialAction\":[{\"@type\":\"ReadAction\",\"target\":[\"https:\\\/\\\/madame-sensuelle.paris\\\/fr\\\/product\\\/soutien-gorge-balance-demi-seins-a-tour-de-cou\\\/\"]}]},{\"@type\":\"ImageObject\",\"inLanguage\":\"fr-FR\",\"@id\":\"https:\\\/\\\/madame-sensuelle.paris\\\/fr\\\/product\\\/soutien-gorge-balance-demi-seins-a-tour-de-cou\\\/#primaryimage\",\"url\":\"https:\\\/\\\/madame-sensuelle.paris\\\/wp-content\\\/uploads\\\/2024\\\/03\\\/ensemble-soutien-gorge-demi-seins-string-ouvert-et-serre-taille-1.jpg\",\"contentUrl\":\"https:\\\/\\\/madame-sensuelle.paris\\\/wp-content\\\/uploads\\\/2024\\\/03\\\/ensemble-soutien-gorge-demi-seins-string-ouvert-et-serre-taille-1.jpg\",\"width\":800,\"height\":1132},{\"@type\":\"BreadcrumbList\",\"@id\":\"https:\\\/\\\/madame-sensuelle.paris\\\/fr\\\/product\\\/soutien-gorge-balance-demi-seins-a-tour-de-cou\\\/#breadcrumb\",\"itemListElement\":[{\"@type\":\"ListItem\",\"position\":1,\"name\":\"Acceuil\",\"item\":\"https:\\\/\\\/madame-sensuelle.paris\\\/fr\\\/\"},{\"@type\":\"ListItem\",\"position\":2,\"name\":\"Catalogue\",\"item\":\"https:\\\/\\\/madame-sensuelle.paris\\\/fr\\\/catalogue\\\/\"},{\"@type\":\"ListItem\",\"position\":3,\"name\":\"LUXXA\",\"item\":\"https:\\\/\\\/madame-sensuelle.paris\\\/fr\\\/brand\\\/luxxa\\\/\"},{\"@type\":\"ListItem\",\"position\":4,\"name\":\"Soutien-gorge Balance demi-seins \u00e0 tour de cou\"}]},{\"@type\":\"WebSite\",\"@id\":\"https:\\\/\\\/madame-sensuelle.paris\\\/fr\\\/#website\",\"url\":\"https:\\\/\\\/madame-sensuelle.paris\\\/fr\\\/\",\"name\":\"MADAME SENSUELLE\",\"description\":\"MADAME SENSUELLE: Found the biggest exciting brands of chic &amp; SEXY LINGERIE in Paris Boutique and on the WEB: Aubade, Dita Von Teese, Maison Close, Marjolaine, Bluebella, Atelier Amour, Luxxa, Catanzaro, Gracija Rim. You will found the big pleasure of sexy belt or bra make for you\",\"publisher\":{\"@id\":\"https:\\\/\\\/madame-sensuelle.paris\\\/fr\\\/#organization\"},\"potentialAction\":[{\"@type\":\"SearchAction\",\"target\":{\"@type\":\"EntryPoint\",\"urlTemplate\":\"https:\\\/\\\/madame-sensuelle.paris\\\/fr\\\/?s={search_term_string}\"},\"query-input\":{\"@type\":\"PropertyValueSpecification\",\"valueRequired\":true,\"valueName\":\"search_term_string\"}}],\"inLanguage\":\"fr-FR\"},{\"@type\":\"Organization\",\"@id\":\"https:\\\/\\\/madame-sensuelle.paris\\\/fr\\\/#organization\",\"name\":\"Madame Sensuelle\",\"url\":\"https:\\\/\\\/madame-sensuelle.paris\\\/fr\\\/\",\"logo\":{\"@type\":\"ImageObject\",\"inLanguage\":\"fr-FR\",\"@id\":\"https:\\\/\\\/madame-sensuelle.paris\\\/fr\\\/#\\\/schema\\\/logo\\\/image\\\/\",\"url\":\"https:\\\/\\\/madame-sensuelle.paris\\\/wp-content\\\/uploads\\\/2024\\\/12\\\/logo_a-1-1_696.webp\",\"contentUrl\":\"https:\\\/\\\/madame-sensuelle.paris\\\/wp-content\\\/uploads\\\/2024\\\/12\\\/logo_a-1-1_696.webp\",\"width\":696,\"height\":696,\"caption\":\"Madame Sensuelle\"},\"image\":{\"@id\":\"https:\\\/\\\/madame-sensuelle.paris\\\/fr\\\/#\\\/schema\\\/logo\\\/image\\\/\"},\"sameAs\":[\"https:\\\/\\\/www.facebook.com\\\/madamesensuelle\",\"https:\\\/\\\/www.instagram.com\\\/madame_sensuelle\\\/\"]}]}<\/script>\n<!-- \/ Yoast SEO plugin. -->","yoast_head_json":{"title":"Soutien-gorge Balance demi-seins \u00e0 tour de cou \u2013 LUXXA - Madame Sensuelle","description":"Soutien-gorge Balance demi-seins : osez la dentelle et le tour de cou sensuel pour un d\u00e9collet\u00e9 irr\u00e9sistible. Venez l'essayez d\u00e9s maintenant \ud83e\udd2b","robots":{"index":"index","follow":"follow","max-snippet":"max-snippet:-1","max-image-preview":"max-image-preview:large","max-video-preview":"max-video-preview:-1"},"canonical":"https:\/\/madame-sensuelle.paris\/fr\/product\/soutien-gorge-balance-demi-seins-a-tour-de-cou\/","og_locale":"fr_FR","og_type":"article","og_title":"Soutien-gorge Balance demi-seins \u00e0 tour de cou \u2013 LUXXA - Madame Sensuelle","og_description":"Soutien-gorge Balance demi-seins : osez la dentelle et le tour de cou sensuel pour un d\u00e9collet\u00e9 irr\u00e9sistible. Venez l'essayez d\u00e9s maintenant \ud83e\udd2b","og_url":"https:\/\/madame-sensuelle.paris\/fr\/product\/soutien-gorge-balance-demi-seins-a-tour-de-cou\/","og_site_name":"Madame Sensuelle","article_publisher":"https:\/\/www.facebook.com\/madamesensuelle","article_modified_time":"2026-04-05T00:13:17+00:00","og_image":[{"width":800,"height":1132,"url":"http:\/\/madame-sensuelle.paris\/wp-content\/uploads\/2024\/03\/ensemble-soutien-gorge-demi-seins-string-ouvert-et-serre-taille-1.jpg","type":"image\/jpeg"}],"twitter_card":"summary_large_image","twitter_misc":{"Dur\u00e9e de lecture estim\u00e9e":"1 minute"},"schema":{"@context":"https:\/\/schema.org","@graph":[{"@type":"WebPage","@id":"https:\/\/madame-sensuelle.paris\/fr\/product\/soutien-gorge-balance-demi-seins-a-tour-de-cou\/","url":"https:\/\/madame-sensuelle.paris\/fr\/product\/soutien-gorge-balance-demi-seins-a-tour-de-cou\/","name":"Soutien-gorge Balance demi-seins \u00e0 tour de cou \u2013 LUXXA - Madame Sensuelle","isPartOf":{"@id":"https:\/\/madame-sensuelle.paris\/fr\/#website"},"primaryImageOfPage":{"@id":"https:\/\/madame-sensuelle.paris\/fr\/product\/soutien-gorge-balance-demi-seins-a-tour-de-cou\/#primaryimage"},"image":{"@id":"https:\/\/madame-sensuelle.paris\/fr\/product\/soutien-gorge-balance-demi-seins-a-tour-de-cou\/#primaryimage"},"thumbnailUrl":"https:\/\/madame-sensuelle.paris\/wp-content\/uploads\/2024\/03\/ensemble-soutien-gorge-demi-seins-string-ouvert-et-serre-taille-1.jpg","datePublished":"2024-03-10T12:44:58+00:00","dateModified":"2026-04-05T00:13:17+00:00","description":"Soutien-gorge Balance demi-seins : osez la dentelle et le tour de cou sensuel pour un d\u00e9collet\u00e9 irr\u00e9sistible. Venez l'essayez d\u00e9s maintenant \ud83e\udd2b","breadcrumb":{"@id":"https:\/\/madame-sensuelle.paris\/fr\/product\/soutien-gorge-balance-demi-seins-a-tour-de-cou\/#breadcrumb"},"inLanguage":"fr-FR","potentialAction":[{"@type":"ReadAction","target":["https:\/\/madame-sensuelle.paris\/fr\/product\/soutien-gorge-balance-demi-seins-a-tour-de-cou\/"]}]},{"@type":"ImageObject","inLanguage":"fr-FR","@id":"https:\/\/madame-sensuelle.paris\/fr\/product\/soutien-gorge-balance-demi-seins-a-tour-de-cou\/#primaryimage","url":"https:\/\/madame-sensuelle.paris\/wp-content\/uploads\/2024\/03\/ensemble-soutien-gorge-demi-seins-string-ouvert-et-serre-taille-1.jpg","contentUrl":"https:\/\/madame-sensuelle.paris\/wp-content\/uploads\/2024\/03\/ensemble-soutien-gorge-demi-seins-string-ouvert-et-serre-taille-1.jpg","width":800,"height":1132},{"@type":"BreadcrumbList","@id":"https:\/\/madame-sensuelle.paris\/fr\/product\/soutien-gorge-balance-demi-seins-a-tour-de-cou\/#breadcrumb","itemListElement":[{"@type":"ListItem","position":1,"name":"Acceuil","item":"https:\/\/madame-sensuelle.paris\/fr\/"},{"@type":"ListItem","position":2,"name":"Catalogue","item":"https:\/\/madame-sensuelle.paris\/fr\/catalogue\/"},{"@type":"ListItem","position":3,"name":"LUXXA","item":"https:\/\/madame-sensuelle.paris\/fr\/brand\/luxxa\/"},{"@type":"ListItem","position":4,"name":"Soutien-gorge Balance demi-seins \u00e0 tour de cou"}]},{"@type":"WebSite","@id":"https:\/\/madame-sensuelle.paris\/fr\/#website","url":"https:\/\/madame-sensuelle.paris\/fr\/","name":"MADAME SENSUELLE","description":"MADAME SENSUELLE: Found the biggest exciting brands of chic &amp; SEXY LINGERIE in Paris Boutique and on the WEB: Aubade, Dita Von Teese, Maison Close, Marjolaine, Bluebella, Atelier Amour, Luxxa, Catanzaro, Gracija Rim. You will found the big pleasure of sexy belt or bra make for you","publisher":{"@id":"https:\/\/madame-sensuelle.paris\/fr\/#organization"},"potentialAction":[{"@type":"SearchAction","target":{"@type":"EntryPoint","urlTemplate":"https:\/\/madame-sensuelle.paris\/fr\/?s={search_term_string}"},"query-input":{"@type":"PropertyValueSpecification","valueRequired":true,"valueName":"search_term_string"}}],"inLanguage":"fr-FR"},{"@type":"Organization","@id":"https:\/\/madame-sensuelle.paris\/fr\/#organization","name":"Madame Sensuelle","url":"https:\/\/madame-sensuelle.paris\/fr\/","logo":{"@type":"ImageObject","inLanguage":"fr-FR","@id":"https:\/\/madame-sensuelle.paris\/fr\/#\/schema\/logo\/image\/","url":"https:\/\/madame-sensuelle.paris\/wp-content\/uploads\/2024\/12\/logo_a-1-1_696.webp","contentUrl":"https:\/\/madame-sensuelle.paris\/wp-content\/uploads\/2024\/12\/logo_a-1-1_696.webp","width":696,"height":696,"caption":"Madame Sensuelle"},"image":{"@id":"https:\/\/madame-sensuelle.paris\/fr\/#\/schema\/logo\/image\/"},"sameAs":["https:\/\/www.facebook.com\/madamesensuelle","https:\/\/www.instagram.com\/madame_sensuelle\/"]}]}},"brands":[{"id":2787,"name":"LUXXA","slug":"luxxa"}],"_links":{"self":[{"href":"https:\/\/madame-sensuelle.paris\/fr\/wp-json\/wp\/v2\/product\/66679","targetHints":{"allow":["GET"]}}],"collection":[{"href":"https:\/\/madame-sensuelle.paris\/fr\/wp-json\/wp\/v2\/product"}],"about":[{"href":"https:\/\/madame-sensuelle.paris\/fr\/wp-json\/wp\/v2\/types\/product"}],"version-history":[{"count":1,"href":"https:\/\/madame-sensuelle.paris\/fr\/wp-json\/wp\/v2\/product\/66679\/revisions"}],"predecessor-version":[{"id":122479,"href":"https:\/\/madame-sensuelle.paris\/fr\/wp-json\/wp\/v2\/product\/66679\/revisions\/122479"}],"wp:featuredmedia":[{"embeddable":true,"href":"https:\/\/madame-sensuelle.paris\/fr\/wp-json\/wp\/v2\/media\/104822"}],"wp:attachment":[{"href":"https:\/\/madame-sensuelle.paris\/fr\/wp-json\/wp\/v2\/media?parent=66679"}],"wp:term":[{"taxonomy":"pwb-brand","embeddable":true,"href":"https:\/\/madame-sensuelle.paris\/fr\/wp-json\/wp\/v2\/pwb-brand?post=66679"},{"taxonomy":"product_brand","embeddable":true,"href":"https:\/\/madame-sensuelle.paris\/fr\/wp-json\/wp\/v2\/product_brand?post=66679"},{"taxonomy":"product_cat","embeddable":true,"href":"https:\/\/madame-sensuelle.paris\/fr\/wp-json\/wp\/v2\/product_cat?post=66679"},{"taxonomy":"product_tag","embeddable":true,"href":"https:\/\/madame-sensuelle.paris\/fr\/wp-json\/wp\/v2\/product_tag?post=66679"},{"taxonomy":"giftcard-category","embeddable":true,"href":"https:\/\/madame-sensuelle.paris\/fr\/wp-json\/wp\/v2\/giftcard-category?post=66679"}],"curies":[{"name":"wp","href":"https:\/\/api.w.org\/{rel}","templated":true}]}}