{"id":66745,"date":"2024-03-10T12:45:12","date_gmt":"2024-03-10T12:45:12","guid":{"rendered":"https:\/\/madame-sensuelle.eu\/?post_type=product&#038;p=66745"},"modified":"2026-04-04T01:48:18","modified_gmt":"2026-04-04T01:48:18","slug":"c-b-8435357305379","status":"publish","type":"product","link":"https:\/\/madame-sensuelle.paris\/fr\/product\/c-b-8435357305379\/","title":{"rendered":"Soutien-gorge sans armatures crois\u00e9 devant avec perles Kyoto"},"content":{"rendered":"<p>D\u00e9couvrez le soutien-gorge Kyoto, une pi\u00e8ce de lingerie raffin\u00e9e qui m\u00eale sensualit\u00e9 profonde et \u00e9l\u00e9gance sophistiqu\u00e9e.<\/p>\n<ul>\n<li>Son velours vert intense apporte une touche luxueuse et chaleureuse, tout en sublimant la poitrine avec douceur.<\/li>\n<li>Le tulle ultra fin, d\u00e9licatement enlac\u00e9 de dentelle raffin\u00e9e, cr\u00e9e un jeu de transparence subtil et envo\u00fbtant.<\/li>\n<li>Cette association de mati\u00e8res nobles \u00e9pouse les courbes avec pr\u00e9cision et met en valeur le d\u00e9collet\u00e9 avec \u00e9l\u00e9gance.<\/li>\n<li>La coupe offre un maintien l\u00e9ger et confortable, tout en soulignant le galbe naturel du buste.<\/li>\n<li>Chaque d\u00e9tail est pens\u00e9 pour r\u00e9v\u00e9ler une f\u00e9minit\u00e9 affirm\u00e9e, entre myst\u00e8re et s\u00e9duction.<\/li>\n<\/ul>\n<p>\u00c0 porter pour une occasion sp\u00e9ciale ou pour se sentir belle au quotidien, le soutien-gorge Kyoto incarne une lingerie luxueuse, sensuelle et intemporelle.<br \/>\nAssociez-le aux pi\u00e8ces assorties pour un ensemble d\u2019exception.<\/p>\n","protected":false},"excerpt":{"rendered":"<p>D\u00e9couvrez le soutien-gorge Kyoto, une pi\u00e8ce de lingerie raffin\u00e9e qui m\u00eale sensualit\u00e9 profonde et \u00e9l\u00e9gance sophistiqu\u00e9e. Son velours vert intense apporte une touche luxueuse et chaleureuse, tout en sublimant la poitrine avec douceur. Le tulle ultra fin, d\u00e9licatement enlac\u00e9 de dentelle raffin\u00e9e, cr\u00e9e un jeu de transparence subtil et envo\u00fbtant. Cette association de mati\u00e8res nobles<\/p>\n","protected":false},"featured_media":83803,"template":"","meta":[],"pwb-brand":[2786],"product_brand":[],"product_cat":[1245,1267,1257,1266],"product_tag":[],"giftcard-category":[],"class_list":{"0":"post-66745","1":"product","2":"type-product","3":"status-publish","4":"has-post-thumbnail","6":"pwb-brand-bracli","7":"product_cat-lingerie-sexy-femme-erotique-et-glamour","8":"product_cat-sans-armatures","9":"product_cat-soutiens-gorge","10":"product_cat-triangle","11":"pa_collection-kyoto-fr","13":"first","14":"instock","15":"taxable","16":"shipping-taxable","17":"purchasable","18":"product-type-variable"},"yoast_head":"<!-- This site is optimized with the Yoast SEO plugin v27.3 - https:\/\/yoast.com\/product\/yoast-seo-wordpress\/ -->\n<title>Soutien-gorge sans armatures crois\u00e9 devant avec perles Kyoto - Madame Sensuelle<\/title>\n<meta name=\"description\" content=\"Le mod\u00e8le Soutien-gorge sans armatures crois\u00e9 devant avec perles Kyoto sign\u00e9 BRACLI, \u00e0 d\u00e9couvrir chez Madame Sensuelle. Essayage VIP disponible.\" \/>\n<meta name=\"robots\" content=\"index, follow, max-snippet:-1, max-image-preview:large, max-video-preview:-1\" \/>\n<link rel=\"canonical\" href=\"https:\/\/madame-sensuelle.paris\/fr\/product\/c-b-8435357305379\/\" \/>\n<meta property=\"og:locale\" content=\"fr_FR\" \/>\n<meta property=\"og:type\" content=\"article\" \/>\n<meta property=\"og:title\" content=\"Soutien-gorge sans armatures crois\u00e9 devant avec perles Kyoto - Madame Sensuelle\" \/>\n<meta property=\"og:description\" content=\"Le mod\u00e8le Soutien-gorge sans armatures crois\u00e9 devant avec perles Kyoto sign\u00e9 BRACLI, \u00e0 d\u00e9couvrir chez Madame Sensuelle. Essayage VIP disponible.\" \/>\n<meta property=\"og:url\" content=\"https:\/\/madame-sensuelle.paris\/fr\/product\/c-b-8435357305379\/\" \/>\n<meta property=\"og:site_name\" content=\"Madame Sensuelle\" \/>\n<meta property=\"article:publisher\" content=\"https:\/\/www.facebook.com\/madamesensuelle\" \/>\n<meta property=\"article:modified_time\" content=\"2026-04-04T01:48:18+00:00\" \/>\n<meta property=\"og:image\" content=\"http:\/\/madame-sensuelle.paris\/wp-content\/uploads\/2024\/03\/kyoto-bra_600x.jpg\" \/>\n\t<meta property=\"og:image:width\" content=\"600\" \/>\n\t<meta property=\"og:image:height\" content=\"900\" \/>\n\t<meta property=\"og:image:type\" content=\"image\/jpeg\" \/>\n<meta name=\"twitter:card\" content=\"summary_large_image\" \/>\n<meta name=\"twitter:label1\" content=\"Dur\u00e9e de lecture estim\u00e9e\" \/>\n\t<meta name=\"twitter:data1\" content=\"2 minutes\" \/>\n<script type=\"application\/ld+json\" class=\"yoast-schema-graph\">{\"@context\":\"https:\\\/\\\/schema.org\",\"@graph\":[{\"@type\":\"WebPage\",\"@id\":\"https:\\\/\\\/madame-sensuelle.paris\\\/fr\\\/product\\\/c-b-8435357305379\\\/\",\"url\":\"https:\\\/\\\/madame-sensuelle.paris\\\/fr\\\/product\\\/c-b-8435357305379\\\/\",\"name\":\"Soutien-gorge sans armatures crois\u00e9 devant avec perles Kyoto - Madame Sensuelle\",\"isPartOf\":{\"@id\":\"https:\\\/\\\/madame-sensuelle.paris\\\/fr\\\/#website\"},\"primaryImageOfPage\":{\"@id\":\"https:\\\/\\\/madame-sensuelle.paris\\\/fr\\\/product\\\/c-b-8435357305379\\\/#primaryimage\"},\"image\":{\"@id\":\"https:\\\/\\\/madame-sensuelle.paris\\\/fr\\\/product\\\/c-b-8435357305379\\\/#primaryimage\"},\"thumbnailUrl\":\"https:\\\/\\\/madame-sensuelle.paris\\\/wp-content\\\/uploads\\\/2024\\\/03\\\/kyoto-bra_600x.jpg\",\"datePublished\":\"2024-03-10T12:45:12+00:00\",\"dateModified\":\"2026-04-04T01:48:18+00:00\",\"description\":\"Le mod\u00e8le Soutien-gorge sans armatures crois\u00e9 devant avec perles Kyoto sign\u00e9 BRACLI, \u00e0 d\u00e9couvrir chez Madame Sensuelle. Essayage VIP disponible.\",\"breadcrumb\":{\"@id\":\"https:\\\/\\\/madame-sensuelle.paris\\\/fr\\\/product\\\/c-b-8435357305379\\\/#breadcrumb\"},\"inLanguage\":\"fr-FR\",\"potentialAction\":[{\"@type\":\"ReadAction\",\"target\":[\"https:\\\/\\\/madame-sensuelle.paris\\\/fr\\\/product\\\/c-b-8435357305379\\\/\"]}]},{\"@type\":\"ImageObject\",\"inLanguage\":\"fr-FR\",\"@id\":\"https:\\\/\\\/madame-sensuelle.paris\\\/fr\\\/product\\\/c-b-8435357305379\\\/#primaryimage\",\"url\":\"https:\\\/\\\/madame-sensuelle.paris\\\/wp-content\\\/uploads\\\/2024\\\/03\\\/kyoto-bra_600x.jpg\",\"contentUrl\":\"https:\\\/\\\/madame-sensuelle.paris\\\/wp-content\\\/uploads\\\/2024\\\/03\\\/kyoto-bra_600x.jpg\",\"width\":600,\"height\":900},{\"@type\":\"BreadcrumbList\",\"@id\":\"https:\\\/\\\/madame-sensuelle.paris\\\/fr\\\/product\\\/c-b-8435357305379\\\/#breadcrumb\",\"itemListElement\":[{\"@type\":\"ListItem\",\"position\":1,\"name\":\"Acceuil\",\"item\":\"https:\\\/\\\/madame-sensuelle.paris\\\/fr\\\/\"},{\"@type\":\"ListItem\",\"position\":2,\"name\":\"Catalogue\",\"item\":\"https:\\\/\\\/madame-sensuelle.paris\\\/fr\\\/catalogue\\\/\"},{\"@type\":\"ListItem\",\"position\":3,\"name\":\"BRACLI\",\"item\":\"https:\\\/\\\/madame-sensuelle.paris\\\/fr\\\/brand\\\/bracli\\\/\"},{\"@type\":\"ListItem\",\"position\":4,\"name\":\"Soutien-gorge sans armatures crois\u00e9 devant avec perles Kyoto\"}]},{\"@type\":\"WebSite\",\"@id\":\"https:\\\/\\\/madame-sensuelle.paris\\\/fr\\\/#website\",\"url\":\"https:\\\/\\\/madame-sensuelle.paris\\\/fr\\\/\",\"name\":\"MADAME SENSUELLE\",\"description\":\"MADAME SENSUELLE: Found the biggest exciting brands of chic &amp; SEXY LINGERIE in Paris Boutique and on the WEB: Aubade, Dita Von Teese, Maison Close, Marjolaine, Bluebella, Atelier Amour, Luxxa, Catanzaro, Gracija Rim. You will found the big pleasure of sexy belt or bra make for you\",\"publisher\":{\"@id\":\"https:\\\/\\\/madame-sensuelle.paris\\\/fr\\\/#organization\"},\"potentialAction\":[{\"@type\":\"SearchAction\",\"target\":{\"@type\":\"EntryPoint\",\"urlTemplate\":\"https:\\\/\\\/madame-sensuelle.paris\\\/fr\\\/?s={search_term_string}\"},\"query-input\":{\"@type\":\"PropertyValueSpecification\",\"valueRequired\":true,\"valueName\":\"search_term_string\"}}],\"inLanguage\":\"fr-FR\"},{\"@type\":\"Organization\",\"@id\":\"https:\\\/\\\/madame-sensuelle.paris\\\/fr\\\/#organization\",\"name\":\"Madame Sensuelle\",\"url\":\"https:\\\/\\\/madame-sensuelle.paris\\\/fr\\\/\",\"logo\":{\"@type\":\"ImageObject\",\"inLanguage\":\"fr-FR\",\"@id\":\"https:\\\/\\\/madame-sensuelle.paris\\\/fr\\\/#\\\/schema\\\/logo\\\/image\\\/\",\"url\":\"https:\\\/\\\/madame-sensuelle.paris\\\/wp-content\\\/uploads\\\/2024\\\/12\\\/logo_a-1-1_696.webp\",\"contentUrl\":\"https:\\\/\\\/madame-sensuelle.paris\\\/wp-content\\\/uploads\\\/2024\\\/12\\\/logo_a-1-1_696.webp\",\"width\":696,\"height\":696,\"caption\":\"Madame Sensuelle\"},\"image\":{\"@id\":\"https:\\\/\\\/madame-sensuelle.paris\\\/fr\\\/#\\\/schema\\\/logo\\\/image\\\/\"},\"sameAs\":[\"https:\\\/\\\/www.facebook.com\\\/madamesensuelle\",\"https:\\\/\\\/www.instagram.com\\\/madame_sensuelle\\\/\"]}]}<\/script>\n<!-- \/ Yoast SEO plugin. -->","yoast_head_json":{"title":"Soutien-gorge sans armatures crois\u00e9 devant avec perles Kyoto - Madame Sensuelle","description":"Le mod\u00e8le Soutien-gorge sans armatures crois\u00e9 devant avec perles Kyoto sign\u00e9 BRACLI, \u00e0 d\u00e9couvrir chez Madame Sensuelle. Essayage VIP disponible.","robots":{"index":"index","follow":"follow","max-snippet":"max-snippet:-1","max-image-preview":"max-image-preview:large","max-video-preview":"max-video-preview:-1"},"canonical":"https:\/\/madame-sensuelle.paris\/fr\/product\/c-b-8435357305379\/","og_locale":"fr_FR","og_type":"article","og_title":"Soutien-gorge sans armatures crois\u00e9 devant avec perles Kyoto - Madame Sensuelle","og_description":"Le mod\u00e8le Soutien-gorge sans armatures crois\u00e9 devant avec perles Kyoto sign\u00e9 BRACLI, \u00e0 d\u00e9couvrir chez Madame Sensuelle. Essayage VIP disponible.","og_url":"https:\/\/madame-sensuelle.paris\/fr\/product\/c-b-8435357305379\/","og_site_name":"Madame Sensuelle","article_publisher":"https:\/\/www.facebook.com\/madamesensuelle","article_modified_time":"2026-04-04T01:48:18+00:00","og_image":[{"width":600,"height":900,"url":"http:\/\/madame-sensuelle.paris\/wp-content\/uploads\/2024\/03\/kyoto-bra_600x.jpg","type":"image\/jpeg"}],"twitter_card":"summary_large_image","twitter_misc":{"Dur\u00e9e de lecture estim\u00e9e":"2 minutes"},"schema":{"@context":"https:\/\/schema.org","@graph":[{"@type":"WebPage","@id":"https:\/\/madame-sensuelle.paris\/fr\/product\/c-b-8435357305379\/","url":"https:\/\/madame-sensuelle.paris\/fr\/product\/c-b-8435357305379\/","name":"Soutien-gorge sans armatures crois\u00e9 devant avec perles Kyoto - Madame Sensuelle","isPartOf":{"@id":"https:\/\/madame-sensuelle.paris\/fr\/#website"},"primaryImageOfPage":{"@id":"https:\/\/madame-sensuelle.paris\/fr\/product\/c-b-8435357305379\/#primaryimage"},"image":{"@id":"https:\/\/madame-sensuelle.paris\/fr\/product\/c-b-8435357305379\/#primaryimage"},"thumbnailUrl":"https:\/\/madame-sensuelle.paris\/wp-content\/uploads\/2024\/03\/kyoto-bra_600x.jpg","datePublished":"2024-03-10T12:45:12+00:00","dateModified":"2026-04-04T01:48:18+00:00","description":"Le mod\u00e8le Soutien-gorge sans armatures crois\u00e9 devant avec perles Kyoto sign\u00e9 BRACLI, \u00e0 d\u00e9couvrir chez Madame Sensuelle. Essayage VIP disponible.","breadcrumb":{"@id":"https:\/\/madame-sensuelle.paris\/fr\/product\/c-b-8435357305379\/#breadcrumb"},"inLanguage":"fr-FR","potentialAction":[{"@type":"ReadAction","target":["https:\/\/madame-sensuelle.paris\/fr\/product\/c-b-8435357305379\/"]}]},{"@type":"ImageObject","inLanguage":"fr-FR","@id":"https:\/\/madame-sensuelle.paris\/fr\/product\/c-b-8435357305379\/#primaryimage","url":"https:\/\/madame-sensuelle.paris\/wp-content\/uploads\/2024\/03\/kyoto-bra_600x.jpg","contentUrl":"https:\/\/madame-sensuelle.paris\/wp-content\/uploads\/2024\/03\/kyoto-bra_600x.jpg","width":600,"height":900},{"@type":"BreadcrumbList","@id":"https:\/\/madame-sensuelle.paris\/fr\/product\/c-b-8435357305379\/#breadcrumb","itemListElement":[{"@type":"ListItem","position":1,"name":"Acceuil","item":"https:\/\/madame-sensuelle.paris\/fr\/"},{"@type":"ListItem","position":2,"name":"Catalogue","item":"https:\/\/madame-sensuelle.paris\/fr\/catalogue\/"},{"@type":"ListItem","position":3,"name":"BRACLI","item":"https:\/\/madame-sensuelle.paris\/fr\/brand\/bracli\/"},{"@type":"ListItem","position":4,"name":"Soutien-gorge sans armatures crois\u00e9 devant avec perles Kyoto"}]},{"@type":"WebSite","@id":"https:\/\/madame-sensuelle.paris\/fr\/#website","url":"https:\/\/madame-sensuelle.paris\/fr\/","name":"MADAME SENSUELLE","description":"MADAME SENSUELLE: Found the biggest exciting brands of chic &amp; SEXY LINGERIE in Paris Boutique and on the WEB: Aubade, Dita Von Teese, Maison Close, Marjolaine, Bluebella, Atelier Amour, Luxxa, Catanzaro, Gracija Rim. You will found the big pleasure of sexy belt or bra make for you","publisher":{"@id":"https:\/\/madame-sensuelle.paris\/fr\/#organization"},"potentialAction":[{"@type":"SearchAction","target":{"@type":"EntryPoint","urlTemplate":"https:\/\/madame-sensuelle.paris\/fr\/?s={search_term_string}"},"query-input":{"@type":"PropertyValueSpecification","valueRequired":true,"valueName":"search_term_string"}}],"inLanguage":"fr-FR"},{"@type":"Organization","@id":"https:\/\/madame-sensuelle.paris\/fr\/#organization","name":"Madame Sensuelle","url":"https:\/\/madame-sensuelle.paris\/fr\/","logo":{"@type":"ImageObject","inLanguage":"fr-FR","@id":"https:\/\/madame-sensuelle.paris\/fr\/#\/schema\/logo\/image\/","url":"https:\/\/madame-sensuelle.paris\/wp-content\/uploads\/2024\/12\/logo_a-1-1_696.webp","contentUrl":"https:\/\/madame-sensuelle.paris\/wp-content\/uploads\/2024\/12\/logo_a-1-1_696.webp","width":696,"height":696,"caption":"Madame Sensuelle"},"image":{"@id":"https:\/\/madame-sensuelle.paris\/fr\/#\/schema\/logo\/image\/"},"sameAs":["https:\/\/www.facebook.com\/madamesensuelle","https:\/\/www.instagram.com\/madame_sensuelle\/"]}]}},"brands":[{"id":2786,"name":"BRACLI","slug":"bracli"}],"_links":{"self":[{"href":"https:\/\/madame-sensuelle.paris\/fr\/wp-json\/wp\/v2\/product\/66745","targetHints":{"allow":["GET"]}}],"collection":[{"href":"https:\/\/madame-sensuelle.paris\/fr\/wp-json\/wp\/v2\/product"}],"about":[{"href":"https:\/\/madame-sensuelle.paris\/fr\/wp-json\/wp\/v2\/types\/product"}],"version-history":[{"count":1,"href":"https:\/\/madame-sensuelle.paris\/fr\/wp-json\/wp\/v2\/product\/66745\/revisions"}],"predecessor-version":[{"id":125529,"href":"https:\/\/madame-sensuelle.paris\/fr\/wp-json\/wp\/v2\/product\/66745\/revisions\/125529"}],"wp:featuredmedia":[{"embeddable":true,"href":"https:\/\/madame-sensuelle.paris\/fr\/wp-json\/wp\/v2\/media\/83803"}],"wp:attachment":[{"href":"https:\/\/madame-sensuelle.paris\/fr\/wp-json\/wp\/v2\/media?parent=66745"}],"wp:term":[{"taxonomy":"pwb-brand","embeddable":true,"href":"https:\/\/madame-sensuelle.paris\/fr\/wp-json\/wp\/v2\/pwb-brand?post=66745"},{"taxonomy":"product_brand","embeddable":true,"href":"https:\/\/madame-sensuelle.paris\/fr\/wp-json\/wp\/v2\/product_brand?post=66745"},{"taxonomy":"product_cat","embeddable":true,"href":"https:\/\/madame-sensuelle.paris\/fr\/wp-json\/wp\/v2\/product_cat?post=66745"},{"taxonomy":"product_tag","embeddable":true,"href":"https:\/\/madame-sensuelle.paris\/fr\/wp-json\/wp\/v2\/product_tag?post=66745"},{"taxonomy":"giftcard-category","embeddable":true,"href":"https:\/\/madame-sensuelle.paris\/fr\/wp-json\/wp\/v2\/giftcard-category?post=66745"}],"curies":[{"name":"wp","href":"https:\/\/api.w.org\/{rel}","templated":true}]}}