{"id":66769,"date":"2024-03-10T12:45:12","date_gmt":"2024-03-10T12:45:12","guid":{"rendered":"https:\/\/madame-sensuelle.eu\/?post_type=product&#038;p=66769"},"modified":"2026-03-30T10:13:39","modified_gmt":"2026-03-30T10:13:39","slug":"aa-2019000074834-l-ink-1","status":"publish","type":"product","link":"https:\/\/madame-sensuelle.paris\/fr\/product\/aa-2019000074834-l-ink-1\/","title":{"rendered":"Soutien-gorge triangle avec broderie dor\u00e9e Apr\u00e8s minuit"},"content":{"rendered":"<p>Le soutien-gorge triangle Apr\u00e8s minuit \u00e9pouse d\u00e9licatement ta peau, sa broderie dor\u00e9e scintillant comme un secret bien gard\u00e9. Chaque d\u00e9tail, du tissu l\u00e9ger \u00e0 la broderie fine, dessine une silhouette \u00e0 la fois \u00e9l\u00e9gante et audacieuse. Simple, mais irr\u00e9sistible, il d\u00e9voile juste ce qu&#8217;il faut, comme une invitation subtile \u00e0 la tentation. Apr\u00e8s minuit, les d\u00e9sirs prennent forme, et ce soutien-gorge en devient le complice parfait.<\/p>\n","protected":false},"excerpt":{"rendered":"<p>Le soutien-gorge triangle Apr\u00e8s minuit \u00e9pouse d\u00e9licatement ta peau, sa broderie dor\u00e9e scintillant comme un secret bien gard\u00e9. Chaque d\u00e9tail, du tissu l\u00e9ger \u00e0 la broderie fine, dessine une silhouette \u00e0 la fois \u00e9l\u00e9gante et audacieuse. Simple, mais irr\u00e9sistible, il d\u00e9voile juste ce qu&#8217;il faut, comme une invitation subtile \u00e0 la tentation. Apr\u00e8s minuit, les<\/p>\n","protected":false},"featured_media":102045,"template":"","meta":[],"pwb-brand":[2785],"product_brand":[],"product_cat":[1245,1257,1266],"product_tag":[],"giftcard-category":[],"class_list":{"0":"post-66769","1":"product","2":"type-product","3":"status-publish","4":"has-post-thumbnail","6":"pwb-brand-atelier-amour","7":"product_cat-lingerie-sexy-femme-erotique-et-glamour","8":"product_cat-soutiens-gorge","9":"product_cat-triangle","10":"pa_collection-apres-minuit-fr","12":"first","13":"instock","14":"taxable","15":"shipping-taxable","16":"purchasable","17":"product-type-variable","18":"has-default-attributes"},"yoast_head":"<!-- This site is optimized with the Yoast SEO plugin v27.4 - https:\/\/yoast.com\/product\/yoast-seo-wordpress\/ -->\n<title>Soutien-gorge triangle avec broderie dor\u00e9e Apr\u00e8s minuit<\/title>\n<meta name=\"description\" content=\"D\u00e9couvrez nos \u00e9tonnants soutiens gorge triangle sans armature avec broderie dor\u00e9e. Profitez du confort et de l&#039;\u00e9l\u00e9gance au quotidien. Achetez maintenant !\" \/>\n<meta name=\"robots\" content=\"index, follow, max-snippet:-1, max-image-preview:large, max-video-preview:-1\" \/>\n<link rel=\"canonical\" href=\"https:\/\/madame-sensuelle.paris\/fr\/product\/aa-2019000074834-l-ink-1\/\" \/>\n<meta property=\"og:locale\" content=\"fr_FR\" \/>\n<meta property=\"og:type\" content=\"article\" \/>\n<meta property=\"og:title\" content=\"Soutien-gorge triangle avec broderie dor\u00e9e Apr\u00e8s minuit\" \/>\n<meta property=\"og:description\" content=\"D\u00e9couvrez nos \u00e9tonnants soutiens gorge triangle sans armature avec broderie dor\u00e9e. Profitez du confort et de l&#039;\u00e9l\u00e9gance au quotidien. Achetez maintenant !\" \/>\n<meta property=\"og:url\" content=\"https:\/\/madame-sensuelle.paris\/fr\/product\/aa-2019000074834-l-ink-1\/\" \/>\n<meta property=\"og:site_name\" content=\"Madame Sensuelle\" \/>\n<meta property=\"article:publisher\" content=\"https:\/\/www.facebook.com\/madamesensuelle\" \/>\n<meta property=\"article:modified_time\" content=\"2026-03-30T10:13:39+00:00\" \/>\n<meta property=\"og:image\" content=\"http:\/\/madame-sensuelle.paris\/wp-content\/uploads\/2024\/05\/XSHD1TJ6384.jpg\" \/>\n\t<meta property=\"og:image:width\" content=\"723\" \/>\n\t<meta property=\"og:image:height\" content=\"1024\" \/>\n\t<meta property=\"og:image:type\" content=\"image\/jpeg\" \/>\n<meta name=\"twitter:card\" content=\"summary_large_image\" \/>\n<meta name=\"twitter:label1\" content=\"Dur\u00e9e de lecture estim\u00e9e\" \/>\n\t<meta name=\"twitter:data1\" content=\"2 minutes\" \/>\n<script type=\"application\/ld+json\" class=\"yoast-schema-graph\">{\"@context\":\"https:\\\/\\\/schema.org\",\"@graph\":[{\"@type\":\"WebPage\",\"@id\":\"https:\\\/\\\/madame-sensuelle.paris\\\/fr\\\/product\\\/aa-2019000074834-l-ink-1\\\/\",\"url\":\"https:\\\/\\\/madame-sensuelle.paris\\\/fr\\\/product\\\/aa-2019000074834-l-ink-1\\\/\",\"name\":\"Soutien-gorge triangle avec broderie dor\u00e9e Apr\u00e8s minuit\",\"isPartOf\":{\"@id\":\"https:\\\/\\\/madame-sensuelle.paris\\\/fr\\\/#website\"},\"primaryImageOfPage\":{\"@id\":\"https:\\\/\\\/madame-sensuelle.paris\\\/fr\\\/product\\\/aa-2019000074834-l-ink-1\\\/#primaryimage\"},\"image\":{\"@id\":\"https:\\\/\\\/madame-sensuelle.paris\\\/fr\\\/product\\\/aa-2019000074834-l-ink-1\\\/#primaryimage\"},\"thumbnailUrl\":\"https:\\\/\\\/madame-sensuelle.paris\\\/wp-content\\\/uploads\\\/2024\\\/05\\\/XSHD1TJ6384.jpg\",\"datePublished\":\"2024-03-10T12:45:12+00:00\",\"dateModified\":\"2026-03-30T10:13:39+00:00\",\"description\":\"D\u00e9couvrez nos \u00e9tonnants soutiens gorge triangle sans armature avec broderie dor\u00e9e. Profitez du confort et de l'\u00e9l\u00e9gance au quotidien. Achetez maintenant !\",\"breadcrumb\":{\"@id\":\"https:\\\/\\\/madame-sensuelle.paris\\\/fr\\\/product\\\/aa-2019000074834-l-ink-1\\\/#breadcrumb\"},\"inLanguage\":\"fr-FR\",\"potentialAction\":[{\"@type\":\"ReadAction\",\"target\":[\"https:\\\/\\\/madame-sensuelle.paris\\\/fr\\\/product\\\/aa-2019000074834-l-ink-1\\\/\"]}]},{\"@type\":\"ImageObject\",\"inLanguage\":\"fr-FR\",\"@id\":\"https:\\\/\\\/madame-sensuelle.paris\\\/fr\\\/product\\\/aa-2019000074834-l-ink-1\\\/#primaryimage\",\"url\":\"https:\\\/\\\/madame-sensuelle.paris\\\/wp-content\\\/uploads\\\/2024\\\/05\\\/XSHD1TJ6384.jpg\",\"contentUrl\":\"https:\\\/\\\/madame-sensuelle.paris\\\/wp-content\\\/uploads\\\/2024\\\/05\\\/XSHD1TJ6384.jpg\",\"width\":723,\"height\":1024},{\"@type\":\"BreadcrumbList\",\"@id\":\"https:\\\/\\\/madame-sensuelle.paris\\\/fr\\\/product\\\/aa-2019000074834-l-ink-1\\\/#breadcrumb\",\"itemListElement\":[{\"@type\":\"ListItem\",\"position\":1,\"name\":\"Acceuil\",\"item\":\"https:\\\/\\\/madame-sensuelle.paris\\\/fr\\\/\"},{\"@type\":\"ListItem\",\"position\":2,\"name\":\"Catalogue\",\"item\":\"https:\\\/\\\/madame-sensuelle.paris\\\/fr\\\/catalogue\\\/\"},{\"@type\":\"ListItem\",\"position\":3,\"name\":\"ATELIER AMOUR\",\"item\":\"https:\\\/\\\/madame-sensuelle.paris\\\/fr\\\/brand\\\/atelier-amour\\\/\"},{\"@type\":\"ListItem\",\"position\":4,\"name\":\"Soutien-gorge triangle avec broderie dor\u00e9e Apr\u00e8s minuit\"}]},{\"@type\":\"WebSite\",\"@id\":\"https:\\\/\\\/madame-sensuelle.paris\\\/fr\\\/#website\",\"url\":\"https:\\\/\\\/madame-sensuelle.paris\\\/fr\\\/\",\"name\":\"MADAME SENSUELLE\",\"description\":\"MADAME SENSUELLE: Found the biggest exciting brands of chic &amp; SEXY LINGERIE in Paris Boutique and on the WEB: Aubade, Dita Von Teese, Maison Close, Marjolaine, Bluebella, Atelier Amour, Luxxa, Catanzaro, Gracija Rim. You will found the big pleasure of sexy belt or bra make for you\",\"publisher\":{\"@id\":\"https:\\\/\\\/madame-sensuelle.paris\\\/fr\\\/#organization\"},\"potentialAction\":[{\"@type\":\"SearchAction\",\"target\":{\"@type\":\"EntryPoint\",\"urlTemplate\":\"https:\\\/\\\/madame-sensuelle.paris\\\/fr\\\/?s={search_term_string}\"},\"query-input\":{\"@type\":\"PropertyValueSpecification\",\"valueRequired\":true,\"valueName\":\"search_term_string\"}}],\"inLanguage\":\"fr-FR\"},{\"@type\":\"Organization\",\"@id\":\"https:\\\/\\\/madame-sensuelle.paris\\\/fr\\\/#organization\",\"name\":\"Madame Sensuelle\",\"url\":\"https:\\\/\\\/madame-sensuelle.paris\\\/fr\\\/\",\"logo\":{\"@type\":\"ImageObject\",\"inLanguage\":\"fr-FR\",\"@id\":\"https:\\\/\\\/madame-sensuelle.paris\\\/fr\\\/#\\\/schema\\\/logo\\\/image\\\/\",\"url\":\"https:\\\/\\\/madame-sensuelle.paris\\\/wp-content\\\/uploads\\\/2024\\\/12\\\/logo_a-1-1_696.webp\",\"contentUrl\":\"https:\\\/\\\/madame-sensuelle.paris\\\/wp-content\\\/uploads\\\/2024\\\/12\\\/logo_a-1-1_696.webp\",\"width\":696,\"height\":696,\"caption\":\"Madame Sensuelle\"},\"image\":{\"@id\":\"https:\\\/\\\/madame-sensuelle.paris\\\/fr\\\/#\\\/schema\\\/logo\\\/image\\\/\"},\"sameAs\":[\"https:\\\/\\\/www.facebook.com\\\/madamesensuelle\",\"https:\\\/\\\/www.instagram.com\\\/madame_sensuelle\\\/\"]}]}<\/script>\n<!-- \/ Yoast SEO plugin. -->","yoast_head_json":{"title":"Soutien-gorge triangle avec broderie dor\u00e9e Apr\u00e8s minuit","description":"D\u00e9couvrez nos \u00e9tonnants soutiens gorge triangle sans armature avec broderie dor\u00e9e. Profitez du confort et de l'\u00e9l\u00e9gance au quotidien. Achetez maintenant !","robots":{"index":"index","follow":"follow","max-snippet":"max-snippet:-1","max-image-preview":"max-image-preview:large","max-video-preview":"max-video-preview:-1"},"canonical":"https:\/\/madame-sensuelle.paris\/fr\/product\/aa-2019000074834-l-ink-1\/","og_locale":"fr_FR","og_type":"article","og_title":"Soutien-gorge triangle avec broderie dor\u00e9e Apr\u00e8s minuit","og_description":"D\u00e9couvrez nos \u00e9tonnants soutiens gorge triangle sans armature avec broderie dor\u00e9e. Profitez du confort et de l'\u00e9l\u00e9gance au quotidien. Achetez maintenant !","og_url":"https:\/\/madame-sensuelle.paris\/fr\/product\/aa-2019000074834-l-ink-1\/","og_site_name":"Madame Sensuelle","article_publisher":"https:\/\/www.facebook.com\/madamesensuelle","article_modified_time":"2026-03-30T10:13:39+00:00","og_image":[{"width":723,"height":1024,"url":"http:\/\/madame-sensuelle.paris\/wp-content\/uploads\/2024\/05\/XSHD1TJ6384.jpg","type":"image\/jpeg"}],"twitter_card":"summary_large_image","twitter_misc":{"Dur\u00e9e de lecture estim\u00e9e":"2 minutes"},"schema":{"@context":"https:\/\/schema.org","@graph":[{"@type":"WebPage","@id":"https:\/\/madame-sensuelle.paris\/fr\/product\/aa-2019000074834-l-ink-1\/","url":"https:\/\/madame-sensuelle.paris\/fr\/product\/aa-2019000074834-l-ink-1\/","name":"Soutien-gorge triangle avec broderie dor\u00e9e Apr\u00e8s minuit","isPartOf":{"@id":"https:\/\/madame-sensuelle.paris\/fr\/#website"},"primaryImageOfPage":{"@id":"https:\/\/madame-sensuelle.paris\/fr\/product\/aa-2019000074834-l-ink-1\/#primaryimage"},"image":{"@id":"https:\/\/madame-sensuelle.paris\/fr\/product\/aa-2019000074834-l-ink-1\/#primaryimage"},"thumbnailUrl":"https:\/\/madame-sensuelle.paris\/wp-content\/uploads\/2024\/05\/XSHD1TJ6384.jpg","datePublished":"2024-03-10T12:45:12+00:00","dateModified":"2026-03-30T10:13:39+00:00","description":"D\u00e9couvrez nos \u00e9tonnants soutiens gorge triangle sans armature avec broderie dor\u00e9e. Profitez du confort et de l'\u00e9l\u00e9gance au quotidien. Achetez maintenant !","breadcrumb":{"@id":"https:\/\/madame-sensuelle.paris\/fr\/product\/aa-2019000074834-l-ink-1\/#breadcrumb"},"inLanguage":"fr-FR","potentialAction":[{"@type":"ReadAction","target":["https:\/\/madame-sensuelle.paris\/fr\/product\/aa-2019000074834-l-ink-1\/"]}]},{"@type":"ImageObject","inLanguage":"fr-FR","@id":"https:\/\/madame-sensuelle.paris\/fr\/product\/aa-2019000074834-l-ink-1\/#primaryimage","url":"https:\/\/madame-sensuelle.paris\/wp-content\/uploads\/2024\/05\/XSHD1TJ6384.jpg","contentUrl":"https:\/\/madame-sensuelle.paris\/wp-content\/uploads\/2024\/05\/XSHD1TJ6384.jpg","width":723,"height":1024},{"@type":"BreadcrumbList","@id":"https:\/\/madame-sensuelle.paris\/fr\/product\/aa-2019000074834-l-ink-1\/#breadcrumb","itemListElement":[{"@type":"ListItem","position":1,"name":"Acceuil","item":"https:\/\/madame-sensuelle.paris\/fr\/"},{"@type":"ListItem","position":2,"name":"Catalogue","item":"https:\/\/madame-sensuelle.paris\/fr\/catalogue\/"},{"@type":"ListItem","position":3,"name":"ATELIER AMOUR","item":"https:\/\/madame-sensuelle.paris\/fr\/brand\/atelier-amour\/"},{"@type":"ListItem","position":4,"name":"Soutien-gorge triangle avec broderie dor\u00e9e Apr\u00e8s minuit"}]},{"@type":"WebSite","@id":"https:\/\/madame-sensuelle.paris\/fr\/#website","url":"https:\/\/madame-sensuelle.paris\/fr\/","name":"MADAME SENSUELLE","description":"MADAME SENSUELLE: Found the biggest exciting brands of chic &amp; SEXY LINGERIE in Paris Boutique and on the WEB: Aubade, Dita Von Teese, Maison Close, Marjolaine, Bluebella, Atelier Amour, Luxxa, Catanzaro, Gracija Rim. You will found the big pleasure of sexy belt or bra make for you","publisher":{"@id":"https:\/\/madame-sensuelle.paris\/fr\/#organization"},"potentialAction":[{"@type":"SearchAction","target":{"@type":"EntryPoint","urlTemplate":"https:\/\/madame-sensuelle.paris\/fr\/?s={search_term_string}"},"query-input":{"@type":"PropertyValueSpecification","valueRequired":true,"valueName":"search_term_string"}}],"inLanguage":"fr-FR"},{"@type":"Organization","@id":"https:\/\/madame-sensuelle.paris\/fr\/#organization","name":"Madame Sensuelle","url":"https:\/\/madame-sensuelle.paris\/fr\/","logo":{"@type":"ImageObject","inLanguage":"fr-FR","@id":"https:\/\/madame-sensuelle.paris\/fr\/#\/schema\/logo\/image\/","url":"https:\/\/madame-sensuelle.paris\/wp-content\/uploads\/2024\/12\/logo_a-1-1_696.webp","contentUrl":"https:\/\/madame-sensuelle.paris\/wp-content\/uploads\/2024\/12\/logo_a-1-1_696.webp","width":696,"height":696,"caption":"Madame Sensuelle"},"image":{"@id":"https:\/\/madame-sensuelle.paris\/fr\/#\/schema\/logo\/image\/"},"sameAs":["https:\/\/www.facebook.com\/madamesensuelle","https:\/\/www.instagram.com\/madame_sensuelle\/"]}]}},"brands":[{"id":2785,"name":"ATELIER AMOUR","slug":"atelier-amour"}],"_links":{"self":[{"href":"https:\/\/madame-sensuelle.paris\/fr\/wp-json\/wp\/v2\/product\/66769","targetHints":{"allow":["GET"]}}],"collection":[{"href":"https:\/\/madame-sensuelle.paris\/fr\/wp-json\/wp\/v2\/product"}],"about":[{"href":"https:\/\/madame-sensuelle.paris\/fr\/wp-json\/wp\/v2\/types\/product"}],"version-history":[{"count":1,"href":"https:\/\/madame-sensuelle.paris\/fr\/wp-json\/wp\/v2\/product\/66769\/revisions"}],"predecessor-version":[{"id":121191,"href":"https:\/\/madame-sensuelle.paris\/fr\/wp-json\/wp\/v2\/product\/66769\/revisions\/121191"}],"wp:featuredmedia":[{"embeddable":true,"href":"https:\/\/madame-sensuelle.paris\/fr\/wp-json\/wp\/v2\/media\/102045"}],"wp:attachment":[{"href":"https:\/\/madame-sensuelle.paris\/fr\/wp-json\/wp\/v2\/media?parent=66769"}],"wp:term":[{"taxonomy":"pwb-brand","embeddable":true,"href":"https:\/\/madame-sensuelle.paris\/fr\/wp-json\/wp\/v2\/pwb-brand?post=66769"},{"taxonomy":"product_brand","embeddable":true,"href":"https:\/\/madame-sensuelle.paris\/fr\/wp-json\/wp\/v2\/product_brand?post=66769"},{"taxonomy":"product_cat","embeddable":true,"href":"https:\/\/madame-sensuelle.paris\/fr\/wp-json\/wp\/v2\/product_cat?post=66769"},{"taxonomy":"product_tag","embeddable":true,"href":"https:\/\/madame-sensuelle.paris\/fr\/wp-json\/wp\/v2\/product_tag?post=66769"},{"taxonomy":"giftcard-category","embeddable":true,"href":"https:\/\/madame-sensuelle.paris\/fr\/wp-json\/wp\/v2\/giftcard-category?post=66769"}],"curies":[{"name":"wp","href":"https:\/\/api.w.org\/{rel}","templated":true}]}}