{"id":66773,"date":"2024-03-10T12:45:25","date_gmt":"2024-03-10T12:45:25","guid":{"rendered":"https:\/\/madame-sensuelle.eu\/?post_type=product&#038;p=66773"},"modified":"2026-04-04T03:16:21","modified_gmt":"2026-04-04T03:16:21","slug":"aa-2019000055253-s-chair-1","status":"publish","type":"product","link":"https:\/\/madame-sensuelle.paris\/fr\/product\/aa-2019000055253-s-chair-1\/","title":{"rendered":"Soutien-gorge triangle en tulle Insoutenable L\u00e9g\u00e8ret\u00e9"},"content":{"rendered":"<p>Un triangle en tulle l\u00e9ger, presque invisible sur la peau. Sans armatures, il suit les formes avec douceur. Les bonnets souples assurent un bon confort, sans serrer. Les finitions fines rendent la coupe simple et naturelle. <em data-start=\"443\" data-end=\"466\">Insoutenable L\u00e9g\u00e8ret\u00e9<\/em> r\u00e9v\u00e8le le corps sans le cacher, pour une allure libre, douce et l\u00e9g\u00e8re<\/p>\n","protected":false},"excerpt":{"rendered":"<p>Un triangle en tulle l\u00e9ger, presque invisible sur la peau. Sans armatures, il suit les formes avec douceur. Les bonnets souples assurent un bon confort, sans serrer. Les finitions fines rendent la coupe simple et naturelle. Insoutenable L\u00e9g\u00e8ret\u00e9 r\u00e9v\u00e8le le corps sans le cacher, pour une allure libre, douce et l\u00e9g\u00e8re<\/p>\n","protected":false},"featured_media":105182,"template":"","meta":[],"pwb-brand":[2785],"product_brand":[],"product_cat":[1245,1267,1257,1266],"product_tag":[],"giftcard-category":[],"class_list":{"0":"post-66773","1":"product","2":"type-product","3":"status-publish","4":"has-post-thumbnail","6":"pwb-brand-atelier-amour","7":"product_cat-lingerie-sexy-femme-erotique-et-glamour","8":"product_cat-sans-armatures","9":"product_cat-soutiens-gorge","10":"product_cat-triangle","11":"pa_collection-insoutenable-legerete-fr","13":"first","14":"instock","15":"taxable","16":"shipping-taxable","17":"purchasable","18":"product-type-variable","19":"has-default-attributes"},"yoast_head":"<!-- This site is optimized with the Yoast SEO plugin v27.3 - https:\/\/yoast.com\/product\/yoast-seo-wordpress\/ -->\n<title>Soutien-gorge triangle en tulle Insoutenable L\u00e9g\u00e8ret\u00e9<\/title>\n<meta name=\"description\" content=\"Le mod\u00e8le Soutien-gorge triangle en tulle Insoutenable L\u00e9g\u00e8ret\u00e9 sign\u00e9 ATELIER AMOUR, \u00e0 d\u00e9couvrir chez Madame Sensuelle. Essayage VIP disponible.\" \/>\n<meta name=\"robots\" content=\"index, follow, max-snippet:-1, max-image-preview:large, max-video-preview:-1\" \/>\n<link rel=\"canonical\" href=\"https:\/\/madame-sensuelle.paris\/fr\/product\/aa-2019000055253-s-chair-1\/\" \/>\n<meta property=\"og:locale\" content=\"fr_FR\" \/>\n<meta property=\"og:type\" content=\"article\" \/>\n<meta property=\"og:title\" content=\"Soutien-gorge triangle en tulle Insoutenable L\u00e9g\u00e8ret\u00e9\" \/>\n<meta property=\"og:description\" content=\"Le mod\u00e8le Soutien-gorge triangle en tulle Insoutenable L\u00e9g\u00e8ret\u00e9 sign\u00e9 ATELIER AMOUR, \u00e0 d\u00e9couvrir chez Madame Sensuelle. Essayage VIP disponible.\" \/>\n<meta property=\"og:url\" content=\"https:\/\/madame-sensuelle.paris\/fr\/product\/aa-2019000055253-s-chair-1\/\" \/>\n<meta property=\"og:site_name\" content=\"Madame Sensuelle\" \/>\n<meta property=\"article:publisher\" content=\"https:\/\/www.facebook.com\/madamesensuelle\" \/>\n<meta property=\"article:modified_time\" content=\"2026-04-04T03:16:21+00:00\" \/>\n<meta property=\"og:image\" content=\"http:\/\/madame-sensuelle.paris\/wp-content\/uploads\/2024\/03\/image_-_2022-02-02T115756.245.jpg\" \/>\n\t<meta property=\"og:image:width\" content=\"800\" \/>\n\t<meta property=\"og:image:height\" content=\"1133\" \/>\n\t<meta property=\"og:image:type\" content=\"image\/jpeg\" \/>\n<meta name=\"twitter:card\" content=\"summary_large_image\" \/>\n<meta name=\"twitter:label1\" content=\"Dur\u00e9e de lecture estim\u00e9e\" \/>\n\t<meta name=\"twitter:data1\" content=\"2 minutes\" \/>\n<script type=\"application\/ld+json\" class=\"yoast-schema-graph\">{\"@context\":\"https:\\\/\\\/schema.org\",\"@graph\":[{\"@type\":\"WebPage\",\"@id\":\"https:\\\/\\\/madame-sensuelle.paris\\\/fr\\\/product\\\/aa-2019000055253-s-chair-1\\\/\",\"url\":\"https:\\\/\\\/madame-sensuelle.paris\\\/fr\\\/product\\\/aa-2019000055253-s-chair-1\\\/\",\"name\":\"Soutien-gorge triangle en tulle Insoutenable L\u00e9g\u00e8ret\u00e9\",\"isPartOf\":{\"@id\":\"https:\\\/\\\/madame-sensuelle.paris\\\/fr\\\/#website\"},\"primaryImageOfPage\":{\"@id\":\"https:\\\/\\\/madame-sensuelle.paris\\\/fr\\\/product\\\/aa-2019000055253-s-chair-1\\\/#primaryimage\"},\"image\":{\"@id\":\"https:\\\/\\\/madame-sensuelle.paris\\\/fr\\\/product\\\/aa-2019000055253-s-chair-1\\\/#primaryimage\"},\"thumbnailUrl\":\"https:\\\/\\\/madame-sensuelle.paris\\\/wp-content\\\/uploads\\\/2024\\\/03\\\/image_-_2022-02-02T115756.245.jpg\",\"datePublished\":\"2024-03-10T12:45:25+00:00\",\"dateModified\":\"2026-04-04T03:16:21+00:00\",\"description\":\"Le mod\u00e8le Soutien-gorge triangle en tulle Insoutenable L\u00e9g\u00e8ret\u00e9 sign\u00e9 ATELIER AMOUR, \u00e0 d\u00e9couvrir chez Madame Sensuelle. Essayage VIP disponible.\",\"breadcrumb\":{\"@id\":\"https:\\\/\\\/madame-sensuelle.paris\\\/fr\\\/product\\\/aa-2019000055253-s-chair-1\\\/#breadcrumb\"},\"inLanguage\":\"fr-FR\",\"potentialAction\":[{\"@type\":\"ReadAction\",\"target\":[\"https:\\\/\\\/madame-sensuelle.paris\\\/fr\\\/product\\\/aa-2019000055253-s-chair-1\\\/\"]}]},{\"@type\":\"ImageObject\",\"inLanguage\":\"fr-FR\",\"@id\":\"https:\\\/\\\/madame-sensuelle.paris\\\/fr\\\/product\\\/aa-2019000055253-s-chair-1\\\/#primaryimage\",\"url\":\"https:\\\/\\\/madame-sensuelle.paris\\\/wp-content\\\/uploads\\\/2024\\\/03\\\/image_-_2022-02-02T115756.245.jpg\",\"contentUrl\":\"https:\\\/\\\/madame-sensuelle.paris\\\/wp-content\\\/uploads\\\/2024\\\/03\\\/image_-_2022-02-02T115756.245.jpg\",\"width\":800,\"height\":1133},{\"@type\":\"BreadcrumbList\",\"@id\":\"https:\\\/\\\/madame-sensuelle.paris\\\/fr\\\/product\\\/aa-2019000055253-s-chair-1\\\/#breadcrumb\",\"itemListElement\":[{\"@type\":\"ListItem\",\"position\":1,\"name\":\"Acceuil\",\"item\":\"https:\\\/\\\/madame-sensuelle.paris\\\/fr\\\/\"},{\"@type\":\"ListItem\",\"position\":2,\"name\":\"Catalogue\",\"item\":\"https:\\\/\\\/madame-sensuelle.paris\\\/fr\\\/catalogue\\\/\"},{\"@type\":\"ListItem\",\"position\":3,\"name\":\"ATELIER AMOUR\",\"item\":\"https:\\\/\\\/madame-sensuelle.paris\\\/fr\\\/brand\\\/atelier-amour\\\/\"},{\"@type\":\"ListItem\",\"position\":4,\"name\":\"Soutien-gorge triangle en tulle Insoutenable L\u00e9g\u00e8ret\u00e9\"}]},{\"@type\":\"WebSite\",\"@id\":\"https:\\\/\\\/madame-sensuelle.paris\\\/fr\\\/#website\",\"url\":\"https:\\\/\\\/madame-sensuelle.paris\\\/fr\\\/\",\"name\":\"MADAME SENSUELLE\",\"description\":\"MADAME SENSUELLE: Found the biggest exciting brands of chic &amp; SEXY LINGERIE in Paris Boutique and on the WEB: Aubade, Dita Von Teese, Maison Close, Marjolaine, Bluebella, Atelier Amour, Luxxa, Catanzaro, Gracija Rim. You will found the big pleasure of sexy belt or bra make for you\",\"publisher\":{\"@id\":\"https:\\\/\\\/madame-sensuelle.paris\\\/fr\\\/#organization\"},\"potentialAction\":[{\"@type\":\"SearchAction\",\"target\":{\"@type\":\"EntryPoint\",\"urlTemplate\":\"https:\\\/\\\/madame-sensuelle.paris\\\/fr\\\/?s={search_term_string}\"},\"query-input\":{\"@type\":\"PropertyValueSpecification\",\"valueRequired\":true,\"valueName\":\"search_term_string\"}}],\"inLanguage\":\"fr-FR\"},{\"@type\":\"Organization\",\"@id\":\"https:\\\/\\\/madame-sensuelle.paris\\\/fr\\\/#organization\",\"name\":\"Madame Sensuelle\",\"url\":\"https:\\\/\\\/madame-sensuelle.paris\\\/fr\\\/\",\"logo\":{\"@type\":\"ImageObject\",\"inLanguage\":\"fr-FR\",\"@id\":\"https:\\\/\\\/madame-sensuelle.paris\\\/fr\\\/#\\\/schema\\\/logo\\\/image\\\/\",\"url\":\"https:\\\/\\\/madame-sensuelle.paris\\\/wp-content\\\/uploads\\\/2024\\\/12\\\/logo_a-1-1_696.webp\",\"contentUrl\":\"https:\\\/\\\/madame-sensuelle.paris\\\/wp-content\\\/uploads\\\/2024\\\/12\\\/logo_a-1-1_696.webp\",\"width\":696,\"height\":696,\"caption\":\"Madame Sensuelle\"},\"image\":{\"@id\":\"https:\\\/\\\/madame-sensuelle.paris\\\/fr\\\/#\\\/schema\\\/logo\\\/image\\\/\"},\"sameAs\":[\"https:\\\/\\\/www.facebook.com\\\/madamesensuelle\",\"https:\\\/\\\/www.instagram.com\\\/madame_sensuelle\\\/\"]}]}<\/script>\n<!-- \/ Yoast SEO plugin. -->","yoast_head_json":{"title":"Soutien-gorge triangle en tulle Insoutenable L\u00e9g\u00e8ret\u00e9","description":"Le mod\u00e8le Soutien-gorge triangle en tulle Insoutenable L\u00e9g\u00e8ret\u00e9 sign\u00e9 ATELIER AMOUR, \u00e0 d\u00e9couvrir chez Madame Sensuelle. Essayage VIP disponible.","robots":{"index":"index","follow":"follow","max-snippet":"max-snippet:-1","max-image-preview":"max-image-preview:large","max-video-preview":"max-video-preview:-1"},"canonical":"https:\/\/madame-sensuelle.paris\/fr\/product\/aa-2019000055253-s-chair-1\/","og_locale":"fr_FR","og_type":"article","og_title":"Soutien-gorge triangle en tulle Insoutenable L\u00e9g\u00e8ret\u00e9","og_description":"Le mod\u00e8le Soutien-gorge triangle en tulle Insoutenable L\u00e9g\u00e8ret\u00e9 sign\u00e9 ATELIER AMOUR, \u00e0 d\u00e9couvrir chez Madame Sensuelle. Essayage VIP disponible.","og_url":"https:\/\/madame-sensuelle.paris\/fr\/product\/aa-2019000055253-s-chair-1\/","og_site_name":"Madame Sensuelle","article_publisher":"https:\/\/www.facebook.com\/madamesensuelle","article_modified_time":"2026-04-04T03:16:21+00:00","og_image":[{"width":800,"height":1133,"url":"http:\/\/madame-sensuelle.paris\/wp-content\/uploads\/2024\/03\/image_-_2022-02-02T115756.245.jpg","type":"image\/jpeg"}],"twitter_card":"summary_large_image","twitter_misc":{"Dur\u00e9e de lecture estim\u00e9e":"2 minutes"},"schema":{"@context":"https:\/\/schema.org","@graph":[{"@type":"WebPage","@id":"https:\/\/madame-sensuelle.paris\/fr\/product\/aa-2019000055253-s-chair-1\/","url":"https:\/\/madame-sensuelle.paris\/fr\/product\/aa-2019000055253-s-chair-1\/","name":"Soutien-gorge triangle en tulle Insoutenable L\u00e9g\u00e8ret\u00e9","isPartOf":{"@id":"https:\/\/madame-sensuelle.paris\/fr\/#website"},"primaryImageOfPage":{"@id":"https:\/\/madame-sensuelle.paris\/fr\/product\/aa-2019000055253-s-chair-1\/#primaryimage"},"image":{"@id":"https:\/\/madame-sensuelle.paris\/fr\/product\/aa-2019000055253-s-chair-1\/#primaryimage"},"thumbnailUrl":"https:\/\/madame-sensuelle.paris\/wp-content\/uploads\/2024\/03\/image_-_2022-02-02T115756.245.jpg","datePublished":"2024-03-10T12:45:25+00:00","dateModified":"2026-04-04T03:16:21+00:00","description":"Le mod\u00e8le Soutien-gorge triangle en tulle Insoutenable L\u00e9g\u00e8ret\u00e9 sign\u00e9 ATELIER AMOUR, \u00e0 d\u00e9couvrir chez Madame Sensuelle. Essayage VIP disponible.","breadcrumb":{"@id":"https:\/\/madame-sensuelle.paris\/fr\/product\/aa-2019000055253-s-chair-1\/#breadcrumb"},"inLanguage":"fr-FR","potentialAction":[{"@type":"ReadAction","target":["https:\/\/madame-sensuelle.paris\/fr\/product\/aa-2019000055253-s-chair-1\/"]}]},{"@type":"ImageObject","inLanguage":"fr-FR","@id":"https:\/\/madame-sensuelle.paris\/fr\/product\/aa-2019000055253-s-chair-1\/#primaryimage","url":"https:\/\/madame-sensuelle.paris\/wp-content\/uploads\/2024\/03\/image_-_2022-02-02T115756.245.jpg","contentUrl":"https:\/\/madame-sensuelle.paris\/wp-content\/uploads\/2024\/03\/image_-_2022-02-02T115756.245.jpg","width":800,"height":1133},{"@type":"BreadcrumbList","@id":"https:\/\/madame-sensuelle.paris\/fr\/product\/aa-2019000055253-s-chair-1\/#breadcrumb","itemListElement":[{"@type":"ListItem","position":1,"name":"Acceuil","item":"https:\/\/madame-sensuelle.paris\/fr\/"},{"@type":"ListItem","position":2,"name":"Catalogue","item":"https:\/\/madame-sensuelle.paris\/fr\/catalogue\/"},{"@type":"ListItem","position":3,"name":"ATELIER AMOUR","item":"https:\/\/madame-sensuelle.paris\/fr\/brand\/atelier-amour\/"},{"@type":"ListItem","position":4,"name":"Soutien-gorge triangle en tulle Insoutenable L\u00e9g\u00e8ret\u00e9"}]},{"@type":"WebSite","@id":"https:\/\/madame-sensuelle.paris\/fr\/#website","url":"https:\/\/madame-sensuelle.paris\/fr\/","name":"MADAME SENSUELLE","description":"MADAME SENSUELLE: Found the biggest exciting brands of chic &amp; SEXY LINGERIE in Paris Boutique and on the WEB: Aubade, Dita Von Teese, Maison Close, Marjolaine, Bluebella, Atelier Amour, Luxxa, Catanzaro, Gracija Rim. You will found the big pleasure of sexy belt or bra make for you","publisher":{"@id":"https:\/\/madame-sensuelle.paris\/fr\/#organization"},"potentialAction":[{"@type":"SearchAction","target":{"@type":"EntryPoint","urlTemplate":"https:\/\/madame-sensuelle.paris\/fr\/?s={search_term_string}"},"query-input":{"@type":"PropertyValueSpecification","valueRequired":true,"valueName":"search_term_string"}}],"inLanguage":"fr-FR"},{"@type":"Organization","@id":"https:\/\/madame-sensuelle.paris\/fr\/#organization","name":"Madame Sensuelle","url":"https:\/\/madame-sensuelle.paris\/fr\/","logo":{"@type":"ImageObject","inLanguage":"fr-FR","@id":"https:\/\/madame-sensuelle.paris\/fr\/#\/schema\/logo\/image\/","url":"https:\/\/madame-sensuelle.paris\/wp-content\/uploads\/2024\/12\/logo_a-1-1_696.webp","contentUrl":"https:\/\/madame-sensuelle.paris\/wp-content\/uploads\/2024\/12\/logo_a-1-1_696.webp","width":696,"height":696,"caption":"Madame Sensuelle"},"image":{"@id":"https:\/\/madame-sensuelle.paris\/fr\/#\/schema\/logo\/image\/"},"sameAs":["https:\/\/www.facebook.com\/madamesensuelle","https:\/\/www.instagram.com\/madame_sensuelle\/"]}]}},"brands":[{"id":2785,"name":"ATELIER AMOUR","slug":"atelier-amour"}],"_links":{"self":[{"href":"https:\/\/madame-sensuelle.paris\/fr\/wp-json\/wp\/v2\/product\/66773","targetHints":{"allow":["GET"]}}],"collection":[{"href":"https:\/\/madame-sensuelle.paris\/fr\/wp-json\/wp\/v2\/product"}],"about":[{"href":"https:\/\/madame-sensuelle.paris\/fr\/wp-json\/wp\/v2\/types\/product"}],"version-history":[{"count":1,"href":"https:\/\/madame-sensuelle.paris\/fr\/wp-json\/wp\/v2\/product\/66773\/revisions"}],"predecessor-version":[{"id":121356,"href":"https:\/\/madame-sensuelle.paris\/fr\/wp-json\/wp\/v2\/product\/66773\/revisions\/121356"}],"wp:featuredmedia":[{"embeddable":true,"href":"https:\/\/madame-sensuelle.paris\/fr\/wp-json\/wp\/v2\/media\/105182"}],"wp:attachment":[{"href":"https:\/\/madame-sensuelle.paris\/fr\/wp-json\/wp\/v2\/media?parent=66773"}],"wp:term":[{"taxonomy":"pwb-brand","embeddable":true,"href":"https:\/\/madame-sensuelle.paris\/fr\/wp-json\/wp\/v2\/pwb-brand?post=66773"},{"taxonomy":"product_brand","embeddable":true,"href":"https:\/\/madame-sensuelle.paris\/fr\/wp-json\/wp\/v2\/product_brand?post=66773"},{"taxonomy":"product_cat","embeddable":true,"href":"https:\/\/madame-sensuelle.paris\/fr\/wp-json\/wp\/v2\/product_cat?post=66773"},{"taxonomy":"product_tag","embeddable":true,"href":"https:\/\/madame-sensuelle.paris\/fr\/wp-json\/wp\/v2\/product_tag?post=66773"},{"taxonomy":"giftcard-category","embeddable":true,"href":"https:\/\/madame-sensuelle.paris\/fr\/wp-json\/wp\/v2\/giftcard-category?post=66773"}],"curies":[{"name":"wp","href":"https:\/\/api.w.org\/{rel}","templated":true}]}}