{"id":66818,"date":"2024-03-10T12:45:36","date_gmt":"2024-03-10T12:45:36","guid":{"rendered":"https:\/\/madame-sensuelle.eu\/?post_type=product&#038;p=66818"},"modified":"2026-04-04T04:56:29","modified_gmt":"2026-04-04T04:56:29","slug":"c-l-2019000049016","status":"publish","type":"product","link":"https:\/\/madame-sensuelle.paris\/fr\/product\/c-l-2019000049016\/","title":{"rendered":"String en dentelle Nougat &#8211; blanc"},"content":{"rendered":"<p>String composer d&#8217;un large bandeau en dentelle couleur ivoire, il n&#8217;y a pas de couture se qui le rend invisible sous un v\u00eatements. L&#8217;entrejambe a \u00e9tait con\u00e7u dans un tissu extensible se qui permet au sous v\u00eatements de suivre vos mouvements et donc d&#8217;\u00eatre tr\u00e8s confortable. Un double n\u0153ud en satin est pr\u00e9sent de chaque cote ce qui rend cette lingerie encore plus sexy. Id\u00e9ale pour votre lune de miel !<\/p>\n","protected":false},"excerpt":{"rendered":"<p>String composer d&#8217;un large bandeau en dentelle couleur ivoire, il n&#8217;y a pas de couture se qui le rend invisible sous un v\u00eatements. L&#8217;entrejambe a \u00e9tait con\u00e7u dans un tissu extensible se qui permet au sous v\u00eatements de suivre vos mouvements et donc d&#8217;\u00eatre tr\u00e8s confortable. Un double n\u0153ud en satin est pr\u00e9sent de chaque<\/p>\n","protected":false},"featured_media":84145,"template":"","meta":[],"pwb-brand":[2787],"product_brand":[],"product_cat":[1270,1245,1226,1231],"product_tag":[],"giftcard-category":[],"class_list":{"0":"post-66818","1":"product","2":"type-product","3":"status-publish","4":"has-post-thumbnail","6":"pwb-brand-luxxa","7":"product_cat-culottes-sexy","8":"product_cat-lingerie-sexy-femme-erotique-et-glamour","9":"product_cat-mariage","10":"product_cat-string","12":"first","13":"outofstock","14":"taxable","15":"shipping-taxable","16":"purchasable","17":"product-type-variable","18":"has-default-attributes"},"yoast_head":"<!-- This site is optimized with the Yoast SEO plugin v27.3 - https:\/\/yoast.com\/product\/yoast-seo-wordpress\/ -->\n<title>String en dentelle Nougat - blanc \u2013 LUXXA - Madame Sensuelle<\/title>\n<meta name=\"description\" content=\"String composer d&#039;un large bandeau en dentelle couleur ivoire, il n&#039;y a pas de couture se qui le rend invisible sous un v\u00eatements. L&#039;entrejambe a \u00e9tait con\u00e7u dans un tissu extensible se qui permet au sous v\u00eatements de suivre vos mouvements et donc d&#039;\u00eatre tr\u00e8s confortable. Un double n\u0153ud en satin est pr\u00e9sent de chaque cote ce qui rend cette lingerie encore plus sexy. Id\u00e9ale pour votre lune de miel !\u00a0\" \/>\n<meta name=\"robots\" content=\"index, follow, max-snippet:-1, max-image-preview:large, max-video-preview:-1\" \/>\n<link rel=\"canonical\" href=\"https:\/\/madame-sensuelle.paris\/fr\/product\/c-l-2019000049016\/\" \/>\n<meta property=\"og:locale\" content=\"fr_FR\" \/>\n<meta property=\"og:type\" content=\"article\" \/>\n<meta property=\"og:title\" content=\"String en dentelle Nougat - blanc \u2013 LUXXA - Madame Sensuelle\" \/>\n<meta property=\"og:description\" content=\"String composer d&#039;un large bandeau en dentelle couleur ivoire, il n&#039;y a pas de couture se qui le rend invisible sous un v\u00eatements. L&#039;entrejambe a \u00e9tait con\u00e7u dans un tissu extensible se qui permet au sous v\u00eatements de suivre vos mouvements et donc d&#039;\u00eatre tr\u00e8s confortable. Un double n\u0153ud en satin est pr\u00e9sent de chaque cote ce qui rend cette lingerie encore plus sexy. Id\u00e9ale pour votre lune de miel !\u00a0\" \/>\n<meta property=\"og:url\" content=\"https:\/\/madame-sensuelle.paris\/fr\/product\/c-l-2019000049016\/\" \/>\n<meta property=\"og:site_name\" content=\"Madame Sensuelle\" \/>\n<meta property=\"article:publisher\" content=\"https:\/\/www.facebook.com\/madamesensuelle\" \/>\n<meta property=\"article:modified_time\" content=\"2026-04-04T04:56:29+00:00\" \/>\n<meta property=\"og:image\" content=\"https:\/\/madame-sensuelle.paris\/wp-content\/uploads\/2024\/03\/ensemble-nougat-sg-a-brides-culotte-1498045604-1_1__1.jpg\" \/>\n\t<meta property=\"og:image:width\" content=\"800\" \/>\n\t<meta property=\"og:image:height\" content=\"1200\" \/>\n\t<meta property=\"og:image:type\" content=\"image\/jpeg\" \/>\n<meta name=\"twitter:card\" content=\"summary_large_image\" \/>\n<meta name=\"twitter:label1\" content=\"Dur\u00e9e de lecture estim\u00e9e\" \/>\n\t<meta name=\"twitter:data1\" content=\"1 minute\" \/>\n<script type=\"application\/ld+json\" class=\"yoast-schema-graph\">{\"@context\":\"https:\\\/\\\/schema.org\",\"@graph\":[{\"@type\":\"WebPage\",\"@id\":\"https:\\\/\\\/madame-sensuelle.paris\\\/fr\\\/product\\\/c-l-2019000049016\\\/\",\"url\":\"https:\\\/\\\/madame-sensuelle.paris\\\/fr\\\/product\\\/c-l-2019000049016\\\/\",\"name\":\"String en dentelle Nougat - blanc \u2013 LUXXA - Madame Sensuelle\",\"isPartOf\":{\"@id\":\"https:\\\/\\\/madame-sensuelle.paris\\\/fr\\\/#website\"},\"primaryImageOfPage\":{\"@id\":\"https:\\\/\\\/madame-sensuelle.paris\\\/fr\\\/product\\\/c-l-2019000049016\\\/#primaryimage\"},\"image\":{\"@id\":\"https:\\\/\\\/madame-sensuelle.paris\\\/fr\\\/product\\\/c-l-2019000049016\\\/#primaryimage\"},\"thumbnailUrl\":\"https:\\\/\\\/madame-sensuelle.paris\\\/wp-content\\\/uploads\\\/2024\\\/03\\\/ensemble-nougat-sg-a-brides-culotte-1498045604-1_1__1.jpg\",\"datePublished\":\"2024-03-10T12:45:36+00:00\",\"dateModified\":\"2026-04-04T04:56:29+00:00\",\"description\":\"String composer d'un large bandeau en dentelle couleur ivoire, il n'y a pas de couture se qui le rend invisible sous un v\u00eatements. L'entrejambe a \u00e9tait con\u00e7u dans un tissu extensible se qui permet au sous v\u00eatements de suivre vos mouvements et donc d'\u00eatre tr\u00e8s confortable. Un double n\u0153ud en satin est pr\u00e9sent de chaque cote ce qui rend cette lingerie encore plus sexy. Id\u00e9ale pour votre lune de miel !\u00a0\",\"breadcrumb\":{\"@id\":\"https:\\\/\\\/madame-sensuelle.paris\\\/fr\\\/product\\\/c-l-2019000049016\\\/#breadcrumb\"},\"inLanguage\":\"fr-FR\",\"potentialAction\":[{\"@type\":\"ReadAction\",\"target\":[\"https:\\\/\\\/madame-sensuelle.paris\\\/fr\\\/product\\\/c-l-2019000049016\\\/\"]}]},{\"@type\":\"ImageObject\",\"inLanguage\":\"fr-FR\",\"@id\":\"https:\\\/\\\/madame-sensuelle.paris\\\/fr\\\/product\\\/c-l-2019000049016\\\/#primaryimage\",\"url\":\"https:\\\/\\\/madame-sensuelle.paris\\\/wp-content\\\/uploads\\\/2024\\\/03\\\/ensemble-nougat-sg-a-brides-culotte-1498045604-1_1__1.jpg\",\"contentUrl\":\"https:\\\/\\\/madame-sensuelle.paris\\\/wp-content\\\/uploads\\\/2024\\\/03\\\/ensemble-nougat-sg-a-brides-culotte-1498045604-1_1__1.jpg\",\"width\":800,\"height\":1200},{\"@type\":\"BreadcrumbList\",\"@id\":\"https:\\\/\\\/madame-sensuelle.paris\\\/fr\\\/product\\\/c-l-2019000049016\\\/#breadcrumb\",\"itemListElement\":[{\"@type\":\"ListItem\",\"position\":1,\"name\":\"Acceuil\",\"item\":\"https:\\\/\\\/madame-sensuelle.paris\\\/fr\\\/\"},{\"@type\":\"ListItem\",\"position\":2,\"name\":\"Catalogue\",\"item\":\"https:\\\/\\\/madame-sensuelle.paris\\\/fr\\\/catalogue\\\/\"},{\"@type\":\"ListItem\",\"position\":3,\"name\":\"LUXXA\",\"item\":\"https:\\\/\\\/madame-sensuelle.paris\\\/fr\\\/brand\\\/luxxa\\\/\"},{\"@type\":\"ListItem\",\"position\":4,\"name\":\"String en dentelle Nougat &#8211; blanc\"}]},{\"@type\":\"WebSite\",\"@id\":\"https:\\\/\\\/madame-sensuelle.paris\\\/fr\\\/#website\",\"url\":\"https:\\\/\\\/madame-sensuelle.paris\\\/fr\\\/\",\"name\":\"MADAME SENSUELLE\",\"description\":\"MADAME SENSUELLE: Found the biggest exciting brands of chic &amp; SEXY LINGERIE in Paris Boutique and on the WEB: Aubade, Dita Von Teese, Maison Close, Marjolaine, Bluebella, Atelier Amour, Luxxa, Catanzaro, Gracija Rim. You will found the big pleasure of sexy belt or bra make for you\",\"publisher\":{\"@id\":\"https:\\\/\\\/madame-sensuelle.paris\\\/fr\\\/#organization\"},\"potentialAction\":[{\"@type\":\"SearchAction\",\"target\":{\"@type\":\"EntryPoint\",\"urlTemplate\":\"https:\\\/\\\/madame-sensuelle.paris\\\/fr\\\/?s={search_term_string}\"},\"query-input\":{\"@type\":\"PropertyValueSpecification\",\"valueRequired\":true,\"valueName\":\"search_term_string\"}}],\"inLanguage\":\"fr-FR\"},{\"@type\":\"Organization\",\"@id\":\"https:\\\/\\\/madame-sensuelle.paris\\\/fr\\\/#organization\",\"name\":\"Madame Sensuelle\",\"url\":\"https:\\\/\\\/madame-sensuelle.paris\\\/fr\\\/\",\"logo\":{\"@type\":\"ImageObject\",\"inLanguage\":\"fr-FR\",\"@id\":\"https:\\\/\\\/madame-sensuelle.paris\\\/fr\\\/#\\\/schema\\\/logo\\\/image\\\/\",\"url\":\"https:\\\/\\\/madame-sensuelle.paris\\\/wp-content\\\/uploads\\\/2024\\\/12\\\/logo_a-1-1_696.webp\",\"contentUrl\":\"https:\\\/\\\/madame-sensuelle.paris\\\/wp-content\\\/uploads\\\/2024\\\/12\\\/logo_a-1-1_696.webp\",\"width\":696,\"height\":696,\"caption\":\"Madame Sensuelle\"},\"image\":{\"@id\":\"https:\\\/\\\/madame-sensuelle.paris\\\/fr\\\/#\\\/schema\\\/logo\\\/image\\\/\"},\"sameAs\":[\"https:\\\/\\\/www.facebook.com\\\/madamesensuelle\",\"https:\\\/\\\/www.instagram.com\\\/madame_sensuelle\\\/\"]}]}<\/script>\n<!-- \/ Yoast SEO plugin. -->","yoast_head_json":{"title":"String en dentelle Nougat - blanc \u2013 LUXXA - Madame Sensuelle","description":"String composer d'un large bandeau en dentelle couleur ivoire, il n'y a pas de couture se qui le rend invisible sous un v\u00eatements. L'entrejambe a \u00e9tait con\u00e7u dans un tissu extensible se qui permet au sous v\u00eatements de suivre vos mouvements et donc d'\u00eatre tr\u00e8s confortable. Un double n\u0153ud en satin est pr\u00e9sent de chaque cote ce qui rend cette lingerie encore plus sexy. Id\u00e9ale pour votre lune de miel !\u00a0","robots":{"index":"index","follow":"follow","max-snippet":"max-snippet:-1","max-image-preview":"max-image-preview:large","max-video-preview":"max-video-preview:-1"},"canonical":"https:\/\/madame-sensuelle.paris\/fr\/product\/c-l-2019000049016\/","og_locale":"fr_FR","og_type":"article","og_title":"String en dentelle Nougat - blanc \u2013 LUXXA - Madame Sensuelle","og_description":"String composer d'un large bandeau en dentelle couleur ivoire, il n'y a pas de couture se qui le rend invisible sous un v\u00eatements. L'entrejambe a \u00e9tait con\u00e7u dans un tissu extensible se qui permet au sous v\u00eatements de suivre vos mouvements et donc d'\u00eatre tr\u00e8s confortable. Un double n\u0153ud en satin est pr\u00e9sent de chaque cote ce qui rend cette lingerie encore plus sexy. Id\u00e9ale pour votre lune de miel !\u00a0","og_url":"https:\/\/madame-sensuelle.paris\/fr\/product\/c-l-2019000049016\/","og_site_name":"Madame Sensuelle","article_publisher":"https:\/\/www.facebook.com\/madamesensuelle","article_modified_time":"2026-04-04T04:56:29+00:00","og_image":[{"width":800,"height":1200,"url":"https:\/\/madame-sensuelle.paris\/wp-content\/uploads\/2024\/03\/ensemble-nougat-sg-a-brides-culotte-1498045604-1_1__1.jpg","type":"image\/jpeg"}],"twitter_card":"summary_large_image","twitter_misc":{"Dur\u00e9e de lecture estim\u00e9e":"1 minute"},"schema":{"@context":"https:\/\/schema.org","@graph":[{"@type":"WebPage","@id":"https:\/\/madame-sensuelle.paris\/fr\/product\/c-l-2019000049016\/","url":"https:\/\/madame-sensuelle.paris\/fr\/product\/c-l-2019000049016\/","name":"String en dentelle Nougat - blanc \u2013 LUXXA - Madame Sensuelle","isPartOf":{"@id":"https:\/\/madame-sensuelle.paris\/fr\/#website"},"primaryImageOfPage":{"@id":"https:\/\/madame-sensuelle.paris\/fr\/product\/c-l-2019000049016\/#primaryimage"},"image":{"@id":"https:\/\/madame-sensuelle.paris\/fr\/product\/c-l-2019000049016\/#primaryimage"},"thumbnailUrl":"https:\/\/madame-sensuelle.paris\/wp-content\/uploads\/2024\/03\/ensemble-nougat-sg-a-brides-culotte-1498045604-1_1__1.jpg","datePublished":"2024-03-10T12:45:36+00:00","dateModified":"2026-04-04T04:56:29+00:00","description":"String composer d'un large bandeau en dentelle couleur ivoire, il n'y a pas de couture se qui le rend invisible sous un v\u00eatements. L'entrejambe a \u00e9tait con\u00e7u dans un tissu extensible se qui permet au sous v\u00eatements de suivre vos mouvements et donc d'\u00eatre tr\u00e8s confortable. Un double n\u0153ud en satin est pr\u00e9sent de chaque cote ce qui rend cette lingerie encore plus sexy. Id\u00e9ale pour votre lune de miel !\u00a0","breadcrumb":{"@id":"https:\/\/madame-sensuelle.paris\/fr\/product\/c-l-2019000049016\/#breadcrumb"},"inLanguage":"fr-FR","potentialAction":[{"@type":"ReadAction","target":["https:\/\/madame-sensuelle.paris\/fr\/product\/c-l-2019000049016\/"]}]},{"@type":"ImageObject","inLanguage":"fr-FR","@id":"https:\/\/madame-sensuelle.paris\/fr\/product\/c-l-2019000049016\/#primaryimage","url":"https:\/\/madame-sensuelle.paris\/wp-content\/uploads\/2024\/03\/ensemble-nougat-sg-a-brides-culotte-1498045604-1_1__1.jpg","contentUrl":"https:\/\/madame-sensuelle.paris\/wp-content\/uploads\/2024\/03\/ensemble-nougat-sg-a-brides-culotte-1498045604-1_1__1.jpg","width":800,"height":1200},{"@type":"BreadcrumbList","@id":"https:\/\/madame-sensuelle.paris\/fr\/product\/c-l-2019000049016\/#breadcrumb","itemListElement":[{"@type":"ListItem","position":1,"name":"Acceuil","item":"https:\/\/madame-sensuelle.paris\/fr\/"},{"@type":"ListItem","position":2,"name":"Catalogue","item":"https:\/\/madame-sensuelle.paris\/fr\/catalogue\/"},{"@type":"ListItem","position":3,"name":"LUXXA","item":"https:\/\/madame-sensuelle.paris\/fr\/brand\/luxxa\/"},{"@type":"ListItem","position":4,"name":"String en dentelle Nougat &#8211; blanc"}]},{"@type":"WebSite","@id":"https:\/\/madame-sensuelle.paris\/fr\/#website","url":"https:\/\/madame-sensuelle.paris\/fr\/","name":"MADAME SENSUELLE","description":"MADAME SENSUELLE: Found the biggest exciting brands of chic &amp; SEXY LINGERIE in Paris Boutique and on the WEB: Aubade, Dita Von Teese, Maison Close, Marjolaine, Bluebella, Atelier Amour, Luxxa, Catanzaro, Gracija Rim. You will found the big pleasure of sexy belt or bra make for you","publisher":{"@id":"https:\/\/madame-sensuelle.paris\/fr\/#organization"},"potentialAction":[{"@type":"SearchAction","target":{"@type":"EntryPoint","urlTemplate":"https:\/\/madame-sensuelle.paris\/fr\/?s={search_term_string}"},"query-input":{"@type":"PropertyValueSpecification","valueRequired":true,"valueName":"search_term_string"}}],"inLanguage":"fr-FR"},{"@type":"Organization","@id":"https:\/\/madame-sensuelle.paris\/fr\/#organization","name":"Madame Sensuelle","url":"https:\/\/madame-sensuelle.paris\/fr\/","logo":{"@type":"ImageObject","inLanguage":"fr-FR","@id":"https:\/\/madame-sensuelle.paris\/fr\/#\/schema\/logo\/image\/","url":"https:\/\/madame-sensuelle.paris\/wp-content\/uploads\/2024\/12\/logo_a-1-1_696.webp","contentUrl":"https:\/\/madame-sensuelle.paris\/wp-content\/uploads\/2024\/12\/logo_a-1-1_696.webp","width":696,"height":696,"caption":"Madame Sensuelle"},"image":{"@id":"https:\/\/madame-sensuelle.paris\/fr\/#\/schema\/logo\/image\/"},"sameAs":["https:\/\/www.facebook.com\/madamesensuelle","https:\/\/www.instagram.com\/madame_sensuelle\/"]}]}},"brands":[{"id":2787,"name":"LUXXA","slug":"luxxa"}],"_links":{"self":[{"href":"https:\/\/madame-sensuelle.paris\/fr\/wp-json\/wp\/v2\/product\/66818","targetHints":{"allow":["GET"]}}],"collection":[{"href":"https:\/\/madame-sensuelle.paris\/fr\/wp-json\/wp\/v2\/product"}],"about":[{"href":"https:\/\/madame-sensuelle.paris\/fr\/wp-json\/wp\/v2\/types\/product"}],"version-history":[{"count":1,"href":"https:\/\/madame-sensuelle.paris\/fr\/wp-json\/wp\/v2\/product\/66818\/revisions"}],"predecessor-version":[{"id":108454,"href":"https:\/\/madame-sensuelle.paris\/fr\/wp-json\/wp\/v2\/product\/66818\/revisions\/108454"}],"wp:featuredmedia":[{"embeddable":true,"href":"https:\/\/madame-sensuelle.paris\/fr\/wp-json\/wp\/v2\/media\/84145"}],"wp:attachment":[{"href":"https:\/\/madame-sensuelle.paris\/fr\/wp-json\/wp\/v2\/media?parent=66818"}],"wp:term":[{"taxonomy":"pwb-brand","embeddable":true,"href":"https:\/\/madame-sensuelle.paris\/fr\/wp-json\/wp\/v2\/pwb-brand?post=66818"},{"taxonomy":"product_brand","embeddable":true,"href":"https:\/\/madame-sensuelle.paris\/fr\/wp-json\/wp\/v2\/product_brand?post=66818"},{"taxonomy":"product_cat","embeddable":true,"href":"https:\/\/madame-sensuelle.paris\/fr\/wp-json\/wp\/v2\/product_cat?post=66818"},{"taxonomy":"product_tag","embeddable":true,"href":"https:\/\/madame-sensuelle.paris\/fr\/wp-json\/wp\/v2\/product_tag?post=66818"},{"taxonomy":"giftcard-category","embeddable":true,"href":"https:\/\/madame-sensuelle.paris\/fr\/wp-json\/wp\/v2\/giftcard-category?post=66818"}],"curies":[{"name":"wp","href":"https:\/\/api.w.org\/{rel}","templated":true}]}}