{"id":66914,"date":"2024-03-10T12:45:46","date_gmt":"2024-03-10T12:45:46","guid":{"rendered":"https:\/\/madame-sensuelle.eu\/?post_type=product&#038;p=66914"},"modified":"2026-04-04T06:53:58","modified_gmt":"2026-04-04T06:53:58","slug":"string-ouvert-capeline","status":"publish","type":"product","link":"https:\/\/madame-sensuelle.paris\/fr\/product\/string-ouvert-capeline\/","title":{"rendered":"String Ouvert Capeline"},"content":{"rendered":"<p>String ouvert en dentelle. <span id=\"output-sentence~0\"><span id=\"output-word~0~0\" data-segment-position=\"0\">Ses <\/span><span id=\"output-word~0~1\" data-segment-position=\"1\">fins <\/span><span id=\"output-word~0~2\" data-segment-position=\"2\">rubans <\/span><span id=\"output-word~0~3\" data-segment-position=\"3\">\u00e9lastiqu\u00e9s<\/span><span id=\"output-word~0~9\" data-segment-position=\"9\">\u00a0<\/span><span id=\"output-word~0~10\" data-segment-position=\"10\">marquent <\/span><span id=\"output-word~0~11\" data-segment-position=\"11\">le <\/span><span id=\"output-word~0~12\" data-segment-position=\"12\">contours <\/span><span id=\"output-word~0~13\" data-segment-position=\"13\">du <\/span><span id=\"output-word~0~14\" data-segment-position=\"14\">pubis.<\/span><\/span> <span id=\"output-sentence~1\"><span id=\"output-word~1~0\" data-segment-position=\"0\">\u00c0 <\/span><span id=\"output-word~1~1\" data-segment-position=\"1\">l&#8217;int\u00e9rieur, <\/span><span id=\"output-word~1~2\" data-segment-position=\"8\">un <\/span><span id=\"output-word~1~3\" data-segment-position=\"3\">motif <\/span><span id=\"output-word~1~4\" data-segment-position=\"4\">baroque <\/span><span id=\"output-word~1~5\" data-segment-position=\"5\">est <\/span><span id=\"output-word~1~6\" data-segment-position=\"6\">dessin\u00e9 <\/span><span id=\"output-word~1~7\" data-segment-position=\"7\">par <\/span><span id=\"output-word~1~8\" data-segment-position=\"8\">un <\/span><span id=\"output-word~1~9\" data-segment-position=\"9\">crois\u00e9 <\/span><span id=\"output-word~1~10\" data-segment-position=\"10\">de <\/span><span id=\"output-word~1~11\" data-segment-position=\"11\">dentelle, pour un cot\u00e9 raffiner on retrouve une petit n\u0153ud satin\u00e9 noir accompagn\u00e9e de son petit cristal brillant.<\/span><\/span> <span id=\"output-sentence~2\"><span id=\"output-word~2~0\" data-segment-position=\"0\">Le <\/span><span id=\"output-word~2~1\" data-segment-position=\"1\">regard <\/span><span id=\"output-word~2~2\" data-segment-position=\"9\">est <\/span><span id=\"output-word~2~3\" data-segment-position=\"3\">dirig\u00e9 <\/span><span id=\"output-word~2~4\" data-segment-position=\"4\">vers votre intimit\u00e9<\/span><span id=\"output-word~2~16\" data-segment-position=\"16\">.<\/span><\/span> C&#8217;est un mod\u00e8le d\u00e9licat et subtile.<\/p>\n","protected":false},"excerpt":{"rendered":"<p>String ouvert en dentelle. Ses fins rubans \u00e9lastiqu\u00e9s\u00a0marquent le contours du pubis. \u00c0 l&#8217;int\u00e9rieur, un motif baroque est dessin\u00e9 par un crois\u00e9 de dentelle, pour un cot\u00e9 raffiner on retrouve une petit n\u0153ud satin\u00e9 noir accompagn\u00e9e de son petit cristal brillant. Le regard est dirig\u00e9 vers votre intimit\u00e9. C&#8217;est un mod\u00e8le d\u00e9licat et subtile.<\/p>\n","protected":false},"featured_media":107869,"template":"","meta":[],"pwb-brand":[2787],"product_brand":[],"product_cat":[1234,1270,1245],"product_tag":[],"giftcard-category":[],"class_list":{"0":"post-66914","1":"product","2":"type-product","3":"status-publish","4":"has-post-thumbnail","6":"pwb-brand-luxxa","7":"product_cat-string-ouvert","8":"product_cat-culottes-sexy","9":"product_cat-lingerie-sexy-femme-erotique-et-glamour","10":"pa_collection-capeline-fr","12":"first","13":"instock","14":"taxable","15":"shipping-taxable","16":"purchasable","17":"product-type-variable","18":"has-default-attributes"},"yoast_head":"<!-- This site is optimized with the Yoast SEO plugin v27.3 - https:\/\/yoast.com\/product\/yoast-seo-wordpress\/ -->\n<title>String Ouvert Capeline \u2013 LUXXA - Madame Sensuelle<\/title>\n<meta name=\"description\" content=\"String ouvert en dentelle. Ses fins rubans \u00e9lastiqu\u00e9s\u00a0marquent le contours du pubis. \u00c0 l&#039;int\u00e9rieur, un motif baroque est dessin\u00e9 par un crois\u00e9 de dentelle, pour un cot\u00e9 raffiner on retrouve une petit n\u0153ud satin\u00e9 noir accompagn\u00e9e de son petit cristal brillant. Le regard est dirig\u00e9 vers votre intimit\u00e9. C&#039;est un mod\u00e8le d\u00e9licat et subtile.\u00a0\u00a0\" \/>\n<meta name=\"robots\" content=\"index, follow, max-snippet:-1, max-image-preview:large, max-video-preview:-1\" \/>\n<link rel=\"canonical\" href=\"https:\/\/madame-sensuelle.paris\/fr\/product\/string-ouvert-capeline\/\" \/>\n<meta property=\"og:locale\" content=\"fr_FR\" \/>\n<meta property=\"og:type\" content=\"article\" \/>\n<meta property=\"og:title\" content=\"String Ouvert Capeline \u2013 LUXXA - Madame Sensuelle\" \/>\n<meta property=\"og:description\" content=\"String ouvert en dentelle. Ses fins rubans \u00e9lastiqu\u00e9s\u00a0marquent le contours du pubis. \u00c0 l&#039;int\u00e9rieur, un motif baroque est dessin\u00e9 par un crois\u00e9 de dentelle, pour un cot\u00e9 raffiner on retrouve une petit n\u0153ud satin\u00e9 noir accompagn\u00e9e de son petit cristal brillant. Le regard est dirig\u00e9 vers votre intimit\u00e9. C&#039;est un mod\u00e8le d\u00e9licat et subtile.\u00a0\u00a0\" \/>\n<meta property=\"og:url\" content=\"https:\/\/madame-sensuelle.paris\/fr\/product\/string-ouvert-capeline\/\" \/>\n<meta property=\"og:site_name\" content=\"Madame Sensuelle\" \/>\n<meta property=\"article:publisher\" content=\"https:\/\/www.facebook.com\/madamesensuelle\" \/>\n<meta property=\"article:modified_time\" content=\"2026-04-04T06:53:58+00:00\" \/>\n<meta property=\"og:image\" content=\"http:\/\/madame-sensuelle.paris\/wp-content\/uploads\/2024\/03\/ligne-capeline-string-ouvert-capeline-luxxa-lingerie-1.jpg\" \/>\n\t<meta property=\"og:image:width\" content=\"800\" \/>\n\t<meta property=\"og:image:height\" content=\"1200\" \/>\n\t<meta property=\"og:image:type\" content=\"image\/jpeg\" \/>\n<meta name=\"twitter:card\" content=\"summary_large_image\" \/>\n<meta name=\"twitter:label1\" content=\"Dur\u00e9e de lecture estim\u00e9e\" \/>\n\t<meta name=\"twitter:data1\" content=\"1 minute\" \/>\n<script type=\"application\/ld+json\" class=\"yoast-schema-graph\">{\"@context\":\"https:\\\/\\\/schema.org\",\"@graph\":[{\"@type\":\"WebPage\",\"@id\":\"https:\\\/\\\/madame-sensuelle.paris\\\/fr\\\/product\\\/string-ouvert-capeline\\\/\",\"url\":\"https:\\\/\\\/madame-sensuelle.paris\\\/fr\\\/product\\\/string-ouvert-capeline\\\/\",\"name\":\"String Ouvert Capeline \u2013 LUXXA - Madame Sensuelle\",\"isPartOf\":{\"@id\":\"https:\\\/\\\/madame-sensuelle.paris\\\/fr\\\/#website\"},\"primaryImageOfPage\":{\"@id\":\"https:\\\/\\\/madame-sensuelle.paris\\\/fr\\\/product\\\/string-ouvert-capeline\\\/#primaryimage\"},\"image\":{\"@id\":\"https:\\\/\\\/madame-sensuelle.paris\\\/fr\\\/product\\\/string-ouvert-capeline\\\/#primaryimage\"},\"thumbnailUrl\":\"https:\\\/\\\/madame-sensuelle.paris\\\/wp-content\\\/uploads\\\/2024\\\/03\\\/ligne-capeline-string-ouvert-capeline-luxxa-lingerie-1.jpg\",\"datePublished\":\"2024-03-10T12:45:46+00:00\",\"dateModified\":\"2026-04-04T06:53:58+00:00\",\"description\":\"String ouvert en dentelle. Ses fins rubans \u00e9lastiqu\u00e9s\u00a0marquent le contours du pubis. \u00c0 l'int\u00e9rieur, un motif baroque est dessin\u00e9 par un crois\u00e9 de dentelle, pour un cot\u00e9 raffiner on retrouve une petit n\u0153ud satin\u00e9 noir accompagn\u00e9e de son petit cristal brillant. Le regard est dirig\u00e9 vers votre intimit\u00e9. C'est un mod\u00e8le d\u00e9licat et subtile.\u00a0\u00a0\",\"breadcrumb\":{\"@id\":\"https:\\\/\\\/madame-sensuelle.paris\\\/fr\\\/product\\\/string-ouvert-capeline\\\/#breadcrumb\"},\"inLanguage\":\"fr-FR\",\"potentialAction\":[{\"@type\":\"ReadAction\",\"target\":[\"https:\\\/\\\/madame-sensuelle.paris\\\/fr\\\/product\\\/string-ouvert-capeline\\\/\"]}]},{\"@type\":\"ImageObject\",\"inLanguage\":\"fr-FR\",\"@id\":\"https:\\\/\\\/madame-sensuelle.paris\\\/fr\\\/product\\\/string-ouvert-capeline\\\/#primaryimage\",\"url\":\"https:\\\/\\\/madame-sensuelle.paris\\\/wp-content\\\/uploads\\\/2024\\\/03\\\/ligne-capeline-string-ouvert-capeline-luxxa-lingerie-1.jpg\",\"contentUrl\":\"https:\\\/\\\/madame-sensuelle.paris\\\/wp-content\\\/uploads\\\/2024\\\/03\\\/ligne-capeline-string-ouvert-capeline-luxxa-lingerie-1.jpg\",\"width\":800,\"height\":1200},{\"@type\":\"BreadcrumbList\",\"@id\":\"https:\\\/\\\/madame-sensuelle.paris\\\/fr\\\/product\\\/string-ouvert-capeline\\\/#breadcrumb\",\"itemListElement\":[{\"@type\":\"ListItem\",\"position\":1,\"name\":\"Acceuil\",\"item\":\"https:\\\/\\\/madame-sensuelle.paris\\\/fr\\\/\"},{\"@type\":\"ListItem\",\"position\":2,\"name\":\"Catalogue\",\"item\":\"https:\\\/\\\/madame-sensuelle.paris\\\/fr\\\/catalogue\\\/\"},{\"@type\":\"ListItem\",\"position\":3,\"name\":\"LUXXA\",\"item\":\"https:\\\/\\\/madame-sensuelle.paris\\\/fr\\\/brand\\\/luxxa\\\/\"},{\"@type\":\"ListItem\",\"position\":4,\"name\":\"String Ouvert Capeline\"}]},{\"@type\":\"WebSite\",\"@id\":\"https:\\\/\\\/madame-sensuelle.paris\\\/fr\\\/#website\",\"url\":\"https:\\\/\\\/madame-sensuelle.paris\\\/fr\\\/\",\"name\":\"MADAME SENSUELLE\",\"description\":\"MADAME SENSUELLE: Found the biggest exciting brands of chic &amp; SEXY LINGERIE in Paris Boutique and on the WEB: Aubade, Dita Von Teese, Maison Close, Marjolaine, Bluebella, Atelier Amour, Luxxa, Catanzaro, Gracija Rim. You will found the big pleasure of sexy belt or bra make for you\",\"publisher\":{\"@id\":\"https:\\\/\\\/madame-sensuelle.paris\\\/fr\\\/#organization\"},\"potentialAction\":[{\"@type\":\"SearchAction\",\"target\":{\"@type\":\"EntryPoint\",\"urlTemplate\":\"https:\\\/\\\/madame-sensuelle.paris\\\/fr\\\/?s={search_term_string}\"},\"query-input\":{\"@type\":\"PropertyValueSpecification\",\"valueRequired\":true,\"valueName\":\"search_term_string\"}}],\"inLanguage\":\"fr-FR\"},{\"@type\":\"Organization\",\"@id\":\"https:\\\/\\\/madame-sensuelle.paris\\\/fr\\\/#organization\",\"name\":\"Madame Sensuelle\",\"url\":\"https:\\\/\\\/madame-sensuelle.paris\\\/fr\\\/\",\"logo\":{\"@type\":\"ImageObject\",\"inLanguage\":\"fr-FR\",\"@id\":\"https:\\\/\\\/madame-sensuelle.paris\\\/fr\\\/#\\\/schema\\\/logo\\\/image\\\/\",\"url\":\"https:\\\/\\\/madame-sensuelle.paris\\\/wp-content\\\/uploads\\\/2024\\\/12\\\/logo_a-1-1_696.webp\",\"contentUrl\":\"https:\\\/\\\/madame-sensuelle.paris\\\/wp-content\\\/uploads\\\/2024\\\/12\\\/logo_a-1-1_696.webp\",\"width\":696,\"height\":696,\"caption\":\"Madame Sensuelle\"},\"image\":{\"@id\":\"https:\\\/\\\/madame-sensuelle.paris\\\/fr\\\/#\\\/schema\\\/logo\\\/image\\\/\"},\"sameAs\":[\"https:\\\/\\\/www.facebook.com\\\/madamesensuelle\",\"https:\\\/\\\/www.instagram.com\\\/madame_sensuelle\\\/\"]}]}<\/script>\n<!-- \/ Yoast SEO plugin. -->","yoast_head_json":{"title":"String Ouvert Capeline \u2013 LUXXA - Madame Sensuelle","description":"String ouvert en dentelle. Ses fins rubans \u00e9lastiqu\u00e9s\u00a0marquent le contours du pubis. \u00c0 l'int\u00e9rieur, un motif baroque est dessin\u00e9 par un crois\u00e9 de dentelle, pour un cot\u00e9 raffiner on retrouve une petit n\u0153ud satin\u00e9 noir accompagn\u00e9e de son petit cristal brillant. Le regard est dirig\u00e9 vers votre intimit\u00e9. C'est un mod\u00e8le d\u00e9licat et subtile.\u00a0\u00a0","robots":{"index":"index","follow":"follow","max-snippet":"max-snippet:-1","max-image-preview":"max-image-preview:large","max-video-preview":"max-video-preview:-1"},"canonical":"https:\/\/madame-sensuelle.paris\/fr\/product\/string-ouvert-capeline\/","og_locale":"fr_FR","og_type":"article","og_title":"String Ouvert Capeline \u2013 LUXXA - Madame Sensuelle","og_description":"String ouvert en dentelle. Ses fins rubans \u00e9lastiqu\u00e9s\u00a0marquent le contours du pubis. \u00c0 l'int\u00e9rieur, un motif baroque est dessin\u00e9 par un crois\u00e9 de dentelle, pour un cot\u00e9 raffiner on retrouve une petit n\u0153ud satin\u00e9 noir accompagn\u00e9e de son petit cristal brillant. Le regard est dirig\u00e9 vers votre intimit\u00e9. C'est un mod\u00e8le d\u00e9licat et subtile.\u00a0\u00a0","og_url":"https:\/\/madame-sensuelle.paris\/fr\/product\/string-ouvert-capeline\/","og_site_name":"Madame Sensuelle","article_publisher":"https:\/\/www.facebook.com\/madamesensuelle","article_modified_time":"2026-04-04T06:53:58+00:00","og_image":[{"width":800,"height":1200,"url":"http:\/\/madame-sensuelle.paris\/wp-content\/uploads\/2024\/03\/ligne-capeline-string-ouvert-capeline-luxxa-lingerie-1.jpg","type":"image\/jpeg"}],"twitter_card":"summary_large_image","twitter_misc":{"Dur\u00e9e de lecture estim\u00e9e":"1 minute"},"schema":{"@context":"https:\/\/schema.org","@graph":[{"@type":"WebPage","@id":"https:\/\/madame-sensuelle.paris\/fr\/product\/string-ouvert-capeline\/","url":"https:\/\/madame-sensuelle.paris\/fr\/product\/string-ouvert-capeline\/","name":"String Ouvert Capeline \u2013 LUXXA - Madame Sensuelle","isPartOf":{"@id":"https:\/\/madame-sensuelle.paris\/fr\/#website"},"primaryImageOfPage":{"@id":"https:\/\/madame-sensuelle.paris\/fr\/product\/string-ouvert-capeline\/#primaryimage"},"image":{"@id":"https:\/\/madame-sensuelle.paris\/fr\/product\/string-ouvert-capeline\/#primaryimage"},"thumbnailUrl":"https:\/\/madame-sensuelle.paris\/wp-content\/uploads\/2024\/03\/ligne-capeline-string-ouvert-capeline-luxxa-lingerie-1.jpg","datePublished":"2024-03-10T12:45:46+00:00","dateModified":"2026-04-04T06:53:58+00:00","description":"String ouvert en dentelle. Ses fins rubans \u00e9lastiqu\u00e9s\u00a0marquent le contours du pubis. \u00c0 l'int\u00e9rieur, un motif baroque est dessin\u00e9 par un crois\u00e9 de dentelle, pour un cot\u00e9 raffiner on retrouve une petit n\u0153ud satin\u00e9 noir accompagn\u00e9e de son petit cristal brillant. Le regard est dirig\u00e9 vers votre intimit\u00e9. C'est un mod\u00e8le d\u00e9licat et subtile.\u00a0\u00a0","breadcrumb":{"@id":"https:\/\/madame-sensuelle.paris\/fr\/product\/string-ouvert-capeline\/#breadcrumb"},"inLanguage":"fr-FR","potentialAction":[{"@type":"ReadAction","target":["https:\/\/madame-sensuelle.paris\/fr\/product\/string-ouvert-capeline\/"]}]},{"@type":"ImageObject","inLanguage":"fr-FR","@id":"https:\/\/madame-sensuelle.paris\/fr\/product\/string-ouvert-capeline\/#primaryimage","url":"https:\/\/madame-sensuelle.paris\/wp-content\/uploads\/2024\/03\/ligne-capeline-string-ouvert-capeline-luxxa-lingerie-1.jpg","contentUrl":"https:\/\/madame-sensuelle.paris\/wp-content\/uploads\/2024\/03\/ligne-capeline-string-ouvert-capeline-luxxa-lingerie-1.jpg","width":800,"height":1200},{"@type":"BreadcrumbList","@id":"https:\/\/madame-sensuelle.paris\/fr\/product\/string-ouvert-capeline\/#breadcrumb","itemListElement":[{"@type":"ListItem","position":1,"name":"Acceuil","item":"https:\/\/madame-sensuelle.paris\/fr\/"},{"@type":"ListItem","position":2,"name":"Catalogue","item":"https:\/\/madame-sensuelle.paris\/fr\/catalogue\/"},{"@type":"ListItem","position":3,"name":"LUXXA","item":"https:\/\/madame-sensuelle.paris\/fr\/brand\/luxxa\/"},{"@type":"ListItem","position":4,"name":"String Ouvert Capeline"}]},{"@type":"WebSite","@id":"https:\/\/madame-sensuelle.paris\/fr\/#website","url":"https:\/\/madame-sensuelle.paris\/fr\/","name":"MADAME SENSUELLE","description":"MADAME SENSUELLE: Found the biggest exciting brands of chic &amp; SEXY LINGERIE in Paris Boutique and on the WEB: Aubade, Dita Von Teese, Maison Close, Marjolaine, Bluebella, Atelier Amour, Luxxa, Catanzaro, Gracija Rim. You will found the big pleasure of sexy belt or bra make for you","publisher":{"@id":"https:\/\/madame-sensuelle.paris\/fr\/#organization"},"potentialAction":[{"@type":"SearchAction","target":{"@type":"EntryPoint","urlTemplate":"https:\/\/madame-sensuelle.paris\/fr\/?s={search_term_string}"},"query-input":{"@type":"PropertyValueSpecification","valueRequired":true,"valueName":"search_term_string"}}],"inLanguage":"fr-FR"},{"@type":"Organization","@id":"https:\/\/madame-sensuelle.paris\/fr\/#organization","name":"Madame Sensuelle","url":"https:\/\/madame-sensuelle.paris\/fr\/","logo":{"@type":"ImageObject","inLanguage":"fr-FR","@id":"https:\/\/madame-sensuelle.paris\/fr\/#\/schema\/logo\/image\/","url":"https:\/\/madame-sensuelle.paris\/wp-content\/uploads\/2024\/12\/logo_a-1-1_696.webp","contentUrl":"https:\/\/madame-sensuelle.paris\/wp-content\/uploads\/2024\/12\/logo_a-1-1_696.webp","width":696,"height":696,"caption":"Madame Sensuelle"},"image":{"@id":"https:\/\/madame-sensuelle.paris\/fr\/#\/schema\/logo\/image\/"},"sameAs":["https:\/\/www.facebook.com\/madamesensuelle","https:\/\/www.instagram.com\/madame_sensuelle\/"]}]}},"brands":[{"id":2787,"name":"LUXXA","slug":"luxxa"}],"_links":{"self":[{"href":"https:\/\/madame-sensuelle.paris\/fr\/wp-json\/wp\/v2\/product\/66914","targetHints":{"allow":["GET"]}}],"collection":[{"href":"https:\/\/madame-sensuelle.paris\/fr\/wp-json\/wp\/v2\/product"}],"about":[{"href":"https:\/\/madame-sensuelle.paris\/fr\/wp-json\/wp\/v2\/types\/product"}],"version-history":[{"count":1,"href":"https:\/\/madame-sensuelle.paris\/fr\/wp-json\/wp\/v2\/product\/66914\/revisions"}],"predecessor-version":[{"id":109138,"href":"https:\/\/madame-sensuelle.paris\/fr\/wp-json\/wp\/v2\/product\/66914\/revisions\/109138"}],"wp:featuredmedia":[{"embeddable":true,"href":"https:\/\/madame-sensuelle.paris\/fr\/wp-json\/wp\/v2\/media\/107869"}],"wp:attachment":[{"href":"https:\/\/madame-sensuelle.paris\/fr\/wp-json\/wp\/v2\/media?parent=66914"}],"wp:term":[{"taxonomy":"pwb-brand","embeddable":true,"href":"https:\/\/madame-sensuelle.paris\/fr\/wp-json\/wp\/v2\/pwb-brand?post=66914"},{"taxonomy":"product_brand","embeddable":true,"href":"https:\/\/madame-sensuelle.paris\/fr\/wp-json\/wp\/v2\/product_brand?post=66914"},{"taxonomy":"product_cat","embeddable":true,"href":"https:\/\/madame-sensuelle.paris\/fr\/wp-json\/wp\/v2\/product_cat?post=66914"},{"taxonomy":"product_tag","embeddable":true,"href":"https:\/\/madame-sensuelle.paris\/fr\/wp-json\/wp\/v2\/product_tag?post=66914"},{"taxonomy":"giftcard-category","embeddable":true,"href":"https:\/\/madame-sensuelle.paris\/fr\/wp-json\/wp\/v2\/giftcard-category?post=66914"}],"curies":[{"name":"wp","href":"https:\/\/api.w.org\/{rel}","templated":true}]}}