{"id":66972,"date":"2024-03-10T12:46:09","date_gmt":"2024-03-10T12:46:09","guid":{"rendered":"https:\/\/madame-sensuelle.eu\/?post_type=product&#038;p=66972"},"modified":"2026-04-04T08:08:57","modified_gmt":"2026-04-04T08:08:57","slug":"c-l-2019000049290","status":"publish","type":"product","link":"https:\/\/madame-sensuelle.paris\/fr\/product\/c-l-2019000049290\/","title":{"rendered":"Tanga en dentelle avec bijoux Borsalino"},"content":{"rendered":"<p>Laisse-toi s\u00e9duire par le tanga en dentelle Borsalino, orn\u00e9 d\u2019un bijou d\u00e9licat qui capte la lumi\u00e8re \u00e0 chaque mouvement.<\/p>\n<ul>\n<li>La dentelle noire \u00e9pouse les courbes avec sensualit\u00e9, jouant entre transparence et myst\u00e8re.<\/li>\n<li>Sa coupe \u00e9l\u00e9gante met en valeur la silhouette, tandis que le d\u00e9tail bijou apporte une touche de luxe irr\u00e9sistible.<\/li>\n<li>Une pi\u00e8ce pens\u00e9e pour \u00e9veiller le d\u00e9sir et attirer tous les regards.<\/li>\n<\/ul>\n","protected":false},"excerpt":{"rendered":"<p>Laisse-toi s\u00e9duire par le tanga en dentelle Borsalino, orn\u00e9 d\u2019un bijou d\u00e9licat qui capte la lumi\u00e8re \u00e0 chaque mouvement. La dentelle noire \u00e9pouse les courbes avec sensualit\u00e9, jouant entre transparence et myst\u00e8re. Sa coupe \u00e9l\u00e9gante met en valeur la silhouette, tandis que le d\u00e9tail bijou apporte une touche de luxe irr\u00e9sistible. Une pi\u00e8ce pens\u00e9e pour<\/p>\n","protected":false},"featured_media":84147,"template":"","meta":[],"pwb-brand":[2787],"product_brand":[],"product_cat":[1270,1245,1231],"product_tag":[],"giftcard-category":[],"class_list":{"0":"post-66972","1":"product","2":"type-product","3":"status-publish","4":"has-post-thumbnail","6":"pwb-brand-luxxa","7":"product_cat-culottes-sexy","8":"product_cat-lingerie-sexy-femme-erotique-et-glamour","9":"product_cat-string","10":"pa_collection-borsalino-fr","12":"first","13":"instock","14":"taxable","15":"shipping-taxable","16":"purchasable","17":"product-type-variable","18":"has-default-attributes"},"yoast_head":"<!-- This site is optimized with the Yoast SEO plugin v27.3 - https:\/\/yoast.com\/product\/yoast-seo-wordpress\/ -->\n<title>Tanga en dentelle avec bijoux Borsalino \u2013 LUXXA - Madame Sensuelle<\/title>\n<meta name=\"description\" content=\"Sublimez vos courbes d\u00e8s maintenant avec le tanga Borsalino en dentelle noire avec bijou raffin\u00e9 ! Essayez le d\u00e9s maintenant !!\" \/>\n<meta name=\"robots\" content=\"index, follow, max-snippet:-1, max-image-preview:large, max-video-preview:-1\" \/>\n<link rel=\"canonical\" href=\"https:\/\/madame-sensuelle.paris\/fr\/product\/c-l-2019000049290\/\" \/>\n<meta property=\"og:locale\" content=\"fr_FR\" \/>\n<meta property=\"og:type\" content=\"article\" \/>\n<meta property=\"og:title\" content=\"Tanga en dentelle avec bijoux Borsalino \u2013 LUXXA - Madame Sensuelle\" \/>\n<meta property=\"og:description\" content=\"Sublimez vos courbes d\u00e8s maintenant avec le tanga Borsalino en dentelle noire avec bijou raffin\u00e9 ! Essayez le d\u00e9s maintenant !!\" \/>\n<meta property=\"og:url\" content=\"https:\/\/madame-sensuelle.paris\/fr\/product\/c-l-2019000049290\/\" \/>\n<meta property=\"og:site_name\" content=\"Madame Sensuelle\" \/>\n<meta property=\"article:publisher\" content=\"https:\/\/www.facebook.com\/madamesensuelle\" \/>\n<meta property=\"article:modified_time\" content=\"2026-04-04T08:08:57+00:00\" \/>\n<meta property=\"og:image\" content=\"http:\/\/madame-sensuelle.paris\/wp-content\/uploads\/2024\/03\/ensemble-corps-de-guepiere-et-sg-1-2-seins-1554483418-1.jpg\" \/>\n\t<meta property=\"og:image:width\" content=\"800\" \/>\n\t<meta property=\"og:image:height\" content=\"1200\" \/>\n\t<meta property=\"og:image:type\" content=\"image\/jpeg\" \/>\n<meta name=\"twitter:card\" content=\"summary_large_image\" \/>\n<meta name=\"twitter:label1\" content=\"Dur\u00e9e de lecture estim\u00e9e\" \/>\n\t<meta name=\"twitter:data1\" content=\"1 minute\" \/>\n<script type=\"application\/ld+json\" class=\"yoast-schema-graph\">{\"@context\":\"https:\\\/\\\/schema.org\",\"@graph\":[{\"@type\":\"WebPage\",\"@id\":\"https:\\\/\\\/madame-sensuelle.paris\\\/fr\\\/product\\\/c-l-2019000049290\\\/\",\"url\":\"https:\\\/\\\/madame-sensuelle.paris\\\/fr\\\/product\\\/c-l-2019000049290\\\/\",\"name\":\"Tanga en dentelle avec bijoux Borsalino \u2013 LUXXA - Madame Sensuelle\",\"isPartOf\":{\"@id\":\"https:\\\/\\\/madame-sensuelle.paris\\\/fr\\\/#website\"},\"primaryImageOfPage\":{\"@id\":\"https:\\\/\\\/madame-sensuelle.paris\\\/fr\\\/product\\\/c-l-2019000049290\\\/#primaryimage\"},\"image\":{\"@id\":\"https:\\\/\\\/madame-sensuelle.paris\\\/fr\\\/product\\\/c-l-2019000049290\\\/#primaryimage\"},\"thumbnailUrl\":\"https:\\\/\\\/madame-sensuelle.paris\\\/wp-content\\\/uploads\\\/2024\\\/03\\\/ensemble-corps-de-guepiere-et-sg-1-2-seins-1554483418-1.jpg\",\"datePublished\":\"2024-03-10T12:46:09+00:00\",\"dateModified\":\"2026-04-04T08:08:57+00:00\",\"description\":\"Sublimez vos courbes d\u00e8s maintenant avec le tanga Borsalino en dentelle noire avec bijou raffin\u00e9 ! Essayez le d\u00e9s maintenant !!\",\"breadcrumb\":{\"@id\":\"https:\\\/\\\/madame-sensuelle.paris\\\/fr\\\/product\\\/c-l-2019000049290\\\/#breadcrumb\"},\"inLanguage\":\"fr-FR\",\"potentialAction\":[{\"@type\":\"ReadAction\",\"target\":[\"https:\\\/\\\/madame-sensuelle.paris\\\/fr\\\/product\\\/c-l-2019000049290\\\/\"]}]},{\"@type\":\"ImageObject\",\"inLanguage\":\"fr-FR\",\"@id\":\"https:\\\/\\\/madame-sensuelle.paris\\\/fr\\\/product\\\/c-l-2019000049290\\\/#primaryimage\",\"url\":\"https:\\\/\\\/madame-sensuelle.paris\\\/wp-content\\\/uploads\\\/2024\\\/03\\\/ensemble-corps-de-guepiere-et-sg-1-2-seins-1554483418-1.jpg\",\"contentUrl\":\"https:\\\/\\\/madame-sensuelle.paris\\\/wp-content\\\/uploads\\\/2024\\\/03\\\/ensemble-corps-de-guepiere-et-sg-1-2-seins-1554483418-1.jpg\",\"width\":800,\"height\":1200},{\"@type\":\"BreadcrumbList\",\"@id\":\"https:\\\/\\\/madame-sensuelle.paris\\\/fr\\\/product\\\/c-l-2019000049290\\\/#breadcrumb\",\"itemListElement\":[{\"@type\":\"ListItem\",\"position\":1,\"name\":\"Acceuil\",\"item\":\"https:\\\/\\\/madame-sensuelle.paris\\\/fr\\\/\"},{\"@type\":\"ListItem\",\"position\":2,\"name\":\"Catalogue\",\"item\":\"https:\\\/\\\/madame-sensuelle.paris\\\/fr\\\/catalogue\\\/\"},{\"@type\":\"ListItem\",\"position\":3,\"name\":\"LUXXA\",\"item\":\"https:\\\/\\\/madame-sensuelle.paris\\\/fr\\\/brand\\\/luxxa\\\/\"},{\"@type\":\"ListItem\",\"position\":4,\"name\":\"Tanga en dentelle avec bijoux Borsalino\"}]},{\"@type\":\"WebSite\",\"@id\":\"https:\\\/\\\/madame-sensuelle.paris\\\/fr\\\/#website\",\"url\":\"https:\\\/\\\/madame-sensuelle.paris\\\/fr\\\/\",\"name\":\"MADAME SENSUELLE\",\"description\":\"MADAME SENSUELLE: Found the biggest exciting brands of chic &amp; SEXY LINGERIE in Paris Boutique and on the WEB: Aubade, Dita Von Teese, Maison Close, Marjolaine, Bluebella, Atelier Amour, Luxxa, Catanzaro, Gracija Rim. You will found the big pleasure of sexy belt or bra make for you\",\"publisher\":{\"@id\":\"https:\\\/\\\/madame-sensuelle.paris\\\/fr\\\/#organization\"},\"potentialAction\":[{\"@type\":\"SearchAction\",\"target\":{\"@type\":\"EntryPoint\",\"urlTemplate\":\"https:\\\/\\\/madame-sensuelle.paris\\\/fr\\\/?s={search_term_string}\"},\"query-input\":{\"@type\":\"PropertyValueSpecification\",\"valueRequired\":true,\"valueName\":\"search_term_string\"}}],\"inLanguage\":\"fr-FR\"},{\"@type\":\"Organization\",\"@id\":\"https:\\\/\\\/madame-sensuelle.paris\\\/fr\\\/#organization\",\"name\":\"Madame Sensuelle\",\"url\":\"https:\\\/\\\/madame-sensuelle.paris\\\/fr\\\/\",\"logo\":{\"@type\":\"ImageObject\",\"inLanguage\":\"fr-FR\",\"@id\":\"https:\\\/\\\/madame-sensuelle.paris\\\/fr\\\/#\\\/schema\\\/logo\\\/image\\\/\",\"url\":\"https:\\\/\\\/madame-sensuelle.paris\\\/wp-content\\\/uploads\\\/2024\\\/12\\\/logo_a-1-1_696.webp\",\"contentUrl\":\"https:\\\/\\\/madame-sensuelle.paris\\\/wp-content\\\/uploads\\\/2024\\\/12\\\/logo_a-1-1_696.webp\",\"width\":696,\"height\":696,\"caption\":\"Madame Sensuelle\"},\"image\":{\"@id\":\"https:\\\/\\\/madame-sensuelle.paris\\\/fr\\\/#\\\/schema\\\/logo\\\/image\\\/\"},\"sameAs\":[\"https:\\\/\\\/www.facebook.com\\\/madamesensuelle\",\"https:\\\/\\\/www.instagram.com\\\/madame_sensuelle\\\/\"]}]}<\/script>\n<!-- \/ Yoast SEO plugin. -->","yoast_head_json":{"title":"Tanga en dentelle avec bijoux Borsalino \u2013 LUXXA - Madame Sensuelle","description":"Sublimez vos courbes d\u00e8s maintenant avec le tanga Borsalino en dentelle noire avec bijou raffin\u00e9 ! Essayez le d\u00e9s maintenant !!","robots":{"index":"index","follow":"follow","max-snippet":"max-snippet:-1","max-image-preview":"max-image-preview:large","max-video-preview":"max-video-preview:-1"},"canonical":"https:\/\/madame-sensuelle.paris\/fr\/product\/c-l-2019000049290\/","og_locale":"fr_FR","og_type":"article","og_title":"Tanga en dentelle avec bijoux Borsalino \u2013 LUXXA - Madame Sensuelle","og_description":"Sublimez vos courbes d\u00e8s maintenant avec le tanga Borsalino en dentelle noire avec bijou raffin\u00e9 ! Essayez le d\u00e9s maintenant !!","og_url":"https:\/\/madame-sensuelle.paris\/fr\/product\/c-l-2019000049290\/","og_site_name":"Madame Sensuelle","article_publisher":"https:\/\/www.facebook.com\/madamesensuelle","article_modified_time":"2026-04-04T08:08:57+00:00","og_image":[{"width":800,"height":1200,"url":"http:\/\/madame-sensuelle.paris\/wp-content\/uploads\/2024\/03\/ensemble-corps-de-guepiere-et-sg-1-2-seins-1554483418-1.jpg","type":"image\/jpeg"}],"twitter_card":"summary_large_image","twitter_misc":{"Dur\u00e9e de lecture estim\u00e9e":"1 minute"},"schema":{"@context":"https:\/\/schema.org","@graph":[{"@type":"WebPage","@id":"https:\/\/madame-sensuelle.paris\/fr\/product\/c-l-2019000049290\/","url":"https:\/\/madame-sensuelle.paris\/fr\/product\/c-l-2019000049290\/","name":"Tanga en dentelle avec bijoux Borsalino \u2013 LUXXA - Madame Sensuelle","isPartOf":{"@id":"https:\/\/madame-sensuelle.paris\/fr\/#website"},"primaryImageOfPage":{"@id":"https:\/\/madame-sensuelle.paris\/fr\/product\/c-l-2019000049290\/#primaryimage"},"image":{"@id":"https:\/\/madame-sensuelle.paris\/fr\/product\/c-l-2019000049290\/#primaryimage"},"thumbnailUrl":"https:\/\/madame-sensuelle.paris\/wp-content\/uploads\/2024\/03\/ensemble-corps-de-guepiere-et-sg-1-2-seins-1554483418-1.jpg","datePublished":"2024-03-10T12:46:09+00:00","dateModified":"2026-04-04T08:08:57+00:00","description":"Sublimez vos courbes d\u00e8s maintenant avec le tanga Borsalino en dentelle noire avec bijou raffin\u00e9 ! Essayez le d\u00e9s maintenant !!","breadcrumb":{"@id":"https:\/\/madame-sensuelle.paris\/fr\/product\/c-l-2019000049290\/#breadcrumb"},"inLanguage":"fr-FR","potentialAction":[{"@type":"ReadAction","target":["https:\/\/madame-sensuelle.paris\/fr\/product\/c-l-2019000049290\/"]}]},{"@type":"ImageObject","inLanguage":"fr-FR","@id":"https:\/\/madame-sensuelle.paris\/fr\/product\/c-l-2019000049290\/#primaryimage","url":"https:\/\/madame-sensuelle.paris\/wp-content\/uploads\/2024\/03\/ensemble-corps-de-guepiere-et-sg-1-2-seins-1554483418-1.jpg","contentUrl":"https:\/\/madame-sensuelle.paris\/wp-content\/uploads\/2024\/03\/ensemble-corps-de-guepiere-et-sg-1-2-seins-1554483418-1.jpg","width":800,"height":1200},{"@type":"BreadcrumbList","@id":"https:\/\/madame-sensuelle.paris\/fr\/product\/c-l-2019000049290\/#breadcrumb","itemListElement":[{"@type":"ListItem","position":1,"name":"Acceuil","item":"https:\/\/madame-sensuelle.paris\/fr\/"},{"@type":"ListItem","position":2,"name":"Catalogue","item":"https:\/\/madame-sensuelle.paris\/fr\/catalogue\/"},{"@type":"ListItem","position":3,"name":"LUXXA","item":"https:\/\/madame-sensuelle.paris\/fr\/brand\/luxxa\/"},{"@type":"ListItem","position":4,"name":"Tanga en dentelle avec bijoux Borsalino"}]},{"@type":"WebSite","@id":"https:\/\/madame-sensuelle.paris\/fr\/#website","url":"https:\/\/madame-sensuelle.paris\/fr\/","name":"MADAME SENSUELLE","description":"MADAME SENSUELLE: Found the biggest exciting brands of chic &amp; SEXY LINGERIE in Paris Boutique and on the WEB: Aubade, Dita Von Teese, Maison Close, Marjolaine, Bluebella, Atelier Amour, Luxxa, Catanzaro, Gracija Rim. You will found the big pleasure of sexy belt or bra make for you","publisher":{"@id":"https:\/\/madame-sensuelle.paris\/fr\/#organization"},"potentialAction":[{"@type":"SearchAction","target":{"@type":"EntryPoint","urlTemplate":"https:\/\/madame-sensuelle.paris\/fr\/?s={search_term_string}"},"query-input":{"@type":"PropertyValueSpecification","valueRequired":true,"valueName":"search_term_string"}}],"inLanguage":"fr-FR"},{"@type":"Organization","@id":"https:\/\/madame-sensuelle.paris\/fr\/#organization","name":"Madame Sensuelle","url":"https:\/\/madame-sensuelle.paris\/fr\/","logo":{"@type":"ImageObject","inLanguage":"fr-FR","@id":"https:\/\/madame-sensuelle.paris\/fr\/#\/schema\/logo\/image\/","url":"https:\/\/madame-sensuelle.paris\/wp-content\/uploads\/2024\/12\/logo_a-1-1_696.webp","contentUrl":"https:\/\/madame-sensuelle.paris\/wp-content\/uploads\/2024\/12\/logo_a-1-1_696.webp","width":696,"height":696,"caption":"Madame Sensuelle"},"image":{"@id":"https:\/\/madame-sensuelle.paris\/fr\/#\/schema\/logo\/image\/"},"sameAs":["https:\/\/www.facebook.com\/madamesensuelle","https:\/\/www.instagram.com\/madame_sensuelle\/"]}]}},"brands":[{"id":2787,"name":"LUXXA","slug":"luxxa"}],"_links":{"self":[{"href":"https:\/\/madame-sensuelle.paris\/fr\/wp-json\/wp\/v2\/product\/66972","targetHints":{"allow":["GET"]}}],"collection":[{"href":"https:\/\/madame-sensuelle.paris\/fr\/wp-json\/wp\/v2\/product"}],"about":[{"href":"https:\/\/madame-sensuelle.paris\/fr\/wp-json\/wp\/v2\/types\/product"}],"version-history":[{"count":1,"href":"https:\/\/madame-sensuelle.paris\/fr\/wp-json\/wp\/v2\/product\/66972\/revisions"}],"predecessor-version":[{"id":122556,"href":"https:\/\/madame-sensuelle.paris\/fr\/wp-json\/wp\/v2\/product\/66972\/revisions\/122556"}],"wp:featuredmedia":[{"embeddable":true,"href":"https:\/\/madame-sensuelle.paris\/fr\/wp-json\/wp\/v2\/media\/84147"}],"wp:attachment":[{"href":"https:\/\/madame-sensuelle.paris\/fr\/wp-json\/wp\/v2\/media?parent=66972"}],"wp:term":[{"taxonomy":"pwb-brand","embeddable":true,"href":"https:\/\/madame-sensuelle.paris\/fr\/wp-json\/wp\/v2\/pwb-brand?post=66972"},{"taxonomy":"product_brand","embeddable":true,"href":"https:\/\/madame-sensuelle.paris\/fr\/wp-json\/wp\/v2\/product_brand?post=66972"},{"taxonomy":"product_cat","embeddable":true,"href":"https:\/\/madame-sensuelle.paris\/fr\/wp-json\/wp\/v2\/product_cat?post=66972"},{"taxonomy":"product_tag","embeddable":true,"href":"https:\/\/madame-sensuelle.paris\/fr\/wp-json\/wp\/v2\/product_tag?post=66972"},{"taxonomy":"giftcard-category","embeddable":true,"href":"https:\/\/madame-sensuelle.paris\/fr\/wp-json\/wp\/v2\/giftcard-category?post=66972"}],"curies":[{"name":"wp","href":"https:\/\/api.w.org\/{rel}","templated":true}]}}