{"id":67006,"date":"2024-03-10T12:46:09","date_gmt":"2024-03-10T12:46:09","guid":{"rendered":"https:\/\/madame-sensuelle.eu\/?post_type=product&#038;p=67006"},"modified":"2026-04-04T09:00:04","modified_gmt":"2026-04-04T09:00:04","slug":"c-b-2019000043092","status":"publish","type":"product","link":"https:\/\/madame-sensuelle.paris\/fr\/product\/c-b-2019000043092\/","title":{"rendered":"Tanga ouvert en dentelle avec perles single Sydney &#8211; noir"},"content":{"rendered":"<p>Tanga ouvert en dentelle d\u00e9licate Italienne et des d\u00e9tails en lurex dor\u00e9. Ce v\u00eatement est le premier \u00e0 allier lingerie et joaillerie, sensualit\u00e9 et volupt\u00e9. Gr\u00e2ce \u00e0 ce mod\u00e8le, BRACLI r\u00e9ussit \u00e0 stimuler les zones les plus sensibles de la femme gr\u00e2ce \u00e0 un collier bien positionn\u00e9 : les perles, plac\u00e9es tout au long de la partie inf\u00e9rieure du string, apportent une touche d&#8217;\u00e9l\u00e9gance et de distinction qui vous plaira, car elles ont pour fonction de masser l\u00e9g\u00e8rement la r\u00e9gion g\u00e9nitale f\u00e9minine.<\/p>\n","protected":false},"excerpt":{"rendered":"<p>Tanga ouvert en dentelle d\u00e9licate Italienne et des d\u00e9tails en lurex dor\u00e9. Ce v\u00eatement est le premier \u00e0 allier lingerie et joaillerie, sensualit\u00e9 et volupt\u00e9. Gr\u00e2ce \u00e0 ce mod\u00e8le, BRACLI r\u00e9ussit \u00e0 stimuler les zones les plus sensibles de la femme gr\u00e2ce \u00e0 un collier bien positionn\u00e9 : les perles, plac\u00e9es tout au long de<\/p>\n","protected":false},"featured_media":83989,"template":"","meta":[],"pwb-brand":[2786],"product_brand":[],"product_cat":[1234,1270,1245],"product_tag":[],"giftcard-category":[],"class_list":{"0":"post-67006","1":"product","2":"type-product","3":"status-publish","4":"has-post-thumbnail","6":"pwb-brand-bracli","7":"product_cat-string-ouvert","8":"product_cat-culottes-sexy","9":"product_cat-lingerie-sexy-femme-erotique-et-glamour","10":"pa_collection-sydney-fr","12":"first","13":"outofstock","14":"taxable","15":"shipping-taxable","16":"purchasable","17":"product-type-variable","18":"has-default-attributes"},"yoast_head":"<!-- This site is optimized with the Yoast SEO plugin v27.3 - https:\/\/yoast.com\/product\/yoast-seo-wordpress\/ -->\n<title>Tanga ouvert en dentelle avec perles single Sydney - noir \u2013 BRACLI - Madame Sensuelle<\/title>\n<meta name=\"description\" content=\"Tanga ouvert en dentelle d\u00e9licate Italienne et des d\u00e9tails en lurex dor\u00e9. Ce v\u00eatement est le premier \u00e0 allier lingerie et joaillerie, sensualit\u00e9 et volupt\u00e9. Gr\u00e2ce \u00e0 ce mod\u00e8le, BRACLI r\u00e9ussit \u00e0 stimuler les zones les plus sensibles de la femme gr\u00e2ce \u00e0 un collier bien positionn\u00e9 : les perles, plac\u00e9es tout au long de la partie inf\u00e9rieure du string, apportent une touche d&#039;\u00e9l\u00e9gance et de distinction qui vous plaira, car elles ont pour fonction de masser l\u00e9g\u00e8rement la r\u00e9gion g\u00e9nitale f\u00e9minine.\u00a0\" \/>\n<meta name=\"robots\" content=\"index, follow, max-snippet:-1, max-image-preview:large, max-video-preview:-1\" \/>\n<link rel=\"canonical\" href=\"https:\/\/madame-sensuelle.paris\/fr\/product\/c-b-2019000043092\/\" \/>\n<meta property=\"og:locale\" content=\"fr_FR\" \/>\n<meta property=\"og:type\" content=\"article\" \/>\n<meta property=\"og:title\" content=\"Tanga ouvert en dentelle avec perles single Sydney - noir \u2013 BRACLI - Madame Sensuelle\" \/>\n<meta property=\"og:description\" content=\"Tanga ouvert en dentelle d\u00e9licate Italienne et des d\u00e9tails en lurex dor\u00e9. Ce v\u00eatement est le premier \u00e0 allier lingerie et joaillerie, sensualit\u00e9 et volupt\u00e9. Gr\u00e2ce \u00e0 ce mod\u00e8le, BRACLI r\u00e9ussit \u00e0 stimuler les zones les plus sensibles de la femme gr\u00e2ce \u00e0 un collier bien positionn\u00e9 : les perles, plac\u00e9es tout au long de la partie inf\u00e9rieure du string, apportent une touche d&#039;\u00e9l\u00e9gance et de distinction qui vous plaira, car elles ont pour fonction de masser l\u00e9g\u00e8rement la r\u00e9gion g\u00e9nitale f\u00e9minine.\u00a0\" \/>\n<meta property=\"og:url\" content=\"https:\/\/madame-sensuelle.paris\/fr\/product\/c-b-2019000043092\/\" \/>\n<meta property=\"og:site_name\" content=\"Madame Sensuelle\" \/>\n<meta property=\"article:publisher\" content=\"https:\/\/www.facebook.com\/madamesensuelle\" \/>\n<meta property=\"article:modified_time\" content=\"2026-04-04T09:00:04+00:00\" \/>\n<meta property=\"og:image\" content=\"http:\/\/madame-sensuelle.paris\/wp-content\/uploads\/2024\/03\/sydney-single-and-bra-black-5_600x.jpg\" \/>\n\t<meta property=\"og:image:width\" content=\"600\" \/>\n\t<meta property=\"og:image:height\" content=\"900\" \/>\n\t<meta property=\"og:image:type\" content=\"image\/jpeg\" \/>\n<meta name=\"twitter:card\" content=\"summary_large_image\" \/>\n<meta name=\"twitter:label1\" content=\"Dur\u00e9e de lecture estim\u00e9e\" \/>\n\t<meta name=\"twitter:data1\" content=\"3 minutes\" \/>\n<script type=\"application\/ld+json\" class=\"yoast-schema-graph\">{\"@context\":\"https:\\\/\\\/schema.org\",\"@graph\":[{\"@type\":\"WebPage\",\"@id\":\"https:\\\/\\\/madame-sensuelle.paris\\\/fr\\\/product\\\/c-b-2019000043092\\\/\",\"url\":\"https:\\\/\\\/madame-sensuelle.paris\\\/fr\\\/product\\\/c-b-2019000043092\\\/\",\"name\":\"Tanga ouvert en dentelle avec perles single Sydney - noir \u2013 BRACLI - Madame Sensuelle\",\"isPartOf\":{\"@id\":\"https:\\\/\\\/madame-sensuelle.paris\\\/fr\\\/#website\"},\"primaryImageOfPage\":{\"@id\":\"https:\\\/\\\/madame-sensuelle.paris\\\/fr\\\/product\\\/c-b-2019000043092\\\/#primaryimage\"},\"image\":{\"@id\":\"https:\\\/\\\/madame-sensuelle.paris\\\/fr\\\/product\\\/c-b-2019000043092\\\/#primaryimage\"},\"thumbnailUrl\":\"https:\\\/\\\/madame-sensuelle.paris\\\/wp-content\\\/uploads\\\/2024\\\/03\\\/sydney-single-and-bra-black-5_600x.jpg\",\"datePublished\":\"2024-03-10T12:46:09+00:00\",\"dateModified\":\"2026-04-04T09:00:04+00:00\",\"description\":\"Tanga ouvert en dentelle d\u00e9licate Italienne et des d\u00e9tails en lurex dor\u00e9. Ce v\u00eatement est le premier \u00e0 allier lingerie et joaillerie, sensualit\u00e9 et volupt\u00e9. Gr\u00e2ce \u00e0 ce mod\u00e8le, BRACLI r\u00e9ussit \u00e0 stimuler les zones les plus sensibles de la femme gr\u00e2ce \u00e0 un collier bien positionn\u00e9 : les perles, plac\u00e9es tout au long de la partie inf\u00e9rieure du string, apportent une touche d'\u00e9l\u00e9gance et de distinction qui vous plaira, car elles ont pour fonction de masser l\u00e9g\u00e8rement la r\u00e9gion g\u00e9nitale f\u00e9minine.\u00a0\",\"breadcrumb\":{\"@id\":\"https:\\\/\\\/madame-sensuelle.paris\\\/fr\\\/product\\\/c-b-2019000043092\\\/#breadcrumb\"},\"inLanguage\":\"fr-FR\",\"potentialAction\":[{\"@type\":\"ReadAction\",\"target\":[\"https:\\\/\\\/madame-sensuelle.paris\\\/fr\\\/product\\\/c-b-2019000043092\\\/\"]}]},{\"@type\":\"ImageObject\",\"inLanguage\":\"fr-FR\",\"@id\":\"https:\\\/\\\/madame-sensuelle.paris\\\/fr\\\/product\\\/c-b-2019000043092\\\/#primaryimage\",\"url\":\"https:\\\/\\\/madame-sensuelle.paris\\\/wp-content\\\/uploads\\\/2024\\\/03\\\/sydney-single-and-bra-black-5_600x.jpg\",\"contentUrl\":\"https:\\\/\\\/madame-sensuelle.paris\\\/wp-content\\\/uploads\\\/2024\\\/03\\\/sydney-single-and-bra-black-5_600x.jpg\",\"width\":600,\"height\":900},{\"@type\":\"BreadcrumbList\",\"@id\":\"https:\\\/\\\/madame-sensuelle.paris\\\/fr\\\/product\\\/c-b-2019000043092\\\/#breadcrumb\",\"itemListElement\":[{\"@type\":\"ListItem\",\"position\":1,\"name\":\"Acceuil\",\"item\":\"https:\\\/\\\/madame-sensuelle.paris\\\/fr\\\/\"},{\"@type\":\"ListItem\",\"position\":2,\"name\":\"Catalogue\",\"item\":\"https:\\\/\\\/madame-sensuelle.paris\\\/fr\\\/catalogue\\\/\"},{\"@type\":\"ListItem\",\"position\":3,\"name\":\"BRACLI\",\"item\":\"https:\\\/\\\/madame-sensuelle.paris\\\/fr\\\/brand\\\/bracli\\\/\"},{\"@type\":\"ListItem\",\"position\":4,\"name\":\"Tanga ouvert en dentelle avec perles single Sydney &#8211; noir\"}]},{\"@type\":\"WebSite\",\"@id\":\"https:\\\/\\\/madame-sensuelle.paris\\\/fr\\\/#website\",\"url\":\"https:\\\/\\\/madame-sensuelle.paris\\\/fr\\\/\",\"name\":\"MADAME SENSUELLE\",\"description\":\"MADAME SENSUELLE: Found the biggest exciting brands of chic &amp; SEXY LINGERIE in Paris Boutique and on the WEB: Aubade, Dita Von Teese, Maison Close, Marjolaine, Bluebella, Atelier Amour, Luxxa, Catanzaro, Gracija Rim. You will found the big pleasure of sexy belt or bra make for you\",\"publisher\":{\"@id\":\"https:\\\/\\\/madame-sensuelle.paris\\\/fr\\\/#organization\"},\"potentialAction\":[{\"@type\":\"SearchAction\",\"target\":{\"@type\":\"EntryPoint\",\"urlTemplate\":\"https:\\\/\\\/madame-sensuelle.paris\\\/fr\\\/?s={search_term_string}\"},\"query-input\":{\"@type\":\"PropertyValueSpecification\",\"valueRequired\":true,\"valueName\":\"search_term_string\"}}],\"inLanguage\":\"fr-FR\"},{\"@type\":\"Organization\",\"@id\":\"https:\\\/\\\/madame-sensuelle.paris\\\/fr\\\/#organization\",\"name\":\"Madame Sensuelle\",\"url\":\"https:\\\/\\\/madame-sensuelle.paris\\\/fr\\\/\",\"logo\":{\"@type\":\"ImageObject\",\"inLanguage\":\"fr-FR\",\"@id\":\"https:\\\/\\\/madame-sensuelle.paris\\\/fr\\\/#\\\/schema\\\/logo\\\/image\\\/\",\"url\":\"https:\\\/\\\/madame-sensuelle.paris\\\/wp-content\\\/uploads\\\/2024\\\/12\\\/logo_a-1-1_696.webp\",\"contentUrl\":\"https:\\\/\\\/madame-sensuelle.paris\\\/wp-content\\\/uploads\\\/2024\\\/12\\\/logo_a-1-1_696.webp\",\"width\":696,\"height\":696,\"caption\":\"Madame Sensuelle\"},\"image\":{\"@id\":\"https:\\\/\\\/madame-sensuelle.paris\\\/fr\\\/#\\\/schema\\\/logo\\\/image\\\/\"},\"sameAs\":[\"https:\\\/\\\/www.facebook.com\\\/madamesensuelle\",\"https:\\\/\\\/www.instagram.com\\\/madame_sensuelle\\\/\"]}]}<\/script>\n<!-- \/ Yoast SEO plugin. -->","yoast_head_json":{"title":"Tanga ouvert en dentelle avec perles single Sydney - noir \u2013 BRACLI - Madame Sensuelle","description":"Tanga ouvert en dentelle d\u00e9licate Italienne et des d\u00e9tails en lurex dor\u00e9. Ce v\u00eatement est le premier \u00e0 allier lingerie et joaillerie, sensualit\u00e9 et volupt\u00e9. Gr\u00e2ce \u00e0 ce mod\u00e8le, BRACLI r\u00e9ussit \u00e0 stimuler les zones les plus sensibles de la femme gr\u00e2ce \u00e0 un collier bien positionn\u00e9 : les perles, plac\u00e9es tout au long de la partie inf\u00e9rieure du string, apportent une touche d'\u00e9l\u00e9gance et de distinction qui vous plaira, car elles ont pour fonction de masser l\u00e9g\u00e8rement la r\u00e9gion g\u00e9nitale f\u00e9minine.\u00a0","robots":{"index":"index","follow":"follow","max-snippet":"max-snippet:-1","max-image-preview":"max-image-preview:large","max-video-preview":"max-video-preview:-1"},"canonical":"https:\/\/madame-sensuelle.paris\/fr\/product\/c-b-2019000043092\/","og_locale":"fr_FR","og_type":"article","og_title":"Tanga ouvert en dentelle avec perles single Sydney - noir \u2013 BRACLI - Madame Sensuelle","og_description":"Tanga ouvert en dentelle d\u00e9licate Italienne et des d\u00e9tails en lurex dor\u00e9. Ce v\u00eatement est le premier \u00e0 allier lingerie et joaillerie, sensualit\u00e9 et volupt\u00e9. Gr\u00e2ce \u00e0 ce mod\u00e8le, BRACLI r\u00e9ussit \u00e0 stimuler les zones les plus sensibles de la femme gr\u00e2ce \u00e0 un collier bien positionn\u00e9 : les perles, plac\u00e9es tout au long de la partie inf\u00e9rieure du string, apportent une touche d'\u00e9l\u00e9gance et de distinction qui vous plaira, car elles ont pour fonction de masser l\u00e9g\u00e8rement la r\u00e9gion g\u00e9nitale f\u00e9minine.\u00a0","og_url":"https:\/\/madame-sensuelle.paris\/fr\/product\/c-b-2019000043092\/","og_site_name":"Madame Sensuelle","article_publisher":"https:\/\/www.facebook.com\/madamesensuelle","article_modified_time":"2026-04-04T09:00:04+00:00","og_image":[{"width":600,"height":900,"url":"http:\/\/madame-sensuelle.paris\/wp-content\/uploads\/2024\/03\/sydney-single-and-bra-black-5_600x.jpg","type":"image\/jpeg"}],"twitter_card":"summary_large_image","twitter_misc":{"Dur\u00e9e de lecture estim\u00e9e":"3 minutes"},"schema":{"@context":"https:\/\/schema.org","@graph":[{"@type":"WebPage","@id":"https:\/\/madame-sensuelle.paris\/fr\/product\/c-b-2019000043092\/","url":"https:\/\/madame-sensuelle.paris\/fr\/product\/c-b-2019000043092\/","name":"Tanga ouvert en dentelle avec perles single Sydney - noir \u2013 BRACLI - Madame Sensuelle","isPartOf":{"@id":"https:\/\/madame-sensuelle.paris\/fr\/#website"},"primaryImageOfPage":{"@id":"https:\/\/madame-sensuelle.paris\/fr\/product\/c-b-2019000043092\/#primaryimage"},"image":{"@id":"https:\/\/madame-sensuelle.paris\/fr\/product\/c-b-2019000043092\/#primaryimage"},"thumbnailUrl":"https:\/\/madame-sensuelle.paris\/wp-content\/uploads\/2024\/03\/sydney-single-and-bra-black-5_600x.jpg","datePublished":"2024-03-10T12:46:09+00:00","dateModified":"2026-04-04T09:00:04+00:00","description":"Tanga ouvert en dentelle d\u00e9licate Italienne et des d\u00e9tails en lurex dor\u00e9. Ce v\u00eatement est le premier \u00e0 allier lingerie et joaillerie, sensualit\u00e9 et volupt\u00e9. Gr\u00e2ce \u00e0 ce mod\u00e8le, BRACLI r\u00e9ussit \u00e0 stimuler les zones les plus sensibles de la femme gr\u00e2ce \u00e0 un collier bien positionn\u00e9 : les perles, plac\u00e9es tout au long de la partie inf\u00e9rieure du string, apportent une touche d'\u00e9l\u00e9gance et de distinction qui vous plaira, car elles ont pour fonction de masser l\u00e9g\u00e8rement la r\u00e9gion g\u00e9nitale f\u00e9minine.\u00a0","breadcrumb":{"@id":"https:\/\/madame-sensuelle.paris\/fr\/product\/c-b-2019000043092\/#breadcrumb"},"inLanguage":"fr-FR","potentialAction":[{"@type":"ReadAction","target":["https:\/\/madame-sensuelle.paris\/fr\/product\/c-b-2019000043092\/"]}]},{"@type":"ImageObject","inLanguage":"fr-FR","@id":"https:\/\/madame-sensuelle.paris\/fr\/product\/c-b-2019000043092\/#primaryimage","url":"https:\/\/madame-sensuelle.paris\/wp-content\/uploads\/2024\/03\/sydney-single-and-bra-black-5_600x.jpg","contentUrl":"https:\/\/madame-sensuelle.paris\/wp-content\/uploads\/2024\/03\/sydney-single-and-bra-black-5_600x.jpg","width":600,"height":900},{"@type":"BreadcrumbList","@id":"https:\/\/madame-sensuelle.paris\/fr\/product\/c-b-2019000043092\/#breadcrumb","itemListElement":[{"@type":"ListItem","position":1,"name":"Acceuil","item":"https:\/\/madame-sensuelle.paris\/fr\/"},{"@type":"ListItem","position":2,"name":"Catalogue","item":"https:\/\/madame-sensuelle.paris\/fr\/catalogue\/"},{"@type":"ListItem","position":3,"name":"BRACLI","item":"https:\/\/madame-sensuelle.paris\/fr\/brand\/bracli\/"},{"@type":"ListItem","position":4,"name":"Tanga ouvert en dentelle avec perles single Sydney &#8211; noir"}]},{"@type":"WebSite","@id":"https:\/\/madame-sensuelle.paris\/fr\/#website","url":"https:\/\/madame-sensuelle.paris\/fr\/","name":"MADAME SENSUELLE","description":"MADAME SENSUELLE: Found the biggest exciting brands of chic &amp; SEXY LINGERIE in Paris Boutique and on the WEB: Aubade, Dita Von Teese, Maison Close, Marjolaine, Bluebella, Atelier Amour, Luxxa, Catanzaro, Gracija Rim. You will found the big pleasure of sexy belt or bra make for you","publisher":{"@id":"https:\/\/madame-sensuelle.paris\/fr\/#organization"},"potentialAction":[{"@type":"SearchAction","target":{"@type":"EntryPoint","urlTemplate":"https:\/\/madame-sensuelle.paris\/fr\/?s={search_term_string}"},"query-input":{"@type":"PropertyValueSpecification","valueRequired":true,"valueName":"search_term_string"}}],"inLanguage":"fr-FR"},{"@type":"Organization","@id":"https:\/\/madame-sensuelle.paris\/fr\/#organization","name":"Madame Sensuelle","url":"https:\/\/madame-sensuelle.paris\/fr\/","logo":{"@type":"ImageObject","inLanguage":"fr-FR","@id":"https:\/\/madame-sensuelle.paris\/fr\/#\/schema\/logo\/image\/","url":"https:\/\/madame-sensuelle.paris\/wp-content\/uploads\/2024\/12\/logo_a-1-1_696.webp","contentUrl":"https:\/\/madame-sensuelle.paris\/wp-content\/uploads\/2024\/12\/logo_a-1-1_696.webp","width":696,"height":696,"caption":"Madame Sensuelle"},"image":{"@id":"https:\/\/madame-sensuelle.paris\/fr\/#\/schema\/logo\/image\/"},"sameAs":["https:\/\/www.facebook.com\/madamesensuelle","https:\/\/www.instagram.com\/madame_sensuelle\/"]}]}},"brands":[{"id":2786,"name":"BRACLI","slug":"bracli"}],"_links":{"self":[{"href":"https:\/\/madame-sensuelle.paris\/fr\/wp-json\/wp\/v2\/product\/67006","targetHints":{"allow":["GET"]}}],"collection":[{"href":"https:\/\/madame-sensuelle.paris\/fr\/wp-json\/wp\/v2\/product"}],"about":[{"href":"https:\/\/madame-sensuelle.paris\/fr\/wp-json\/wp\/v2\/types\/product"}],"version-history":[{"count":1,"href":"https:\/\/madame-sensuelle.paris\/fr\/wp-json\/wp\/v2\/product\/67006\/revisions"}],"predecessor-version":[{"id":108328,"href":"https:\/\/madame-sensuelle.paris\/fr\/wp-json\/wp\/v2\/product\/67006\/revisions\/108328"}],"wp:featuredmedia":[{"embeddable":true,"href":"https:\/\/madame-sensuelle.paris\/fr\/wp-json\/wp\/v2\/media\/83989"}],"wp:attachment":[{"href":"https:\/\/madame-sensuelle.paris\/fr\/wp-json\/wp\/v2\/media?parent=67006"}],"wp:term":[{"taxonomy":"pwb-brand","embeddable":true,"href":"https:\/\/madame-sensuelle.paris\/fr\/wp-json\/wp\/v2\/pwb-brand?post=67006"},{"taxonomy":"product_brand","embeddable":true,"href":"https:\/\/madame-sensuelle.paris\/fr\/wp-json\/wp\/v2\/product_brand?post=67006"},{"taxonomy":"product_cat","embeddable":true,"href":"https:\/\/madame-sensuelle.paris\/fr\/wp-json\/wp\/v2\/product_cat?post=67006"},{"taxonomy":"product_tag","embeddable":true,"href":"https:\/\/madame-sensuelle.paris\/fr\/wp-json\/wp\/v2\/product_tag?post=67006"},{"taxonomy":"giftcard-category","embeddable":true,"href":"https:\/\/madame-sensuelle.paris\/fr\/wp-json\/wp\/v2\/giftcard-category?post=67006"}],"curies":[{"name":"wp","href":"https:\/\/api.w.org\/{rel}","templated":true}]}}